{"id":75908,"date":"2024-03-09T12:26:56","date_gmt":"2024-03-09T11:26:56","guid":{"rendered":"https:\/\/coelectrix.com\/producto\/barra-de-leds-12v-para-teto-em-perfil-de-aluminio-com-difusor-4000k-50cm"},"modified":"2025-08-19T06:00:45","modified_gmt":"2025-08-19T04:00:45","slug":"barra-de-leds-12v-para-teto-em-perfil-de-aluminio-com-difusor-4000k-50cm","status":"publish","type":"product","link":"https:\/\/coelectrix.com\/pt-pt\/produto\/led-bar-12v-ceiling-ceiling-bar-in-aluminium-profile-with-diffuser-50cm","title":{"rendered":"Barra de leds 12v. para teto em perfil de alum\u00ednio com difusor | 4000k | 50cm."},"content":{"rendered":"<h2><strong>Barra de teto LED 12v. em perfil de alum\u00ednio com difusor<\/strong><\/h2>\n<p>Fita LED Cob de alta luminosidade montada em perfil de alum\u00ednio com difusor opaco.<\/p>\n<p><img decoding=\"async\" class=\"alignnone wp-image-58606\" src=\"https:\/\/coelectrix.com\/wp-content\/uploads\/2024\/03\/Barra-Led-12v.-para-Techo-en-perfil-de-Aluminio-con-Difusor_50cm-300x300.jpg\" alt=\"\" width=\"165\" height=\"165\" srcset=\"https:\/\/coelectrix.com\/wp-content\/uploads\/2024\/03\/Barra-Led-12v.-para-Techo-en-perfil-de-Aluminio-con-Difusor_50cm-300x300.jpg 300w, https:\/\/coelectrix.com\/wp-content\/uploads\/2024\/03\/Barra-Led-12v.-para-Techo-en-perfil-de-Aluminio-con-Difusor_50cm-150x150.jpg 150w, https:\/\/coelectrix.com\/wp-content\/uploads\/2024\/03\/Barra-Led-12v.-para-Techo-en-perfil-de-Aluminio-con-Difusor_50cm-196x196.jpg 196w, https:\/\/coelectrix.com\/wp-content\/uploads\/2024\/03\/Barra-Led-12v.-para-Techo-en-perfil-de-Aluminio-con-Difusor_50cm-416x416.jpg 416w, https:\/\/coelectrix.com\/wp-content\/uploads\/2024\/03\/Barra-Led-12v.-para-Techo-en-perfil-de-Aluminio-con-Difusor_50cm-100x100.jpg 100w, https:\/\/coelectrix.com\/wp-content\/uploads\/2024\/03\/Barra-Led-12v.-para-Techo-en-perfil-de-Aluminio-con-Difusor_50cm-50x50.jpg 50w, https:\/\/coelectrix.com\/wp-content\/uploads\/2024\/03\/Barra-Led-12v.-para-Techo-en-perfil-de-Aluminio-con-Difusor_50cm.jpg 600w\" sizes=\"(max-width: 165px) 100vw, 165px\" \/><\/p>\n<h3><strong>Barra de leds de 12v para teto de autocaravana ou caravana.<\/strong><\/h3>\n<p>Ideal para montar no tejadilho da autocaravana ou caravana devido \u00e0 sua grande luminosidade e eleg\u00e2ncia gra\u00e7as ao perfil de alum\u00ednio de apenas 17 mm de largura por 9 mm de altura.<\/p>\n<p>Possibilidade de montagem no tejadilho com fita adesiva de dupla face (n\u00e3o inclu\u00edda) ou com clips de fixa\u00e7\u00e3o aparafusados (x2 inclu\u00eddos).<\/p>\n<p>Elevada luminosidade gra\u00e7as ao LED Cob montado com uma temperatura de cor de 4mmmk, que \u00e9 o tipo de luz natural mais semelhante \u00e0 luz do dia.<\/p>\n","protected":false},"excerpt":{"rendered":"<p>Barra de LED de teto de 12v com LEDs COB de luz do dia de 4000k<\/p>\n<ul>\n<li>Comprimento 50cm.<\/li>\n<li>Barra LED de teto de alta luminosidade 12v. 10w com 480 led\/metro.<\/li>\n<li>Luminosidade completamente homog\u00e9nea, sem que os pontos de LED sejam vis\u00edveis.<\/li>\n<li>Pode ser fixada com fita-cola de dupla face (n\u00e3o inclu\u00edda) ou com agrafos (x2 inclu\u00eddos).<\/li>\n<li>Alta luminosidade com cor de 4000k (luz natural).<\/li>\n<li>Possibilidade de sa\u00edda do cabo pela parte lateral ou traseira.<\/li>\n<li>Luminosidade regul\u00e1vel atrav\u00e9s de um regulador de intensidade luminosa (n\u00e3o inclu\u00eddo).<\/li>\n<li><strong>Dimens\u00f5es da barra: 17 x 9 x 9 x 500mm.<\/strong><\/li>\n<\/ul>\n","protected":false},"featured_media":74420,"template":"","meta":{"_acf_changed":false},"product_brand":[],"product_cat":[1296],"product_tag":[],"class_list":{"0":"post-75908","1":"product","2":"type-product","3":"status-publish","4":"has-post-thumbnail","6":"product_cat-iluminacao-12v","8":"first","9":"instock","10":"taxable","11":"shipping-taxable","12":"purchasable","13":"product-type-simple"},"acf":[],"yoast_head":"<!-- This site is optimized with the Yoast SEO plugin v27.2 - https:\/\/yoast.com\/product\/yoast-seo-wordpress\/ -->\n<title>\u25b7 Barra de leds 12v. para teto em perfil de alum\u00ednio com difusor | 4000k | 50cm. % % %%.<\/title>\n<meta name=\"description\" content=\"Barra de tejadilho LED 12v com LED COB Daylight 4000k em perfil de alum\u00ednio com difusor. Ideal para autocaravanas ou caravanas\" \/>\n<meta name=\"robots\" content=\"index, follow, max-snippet:-1, max-image-preview:large, max-video-preview:-1\" \/>\n<link rel=\"canonical\" href=\"https:\/\/coelectrix.com\/pt-pt\/produto\/led-bar-12v-ceiling-ceiling-bar-in-aluminium-profile-with-diffuser-50cm\" \/>\n<meta property=\"og:locale\" content=\"pt_PT\" \/>\n<meta property=\"og:type\" content=\"article\" \/>\n<meta property=\"og:title\" content=\"\u25b7 Barra de leds 12v. para teto em perfil de alum\u00ednio com difusor | 4000k | 50cm. % % %%.\" \/>\n<meta property=\"og:description\" content=\"Barra de tejadilho LED 12v com LED COB Daylight 4000k em perfil de alum\u00ednio com difusor. Ideal para autocaravanas ou caravanas\" \/>\n<meta property=\"og:url\" content=\"https:\/\/coelectrix.com\/pt-pt\/produto\/led-bar-12v-ceiling-ceiling-bar-in-aluminium-profile-with-diffuser-50cm\" \/>\n<meta property=\"og:site_name\" content=\"Coelectrix\" \/>\n<meta property=\"article:modified_time\" content=\"2025-08-19T04:00:45+00:00\" \/>\n<meta property=\"og:image\" content=\"https:\/\/coelectrix.com\/wp-content\/uploads\/2024\/03\/Barra-Led-de-12v-para-techo-con-LED-COB-de-4000k-Luz-Natural-50cm.jpg\" \/>\n\t<meta property=\"og:image:width\" content=\"600\" \/>\n\t<meta property=\"og:image:height\" content=\"600\" \/>\n\t<meta property=\"og:image:type\" content=\"image\/jpeg\" \/>\n<meta name=\"twitter:card\" content=\"summary_large_image\" \/>\n<meta name=\"twitter:label1\" content=\"Tempo estimado de leitura\" \/>\n\t<meta name=\"twitter:data1\" content=\"1 minuto\" \/>\n<script type=\"application\/ld+json\" class=\"yoast-schema-graph\">{\"@context\":\"https:\/\/schema.org\",\"@graph\":[{\"@type\":\"WebPage\",\"@id\":\"https:\/\/coelectrix.com\/pt-pt\/produto\/led-bar-12v-ceiling-ceiling-bar-in-aluminium-profile-with-diffuser-50cm\",\"url\":\"https:\/\/coelectrix.com\/pt-pt\/produto\/led-bar-12v-ceiling-ceiling-bar-in-aluminium-profile-with-diffuser-50cm\",\"name\":\"\u25b7 Barra de leds 12v. para teto em perfil de alum\u00ednio com difusor | 4000k | 50cm. % % %%.\",\"isPartOf\":{\"@id\":\"https:\/\/coelectrix.com\/pt-pt\/#website\"},\"primaryImageOfPage\":{\"@id\":\"https:\/\/coelectrix.com\/pt-pt\/produto\/led-bar-12v-ceiling-ceiling-bar-in-aluminium-profile-with-diffuser-50cm#primaryimage\"},\"image\":{\"@id\":\"https:\/\/coelectrix.com\/pt-pt\/produto\/led-bar-12v-ceiling-ceiling-bar-in-aluminium-profile-with-diffuser-50cm#primaryimage\"},\"thumbnailUrl\":\"https:\/\/coelectrix.com\/wp-content\/uploads\/2024\/03\/Barra-Led-de-12v-para-techo-con-LED-COB-de-4000k-Luz-Natural-50cm.jpg\",\"datePublished\":\"2024-03-09T11:26:56+00:00\",\"dateModified\":\"2025-08-19T04:00:45+00:00\",\"description\":\"Barra de tejadilho LED 12v com LED COB Daylight 4000k em perfil de alum\u00ednio com difusor. Ideal para autocaravanas ou caravanas\",\"breadcrumb\":{\"@id\":\"https:\/\/coelectrix.com\/pt-pt\/produto\/led-bar-12v-ceiling-ceiling-bar-in-aluminium-profile-with-diffuser-50cm#breadcrumb\"},\"inLanguage\":\"pt-PT\",\"potentialAction\":[{\"@type\":\"ReadAction\",\"target\":[\"https:\/\/coelectrix.com\/pt-pt\/produto\/led-bar-12v-ceiling-ceiling-bar-in-aluminium-profile-with-diffuser-50cm\"]}]},{\"@type\":\"ImageObject\",\"inLanguage\":\"pt-PT\",\"@id\":\"https:\/\/coelectrix.com\/pt-pt\/produto\/led-bar-12v-ceiling-ceiling-bar-in-aluminium-profile-with-diffuser-50cm#primaryimage\",\"url\":\"https:\/\/coelectrix.com\/wp-content\/uploads\/2024\/03\/Barra-Led-de-12v-para-techo-con-LED-COB-de-4000k-Luz-Natural-50cm.jpg\",\"contentUrl\":\"https:\/\/coelectrix.com\/wp-content\/uploads\/2024\/03\/Barra-Led-de-12v-para-techo-con-LED-COB-de-4000k-Luz-Natural-50cm.jpg\",\"width\":600,\"height\":600,\"caption\":\"Barra de LED de teto de 12v com LEDs COB de luz do dia de 4000k\"},{\"@type\":\"BreadcrumbList\",\"@id\":\"https:\/\/coelectrix.com\/pt-pt\/produto\/led-bar-12v-ceiling-ceiling-bar-in-aluminium-profile-with-diffuser-50cm#breadcrumb\",\"itemListElement\":[{\"@type\":\"ListItem\",\"position\":1,\"name\":\"Portada\",\"item\":\"https:\/\/coelectrix.com\/\"},{\"@type\":\"ListItem\",\"position\":2,\"name\":\"Loja\",\"item\":\"https:\/\/coelectrix.com\/pt-pt\/loja\"},{\"@type\":\"ListItem\",\"position\":3,\"name\":\"Barra de leds 12v. para teto em perfil de alum\u00ednio com difusor | 4000k | 50cm.\"}]},{\"@type\":\"WebSite\",\"@id\":\"https:\/\/coelectrix.com\/pt-pt\/#website\",\"url\":\"https:\/\/coelectrix.com\/pt-pt\/\",\"name\":\"Coelectrix\",\"description\":\"Componentes el\u00e9ctricos\",\"publisher\":{\"@id\":\"https:\/\/coelectrix.com\/pt-pt\/#organization\"},\"potentialAction\":[{\"@type\":\"SearchAction\",\"target\":{\"@type\":\"EntryPoint\",\"urlTemplate\":\"https:\/\/coelectrix.com\/pt-pt\/?s={search_term_string}\"},\"query-input\":{\"@type\":\"PropertyValueSpecification\",\"valueRequired\":true,\"valueName\":\"search_term_string\"}}],\"inLanguage\":\"pt-PT\"},{\"@type\":\"Organization\",\"@id\":\"https:\/\/coelectrix.com\/pt-pt\/#organization\",\"name\":\"coelectrix.com\",\"url\":\"https:\/\/coelectrix.com\/pt-pt\/\",\"logo\":{\"@type\":\"ImageObject\",\"inLanguage\":\"pt-PT\",\"@id\":\"https:\/\/coelectrix.com\/pt-pt\/#\/schema\/logo\/image\/\",\"url\":\"https:\/\/coelectrix.com\/wp-content\/uploads\/2018\/05\/logo-coelectrix-400x400.jpg\",\"contentUrl\":\"https:\/\/coelectrix.com\/wp-content\/uploads\/2018\/05\/logo-coelectrix-400x400.jpg\",\"width\":300,\"height\":300,\"caption\":\"coelectrix.com\"},\"image\":{\"@id\":\"https:\/\/coelectrix.com\/pt-pt\/#\/schema\/logo\/image\/\"}}]}<\/script>\n<!-- \/ Yoast SEO plugin. -->","yoast_head_json":{"title":"\u25b7 Barra de leds 12v. para teto em perfil de alum\u00ednio com difusor | 4000k | 50cm. % % %%.","description":"Barra de tejadilho LED 12v com LED COB Daylight 4000k em perfil de alum\u00ednio com difusor. Ideal para autocaravanas ou caravanas","robots":{"index":"index","follow":"follow","max-snippet":"max-snippet:-1","max-image-preview":"max-image-preview:large","max-video-preview":"max-video-preview:-1"},"canonical":"https:\/\/coelectrix.com\/pt-pt\/produto\/led-bar-12v-ceiling-ceiling-bar-in-aluminium-profile-with-diffuser-50cm","og_locale":"pt_PT","og_type":"article","og_title":"\u25b7 Barra de leds 12v. para teto em perfil de alum\u00ednio com difusor | 4000k | 50cm. % % %%.","og_description":"Barra de tejadilho LED 12v com LED COB Daylight 4000k em perfil de alum\u00ednio com difusor. Ideal para autocaravanas ou caravanas","og_url":"https:\/\/coelectrix.com\/pt-pt\/produto\/led-bar-12v-ceiling-ceiling-bar-in-aluminium-profile-with-diffuser-50cm","og_site_name":"Coelectrix","article_modified_time":"2025-08-19T04:00:45+00:00","og_image":[{"width":600,"height":600,"url":"https:\/\/coelectrix.com\/wp-content\/uploads\/2024\/03\/Barra-Led-de-12v-para-techo-con-LED-COB-de-4000k-Luz-Natural-50cm.jpg","type":"image\/jpeg"}],"twitter_card":"summary_large_image","twitter_misc":{"Tempo estimado de leitura":"1 minuto"},"schema":{"@context":"https:\/\/schema.org","@graph":[{"@type":"WebPage","@id":"https:\/\/coelectrix.com\/pt-pt\/produto\/led-bar-12v-ceiling-ceiling-bar-in-aluminium-profile-with-diffuser-50cm","url":"https:\/\/coelectrix.com\/pt-pt\/produto\/led-bar-12v-ceiling-ceiling-bar-in-aluminium-profile-with-diffuser-50cm","name":"\u25b7 Barra de leds 12v. para teto em perfil de alum\u00ednio com difusor | 4000k | 50cm. % % %%.","isPartOf":{"@id":"https:\/\/coelectrix.com\/pt-pt\/#website"},"primaryImageOfPage":{"@id":"https:\/\/coelectrix.com\/pt-pt\/produto\/led-bar-12v-ceiling-ceiling-bar-in-aluminium-profile-with-diffuser-50cm#primaryimage"},"image":{"@id":"https:\/\/coelectrix.com\/pt-pt\/produto\/led-bar-12v-ceiling-ceiling-bar-in-aluminium-profile-with-diffuser-50cm#primaryimage"},"thumbnailUrl":"https:\/\/coelectrix.com\/wp-content\/uploads\/2024\/03\/Barra-Led-de-12v-para-techo-con-LED-COB-de-4000k-Luz-Natural-50cm.jpg","datePublished":"2024-03-09T11:26:56+00:00","dateModified":"2025-08-19T04:00:45+00:00","description":"Barra de tejadilho LED 12v com LED COB Daylight 4000k em perfil de alum\u00ednio com difusor. Ideal para autocaravanas ou caravanas","breadcrumb":{"@id":"https:\/\/coelectrix.com\/pt-pt\/produto\/led-bar-12v-ceiling-ceiling-bar-in-aluminium-profile-with-diffuser-50cm#breadcrumb"},"inLanguage":"pt-PT","potentialAction":[{"@type":"ReadAction","target":["https:\/\/coelectrix.com\/pt-pt\/produto\/led-bar-12v-ceiling-ceiling-bar-in-aluminium-profile-with-diffuser-50cm"]}]},{"@type":"ImageObject","inLanguage":"pt-PT","@id":"https:\/\/coelectrix.com\/pt-pt\/produto\/led-bar-12v-ceiling-ceiling-bar-in-aluminium-profile-with-diffuser-50cm#primaryimage","url":"https:\/\/coelectrix.com\/wp-content\/uploads\/2024\/03\/Barra-Led-de-12v-para-techo-con-LED-COB-de-4000k-Luz-Natural-50cm.jpg","contentUrl":"https:\/\/coelectrix.com\/wp-content\/uploads\/2024\/03\/Barra-Led-de-12v-para-techo-con-LED-COB-de-4000k-Luz-Natural-50cm.jpg","width":600,"height":600,"caption":"Barra de LED de teto de 12v com LEDs COB de luz do dia de 4000k"},{"@type":"BreadcrumbList","@id":"https:\/\/coelectrix.com\/pt-pt\/produto\/led-bar-12v-ceiling-ceiling-bar-in-aluminium-profile-with-diffuser-50cm#breadcrumb","itemListElement":[{"@type":"ListItem","position":1,"name":"Portada","item":"https:\/\/coelectrix.com\/"},{"@type":"ListItem","position":2,"name":"Loja","item":"https:\/\/coelectrix.com\/pt-pt\/loja"},{"@type":"ListItem","position":3,"name":"Barra de leds 12v. para teto em perfil de alum\u00ednio com difusor | 4000k | 50cm."}]},{"@type":"WebSite","@id":"https:\/\/coelectrix.com\/pt-pt\/#website","url":"https:\/\/coelectrix.com\/pt-pt\/","name":"Coelectrix","description":"Componentes el\u00e9ctricos","publisher":{"@id":"https:\/\/coelectrix.com\/pt-pt\/#organization"},"potentialAction":[{"@type":"SearchAction","target":{"@type":"EntryPoint","urlTemplate":"https:\/\/coelectrix.com\/pt-pt\/?s={search_term_string}"},"query-input":{"@type":"PropertyValueSpecification","valueRequired":true,"valueName":"search_term_string"}}],"inLanguage":"pt-PT"},{"@type":"Organization","@id":"https:\/\/coelectrix.com\/pt-pt\/#organization","name":"coelectrix.com","url":"https:\/\/coelectrix.com\/pt-pt\/","logo":{"@type":"ImageObject","inLanguage":"pt-PT","@id":"https:\/\/coelectrix.com\/pt-pt\/#\/schema\/logo\/image\/","url":"https:\/\/coelectrix.com\/wp-content\/uploads\/2018\/05\/logo-coelectrix-400x400.jpg","contentUrl":"https:\/\/coelectrix.com\/wp-content\/uploads\/2018\/05\/logo-coelectrix-400x400.jpg","width":300,"height":300,"caption":"coelectrix.com"},"image":{"@id":"https:\/\/coelectrix.com\/pt-pt\/#\/schema\/logo\/image\/"}}]}},"_links":{"self":[{"href":"https:\/\/coelectrix.com\/pt-pt\/wp-json\/wp\/v2\/product\/75908","targetHints":{"allow":["GET"]}}],"collection":[{"href":"https:\/\/coelectrix.com\/pt-pt\/wp-json\/wp\/v2\/product"}],"about":[{"href":"https:\/\/coelectrix.com\/pt-pt\/wp-json\/wp\/v2\/types\/product"}],"version-history":[{"count":1,"href":"https:\/\/coelectrix.com\/pt-pt\/wp-json\/wp\/v2\/product\/75908\/revisions"}],"predecessor-version":[{"id":76617,"href":"https:\/\/coelectrix.com\/pt-pt\/wp-json\/wp\/v2\/product\/75908\/revisions\/76617"}],"wp:featuredmedia":[{"embeddable":true,"href":"https:\/\/coelectrix.com\/pt-pt\/wp-json\/wp\/v2\/media\/74420"}],"wp:attachment":[{"href":"https:\/\/coelectrix.com\/pt-pt\/wp-json\/wp\/v2\/media?parent=75908"}],"wp:term":[{"taxonomy":"product_brand","embeddable":true,"href":"https:\/\/coelectrix.com\/pt-pt\/wp-json\/wp\/v2\/product_brand?post=75908"},{"taxonomy":"product_cat","embeddable":true,"href":"https:\/\/coelectrix.com\/pt-pt\/wp-json\/wp\/v2\/product_cat?post=75908"},{"taxonomy":"product_tag","embeddable":true,"href":"https:\/\/coelectrix.com\/pt-pt\/wp-json\/wp\/v2\/product_tag?post=75908"}],"curies":[{"name":"wp","href":"https:\/\/api.w.org\/{rel}","templated":true}]}}