{"id":75910,"date":"2024-02-17T11:39:29","date_gmt":"2024-02-17T10:39:29","guid":{"rendered":"https:\/\/coelectrix.com\/producto\/lampada-led-12v-luz-do-dia-4000k-mr-16"},"modified":"2025-08-19T06:00:45","modified_gmt":"2025-08-19T04:00:45","slug":"lampada-led-12v-luz-do-dia-4000k-mr-16","status":"publish","type":"product","link":"https:\/\/coelectrix.com\/pt-pt\/producto\/bombilla-led-12v-luz-natural-4000k-mr-16","title":{"rendered":"L\u00e2mpada LED 12v. Luz do dia 4000k MR-16"},"content":{"rendered":"<h2><strong>L\u00e2mpada LED tipo MR-16 para 12v 4000k<\/strong><\/h2>\n<p>L\u00e2mpada dicr\u00f3ica LED para casquilho MR16 com 8W de pot\u00eancia e uma tens\u00e3o nominal de 12V. Concebida para iluminar espa\u00e7os interiores com o seu IP40, proporciona um feixe luminoso de 60\u00ba e uma temperatura de cor de 4000k que \u00e9 a mais pr\u00f3xima da luz natural do dia.<\/p>\n<div class=\"bf-additional-information-row woocommerce-product-attributes-item woocommerce-product-attributes-item--tension_nominal\">\n<div class=\"bf-additional-information-label woocommerce-product-attributes-item__label\">Tens\u00e3o nominal: 12V AC\/DC<\/div>\n<\/div>\n<div class=\"bf-additional-information-row woocommerce-product-attributes-item woocommerce-product-attributes-item--potencia_nominal\">\n<div class=\"bf-additional-information-label woocommerce-product-attributes-item__label\">Pot\u00eancia nominal: 8W<\/div>\n<\/div>\n<div class=\"bf-additional-information-row woocommerce-product-attributes-item woocommerce-product-attributes-item--amperios\">\n<div class=\"bf-additional-information-label woocommerce-product-attributes-item__label\">Amperes : 1.3<\/div>\n<\/div>\n<div class=\"bf-additional-information-row woocommerce-product-attributes-item woocommerce-product-attributes-item--factor_de_potencia\">\n<div class=\"bf-additional-information-label woocommerce-product-attributes-item__label\">Fator de pot\u00eancia: 0,5<\/div>\n<\/div>\n<div class=\"bf-additional-information-row woocommerce-product-attributes-item woocommerce-product-attributes-item--herzios\">\n<div class=\"bf-additional-information-label woocommerce-product-attributes-item__label\">Hertz : 50\/60<\/div>\n<\/div>\n<div class=\"bf-additional-information-row woocommerce-product-attributes-item woocommerce-product-attributes-item--horas_de_vida\">\n<div class=\"bf-additional-information-label woocommerce-product-attributes-item__label\">Vida \u00fatil : 25.000<\/div>\n<\/div>\n<div class=\"bf-additional-information-row woocommerce-product-attributes-item woocommerce-product-attributes-item--temperatura_maxima_y_minima\">\n<div class=\"bf-additional-information-label woocommerce-product-attributes-item__label\">Temperatura m\u00e1xima e m\u00ednima : +40\u00ba -20\u00ba.<\/div>\n<\/div>\n<div class=\"bf-additional-information-row woocommerce-product-attributes-item woocommerce-product-attributes-item--ra\">\n<div class=\"bf-additional-information-label woocommerce-product-attributes-item__label\">CRI : 80<\/div>\n<\/div>\n<div class=\"bf-additional-information-row woocommerce-product-attributes-item woocommerce-product-attributes-item--luminosidad\">\n<div class=\"bf-additional-information-label woocommerce-product-attributes-item__label\">IP : 40<\/div>\n<\/div>\n<div class=\"bf-additional-information-row woocommerce-product-attributes-item woocommerce-product-attributes-item--lumens\">\n<div class=\"bf-additional-information-label woocommerce-product-attributes-item__label\">Lumens : 825 lm<\/div>\n<\/div>\n<div><\/div>\n<div><a href=\"https:\/\/coelectrix.com\/pt-pt\/iluminacao-12v\" target=\"_blank\" rel=\"noopener\">Pode encontrar os suportes de l\u00e2mpadas compat\u00edveis aqui<\/a><\/div>\n","protected":false},"excerpt":{"rendered":"<p>L\u00e2mpada dicr\u00f3ica LED para casquilho MR16 com 8W de pot\u00eancia e uma tens\u00e3o nominal de 12V.<\/p>\n<p>Concebida para iluminar espa\u00e7os interiores, com o seu IP40, proporciona um feixe de luz de 60\u00ba e temperaturas de cor de 4.000K (1.000 lm). O tipo de luz mais semelhante \u00e0 luz natural do dia.<\/p>\n","protected":false},"featured_media":74399,"template":"","meta":{"_acf_changed":false},"product_brand":[],"product_cat":[1296],"product_tag":[],"class_list":{"0":"post-75910","1":"product","2":"type-product","3":"status-publish","4":"has-post-thumbnail","6":"product_cat-iluminacao-12v","8":"first","9":"instock","10":"taxable","11":"shipping-taxable","12":"purchasable","13":"product-type-simple"},"acf":[],"yoast_head":"<!-- This site is optimized with the Yoast SEO plugin v27.2 - https:\/\/yoast.com\/product\/yoast-seo-wordpress\/ -->\n<title>\u25b7 L\u00e2mpada LED 12v. Luz do dia 4000k MR-16 | Coelectrix.com<\/title>\n<meta name=\"description\" content=\"L\u00e2mpada dicr\u00f3ica LED para casquilho MR16 com 8W de pot\u00eancia e uma tens\u00e3o nominal de 12V. Temperatura de cor de 4.000K (1.000 lm). O tipo de luz mais semelhante \u00e0 luz natural do dia.\" \/>\n<meta name=\"robots\" content=\"index, follow, max-snippet:-1, max-image-preview:large, max-video-preview:-1\" \/>\n<link rel=\"canonical\" href=\"https:\/\/coelectrix.com\/pt-pt\/producto\/bombilla-led-12v-luz-natural-4000k-mr-16\" \/>\n<meta property=\"og:locale\" content=\"pt_PT\" \/>\n<meta property=\"og:type\" content=\"article\" \/>\n<meta property=\"og:title\" content=\"\u25b7 L\u00e2mpada LED 12v. Luz do dia 4000k MR-16 | Coelectrix.com\" \/>\n<meta property=\"og:description\" content=\"L\u00e2mpada dicr\u00f3ica LED para casquilho MR16 com 8W de pot\u00eancia e uma tens\u00e3o nominal de 12V. Temperatura de cor de 4.000K (1.000 lm). O tipo de luz mais semelhante \u00e0 luz natural do dia.\" \/>\n<meta property=\"og:url\" content=\"https:\/\/coelectrix.com\/pt-pt\/producto\/bombilla-led-12v-luz-natural-4000k-mr-16\" \/>\n<meta property=\"og:site_name\" content=\"Coelectrix\" \/>\n<meta property=\"article:modified_time\" content=\"2025-08-19T04:00:45+00:00\" \/>\n<meta property=\"og:image\" content=\"https:\/\/coelectrix.com\/wp-content\/uploads\/2024\/02\/Bombilla-LED-12v.-Luz-Natural-4000k-MR-16.jpg\" \/>\n\t<meta property=\"og:image:width\" content=\"600\" \/>\n\t<meta property=\"og:image:height\" content=\"600\" \/>\n\t<meta property=\"og:image:type\" content=\"image\/jpeg\" \/>\n<meta name=\"twitter:card\" content=\"summary_large_image\" \/>\n<script type=\"application\/ld+json\" class=\"yoast-schema-graph\">{\"@context\":\"https:\/\/schema.org\",\"@graph\":[{\"@type\":\"WebPage\",\"@id\":\"https:\/\/coelectrix.com\/pt-pt\/producto\/bombilla-led-12v-luz-natural-4000k-mr-16\",\"url\":\"https:\/\/coelectrix.com\/pt-pt\/producto\/bombilla-led-12v-luz-natural-4000k-mr-16\",\"name\":\"\u25b7 L\u00e2mpada LED 12v. Luz do dia 4000k MR-16 | Coelectrix.com\",\"isPartOf\":{\"@id\":\"https:\/\/coelectrix.com\/pt-pt\/#website\"},\"primaryImageOfPage\":{\"@id\":\"https:\/\/coelectrix.com\/pt-pt\/producto\/bombilla-led-12v-luz-natural-4000k-mr-16#primaryimage\"},\"image\":{\"@id\":\"https:\/\/coelectrix.com\/pt-pt\/producto\/bombilla-led-12v-luz-natural-4000k-mr-16#primaryimage\"},\"thumbnailUrl\":\"https:\/\/coelectrix.com\/wp-content\/uploads\/2024\/02\/Bombilla-LED-12v.-Luz-Natural-4000k-MR-16.jpg\",\"datePublished\":\"2024-02-17T10:39:29+00:00\",\"dateModified\":\"2025-08-19T04:00:45+00:00\",\"description\":\"L\u00e2mpada dicr\u00f3ica LED para casquilho MR16 com 8W de pot\u00eancia e uma tens\u00e3o nominal de 12V. Temperatura de cor de 4.000K (1.000 lm). O tipo de luz mais semelhante \u00e0 luz natural do dia.\",\"breadcrumb\":{\"@id\":\"https:\/\/coelectrix.com\/pt-pt\/producto\/bombilla-led-12v-luz-natural-4000k-mr-16#breadcrumb\"},\"inLanguage\":\"pt-PT\",\"potentialAction\":[{\"@type\":\"ReadAction\",\"target\":[\"https:\/\/coelectrix.com\/pt-pt\/producto\/bombilla-led-12v-luz-natural-4000k-mr-16\"]}]},{\"@type\":\"ImageObject\",\"inLanguage\":\"pt-PT\",\"@id\":\"https:\/\/coelectrix.com\/pt-pt\/producto\/bombilla-led-12v-luz-natural-4000k-mr-16#primaryimage\",\"url\":\"https:\/\/coelectrix.com\/wp-content\/uploads\/2024\/02\/Bombilla-LED-12v.-Luz-Natural-4000k-MR-16.jpg\",\"contentUrl\":\"https:\/\/coelectrix.com\/wp-content\/uploads\/2024\/02\/Bombilla-LED-12v.-Luz-Natural-4000k-MR-16.jpg\",\"width\":600,\"height\":600,\"caption\":\"L\u00e2mpada LED 12v. Luz do dia 4000k MR-16\"},{\"@type\":\"BreadcrumbList\",\"@id\":\"https:\/\/coelectrix.com\/pt-pt\/producto\/bombilla-led-12v-luz-natural-4000k-mr-16#breadcrumb\",\"itemListElement\":[{\"@type\":\"ListItem\",\"position\":1,\"name\":\"Portada\",\"item\":\"https:\/\/coelectrix.com\/\"},{\"@type\":\"ListItem\",\"position\":2,\"name\":\"Loja\",\"item\":\"https:\/\/coelectrix.com\/pt-pt\/loja\"},{\"@type\":\"ListItem\",\"position\":3,\"name\":\"L\u00e2mpada LED 12v. Luz do dia 4000k MR-16\"}]},{\"@type\":\"WebSite\",\"@id\":\"https:\/\/coelectrix.com\/pt-pt\/#website\",\"url\":\"https:\/\/coelectrix.com\/pt-pt\/\",\"name\":\"Coelectrix\",\"description\":\"Componentes el\u00e9ctricos\",\"publisher\":{\"@id\":\"https:\/\/coelectrix.com\/pt-pt\/#organization\"},\"potentialAction\":[{\"@type\":\"SearchAction\",\"target\":{\"@type\":\"EntryPoint\",\"urlTemplate\":\"https:\/\/coelectrix.com\/pt-pt\/?s={search_term_string}\"},\"query-input\":{\"@type\":\"PropertyValueSpecification\",\"valueRequired\":true,\"valueName\":\"search_term_string\"}}],\"inLanguage\":\"pt-PT\"},{\"@type\":\"Organization\",\"@id\":\"https:\/\/coelectrix.com\/pt-pt\/#organization\",\"name\":\"coelectrix.com\",\"url\":\"https:\/\/coelectrix.com\/pt-pt\/\",\"logo\":{\"@type\":\"ImageObject\",\"inLanguage\":\"pt-PT\",\"@id\":\"https:\/\/coelectrix.com\/pt-pt\/#\/schema\/logo\/image\/\",\"url\":\"https:\/\/coelectrix.com\/wp-content\/uploads\/2018\/05\/logo-coelectrix-400x400.jpg\",\"contentUrl\":\"https:\/\/coelectrix.com\/wp-content\/uploads\/2018\/05\/logo-coelectrix-400x400.jpg\",\"width\":300,\"height\":300,\"caption\":\"coelectrix.com\"},\"image\":{\"@id\":\"https:\/\/coelectrix.com\/pt-pt\/#\/schema\/logo\/image\/\"}}]}<\/script>\n<!-- \/ Yoast SEO plugin. -->","yoast_head_json":{"title":"\u25b7 L\u00e2mpada LED 12v. Luz do dia 4000k MR-16 | Coelectrix.com","description":"L\u00e2mpada dicr\u00f3ica LED para casquilho MR16 com 8W de pot\u00eancia e uma tens\u00e3o nominal de 12V. Temperatura de cor de 4.000K (1.000 lm). O tipo de luz mais semelhante \u00e0 luz natural do dia.","robots":{"index":"index","follow":"follow","max-snippet":"max-snippet:-1","max-image-preview":"max-image-preview:large","max-video-preview":"max-video-preview:-1"},"canonical":"https:\/\/coelectrix.com\/pt-pt\/producto\/bombilla-led-12v-luz-natural-4000k-mr-16","og_locale":"pt_PT","og_type":"article","og_title":"\u25b7 L\u00e2mpada LED 12v. Luz do dia 4000k MR-16 | Coelectrix.com","og_description":"L\u00e2mpada dicr\u00f3ica LED para casquilho MR16 com 8W de pot\u00eancia e uma tens\u00e3o nominal de 12V. Temperatura de cor de 4.000K (1.000 lm). O tipo de luz mais semelhante \u00e0 luz natural do dia.","og_url":"https:\/\/coelectrix.com\/pt-pt\/producto\/bombilla-led-12v-luz-natural-4000k-mr-16","og_site_name":"Coelectrix","article_modified_time":"2025-08-19T04:00:45+00:00","og_image":[{"width":600,"height":600,"url":"https:\/\/coelectrix.com\/wp-content\/uploads\/2024\/02\/Bombilla-LED-12v.-Luz-Natural-4000k-MR-16.jpg","type":"image\/jpeg"}],"twitter_card":"summary_large_image","schema":{"@context":"https:\/\/schema.org","@graph":[{"@type":"WebPage","@id":"https:\/\/coelectrix.com\/pt-pt\/producto\/bombilla-led-12v-luz-natural-4000k-mr-16","url":"https:\/\/coelectrix.com\/pt-pt\/producto\/bombilla-led-12v-luz-natural-4000k-mr-16","name":"\u25b7 L\u00e2mpada LED 12v. Luz do dia 4000k MR-16 | Coelectrix.com","isPartOf":{"@id":"https:\/\/coelectrix.com\/pt-pt\/#website"},"primaryImageOfPage":{"@id":"https:\/\/coelectrix.com\/pt-pt\/producto\/bombilla-led-12v-luz-natural-4000k-mr-16#primaryimage"},"image":{"@id":"https:\/\/coelectrix.com\/pt-pt\/producto\/bombilla-led-12v-luz-natural-4000k-mr-16#primaryimage"},"thumbnailUrl":"https:\/\/coelectrix.com\/wp-content\/uploads\/2024\/02\/Bombilla-LED-12v.-Luz-Natural-4000k-MR-16.jpg","datePublished":"2024-02-17T10:39:29+00:00","dateModified":"2025-08-19T04:00:45+00:00","description":"L\u00e2mpada dicr\u00f3ica LED para casquilho MR16 com 8W de pot\u00eancia e uma tens\u00e3o nominal de 12V. Temperatura de cor de 4.000K (1.000 lm). O tipo de luz mais semelhante \u00e0 luz natural do dia.","breadcrumb":{"@id":"https:\/\/coelectrix.com\/pt-pt\/producto\/bombilla-led-12v-luz-natural-4000k-mr-16#breadcrumb"},"inLanguage":"pt-PT","potentialAction":[{"@type":"ReadAction","target":["https:\/\/coelectrix.com\/pt-pt\/producto\/bombilla-led-12v-luz-natural-4000k-mr-16"]}]},{"@type":"ImageObject","inLanguage":"pt-PT","@id":"https:\/\/coelectrix.com\/pt-pt\/producto\/bombilla-led-12v-luz-natural-4000k-mr-16#primaryimage","url":"https:\/\/coelectrix.com\/wp-content\/uploads\/2024\/02\/Bombilla-LED-12v.-Luz-Natural-4000k-MR-16.jpg","contentUrl":"https:\/\/coelectrix.com\/wp-content\/uploads\/2024\/02\/Bombilla-LED-12v.-Luz-Natural-4000k-MR-16.jpg","width":600,"height":600,"caption":"L\u00e2mpada LED 12v. Luz do dia 4000k MR-16"},{"@type":"BreadcrumbList","@id":"https:\/\/coelectrix.com\/pt-pt\/producto\/bombilla-led-12v-luz-natural-4000k-mr-16#breadcrumb","itemListElement":[{"@type":"ListItem","position":1,"name":"Portada","item":"https:\/\/coelectrix.com\/"},{"@type":"ListItem","position":2,"name":"Loja","item":"https:\/\/coelectrix.com\/pt-pt\/loja"},{"@type":"ListItem","position":3,"name":"L\u00e2mpada LED 12v. Luz do dia 4000k MR-16"}]},{"@type":"WebSite","@id":"https:\/\/coelectrix.com\/pt-pt\/#website","url":"https:\/\/coelectrix.com\/pt-pt\/","name":"Coelectrix","description":"Componentes el\u00e9ctricos","publisher":{"@id":"https:\/\/coelectrix.com\/pt-pt\/#organization"},"potentialAction":[{"@type":"SearchAction","target":{"@type":"EntryPoint","urlTemplate":"https:\/\/coelectrix.com\/pt-pt\/?s={search_term_string}"},"query-input":{"@type":"PropertyValueSpecification","valueRequired":true,"valueName":"search_term_string"}}],"inLanguage":"pt-PT"},{"@type":"Organization","@id":"https:\/\/coelectrix.com\/pt-pt\/#organization","name":"coelectrix.com","url":"https:\/\/coelectrix.com\/pt-pt\/","logo":{"@type":"ImageObject","inLanguage":"pt-PT","@id":"https:\/\/coelectrix.com\/pt-pt\/#\/schema\/logo\/image\/","url":"https:\/\/coelectrix.com\/wp-content\/uploads\/2018\/05\/logo-coelectrix-400x400.jpg","contentUrl":"https:\/\/coelectrix.com\/wp-content\/uploads\/2018\/05\/logo-coelectrix-400x400.jpg","width":300,"height":300,"caption":"coelectrix.com"},"image":{"@id":"https:\/\/coelectrix.com\/pt-pt\/#\/schema\/logo\/image\/"}}]}},"_links":{"self":[{"href":"https:\/\/coelectrix.com\/pt-pt\/wp-json\/wp\/v2\/product\/75910","targetHints":{"allow":["GET"]}}],"collection":[{"href":"https:\/\/coelectrix.com\/pt-pt\/wp-json\/wp\/v2\/product"}],"about":[{"href":"https:\/\/coelectrix.com\/pt-pt\/wp-json\/wp\/v2\/types\/product"}],"version-history":[{"count":1,"href":"https:\/\/coelectrix.com\/pt-pt\/wp-json\/wp\/v2\/product\/75910\/revisions"}],"predecessor-version":[{"id":76619,"href":"https:\/\/coelectrix.com\/pt-pt\/wp-json\/wp\/v2\/product\/75910\/revisions\/76619"}],"wp:featuredmedia":[{"embeddable":true,"href":"https:\/\/coelectrix.com\/pt-pt\/wp-json\/wp\/v2\/media\/74399"}],"wp:attachment":[{"href":"https:\/\/coelectrix.com\/pt-pt\/wp-json\/wp\/v2\/media?parent=75910"}],"wp:term":[{"taxonomy":"product_brand","embeddable":true,"href":"https:\/\/coelectrix.com\/pt-pt\/wp-json\/wp\/v2\/product_brand?post=75910"},{"taxonomy":"product_cat","embeddable":true,"href":"https:\/\/coelectrix.com\/pt-pt\/wp-json\/wp\/v2\/product_cat?post=75910"},{"taxonomy":"product_tag","embeddable":true,"href":"https:\/\/coelectrix.com\/pt-pt\/wp-json\/wp\/v2\/product_tag?post=75910"}],"curies":[{"name":"wp","href":"https:\/\/api.w.org\/{rel}","templated":true}]}}