{"id":75911,"date":"2024-02-17T11:16:08","date_gmt":"2024-02-17T10:16:08","guid":{"rendered":"https:\/\/coelectrix.com\/producto\/anel-fixo-70mm-para-lampadas-led-cor-branco"},"modified":"2025-08-19T06:00:45","modified_gmt":"2025-08-19T04:00:45","slug":"anel-fixo-70mm-para-lampadas-led-cor-branco","status":"publish","type":"product","link":"https:\/\/coelectrix.com\/pt-pt\/produto\/anel-de-luz-fixo-70mm-para-lampadas-led-cor-branca","title":{"rendered":"Anel fixo 70mm para l\u00e2mpadas LED : Cor BRANCO"},"content":{"rendered":"<h2><strong>Anel fixo de 70 mm para l\u00e2mpadas LED<\/strong><\/h2>\n<p>Ref. do fabricante: NEXIA 00121-0<br \/>\nDi\u00e2metro exterior total: 84mm<br \/>\nDi\u00e2metro do furo: 75mm<\/p>\n<p>Anel redondo de encastrar compat\u00edvel com l\u00e2mpadas dicr\u00f3icas de led e l\u00e2mpadas antigas de halog\u00e9neo.<\/p>\n<p>Fabricado em alum\u00ednio fundido sob press\u00e3o.<\/p>\n<p>F\u00e1cil de instalar, basta efetuar um furo de 75 mm de di\u00e2metro. E coloc\u00e1-los juntamente com a l\u00e2mpada.<\/p>\n<p><a href=\"https:\/\/coelectrix.com\/pt-pt\/iluminacao-12v\" target=\"_blank\" rel=\"noopener\">Pode encontrar as l\u00e2mpadas MR-16 compat\u00edveis aqui<\/a><\/p>\n","protected":false},"excerpt":{"rendered":"<p>Downlight redondo de encastrar compat\u00edvel com l\u00e2mpadas LED<\/p>\n<ul>\n<li>N\u00e3o regul\u00e1vel<\/li>\n<li>Fabricado em alum\u00ednio injetado e lacado em BRANCO.<\/li>\n<li>F\u00e1cil de instalar, basta efetuar um furo de 75 mm de di\u00e2metro. E coloc\u00e1-los juntamente com a l\u00e2mpada.<\/li>\n<\/ul>\n","protected":false},"featured_media":74395,"template":"","meta":{"_acf_changed":false},"product_brand":[],"product_cat":[1296],"product_tag":[],"class_list":{"0":"post-75911","1":"product","2":"type-product","3":"status-publish","4":"has-post-thumbnail","6":"product_cat-iluminacao-12v","8":"first","9":"instock","10":"taxable","11":"shipping-taxable","12":"purchasable","13":"product-type-simple"},"acf":[],"yoast_head":"<!-- This site is optimized with the Yoast SEO plugin v27.2 - https:\/\/yoast.com\/product\/yoast-seo-wordpress\/ -->\n<title>\u25b7 Anel fixo 70mm para l\u00e2mpadas LED : Cor BRANCO% |% |<\/title>\n<meta name=\"description\" content=\"Downlight redondo de encastrar compat\u00edvel com l\u00e2mpadas LED brancas de 70MM, marca NEXIA para l\u00e2mpadas LED.\" \/>\n<meta name=\"robots\" content=\"index, follow, max-snippet:-1, max-image-preview:large, max-video-preview:-1\" \/>\n<link rel=\"canonical\" href=\"https:\/\/coelectrix.com\/pt-pt\/produto\/anel-de-luz-fixo-70mm-para-lampadas-led-cor-branca\" \/>\n<meta property=\"og:locale\" content=\"pt_PT\" \/>\n<meta property=\"og:type\" content=\"article\" \/>\n<meta property=\"og:title\" content=\"\u25b7 Anel fixo 70mm para l\u00e2mpadas LED : Cor BRANCO% |% |\" \/>\n<meta property=\"og:description\" content=\"Downlight redondo de encastrar compat\u00edvel com l\u00e2mpadas LED brancas de 70MM, marca NEXIA para l\u00e2mpadas LED.\" \/>\n<meta property=\"og:url\" content=\"https:\/\/coelectrix.com\/pt-pt\/produto\/anel-de-luz-fixo-70mm-para-lampadas-led-cor-branca\" \/>\n<meta property=\"og:site_name\" content=\"Coelectrix\" \/>\n<meta property=\"article:modified_time\" content=\"2025-08-19T04:00:45+00:00\" \/>\n<meta property=\"og:image\" content=\"https:\/\/coelectrix.com\/wp-content\/uploads\/2024\/02\/Aro-fijo-70mm-blanco-para-Bombillas-Led.jpg\" \/>\n\t<meta property=\"og:image:width\" content=\"600\" \/>\n\t<meta property=\"og:image:height\" content=\"600\" \/>\n\t<meta property=\"og:image:type\" content=\"image\/jpeg\" \/>\n<meta name=\"twitter:card\" content=\"summary_large_image\" \/>\n<script type=\"application\/ld+json\" class=\"yoast-schema-graph\">{\"@context\":\"https:\/\/schema.org\",\"@graph\":[{\"@type\":\"WebPage\",\"@id\":\"https:\/\/coelectrix.com\/pt-pt\/produto\/anel-de-luz-fixo-70mm-para-lampadas-led-cor-branca\",\"url\":\"https:\/\/coelectrix.com\/pt-pt\/produto\/anel-de-luz-fixo-70mm-para-lampadas-led-cor-branca\",\"name\":\"\u25b7 Anel fixo 70mm para l\u00e2mpadas LED : Cor BRANCO% |% |\",\"isPartOf\":{\"@id\":\"https:\/\/coelectrix.com\/pt-pt\/#website\"},\"primaryImageOfPage\":{\"@id\":\"https:\/\/coelectrix.com\/pt-pt\/produto\/anel-de-luz-fixo-70mm-para-lampadas-led-cor-branca#primaryimage\"},\"image\":{\"@id\":\"https:\/\/coelectrix.com\/pt-pt\/produto\/anel-de-luz-fixo-70mm-para-lampadas-led-cor-branca#primaryimage\"},\"thumbnailUrl\":\"https:\/\/coelectrix.com\/wp-content\/uploads\/2024\/02\/Aro-fijo-70mm-blanco-para-Bombillas-Led.jpg\",\"datePublished\":\"2024-02-17T10:16:08+00:00\",\"dateModified\":\"2025-08-19T04:00:45+00:00\",\"description\":\"Downlight redondo de encastrar compat\u00edvel com l\u00e2mpadas LED brancas de 70MM, marca NEXIA para l\u00e2mpadas LED.\",\"breadcrumb\":{\"@id\":\"https:\/\/coelectrix.com\/pt-pt\/produto\/anel-de-luz-fixo-70mm-para-lampadas-led-cor-branca#breadcrumb\"},\"inLanguage\":\"pt-PT\",\"potentialAction\":[{\"@type\":\"ReadAction\",\"target\":[\"https:\/\/coelectrix.com\/pt-pt\/produto\/anel-de-luz-fixo-70mm-para-lampadas-led-cor-branca\"]}]},{\"@type\":\"ImageObject\",\"inLanguage\":\"pt-PT\",\"@id\":\"https:\/\/coelectrix.com\/pt-pt\/produto\/anel-de-luz-fixo-70mm-para-lampadas-led-cor-branca#primaryimage\",\"url\":\"https:\/\/coelectrix.com\/wp-content\/uploads\/2024\/02\/Aro-fijo-70mm-blanco-para-Bombillas-Led.jpg\",\"contentUrl\":\"https:\/\/coelectrix.com\/wp-content\/uploads\/2024\/02\/Aro-fijo-70mm-blanco-para-Bombillas-Led.jpg\",\"width\":600,\"height\":600,\"caption\":\"Anel Fixo 70mm para L\u00e2mpadas Led cor branca\"},{\"@type\":\"BreadcrumbList\",\"@id\":\"https:\/\/coelectrix.com\/pt-pt\/produto\/anel-de-luz-fixo-70mm-para-lampadas-led-cor-branca#breadcrumb\",\"itemListElement\":[{\"@type\":\"ListItem\",\"position\":1,\"name\":\"Portada\",\"item\":\"https:\/\/coelectrix.com\/\"},{\"@type\":\"ListItem\",\"position\":2,\"name\":\"Loja\",\"item\":\"https:\/\/coelectrix.com\/pt-pt\/loja\"},{\"@type\":\"ListItem\",\"position\":3,\"name\":\"Anel fixo 70mm para l\u00e2mpadas LED : Cor BRANCO\"}]},{\"@type\":\"WebSite\",\"@id\":\"https:\/\/coelectrix.com\/pt-pt\/#website\",\"url\":\"https:\/\/coelectrix.com\/pt-pt\/\",\"name\":\"Coelectrix\",\"description\":\"Componentes el\u00e9ctricos\",\"publisher\":{\"@id\":\"https:\/\/coelectrix.com\/pt-pt\/#organization\"},\"potentialAction\":[{\"@type\":\"SearchAction\",\"target\":{\"@type\":\"EntryPoint\",\"urlTemplate\":\"https:\/\/coelectrix.com\/pt-pt\/?s={search_term_string}\"},\"query-input\":{\"@type\":\"PropertyValueSpecification\",\"valueRequired\":true,\"valueName\":\"search_term_string\"}}],\"inLanguage\":\"pt-PT\"},{\"@type\":\"Organization\",\"@id\":\"https:\/\/coelectrix.com\/pt-pt\/#organization\",\"name\":\"coelectrix.com\",\"url\":\"https:\/\/coelectrix.com\/pt-pt\/\",\"logo\":{\"@type\":\"ImageObject\",\"inLanguage\":\"pt-PT\",\"@id\":\"https:\/\/coelectrix.com\/pt-pt\/#\/schema\/logo\/image\/\",\"url\":\"https:\/\/coelectrix.com\/wp-content\/uploads\/2018\/05\/logo-coelectrix-400x400.jpg\",\"contentUrl\":\"https:\/\/coelectrix.com\/wp-content\/uploads\/2018\/05\/logo-coelectrix-400x400.jpg\",\"width\":300,\"height\":300,\"caption\":\"coelectrix.com\"},\"image\":{\"@id\":\"https:\/\/coelectrix.com\/pt-pt\/#\/schema\/logo\/image\/\"}}]}<\/script>\n<!-- \/ Yoast SEO plugin. -->","yoast_head_json":{"title":"\u25b7 Anel fixo 70mm para l\u00e2mpadas LED : Cor BRANCO% |% |","description":"Downlight redondo de encastrar compat\u00edvel com l\u00e2mpadas LED brancas de 70MM, marca NEXIA para l\u00e2mpadas LED.","robots":{"index":"index","follow":"follow","max-snippet":"max-snippet:-1","max-image-preview":"max-image-preview:large","max-video-preview":"max-video-preview:-1"},"canonical":"https:\/\/coelectrix.com\/pt-pt\/produto\/anel-de-luz-fixo-70mm-para-lampadas-led-cor-branca","og_locale":"pt_PT","og_type":"article","og_title":"\u25b7 Anel fixo 70mm para l\u00e2mpadas LED : Cor BRANCO% |% |","og_description":"Downlight redondo de encastrar compat\u00edvel com l\u00e2mpadas LED brancas de 70MM, marca NEXIA para l\u00e2mpadas LED.","og_url":"https:\/\/coelectrix.com\/pt-pt\/produto\/anel-de-luz-fixo-70mm-para-lampadas-led-cor-branca","og_site_name":"Coelectrix","article_modified_time":"2025-08-19T04:00:45+00:00","og_image":[{"width":600,"height":600,"url":"https:\/\/coelectrix.com\/wp-content\/uploads\/2024\/02\/Aro-fijo-70mm-blanco-para-Bombillas-Led.jpg","type":"image\/jpeg"}],"twitter_card":"summary_large_image","schema":{"@context":"https:\/\/schema.org","@graph":[{"@type":"WebPage","@id":"https:\/\/coelectrix.com\/pt-pt\/produto\/anel-de-luz-fixo-70mm-para-lampadas-led-cor-branca","url":"https:\/\/coelectrix.com\/pt-pt\/produto\/anel-de-luz-fixo-70mm-para-lampadas-led-cor-branca","name":"\u25b7 Anel fixo 70mm para l\u00e2mpadas LED : Cor BRANCO% |% |","isPartOf":{"@id":"https:\/\/coelectrix.com\/pt-pt\/#website"},"primaryImageOfPage":{"@id":"https:\/\/coelectrix.com\/pt-pt\/produto\/anel-de-luz-fixo-70mm-para-lampadas-led-cor-branca#primaryimage"},"image":{"@id":"https:\/\/coelectrix.com\/pt-pt\/produto\/anel-de-luz-fixo-70mm-para-lampadas-led-cor-branca#primaryimage"},"thumbnailUrl":"https:\/\/coelectrix.com\/wp-content\/uploads\/2024\/02\/Aro-fijo-70mm-blanco-para-Bombillas-Led.jpg","datePublished":"2024-02-17T10:16:08+00:00","dateModified":"2025-08-19T04:00:45+00:00","description":"Downlight redondo de encastrar compat\u00edvel com l\u00e2mpadas LED brancas de 70MM, marca NEXIA para l\u00e2mpadas LED.","breadcrumb":{"@id":"https:\/\/coelectrix.com\/pt-pt\/produto\/anel-de-luz-fixo-70mm-para-lampadas-led-cor-branca#breadcrumb"},"inLanguage":"pt-PT","potentialAction":[{"@type":"ReadAction","target":["https:\/\/coelectrix.com\/pt-pt\/produto\/anel-de-luz-fixo-70mm-para-lampadas-led-cor-branca"]}]},{"@type":"ImageObject","inLanguage":"pt-PT","@id":"https:\/\/coelectrix.com\/pt-pt\/produto\/anel-de-luz-fixo-70mm-para-lampadas-led-cor-branca#primaryimage","url":"https:\/\/coelectrix.com\/wp-content\/uploads\/2024\/02\/Aro-fijo-70mm-blanco-para-Bombillas-Led.jpg","contentUrl":"https:\/\/coelectrix.com\/wp-content\/uploads\/2024\/02\/Aro-fijo-70mm-blanco-para-Bombillas-Led.jpg","width":600,"height":600,"caption":"Anel Fixo 70mm para L\u00e2mpadas Led cor branca"},{"@type":"BreadcrumbList","@id":"https:\/\/coelectrix.com\/pt-pt\/produto\/anel-de-luz-fixo-70mm-para-lampadas-led-cor-branca#breadcrumb","itemListElement":[{"@type":"ListItem","position":1,"name":"Portada","item":"https:\/\/coelectrix.com\/"},{"@type":"ListItem","position":2,"name":"Loja","item":"https:\/\/coelectrix.com\/pt-pt\/loja"},{"@type":"ListItem","position":3,"name":"Anel fixo 70mm para l\u00e2mpadas LED : Cor BRANCO"}]},{"@type":"WebSite","@id":"https:\/\/coelectrix.com\/pt-pt\/#website","url":"https:\/\/coelectrix.com\/pt-pt\/","name":"Coelectrix","description":"Componentes el\u00e9ctricos","publisher":{"@id":"https:\/\/coelectrix.com\/pt-pt\/#organization"},"potentialAction":[{"@type":"SearchAction","target":{"@type":"EntryPoint","urlTemplate":"https:\/\/coelectrix.com\/pt-pt\/?s={search_term_string}"},"query-input":{"@type":"PropertyValueSpecification","valueRequired":true,"valueName":"search_term_string"}}],"inLanguage":"pt-PT"},{"@type":"Organization","@id":"https:\/\/coelectrix.com\/pt-pt\/#organization","name":"coelectrix.com","url":"https:\/\/coelectrix.com\/pt-pt\/","logo":{"@type":"ImageObject","inLanguage":"pt-PT","@id":"https:\/\/coelectrix.com\/pt-pt\/#\/schema\/logo\/image\/","url":"https:\/\/coelectrix.com\/wp-content\/uploads\/2018\/05\/logo-coelectrix-400x400.jpg","contentUrl":"https:\/\/coelectrix.com\/wp-content\/uploads\/2018\/05\/logo-coelectrix-400x400.jpg","width":300,"height":300,"caption":"coelectrix.com"},"image":{"@id":"https:\/\/coelectrix.com\/pt-pt\/#\/schema\/logo\/image\/"}}]}},"_links":{"self":[{"href":"https:\/\/coelectrix.com\/pt-pt\/wp-json\/wp\/v2\/product\/75911","targetHints":{"allow":["GET"]}}],"collection":[{"href":"https:\/\/coelectrix.com\/pt-pt\/wp-json\/wp\/v2\/product"}],"about":[{"href":"https:\/\/coelectrix.com\/pt-pt\/wp-json\/wp\/v2\/types\/product"}],"version-history":[{"count":1,"href":"https:\/\/coelectrix.com\/pt-pt\/wp-json\/wp\/v2\/product\/75911\/revisions"}],"predecessor-version":[{"id":76620,"href":"https:\/\/coelectrix.com\/pt-pt\/wp-json\/wp\/v2\/product\/75911\/revisions\/76620"}],"wp:featuredmedia":[{"embeddable":true,"href":"https:\/\/coelectrix.com\/pt-pt\/wp-json\/wp\/v2\/media\/74395"}],"wp:attachment":[{"href":"https:\/\/coelectrix.com\/pt-pt\/wp-json\/wp\/v2\/media?parent=75911"}],"wp:term":[{"taxonomy":"product_brand","embeddable":true,"href":"https:\/\/coelectrix.com\/pt-pt\/wp-json\/wp\/v2\/product_brand?post=75911"},{"taxonomy":"product_cat","embeddable":true,"href":"https:\/\/coelectrix.com\/pt-pt\/wp-json\/wp\/v2\/product_cat?post=75911"},{"taxonomy":"product_tag","embeddable":true,"href":"https:\/\/coelectrix.com\/pt-pt\/wp-json\/wp\/v2\/product_tag?post=75911"}],"curies":[{"name":"wp","href":"https:\/\/api.w.org\/{rel}","templated":true}]}}