{"id":75915,"date":"2024-01-27T11:05:43","date_gmt":"2024-01-27T10:05:43","guid":{"rendered":"https:\/\/coelectrix.com\/producto\/interruptor-regulador-da-intensidade-da-luz-para-leds-12-24v"},"modified":"2026-01-23T10:04:05","modified_gmt":"2026-01-23T09:04:05","slug":"interruptor-regulador-da-intensidade-da-luz-para-leds-12-24v","status":"publish","type":"product","link":"https:\/\/coelectrix.com\/pt-pt\/produto\/regulador-de-interrutor-dimmer-dimmer-empotavel-interrutor-para-led-12-24v","title":{"rendered":"Interruptor regulador da intensidade da luz para LEDs 12\/24v"},"content":{"rendered":"<h2><strong>Interruptor regulador da intensidade da luz para LEDs<\/strong><\/h2>\n<p>Interruptor t\u00e1til: premir brevemente para ligar\/desligar a luz, premir demoradamente durante 3 segundos para a fun\u00e7\u00e3o de brilho\/escurecimento por indu\u00e7\u00e3o: pode ser regulado por indu\u00e7\u00e3o, com fun\u00e7\u00e3o de mem\u00f3ria.<\/p>\n<h3><strong>Sistema de comuta\u00e7\u00e3o <\/strong><\/h3>\n<p>Fio vermelho para entrada de alimenta\u00e7\u00e3o positiva, fio preto para entrada negativa (bateria); fio vermelho ligado ao LED positivo, fio amarelo ligado ao LED negativo.<\/p>\n<p><img fetchpriority=\"high\" decoding=\"async\" class=\"alignnone size-medium wp-image-57394\" src=\"https:\/\/coelectrix.com\/wp-content\/uploads\/2024\/01\/Interruptor-Regulador-Dimmer-empotrable-para-Led-12_24v-conexiones-300x300.jpg\" alt=\"\" width=\"300\" height=\"300\" srcset=\"https:\/\/coelectrix.com\/wp-content\/uploads\/2024\/01\/Interruptor-Regulador-Dimmer-empotrable-para-Led-12_24v-conexiones-300x300.jpg 300w, https:\/\/coelectrix.com\/wp-content\/uploads\/2024\/01\/Interruptor-Regulador-Dimmer-empotrable-para-Led-12_24v-conexiones-150x150.jpg 150w, https:\/\/coelectrix.com\/wp-content\/uploads\/2024\/01\/Interruptor-Regulador-Dimmer-empotrable-para-Led-12_24v-conexiones-196x196.jpg 196w, https:\/\/coelectrix.com\/wp-content\/uploads\/2024\/01\/Interruptor-Regulador-Dimmer-empotrable-para-Led-12_24v-conexiones-416x416.jpg 416w, https:\/\/coelectrix.com\/wp-content\/uploads\/2024\/01\/Interruptor-Regulador-Dimmer-empotrable-para-Led-12_24v-conexiones-100x100.jpg 100w, https:\/\/coelectrix.com\/wp-content\/uploads\/2024\/01\/Interruptor-Regulador-Dimmer-empotrable-para-Led-12_24v-conexiones-50x50.jpg 50w, https:\/\/coelectrix.com\/wp-content\/uploads\/2024\/01\/Interruptor-Regulador-Dimmer-empotrable-para-Led-12_24v-conexiones.jpg 600w\" sizes=\"(max-width: 300px) 100vw, 300px\" \/><\/p>\n","protected":false},"excerpt":{"rendered":"<p>Este mini interrutor e regulador de intensidade luminosa para tiras de LED de 12 ou 24v. \u00e9 o elemento ideal para regular a intensidade da luz nas tiras de LED.<br \/>\nO sistema \u00e9 t\u00e1til, com um simples &#8220;toque&#8221; liga-se ou desliga-se e mantendo-se premido a intensidade da luz \u00e9 regulada gradualmente com fun\u00e7\u00e3o de mem\u00f3ria.<\/p>\n<p>O interrutor \u00e9 encastrado com um di\u00e2metro de abertura de 10 mm, superf\u00edcie superior do interrutor de 13 mm.<\/p>\n","protected":false},"featured_media":74378,"template":"","meta":{"_acf_changed":false},"product_brand":[],"product_cat":[1296],"product_tag":[],"class_list":{"0":"post-75915","1":"product","2":"type-product","3":"status-publish","4":"has-post-thumbnail","6":"product_cat-iluminacao-12v","8":"first","9":"instock","10":"taxable","11":"shipping-taxable","12":"purchasable","13":"product-type-simple"},"acf":[],"yoast_head":"<!-- This site is optimized with the Yoast SEO plugin v27.2 - https:\/\/yoast.com\/product\/yoast-seo-wordpress\/ -->\n<title>\u25b7 Interruptor regulador da intensidade da luz para LEDs 12\/24v% |% |<\/title>\n<meta name=\"robots\" content=\"index, follow, max-snippet:-1, max-image-preview:large, max-video-preview:-1\" \/>\n<link rel=\"canonical\" href=\"https:\/\/coelectrix.com\/pt-pt\/produto\/regulador-de-interrutor-dimmer-dimmer-empotavel-interrutor-para-led-12-24v\" \/>\n<meta property=\"og:locale\" content=\"pt_PT\" \/>\n<meta property=\"og:type\" content=\"article\" \/>\n<meta property=\"og:title\" content=\"\u25b7 Interruptor regulador da intensidade da luz para LEDs 12\/24v% |% |\" \/>\n<meta property=\"og:description\" content=\"Este mini interrutor e regulador de intensidade luminosa para tiras de LED de 12 ou 24v. \u00e9 o elemento ideal para regular a intensidade da luz nas tiras de LED. O sistema \u00e9 t\u00e1til, com um simples &quot;toque&quot; liga-se ou desliga-se e mantendo-se premido a intensidade da luz \u00e9 regulada gradualmente com fun\u00e7\u00e3o de mem\u00f3ria. O interrutor \u00e9 encastrado com um di\u00e2metro de abertura de 10 mm, superf\u00edcie superior do interrutor de 13 mm.\" \/>\n<meta property=\"og:url\" content=\"https:\/\/coelectrix.com\/pt-pt\/produto\/regulador-de-interrutor-dimmer-dimmer-empotavel-interrutor-para-led-12-24v\" \/>\n<meta property=\"og:site_name\" content=\"Coelectrix\" \/>\n<meta property=\"article:modified_time\" content=\"2026-01-23T09:04:05+00:00\" \/>\n<meta property=\"og:image\" content=\"https:\/\/coelectrix.com\/wp-content\/uploads\/2024\/01\/Interruptor-Regulador-Dimmer-empotrable-para-Led-12_24v.jpg\" \/>\n\t<meta property=\"og:image:width\" content=\"600\" \/>\n\t<meta property=\"og:image:height\" content=\"600\" \/>\n\t<meta property=\"og:image:type\" content=\"image\/jpeg\" \/>\n<meta name=\"twitter:card\" content=\"summary_large_image\" \/>\n<script type=\"application\/ld+json\" class=\"yoast-schema-graph\">{\"@context\":\"https:\/\/schema.org\",\"@graph\":[{\"@type\":\"WebPage\",\"@id\":\"https:\/\/coelectrix.com\/pt-pt\/produto\/regulador-de-interrutor-dimmer-dimmer-empotavel-interrutor-para-led-12-24v\",\"url\":\"https:\/\/coelectrix.com\/pt-pt\/produto\/regulador-de-interrutor-dimmer-dimmer-empotavel-interrutor-para-led-12-24v\",\"name\":\"\u25b7 Interruptor regulador da intensidade da luz para LEDs 12\/24v% |% |\",\"isPartOf\":{\"@id\":\"https:\/\/coelectrix.com\/pt-pt\/#website\"},\"primaryImageOfPage\":{\"@id\":\"https:\/\/coelectrix.com\/pt-pt\/produto\/regulador-de-interrutor-dimmer-dimmer-empotavel-interrutor-para-led-12-24v#primaryimage\"},\"image\":{\"@id\":\"https:\/\/coelectrix.com\/pt-pt\/produto\/regulador-de-interrutor-dimmer-dimmer-empotavel-interrutor-para-led-12-24v#primaryimage\"},\"thumbnailUrl\":\"https:\/\/coelectrix.com\/wp-content\/uploads\/2024\/01\/Interruptor-Regulador-Dimmer-empotrable-para-Led-12_24v.jpg\",\"datePublished\":\"2024-01-27T10:05:43+00:00\",\"dateModified\":\"2026-01-23T09:04:05+00:00\",\"breadcrumb\":{\"@id\":\"https:\/\/coelectrix.com\/pt-pt\/produto\/regulador-de-interrutor-dimmer-dimmer-empotavel-interrutor-para-led-12-24v#breadcrumb\"},\"inLanguage\":\"pt-PT\",\"potentialAction\":[{\"@type\":\"ReadAction\",\"target\":[\"https:\/\/coelectrix.com\/pt-pt\/produto\/regulador-de-interrutor-dimmer-dimmer-empotavel-interrutor-para-led-12-24v\"]}]},{\"@type\":\"ImageObject\",\"inLanguage\":\"pt-PT\",\"@id\":\"https:\/\/coelectrix.com\/pt-pt\/produto\/regulador-de-interrutor-dimmer-dimmer-empotavel-interrutor-para-led-12-24v#primaryimage\",\"url\":\"https:\/\/coelectrix.com\/wp-content\/uploads\/2024\/01\/Interruptor-Regulador-Dimmer-empotrable-para-Led-12_24v.jpg\",\"contentUrl\":\"https:\/\/coelectrix.com\/wp-content\/uploads\/2024\/01\/Interruptor-Regulador-Dimmer-empotrable-para-Led-12_24v.jpg\",\"width\":600,\"height\":600,\"caption\":\"Interruptor regulador da intensidade da luz para LEDs 12\/24v\"},{\"@type\":\"BreadcrumbList\",\"@id\":\"https:\/\/coelectrix.com\/pt-pt\/produto\/regulador-de-interrutor-dimmer-dimmer-empotavel-interrutor-para-led-12-24v#breadcrumb\",\"itemListElement\":[{\"@type\":\"ListItem\",\"position\":1,\"name\":\"Portada\",\"item\":\"https:\/\/coelectrix.com\/\"},{\"@type\":\"ListItem\",\"position\":2,\"name\":\"Loja\",\"item\":\"https:\/\/coelectrix.com\/pt-pt\/loja\"},{\"@type\":\"ListItem\",\"position\":3,\"name\":\"Interruptor regulador da intensidade da luz para LEDs 12\/24v\"}]},{\"@type\":\"WebSite\",\"@id\":\"https:\/\/coelectrix.com\/pt-pt\/#website\",\"url\":\"https:\/\/coelectrix.com\/pt-pt\/\",\"name\":\"Coelectrix\",\"description\":\"Componentes el\u00e9ctricos\",\"publisher\":{\"@id\":\"https:\/\/coelectrix.com\/pt-pt\/#organization\"},\"potentialAction\":[{\"@type\":\"SearchAction\",\"target\":{\"@type\":\"EntryPoint\",\"urlTemplate\":\"https:\/\/coelectrix.com\/pt-pt\/?s={search_term_string}\"},\"query-input\":{\"@type\":\"PropertyValueSpecification\",\"valueRequired\":true,\"valueName\":\"search_term_string\"}}],\"inLanguage\":\"pt-PT\"},{\"@type\":\"Organization\",\"@id\":\"https:\/\/coelectrix.com\/pt-pt\/#organization\",\"name\":\"coelectrix.com\",\"url\":\"https:\/\/coelectrix.com\/pt-pt\/\",\"logo\":{\"@type\":\"ImageObject\",\"inLanguage\":\"pt-PT\",\"@id\":\"https:\/\/coelectrix.com\/pt-pt\/#\/schema\/logo\/image\/\",\"url\":\"https:\/\/coelectrix.com\/wp-content\/uploads\/2018\/05\/logo-coelectrix-400x400.jpg\",\"contentUrl\":\"https:\/\/coelectrix.com\/wp-content\/uploads\/2018\/05\/logo-coelectrix-400x400.jpg\",\"width\":300,\"height\":300,\"caption\":\"coelectrix.com\"},\"image\":{\"@id\":\"https:\/\/coelectrix.com\/pt-pt\/#\/schema\/logo\/image\/\"}}]}<\/script>\n<!-- \/ Yoast SEO plugin. -->","yoast_head_json":{"title":"\u25b7 Interruptor regulador da intensidade da luz para LEDs 12\/24v% |% |","robots":{"index":"index","follow":"follow","max-snippet":"max-snippet:-1","max-image-preview":"max-image-preview:large","max-video-preview":"max-video-preview:-1"},"canonical":"https:\/\/coelectrix.com\/pt-pt\/produto\/regulador-de-interrutor-dimmer-dimmer-empotavel-interrutor-para-led-12-24v","og_locale":"pt_PT","og_type":"article","og_title":"\u25b7 Interruptor regulador da intensidade da luz para LEDs 12\/24v% |% |","og_description":"Este mini interrutor e regulador de intensidade luminosa para tiras de LED de 12 ou 24v. \u00e9 o elemento ideal para regular a intensidade da luz nas tiras de LED. O sistema \u00e9 t\u00e1til, com um simples \"toque\" liga-se ou desliga-se e mantendo-se premido a intensidade da luz \u00e9 regulada gradualmente com fun\u00e7\u00e3o de mem\u00f3ria. O interrutor \u00e9 encastrado com um di\u00e2metro de abertura de 10 mm, superf\u00edcie superior do interrutor de 13 mm.","og_url":"https:\/\/coelectrix.com\/pt-pt\/produto\/regulador-de-interrutor-dimmer-dimmer-empotavel-interrutor-para-led-12-24v","og_site_name":"Coelectrix","article_modified_time":"2026-01-23T09:04:05+00:00","og_image":[{"width":600,"height":600,"url":"https:\/\/coelectrix.com\/wp-content\/uploads\/2024\/01\/Interruptor-Regulador-Dimmer-empotrable-para-Led-12_24v.jpg","type":"image\/jpeg"}],"twitter_card":"summary_large_image","schema":{"@context":"https:\/\/schema.org","@graph":[{"@type":"WebPage","@id":"https:\/\/coelectrix.com\/pt-pt\/produto\/regulador-de-interrutor-dimmer-dimmer-empotavel-interrutor-para-led-12-24v","url":"https:\/\/coelectrix.com\/pt-pt\/produto\/regulador-de-interrutor-dimmer-dimmer-empotavel-interrutor-para-led-12-24v","name":"\u25b7 Interruptor regulador da intensidade da luz para LEDs 12\/24v% |% |","isPartOf":{"@id":"https:\/\/coelectrix.com\/pt-pt\/#website"},"primaryImageOfPage":{"@id":"https:\/\/coelectrix.com\/pt-pt\/produto\/regulador-de-interrutor-dimmer-dimmer-empotavel-interrutor-para-led-12-24v#primaryimage"},"image":{"@id":"https:\/\/coelectrix.com\/pt-pt\/produto\/regulador-de-interrutor-dimmer-dimmer-empotavel-interrutor-para-led-12-24v#primaryimage"},"thumbnailUrl":"https:\/\/coelectrix.com\/wp-content\/uploads\/2024\/01\/Interruptor-Regulador-Dimmer-empotrable-para-Led-12_24v.jpg","datePublished":"2024-01-27T10:05:43+00:00","dateModified":"2026-01-23T09:04:05+00:00","breadcrumb":{"@id":"https:\/\/coelectrix.com\/pt-pt\/produto\/regulador-de-interrutor-dimmer-dimmer-empotavel-interrutor-para-led-12-24v#breadcrumb"},"inLanguage":"pt-PT","potentialAction":[{"@type":"ReadAction","target":["https:\/\/coelectrix.com\/pt-pt\/produto\/regulador-de-interrutor-dimmer-dimmer-empotavel-interrutor-para-led-12-24v"]}]},{"@type":"ImageObject","inLanguage":"pt-PT","@id":"https:\/\/coelectrix.com\/pt-pt\/produto\/regulador-de-interrutor-dimmer-dimmer-empotavel-interrutor-para-led-12-24v#primaryimage","url":"https:\/\/coelectrix.com\/wp-content\/uploads\/2024\/01\/Interruptor-Regulador-Dimmer-empotrable-para-Led-12_24v.jpg","contentUrl":"https:\/\/coelectrix.com\/wp-content\/uploads\/2024\/01\/Interruptor-Regulador-Dimmer-empotrable-para-Led-12_24v.jpg","width":600,"height":600,"caption":"Interruptor regulador da intensidade da luz para LEDs 12\/24v"},{"@type":"BreadcrumbList","@id":"https:\/\/coelectrix.com\/pt-pt\/produto\/regulador-de-interrutor-dimmer-dimmer-empotavel-interrutor-para-led-12-24v#breadcrumb","itemListElement":[{"@type":"ListItem","position":1,"name":"Portada","item":"https:\/\/coelectrix.com\/"},{"@type":"ListItem","position":2,"name":"Loja","item":"https:\/\/coelectrix.com\/pt-pt\/loja"},{"@type":"ListItem","position":3,"name":"Interruptor regulador da intensidade da luz para LEDs 12\/24v"}]},{"@type":"WebSite","@id":"https:\/\/coelectrix.com\/pt-pt\/#website","url":"https:\/\/coelectrix.com\/pt-pt\/","name":"Coelectrix","description":"Componentes el\u00e9ctricos","publisher":{"@id":"https:\/\/coelectrix.com\/pt-pt\/#organization"},"potentialAction":[{"@type":"SearchAction","target":{"@type":"EntryPoint","urlTemplate":"https:\/\/coelectrix.com\/pt-pt\/?s={search_term_string}"},"query-input":{"@type":"PropertyValueSpecification","valueRequired":true,"valueName":"search_term_string"}}],"inLanguage":"pt-PT"},{"@type":"Organization","@id":"https:\/\/coelectrix.com\/pt-pt\/#organization","name":"coelectrix.com","url":"https:\/\/coelectrix.com\/pt-pt\/","logo":{"@type":"ImageObject","inLanguage":"pt-PT","@id":"https:\/\/coelectrix.com\/pt-pt\/#\/schema\/logo\/image\/","url":"https:\/\/coelectrix.com\/wp-content\/uploads\/2018\/05\/logo-coelectrix-400x400.jpg","contentUrl":"https:\/\/coelectrix.com\/wp-content\/uploads\/2018\/05\/logo-coelectrix-400x400.jpg","width":300,"height":300,"caption":"coelectrix.com"},"image":{"@id":"https:\/\/coelectrix.com\/pt-pt\/#\/schema\/logo\/image\/"}}]}},"_links":{"self":[{"href":"https:\/\/coelectrix.com\/pt-pt\/wp-json\/wp\/v2\/product\/75915","targetHints":{"allow":["GET"]}}],"collection":[{"href":"https:\/\/coelectrix.com\/pt-pt\/wp-json\/wp\/v2\/product"}],"about":[{"href":"https:\/\/coelectrix.com\/pt-pt\/wp-json\/wp\/v2\/types\/product"}],"version-history":[{"count":1,"href":"https:\/\/coelectrix.com\/pt-pt\/wp-json\/wp\/v2\/product\/75915\/revisions"}],"predecessor-version":[{"id":76625,"href":"https:\/\/coelectrix.com\/pt-pt\/wp-json\/wp\/v2\/product\/75915\/revisions\/76625"}],"wp:featuredmedia":[{"embeddable":true,"href":"https:\/\/coelectrix.com\/pt-pt\/wp-json\/wp\/v2\/media\/74378"}],"wp:attachment":[{"href":"https:\/\/coelectrix.com\/pt-pt\/wp-json\/wp\/v2\/media?parent=75915"}],"wp:term":[{"taxonomy":"product_brand","embeddable":true,"href":"https:\/\/coelectrix.com\/pt-pt\/wp-json\/wp\/v2\/product_brand?post=75915"},{"taxonomy":"product_cat","embeddable":true,"href":"https:\/\/coelectrix.com\/pt-pt\/wp-json\/wp\/v2\/product_cat?post=75915"},{"taxonomy":"product_tag","embeddable":true,"href":"https:\/\/coelectrix.com\/pt-pt\/wp-json\/wp\/v2\/product_tag?post=75915"}],"curies":[{"name":"wp","href":"https:\/\/api.w.org\/{rel}","templated":true}]}}