{"id":75916,"date":"2024-01-27T10:28:50","date_gmt":"2024-01-27T09:28:50","guid":{"rendered":"https:\/\/coelectrix.com\/producto\/fita-led-cob-12v-3000k-branco-quente-5mts-480-led-metro"},"modified":"2025-08-19T06:00:45","modified_gmt":"2025-08-19T04:00:45","slug":"fita-led-cob-12v-3000k-branco-quente-5mts-480-led-metro","status":"publish","type":"product","link":"https:\/\/coelectrix.com\/pt-pt\/producto\/tira-led-cob-12v-3000k-blanco-calido-5mts-480-led-metro","title":{"rendered":"Fita LED COB 12v. 3000k Branco quente 5mts. 480 LED\/metro"},"content":{"rendered":"<h2><strong>Fita LED COB 12v. 3000k Branco quente<\/strong><\/h2>\n<p>Esta fita <strong>LED incorpora a tecnologia COB<\/strong>, que lhe permite emitir uma luz cont\u00ednua, sem pontos vis\u00edveis, especialmente recomendada quando se pretende uma ilumina\u00e7\u00e3o homog\u00e9nea, para trabalhar com superf\u00edcies reflectoras ou para utilizar difusores transparentes.<\/p>\n<p>A fita LED \u00e9 apresentada num rolo de 5 metros e permite cortes a cada 25 mm, de acordo com as marca\u00e7\u00f5es indicadas. Incorpora um autocolante 3M no verso para aderir \u00e0 superf\u00edcie desejada.<\/p>\n<p><img fetchpriority=\"high\" decoding=\"async\" class=\"alignnone size-medium wp-image-57386\" src=\"https:\/\/coelectrix.com\/wp-content\/uploads\/2024\/01\/tira-led-cob-caracteristicas-300x300.jpg\" alt=\"\" width=\"300\" height=\"300\" srcset=\"https:\/\/coelectrix.com\/wp-content\/uploads\/2024\/01\/tira-led-cob-caracteristicas-300x300.jpg 300w, https:\/\/coelectrix.com\/wp-content\/uploads\/2024\/01\/tira-led-cob-caracteristicas-150x150.jpg 150w, https:\/\/coelectrix.com\/wp-content\/uploads\/2024\/01\/tira-led-cob-caracteristicas-768x768.jpg 768w, https:\/\/coelectrix.com\/wp-content\/uploads\/2024\/01\/tira-led-cob-caracteristicas-196x196.jpg 196w, https:\/\/coelectrix.com\/wp-content\/uploads\/2024\/01\/tira-led-cob-caracteristicas-416x416.jpg 416w, https:\/\/coelectrix.com\/wp-content\/uploads\/2024\/01\/tira-led-cob-caracteristicas-100x100.jpg 100w, https:\/\/coelectrix.com\/wp-content\/uploads\/2024\/01\/tira-led-cob-caracteristicas-50x50.jpg 50w, https:\/\/coelectrix.com\/wp-content\/uploads\/2024\/01\/tira-led-cob-caracteristicas.jpg 1000w\" sizes=\"(max-width: 300px) 100vw, 300px\" \/><\/p>\n<h2><strong>Fita LED Cob de alto brilho 3000k regul\u00e1vel<\/strong><\/h2>\n<p>A fita LED \u00e9 regul\u00e1vel, pelo que tem a possibilidade de ajustar a luminosidade da fita atrav\u00e9s dos controladores &#8220;uma cor\/uma cor&#8221; dispon\u00edveis no nosso cat\u00e1logo. O regulador deve ser instalado entre a fonte de alimenta\u00e7\u00e3o e a fita LED. A fita LED tem uma tens\u00e3o de entrada de 12\/24V de corrente cont\u00ednua (DC), pelo que necessita de uma fonte de alimenta\u00e7\u00e3o que forne\u00e7a esta tens\u00e3o.<\/p>\n<h2><strong>O Led BOB oferece uma vis\u00e3o realista das cores.<\/strong><\/h2>\n<p>Com o seu <strong>CRI &gt;90<\/strong>, obtemos cores muito realistas. Isto torna esta fita LED perfeita para iluminar espa\u00e7os onde queremos que as cores sejam perfeitas.<\/p>\n<h2><strong>Instala\u00e7\u00e3o das fitas LED Cob<\/strong><\/h2>\n<p>A<strong> fita LED Cob<\/strong> pode ser cortada e unida pelos espa\u00e7os indicados na fita (zona de jun\u00e7\u00e3o do cobre), seguindo sempre as instru\u00e7\u00f5es correspondentes (ter cuidado para que o ferro de soldar mantenha um breve contacto com a fita durante a soldadura, pois o calor excessivo danificaria o condutor).<br \/>\nRecomenda-se que qualquer tipo de instala\u00e7\u00e3o deste tipo n\u00e3o exceda os 10 metros para evitar quedas de tens\u00e3o na corrente cont\u00ednua que alimenta as fitas de LED, embora tamb\u00e9m tenha a op\u00e7\u00e3o de alimentar a fita nas duas extremidades, o que \u00e9 mais aconselh\u00e1vel se for instalar 20 metros cont\u00ednuos.  Para a instala\u00e7\u00e3o de mais metros cont\u00ednuos, ser\u00e1 necess\u00e1rio instalar amplificadores de sinal para a fita LED.<\/p>\n","protected":false},"excerpt":{"rendered":"<p><strong>A fita LED COB 12\/24V DC <\/strong>destaca-se pela sua<strong> ilumina\u00e7\u00e3o brilhante e uniforme<\/strong>, sem sombras ou pontos de luz vis\u00edveis, ao contr\u00e1rio das fitas LED tradicionais.<\/p>\n<p>Al\u00e9m disso, o seu design fino <strong>de 8 mm<\/strong> e a sua <strong>grande flexibilidade<\/strong> permitem uma instala\u00e7\u00e3o f\u00e1cil em qualquer espa\u00e7o. Pode ser <strong>cortada a cada 4cm <\/strong>e tem um<strong> CRI&gt;90<\/strong><b>.<\/b><\/p>\n<p>Comprimento: <strong>5 metros<\/strong><br \/>\nTonalidade da luz:<strong>3000K Branco quente<\/strong><br \/>\nRegul\u00e1vel: <strong>Sim<\/strong>, mas necessita de um regulador de intensidade que pode encontrar no nosso cat\u00e1logo.<br \/>\nQuantidade de LEDs: <strong>480 LEDs\/m<\/strong><br \/>\nTens\u00e3o de entrada: <strong>DC 12V <\/strong><br \/>\nPot\u00eancia: <strong>10 W\/m<\/strong><br \/>\nCRI: <strong>&gt;90<\/strong><br \/>\nLargura do FPCB: <strong>8mm<\/strong><br \/>\nIP20: <strong>utiliza\u00e7\u00e3o em interiores<br \/>\nAutoadesivo 3M<\/strong><\/p>\n<p><strong> <\/strong><\/p>\n","protected":false},"featured_media":74376,"template":"","meta":{"_acf_changed":false},"product_brand":[],"product_cat":[1296],"product_tag":[],"class_list":{"0":"post-75916","1":"product","2":"type-product","3":"status-publish","4":"has-post-thumbnail","6":"product_cat-iluminacao-12v","8":"first","9":"instock","10":"taxable","11":"shipping-taxable","12":"purchasable","13":"product-type-simple"},"acf":[],"yoast_head":"<!-- This site is optimized with the Yoast SEO plugin v27.2 - https:\/\/yoast.com\/product\/yoast-seo-wordpress\/ -->\n<title>\u25b7 Fita LED COB 12v. 3000k Branco quente 5mts. 480 LED\/metro | Coelectrix.com<\/title>\n<meta name=\"description\" content=\"A fita LED COB 12V DC destaca-se pela sua ilumina\u00e7\u00e3o brilhante e uniforme, sem sombras ou pontos de luz vis\u00edveis.\" \/>\n<meta name=\"robots\" content=\"index, follow, max-snippet:-1, max-image-preview:large, max-video-preview:-1\" \/>\n<link rel=\"canonical\" href=\"https:\/\/coelectrix.com\/pt-pt\/producto\/tira-led-cob-12v-3000k-blanco-calido-5mts-480-led-metro\" \/>\n<meta property=\"og:locale\" content=\"pt_PT\" \/>\n<meta property=\"og:type\" content=\"article\" \/>\n<meta property=\"og:title\" content=\"\u25b7 Fita LED COB 12v. 3000k Branco quente 5mts. 480 LED\/metro | Coelectrix.com\" \/>\n<meta property=\"og:description\" content=\"A fita LED COB 12V DC destaca-se pela sua ilumina\u00e7\u00e3o brilhante e uniforme, sem sombras ou pontos de luz vis\u00edveis.\" \/>\n<meta property=\"og:url\" content=\"https:\/\/coelectrix.com\/pt-pt\/producto\/tira-led-cob-12v-3000k-blanco-calido-5mts-480-led-metro\" \/>\n<meta property=\"og:site_name\" content=\"Coelectrix\" \/>\n<meta property=\"article:modified_time\" content=\"2025-08-19T04:00:45+00:00\" \/>\n<meta property=\"og:image\" content=\"https:\/\/coelectrix.com\/wp-content\/uploads\/2024\/01\/led-cob-3000k-blanco-calido.jpg\" \/>\n\t<meta property=\"og:image:width\" content=\"600\" \/>\n\t<meta property=\"og:image:height\" content=\"600\" \/>\n\t<meta property=\"og:image:type\" content=\"image\/jpeg\" \/>\n<meta name=\"twitter:card\" content=\"summary_large_image\" \/>\n<meta name=\"twitter:label1\" content=\"Tempo estimado de leitura\" \/>\n\t<meta name=\"twitter:data1\" content=\"2 minutos\" \/>\n<script type=\"application\/ld+json\" class=\"yoast-schema-graph\">{\"@context\":\"https:\/\/schema.org\",\"@graph\":[{\"@type\":\"WebPage\",\"@id\":\"https:\/\/coelectrix.com\/pt-pt\/producto\/tira-led-cob-12v-3000k-blanco-calido-5mts-480-led-metro\",\"url\":\"https:\/\/coelectrix.com\/pt-pt\/producto\/tira-led-cob-12v-3000k-blanco-calido-5mts-480-led-metro\",\"name\":\"\u25b7 Fita LED COB 12v. 3000k Branco quente 5mts. 480 LED\/metro | Coelectrix.com\",\"isPartOf\":{\"@id\":\"https:\/\/coelectrix.com\/pt-pt\/#website\"},\"primaryImageOfPage\":{\"@id\":\"https:\/\/coelectrix.com\/pt-pt\/producto\/tira-led-cob-12v-3000k-blanco-calido-5mts-480-led-metro#primaryimage\"},\"image\":{\"@id\":\"https:\/\/coelectrix.com\/pt-pt\/producto\/tira-led-cob-12v-3000k-blanco-calido-5mts-480-led-metro#primaryimage\"},\"thumbnailUrl\":\"https:\/\/coelectrix.com\/wp-content\/uploads\/2024\/01\/led-cob-3000k-blanco-calido.jpg\",\"datePublished\":\"2024-01-27T09:28:50+00:00\",\"dateModified\":\"2025-08-19T04:00:45+00:00\",\"description\":\"A fita LED COB 12V DC destaca-se pela sua ilumina\u00e7\u00e3o brilhante e uniforme, sem sombras ou pontos de luz vis\u00edveis.\",\"breadcrumb\":{\"@id\":\"https:\/\/coelectrix.com\/pt-pt\/producto\/tira-led-cob-12v-3000k-blanco-calido-5mts-480-led-metro#breadcrumb\"},\"inLanguage\":\"pt-PT\",\"potentialAction\":[{\"@type\":\"ReadAction\",\"target\":[\"https:\/\/coelectrix.com\/pt-pt\/producto\/tira-led-cob-12v-3000k-blanco-calido-5mts-480-led-metro\"]}]},{\"@type\":\"ImageObject\",\"inLanguage\":\"pt-PT\",\"@id\":\"https:\/\/coelectrix.com\/pt-pt\/producto\/tira-led-cob-12v-3000k-blanco-calido-5mts-480-led-metro#primaryimage\",\"url\":\"https:\/\/coelectrix.com\/wp-content\/uploads\/2024\/01\/led-cob-3000k-blanco-calido.jpg\",\"contentUrl\":\"https:\/\/coelectrix.com\/wp-content\/uploads\/2024\/01\/led-cob-3000k-blanco-calido.jpg\",\"width\":600,\"height\":600},{\"@type\":\"BreadcrumbList\",\"@id\":\"https:\/\/coelectrix.com\/pt-pt\/producto\/tira-led-cob-12v-3000k-blanco-calido-5mts-480-led-metro#breadcrumb\",\"itemListElement\":[{\"@type\":\"ListItem\",\"position\":1,\"name\":\"Portada\",\"item\":\"https:\/\/coelectrix.com\/\"},{\"@type\":\"ListItem\",\"position\":2,\"name\":\"Loja\",\"item\":\"https:\/\/coelectrix.com\/pt-pt\/loja\"},{\"@type\":\"ListItem\",\"position\":3,\"name\":\"Fita LED COB 12v. 3000k Branco quente 5mts. 480 LED\/metro\"}]},{\"@type\":\"WebSite\",\"@id\":\"https:\/\/coelectrix.com\/pt-pt\/#website\",\"url\":\"https:\/\/coelectrix.com\/pt-pt\/\",\"name\":\"Coelectrix\",\"description\":\"Componentes el\u00e9ctricos\",\"publisher\":{\"@id\":\"https:\/\/coelectrix.com\/pt-pt\/#organization\"},\"potentialAction\":[{\"@type\":\"SearchAction\",\"target\":{\"@type\":\"EntryPoint\",\"urlTemplate\":\"https:\/\/coelectrix.com\/pt-pt\/?s={search_term_string}\"},\"query-input\":{\"@type\":\"PropertyValueSpecification\",\"valueRequired\":true,\"valueName\":\"search_term_string\"}}],\"inLanguage\":\"pt-PT\"},{\"@type\":\"Organization\",\"@id\":\"https:\/\/coelectrix.com\/pt-pt\/#organization\",\"name\":\"coelectrix.com\",\"url\":\"https:\/\/coelectrix.com\/pt-pt\/\",\"logo\":{\"@type\":\"ImageObject\",\"inLanguage\":\"pt-PT\",\"@id\":\"https:\/\/coelectrix.com\/pt-pt\/#\/schema\/logo\/image\/\",\"url\":\"https:\/\/coelectrix.com\/wp-content\/uploads\/2018\/05\/logo-coelectrix-400x400.jpg\",\"contentUrl\":\"https:\/\/coelectrix.com\/wp-content\/uploads\/2018\/05\/logo-coelectrix-400x400.jpg\",\"width\":300,\"height\":300,\"caption\":\"coelectrix.com\"},\"image\":{\"@id\":\"https:\/\/coelectrix.com\/pt-pt\/#\/schema\/logo\/image\/\"}}]}<\/script>\n<!-- \/ Yoast SEO plugin. -->","yoast_head_json":{"title":"\u25b7 Fita LED COB 12v. 3000k Branco quente 5mts. 480 LED\/metro | Coelectrix.com","description":"A fita LED COB 12V DC destaca-se pela sua ilumina\u00e7\u00e3o brilhante e uniforme, sem sombras ou pontos de luz vis\u00edveis.","robots":{"index":"index","follow":"follow","max-snippet":"max-snippet:-1","max-image-preview":"max-image-preview:large","max-video-preview":"max-video-preview:-1"},"canonical":"https:\/\/coelectrix.com\/pt-pt\/producto\/tira-led-cob-12v-3000k-blanco-calido-5mts-480-led-metro","og_locale":"pt_PT","og_type":"article","og_title":"\u25b7 Fita LED COB 12v. 3000k Branco quente 5mts. 480 LED\/metro | Coelectrix.com","og_description":"A fita LED COB 12V DC destaca-se pela sua ilumina\u00e7\u00e3o brilhante e uniforme, sem sombras ou pontos de luz vis\u00edveis.","og_url":"https:\/\/coelectrix.com\/pt-pt\/producto\/tira-led-cob-12v-3000k-blanco-calido-5mts-480-led-metro","og_site_name":"Coelectrix","article_modified_time":"2025-08-19T04:00:45+00:00","og_image":[{"width":600,"height":600,"url":"https:\/\/coelectrix.com\/wp-content\/uploads\/2024\/01\/led-cob-3000k-blanco-calido.jpg","type":"image\/jpeg"}],"twitter_card":"summary_large_image","twitter_misc":{"Tempo estimado de leitura":"2 minutos"},"schema":{"@context":"https:\/\/schema.org","@graph":[{"@type":"WebPage","@id":"https:\/\/coelectrix.com\/pt-pt\/producto\/tira-led-cob-12v-3000k-blanco-calido-5mts-480-led-metro","url":"https:\/\/coelectrix.com\/pt-pt\/producto\/tira-led-cob-12v-3000k-blanco-calido-5mts-480-led-metro","name":"\u25b7 Fita LED COB 12v. 3000k Branco quente 5mts. 480 LED\/metro | Coelectrix.com","isPartOf":{"@id":"https:\/\/coelectrix.com\/pt-pt\/#website"},"primaryImageOfPage":{"@id":"https:\/\/coelectrix.com\/pt-pt\/producto\/tira-led-cob-12v-3000k-blanco-calido-5mts-480-led-metro#primaryimage"},"image":{"@id":"https:\/\/coelectrix.com\/pt-pt\/producto\/tira-led-cob-12v-3000k-blanco-calido-5mts-480-led-metro#primaryimage"},"thumbnailUrl":"https:\/\/coelectrix.com\/wp-content\/uploads\/2024\/01\/led-cob-3000k-blanco-calido.jpg","datePublished":"2024-01-27T09:28:50+00:00","dateModified":"2025-08-19T04:00:45+00:00","description":"A fita LED COB 12V DC destaca-se pela sua ilumina\u00e7\u00e3o brilhante e uniforme, sem sombras ou pontos de luz vis\u00edveis.","breadcrumb":{"@id":"https:\/\/coelectrix.com\/pt-pt\/producto\/tira-led-cob-12v-3000k-blanco-calido-5mts-480-led-metro#breadcrumb"},"inLanguage":"pt-PT","potentialAction":[{"@type":"ReadAction","target":["https:\/\/coelectrix.com\/pt-pt\/producto\/tira-led-cob-12v-3000k-blanco-calido-5mts-480-led-metro"]}]},{"@type":"ImageObject","inLanguage":"pt-PT","@id":"https:\/\/coelectrix.com\/pt-pt\/producto\/tira-led-cob-12v-3000k-blanco-calido-5mts-480-led-metro#primaryimage","url":"https:\/\/coelectrix.com\/wp-content\/uploads\/2024\/01\/led-cob-3000k-blanco-calido.jpg","contentUrl":"https:\/\/coelectrix.com\/wp-content\/uploads\/2024\/01\/led-cob-3000k-blanco-calido.jpg","width":600,"height":600},{"@type":"BreadcrumbList","@id":"https:\/\/coelectrix.com\/pt-pt\/producto\/tira-led-cob-12v-3000k-blanco-calido-5mts-480-led-metro#breadcrumb","itemListElement":[{"@type":"ListItem","position":1,"name":"Portada","item":"https:\/\/coelectrix.com\/"},{"@type":"ListItem","position":2,"name":"Loja","item":"https:\/\/coelectrix.com\/pt-pt\/loja"},{"@type":"ListItem","position":3,"name":"Fita LED COB 12v. 3000k Branco quente 5mts. 480 LED\/metro"}]},{"@type":"WebSite","@id":"https:\/\/coelectrix.com\/pt-pt\/#website","url":"https:\/\/coelectrix.com\/pt-pt\/","name":"Coelectrix","description":"Componentes el\u00e9ctricos","publisher":{"@id":"https:\/\/coelectrix.com\/pt-pt\/#organization"},"potentialAction":[{"@type":"SearchAction","target":{"@type":"EntryPoint","urlTemplate":"https:\/\/coelectrix.com\/pt-pt\/?s={search_term_string}"},"query-input":{"@type":"PropertyValueSpecification","valueRequired":true,"valueName":"search_term_string"}}],"inLanguage":"pt-PT"},{"@type":"Organization","@id":"https:\/\/coelectrix.com\/pt-pt\/#organization","name":"coelectrix.com","url":"https:\/\/coelectrix.com\/pt-pt\/","logo":{"@type":"ImageObject","inLanguage":"pt-PT","@id":"https:\/\/coelectrix.com\/pt-pt\/#\/schema\/logo\/image\/","url":"https:\/\/coelectrix.com\/wp-content\/uploads\/2018\/05\/logo-coelectrix-400x400.jpg","contentUrl":"https:\/\/coelectrix.com\/wp-content\/uploads\/2018\/05\/logo-coelectrix-400x400.jpg","width":300,"height":300,"caption":"coelectrix.com"},"image":{"@id":"https:\/\/coelectrix.com\/pt-pt\/#\/schema\/logo\/image\/"}}]}},"_links":{"self":[{"href":"https:\/\/coelectrix.com\/pt-pt\/wp-json\/wp\/v2\/product\/75916","targetHints":{"allow":["GET"]}}],"collection":[{"href":"https:\/\/coelectrix.com\/pt-pt\/wp-json\/wp\/v2\/product"}],"about":[{"href":"https:\/\/coelectrix.com\/pt-pt\/wp-json\/wp\/v2\/types\/product"}],"version-history":[{"count":1,"href":"https:\/\/coelectrix.com\/pt-pt\/wp-json\/wp\/v2\/product\/75916\/revisions"}],"predecessor-version":[{"id":76626,"href":"https:\/\/coelectrix.com\/pt-pt\/wp-json\/wp\/v2\/product\/75916\/revisions\/76626"}],"wp:featuredmedia":[{"embeddable":true,"href":"https:\/\/coelectrix.com\/pt-pt\/wp-json\/wp\/v2\/media\/74376"}],"wp:attachment":[{"href":"https:\/\/coelectrix.com\/pt-pt\/wp-json\/wp\/v2\/media?parent=75916"}],"wp:term":[{"taxonomy":"product_brand","embeddable":true,"href":"https:\/\/coelectrix.com\/pt-pt\/wp-json\/wp\/v2\/product_brand?post=75916"},{"taxonomy":"product_cat","embeddable":true,"href":"https:\/\/coelectrix.com\/pt-pt\/wp-json\/wp\/v2\/product_cat?post=75916"},{"taxonomy":"product_tag","embeddable":true,"href":"https:\/\/coelectrix.com\/pt-pt\/wp-json\/wp\/v2\/product_tag?post=75916"}],"curies":[{"name":"wp","href":"https:\/\/api.w.org\/{rel}","templated":true}]}}