{"id":75918,"date":"2024-10-18T13:34:52","date_gmt":"2024-10-18T11:34:52","guid":{"rendered":"https:\/\/coelectrix.com\/producto\/interruptor-redondo-embutido-on-off-com-led-verde"},"modified":"2025-08-19T05:57:08","modified_gmt":"2025-08-19T03:57:08","slug":"interruptor-redondo-embutido-on-off-com-led-verde","status":"publish","type":"product","link":"https:\/\/coelectrix.com\/pt-pt\/produto\/interrutor-redondo-fora-de-fora-vazio-recessado-com-led-verde","title":{"rendered":"Interruptor redondo embutido On-Off com LED Verde"},"content":{"rendered":"<h2><strong>Interruptor redondo On-Off com LED verde<\/strong><\/h2>\n<p>Ideal para montagem embutida no interior para ligar\/desligar sistemas de 12v<\/p>\n<p>Estes interruptores basculantes para montagem em painel t\u00eam luzes indicadoras incorporadas para o avisar quando o interrutor \u00e9 ativado. S\u00e3o montados num orif\u00edcio de 20,2 mm de di\u00e2metro e est\u00e3o classificados at\u00e9 16A a 12V. Estes interruptores simples SPST on\/off t\u00eam tr\u00eas terminais, os dois que veria normalmente mais uma patilha de terra para a l\u00e2mpada LED azul no interior. Apesar de estarem dimensionados para 12V, o LED funciona com apenas 5V.<\/p>\n<p>Dimens\u00f5es: Di\u00e2metro 22,8mm. Altura 17mm. Tamanho do orif\u00edcio de encaixe 20mm.<br \/>\nMaterial: Pl\u00e1stico.<br \/>\nCor do LED: Verde<\/p>\n<p>Liga\u00e7\u00e3o ao cabo atrav\u00e9s de terminal Faston de 4,8 mm.<\/p>\n","protected":false},"excerpt":{"rendered":"<p>Interruptor basculante redondo On-Off com indicador LED<\/p>\n<p>Ideal para montagem em pain\u00e9is interiores para ligar\/desligar<\/p>\n<p class=\"gt-block\"><strong>Carater\u00edsticas:<\/strong><\/p>\n<ul>\n<li>Indicador LED verde<\/li>\n<li>SPST on-off<\/li>\n<li>Classificado at\u00e9 16A @ 12v<\/li>\n<li>Orif\u00edcio de montagem com 20 mm de di\u00e2metro<\/li>\n<\/ul>\n","protected":false},"featured_media":74548,"template":"","meta":{"_acf_changed":false},"product_brand":[],"product_cat":[1339,1298],"product_tag":[],"class_list":{"0":"post-75918","1":"product","2":"type-product","3":"status-publish","4":"has-post-thumbnail","6":"product_cat-interruptores-pt","7":"product_cat-interruptores-redondos-on-off-com-led","9":"first","10":"instock","11":"taxable","12":"shipping-taxable","13":"purchasable","14":"product-type-simple"},"acf":[],"yoast_head":"<!-- This site is optimized with the Yoast SEO plugin v27.2 - https:\/\/yoast.com\/product\/yoast-seo-wordpress\/ -->\n<title>\u25b7 Interruptor redondo embutido On-Off com LED Verde | Coelectrix.com<\/title>\n<meta name=\"description\" content=\"Interruptor redondo de encastrar On-Off com led ideal para liga\u00e7\u00f5es 12v\/220v em interiores. Utilizado em caravanas, caravanas, autom\u00f3vel, n\u00e1utica...etc.\" \/>\n<meta name=\"robots\" content=\"index, follow, max-snippet:-1, max-image-preview:large, max-video-preview:-1\" \/>\n<link rel=\"canonical\" href=\"https:\/\/coelectrix.com\/pt-pt\/produto\/interrutor-redondo-fora-de-fora-vazio-recessado-com-led-verde\" \/>\n<meta property=\"og:locale\" content=\"pt_PT\" \/>\n<meta property=\"og:type\" content=\"article\" \/>\n<meta property=\"og:title\" content=\"\u25b7 Interruptor redondo embutido On-Off com LED Verde | Coelectrix.com\" \/>\n<meta property=\"og:description\" content=\"Interruptor redondo de encastrar On-Off com led ideal para liga\u00e7\u00f5es 12v\/220v em interiores. Utilizado em caravanas, caravanas, autom\u00f3vel, n\u00e1utica...etc.\" \/>\n<meta property=\"og:url\" content=\"https:\/\/coelectrix.com\/pt-pt\/produto\/interrutor-redondo-fora-de-fora-vazio-recessado-com-led-verde\" \/>\n<meta property=\"og:site_name\" content=\"Coelectrix\" \/>\n<meta property=\"article:modified_time\" content=\"2025-08-19T03:57:08+00:00\" \/>\n<meta property=\"og:image\" content=\"https:\/\/coelectrix.com\/wp-content\/uploads\/2024\/10\/Interruptor-redondo-On-Off-empotrable-con-LED-Verde.png\" \/>\n\t<meta property=\"og:image:width\" content=\"600\" \/>\n\t<meta property=\"og:image:height\" content=\"600\" \/>\n\t<meta property=\"og:image:type\" content=\"image\/png\" \/>\n<meta name=\"twitter:card\" content=\"summary_large_image\" \/>\n<meta name=\"twitter:label1\" content=\"Tempo estimado de leitura\" \/>\n\t<meta name=\"twitter:data1\" content=\"1 minuto\" \/>\n<script type=\"application\/ld+json\" class=\"yoast-schema-graph\">{\"@context\":\"https:\/\/schema.org\",\"@graph\":[{\"@type\":\"WebPage\",\"@id\":\"https:\/\/coelectrix.com\/pt-pt\/produto\/interrutor-redondo-fora-de-fora-vazio-recessado-com-led-verde\",\"url\":\"https:\/\/coelectrix.com\/pt-pt\/produto\/interrutor-redondo-fora-de-fora-vazio-recessado-com-led-verde\",\"name\":\"\u25b7 Interruptor redondo embutido On-Off com LED Verde | Coelectrix.com\",\"isPartOf\":{\"@id\":\"https:\/\/coelectrix.com\/pt-pt\/#website\"},\"primaryImageOfPage\":{\"@id\":\"https:\/\/coelectrix.com\/pt-pt\/produto\/interrutor-redondo-fora-de-fora-vazio-recessado-com-led-verde#primaryimage\"},\"image\":{\"@id\":\"https:\/\/coelectrix.com\/pt-pt\/produto\/interrutor-redondo-fora-de-fora-vazio-recessado-com-led-verde#primaryimage\"},\"thumbnailUrl\":\"https:\/\/coelectrix.com\/wp-content\/uploads\/2024\/10\/Interruptor-redondo-On-Off-empotrable-con-LED-Verde.png\",\"datePublished\":\"2024-10-18T11:34:52+00:00\",\"dateModified\":\"2025-08-19T03:57:08+00:00\",\"description\":\"Interruptor redondo de encastrar On-Off com led ideal para liga\u00e7\u00f5es 12v\/220v em interiores. Utilizado em caravanas, caravanas, autom\u00f3vel, n\u00e1utica...etc.\",\"breadcrumb\":{\"@id\":\"https:\/\/coelectrix.com\/pt-pt\/produto\/interrutor-redondo-fora-de-fora-vazio-recessado-com-led-verde#breadcrumb\"},\"inLanguage\":\"pt-PT\",\"potentialAction\":[{\"@type\":\"ReadAction\",\"target\":[\"https:\/\/coelectrix.com\/pt-pt\/produto\/interrutor-redondo-fora-de-fora-vazio-recessado-com-led-verde\"]}]},{\"@type\":\"ImageObject\",\"inLanguage\":\"pt-PT\",\"@id\":\"https:\/\/coelectrix.com\/pt-pt\/produto\/interrutor-redondo-fora-de-fora-vazio-recessado-com-led-verde#primaryimage\",\"url\":\"https:\/\/coelectrix.com\/wp-content\/uploads\/2024\/10\/Interruptor-redondo-On-Off-empotrable-con-LED-Verde.png\",\"contentUrl\":\"https:\/\/coelectrix.com\/wp-content\/uploads\/2024\/10\/Interruptor-redondo-On-Off-empotrable-con-LED-Verde.png\",\"width\":600,\"height\":600,\"caption\":\"Interruptor redondo embutido On-Off com LED Verde\"},{\"@type\":\"BreadcrumbList\",\"@id\":\"https:\/\/coelectrix.com\/pt-pt\/produto\/interrutor-redondo-fora-de-fora-vazio-recessado-com-led-verde#breadcrumb\",\"itemListElement\":[{\"@type\":\"ListItem\",\"position\":1,\"name\":\"Portada\",\"item\":\"https:\/\/coelectrix.com\/\"},{\"@type\":\"ListItem\",\"position\":2,\"name\":\"Loja\",\"item\":\"https:\/\/coelectrix.com\/pt-pt\/loja\"},{\"@type\":\"ListItem\",\"position\":3,\"name\":\"Interruptor redondo embutido On-Off com LED Verde\"}]},{\"@type\":\"WebSite\",\"@id\":\"https:\/\/coelectrix.com\/pt-pt\/#website\",\"url\":\"https:\/\/coelectrix.com\/pt-pt\/\",\"name\":\"Coelectrix\",\"description\":\"Componentes el\u00e9ctricos\",\"publisher\":{\"@id\":\"https:\/\/coelectrix.com\/pt-pt\/#organization\"},\"potentialAction\":[{\"@type\":\"SearchAction\",\"target\":{\"@type\":\"EntryPoint\",\"urlTemplate\":\"https:\/\/coelectrix.com\/pt-pt\/?s={search_term_string}\"},\"query-input\":{\"@type\":\"PropertyValueSpecification\",\"valueRequired\":true,\"valueName\":\"search_term_string\"}}],\"inLanguage\":\"pt-PT\"},{\"@type\":\"Organization\",\"@id\":\"https:\/\/coelectrix.com\/pt-pt\/#organization\",\"name\":\"coelectrix.com\",\"url\":\"https:\/\/coelectrix.com\/pt-pt\/\",\"logo\":{\"@type\":\"ImageObject\",\"inLanguage\":\"pt-PT\",\"@id\":\"https:\/\/coelectrix.com\/pt-pt\/#\/schema\/logo\/image\/\",\"url\":\"https:\/\/coelectrix.com\/wp-content\/uploads\/2018\/05\/logo-coelectrix-400x400.jpg\",\"contentUrl\":\"https:\/\/coelectrix.com\/wp-content\/uploads\/2018\/05\/logo-coelectrix-400x400.jpg\",\"width\":300,\"height\":300,\"caption\":\"coelectrix.com\"},\"image\":{\"@id\":\"https:\/\/coelectrix.com\/pt-pt\/#\/schema\/logo\/image\/\"}}]}<\/script>\n<!-- \/ Yoast SEO plugin. -->","yoast_head_json":{"title":"\u25b7 Interruptor redondo embutido On-Off com LED Verde | Coelectrix.com","description":"Interruptor redondo de encastrar On-Off com led ideal para liga\u00e7\u00f5es 12v\/220v em interiores. Utilizado em caravanas, caravanas, autom\u00f3vel, n\u00e1utica...etc.","robots":{"index":"index","follow":"follow","max-snippet":"max-snippet:-1","max-image-preview":"max-image-preview:large","max-video-preview":"max-video-preview:-1"},"canonical":"https:\/\/coelectrix.com\/pt-pt\/produto\/interrutor-redondo-fora-de-fora-vazio-recessado-com-led-verde","og_locale":"pt_PT","og_type":"article","og_title":"\u25b7 Interruptor redondo embutido On-Off com LED Verde | Coelectrix.com","og_description":"Interruptor redondo de encastrar On-Off com led ideal para liga\u00e7\u00f5es 12v\/220v em interiores. Utilizado em caravanas, caravanas, autom\u00f3vel, n\u00e1utica...etc.","og_url":"https:\/\/coelectrix.com\/pt-pt\/produto\/interrutor-redondo-fora-de-fora-vazio-recessado-com-led-verde","og_site_name":"Coelectrix","article_modified_time":"2025-08-19T03:57:08+00:00","og_image":[{"width":600,"height":600,"url":"https:\/\/coelectrix.com\/wp-content\/uploads\/2024\/10\/Interruptor-redondo-On-Off-empotrable-con-LED-Verde.png","type":"image\/png"}],"twitter_card":"summary_large_image","twitter_misc":{"Tempo estimado de leitura":"1 minuto"},"schema":{"@context":"https:\/\/schema.org","@graph":[{"@type":"WebPage","@id":"https:\/\/coelectrix.com\/pt-pt\/produto\/interrutor-redondo-fora-de-fora-vazio-recessado-com-led-verde","url":"https:\/\/coelectrix.com\/pt-pt\/produto\/interrutor-redondo-fora-de-fora-vazio-recessado-com-led-verde","name":"\u25b7 Interruptor redondo embutido On-Off com LED Verde | Coelectrix.com","isPartOf":{"@id":"https:\/\/coelectrix.com\/pt-pt\/#website"},"primaryImageOfPage":{"@id":"https:\/\/coelectrix.com\/pt-pt\/produto\/interrutor-redondo-fora-de-fora-vazio-recessado-com-led-verde#primaryimage"},"image":{"@id":"https:\/\/coelectrix.com\/pt-pt\/produto\/interrutor-redondo-fora-de-fora-vazio-recessado-com-led-verde#primaryimage"},"thumbnailUrl":"https:\/\/coelectrix.com\/wp-content\/uploads\/2024\/10\/Interruptor-redondo-On-Off-empotrable-con-LED-Verde.png","datePublished":"2024-10-18T11:34:52+00:00","dateModified":"2025-08-19T03:57:08+00:00","description":"Interruptor redondo de encastrar On-Off com led ideal para liga\u00e7\u00f5es 12v\/220v em interiores. Utilizado em caravanas, caravanas, autom\u00f3vel, n\u00e1utica...etc.","breadcrumb":{"@id":"https:\/\/coelectrix.com\/pt-pt\/produto\/interrutor-redondo-fora-de-fora-vazio-recessado-com-led-verde#breadcrumb"},"inLanguage":"pt-PT","potentialAction":[{"@type":"ReadAction","target":["https:\/\/coelectrix.com\/pt-pt\/produto\/interrutor-redondo-fora-de-fora-vazio-recessado-com-led-verde"]}]},{"@type":"ImageObject","inLanguage":"pt-PT","@id":"https:\/\/coelectrix.com\/pt-pt\/produto\/interrutor-redondo-fora-de-fora-vazio-recessado-com-led-verde#primaryimage","url":"https:\/\/coelectrix.com\/wp-content\/uploads\/2024\/10\/Interruptor-redondo-On-Off-empotrable-con-LED-Verde.png","contentUrl":"https:\/\/coelectrix.com\/wp-content\/uploads\/2024\/10\/Interruptor-redondo-On-Off-empotrable-con-LED-Verde.png","width":600,"height":600,"caption":"Interruptor redondo embutido On-Off com LED Verde"},{"@type":"BreadcrumbList","@id":"https:\/\/coelectrix.com\/pt-pt\/produto\/interrutor-redondo-fora-de-fora-vazio-recessado-com-led-verde#breadcrumb","itemListElement":[{"@type":"ListItem","position":1,"name":"Portada","item":"https:\/\/coelectrix.com\/"},{"@type":"ListItem","position":2,"name":"Loja","item":"https:\/\/coelectrix.com\/pt-pt\/loja"},{"@type":"ListItem","position":3,"name":"Interruptor redondo embutido On-Off com LED Verde"}]},{"@type":"WebSite","@id":"https:\/\/coelectrix.com\/pt-pt\/#website","url":"https:\/\/coelectrix.com\/pt-pt\/","name":"Coelectrix","description":"Componentes el\u00e9ctricos","publisher":{"@id":"https:\/\/coelectrix.com\/pt-pt\/#organization"},"potentialAction":[{"@type":"SearchAction","target":{"@type":"EntryPoint","urlTemplate":"https:\/\/coelectrix.com\/pt-pt\/?s={search_term_string}"},"query-input":{"@type":"PropertyValueSpecification","valueRequired":true,"valueName":"search_term_string"}}],"inLanguage":"pt-PT"},{"@type":"Organization","@id":"https:\/\/coelectrix.com\/pt-pt\/#organization","name":"coelectrix.com","url":"https:\/\/coelectrix.com\/pt-pt\/","logo":{"@type":"ImageObject","inLanguage":"pt-PT","@id":"https:\/\/coelectrix.com\/pt-pt\/#\/schema\/logo\/image\/","url":"https:\/\/coelectrix.com\/wp-content\/uploads\/2018\/05\/logo-coelectrix-400x400.jpg","contentUrl":"https:\/\/coelectrix.com\/wp-content\/uploads\/2018\/05\/logo-coelectrix-400x400.jpg","width":300,"height":300,"caption":"coelectrix.com"},"image":{"@id":"https:\/\/coelectrix.com\/pt-pt\/#\/schema\/logo\/image\/"}}]}},"_links":{"self":[{"href":"https:\/\/coelectrix.com\/pt-pt\/wp-json\/wp\/v2\/product\/75918","targetHints":{"allow":["GET"]}}],"collection":[{"href":"https:\/\/coelectrix.com\/pt-pt\/wp-json\/wp\/v2\/product"}],"about":[{"href":"https:\/\/coelectrix.com\/pt-pt\/wp-json\/wp\/v2\/types\/product"}],"version-history":[{"count":1,"href":"https:\/\/coelectrix.com\/pt-pt\/wp-json\/wp\/v2\/product\/75918\/revisions"}],"predecessor-version":[{"id":76600,"href":"https:\/\/coelectrix.com\/pt-pt\/wp-json\/wp\/v2\/product\/75918\/revisions\/76600"}],"wp:featuredmedia":[{"embeddable":true,"href":"https:\/\/coelectrix.com\/pt-pt\/wp-json\/wp\/v2\/media\/74548"}],"wp:attachment":[{"href":"https:\/\/coelectrix.com\/pt-pt\/wp-json\/wp\/v2\/media?parent=75918"}],"wp:term":[{"taxonomy":"product_brand","embeddable":true,"href":"https:\/\/coelectrix.com\/pt-pt\/wp-json\/wp\/v2\/product_brand?post=75918"},{"taxonomy":"product_cat","embeddable":true,"href":"https:\/\/coelectrix.com\/pt-pt\/wp-json\/wp\/v2\/product_cat?post=75918"},{"taxonomy":"product_tag","embeddable":true,"href":"https:\/\/coelectrix.com\/pt-pt\/wp-json\/wp\/v2\/product_tag?post=75918"}],"curies":[{"name":"wp","href":"https:\/\/api.w.org\/{rel}","templated":true}]}}