{"id":75922,"date":"2024-03-27T08:49:08","date_gmt":"2024-03-27T07:49:08","guid":{"rendered":"https:\/\/coelectrix.com\/producto\/interruptor-de-botao-de-pressao-de-desligamento-nao-bloqueante"},"modified":"2025-08-19T06:00:45","modified_gmt":"2025-08-19T04:00:45","slug":"interruptor-de-botao-de-pressao-de-desligamento-nao-bloqueante","status":"publish","type":"product","link":"https:\/\/coelectrix.com\/pt-pt\/produto\/interrutor-de-botao-de-pressao-sem-bloqueio-off-on","title":{"rendered":"Interruptor de bot\u00e3o de press\u00e3o de desligamento n\u00e3o bloqueante"},"content":{"rendered":"<p><strong style=\"font-size: 2em;\">Interruptor de bot\u00e3o de press\u00e3o OFF-ON encastrado<\/strong><\/p>\n<p>Bot\u00e3o de press\u00e3o normalmente aberto em standby e quando premido deixa passar momentaneamente a corrente at\u00e9 deixar de premir.<br \/>\nIndicado para a instala\u00e7\u00e3o de componentes que necessitem de ser alimentados de vez em quando, tais como campainhas, ilumina\u00e7\u00e3o, volt\u00edmetros, ativa\u00e7\u00e3o de rel\u00e9s&#8230; etc.<\/p>\n<p><img decoding=\"async\" class=\"alignnone wp-image-35194\" src=\"https:\/\/coelectrix.com\/wp-content\/uploads\/2021\/11\/pulsador-normalmente-abierto-300x300.jpg\" alt=\"\" width=\"140\" height=\"140\" srcset=\"https:\/\/coelectrix.com\/wp-content\/uploads\/2021\/11\/pulsador-normalmente-abierto-300x300.jpg 300w, https:\/\/coelectrix.com\/wp-content\/uploads\/2021\/11\/pulsador-normalmente-abierto-196x196.jpg 196w, https:\/\/coelectrix.com\/wp-content\/uploads\/2021\/11\/pulsador-normalmente-abierto-100x100.jpg 100w, https:\/\/coelectrix.com\/wp-content\/uploads\/2021\/11\/pulsador-normalmente-abierto-416x416.jpg 416w, https:\/\/coelectrix.com\/wp-content\/uploads\/2021\/11\/pulsador-normalmente-abierto-64x64.jpg 64w, https:\/\/coelectrix.com\/wp-content\/uploads\/2021\/11\/pulsador-normalmente-abierto-150x150.jpg 150w, https:\/\/coelectrix.com\/wp-content\/uploads\/2021\/11\/pulsador-normalmente-abierto.jpg 600w\" sizes=\"(max-width: 140px) 100vw, 140px\" \/><\/p>\n<p>Funcionamento: OFF-On (aberto em repouso)<br \/>\nMaterial do corpo: termopl\u00e1stico auto-extingu\u00edvel UL94-V0<br \/>\nTens\u00e3o: 250 VAC<br \/>\nTerminais: lat\u00e3o<br \/>\nCorrente m\u00e1xima: 2A<br \/>\nInflamabilidade do corpo: UL94 V-0<\/p>\n","protected":false},"excerpt":{"rendered":"<p>Interruptor de press\u00e3o sem encravamento normalmente aberto em repouso e que, quando mantido premido, deixa passar a corrente.<br \/>\nIndicado para a instala\u00e7\u00e3o de componentes que necessitam de ser alimentados ocasionalmente, tais como campainhas, ilumina\u00e7\u00e3o, volt\u00edmetros, ativa\u00e7\u00e3o de rel\u00e9s&#8230; etc.<\/p>\n<p>Medidas: Di\u00e2metro 22,8mm. Altura 17mm. Tamanho do furo para embutir 20mm.<\/p>\n","protected":false},"featured_media":74424,"template":"","meta":{"_acf_changed":false},"product_brand":[],"product_cat":[1339],"product_tag":[],"class_list":{"0":"post-75922","1":"product","2":"type-product","3":"status-publish","4":"has-post-thumbnail","6":"product_cat-interruptores-pt","8":"first","9":"instock","10":"taxable","11":"shipping-taxable","12":"purchasable","13":"product-type-simple"},"acf":[],"yoast_head":"<!-- This site is optimized with the Yoast SEO plugin v27.2 - https:\/\/yoast.com\/product\/yoast-seo-wordpress\/ -->\n<title>\u25b7 Interruptor de bot\u00e3o de press\u00e3o de desligamento n\u00e3o bloqueante | Coelectrix.com<\/title>\n<meta name=\"description\" content=\"Bot\u00e3o de press\u00e3o normalmente aberto em modo de espera e, quando mantido premido, deixa fluir a corrente. Loja online Coelectrix.com para componentes.\" \/>\n<meta name=\"robots\" content=\"index, follow, max-snippet:-1, max-image-preview:large, max-video-preview:-1\" \/>\n<link rel=\"canonical\" href=\"https:\/\/coelectrix.com\/pt-pt\/produto\/interrutor-de-botao-de-pressao-sem-bloqueio-off-on\" \/>\n<meta property=\"og:locale\" content=\"pt_PT\" \/>\n<meta property=\"og:type\" content=\"article\" \/>\n<meta property=\"og:title\" content=\"\u25b7 Interruptor de bot\u00e3o de press\u00e3o de desligamento n\u00e3o bloqueante | Coelectrix.com\" \/>\n<meta property=\"og:description\" content=\"Bot\u00e3o de press\u00e3o normalmente aberto em modo de espera e, quando mantido premido, deixa fluir a corrente. Loja online Coelectrix.com para componentes.\" \/>\n<meta property=\"og:url\" content=\"https:\/\/coelectrix.com\/pt-pt\/produto\/interrutor-de-botao-de-pressao-sem-bloqueio-off-on\" \/>\n<meta property=\"og:site_name\" content=\"Coelectrix\" \/>\n<meta property=\"article:modified_time\" content=\"2025-08-19T04:00:45+00:00\" \/>\n<meta property=\"og:image\" content=\"https:\/\/coelectrix.com\/wp-content\/uploads\/2024\/03\/Interruptor-Pulsador-sin-enclavamiento-off-on-foto.jpg\" \/>\n\t<meta property=\"og:image:width\" content=\"600\" \/>\n\t<meta property=\"og:image:height\" content=\"600\" \/>\n\t<meta property=\"og:image:type\" content=\"image\/jpeg\" \/>\n<meta name=\"twitter:card\" content=\"summary_large_image\" \/>\n<script type=\"application\/ld+json\" class=\"yoast-schema-graph\">{\"@context\":\"https:\/\/schema.org\",\"@graph\":[{\"@type\":\"WebPage\",\"@id\":\"https:\/\/coelectrix.com\/pt-pt\/produto\/interrutor-de-botao-de-pressao-sem-bloqueio-off-on\",\"url\":\"https:\/\/coelectrix.com\/pt-pt\/produto\/interrutor-de-botao-de-pressao-sem-bloqueio-off-on\",\"name\":\"\u25b7 Interruptor de bot\u00e3o de press\u00e3o de desligamento n\u00e3o bloqueante | Coelectrix.com\",\"isPartOf\":{\"@id\":\"https:\/\/coelectrix.com\/pt-pt\/#website\"},\"primaryImageOfPage\":{\"@id\":\"https:\/\/coelectrix.com\/pt-pt\/produto\/interrutor-de-botao-de-pressao-sem-bloqueio-off-on#primaryimage\"},\"image\":{\"@id\":\"https:\/\/coelectrix.com\/pt-pt\/produto\/interrutor-de-botao-de-pressao-sem-bloqueio-off-on#primaryimage\"},\"thumbnailUrl\":\"https:\/\/coelectrix.com\/wp-content\/uploads\/2024\/03\/Interruptor-Pulsador-sin-enclavamiento-off-on-foto.jpg\",\"datePublished\":\"2024-03-27T07:49:08+00:00\",\"dateModified\":\"2025-08-19T04:00:45+00:00\",\"description\":\"Bot\u00e3o de press\u00e3o normalmente aberto em modo de espera e, quando mantido premido, deixa fluir a corrente. Loja online Coelectrix.com para componentes.\",\"breadcrumb\":{\"@id\":\"https:\/\/coelectrix.com\/pt-pt\/produto\/interrutor-de-botao-de-pressao-sem-bloqueio-off-on#breadcrumb\"},\"inLanguage\":\"pt-PT\",\"potentialAction\":[{\"@type\":\"ReadAction\",\"target\":[\"https:\/\/coelectrix.com\/pt-pt\/produto\/interrutor-de-botao-de-pressao-sem-bloqueio-off-on\"]}]},{\"@type\":\"ImageObject\",\"inLanguage\":\"pt-PT\",\"@id\":\"https:\/\/coelectrix.com\/pt-pt\/produto\/interrutor-de-botao-de-pressao-sem-bloqueio-off-on#primaryimage\",\"url\":\"https:\/\/coelectrix.com\/wp-content\/uploads\/2024\/03\/Interruptor-Pulsador-sin-enclavamiento-off-on-foto.jpg\",\"contentUrl\":\"https:\/\/coelectrix.com\/wp-content\/uploads\/2024\/03\/Interruptor-Pulsador-sin-enclavamiento-off-on-foto.jpg\",\"width\":600,\"height\":600,\"caption\":\"Interruptor de bot\u00e3o de press\u00e3o de desligamento n\u00e3o bloqueante\"},{\"@type\":\"BreadcrumbList\",\"@id\":\"https:\/\/coelectrix.com\/pt-pt\/produto\/interrutor-de-botao-de-pressao-sem-bloqueio-off-on#breadcrumb\",\"itemListElement\":[{\"@type\":\"ListItem\",\"position\":1,\"name\":\"Portada\",\"item\":\"https:\/\/coelectrix.com\/\"},{\"@type\":\"ListItem\",\"position\":2,\"name\":\"Loja\",\"item\":\"https:\/\/coelectrix.com\/pt-pt\/loja\"},{\"@type\":\"ListItem\",\"position\":3,\"name\":\"Interruptor de bot\u00e3o de press\u00e3o de desligamento n\u00e3o bloqueante\"}]},{\"@type\":\"WebSite\",\"@id\":\"https:\/\/coelectrix.com\/pt-pt\/#website\",\"url\":\"https:\/\/coelectrix.com\/pt-pt\/\",\"name\":\"Coelectrix\",\"description\":\"Componentes el\u00e9ctricos\",\"publisher\":{\"@id\":\"https:\/\/coelectrix.com\/pt-pt\/#organization\"},\"potentialAction\":[{\"@type\":\"SearchAction\",\"target\":{\"@type\":\"EntryPoint\",\"urlTemplate\":\"https:\/\/coelectrix.com\/pt-pt\/?s={search_term_string}\"},\"query-input\":{\"@type\":\"PropertyValueSpecification\",\"valueRequired\":true,\"valueName\":\"search_term_string\"}}],\"inLanguage\":\"pt-PT\"},{\"@type\":\"Organization\",\"@id\":\"https:\/\/coelectrix.com\/pt-pt\/#organization\",\"name\":\"coelectrix.com\",\"url\":\"https:\/\/coelectrix.com\/pt-pt\/\",\"logo\":{\"@type\":\"ImageObject\",\"inLanguage\":\"pt-PT\",\"@id\":\"https:\/\/coelectrix.com\/pt-pt\/#\/schema\/logo\/image\/\",\"url\":\"https:\/\/coelectrix.com\/wp-content\/uploads\/2018\/05\/logo-coelectrix-400x400.jpg\",\"contentUrl\":\"https:\/\/coelectrix.com\/wp-content\/uploads\/2018\/05\/logo-coelectrix-400x400.jpg\",\"width\":300,\"height\":300,\"caption\":\"coelectrix.com\"},\"image\":{\"@id\":\"https:\/\/coelectrix.com\/pt-pt\/#\/schema\/logo\/image\/\"}}]}<\/script>\n<!-- \/ Yoast SEO plugin. -->","yoast_head_json":{"title":"\u25b7 Interruptor de bot\u00e3o de press\u00e3o de desligamento n\u00e3o bloqueante | Coelectrix.com","description":"Bot\u00e3o de press\u00e3o normalmente aberto em modo de espera e, quando mantido premido, deixa fluir a corrente. Loja online Coelectrix.com para componentes.","robots":{"index":"index","follow":"follow","max-snippet":"max-snippet:-1","max-image-preview":"max-image-preview:large","max-video-preview":"max-video-preview:-1"},"canonical":"https:\/\/coelectrix.com\/pt-pt\/produto\/interrutor-de-botao-de-pressao-sem-bloqueio-off-on","og_locale":"pt_PT","og_type":"article","og_title":"\u25b7 Interruptor de bot\u00e3o de press\u00e3o de desligamento n\u00e3o bloqueante | Coelectrix.com","og_description":"Bot\u00e3o de press\u00e3o normalmente aberto em modo de espera e, quando mantido premido, deixa fluir a corrente. Loja online Coelectrix.com para componentes.","og_url":"https:\/\/coelectrix.com\/pt-pt\/produto\/interrutor-de-botao-de-pressao-sem-bloqueio-off-on","og_site_name":"Coelectrix","article_modified_time":"2025-08-19T04:00:45+00:00","og_image":[{"width":600,"height":600,"url":"https:\/\/coelectrix.com\/wp-content\/uploads\/2024\/03\/Interruptor-Pulsador-sin-enclavamiento-off-on-foto.jpg","type":"image\/jpeg"}],"twitter_card":"summary_large_image","schema":{"@context":"https:\/\/schema.org","@graph":[{"@type":"WebPage","@id":"https:\/\/coelectrix.com\/pt-pt\/produto\/interrutor-de-botao-de-pressao-sem-bloqueio-off-on","url":"https:\/\/coelectrix.com\/pt-pt\/produto\/interrutor-de-botao-de-pressao-sem-bloqueio-off-on","name":"\u25b7 Interruptor de bot\u00e3o de press\u00e3o de desligamento n\u00e3o bloqueante | Coelectrix.com","isPartOf":{"@id":"https:\/\/coelectrix.com\/pt-pt\/#website"},"primaryImageOfPage":{"@id":"https:\/\/coelectrix.com\/pt-pt\/produto\/interrutor-de-botao-de-pressao-sem-bloqueio-off-on#primaryimage"},"image":{"@id":"https:\/\/coelectrix.com\/pt-pt\/produto\/interrutor-de-botao-de-pressao-sem-bloqueio-off-on#primaryimage"},"thumbnailUrl":"https:\/\/coelectrix.com\/wp-content\/uploads\/2024\/03\/Interruptor-Pulsador-sin-enclavamiento-off-on-foto.jpg","datePublished":"2024-03-27T07:49:08+00:00","dateModified":"2025-08-19T04:00:45+00:00","description":"Bot\u00e3o de press\u00e3o normalmente aberto em modo de espera e, quando mantido premido, deixa fluir a corrente. Loja online Coelectrix.com para componentes.","breadcrumb":{"@id":"https:\/\/coelectrix.com\/pt-pt\/produto\/interrutor-de-botao-de-pressao-sem-bloqueio-off-on#breadcrumb"},"inLanguage":"pt-PT","potentialAction":[{"@type":"ReadAction","target":["https:\/\/coelectrix.com\/pt-pt\/produto\/interrutor-de-botao-de-pressao-sem-bloqueio-off-on"]}]},{"@type":"ImageObject","inLanguage":"pt-PT","@id":"https:\/\/coelectrix.com\/pt-pt\/produto\/interrutor-de-botao-de-pressao-sem-bloqueio-off-on#primaryimage","url":"https:\/\/coelectrix.com\/wp-content\/uploads\/2024\/03\/Interruptor-Pulsador-sin-enclavamiento-off-on-foto.jpg","contentUrl":"https:\/\/coelectrix.com\/wp-content\/uploads\/2024\/03\/Interruptor-Pulsador-sin-enclavamiento-off-on-foto.jpg","width":600,"height":600,"caption":"Interruptor de bot\u00e3o de press\u00e3o de desligamento n\u00e3o bloqueante"},{"@type":"BreadcrumbList","@id":"https:\/\/coelectrix.com\/pt-pt\/produto\/interrutor-de-botao-de-pressao-sem-bloqueio-off-on#breadcrumb","itemListElement":[{"@type":"ListItem","position":1,"name":"Portada","item":"https:\/\/coelectrix.com\/"},{"@type":"ListItem","position":2,"name":"Loja","item":"https:\/\/coelectrix.com\/pt-pt\/loja"},{"@type":"ListItem","position":3,"name":"Interruptor de bot\u00e3o de press\u00e3o de desligamento n\u00e3o bloqueante"}]},{"@type":"WebSite","@id":"https:\/\/coelectrix.com\/pt-pt\/#website","url":"https:\/\/coelectrix.com\/pt-pt\/","name":"Coelectrix","description":"Componentes el\u00e9ctricos","publisher":{"@id":"https:\/\/coelectrix.com\/pt-pt\/#organization"},"potentialAction":[{"@type":"SearchAction","target":{"@type":"EntryPoint","urlTemplate":"https:\/\/coelectrix.com\/pt-pt\/?s={search_term_string}"},"query-input":{"@type":"PropertyValueSpecification","valueRequired":true,"valueName":"search_term_string"}}],"inLanguage":"pt-PT"},{"@type":"Organization","@id":"https:\/\/coelectrix.com\/pt-pt\/#organization","name":"coelectrix.com","url":"https:\/\/coelectrix.com\/pt-pt\/","logo":{"@type":"ImageObject","inLanguage":"pt-PT","@id":"https:\/\/coelectrix.com\/pt-pt\/#\/schema\/logo\/image\/","url":"https:\/\/coelectrix.com\/wp-content\/uploads\/2018\/05\/logo-coelectrix-400x400.jpg","contentUrl":"https:\/\/coelectrix.com\/wp-content\/uploads\/2018\/05\/logo-coelectrix-400x400.jpg","width":300,"height":300,"caption":"coelectrix.com"},"image":{"@id":"https:\/\/coelectrix.com\/pt-pt\/#\/schema\/logo\/image\/"}}]}},"_links":{"self":[{"href":"https:\/\/coelectrix.com\/pt-pt\/wp-json\/wp\/v2\/product\/75922","targetHints":{"allow":["GET"]}}],"collection":[{"href":"https:\/\/coelectrix.com\/pt-pt\/wp-json\/wp\/v2\/product"}],"about":[{"href":"https:\/\/coelectrix.com\/pt-pt\/wp-json\/wp\/v2\/types\/product"}],"version-history":[{"count":1,"href":"https:\/\/coelectrix.com\/pt-pt\/wp-json\/wp\/v2\/product\/75922\/revisions"}],"predecessor-version":[{"id":76615,"href":"https:\/\/coelectrix.com\/pt-pt\/wp-json\/wp\/v2\/product\/75922\/revisions\/76615"}],"wp:featuredmedia":[{"embeddable":true,"href":"https:\/\/coelectrix.com\/pt-pt\/wp-json\/wp\/v2\/media\/74424"}],"wp:attachment":[{"href":"https:\/\/coelectrix.com\/pt-pt\/wp-json\/wp\/v2\/media?parent=75922"}],"wp:term":[{"taxonomy":"product_brand","embeddable":true,"href":"https:\/\/coelectrix.com\/pt-pt\/wp-json\/wp\/v2\/product_brand?post=75922"},{"taxonomy":"product_cat","embeddable":true,"href":"https:\/\/coelectrix.com\/pt-pt\/wp-json\/wp\/v2\/product_cat?post=75922"},{"taxonomy":"product_tag","embeddable":true,"href":"https:\/\/coelectrix.com\/pt-pt\/wp-json\/wp\/v2\/product_tag?post=75922"}],"curies":[{"name":"wp","href":"https:\/\/api.w.org\/{rel}","templated":true}]}}