{"id":75928,"date":"2020-05-03T18:22:05","date_gmt":"2020-05-03T16:22:05","guid":{"rendered":"https:\/\/coelectrix.com\/producto\/mini-interruptores-on-off-embalagem-de-5"},"modified":"2025-08-19T06:04:12","modified_gmt":"2025-08-19T04:04:12","slug":"mini-interruptores-on-off-embalagem-de-5","status":"publish","type":"product","link":"https:\/\/coelectrix.com\/pt-pt\/produto\/switches-mini-on-off-pack-5-units","title":{"rendered":"Mini Interruptores On-Off (embalagem de 5)"},"content":{"rendered":"<h1>Mini Interruptores On-Off (embalagem com 5 unidades)<\/h1>\n<p>Interruptores on-off de pequenas dimens\u00f5es para instala\u00e7\u00f5es de circuitos el\u00e9ctricos de 12v. ou 220v.<\/p>\n<p>Tens\u00e3o nominal: 15A a 12v. \/ 6A a 220v.<\/p>\n<p>Di\u00e2metro exterior do interrutor: 16mm<br \/>\nDi\u00e2metro de perfura\u00e7\u00e3o: 14mm<\/p>\n<p><img fetchpriority=\"high\" decoding=\"async\" class=\"alignnone size-medium wp-image-25876\" src=\"https:\/\/coelectrix.com\/wp-content\/uploads\/2020\/05\/mini-interruptores-on-off-300x300.jpg\" alt=\"interruptores mini on-off\" width=\"300\" height=\"300\" srcset=\"https:\/\/coelectrix.com\/wp-content\/uploads\/2020\/05\/mini-interruptores-on-off-300x300.jpg 300w, https:\/\/coelectrix.com\/wp-content\/uploads\/2020\/05\/mini-interruptores-on-off-196x196.jpg 196w, https:\/\/coelectrix.com\/wp-content\/uploads\/2020\/05\/mini-interruptores-on-off-100x100.jpg 100w, https:\/\/coelectrix.com\/wp-content\/uploads\/2020\/05\/mini-interruptores-on-off-416x416.jpg 416w, https:\/\/coelectrix.com\/wp-content\/uploads\/2020\/05\/mini-interruptores-on-off-64x64.jpg 64w, https:\/\/coelectrix.com\/wp-content\/uploads\/2020\/05\/mini-interruptores-on-off-150x150.jpg 150w, https:\/\/coelectrix.com\/wp-content\/uploads\/2020\/05\/mini-interruptores-on-off-768x768.jpg 768w, https:\/\/coelectrix.com\/wp-content\/uploads\/2020\/05\/mini-interruptores-on-off.jpg 800w\" sizes=\"(max-width: 300px) 100vw, 300px\" \/><\/p>\n","protected":false},"excerpt":{"rendered":"<p>Pequeno interrutor on-off.<\/p>\n<p>Di\u00e2metro exterior do interrutor: 16 mm<br \/>\nDi\u00e2metro de perfura\u00e7\u00e3o: 14mm<\/p>\n","protected":false},"featured_media":73292,"template":"","meta":{"_acf_changed":false},"product_brand":[],"product_cat":[1339,1297],"product_tag":[],"class_list":{"0":"post-75928","1":"product","2":"type-product","3":"status-publish","4":"has-post-thumbnail","6":"product_cat-interruptores-pt","7":"product_cat-interruptores-redondos-on-off-2","9":"first","10":"outofstock","11":"taxable","12":"shipping-taxable","13":"purchasable","14":"product-type-simple"},"acf":[],"yoast_head":"<!-- This site is optimized with the Yoast SEO plugin v27.2 - https:\/\/yoast.com\/product\/yoast-seo-wordpress\/ -->\n<title>\u25b7 Mini Interruptores On-Off (embalagem de 5) | Coelectrix.com<\/title>\n<meta name=\"robots\" content=\"index, follow, max-snippet:-1, max-image-preview:large, max-video-preview:-1\" \/>\n<link rel=\"canonical\" href=\"https:\/\/coelectrix.com\/pt-pt\/produto\/switches-mini-on-off-pack-5-units\" \/>\n<meta property=\"og:locale\" content=\"pt_PT\" \/>\n<meta property=\"og:type\" content=\"article\" \/>\n<meta property=\"og:title\" content=\"\u25b7 Mini Interruptores On-Off (embalagem de 5) | Coelectrix.com\" \/>\n<meta property=\"og:description\" content=\"Pequeno interrutor on-off. Di\u00e2metro exterior do interrutor: 16 mm Di\u00e2metro de perfura\u00e7\u00e3o: 14mm\" \/>\n<meta property=\"og:url\" content=\"https:\/\/coelectrix.com\/pt-pt\/produto\/switches-mini-on-off-pack-5-units\" \/>\n<meta property=\"og:site_name\" content=\"Coelectrix\" \/>\n<meta property=\"article:modified_time\" content=\"2025-08-19T04:04:12+00:00\" \/>\n<meta property=\"og:image\" content=\"https:\/\/coelectrix.com\/wp-content\/uploads\/2020\/05\/mini-interruptores-on-off.jpg\" \/>\n\t<meta property=\"og:image:width\" content=\"800\" \/>\n\t<meta property=\"og:image:height\" content=\"800\" \/>\n\t<meta property=\"og:image:type\" content=\"image\/jpeg\" \/>\n<meta name=\"twitter:card\" content=\"summary_large_image\" \/>\n<script type=\"application\/ld+json\" class=\"yoast-schema-graph\">{\"@context\":\"https:\/\/schema.org\",\"@graph\":[{\"@type\":\"WebPage\",\"@id\":\"https:\/\/coelectrix.com\/pt-pt\/produto\/switches-mini-on-off-pack-5-units\",\"url\":\"https:\/\/coelectrix.com\/pt-pt\/produto\/switches-mini-on-off-pack-5-units\",\"name\":\"\u25b7 Mini Interruptores On-Off (embalagem de 5) | Coelectrix.com\",\"isPartOf\":{\"@id\":\"https:\/\/coelectrix.com\/pt-pt\/#website\"},\"primaryImageOfPage\":{\"@id\":\"https:\/\/coelectrix.com\/pt-pt\/produto\/switches-mini-on-off-pack-5-units#primaryimage\"},\"image\":{\"@id\":\"https:\/\/coelectrix.com\/pt-pt\/produto\/switches-mini-on-off-pack-5-units#primaryimage\"},\"thumbnailUrl\":\"https:\/\/coelectrix.com\/wp-content\/uploads\/2020\/05\/mini-interruptores-on-off.jpg\",\"datePublished\":\"2020-05-03T16:22:05+00:00\",\"dateModified\":\"2025-08-19T04:04:12+00:00\",\"breadcrumb\":{\"@id\":\"https:\/\/coelectrix.com\/pt-pt\/produto\/switches-mini-on-off-pack-5-units#breadcrumb\"},\"inLanguage\":\"pt-PT\",\"potentialAction\":[{\"@type\":\"ReadAction\",\"target\":[\"https:\/\/coelectrix.com\/pt-pt\/produto\/switches-mini-on-off-pack-5-units\"]}]},{\"@type\":\"ImageObject\",\"inLanguage\":\"pt-PT\",\"@id\":\"https:\/\/coelectrix.com\/pt-pt\/produto\/switches-mini-on-off-pack-5-units#primaryimage\",\"url\":\"https:\/\/coelectrix.com\/wp-content\/uploads\/2020\/05\/mini-interruptores-on-off.jpg\",\"contentUrl\":\"https:\/\/coelectrix.com\/wp-content\/uploads\/2020\/05\/mini-interruptores-on-off.jpg\",\"width\":800,\"height\":800,\"caption\":\"mini interruptores on-off\"},{\"@type\":\"BreadcrumbList\",\"@id\":\"https:\/\/coelectrix.com\/pt-pt\/produto\/switches-mini-on-off-pack-5-units#breadcrumb\",\"itemListElement\":[{\"@type\":\"ListItem\",\"position\":1,\"name\":\"Portada\",\"item\":\"https:\/\/coelectrix.com\/\"},{\"@type\":\"ListItem\",\"position\":2,\"name\":\"Loja\",\"item\":\"https:\/\/coelectrix.com\/pt-pt\/loja\"},{\"@type\":\"ListItem\",\"position\":3,\"name\":\"Mini Interruptores On-Off (embalagem de 5)\"}]},{\"@type\":\"WebSite\",\"@id\":\"https:\/\/coelectrix.com\/pt-pt\/#website\",\"url\":\"https:\/\/coelectrix.com\/pt-pt\/\",\"name\":\"Coelectrix\",\"description\":\"Componentes el\u00e9ctricos\",\"publisher\":{\"@id\":\"https:\/\/coelectrix.com\/pt-pt\/#organization\"},\"potentialAction\":[{\"@type\":\"SearchAction\",\"target\":{\"@type\":\"EntryPoint\",\"urlTemplate\":\"https:\/\/coelectrix.com\/pt-pt\/?s={search_term_string}\"},\"query-input\":{\"@type\":\"PropertyValueSpecification\",\"valueRequired\":true,\"valueName\":\"search_term_string\"}}],\"inLanguage\":\"pt-PT\"},{\"@type\":\"Organization\",\"@id\":\"https:\/\/coelectrix.com\/pt-pt\/#organization\",\"name\":\"coelectrix.com\",\"url\":\"https:\/\/coelectrix.com\/pt-pt\/\",\"logo\":{\"@type\":\"ImageObject\",\"inLanguage\":\"pt-PT\",\"@id\":\"https:\/\/coelectrix.com\/pt-pt\/#\/schema\/logo\/image\/\",\"url\":\"https:\/\/coelectrix.com\/wp-content\/uploads\/2018\/05\/logo-coelectrix-400x400.jpg\",\"contentUrl\":\"https:\/\/coelectrix.com\/wp-content\/uploads\/2018\/05\/logo-coelectrix-400x400.jpg\",\"width\":300,\"height\":300,\"caption\":\"coelectrix.com\"},\"image\":{\"@id\":\"https:\/\/coelectrix.com\/pt-pt\/#\/schema\/logo\/image\/\"}}]}<\/script>\n<!-- \/ Yoast SEO plugin. -->","yoast_head_json":{"title":"\u25b7 Mini Interruptores On-Off (embalagem de 5) | Coelectrix.com","robots":{"index":"index","follow":"follow","max-snippet":"max-snippet:-1","max-image-preview":"max-image-preview:large","max-video-preview":"max-video-preview:-1"},"canonical":"https:\/\/coelectrix.com\/pt-pt\/produto\/switches-mini-on-off-pack-5-units","og_locale":"pt_PT","og_type":"article","og_title":"\u25b7 Mini Interruptores On-Off (embalagem de 5) | Coelectrix.com","og_description":"Pequeno interrutor on-off. Di\u00e2metro exterior do interrutor: 16 mm Di\u00e2metro de perfura\u00e7\u00e3o: 14mm","og_url":"https:\/\/coelectrix.com\/pt-pt\/produto\/switches-mini-on-off-pack-5-units","og_site_name":"Coelectrix","article_modified_time":"2025-08-19T04:04:12+00:00","og_image":[{"width":800,"height":800,"url":"https:\/\/coelectrix.com\/wp-content\/uploads\/2020\/05\/mini-interruptores-on-off.jpg","type":"image\/jpeg"}],"twitter_card":"summary_large_image","schema":{"@context":"https:\/\/schema.org","@graph":[{"@type":"WebPage","@id":"https:\/\/coelectrix.com\/pt-pt\/produto\/switches-mini-on-off-pack-5-units","url":"https:\/\/coelectrix.com\/pt-pt\/produto\/switches-mini-on-off-pack-5-units","name":"\u25b7 Mini Interruptores On-Off (embalagem de 5) | Coelectrix.com","isPartOf":{"@id":"https:\/\/coelectrix.com\/pt-pt\/#website"},"primaryImageOfPage":{"@id":"https:\/\/coelectrix.com\/pt-pt\/produto\/switches-mini-on-off-pack-5-units#primaryimage"},"image":{"@id":"https:\/\/coelectrix.com\/pt-pt\/produto\/switches-mini-on-off-pack-5-units#primaryimage"},"thumbnailUrl":"https:\/\/coelectrix.com\/wp-content\/uploads\/2020\/05\/mini-interruptores-on-off.jpg","datePublished":"2020-05-03T16:22:05+00:00","dateModified":"2025-08-19T04:04:12+00:00","breadcrumb":{"@id":"https:\/\/coelectrix.com\/pt-pt\/produto\/switches-mini-on-off-pack-5-units#breadcrumb"},"inLanguage":"pt-PT","potentialAction":[{"@type":"ReadAction","target":["https:\/\/coelectrix.com\/pt-pt\/produto\/switches-mini-on-off-pack-5-units"]}]},{"@type":"ImageObject","inLanguage":"pt-PT","@id":"https:\/\/coelectrix.com\/pt-pt\/produto\/switches-mini-on-off-pack-5-units#primaryimage","url":"https:\/\/coelectrix.com\/wp-content\/uploads\/2020\/05\/mini-interruptores-on-off.jpg","contentUrl":"https:\/\/coelectrix.com\/wp-content\/uploads\/2020\/05\/mini-interruptores-on-off.jpg","width":800,"height":800,"caption":"mini interruptores on-off"},{"@type":"BreadcrumbList","@id":"https:\/\/coelectrix.com\/pt-pt\/produto\/switches-mini-on-off-pack-5-units#breadcrumb","itemListElement":[{"@type":"ListItem","position":1,"name":"Portada","item":"https:\/\/coelectrix.com\/"},{"@type":"ListItem","position":2,"name":"Loja","item":"https:\/\/coelectrix.com\/pt-pt\/loja"},{"@type":"ListItem","position":3,"name":"Mini Interruptores On-Off (embalagem de 5)"}]},{"@type":"WebSite","@id":"https:\/\/coelectrix.com\/pt-pt\/#website","url":"https:\/\/coelectrix.com\/pt-pt\/","name":"Coelectrix","description":"Componentes el\u00e9ctricos","publisher":{"@id":"https:\/\/coelectrix.com\/pt-pt\/#organization"},"potentialAction":[{"@type":"SearchAction","target":{"@type":"EntryPoint","urlTemplate":"https:\/\/coelectrix.com\/pt-pt\/?s={search_term_string}"},"query-input":{"@type":"PropertyValueSpecification","valueRequired":true,"valueName":"search_term_string"}}],"inLanguage":"pt-PT"},{"@type":"Organization","@id":"https:\/\/coelectrix.com\/pt-pt\/#organization","name":"coelectrix.com","url":"https:\/\/coelectrix.com\/pt-pt\/","logo":{"@type":"ImageObject","inLanguage":"pt-PT","@id":"https:\/\/coelectrix.com\/pt-pt\/#\/schema\/logo\/image\/","url":"https:\/\/coelectrix.com\/wp-content\/uploads\/2018\/05\/logo-coelectrix-400x400.jpg","contentUrl":"https:\/\/coelectrix.com\/wp-content\/uploads\/2018\/05\/logo-coelectrix-400x400.jpg","width":300,"height":300,"caption":"coelectrix.com"},"image":{"@id":"https:\/\/coelectrix.com\/pt-pt\/#\/schema\/logo\/image\/"}}]}},"_links":{"self":[{"href":"https:\/\/coelectrix.com\/pt-pt\/wp-json\/wp\/v2\/product\/75928","targetHints":{"allow":["GET"]}}],"collection":[{"href":"https:\/\/coelectrix.com\/pt-pt\/wp-json\/wp\/v2\/product"}],"about":[{"href":"https:\/\/coelectrix.com\/pt-pt\/wp-json\/wp\/v2\/types\/product"}],"version-history":[{"count":1,"href":"https:\/\/coelectrix.com\/pt-pt\/wp-json\/wp\/v2\/product\/75928\/revisions"}],"predecessor-version":[{"id":76802,"href":"https:\/\/coelectrix.com\/pt-pt\/wp-json\/wp\/v2\/product\/75928\/revisions\/76802"}],"wp:featuredmedia":[{"embeddable":true,"href":"https:\/\/coelectrix.com\/pt-pt\/wp-json\/wp\/v2\/media\/73292"}],"wp:attachment":[{"href":"https:\/\/coelectrix.com\/pt-pt\/wp-json\/wp\/v2\/media?parent=75928"}],"wp:term":[{"taxonomy":"product_brand","embeddable":true,"href":"https:\/\/coelectrix.com\/pt-pt\/wp-json\/wp\/v2\/product_brand?post=75928"},{"taxonomy":"product_cat","embeddable":true,"href":"https:\/\/coelectrix.com\/pt-pt\/wp-json\/wp\/v2\/product_cat?post=75928"},{"taxonomy":"product_tag","embeddable":true,"href":"https:\/\/coelectrix.com\/pt-pt\/wp-json\/wp\/v2\/product_tag?post=75928"}],"curies":[{"name":"wp","href":"https:\/\/api.w.org\/{rel}","templated":true}]}}