{"id":75929,"date":"2019-08-18T12:17:37","date_gmt":"2019-08-18T10:17:37","guid":{"rendered":"https:\/\/coelectrix.com\/producto\/interruptor-redondo-de-encastrar-on-off"},"modified":"2025-08-19T06:04:43","modified_gmt":"2025-08-19T04:04:43","slug":"interruptor-redondo-de-encastrar-on-off","status":"publish","type":"product","link":"https:\/\/coelectrix.com\/pt-pt\/product\/round-on-off-switch-round-on-off-empty-lockable","title":{"rendered":"Interruptor redondo de encastrar On-Off"},"content":{"rendered":"<h2><strong>Interruptor redondo de encastrar On-Off<\/strong><\/h2>\n<p>Ideal para montagem embutida em interiores para sistemas on\/off de 12v\/220v.<\/p>\n<p>Dimens\u00f5es: Di\u00e2metro 22,8mm. Altura 17mm. Tamanho do furo de encastrar 20mm.<br \/>\nMaterial: Pl\u00e1stico.<\/p>\n<p>Liga\u00e7\u00e3o ao cabo atrav\u00e9s de terminal Faston de 6,3mm.<\/p>\n","protected":false},"excerpt":{"rendered":"<p>Interruptor redondo encastrado On-Off<\/p>\n<p>Ideal para montagem embutida no interior para sistemas de ligar\/desligar 12v\/220v.<\/p>\n<p>Dimens\u00f5es: Di\u00e2metro 22,8mm. Altura 17mm. Tamanho do orif\u00edcio de encastrar 20mm.<br \/>\nMaterial: Pl\u00e1stico<\/p>\n","protected":false},"featured_media":73057,"template":"","meta":{"_acf_changed":false},"product_brand":[],"product_cat":[1339,1297],"product_tag":[],"class_list":{"0":"post-75929","1":"product","2":"type-product","3":"status-publish","4":"has-post-thumbnail","6":"product_cat-interruptores-pt","7":"product_cat-interruptores-redondos-on-off-2","9":"first","10":"instock","11":"taxable","12":"shipping-taxable","13":"purchasable","14":"product-type-simple"},"acf":[],"yoast_head":"<!-- This site is optimized with the Yoast SEO plugin v27.2 - https:\/\/yoast.com\/product\/yoast-seo-wordpress\/ -->\n<title>\u25b7 Interruptor redondo de encastrar On-Off | Coelectrix.com<\/title>\n<meta name=\"description\" content=\"Interruptor redondo de embutir On-Off ideal para liga\u00e7\u00f5es 12v\/220v em interiores. Utilizado em caravanas, caravanas, autom\u00f3veis, n\u00e1utica... etc.\" \/>\n<meta name=\"robots\" content=\"index, follow, max-snippet:-1, max-image-preview:large, max-video-preview:-1\" \/>\n<link rel=\"canonical\" href=\"https:\/\/coelectrix.com\/pt-pt\/product\/round-on-off-switch-round-on-off-empty-lockable\" \/>\n<meta property=\"og:locale\" content=\"pt_PT\" \/>\n<meta property=\"og:type\" content=\"article\" \/>\n<meta property=\"og:title\" content=\"\u25b7 Interruptor redondo de encastrar On-Off | Coelectrix.com\" \/>\n<meta property=\"og:description\" content=\"Interruptor redondo de embutir On-Off ideal para liga\u00e7\u00f5es 12v\/220v em interiores. Utilizado em caravanas, caravanas, autom\u00f3veis, n\u00e1utica... etc.\" \/>\n<meta property=\"og:url\" content=\"https:\/\/coelectrix.com\/pt-pt\/product\/round-on-off-switch-round-on-off-empty-lockable\" \/>\n<meta property=\"og:site_name\" content=\"Coelectrix\" \/>\n<meta property=\"article:modified_time\" content=\"2025-08-19T04:04:43+00:00\" \/>\n<meta property=\"og:image\" content=\"https:\/\/coelectrix.com\/wp-content\/uploads\/2019\/08\/interruptor-on-off-basculante.jpg\" \/>\n\t<meta property=\"og:image:width\" content=\"800\" \/>\n\t<meta property=\"og:image:height\" content=\"800\" \/>\n\t<meta property=\"og:image:type\" content=\"image\/jpeg\" \/>\n<meta name=\"twitter:card\" content=\"summary_large_image\" \/>\n<script type=\"application\/ld+json\" class=\"yoast-schema-graph\">{\"@context\":\"https:\/\/schema.org\",\"@graph\":[{\"@type\":\"WebPage\",\"@id\":\"https:\/\/coelectrix.com\/pt-pt\/product\/round-on-off-switch-round-on-off-empty-lockable\",\"url\":\"https:\/\/coelectrix.com\/pt-pt\/product\/round-on-off-switch-round-on-off-empty-lockable\",\"name\":\"\u25b7 Interruptor redondo de encastrar On-Off | Coelectrix.com\",\"isPartOf\":{\"@id\":\"https:\/\/coelectrix.com\/pt-pt\/#website\"},\"primaryImageOfPage\":{\"@id\":\"https:\/\/coelectrix.com\/pt-pt\/product\/round-on-off-switch-round-on-off-empty-lockable#primaryimage\"},\"image\":{\"@id\":\"https:\/\/coelectrix.com\/pt-pt\/product\/round-on-off-switch-round-on-off-empty-lockable#primaryimage\"},\"thumbnailUrl\":\"https:\/\/coelectrix.com\/wp-content\/uploads\/2019\/08\/interruptor-on-off-basculante.jpg\",\"datePublished\":\"2019-08-18T10:17:37+00:00\",\"dateModified\":\"2025-08-19T04:04:43+00:00\",\"description\":\"Interruptor redondo de embutir On-Off ideal para liga\u00e7\u00f5es 12v\/220v em interiores. Utilizado em caravanas, caravanas, autom\u00f3veis, n\u00e1utica... etc.\",\"breadcrumb\":{\"@id\":\"https:\/\/coelectrix.com\/pt-pt\/product\/round-on-off-switch-round-on-off-empty-lockable#breadcrumb\"},\"inLanguage\":\"pt-PT\",\"potentialAction\":[{\"@type\":\"ReadAction\",\"target\":[\"https:\/\/coelectrix.com\/pt-pt\/product\/round-on-off-switch-round-on-off-empty-lockable\"]}]},{\"@type\":\"ImageObject\",\"inLanguage\":\"pt-PT\",\"@id\":\"https:\/\/coelectrix.com\/pt-pt\/product\/round-on-off-switch-round-on-off-empty-lockable#primaryimage\",\"url\":\"https:\/\/coelectrix.com\/wp-content\/uploads\/2019\/08\/interruptor-on-off-basculante.jpg\",\"contentUrl\":\"https:\/\/coelectrix.com\/wp-content\/uploads\/2019\/08\/interruptor-on-off-basculante.jpg\",\"width\":800,\"height\":800,\"caption\":\"interrutor redondo\"},{\"@type\":\"BreadcrumbList\",\"@id\":\"https:\/\/coelectrix.com\/pt-pt\/product\/round-on-off-switch-round-on-off-empty-lockable#breadcrumb\",\"itemListElement\":[{\"@type\":\"ListItem\",\"position\":1,\"name\":\"Portada\",\"item\":\"https:\/\/coelectrix.com\/\"},{\"@type\":\"ListItem\",\"position\":2,\"name\":\"Loja\",\"item\":\"https:\/\/coelectrix.com\/pt-pt\/loja\"},{\"@type\":\"ListItem\",\"position\":3,\"name\":\"Interruptor redondo de encastrar On-Off\"}]},{\"@type\":\"WebSite\",\"@id\":\"https:\/\/coelectrix.com\/pt-pt\/#website\",\"url\":\"https:\/\/coelectrix.com\/pt-pt\/\",\"name\":\"Coelectrix\",\"description\":\"Componentes el\u00e9ctricos\",\"publisher\":{\"@id\":\"https:\/\/coelectrix.com\/pt-pt\/#organization\"},\"potentialAction\":[{\"@type\":\"SearchAction\",\"target\":{\"@type\":\"EntryPoint\",\"urlTemplate\":\"https:\/\/coelectrix.com\/pt-pt\/?s={search_term_string}\"},\"query-input\":{\"@type\":\"PropertyValueSpecification\",\"valueRequired\":true,\"valueName\":\"search_term_string\"}}],\"inLanguage\":\"pt-PT\"},{\"@type\":\"Organization\",\"@id\":\"https:\/\/coelectrix.com\/pt-pt\/#organization\",\"name\":\"coelectrix.com\",\"url\":\"https:\/\/coelectrix.com\/pt-pt\/\",\"logo\":{\"@type\":\"ImageObject\",\"inLanguage\":\"pt-PT\",\"@id\":\"https:\/\/coelectrix.com\/pt-pt\/#\/schema\/logo\/image\/\",\"url\":\"https:\/\/coelectrix.com\/wp-content\/uploads\/2018\/05\/logo-coelectrix-400x400.jpg\",\"contentUrl\":\"https:\/\/coelectrix.com\/wp-content\/uploads\/2018\/05\/logo-coelectrix-400x400.jpg\",\"width\":300,\"height\":300,\"caption\":\"coelectrix.com\"},\"image\":{\"@id\":\"https:\/\/coelectrix.com\/pt-pt\/#\/schema\/logo\/image\/\"}}]}<\/script>\n<!-- \/ Yoast SEO plugin. -->","yoast_head_json":{"title":"\u25b7 Interruptor redondo de encastrar On-Off | Coelectrix.com","description":"Interruptor redondo de embutir On-Off ideal para liga\u00e7\u00f5es 12v\/220v em interiores. Utilizado em caravanas, caravanas, autom\u00f3veis, n\u00e1utica... etc.","robots":{"index":"index","follow":"follow","max-snippet":"max-snippet:-1","max-image-preview":"max-image-preview:large","max-video-preview":"max-video-preview:-1"},"canonical":"https:\/\/coelectrix.com\/pt-pt\/product\/round-on-off-switch-round-on-off-empty-lockable","og_locale":"pt_PT","og_type":"article","og_title":"\u25b7 Interruptor redondo de encastrar On-Off | Coelectrix.com","og_description":"Interruptor redondo de embutir On-Off ideal para liga\u00e7\u00f5es 12v\/220v em interiores. Utilizado em caravanas, caravanas, autom\u00f3veis, n\u00e1utica... etc.","og_url":"https:\/\/coelectrix.com\/pt-pt\/product\/round-on-off-switch-round-on-off-empty-lockable","og_site_name":"Coelectrix","article_modified_time":"2025-08-19T04:04:43+00:00","og_image":[{"width":800,"height":800,"url":"https:\/\/coelectrix.com\/wp-content\/uploads\/2019\/08\/interruptor-on-off-basculante.jpg","type":"image\/jpeg"}],"twitter_card":"summary_large_image","schema":{"@context":"https:\/\/schema.org","@graph":[{"@type":"WebPage","@id":"https:\/\/coelectrix.com\/pt-pt\/product\/round-on-off-switch-round-on-off-empty-lockable","url":"https:\/\/coelectrix.com\/pt-pt\/product\/round-on-off-switch-round-on-off-empty-lockable","name":"\u25b7 Interruptor redondo de encastrar On-Off | Coelectrix.com","isPartOf":{"@id":"https:\/\/coelectrix.com\/pt-pt\/#website"},"primaryImageOfPage":{"@id":"https:\/\/coelectrix.com\/pt-pt\/product\/round-on-off-switch-round-on-off-empty-lockable#primaryimage"},"image":{"@id":"https:\/\/coelectrix.com\/pt-pt\/product\/round-on-off-switch-round-on-off-empty-lockable#primaryimage"},"thumbnailUrl":"https:\/\/coelectrix.com\/wp-content\/uploads\/2019\/08\/interruptor-on-off-basculante.jpg","datePublished":"2019-08-18T10:17:37+00:00","dateModified":"2025-08-19T04:04:43+00:00","description":"Interruptor redondo de embutir On-Off ideal para liga\u00e7\u00f5es 12v\/220v em interiores. Utilizado em caravanas, caravanas, autom\u00f3veis, n\u00e1utica... etc.","breadcrumb":{"@id":"https:\/\/coelectrix.com\/pt-pt\/product\/round-on-off-switch-round-on-off-empty-lockable#breadcrumb"},"inLanguage":"pt-PT","potentialAction":[{"@type":"ReadAction","target":["https:\/\/coelectrix.com\/pt-pt\/product\/round-on-off-switch-round-on-off-empty-lockable"]}]},{"@type":"ImageObject","inLanguage":"pt-PT","@id":"https:\/\/coelectrix.com\/pt-pt\/product\/round-on-off-switch-round-on-off-empty-lockable#primaryimage","url":"https:\/\/coelectrix.com\/wp-content\/uploads\/2019\/08\/interruptor-on-off-basculante.jpg","contentUrl":"https:\/\/coelectrix.com\/wp-content\/uploads\/2019\/08\/interruptor-on-off-basculante.jpg","width":800,"height":800,"caption":"interrutor redondo"},{"@type":"BreadcrumbList","@id":"https:\/\/coelectrix.com\/pt-pt\/product\/round-on-off-switch-round-on-off-empty-lockable#breadcrumb","itemListElement":[{"@type":"ListItem","position":1,"name":"Portada","item":"https:\/\/coelectrix.com\/"},{"@type":"ListItem","position":2,"name":"Loja","item":"https:\/\/coelectrix.com\/pt-pt\/loja"},{"@type":"ListItem","position":3,"name":"Interruptor redondo de encastrar On-Off"}]},{"@type":"WebSite","@id":"https:\/\/coelectrix.com\/pt-pt\/#website","url":"https:\/\/coelectrix.com\/pt-pt\/","name":"Coelectrix","description":"Componentes el\u00e9ctricos","publisher":{"@id":"https:\/\/coelectrix.com\/pt-pt\/#organization"},"potentialAction":[{"@type":"SearchAction","target":{"@type":"EntryPoint","urlTemplate":"https:\/\/coelectrix.com\/pt-pt\/?s={search_term_string}"},"query-input":{"@type":"PropertyValueSpecification","valueRequired":true,"valueName":"search_term_string"}}],"inLanguage":"pt-PT"},{"@type":"Organization","@id":"https:\/\/coelectrix.com\/pt-pt\/#organization","name":"coelectrix.com","url":"https:\/\/coelectrix.com\/pt-pt\/","logo":{"@type":"ImageObject","inLanguage":"pt-PT","@id":"https:\/\/coelectrix.com\/pt-pt\/#\/schema\/logo\/image\/","url":"https:\/\/coelectrix.com\/wp-content\/uploads\/2018\/05\/logo-coelectrix-400x400.jpg","contentUrl":"https:\/\/coelectrix.com\/wp-content\/uploads\/2018\/05\/logo-coelectrix-400x400.jpg","width":300,"height":300,"caption":"coelectrix.com"},"image":{"@id":"https:\/\/coelectrix.com\/pt-pt\/#\/schema\/logo\/image\/"}}]}},"_links":{"self":[{"href":"https:\/\/coelectrix.com\/pt-pt\/wp-json\/wp\/v2\/product\/75929","targetHints":{"allow":["GET"]}}],"collection":[{"href":"https:\/\/coelectrix.com\/pt-pt\/wp-json\/wp\/v2\/product"}],"about":[{"href":"https:\/\/coelectrix.com\/pt-pt\/wp-json\/wp\/v2\/types\/product"}],"version-history":[{"count":1,"href":"https:\/\/coelectrix.com\/pt-pt\/wp-json\/wp\/v2\/product\/75929\/revisions"}],"predecessor-version":[{"id":76828,"href":"https:\/\/coelectrix.com\/pt-pt\/wp-json\/wp\/v2\/product\/75929\/revisions\/76828"}],"wp:featuredmedia":[{"embeddable":true,"href":"https:\/\/coelectrix.com\/pt-pt\/wp-json\/wp\/v2\/media\/73057"}],"wp:attachment":[{"href":"https:\/\/coelectrix.com\/pt-pt\/wp-json\/wp\/v2\/media?parent=75929"}],"wp:term":[{"taxonomy":"product_brand","embeddable":true,"href":"https:\/\/coelectrix.com\/pt-pt\/wp-json\/wp\/v2\/product_brand?post=75929"},{"taxonomy":"product_cat","embeddable":true,"href":"https:\/\/coelectrix.com\/pt-pt\/wp-json\/wp\/v2\/product_cat?post=75929"},{"taxonomy":"product_tag","embeddable":true,"href":"https:\/\/coelectrix.com\/pt-pt\/wp-json\/wp\/v2\/product_tag?post=75929"}],"curies":[{"name":"wp","href":"https:\/\/api.w.org\/{rel}","templated":true}]}}