{"id":75934,"date":"2025-02-28T07:15:14","date_gmt":"2025-02-28T06:15:14","guid":{"rendered":"https:\/\/coelectrix.com\/producto\/inversor-pure-wave-2000w-carregador-15a-fullwat"},"modified":"2025-08-19T05:57:06","modified_gmt":"2025-08-19T03:57:06","slug":"inversor-pure-wave-2000w-carregador-15a-fullwat","status":"publish","type":"product","link":"https:\/\/coelectrix.com\/pt-pt\/produto\/inversor-wave-inverter-pura-2000w-carregador-15a-fullwat","title":{"rendered":"Inversor Pure Wave 2000w + Carregador 15A FULLWAT"},"content":{"rendered":"<h2><strong>Inversor Pure Wave 2000w + Carregador 15A FULLWAT<\/strong><\/h2>\n<p>Se procura uma solu\u00e7\u00e3o fi\u00e1vel e eficiente para as suas necessidades energ\u00e9ticas, o inversor de pot\u00eancia FULLWAT PDA2000SS-12C \u00e9 exatamente o que precisa. Com uma pot\u00eancia de sa\u00edda de 2000W, este inversor n\u00e3o s\u00f3 converte energia CC em energia CA, como tamb\u00e9m actua como carregador de bateria, tornando-o um dispositivo vers\u00e1til para qualquer situa\u00e7\u00e3o. Quer esteja a planear uma viagem de campismo, precise de energia num local remoto ou queira simplesmente ter uma reserva em casa, este inversor \u00e9 a escolha ideal.<\/p>\n<p>O design do FULLWAT PDA2000SS-12C \u00e9 compacto e robusto, tornando-o f\u00e1cil de transportar e utilizar em diferentes ambientes. Com carater\u00edsticas de seguran\u00e7a incorporadas, tais como prote\u00e7\u00e3o contra sobrecarga e curto-circuito, pode ficar descansado sabendo que os seus dispositivos estar\u00e3o seguros. Al\u00e9m disso, a instala\u00e7\u00e3o \u00e9 simples, o que significa que n\u00e3o precisa de ser um especialista em tecnologia para o p\u00f4r a funcionar. Basta lig\u00e1-lo e desfrutar da energia de que necessita para os seus electrodom\u00e9sticos, ferramentas ou qualquer outro equipamento.<\/p>\n<h3><strong>Inversor de onda pura com carregador de bateria e fun\u00e7\u00e3o de comutador de transfer\u00eancia<\/strong><\/h3>\n<p>Com a fun\u00e7\u00e3o de comutador de transfer\u00eancia, este inversor passa imediatamente do modo de inversor para o modo de deriva\u00e7\u00e3o sem queda de tens\u00e3o em milissegundos, pelo que n\u00e3o se aperceber\u00e1 de que mudou o modo de alimenta\u00e7\u00e3o quando ligar a uma tomada el\u00e9ctrica de 230 V.<\/p>\n<h4><strong>Principais carater\u00edsticas t\u00e9cnicas:<\/strong><\/h4>\n<p>Pe\u00e7a do inversor:<\/p>\n<ul>\n<li>Tens\u00e3o AC: 230v<\/li>\n<li>Pot\u00eancia: 2000w<\/li>\n<li>Pot\u00eancia de pico: 4000w<\/li>\n<li>Tipo de sa\u00edda: onda sinusoidal pura<\/li>\n<li>Tomada de sa\u00edda: Shucko padr\u00e3o europeu<\/li>\n<li>Indicador LED: Carregador, Inversor, Falha<\/li>\n<li>Fus\u00edvel DC: 30A<\/li>\n<li>Fus\u00edvel AC: 15A<\/li>\n<\/ul>\n<p>Pe\u00e7a do carregador:<\/p>\n<ul>\n<li>Corrente m\u00e1xima de carregamento: 15A<\/li>\n<li>Sistema de carregamento: algoritmo de carregamento em 3 fases: carga inicial, absor\u00e7\u00e3o e flutua\u00e7\u00e3o<\/li>\n<li>Fus\u00edvel AC: 3A<\/li>\n<\/ul>\n<p>Protec\u00e7\u00f5es:<\/p>\n<ul>\n<li>Prote\u00e7\u00e3o contra baixa tens\u00e3o de entrada CA.<\/li>\n<li>Prote\u00e7\u00e3o contra baixa tens\u00e3o de sa\u00edda CA<\/li>\n<li>Sobretens\u00e3o<\/li>\n<li>Sobrecarga<\/li>\n<li>Polaridade invertida<\/li>\n<\/ul>\n<p><a href=\"https:\/\/coelectrix.com\/wp-content\/uploads\/2025\/02\/PDA2000SS-XXC-Series-datasheet-ES.pdf\" target=\"_blank\" rel=\"noopener\">Descarregue aqui a ficha t\u00e9cnica completa para conhecer todas as carater\u00edsticas.<\/a><\/p>\n<p><a href=\"https:\/\/coelectrix.com\/wp-content\/uploads\/2025\/02\/PDA-SS-C-serie-Instrucciones.pdf\" target=\"_blank\" rel=\"noopener\">Descarregue aqui o manual completo <\/a><\/p>\n","protected":false},"excerpt":{"rendered":"<h3><strong>Inversor CC\/CA de 2000 W com carregador de bateria de 15 A e fun\u00e7\u00e3o de interrutor de transfer\u00eancia<\/strong><\/h3>\n<p>O inversor de pot\u00eancia FULLWAT PDA2000SS \u00e9 uma solu\u00e7\u00e3o eficiente e fi\u00e1vel para quem necessita de energia el\u00e9ctrica em diversas aplica\u00e7\u00f5es. Com uma pot\u00eancia de 2000W, este dispositivo permite converter energia DC em energia AC, facilitando a utiliza\u00e7\u00e3o de aparelhos el\u00e9ctricos e ferramentas el\u00e9ctricas em ambientes onde n\u00e3o existe acesso \u00e0 rede el\u00e9ctrica.<\/p>\n<p>Para al\u00e9m da sua fun\u00e7\u00e3o de inversor, inclui um carregador de baterias de 15A integrado, o que o torna um dispositivo de alimenta\u00e7\u00e3o vers\u00e1til. Este carregador mant\u00e9m as baterias carregadas e prontas a utilizar, garantindo que tem sempre energia quando precisa, quer seja para actividades ao ar livre, situa\u00e7\u00f5es de emerg\u00eancia ou projectos de constru\u00e7\u00e3o.<\/p>\n","protected":false},"featured_media":74611,"template":"","meta":{"_acf_changed":false},"product_brand":[],"product_cat":[1349],"product_tag":[],"class_list":{"0":"post-75934","1":"product","2":"type-product","3":"status-publish","4":"has-post-thumbnail","6":"product_cat-investidores","8":"first","9":"instock","10":"taxable","11":"shipping-taxable","12":"purchasable","13":"product-type-simple"},"acf":[],"yoast_head":"<!-- This site is optimized with the Yoast SEO plugin v27.2 - https:\/\/yoast.com\/product\/yoast-seo-wordpress\/ -->\n<title>\u25b7 Inversor Pure Wave 2000w + Carregador 15A FULLWAT | Coelectrix.com<\/title>\n<meta name=\"description\" content=\"Inversor CC\/CA de onda pura de 2000 W com carregador de bateria de 15 A e fun\u00e7\u00e3o de interrutor de transfer\u00eancia do fabricante espanhol FULLWAT\" \/>\n<meta name=\"robots\" content=\"index, follow, max-snippet:-1, max-image-preview:large, max-video-preview:-1\" \/>\n<link rel=\"canonical\" href=\"https:\/\/coelectrix.com\/pt-pt\/produto\/inversor-wave-inverter-pura-2000w-carregador-15a-fullwat\" \/>\n<meta property=\"og:locale\" content=\"pt_PT\" \/>\n<meta property=\"og:type\" content=\"article\" \/>\n<meta property=\"og:title\" content=\"\u25b7 Inversor Pure Wave 2000w + Carregador 15A FULLWAT | Coelectrix.com\" \/>\n<meta property=\"og:description\" content=\"Inversor CC\/CA de onda pura de 2000 W com carregador de bateria de 15 A e fun\u00e7\u00e3o de interrutor de transfer\u00eancia do fabricante espanhol FULLWAT\" \/>\n<meta property=\"og:url\" content=\"https:\/\/coelectrix.com\/pt-pt\/produto\/inversor-wave-inverter-pura-2000w-carregador-15a-fullwat\" \/>\n<meta property=\"og:site_name\" content=\"Coelectrix\" \/>\n<meta property=\"article:modified_time\" content=\"2025-08-19T03:57:06+00:00\" \/>\n<meta property=\"og:image\" content=\"https:\/\/coelectrix.com\/wp-content\/uploads\/2025\/02\/Inversor-2000w-cargador-FULLWAT.jpg\" \/>\n\t<meta property=\"og:image:width\" content=\"800\" \/>\n\t<meta property=\"og:image:height\" content=\"800\" \/>\n\t<meta property=\"og:image:type\" content=\"image\/jpeg\" \/>\n<meta name=\"twitter:card\" content=\"summary_large_image\" \/>\n<meta name=\"twitter:label1\" content=\"Tempo estimado de leitura\" \/>\n\t<meta name=\"twitter:data1\" content=\"2 minutos\" \/>\n<script type=\"application\/ld+json\" class=\"yoast-schema-graph\">{\"@context\":\"https:\/\/schema.org\",\"@graph\":[{\"@type\":\"WebPage\",\"@id\":\"https:\/\/coelectrix.com\/pt-pt\/produto\/inversor-wave-inverter-pura-2000w-carregador-15a-fullwat\",\"url\":\"https:\/\/coelectrix.com\/pt-pt\/produto\/inversor-wave-inverter-pura-2000w-carregador-15a-fullwat\",\"name\":\"\u25b7 Inversor Pure Wave 2000w + Carregador 15A FULLWAT | Coelectrix.com\",\"isPartOf\":{\"@id\":\"https:\/\/coelectrix.com\/pt-pt\/#website\"},\"primaryImageOfPage\":{\"@id\":\"https:\/\/coelectrix.com\/pt-pt\/produto\/inversor-wave-inverter-pura-2000w-carregador-15a-fullwat#primaryimage\"},\"image\":{\"@id\":\"https:\/\/coelectrix.com\/pt-pt\/produto\/inversor-wave-inverter-pura-2000w-carregador-15a-fullwat#primaryimage\"},\"thumbnailUrl\":\"https:\/\/coelectrix.com\/wp-content\/uploads\/2025\/02\/Inversor-2000w-cargador-FULLWAT.jpg\",\"datePublished\":\"2025-02-28T06:15:14+00:00\",\"dateModified\":\"2025-08-19T03:57:06+00:00\",\"description\":\"Inversor CC\/CA de onda pura de 2000 W com carregador de bateria de 15 A e fun\u00e7\u00e3o de interrutor de transfer\u00eancia do fabricante espanhol FULLWAT\",\"breadcrumb\":{\"@id\":\"https:\/\/coelectrix.com\/pt-pt\/produto\/inversor-wave-inverter-pura-2000w-carregador-15a-fullwat#breadcrumb\"},\"inLanguage\":\"pt-PT\",\"potentialAction\":[{\"@type\":\"ReadAction\",\"target\":[\"https:\/\/coelectrix.com\/pt-pt\/produto\/inversor-wave-inverter-pura-2000w-carregador-15a-fullwat\"]}]},{\"@type\":\"ImageObject\",\"inLanguage\":\"pt-PT\",\"@id\":\"https:\/\/coelectrix.com\/pt-pt\/produto\/inversor-wave-inverter-pura-2000w-carregador-15a-fullwat#primaryimage\",\"url\":\"https:\/\/coelectrix.com\/wp-content\/uploads\/2025\/02\/Inversor-2000w-cargador-FULLWAT.jpg\",\"contentUrl\":\"https:\/\/coelectrix.com\/wp-content\/uploads\/2025\/02\/Inversor-2000w-cargador-FULLWAT.jpg\",\"width\":800,\"height\":800,\"caption\":\"Inversor CC\/CA de 2000 W com carregador de bateria de 15 A e fun\u00e7\u00e3o de interrutor de transfer\u00eancia\"},{\"@type\":\"BreadcrumbList\",\"@id\":\"https:\/\/coelectrix.com\/pt-pt\/produto\/inversor-wave-inverter-pura-2000w-carregador-15a-fullwat#breadcrumb\",\"itemListElement\":[{\"@type\":\"ListItem\",\"position\":1,\"name\":\"Portada\",\"item\":\"https:\/\/coelectrix.com\/\"},{\"@type\":\"ListItem\",\"position\":2,\"name\":\"Loja\",\"item\":\"https:\/\/coelectrix.com\/pt-pt\/loja\"},{\"@type\":\"ListItem\",\"position\":3,\"name\":\"Inversor Pure Wave 2000w + Carregador 15A FULLWAT\"}]},{\"@type\":\"WebSite\",\"@id\":\"https:\/\/coelectrix.com\/pt-pt\/#website\",\"url\":\"https:\/\/coelectrix.com\/pt-pt\/\",\"name\":\"Coelectrix\",\"description\":\"Componentes el\u00e9ctricos\",\"publisher\":{\"@id\":\"https:\/\/coelectrix.com\/pt-pt\/#organization\"},\"potentialAction\":[{\"@type\":\"SearchAction\",\"target\":{\"@type\":\"EntryPoint\",\"urlTemplate\":\"https:\/\/coelectrix.com\/pt-pt\/?s={search_term_string}\"},\"query-input\":{\"@type\":\"PropertyValueSpecification\",\"valueRequired\":true,\"valueName\":\"search_term_string\"}}],\"inLanguage\":\"pt-PT\"},{\"@type\":\"Organization\",\"@id\":\"https:\/\/coelectrix.com\/pt-pt\/#organization\",\"name\":\"coelectrix.com\",\"url\":\"https:\/\/coelectrix.com\/pt-pt\/\",\"logo\":{\"@type\":\"ImageObject\",\"inLanguage\":\"pt-PT\",\"@id\":\"https:\/\/coelectrix.com\/pt-pt\/#\/schema\/logo\/image\/\",\"url\":\"https:\/\/coelectrix.com\/wp-content\/uploads\/2018\/05\/logo-coelectrix-400x400.jpg\",\"contentUrl\":\"https:\/\/coelectrix.com\/wp-content\/uploads\/2018\/05\/logo-coelectrix-400x400.jpg\",\"width\":300,\"height\":300,\"caption\":\"coelectrix.com\"},\"image\":{\"@id\":\"https:\/\/coelectrix.com\/pt-pt\/#\/schema\/logo\/image\/\"}}]}<\/script>\n<!-- \/ Yoast SEO plugin. -->","yoast_head_json":{"title":"\u25b7 Inversor Pure Wave 2000w + Carregador 15A FULLWAT | Coelectrix.com","description":"Inversor CC\/CA de onda pura de 2000 W com carregador de bateria de 15 A e fun\u00e7\u00e3o de interrutor de transfer\u00eancia do fabricante espanhol FULLWAT","robots":{"index":"index","follow":"follow","max-snippet":"max-snippet:-1","max-image-preview":"max-image-preview:large","max-video-preview":"max-video-preview:-1"},"canonical":"https:\/\/coelectrix.com\/pt-pt\/produto\/inversor-wave-inverter-pura-2000w-carregador-15a-fullwat","og_locale":"pt_PT","og_type":"article","og_title":"\u25b7 Inversor Pure Wave 2000w + Carregador 15A FULLWAT | Coelectrix.com","og_description":"Inversor CC\/CA de onda pura de 2000 W com carregador de bateria de 15 A e fun\u00e7\u00e3o de interrutor de transfer\u00eancia do fabricante espanhol FULLWAT","og_url":"https:\/\/coelectrix.com\/pt-pt\/produto\/inversor-wave-inverter-pura-2000w-carregador-15a-fullwat","og_site_name":"Coelectrix","article_modified_time":"2025-08-19T03:57:06+00:00","og_image":[{"width":800,"height":800,"url":"https:\/\/coelectrix.com\/wp-content\/uploads\/2025\/02\/Inversor-2000w-cargador-FULLWAT.jpg","type":"image\/jpeg"}],"twitter_card":"summary_large_image","twitter_misc":{"Tempo estimado de leitura":"2 minutos"},"schema":{"@context":"https:\/\/schema.org","@graph":[{"@type":"WebPage","@id":"https:\/\/coelectrix.com\/pt-pt\/produto\/inversor-wave-inverter-pura-2000w-carregador-15a-fullwat","url":"https:\/\/coelectrix.com\/pt-pt\/produto\/inversor-wave-inverter-pura-2000w-carregador-15a-fullwat","name":"\u25b7 Inversor Pure Wave 2000w + Carregador 15A FULLWAT | Coelectrix.com","isPartOf":{"@id":"https:\/\/coelectrix.com\/pt-pt\/#website"},"primaryImageOfPage":{"@id":"https:\/\/coelectrix.com\/pt-pt\/produto\/inversor-wave-inverter-pura-2000w-carregador-15a-fullwat#primaryimage"},"image":{"@id":"https:\/\/coelectrix.com\/pt-pt\/produto\/inversor-wave-inverter-pura-2000w-carregador-15a-fullwat#primaryimage"},"thumbnailUrl":"https:\/\/coelectrix.com\/wp-content\/uploads\/2025\/02\/Inversor-2000w-cargador-FULLWAT.jpg","datePublished":"2025-02-28T06:15:14+00:00","dateModified":"2025-08-19T03:57:06+00:00","description":"Inversor CC\/CA de onda pura de 2000 W com carregador de bateria de 15 A e fun\u00e7\u00e3o de interrutor de transfer\u00eancia do fabricante espanhol FULLWAT","breadcrumb":{"@id":"https:\/\/coelectrix.com\/pt-pt\/produto\/inversor-wave-inverter-pura-2000w-carregador-15a-fullwat#breadcrumb"},"inLanguage":"pt-PT","potentialAction":[{"@type":"ReadAction","target":["https:\/\/coelectrix.com\/pt-pt\/produto\/inversor-wave-inverter-pura-2000w-carregador-15a-fullwat"]}]},{"@type":"ImageObject","inLanguage":"pt-PT","@id":"https:\/\/coelectrix.com\/pt-pt\/produto\/inversor-wave-inverter-pura-2000w-carregador-15a-fullwat#primaryimage","url":"https:\/\/coelectrix.com\/wp-content\/uploads\/2025\/02\/Inversor-2000w-cargador-FULLWAT.jpg","contentUrl":"https:\/\/coelectrix.com\/wp-content\/uploads\/2025\/02\/Inversor-2000w-cargador-FULLWAT.jpg","width":800,"height":800,"caption":"Inversor CC\/CA de 2000 W com carregador de bateria de 15 A e fun\u00e7\u00e3o de interrutor de transfer\u00eancia"},{"@type":"BreadcrumbList","@id":"https:\/\/coelectrix.com\/pt-pt\/produto\/inversor-wave-inverter-pura-2000w-carregador-15a-fullwat#breadcrumb","itemListElement":[{"@type":"ListItem","position":1,"name":"Portada","item":"https:\/\/coelectrix.com\/"},{"@type":"ListItem","position":2,"name":"Loja","item":"https:\/\/coelectrix.com\/pt-pt\/loja"},{"@type":"ListItem","position":3,"name":"Inversor Pure Wave 2000w + Carregador 15A FULLWAT"}]},{"@type":"WebSite","@id":"https:\/\/coelectrix.com\/pt-pt\/#website","url":"https:\/\/coelectrix.com\/pt-pt\/","name":"Coelectrix","description":"Componentes el\u00e9ctricos","publisher":{"@id":"https:\/\/coelectrix.com\/pt-pt\/#organization"},"potentialAction":[{"@type":"SearchAction","target":{"@type":"EntryPoint","urlTemplate":"https:\/\/coelectrix.com\/pt-pt\/?s={search_term_string}"},"query-input":{"@type":"PropertyValueSpecification","valueRequired":true,"valueName":"search_term_string"}}],"inLanguage":"pt-PT"},{"@type":"Organization","@id":"https:\/\/coelectrix.com\/pt-pt\/#organization","name":"coelectrix.com","url":"https:\/\/coelectrix.com\/pt-pt\/","logo":{"@type":"ImageObject","inLanguage":"pt-PT","@id":"https:\/\/coelectrix.com\/pt-pt\/#\/schema\/logo\/image\/","url":"https:\/\/coelectrix.com\/wp-content\/uploads\/2018\/05\/logo-coelectrix-400x400.jpg","contentUrl":"https:\/\/coelectrix.com\/wp-content\/uploads\/2018\/05\/logo-coelectrix-400x400.jpg","width":300,"height":300,"caption":"coelectrix.com"},"image":{"@id":"https:\/\/coelectrix.com\/pt-pt\/#\/schema\/logo\/image\/"}}]}},"_links":{"self":[{"href":"https:\/\/coelectrix.com\/pt-pt\/wp-json\/wp\/v2\/product\/75934","targetHints":{"allow":["GET"]}}],"collection":[{"href":"https:\/\/coelectrix.com\/pt-pt\/wp-json\/wp\/v2\/product"}],"about":[{"href":"https:\/\/coelectrix.com\/pt-pt\/wp-json\/wp\/v2\/types\/product"}],"version-history":[{"count":1,"href":"https:\/\/coelectrix.com\/pt-pt\/wp-json\/wp\/v2\/product\/75934\/revisions"}],"predecessor-version":[{"id":76590,"href":"https:\/\/coelectrix.com\/pt-pt\/wp-json\/wp\/v2\/product\/75934\/revisions\/76590"}],"wp:featuredmedia":[{"embeddable":true,"href":"https:\/\/coelectrix.com\/pt-pt\/wp-json\/wp\/v2\/media\/74611"}],"wp:attachment":[{"href":"https:\/\/coelectrix.com\/pt-pt\/wp-json\/wp\/v2\/media?parent=75934"}],"wp:term":[{"taxonomy":"product_brand","embeddable":true,"href":"https:\/\/coelectrix.com\/pt-pt\/wp-json\/wp\/v2\/product_brand?post=75934"},{"taxonomy":"product_cat","embeddable":true,"href":"https:\/\/coelectrix.com\/pt-pt\/wp-json\/wp\/v2\/product_cat?post=75934"},{"taxonomy":"product_tag","embeddable":true,"href":"https:\/\/coelectrix.com\/pt-pt\/wp-json\/wp\/v2\/product_tag?post=75934"}],"curies":[{"name":"wp","href":"https:\/\/api.w.org\/{rel}","templated":true}]}}