{"id":75935,"date":"2023-10-14T08:32:36","date_gmt":"2023-10-14T06:32:36","guid":{"rendered":"https:\/\/coelectrix.com\/producto\/inversor-carregador-multiplus-c-12-1200-50-16"},"modified":"2025-08-19T06:01:21","modified_gmt":"2025-08-19T04:01:21","slug":"inversor-carregador-multiplus-c-12-1200-50-16","status":"publish","type":"product","link":"https:\/\/coelectrix.com\/pt-pt\/product\/inverter-charger-multiplus-c-1280035-16","title":{"rendered":"INVERSOR\/CARREGADOR MULTIPLUS C 12\/1200\/50-16"},"content":{"rendered":"<h2><b>INVERSOR\/CARREGADOR MULTIPLUS C 12\/800\/35-16<\/b><\/h2>\n<div><\/div>\n<div>\n<h4><strong>Duas sa\u00eddas AC<\/strong><\/h4>\n<div>A sa\u00edda principal tem uma fun\u00e7\u00e3o &#8220;no-break&#8221;. O MultiPlus assume a alimenta\u00e7\u00e3o das cargas ligadas no caso de um apag\u00e3o ou de uma desconex\u00e3o da rede el\u00e9ctrica\/gerador.<\/div>\n<div><\/div>\n<p>A segunda sa\u00edda s\u00f3 est\u00e1 ativa quando uma das entradas do MultiPlus \u00e9 alimentada com energia AC. Os dispositivos que n\u00e3o devem descarregar a bateria, como um aquecedor de \u00e1gua, por exemplo, podem ser ligados a esta sa\u00edda (segunda sa\u00edda apenas dispon\u00edvel em modelos com interrutor de transfer\u00eancia de 50A).<\/p>\n<div><\/div>\n<h4><strong>Pot\u00eancia virtualmente ilimitada gra\u00e7as ao funcionamento em paralelo<\/strong><\/h4>\n<div>At\u00e9 6 Multis podem ser operados em paralelo para obter uma maior pot\u00eancia de sa\u00edda e de carga.<\/div>\n<div><\/div>\n<h4><strong>Capacidade de funcionamento trif\u00e1sico<\/strong><\/h4>\n<div>Para al\u00e9m da liga\u00e7\u00e3o em paralelo, tr\u00eas unidades do mesmo modelo podem ser configuradas para sa\u00edda trif\u00e1sica. Mas isso n\u00e3o \u00e9 tudo: at\u00e9 6 conjuntos de tr\u00eas unidades podem ser ligados em paralelo.<\/div>\n<div><\/div>\n<h4><strong>PowerControl &#8211; Pot\u00eancia limitada do gerador, do pont\u00e3o ou da rede<\/strong><\/h4>\n<div>O Multi \u00e9 um carregador de baterias muito potente. Por conseguinte, utilizar\u00e1 muita corrente do gerador ou da rede do pont\u00e3o (quase 10 A por 5kVA Multi a 230 VAC). Pode ser definida uma corrente m\u00e1xima do gerador ou do pont\u00e3o no painel de controlo do Multi. O MultiPlus ter\u00e1 em conta as outras cargas CA e utilizar\u00e1 a corrente em excesso para a carga, evitando assim sobrecarregar o gerador ou a rede do pont\u00e3o.<\/div>\n<div><\/div>\n<h4><strong>PowerAssist &#8211; Aumentar a capacidade el\u00e9ctrica do pont\u00e3o ou do gerador<\/strong><\/h4>\n<div>Esta fun\u00e7\u00e3o leva o princ\u00edpio do PowerControl a outra dimens\u00e3o. Permite que o MultiPlus complemente a capacidade da fonte alternativa. Quando \u00e9 necess\u00e1rio um pico de pot\u00eancia durante um curto per\u00edodo de tempo, como \u00e9 frequentemente o caso, o MultiPlus compensa imediatamente a eventual falta de pot\u00eancia do pont\u00e3o ou da corrente do gerador com a pot\u00eancia da bateria.<\/div>\n<div><\/div>\n<h4><strong>Carregador vari\u00e1vel de quatro fases e carregamento de banco de baterias duplo<\/strong><\/h4>\n<div>A sa\u00edda principal fornece uma carga potente ao sistema de baterias atrav\u00e9s de um software avan\u00e7ado de &#8220;carga vari\u00e1vel&#8221;. O software afina o processo autom\u00e1tico de tr\u00eas fases para se adequar \u00e0s condi\u00e7\u00f5es da bateria e adiciona uma quarta fase para per\u00edodos prolongados de carregamento lento.<\/div>\n<div>Para al\u00e9m do acima referido, o MultiPlus pode carregar uma segunda bateria.<\/div>\n<div><\/div>\n<h4><strong>A configura\u00e7\u00e3o do sistema n\u00e3o podia ser mais simples<\/strong><\/h4>\n<div>Uma vez instalado, o MultiPlus est\u00e1 pronto a funcionar.<\/div>\n<div>Se a configura\u00e7\u00e3o precisar de ser alterada, pode ser feita numa quest\u00e3o de minutos atrav\u00e9s de um novo procedimento de configura\u00e7\u00e3o do interrutor DIP ou atrav\u00e9s do software Victron.<\/div>\n<\/div>\n<div><\/div>\n<div><\/div>\n<div>\n<div id=\"tech-chars-title\" class=\"jxxg7k2 mgz-element mgz-child mgz-element-text title-text\">\n<div class=\"mgz-element-inner jxxg7k2-s\">\n<h4><strong>CARACTER\u00cdSTICAS T\u00c9CNICAS<\/strong><\/h4>\n<\/div>\n<\/div>\n<div id=\"tech-chars-attribute\" class=\"eypmo8v mgz-element mgz-child mgz-element-product_attribute content-text\">\n<div class=\"mgz-element-inner eypmo8v-s\">\n<div class=\"ppbd-product-attribute\">\n<ul>\n<li>Tens\u00e3o do Inversor 12 V<\/li>\n<li>Peso do Inversor 10 Kg<\/li>\n<li>Dimens\u00f5es do Inversor 375 x 214 x 110 mm<\/li>\n<li>Efici\u00eancia m\u00e1xima 93%.<\/li>\n<li>Classe de prote\u00e7\u00e3o IP21<\/li>\n<li>Tens\u00e3o de entrada 12 V<\/li>\n<li>Pot\u00eancia nominal de sa\u00edda (W) 1200 VA<\/li>\n<li>Pot\u00eancia de sa\u00edda 1200 VA<\/li>\n<li>Pot\u00eancia de pico (W) 2400 W<\/li>\n<li>Tens\u00e3o \/ Frequ\u00eancia Sa\u00edda AC 230 VAC \u00b1 2% \/ 50 Hz \u00b1 0,1%.<\/li>\n<li>Tipo de onda pura<\/li>\n<li>Garantia 5 anos<\/li>\n<li>Tipo de inversor Inversor &#8211; carregador<\/li>\n<\/ul>\n<\/div>\n<\/div>\n<\/div>\n<\/div>\n<div><\/div>\n<div><a href=\"https:\/\/coelectrix.com\/wp-content\/uploads\/2023\/10\/Datasheet-MultiPlus-inverter-charger-800VA-5kVA-ES.pdf\" target=\"_blank\" rel=\"noopener\">MULTIPLUS C 12\/1200\/50-16 INVERTER\/CARREGADOR<\/a> Ficha t\u00e9cnica<\/div>\n<div><\/div>\n","protected":false},"excerpt":{"rendered":"<p>O MULTIPLUS C 12\/1200\/50-16 \u00e9 um inversor de onda sinusoidal verdadeiramente potente e um carregador de bateria sofisticado que inclui tecnologia de carregamento adapt\u00e1vel e um interrutor de transfer\u00eancia CA de alta velocidade numa \u00fanica unidade compacta.<\/p>\n<p>Carater\u00edsticas principais:<\/p>\n<ul>\n<li>Pot\u00eancia de sa\u00edda 1200 VA<\/li>\n<li>Pot\u00eancia de pico (W) 2400 W<\/li>\n<li>Corrente de carga: 50A<\/li>\n<\/ul>\n","protected":false},"featured_media":74280,"template":"","meta":{"_acf_changed":false},"product_brand":[],"product_cat":[1349,1338],"product_tag":[1445],"class_list":{"0":"post-75935","1":"product","2":"type-product","3":"status-publish","4":"has-post-thumbnail","6":"product_cat-investidores","7":"product_cat-victron-energia","8":"product_tag-victron-pt","10":"first","11":"instock","12":"taxable","13":"shipping-taxable","14":"purchasable","15":"product-type-simple"},"acf":[],"yoast_head":"<!-- This site is optimized with the Yoast SEO plugin v27.2 - https:\/\/yoast.com\/product\/yoast-seo-wordpress\/ -->\n<title>\u25b7 INVERSOR\/CARREGADOR MULTIPLUS C 12\/1200\/50-16 | Coelectrix.com<\/title>\n<meta name=\"robots\" content=\"index, follow, max-snippet:-1, max-image-preview:large, max-video-preview:-1\" \/>\n<link rel=\"canonical\" href=\"https:\/\/coelectrix.com\/pt-pt\/product\/inverter-charger-multiplus-c-1280035-16\" \/>\n<meta property=\"og:locale\" content=\"pt_PT\" \/>\n<meta property=\"og:type\" content=\"article\" \/>\n<meta property=\"og:title\" content=\"\u25b7 INVERSOR\/CARREGADOR MULTIPLUS C 12\/1200\/50-16 | Coelectrix.com\" \/>\n<meta property=\"og:description\" content=\"O MULTIPLUS C 12\/1200\/50-16 \u00e9 um inversor de onda sinusoidal verdadeiramente potente e um carregador de bateria sofisticado que inclui tecnologia de carregamento adapt\u00e1vel e um interrutor de transfer\u00eancia CA de alta velocidade numa \u00fanica unidade compacta. Carater\u00edsticas principais:  Pot\u00eancia de sa\u00edda 1200 VA  Pot\u00eancia de pico (W) 2400 W  Corrente de carga: 50A\" \/>\n<meta property=\"og:url\" content=\"https:\/\/coelectrix.com\/pt-pt\/product\/inverter-charger-multiplus-c-1280035-16\" \/>\n<meta property=\"og:site_name\" content=\"Coelectrix\" \/>\n<meta property=\"article:modified_time\" content=\"2025-08-19T04:01:21+00:00\" \/>\n<meta property=\"og:image\" content=\"https:\/\/coelectrix.com\/wp-content\/uploads\/2023\/10\/MULTIPLUS-C-12_800_35_16-lateral.jpg\" \/>\n\t<meta property=\"og:image:width\" content=\"600\" \/>\n\t<meta property=\"og:image:height\" content=\"600\" \/>\n\t<meta property=\"og:image:type\" content=\"image\/jpeg\" \/>\n<meta name=\"twitter:card\" content=\"summary_large_image\" \/>\n<meta name=\"twitter:label1\" content=\"Tempo estimado de leitura\" \/>\n\t<meta name=\"twitter:data1\" content=\"3 minutos\" \/>\n<script type=\"application\/ld+json\" class=\"yoast-schema-graph\">{\"@context\":\"https:\/\/schema.org\",\"@graph\":[{\"@type\":\"WebPage\",\"@id\":\"https:\/\/coelectrix.com\/pt-pt\/product\/inverter-charger-multiplus-c-1280035-16\",\"url\":\"https:\/\/coelectrix.com\/pt-pt\/product\/inverter-charger-multiplus-c-1280035-16\",\"name\":\"\u25b7 INVERSOR\/CARREGADOR MULTIPLUS C 12\/1200\/50-16 | Coelectrix.com\",\"isPartOf\":{\"@id\":\"https:\/\/coelectrix.com\/pt-pt\/#website\"},\"primaryImageOfPage\":{\"@id\":\"https:\/\/coelectrix.com\/pt-pt\/product\/inverter-charger-multiplus-c-1280035-16#primaryimage\"},\"image\":{\"@id\":\"https:\/\/coelectrix.com\/pt-pt\/product\/inverter-charger-multiplus-c-1280035-16#primaryimage\"},\"thumbnailUrl\":\"https:\/\/coelectrix.com\/wp-content\/uploads\/2023\/10\/MULTIPLUS-C-12_800_35_16-lateral.jpg\",\"datePublished\":\"2023-10-14T06:32:36+00:00\",\"dateModified\":\"2025-08-19T04:01:21+00:00\",\"breadcrumb\":{\"@id\":\"https:\/\/coelectrix.com\/pt-pt\/product\/inverter-charger-multiplus-c-1280035-16#breadcrumb\"},\"inLanguage\":\"pt-PT\",\"potentialAction\":[{\"@type\":\"ReadAction\",\"target\":[\"https:\/\/coelectrix.com\/pt-pt\/product\/inverter-charger-multiplus-c-1280035-16\"]}]},{\"@type\":\"ImageObject\",\"inLanguage\":\"pt-PT\",\"@id\":\"https:\/\/coelectrix.com\/pt-pt\/product\/inverter-charger-multiplus-c-1280035-16#primaryimage\",\"url\":\"https:\/\/coelectrix.com\/wp-content\/uploads\/2023\/10\/MULTIPLUS-C-12_800_35_16-lateral.jpg\",\"contentUrl\":\"https:\/\/coelectrix.com\/wp-content\/uploads\/2023\/10\/MULTIPLUS-C-12_800_35_16-lateral.jpg\",\"width\":600,\"height\":600,\"caption\":\"MULTIPLUS C 12\/800\/35-16\"},{\"@type\":\"BreadcrumbList\",\"@id\":\"https:\/\/coelectrix.com\/pt-pt\/product\/inverter-charger-multiplus-c-1280035-16#breadcrumb\",\"itemListElement\":[{\"@type\":\"ListItem\",\"position\":1,\"name\":\"Portada\",\"item\":\"https:\/\/coelectrix.com\/\"},{\"@type\":\"ListItem\",\"position\":2,\"name\":\"Loja\",\"item\":\"https:\/\/coelectrix.com\/pt-pt\/loja\"},{\"@type\":\"ListItem\",\"position\":3,\"name\":\"INVERSOR\/CARREGADOR MULTIPLUS C 12\/1200\/50-16\"}]},{\"@type\":\"WebSite\",\"@id\":\"https:\/\/coelectrix.com\/pt-pt\/#website\",\"url\":\"https:\/\/coelectrix.com\/pt-pt\/\",\"name\":\"Coelectrix\",\"description\":\"Componentes el\u00e9ctricos\",\"publisher\":{\"@id\":\"https:\/\/coelectrix.com\/pt-pt\/#organization\"},\"potentialAction\":[{\"@type\":\"SearchAction\",\"target\":{\"@type\":\"EntryPoint\",\"urlTemplate\":\"https:\/\/coelectrix.com\/pt-pt\/?s={search_term_string}\"},\"query-input\":{\"@type\":\"PropertyValueSpecification\",\"valueRequired\":true,\"valueName\":\"search_term_string\"}}],\"inLanguage\":\"pt-PT\"},{\"@type\":\"Organization\",\"@id\":\"https:\/\/coelectrix.com\/pt-pt\/#organization\",\"name\":\"coelectrix.com\",\"url\":\"https:\/\/coelectrix.com\/pt-pt\/\",\"logo\":{\"@type\":\"ImageObject\",\"inLanguage\":\"pt-PT\",\"@id\":\"https:\/\/coelectrix.com\/pt-pt\/#\/schema\/logo\/image\/\",\"url\":\"https:\/\/coelectrix.com\/wp-content\/uploads\/2018\/05\/logo-coelectrix-400x400.jpg\",\"contentUrl\":\"https:\/\/coelectrix.com\/wp-content\/uploads\/2018\/05\/logo-coelectrix-400x400.jpg\",\"width\":300,\"height\":300,\"caption\":\"coelectrix.com\"},\"image\":{\"@id\":\"https:\/\/coelectrix.com\/pt-pt\/#\/schema\/logo\/image\/\"}}]}<\/script>\n<!-- \/ Yoast SEO plugin. -->","yoast_head_json":{"title":"\u25b7 INVERSOR\/CARREGADOR MULTIPLUS C 12\/1200\/50-16 | Coelectrix.com","robots":{"index":"index","follow":"follow","max-snippet":"max-snippet:-1","max-image-preview":"max-image-preview:large","max-video-preview":"max-video-preview:-1"},"canonical":"https:\/\/coelectrix.com\/pt-pt\/product\/inverter-charger-multiplus-c-1280035-16","og_locale":"pt_PT","og_type":"article","og_title":"\u25b7 INVERSOR\/CARREGADOR MULTIPLUS C 12\/1200\/50-16 | Coelectrix.com","og_description":"O MULTIPLUS C 12\/1200\/50-16 \u00e9 um inversor de onda sinusoidal verdadeiramente potente e um carregador de bateria sofisticado que inclui tecnologia de carregamento adapt\u00e1vel e um interrutor de transfer\u00eancia CA de alta velocidade numa \u00fanica unidade compacta. Carater\u00edsticas principais:  Pot\u00eancia de sa\u00edda 1200 VA  Pot\u00eancia de pico (W) 2400 W  Corrente de carga: 50A","og_url":"https:\/\/coelectrix.com\/pt-pt\/product\/inverter-charger-multiplus-c-1280035-16","og_site_name":"Coelectrix","article_modified_time":"2025-08-19T04:01:21+00:00","og_image":[{"width":600,"height":600,"url":"https:\/\/coelectrix.com\/wp-content\/uploads\/2023\/10\/MULTIPLUS-C-12_800_35_16-lateral.jpg","type":"image\/jpeg"}],"twitter_card":"summary_large_image","twitter_misc":{"Tempo estimado de leitura":"3 minutos"},"schema":{"@context":"https:\/\/schema.org","@graph":[{"@type":"WebPage","@id":"https:\/\/coelectrix.com\/pt-pt\/product\/inverter-charger-multiplus-c-1280035-16","url":"https:\/\/coelectrix.com\/pt-pt\/product\/inverter-charger-multiplus-c-1280035-16","name":"\u25b7 INVERSOR\/CARREGADOR MULTIPLUS C 12\/1200\/50-16 | Coelectrix.com","isPartOf":{"@id":"https:\/\/coelectrix.com\/pt-pt\/#website"},"primaryImageOfPage":{"@id":"https:\/\/coelectrix.com\/pt-pt\/product\/inverter-charger-multiplus-c-1280035-16#primaryimage"},"image":{"@id":"https:\/\/coelectrix.com\/pt-pt\/product\/inverter-charger-multiplus-c-1280035-16#primaryimage"},"thumbnailUrl":"https:\/\/coelectrix.com\/wp-content\/uploads\/2023\/10\/MULTIPLUS-C-12_800_35_16-lateral.jpg","datePublished":"2023-10-14T06:32:36+00:00","dateModified":"2025-08-19T04:01:21+00:00","breadcrumb":{"@id":"https:\/\/coelectrix.com\/pt-pt\/product\/inverter-charger-multiplus-c-1280035-16#breadcrumb"},"inLanguage":"pt-PT","potentialAction":[{"@type":"ReadAction","target":["https:\/\/coelectrix.com\/pt-pt\/product\/inverter-charger-multiplus-c-1280035-16"]}]},{"@type":"ImageObject","inLanguage":"pt-PT","@id":"https:\/\/coelectrix.com\/pt-pt\/product\/inverter-charger-multiplus-c-1280035-16#primaryimage","url":"https:\/\/coelectrix.com\/wp-content\/uploads\/2023\/10\/MULTIPLUS-C-12_800_35_16-lateral.jpg","contentUrl":"https:\/\/coelectrix.com\/wp-content\/uploads\/2023\/10\/MULTIPLUS-C-12_800_35_16-lateral.jpg","width":600,"height":600,"caption":"MULTIPLUS C 12\/800\/35-16"},{"@type":"BreadcrumbList","@id":"https:\/\/coelectrix.com\/pt-pt\/product\/inverter-charger-multiplus-c-1280035-16#breadcrumb","itemListElement":[{"@type":"ListItem","position":1,"name":"Portada","item":"https:\/\/coelectrix.com\/"},{"@type":"ListItem","position":2,"name":"Loja","item":"https:\/\/coelectrix.com\/pt-pt\/loja"},{"@type":"ListItem","position":3,"name":"INVERSOR\/CARREGADOR MULTIPLUS C 12\/1200\/50-16"}]},{"@type":"WebSite","@id":"https:\/\/coelectrix.com\/pt-pt\/#website","url":"https:\/\/coelectrix.com\/pt-pt\/","name":"Coelectrix","description":"Componentes el\u00e9ctricos","publisher":{"@id":"https:\/\/coelectrix.com\/pt-pt\/#organization"},"potentialAction":[{"@type":"SearchAction","target":{"@type":"EntryPoint","urlTemplate":"https:\/\/coelectrix.com\/pt-pt\/?s={search_term_string}"},"query-input":{"@type":"PropertyValueSpecification","valueRequired":true,"valueName":"search_term_string"}}],"inLanguage":"pt-PT"},{"@type":"Organization","@id":"https:\/\/coelectrix.com\/pt-pt\/#organization","name":"coelectrix.com","url":"https:\/\/coelectrix.com\/pt-pt\/","logo":{"@type":"ImageObject","inLanguage":"pt-PT","@id":"https:\/\/coelectrix.com\/pt-pt\/#\/schema\/logo\/image\/","url":"https:\/\/coelectrix.com\/wp-content\/uploads\/2018\/05\/logo-coelectrix-400x400.jpg","contentUrl":"https:\/\/coelectrix.com\/wp-content\/uploads\/2018\/05\/logo-coelectrix-400x400.jpg","width":300,"height":300,"caption":"coelectrix.com"},"image":{"@id":"https:\/\/coelectrix.com\/pt-pt\/#\/schema\/logo\/image\/"}}]}},"_links":{"self":[{"href":"https:\/\/coelectrix.com\/pt-pt\/wp-json\/wp\/v2\/product\/75935","targetHints":{"allow":["GET"]}}],"collection":[{"href":"https:\/\/coelectrix.com\/pt-pt\/wp-json\/wp\/v2\/product"}],"about":[{"href":"https:\/\/coelectrix.com\/pt-pt\/wp-json\/wp\/v2\/types\/product"}],"version-history":[{"count":1,"href":"https:\/\/coelectrix.com\/pt-pt\/wp-json\/wp\/v2\/product\/75935\/revisions"}],"predecessor-version":[{"id":76645,"href":"https:\/\/coelectrix.com\/pt-pt\/wp-json\/wp\/v2\/product\/75935\/revisions\/76645"}],"wp:featuredmedia":[{"embeddable":true,"href":"https:\/\/coelectrix.com\/pt-pt\/wp-json\/wp\/v2\/media\/74280"}],"wp:attachment":[{"href":"https:\/\/coelectrix.com\/pt-pt\/wp-json\/wp\/v2\/media?parent=75935"}],"wp:term":[{"taxonomy":"product_brand","embeddable":true,"href":"https:\/\/coelectrix.com\/pt-pt\/wp-json\/wp\/v2\/product_brand?post=75935"},{"taxonomy":"product_cat","embeddable":true,"href":"https:\/\/coelectrix.com\/pt-pt\/wp-json\/wp\/v2\/product_cat?post=75935"},{"taxonomy":"product_tag","embeddable":true,"href":"https:\/\/coelectrix.com\/pt-pt\/wp-json\/wp\/v2\/product_tag?post=75935"}],"curies":[{"name":"wp","href":"https:\/\/api.w.org\/{rel}","templated":true}]}}