{"id":75939,"date":"2023-08-25T10:56:33","date_gmt":"2023-08-25T08:56:33","guid":{"rendered":"https:\/\/coelectrix.com\/producto\/inversor-phoenix-smart-12-3000va-victron-energy"},"modified":"2025-08-19T06:01:23","modified_gmt":"2025-08-19T04:01:23","slug":"inversor-phoenix-smart-12-3000va-victron-energy","status":"publish","type":"product","link":"https:\/\/coelectrix.com\/pt-pt\/produto\/inversores-phoenix-smart-12-3000va-victron-energy","title":{"rendered":"Inversor Phoenix Smart 12\/3000VA Victron Energy"},"content":{"rendered":"<h2><strong>Inversor Phoenix Smart Inverter 12\/3000VA Victron Energy<\/strong><\/h2>\n<p>Bluetooth incorporado: totalmente configur\u00e1vel com um tablet ou smartphone<\/p>\n<ul>\n<li>Alarme de baixa tens\u00e3o da bateria<\/li>\n<li>N\u00edveis de desconex\u00e3o e rein\u00edcio de tens\u00e3o baixa da bateria.<\/li>\n<li>Desconex\u00e3o din\u00e2mica: n\u00edvel de desconex\u00e3o dependente da carga<\/li>\n<li>Tens\u00e3o de sa\u00edda: 210 &#8211; 245V<\/li>\n<li>Frequ\u00eancia: 50 Hz ou 60 Hz<\/li>\n<li>Modo ECO ligado\/desligado e sensor de n\u00edvel do modo ECO<\/li>\n<li>Rel\u00e9 de alarme<\/li>\n<\/ul>\n<p>Monitoriza\u00e7\u00e3o:<\/p>\n<ul>\n<li>Tens\u00e3o de entrada e sa\u00edda, carga e alarmes.<\/li>\n<\/ul>\n<p><strong>Porta de comunica\u00e7\u00e3o VE.Diret<\/strong><br \/>\nA porta VE.Diret pode ser ligada a um computador (\u00e9 necess\u00e1rio um cabo de interface VE.Diret) para configurar e monitorizar os mesmos par\u00e2metros.<\/p>\n<p><strong>Fiabilidade comprovada<\/strong><br \/>\nA topologia de ponte completa mais transformador toroidal provou a sua fiabilidade ao longo de muitos anos. Os inversores s\u00e3o \u00e0 prova de curto-circuito e est\u00e3o protegidos contra sobreaquecimento, quer seja devido a sobrecarga ou a temperatura ambiente elevada.<\/p>\n<p><strong>Elevada pot\u00eancia de arranque<\/strong><br \/>\nNecess\u00e1ria para cargas de arranque, como conversores para l\u00e2mpadas LED, l\u00e2mpadas de halog\u00e9neo ou ferramentas el\u00e9ctricas.<\/p>\n<p><strong>Modo ECO<\/strong><br \/>\nNo modo ECO, o inversor entra em modo de espera quando a carga desce abaixo de um valor predefinido. Uma vez no modo de espera, o inversor liga-se brevemente a cada 2,5 segundos (ajust\u00e1vel). Se a carga exceder o n\u00edvel predefinido, o inversor permanecer\u00e1 ligado.<\/p>\n<p><strong>Interruptor de ligar\/desligar remoto<\/strong><br \/>\nPode ser ligado um interrutor de ligar\/desligar remoto ou um rel\u00e9 a um conetor de duas fases. Em alternativa, o terminal H (esquerdo) do conetor bif\u00e1sico pode ser comutado para o positivo da bateria ou o terminal L (direito) do conetor bif\u00e1sico pode ser comutado para o negativo da bateria (ou para o chassis de um ve\u00edculo, por exemplo).<\/p>\n<p><strong>Diagn\u00f3stico de LEDs<\/strong><br \/>\nConsultar o manual para descri\u00e7\u00e3o.<\/p>\n<p><strong>Para transferir a carga para outra fonte de CA: o interrutor de transfer\u00eancia autom\u00e1tica<\/strong><br \/>\nPara os nossos inversores de baixa pot\u00eancia, recomendamos o nosso interrutor de transfer\u00eancia autom\u00e1tico Filax. O tempo de comuta\u00e7\u00e3o do &#8220;Filax&#8221; \u00e9 muito curto (menos de 20 milissegundos), pelo que os computadores e outros equipamentos electr\u00f3nicos continuar\u00e3o a funcionar sem interrup\u00e7\u00f5es. Em alternativa, utilize um MultiPlus com um interrutor de transfer\u00eancia incorporado.<\/p>\n<p>Esquema de instala\u00e7\u00e3o:<\/p>\n<p><strong><img fetchpriority=\"high\" decoding=\"async\" class=\"alignnone wp-image-53505\" src=\"https:\/\/coelectrix.com\/wp-content\/uploads\/2023\/08\/Captura-de-pantalla-2023-08-25-100319.jpg\" alt=\"\" width=\"550\" height=\"241\" srcset=\"https:\/\/coelectrix.com\/wp-content\/uploads\/2023\/08\/Captura-de-pantalla-2023-08-25-100319.jpg 691w, https:\/\/coelectrix.com\/wp-content\/uploads\/2023\/08\/Captura-de-pantalla-2023-08-25-100319-300x132.jpg 300w, https:\/\/coelectrix.com\/wp-content\/uploads\/2023\/08\/Captura-de-pantalla-2023-08-25-100319-416x182.jpg 416w\" sizes=\"(max-width: 550px) 100vw, 550px\" \/><\/strong><\/p>\n<p><span style=\"color: #0000ff;\"><a style=\"color: #0000ff;\" href=\"https:\/\/www.victronenergy.com.es\/upload\/documents\/Datasheet-Phoenix-Inverter-Smart-1600VA-5000VA-ES.pdf\" target=\"_blank\" rel=\"noopener\">Ficha de dados do produto<\/a><\/span><\/p>\n<p><img decoding=\"async\" class=\"wp-image-53506\" src=\"https:\/\/coelectrix.com\/wp-content\/uploads\/2023\/08\/Sin-titulo-1.png\" alt=\"Phoenix Inverter Smart 12V 2000VA (connections)\" width=\"500\" height=\"500\" srcset=\"https:\/\/coelectrix.com\/wp-content\/uploads\/2023\/08\/Sin-titulo-1.png 600w, https:\/\/coelectrix.com\/wp-content\/uploads\/2023\/08\/Sin-titulo-1-300x300.png 300w, https:\/\/coelectrix.com\/wp-content\/uploads\/2023\/08\/Sin-titulo-1-150x150.png 150w, https:\/\/coelectrix.com\/wp-content\/uploads\/2023\/08\/Sin-titulo-1-196x196.png 196w, https:\/\/coelectrix.com\/wp-content\/uploads\/2023\/08\/Sin-titulo-1-416x416.png 416w, https:\/\/coelectrix.com\/wp-content\/uploads\/2023\/08\/Sin-titulo-1-100x100.png 100w, https:\/\/coelectrix.com\/wp-content\/uploads\/2023\/08\/Sin-titulo-1-50x50.png 50w\" sizes=\"(max-width: 500px) 100vw, 500px\" \/><\/p>\n","protected":false},"excerpt":{"rendered":"<p>O Phoenix Smart Inverter \u00e9 uma vers\u00e3o melhorada e elegante dos inversores Phoenix, conhecidos pela sua fiabilidade. Dispon\u00edvel em diferentes modelos e capacidades 1600VA, 2000VA, 3000VA e 5000VA para sistemas de 12, 24 ou 48V, este inversor foi concebido para alimentar dispositivos em ve\u00edculos, barcos, caravanas e casas.<\/p>\n<p>Destaca-se pelo seu transformador toroidal que suporta os picos de pot\u00eancia, mantendo uma onda sinusoidal de alta qualidade, bem como uma tens\u00e3o e frequ\u00eancia est\u00e1veis. A instala\u00e7\u00e3o foi simplificada, com terminais mais acess\u00edveis para um acabamento profissional.<\/p>\n<p>A novidade \u00e9 a integra\u00e7\u00e3o do Bluetooth, que permite a configura\u00e7\u00e3o de alarmes, rel\u00e9 de alarme, cortes de tens\u00e3o, tens\u00e3o de sa\u00edda, frequ\u00eancia e modo eco atrav\u00e9s da aplica\u00e7\u00e3o VictronConnect, facilitando a configura\u00e7\u00e3o do inversor de alta pot\u00eancia.<\/p>\n","protected":false},"featured_media":74246,"template":"","meta":{"_acf_changed":false},"product_brand":[],"product_cat":[1349,1338],"product_tag":[1445],"class_list":{"0":"post-75939","1":"product","2":"type-product","3":"status-publish","4":"has-post-thumbnail","6":"product_cat-investidores","7":"product_cat-victron-energia","8":"product_tag-victron-pt","10":"first","11":"instock","12":"taxable","13":"shipping-taxable","14":"purchasable","15":"product-type-simple"},"acf":[],"yoast_head":"<!-- This site is optimized with the Yoast SEO plugin v27.2 - https:\/\/yoast.com\/product\/yoast-seo-wordpress\/ -->\n<title>\u25b7 Inversor Phoenix Smart 12\/3000VA Victron Energy | Coelectrix.com<\/title>\n<meta name=\"description\" content=\"O Phoenix Smart Inverter \u00e9 uma vers\u00e3o melhorada e elegante dos inversores Phoenix, conhecidos pela sua fiabilidade. Dispon\u00edvel em diferentes modelos e capacidades 1600VA, 2000VA, 3000VA e 5000VA para sistemas de 12, 24 ou 48V, este inversor foi concebido para alimentar dispositivos em ve\u00edculos, barcos, caravanas e casas.\" \/>\n<meta name=\"robots\" content=\"index, follow, max-snippet:-1, max-image-preview:large, max-video-preview:-1\" \/>\n<link rel=\"canonical\" href=\"https:\/\/coelectrix.com\/pt-pt\/produto\/inversores-phoenix-smart-12-3000va-victron-energy\" \/>\n<meta property=\"og:locale\" content=\"pt_PT\" \/>\n<meta property=\"og:type\" content=\"article\" \/>\n<meta property=\"og:title\" content=\"\u25b7 Inversor Phoenix Smart 12\/3000VA Victron Energy | Coelectrix.com\" \/>\n<meta property=\"og:description\" content=\"O Phoenix Smart Inverter \u00e9 uma vers\u00e3o melhorada e elegante dos inversores Phoenix, conhecidos pela sua fiabilidade. Dispon\u00edvel em diferentes modelos e capacidades 1600VA, 2000VA, 3000VA e 5000VA para sistemas de 12, 24 ou 48V, este inversor foi concebido para alimentar dispositivos em ve\u00edculos, barcos, caravanas e casas.\" \/>\n<meta property=\"og:url\" content=\"https:\/\/coelectrix.com\/pt-pt\/produto\/inversores-phoenix-smart-12-3000va-victron-energy\" \/>\n<meta property=\"og:site_name\" content=\"Coelectrix\" \/>\n<meta property=\"article:modified_time\" content=\"2025-08-19T04:01:23+00:00\" \/>\n<meta property=\"og:image\" content=\"https:\/\/coelectrix.com\/wp-content\/uploads\/2023\/08\/Phoenix-inverter-Smart-12-3000VA-11-left.png\" \/>\n\t<meta property=\"og:image:width\" content=\"600\" \/>\n\t<meta property=\"og:image:height\" content=\"600\" \/>\n\t<meta property=\"og:image:type\" content=\"image\/png\" \/>\n<meta name=\"twitter:card\" content=\"summary_large_image\" \/>\n<meta name=\"twitter:label1\" content=\"Tempo estimado de leitura\" \/>\n\t<meta name=\"twitter:data1\" content=\"2 minutos\" \/>\n<script type=\"application\/ld+json\" class=\"yoast-schema-graph\">{\"@context\":\"https:\/\/schema.org\",\"@graph\":[{\"@type\":\"WebPage\",\"@id\":\"https:\/\/coelectrix.com\/pt-pt\/produto\/inversores-phoenix-smart-12-3000va-victron-energy\",\"url\":\"https:\/\/coelectrix.com\/pt-pt\/produto\/inversores-phoenix-smart-12-3000va-victron-energy\",\"name\":\"\u25b7 Inversor Phoenix Smart 12\/3000VA Victron Energy | Coelectrix.com\",\"isPartOf\":{\"@id\":\"https:\/\/coelectrix.com\/pt-pt\/#website\"},\"primaryImageOfPage\":{\"@id\":\"https:\/\/coelectrix.com\/pt-pt\/produto\/inversores-phoenix-smart-12-3000va-victron-energy#primaryimage\"},\"image\":{\"@id\":\"https:\/\/coelectrix.com\/pt-pt\/produto\/inversores-phoenix-smart-12-3000va-victron-energy#primaryimage\"},\"thumbnailUrl\":\"https:\/\/coelectrix.com\/wp-content\/uploads\/2023\/08\/Phoenix-inverter-Smart-12-3000VA-11-left.png\",\"datePublished\":\"2023-08-25T08:56:33+00:00\",\"dateModified\":\"2025-08-19T04:01:23+00:00\",\"description\":\"O Phoenix Smart Inverter \u00e9 uma vers\u00e3o melhorada e elegante dos inversores Phoenix, conhecidos pela sua fiabilidade. Dispon\u00edvel em diferentes modelos e capacidades 1600VA, 2000VA, 3000VA e 5000VA para sistemas de 12, 24 ou 48V, este inversor foi concebido para alimentar dispositivos em ve\u00edculos, barcos, caravanas e casas.\",\"breadcrumb\":{\"@id\":\"https:\/\/coelectrix.com\/pt-pt\/produto\/inversores-phoenix-smart-12-3000va-victron-energy#breadcrumb\"},\"inLanguage\":\"pt-PT\",\"potentialAction\":[{\"@type\":\"ReadAction\",\"target\":[\"https:\/\/coelectrix.com\/pt-pt\/produto\/inversores-phoenix-smart-12-3000va-victron-energy\"]}]},{\"@type\":\"ImageObject\",\"inLanguage\":\"pt-PT\",\"@id\":\"https:\/\/coelectrix.com\/pt-pt\/produto\/inversores-phoenix-smart-12-3000va-victron-energy#primaryimage\",\"url\":\"https:\/\/coelectrix.com\/wp-content\/uploads\/2023\/08\/Phoenix-inverter-Smart-12-3000VA-11-left.png\",\"contentUrl\":\"https:\/\/coelectrix.com\/wp-content\/uploads\/2023\/08\/Phoenix-inverter-Smart-12-3000VA-11-left.png\",\"width\":600,\"height\":600,\"caption\":\"Inversor Phoenix Smart 12-3000VA-11 (esquerda)\"},{\"@type\":\"BreadcrumbList\",\"@id\":\"https:\/\/coelectrix.com\/pt-pt\/produto\/inversores-phoenix-smart-12-3000va-victron-energy#breadcrumb\",\"itemListElement\":[{\"@type\":\"ListItem\",\"position\":1,\"name\":\"Portada\",\"item\":\"https:\/\/coelectrix.com\/\"},{\"@type\":\"ListItem\",\"position\":2,\"name\":\"Loja\",\"item\":\"https:\/\/coelectrix.com\/pt-pt\/loja\"},{\"@type\":\"ListItem\",\"position\":3,\"name\":\"Inversor Phoenix Smart 12\/3000VA Victron Energy\"}]},{\"@type\":\"WebSite\",\"@id\":\"https:\/\/coelectrix.com\/pt-pt\/#website\",\"url\":\"https:\/\/coelectrix.com\/pt-pt\/\",\"name\":\"Coelectrix\",\"description\":\"Componentes el\u00e9ctricos\",\"publisher\":{\"@id\":\"https:\/\/coelectrix.com\/pt-pt\/#organization\"},\"potentialAction\":[{\"@type\":\"SearchAction\",\"target\":{\"@type\":\"EntryPoint\",\"urlTemplate\":\"https:\/\/coelectrix.com\/pt-pt\/?s={search_term_string}\"},\"query-input\":{\"@type\":\"PropertyValueSpecification\",\"valueRequired\":true,\"valueName\":\"search_term_string\"}}],\"inLanguage\":\"pt-PT\"},{\"@type\":\"Organization\",\"@id\":\"https:\/\/coelectrix.com\/pt-pt\/#organization\",\"name\":\"coelectrix.com\",\"url\":\"https:\/\/coelectrix.com\/pt-pt\/\",\"logo\":{\"@type\":\"ImageObject\",\"inLanguage\":\"pt-PT\",\"@id\":\"https:\/\/coelectrix.com\/pt-pt\/#\/schema\/logo\/image\/\",\"url\":\"https:\/\/coelectrix.com\/wp-content\/uploads\/2018\/05\/logo-coelectrix-400x400.jpg\",\"contentUrl\":\"https:\/\/coelectrix.com\/wp-content\/uploads\/2018\/05\/logo-coelectrix-400x400.jpg\",\"width\":300,\"height\":300,\"caption\":\"coelectrix.com\"},\"image\":{\"@id\":\"https:\/\/coelectrix.com\/pt-pt\/#\/schema\/logo\/image\/\"}}]}<\/script>\n<!-- \/ Yoast SEO plugin. -->","yoast_head_json":{"title":"\u25b7 Inversor Phoenix Smart 12\/3000VA Victron Energy | Coelectrix.com","description":"O Phoenix Smart Inverter \u00e9 uma vers\u00e3o melhorada e elegante dos inversores Phoenix, conhecidos pela sua fiabilidade. Dispon\u00edvel em diferentes modelos e capacidades 1600VA, 2000VA, 3000VA e 5000VA para sistemas de 12, 24 ou 48V, este inversor foi concebido para alimentar dispositivos em ve\u00edculos, barcos, caravanas e casas.","robots":{"index":"index","follow":"follow","max-snippet":"max-snippet:-1","max-image-preview":"max-image-preview:large","max-video-preview":"max-video-preview:-1"},"canonical":"https:\/\/coelectrix.com\/pt-pt\/produto\/inversores-phoenix-smart-12-3000va-victron-energy","og_locale":"pt_PT","og_type":"article","og_title":"\u25b7 Inversor Phoenix Smart 12\/3000VA Victron Energy | Coelectrix.com","og_description":"O Phoenix Smart Inverter \u00e9 uma vers\u00e3o melhorada e elegante dos inversores Phoenix, conhecidos pela sua fiabilidade. Dispon\u00edvel em diferentes modelos e capacidades 1600VA, 2000VA, 3000VA e 5000VA para sistemas de 12, 24 ou 48V, este inversor foi concebido para alimentar dispositivos em ve\u00edculos, barcos, caravanas e casas.","og_url":"https:\/\/coelectrix.com\/pt-pt\/produto\/inversores-phoenix-smart-12-3000va-victron-energy","og_site_name":"Coelectrix","article_modified_time":"2025-08-19T04:01:23+00:00","og_image":[{"width":600,"height":600,"url":"https:\/\/coelectrix.com\/wp-content\/uploads\/2023\/08\/Phoenix-inverter-Smart-12-3000VA-11-left.png","type":"image\/png"}],"twitter_card":"summary_large_image","twitter_misc":{"Tempo estimado de leitura":"2 minutos"},"schema":{"@context":"https:\/\/schema.org","@graph":[{"@type":"WebPage","@id":"https:\/\/coelectrix.com\/pt-pt\/produto\/inversores-phoenix-smart-12-3000va-victron-energy","url":"https:\/\/coelectrix.com\/pt-pt\/produto\/inversores-phoenix-smart-12-3000va-victron-energy","name":"\u25b7 Inversor Phoenix Smart 12\/3000VA Victron Energy | Coelectrix.com","isPartOf":{"@id":"https:\/\/coelectrix.com\/pt-pt\/#website"},"primaryImageOfPage":{"@id":"https:\/\/coelectrix.com\/pt-pt\/produto\/inversores-phoenix-smart-12-3000va-victron-energy#primaryimage"},"image":{"@id":"https:\/\/coelectrix.com\/pt-pt\/produto\/inversores-phoenix-smart-12-3000va-victron-energy#primaryimage"},"thumbnailUrl":"https:\/\/coelectrix.com\/wp-content\/uploads\/2023\/08\/Phoenix-inverter-Smart-12-3000VA-11-left.png","datePublished":"2023-08-25T08:56:33+00:00","dateModified":"2025-08-19T04:01:23+00:00","description":"O Phoenix Smart Inverter \u00e9 uma vers\u00e3o melhorada e elegante dos inversores Phoenix, conhecidos pela sua fiabilidade. Dispon\u00edvel em diferentes modelos e capacidades 1600VA, 2000VA, 3000VA e 5000VA para sistemas de 12, 24 ou 48V, este inversor foi concebido para alimentar dispositivos em ve\u00edculos, barcos, caravanas e casas.","breadcrumb":{"@id":"https:\/\/coelectrix.com\/pt-pt\/produto\/inversores-phoenix-smart-12-3000va-victron-energy#breadcrumb"},"inLanguage":"pt-PT","potentialAction":[{"@type":"ReadAction","target":["https:\/\/coelectrix.com\/pt-pt\/produto\/inversores-phoenix-smart-12-3000va-victron-energy"]}]},{"@type":"ImageObject","inLanguage":"pt-PT","@id":"https:\/\/coelectrix.com\/pt-pt\/produto\/inversores-phoenix-smart-12-3000va-victron-energy#primaryimage","url":"https:\/\/coelectrix.com\/wp-content\/uploads\/2023\/08\/Phoenix-inverter-Smart-12-3000VA-11-left.png","contentUrl":"https:\/\/coelectrix.com\/wp-content\/uploads\/2023\/08\/Phoenix-inverter-Smart-12-3000VA-11-left.png","width":600,"height":600,"caption":"Inversor Phoenix Smart 12-3000VA-11 (esquerda)"},{"@type":"BreadcrumbList","@id":"https:\/\/coelectrix.com\/pt-pt\/produto\/inversores-phoenix-smart-12-3000va-victron-energy#breadcrumb","itemListElement":[{"@type":"ListItem","position":1,"name":"Portada","item":"https:\/\/coelectrix.com\/"},{"@type":"ListItem","position":2,"name":"Loja","item":"https:\/\/coelectrix.com\/pt-pt\/loja"},{"@type":"ListItem","position":3,"name":"Inversor Phoenix Smart 12\/3000VA Victron Energy"}]},{"@type":"WebSite","@id":"https:\/\/coelectrix.com\/pt-pt\/#website","url":"https:\/\/coelectrix.com\/pt-pt\/","name":"Coelectrix","description":"Componentes el\u00e9ctricos","publisher":{"@id":"https:\/\/coelectrix.com\/pt-pt\/#organization"},"potentialAction":[{"@type":"SearchAction","target":{"@type":"EntryPoint","urlTemplate":"https:\/\/coelectrix.com\/pt-pt\/?s={search_term_string}"},"query-input":{"@type":"PropertyValueSpecification","valueRequired":true,"valueName":"search_term_string"}}],"inLanguage":"pt-PT"},{"@type":"Organization","@id":"https:\/\/coelectrix.com\/pt-pt\/#organization","name":"coelectrix.com","url":"https:\/\/coelectrix.com\/pt-pt\/","logo":{"@type":"ImageObject","inLanguage":"pt-PT","@id":"https:\/\/coelectrix.com\/pt-pt\/#\/schema\/logo\/image\/","url":"https:\/\/coelectrix.com\/wp-content\/uploads\/2018\/05\/logo-coelectrix-400x400.jpg","contentUrl":"https:\/\/coelectrix.com\/wp-content\/uploads\/2018\/05\/logo-coelectrix-400x400.jpg","width":300,"height":300,"caption":"coelectrix.com"},"image":{"@id":"https:\/\/coelectrix.com\/pt-pt\/#\/schema\/logo\/image\/"}}]}},"_links":{"self":[{"href":"https:\/\/coelectrix.com\/pt-pt\/wp-json\/wp\/v2\/product\/75939","targetHints":{"allow":["GET"]}}],"collection":[{"href":"https:\/\/coelectrix.com\/pt-pt\/wp-json\/wp\/v2\/product"}],"about":[{"href":"https:\/\/coelectrix.com\/pt-pt\/wp-json\/wp\/v2\/types\/product"}],"version-history":[{"count":1,"href":"https:\/\/coelectrix.com\/pt-pt\/wp-json\/wp\/v2\/product\/75939\/revisions"}],"predecessor-version":[{"id":76653,"href":"https:\/\/coelectrix.com\/pt-pt\/wp-json\/wp\/v2\/product\/75939\/revisions\/76653"}],"wp:featuredmedia":[{"embeddable":true,"href":"https:\/\/coelectrix.com\/pt-pt\/wp-json\/wp\/v2\/media\/74246"}],"wp:attachment":[{"href":"https:\/\/coelectrix.com\/pt-pt\/wp-json\/wp\/v2\/media?parent=75939"}],"wp:term":[{"taxonomy":"product_brand","embeddable":true,"href":"https:\/\/coelectrix.com\/pt-pt\/wp-json\/wp\/v2\/product_brand?post=75939"},{"taxonomy":"product_cat","embeddable":true,"href":"https:\/\/coelectrix.com\/pt-pt\/wp-json\/wp\/v2\/product_cat?post=75939"},{"taxonomy":"product_tag","embeddable":true,"href":"https:\/\/coelectrix.com\/pt-pt\/wp-json\/wp\/v2\/product_tag?post=75939"}],"curies":[{"name":"wp","href":"https:\/\/api.w.org\/{rel}","templated":true}]}}