{"id":75941,"date":"2023-03-16T06:56:56","date_gmt":"2023-03-16T05:56:56","guid":{"rendered":"https:\/\/coelectrix.com\/producto\/inversor-victron-phoenix-12v-250va-ve-diret"},"modified":"2025-08-19T06:01:58","modified_gmt":"2025-08-19T04:01:58","slug":"inversor-victron-phoenix-12v-250va-ve-diret","status":"publish","type":"product","link":"https:\/\/coelectrix.com\/pt-pt\/produto\/inversor-victron-phoenix-12v-250va-ve-direct","title":{"rendered":"Inversor Victron Phoenix 12V 250VA VE Diret"},"content":{"rendered":"<h2><strong>Compre o seu inversor Victron Phoenix 12V 250VA<\/strong><\/h2>\n<p><strong>Totalmente configur\u00e1vel:<\/strong><br \/>\n&#8211; N\u00edveis de disparo de alarme e de reposi\u00e7\u00e3o de tens\u00e3o baixa da bateria.<br \/>\n&#8211; N\u00edveis de desconex\u00e3o e reposi\u00e7\u00e3o de tens\u00e3o baixa da bateria.<br \/>\n&#8211; Desconex\u00e3o din\u00e2mica: n\u00edvel de desconex\u00e3o dependente da carga.<br \/>\n&#8211; Tens\u00e3o de sa\u00edda 210 &#8211; 245 V<br \/>\n&#8211; Frequ\u00eancia 50 Hz ou 60 Hz<br \/>\n&#8211; Modo ECO ligado\/desligado e sensor de n\u00edvel do modo ECO<\/p>\n<p><strong>Modo ECO<\/strong><br \/>\nNo modo ECO, o inversor entra em modo de espera quando a carga desce abaixo de um valor predefinido (carga m\u00ednima: 15 W).<br \/>\n(carga m\u00ednima: 15 W). Uma vez no modo de espera, o inversor liga-se por breves instantes (ajust\u00e1vel; predefini\u00e7\u00e3o: a cada 2,5<br \/>\nsegundos). Se a carga exceder o n\u00edvel predefinido, o inversor permanecer\u00e1 ligado.<\/p>\n<p><strong>Interruptor remoto de ligar\/desligar<\/strong><br \/>\nUm interrutor On\/Off remoto pode ser ligado a um conetor bif\u00e1sico ou entre o positivo da bateria e o contacto esquerdo do conetor bif\u00e1sico ou entre o positivo da bateria e o contacto esquerdo do conetor bif\u00e1sico.<br \/>\nO contacto positivo da bateria e o contacto esquerdo do conetor bif\u00e1sico.<strong><br \/>\n<\/strong><\/p>\n<p>Possibilidade de liga\u00e7\u00e3o via Bluetooth \u00e0 aplica\u00e7\u00e3o Victron connect<a href=\"https:\/\/coelectrix.com\/pt-pt\/produto\/mochila-ve-direct-bluetooth-smart\" target=\"_blank\" rel=\"noopener\">(necess\u00e1rio dongle VE.Diret<\/a> ).<\/p>\n<p>Descarregar a <a href=\"https:\/\/coelectrix.com\/wp-content\/uploads\/2023\/03\/Datasheet-Phoenix-Inverter-VE.Direct-250VA-1200VA-ES-1.pdf\" target=\"_blank\" rel=\"noopener\">folha de dados do dispositivo<\/a><\/p>\n<p>Como <strong>distribuidores oficiais<\/strong> da marca <a href=\"https:\/\/coelectrix.com\/pt-pt\/victron-energia\">Victron Energy Spain<\/a>, temos o prazer de oferecer aos nossos clientes a melhor sele\u00e7\u00e3o de produtos de alta qualidade e garantir um servi\u00e7o de primeira classe. Se procura solu\u00e7\u00f5es de energia fi\u00e1veis e eficientes, n\u00e3o hesite em contactar-nos para saber mais sobre os produtos Victron Energy e como o podemos ajudar. <strong>Podemos fornecer qualquer refer\u00eancia<\/strong> que necessite da marca com entrega em 24\/48 horas.<\/p>\n","protected":false},"excerpt":{"rendered":"<p>O <strong>inversor de pot\u00eancia Phoenix da Victron Energy<\/strong> \u00e9 um inversor de alta qualidade e alto desempenho concebido para transformar energia de corrente cont\u00ednua (CC) em corrente alternada (CA) de forma eficiente e fi\u00e1vel. Este dispositivo \u00e9 ideal para utiliza\u00e7\u00e3o numa variedade de aplica\u00e7\u00f5es, seja em casa, no ve\u00edculo, no barco ou em qualquer outro lugar onde seja necess\u00e1ria uma fonte de alimenta\u00e7\u00e3o constante e est\u00e1vel.<\/p>\n<p>O <strong>inversor Phoenix Power<\/strong> disp\u00f5e de tecnologia avan\u00e7ada que assegura uma convers\u00e3o de energia \u00f3ptima, com uma <strong>efici\u00eancia de 93%<\/strong> ou superior. Al\u00e9m disso, o seu design compacto e leve facilita a instala\u00e7\u00e3o e o transporte, tornando-o uma solu\u00e7\u00e3o pr\u00e1tica e vers\u00e1til para qualquer projeto.<\/p>\n<p><strong> Pot\u00eancia Cont. 250VA \/ 200w<\/strong><br \/>\n<b>Pot\u00eancia de pico: 400w<\/b><br \/>\n<strong>Dimens\u00f5es: 86 x 165 x 260mm<\/strong>.<\/p>\n","protected":false},"featured_media":74106,"template":"","meta":{"_acf_changed":false},"product_brand":[],"product_cat":[1349,1302,1338],"product_tag":[1445],"class_list":{"0":"post-75941","1":"product","2":"type-product","3":"status-publish","4":"has-post-thumbnail","6":"product_cat-investidores","7":"product_cat-phoenix-inversores-victron","8":"product_cat-victron-energia","9":"product_tag-victron-pt","11":"first","12":"instock","13":"taxable","14":"shipping-taxable","15":"purchasable","16":"product-type-simple"},"acf":[],"yoast_head":"<!-- This site is optimized with the Yoast SEO plugin v27.2 - https:\/\/yoast.com\/product\/yoast-seo-wordpress\/ -->\n<title>\u25b7 Inversor Victron Phoenix 12V 250VA VE Diret | Coelectrix.com<\/title>\n<meta name=\"description\" content=\"Victron Energy Phoenix Power Inverter 12V 250VA | Equipamento de alta qualidade e alto desempenho | Efici\u00eancia de 93% ou melhor \u27a4 Envios em 24\/48 horas.\" \/>\n<meta name=\"robots\" content=\"index, follow, max-snippet:-1, max-image-preview:large, max-video-preview:-1\" \/>\n<link rel=\"canonical\" href=\"https:\/\/coelectrix.com\/pt-pt\/produto\/inversor-victron-phoenix-12v-250va-ve-direct\" \/>\n<meta property=\"og:locale\" content=\"pt_PT\" \/>\n<meta property=\"og:type\" content=\"article\" \/>\n<meta property=\"og:title\" content=\"\u25b7 Inversor Victron Phoenix 12V 250VA VE Diret | Coelectrix.com\" \/>\n<meta property=\"og:description\" content=\"Victron Energy Phoenix Power Inverter 12V 250VA | Equipamento de alta qualidade e alto desempenho | Efici\u00eancia de 93% ou melhor \u27a4 Envios em 24\/48 horas.\" \/>\n<meta property=\"og:url\" content=\"https:\/\/coelectrix.com\/pt-pt\/produto\/inversor-victron-phoenix-12v-250va-ve-direct\" \/>\n<meta property=\"og:site_name\" content=\"Coelectrix\" \/>\n<meta property=\"article:modified_time\" content=\"2025-08-19T04:01:58+00:00\" \/>\n<meta property=\"og:image\" content=\"https:\/\/coelectrix.com\/wp-content\/uploads\/2023\/02\/Inversor-PHOENIX-12_250-Victron-Energy.jpg\" \/>\n\t<meta property=\"og:image:width\" content=\"600\" \/>\n\t<meta property=\"og:image:height\" content=\"600\" \/>\n\t<meta property=\"og:image:type\" content=\"image\/jpeg\" \/>\n<meta name=\"twitter:card\" content=\"summary_large_image\" \/>\n<meta name=\"twitter:label1\" content=\"Tempo estimado de leitura\" \/>\n\t<meta name=\"twitter:data1\" content=\"1 minuto\" \/>\n<script type=\"application\/ld+json\" class=\"yoast-schema-graph\">{\"@context\":\"https:\/\/schema.org\",\"@graph\":[{\"@type\":\"WebPage\",\"@id\":\"https:\/\/coelectrix.com\/pt-pt\/produto\/inversor-victron-phoenix-12v-250va-ve-direct\",\"url\":\"https:\/\/coelectrix.com\/pt-pt\/produto\/inversor-victron-phoenix-12v-250va-ve-direct\",\"name\":\"\u25b7 Inversor Victron Phoenix 12V 250VA VE Diret | Coelectrix.com\",\"isPartOf\":{\"@id\":\"https:\/\/coelectrix.com\/pt-pt\/#website\"},\"primaryImageOfPage\":{\"@id\":\"https:\/\/coelectrix.com\/pt-pt\/produto\/inversor-victron-phoenix-12v-250va-ve-direct#primaryimage\"},\"image\":{\"@id\":\"https:\/\/coelectrix.com\/pt-pt\/produto\/inversor-victron-phoenix-12v-250va-ve-direct#primaryimage\"},\"thumbnailUrl\":\"https:\/\/coelectrix.com\/wp-content\/uploads\/2023\/02\/Inversor-PHOENIX-12_250-Victron-Energy.jpg\",\"datePublished\":\"2023-03-16T05:56:56+00:00\",\"dateModified\":\"2025-08-19T04:01:58+00:00\",\"description\":\"Victron Energy Phoenix Power Inverter 12V 250VA | Equipamento de alta qualidade e alto desempenho | Efici\u00eancia de 93% ou melhor \u27a4 Envios em 24\/48 horas.\",\"breadcrumb\":{\"@id\":\"https:\/\/coelectrix.com\/pt-pt\/produto\/inversor-victron-phoenix-12v-250va-ve-direct#breadcrumb\"},\"inLanguage\":\"pt-PT\",\"potentialAction\":[{\"@type\":\"ReadAction\",\"target\":[\"https:\/\/coelectrix.com\/pt-pt\/produto\/inversor-victron-phoenix-12v-250va-ve-direct\"]}]},{\"@type\":\"ImageObject\",\"inLanguage\":\"pt-PT\",\"@id\":\"https:\/\/coelectrix.com\/pt-pt\/produto\/inversor-victron-phoenix-12v-250va-ve-direct#primaryimage\",\"url\":\"https:\/\/coelectrix.com\/wp-content\/uploads\/2023\/02\/Inversor-PHOENIX-12_250-Victron-Energy.jpg\",\"contentUrl\":\"https:\/\/coelectrix.com\/wp-content\/uploads\/2023\/02\/Inversor-PHOENIX-12_250-Victron-Energy.jpg\",\"width\":600,\"height\":600,\"caption\":\"comprar inversor Victron Phoenix 12V 250VA\"},{\"@type\":\"BreadcrumbList\",\"@id\":\"https:\/\/coelectrix.com\/pt-pt\/produto\/inversor-victron-phoenix-12v-250va-ve-direct#breadcrumb\",\"itemListElement\":[{\"@type\":\"ListItem\",\"position\":1,\"name\":\"Portada\",\"item\":\"https:\/\/coelectrix.com\/\"},{\"@type\":\"ListItem\",\"position\":2,\"name\":\"Loja\",\"item\":\"https:\/\/coelectrix.com\/pt-pt\/loja\"},{\"@type\":\"ListItem\",\"position\":3,\"name\":\"Inversor Victron Phoenix 12V 250VA VE Diret\"}]},{\"@type\":\"WebSite\",\"@id\":\"https:\/\/coelectrix.com\/pt-pt\/#website\",\"url\":\"https:\/\/coelectrix.com\/pt-pt\/\",\"name\":\"Coelectrix\",\"description\":\"Componentes el\u00e9ctricos\",\"publisher\":{\"@id\":\"https:\/\/coelectrix.com\/pt-pt\/#organization\"},\"potentialAction\":[{\"@type\":\"SearchAction\",\"target\":{\"@type\":\"EntryPoint\",\"urlTemplate\":\"https:\/\/coelectrix.com\/pt-pt\/?s={search_term_string}\"},\"query-input\":{\"@type\":\"PropertyValueSpecification\",\"valueRequired\":true,\"valueName\":\"search_term_string\"}}],\"inLanguage\":\"pt-PT\"},{\"@type\":\"Organization\",\"@id\":\"https:\/\/coelectrix.com\/pt-pt\/#organization\",\"name\":\"coelectrix.com\",\"url\":\"https:\/\/coelectrix.com\/pt-pt\/\",\"logo\":{\"@type\":\"ImageObject\",\"inLanguage\":\"pt-PT\",\"@id\":\"https:\/\/coelectrix.com\/pt-pt\/#\/schema\/logo\/image\/\",\"url\":\"https:\/\/coelectrix.com\/wp-content\/uploads\/2018\/05\/logo-coelectrix-400x400.jpg\",\"contentUrl\":\"https:\/\/coelectrix.com\/wp-content\/uploads\/2018\/05\/logo-coelectrix-400x400.jpg\",\"width\":300,\"height\":300,\"caption\":\"coelectrix.com\"},\"image\":{\"@id\":\"https:\/\/coelectrix.com\/pt-pt\/#\/schema\/logo\/image\/\"}}]}<\/script>\n<!-- \/ Yoast SEO plugin. -->","yoast_head_json":{"title":"\u25b7 Inversor Victron Phoenix 12V 250VA VE Diret | Coelectrix.com","description":"Victron Energy Phoenix Power Inverter 12V 250VA | Equipamento de alta qualidade e alto desempenho | Efici\u00eancia de 93% ou melhor \u27a4 Envios em 24\/48 horas.","robots":{"index":"index","follow":"follow","max-snippet":"max-snippet:-1","max-image-preview":"max-image-preview:large","max-video-preview":"max-video-preview:-1"},"canonical":"https:\/\/coelectrix.com\/pt-pt\/produto\/inversor-victron-phoenix-12v-250va-ve-direct","og_locale":"pt_PT","og_type":"article","og_title":"\u25b7 Inversor Victron Phoenix 12V 250VA VE Diret | Coelectrix.com","og_description":"Victron Energy Phoenix Power Inverter 12V 250VA | Equipamento de alta qualidade e alto desempenho | Efici\u00eancia de 93% ou melhor \u27a4 Envios em 24\/48 horas.","og_url":"https:\/\/coelectrix.com\/pt-pt\/produto\/inversor-victron-phoenix-12v-250va-ve-direct","og_site_name":"Coelectrix","article_modified_time":"2025-08-19T04:01:58+00:00","og_image":[{"width":600,"height":600,"url":"https:\/\/coelectrix.com\/wp-content\/uploads\/2023\/02\/Inversor-PHOENIX-12_250-Victron-Energy.jpg","type":"image\/jpeg"}],"twitter_card":"summary_large_image","twitter_misc":{"Tempo estimado de leitura":"1 minuto"},"schema":{"@context":"https:\/\/schema.org","@graph":[{"@type":"WebPage","@id":"https:\/\/coelectrix.com\/pt-pt\/produto\/inversor-victron-phoenix-12v-250va-ve-direct","url":"https:\/\/coelectrix.com\/pt-pt\/produto\/inversor-victron-phoenix-12v-250va-ve-direct","name":"\u25b7 Inversor Victron Phoenix 12V 250VA VE Diret | Coelectrix.com","isPartOf":{"@id":"https:\/\/coelectrix.com\/pt-pt\/#website"},"primaryImageOfPage":{"@id":"https:\/\/coelectrix.com\/pt-pt\/produto\/inversor-victron-phoenix-12v-250va-ve-direct#primaryimage"},"image":{"@id":"https:\/\/coelectrix.com\/pt-pt\/produto\/inversor-victron-phoenix-12v-250va-ve-direct#primaryimage"},"thumbnailUrl":"https:\/\/coelectrix.com\/wp-content\/uploads\/2023\/02\/Inversor-PHOENIX-12_250-Victron-Energy.jpg","datePublished":"2023-03-16T05:56:56+00:00","dateModified":"2025-08-19T04:01:58+00:00","description":"Victron Energy Phoenix Power Inverter 12V 250VA | Equipamento de alta qualidade e alto desempenho | Efici\u00eancia de 93% ou melhor \u27a4 Envios em 24\/48 horas.","breadcrumb":{"@id":"https:\/\/coelectrix.com\/pt-pt\/produto\/inversor-victron-phoenix-12v-250va-ve-direct#breadcrumb"},"inLanguage":"pt-PT","potentialAction":[{"@type":"ReadAction","target":["https:\/\/coelectrix.com\/pt-pt\/produto\/inversor-victron-phoenix-12v-250va-ve-direct"]}]},{"@type":"ImageObject","inLanguage":"pt-PT","@id":"https:\/\/coelectrix.com\/pt-pt\/produto\/inversor-victron-phoenix-12v-250va-ve-direct#primaryimage","url":"https:\/\/coelectrix.com\/wp-content\/uploads\/2023\/02\/Inversor-PHOENIX-12_250-Victron-Energy.jpg","contentUrl":"https:\/\/coelectrix.com\/wp-content\/uploads\/2023\/02\/Inversor-PHOENIX-12_250-Victron-Energy.jpg","width":600,"height":600,"caption":"comprar inversor Victron Phoenix 12V 250VA"},{"@type":"BreadcrumbList","@id":"https:\/\/coelectrix.com\/pt-pt\/produto\/inversor-victron-phoenix-12v-250va-ve-direct#breadcrumb","itemListElement":[{"@type":"ListItem","position":1,"name":"Portada","item":"https:\/\/coelectrix.com\/"},{"@type":"ListItem","position":2,"name":"Loja","item":"https:\/\/coelectrix.com\/pt-pt\/loja"},{"@type":"ListItem","position":3,"name":"Inversor Victron Phoenix 12V 250VA VE Diret"}]},{"@type":"WebSite","@id":"https:\/\/coelectrix.com\/pt-pt\/#website","url":"https:\/\/coelectrix.com\/pt-pt\/","name":"Coelectrix","description":"Componentes el\u00e9ctricos","publisher":{"@id":"https:\/\/coelectrix.com\/pt-pt\/#organization"},"potentialAction":[{"@type":"SearchAction","target":{"@type":"EntryPoint","urlTemplate":"https:\/\/coelectrix.com\/pt-pt\/?s={search_term_string}"},"query-input":{"@type":"PropertyValueSpecification","valueRequired":true,"valueName":"search_term_string"}}],"inLanguage":"pt-PT"},{"@type":"Organization","@id":"https:\/\/coelectrix.com\/pt-pt\/#organization","name":"coelectrix.com","url":"https:\/\/coelectrix.com\/pt-pt\/","logo":{"@type":"ImageObject","inLanguage":"pt-PT","@id":"https:\/\/coelectrix.com\/pt-pt\/#\/schema\/logo\/image\/","url":"https:\/\/coelectrix.com\/wp-content\/uploads\/2018\/05\/logo-coelectrix-400x400.jpg","contentUrl":"https:\/\/coelectrix.com\/wp-content\/uploads\/2018\/05\/logo-coelectrix-400x400.jpg","width":300,"height":300,"caption":"coelectrix.com"},"image":{"@id":"https:\/\/coelectrix.com\/pt-pt\/#\/schema\/logo\/image\/"}}]}},"_links":{"self":[{"href":"https:\/\/coelectrix.com\/pt-pt\/wp-json\/wp\/v2\/product\/75941","targetHints":{"allow":["GET"]}}],"collection":[{"href":"https:\/\/coelectrix.com\/pt-pt\/wp-json\/wp\/v2\/product"}],"about":[{"href":"https:\/\/coelectrix.com\/pt-pt\/wp-json\/wp\/v2\/types\/product"}],"version-history":[{"count":2,"href":"https:\/\/coelectrix.com\/pt-pt\/wp-json\/wp\/v2\/product\/75941\/revisions"}],"predecessor-version":[{"id":77145,"href":"https:\/\/coelectrix.com\/pt-pt\/wp-json\/wp\/v2\/product\/75941\/revisions\/77145"}],"wp:featuredmedia":[{"embeddable":true,"href":"https:\/\/coelectrix.com\/pt-pt\/wp-json\/wp\/v2\/media\/74106"}],"wp:attachment":[{"href":"https:\/\/coelectrix.com\/pt-pt\/wp-json\/wp\/v2\/media?parent=75941"}],"wp:term":[{"taxonomy":"product_brand","embeddable":true,"href":"https:\/\/coelectrix.com\/pt-pt\/wp-json\/wp\/v2\/product_brand?post=75941"},{"taxonomy":"product_cat","embeddable":true,"href":"https:\/\/coelectrix.com\/pt-pt\/wp-json\/wp\/v2\/product_cat?post=75941"},{"taxonomy":"product_tag","embeddable":true,"href":"https:\/\/coelectrix.com\/pt-pt\/wp-json\/wp\/v2\/product_tag?post=75941"}],"curies":[{"name":"wp","href":"https:\/\/api.w.org\/{rel}","templated":true}]}}