{"id":75950,"date":"2018-03-30T07:24:27","date_gmt":"2018-03-30T05:24:27","guid":{"rendered":"https:\/\/coelectrix.com\/producto\/inversor-de-potencia-de-onda-sinusoidal-pura-dcu-1000w"},"modified":"2025-08-19T06:05:18","modified_gmt":"2025-08-19T04:05:18","slug":"inversor-de-potencia-de-onda-sinusoidal-pura-dcu-1000w","status":"publish","type":"product","link":"https:\/\/coelectrix.com\/pt-pt\/produto\/inversor-de-corrente-1000w-onda-sinusoidal-pura","title":{"rendered":"Inversor de pot\u00eancia de onda sinusoidal pura DCU 1000w"},"content":{"rendered":"<h2>Inversor de pot\u00eancia de onda sinusoidal pura de 1000w<\/h2>\n<p>Os inversores de onda sinusoidal pura geram a mesma forma de onda que a que recebemos em casa. S\u00e3o mais caros do que os inversores de onda modificada, mas podem ser utilizados com todos os tipos de aparelhos motorizados, eletr\u00f3nica simples, complexa ou sens\u00edvel e oferecem um excelente desempenho.<\/p>\n<p>Os inversores da nova gama <em>Blue Power<\/em> incorporam novas funcionalidades:<\/p>\n<ul>\n<li>Tomadas de sa\u00edda de pot\u00eancia dupla<\/li>\n<li>Tomada de pot\u00eancia priorit\u00e1ria<\/li>\n<li>Prote\u00e7\u00e3o contra curto-circuitos<\/li>\n<li>Porta USB 2A<\/li>\n<li>Terminais de liga\u00e7\u00e3o retardada<\/li>\n<li>Ecr\u00e3 de informa\u00e7\u00e3o multifun\u00e7\u00f5es opcional<\/li>\n<li><\/li>\n<\/ul>\n<p><iframe title=\"LCD REMOTE PARA INVERSORES DE 12V Y 24V DE ONDA PURA. PRODUCTO EXCLUSIVO PARA EQUIPOS DCU TECNOLOGIC\" width=\"980\" height=\"551\" src=\"https:\/\/www.youtube.com\/embed\/qqsU0B0EfvY?feature=oembed&#038;enablejsapi=1&#038;origin=https:\/\/coelectrix.com\" frameborder=\"0\" allow=\"accelerometer; autoplay; clipboard-write; encrypted-media; gyroscope; picture-in-picture; web-share\" referrerpolicy=\"strict-origin-when-cross-origin\" allowfullscreen><\/iframe><\/p>\n<h3>Dados t\u00e9cnicos<\/h3>\n<p>A gama de inversores Premium incorpora eletr\u00f3nica sofisticada e de \u00faltima gera\u00e7\u00e3o, resultando num funcionamento energeticamente eficiente, em conformidade com os organismos reguladores da UE.<\/p>\n<p>Os inversores DCU Pure Sine Wave geram uma onda sinusoidal perfeita com uma frequ\u00eancia de 50Hz e foram concebidos para alimentar equipamentos que requerem uma modalidade de energia igual \u00e0 fornecida pela rede el\u00e9ctrica, tais como impressoras, aparelhos de navega\u00e7\u00e3o, fontes de alimenta\u00e7\u00e3o de emerg\u00eancia, &#8230;<\/p>\n<p>Cont\u00e9m cabos USB, schuko e de alimenta\u00e7\u00e3o.<\/p>\n<p>Todos os inversores DCU Pure Wave cont\u00eam a fun\u00e7\u00e3o SOFT-START.<\/p>\n<p>Cont\u00e9m 4 <strong>fun\u00e7\u00f5es de prote\u00e7\u00e3o <\/strong>que mant\u00eam o equipamento el\u00e9trico e o circuito do autom\u00f3vel ou dispositivo seguros:<\/p>\n<ul>\n<li>Prote\u00e7\u00e3o contra subtens\u00e3o<\/li>\n<li>Prote\u00e7\u00e3o contra sobrecarga<\/li>\n<li>Prote\u00e7\u00e3o contra temperaturas elevadas<\/li>\n<li>Prote\u00e7\u00e3o contra curto-circuitos de sa\u00edda<\/li>\n<\/ul>\n<p>Pot\u00eancia de sa\u00edda: 1000w<\/p>\n<p>Pot\u00eancia de pico: 2000w<\/p>\n<p>Sa\u00edda USB: 5v 2a<\/p>\n<p>Dimens\u00f5es (mm): 295x132x83<\/p>\n<p>Peso l\u00edquido: 1,9kgr.<\/p>\n","protected":false},"excerpt":{"rendered":"<p>Inversor de energia 12v-220v Pure Sine Wave 1000w<\/p>\n<p>Inversor de corrente de 1000w de Onda Pura Sinusoidal, estes inversores transformam-nos a energia da bateria de 12v em 220v de onda como a que recebemos em casa.<\/p>\n<p>S\u00e3o mais caros que os de onda modificada mas por outro lado podemos ligar todo o tipo de aparelhos com motor, eletr\u00f3nica sens\u00edvel, simples ou complexa.<\/p>\n<p>Os inversores da nova gama <em>Blue Power<\/em> incorporam novas funcionalidades:<\/p>\n<ul>\n<li>Tomada dupla de sa\u00edda de corrente<\/li>\n<li>Tomada de pot\u00eancia priorit\u00e1ria<\/li>\n<li>Prote\u00e7\u00e3o contra curto-circuitos<\/li>\n<li>Porta USB 2A<\/li>\n<li>Terminais de liga\u00e7\u00e3o retardada<\/li>\n<li>Ecr\u00e3 de informa\u00e7\u00e3o multifun\u00e7\u00f5es <span style=\"color: #ff0000;\">opcional<\/span><\/li>\n<\/ul>\n","protected":false},"featured_media":73380,"template":"","meta":{"_acf_changed":false},"product_brand":[],"product_cat":[1301,1349],"product_tag":[],"class_list":{"0":"post-75950","1":"product","2":"type-product","3":"status-publish","4":"has-post-thumbnail","6":"product_cat-inversores-de-onda-pura-dcu","7":"product_cat-investidores","9":"first","10":"instock","11":"taxable","12":"shipping-taxable","13":"purchasable","14":"product-type-simple"},"acf":[],"yoast_head":"<!-- This site is optimized with the Yoast SEO plugin v27.2 - https:\/\/yoast.com\/product\/yoast-seo-wordpress\/ -->\n<title>\u25b7 Inversor de pot\u00eancia de onda sinusoidal pura DCU 1000w | Coelectrix.com<\/title>\n<meta name=\"description\" content=\"Inversor de pot\u00eancia 1000w onda sinusoidal pura 12v-220v Converte 12v da bateria para 220v conforme a corrente da casa.|Venda online de inversores de pot\u00eancia.\" \/>\n<meta name=\"robots\" content=\"index, follow, max-snippet:-1, max-image-preview:large, max-video-preview:-1\" \/>\n<link rel=\"canonical\" href=\"https:\/\/coelectrix.com\/pt-pt\/produto\/inversor-de-corrente-1000w-onda-sinusoidal-pura\" \/>\n<meta property=\"og:locale\" content=\"pt_PT\" \/>\n<meta property=\"og:type\" content=\"article\" \/>\n<meta property=\"og:title\" content=\"\u25b7 Inversor de pot\u00eancia de onda sinusoidal pura DCU 1000w | Coelectrix.com\" \/>\n<meta property=\"og:description\" content=\"Inversor de pot\u00eancia 1000w onda sinusoidal pura 12v-220v Converte 12v da bateria para 220v conforme a corrente da casa.|Venda online de inversores de pot\u00eancia.\" \/>\n<meta property=\"og:url\" content=\"https:\/\/coelectrix.com\/pt-pt\/produto\/inversor-de-corrente-1000w-onda-sinusoidal-pura\" \/>\n<meta property=\"og:site_name\" content=\"Coelectrix\" \/>\n<meta property=\"article:modified_time\" content=\"2025-08-19T04:05:18+00:00\" \/>\n<meta property=\"og:image\" content=\"https:\/\/coelectrix.com\/wp-content\/uploads\/2018\/03\/inversor-corriente-dcu-onda-pura-1000w.jpg\" \/>\n\t<meta property=\"og:image:width\" content=\"800\" \/>\n\t<meta property=\"og:image:height\" content=\"600\" \/>\n\t<meta property=\"og:image:type\" content=\"image\/jpeg\" \/>\n<meta name=\"twitter:card\" content=\"summary_large_image\" \/>\n<meta name=\"twitter:label1\" content=\"Tempo estimado de leitura\" \/>\n\t<meta name=\"twitter:data1\" content=\"1 minuto\" \/>\n<script type=\"application\/ld+json\" class=\"yoast-schema-graph\">{\"@context\":\"https:\/\/schema.org\",\"@graph\":[{\"@type\":\"WebPage\",\"@id\":\"https:\/\/coelectrix.com\/pt-pt\/produto\/inversor-de-corrente-1000w-onda-sinusoidal-pura\",\"url\":\"https:\/\/coelectrix.com\/pt-pt\/produto\/inversor-de-corrente-1000w-onda-sinusoidal-pura\",\"name\":\"\u25b7 Inversor de pot\u00eancia de onda sinusoidal pura DCU 1000w | Coelectrix.com\",\"isPartOf\":{\"@id\":\"https:\/\/coelectrix.com\/pt-pt\/#website\"},\"primaryImageOfPage\":{\"@id\":\"https:\/\/coelectrix.com\/pt-pt\/produto\/inversor-de-corrente-1000w-onda-sinusoidal-pura#primaryimage\"},\"image\":{\"@id\":\"https:\/\/coelectrix.com\/pt-pt\/produto\/inversor-de-corrente-1000w-onda-sinusoidal-pura#primaryimage\"},\"thumbnailUrl\":\"https:\/\/coelectrix.com\/wp-content\/uploads\/2018\/03\/inversor-corriente-dcu-onda-pura-1000w.jpg\",\"datePublished\":\"2018-03-30T05:24:27+00:00\",\"dateModified\":\"2025-08-19T04:05:18+00:00\",\"description\":\"Inversor de pot\u00eancia 1000w onda sinusoidal pura 12v-220v Converte 12v da bateria para 220v conforme a corrente da casa.|Venda online de inversores de pot\u00eancia.\",\"breadcrumb\":{\"@id\":\"https:\/\/coelectrix.com\/pt-pt\/produto\/inversor-de-corrente-1000w-onda-sinusoidal-pura#breadcrumb\"},\"inLanguage\":\"pt-PT\",\"potentialAction\":[{\"@type\":\"ReadAction\",\"target\":[\"https:\/\/coelectrix.com\/pt-pt\/produto\/inversor-de-corrente-1000w-onda-sinusoidal-pura\"]}]},{\"@type\":\"ImageObject\",\"inLanguage\":\"pt-PT\",\"@id\":\"https:\/\/coelectrix.com\/pt-pt\/produto\/inversor-de-corrente-1000w-onda-sinusoidal-pura#primaryimage\",\"url\":\"https:\/\/coelectrix.com\/wp-content\/uploads\/2018\/03\/inversor-corriente-dcu-onda-pura-1000w.jpg\",\"contentUrl\":\"https:\/\/coelectrix.com\/wp-content\/uploads\/2018\/03\/inversor-corriente-dcu-onda-pura-1000w.jpg\",\"width\":800,\"height\":600,\"caption\":\"comprar inversor de pot\u00eancia dcu de onda pura 1000w\"},{\"@type\":\"BreadcrumbList\",\"@id\":\"https:\/\/coelectrix.com\/pt-pt\/produto\/inversor-de-corrente-1000w-onda-sinusoidal-pura#breadcrumb\",\"itemListElement\":[{\"@type\":\"ListItem\",\"position\":1,\"name\":\"Portada\",\"item\":\"https:\/\/coelectrix.com\/\"},{\"@type\":\"ListItem\",\"position\":2,\"name\":\"Loja\",\"item\":\"https:\/\/coelectrix.com\/pt-pt\/loja\"},{\"@type\":\"ListItem\",\"position\":3,\"name\":\"Inversor de pot\u00eancia de onda sinusoidal pura DCU 1000w\"}]},{\"@type\":\"WebSite\",\"@id\":\"https:\/\/coelectrix.com\/pt-pt\/#website\",\"url\":\"https:\/\/coelectrix.com\/pt-pt\/\",\"name\":\"Coelectrix\",\"description\":\"Componentes el\u00e9ctricos\",\"publisher\":{\"@id\":\"https:\/\/coelectrix.com\/pt-pt\/#organization\"},\"potentialAction\":[{\"@type\":\"SearchAction\",\"target\":{\"@type\":\"EntryPoint\",\"urlTemplate\":\"https:\/\/coelectrix.com\/pt-pt\/?s={search_term_string}\"},\"query-input\":{\"@type\":\"PropertyValueSpecification\",\"valueRequired\":true,\"valueName\":\"search_term_string\"}}],\"inLanguage\":\"pt-PT\"},{\"@type\":\"Organization\",\"@id\":\"https:\/\/coelectrix.com\/pt-pt\/#organization\",\"name\":\"coelectrix.com\",\"url\":\"https:\/\/coelectrix.com\/pt-pt\/\",\"logo\":{\"@type\":\"ImageObject\",\"inLanguage\":\"pt-PT\",\"@id\":\"https:\/\/coelectrix.com\/pt-pt\/#\/schema\/logo\/image\/\",\"url\":\"https:\/\/coelectrix.com\/wp-content\/uploads\/2018\/05\/logo-coelectrix-400x400.jpg\",\"contentUrl\":\"https:\/\/coelectrix.com\/wp-content\/uploads\/2018\/05\/logo-coelectrix-400x400.jpg\",\"width\":300,\"height\":300,\"caption\":\"coelectrix.com\"},\"image\":{\"@id\":\"https:\/\/coelectrix.com\/pt-pt\/#\/schema\/logo\/image\/\"}}]}<\/script>\n<!-- \/ Yoast SEO plugin. -->","yoast_head_json":{"title":"\u25b7 Inversor de pot\u00eancia de onda sinusoidal pura DCU 1000w | Coelectrix.com","description":"Inversor de pot\u00eancia 1000w onda sinusoidal pura 12v-220v Converte 12v da bateria para 220v conforme a corrente da casa.|Venda online de inversores de pot\u00eancia.","robots":{"index":"index","follow":"follow","max-snippet":"max-snippet:-1","max-image-preview":"max-image-preview:large","max-video-preview":"max-video-preview:-1"},"canonical":"https:\/\/coelectrix.com\/pt-pt\/produto\/inversor-de-corrente-1000w-onda-sinusoidal-pura","og_locale":"pt_PT","og_type":"article","og_title":"\u25b7 Inversor de pot\u00eancia de onda sinusoidal pura DCU 1000w | Coelectrix.com","og_description":"Inversor de pot\u00eancia 1000w onda sinusoidal pura 12v-220v Converte 12v da bateria para 220v conforme a corrente da casa.|Venda online de inversores de pot\u00eancia.","og_url":"https:\/\/coelectrix.com\/pt-pt\/produto\/inversor-de-corrente-1000w-onda-sinusoidal-pura","og_site_name":"Coelectrix","article_modified_time":"2025-08-19T04:05:18+00:00","og_image":[{"width":800,"height":600,"url":"https:\/\/coelectrix.com\/wp-content\/uploads\/2018\/03\/inversor-corriente-dcu-onda-pura-1000w.jpg","type":"image\/jpeg"}],"twitter_card":"summary_large_image","twitter_misc":{"Tempo estimado de leitura":"1 minuto"},"schema":{"@context":"https:\/\/schema.org","@graph":[{"@type":"WebPage","@id":"https:\/\/coelectrix.com\/pt-pt\/produto\/inversor-de-corrente-1000w-onda-sinusoidal-pura","url":"https:\/\/coelectrix.com\/pt-pt\/produto\/inversor-de-corrente-1000w-onda-sinusoidal-pura","name":"\u25b7 Inversor de pot\u00eancia de onda sinusoidal pura DCU 1000w | Coelectrix.com","isPartOf":{"@id":"https:\/\/coelectrix.com\/pt-pt\/#website"},"primaryImageOfPage":{"@id":"https:\/\/coelectrix.com\/pt-pt\/produto\/inversor-de-corrente-1000w-onda-sinusoidal-pura#primaryimage"},"image":{"@id":"https:\/\/coelectrix.com\/pt-pt\/produto\/inversor-de-corrente-1000w-onda-sinusoidal-pura#primaryimage"},"thumbnailUrl":"https:\/\/coelectrix.com\/wp-content\/uploads\/2018\/03\/inversor-corriente-dcu-onda-pura-1000w.jpg","datePublished":"2018-03-30T05:24:27+00:00","dateModified":"2025-08-19T04:05:18+00:00","description":"Inversor de pot\u00eancia 1000w onda sinusoidal pura 12v-220v Converte 12v da bateria para 220v conforme a corrente da casa.|Venda online de inversores de pot\u00eancia.","breadcrumb":{"@id":"https:\/\/coelectrix.com\/pt-pt\/produto\/inversor-de-corrente-1000w-onda-sinusoidal-pura#breadcrumb"},"inLanguage":"pt-PT","potentialAction":[{"@type":"ReadAction","target":["https:\/\/coelectrix.com\/pt-pt\/produto\/inversor-de-corrente-1000w-onda-sinusoidal-pura"]}]},{"@type":"ImageObject","inLanguage":"pt-PT","@id":"https:\/\/coelectrix.com\/pt-pt\/produto\/inversor-de-corrente-1000w-onda-sinusoidal-pura#primaryimage","url":"https:\/\/coelectrix.com\/wp-content\/uploads\/2018\/03\/inversor-corriente-dcu-onda-pura-1000w.jpg","contentUrl":"https:\/\/coelectrix.com\/wp-content\/uploads\/2018\/03\/inversor-corriente-dcu-onda-pura-1000w.jpg","width":800,"height":600,"caption":"comprar inversor de pot\u00eancia dcu de onda pura 1000w"},{"@type":"BreadcrumbList","@id":"https:\/\/coelectrix.com\/pt-pt\/produto\/inversor-de-corrente-1000w-onda-sinusoidal-pura#breadcrumb","itemListElement":[{"@type":"ListItem","position":1,"name":"Portada","item":"https:\/\/coelectrix.com\/"},{"@type":"ListItem","position":2,"name":"Loja","item":"https:\/\/coelectrix.com\/pt-pt\/loja"},{"@type":"ListItem","position":3,"name":"Inversor de pot\u00eancia de onda sinusoidal pura DCU 1000w"}]},{"@type":"WebSite","@id":"https:\/\/coelectrix.com\/pt-pt\/#website","url":"https:\/\/coelectrix.com\/pt-pt\/","name":"Coelectrix","description":"Componentes el\u00e9ctricos","publisher":{"@id":"https:\/\/coelectrix.com\/pt-pt\/#organization"},"potentialAction":[{"@type":"SearchAction","target":{"@type":"EntryPoint","urlTemplate":"https:\/\/coelectrix.com\/pt-pt\/?s={search_term_string}"},"query-input":{"@type":"PropertyValueSpecification","valueRequired":true,"valueName":"search_term_string"}}],"inLanguage":"pt-PT"},{"@type":"Organization","@id":"https:\/\/coelectrix.com\/pt-pt\/#organization","name":"coelectrix.com","url":"https:\/\/coelectrix.com\/pt-pt\/","logo":{"@type":"ImageObject","inLanguage":"pt-PT","@id":"https:\/\/coelectrix.com\/pt-pt\/#\/schema\/logo\/image\/","url":"https:\/\/coelectrix.com\/wp-content\/uploads\/2018\/05\/logo-coelectrix-400x400.jpg","contentUrl":"https:\/\/coelectrix.com\/wp-content\/uploads\/2018\/05\/logo-coelectrix-400x400.jpg","width":300,"height":300,"caption":"coelectrix.com"},"image":{"@id":"https:\/\/coelectrix.com\/pt-pt\/#\/schema\/logo\/image\/"}}]}},"_links":{"self":[{"href":"https:\/\/coelectrix.com\/pt-pt\/wp-json\/wp\/v2\/product\/75950","targetHints":{"allow":["GET"]}}],"collection":[{"href":"https:\/\/coelectrix.com\/pt-pt\/wp-json\/wp\/v2\/product"}],"about":[{"href":"https:\/\/coelectrix.com\/pt-pt\/wp-json\/wp\/v2\/types\/product"}],"version-history":[{"count":1,"href":"https:\/\/coelectrix.com\/pt-pt\/wp-json\/wp\/v2\/product\/75950\/revisions"}],"predecessor-version":[{"id":76856,"href":"https:\/\/coelectrix.com\/pt-pt\/wp-json\/wp\/v2\/product\/75950\/revisions\/76856"}],"wp:featuredmedia":[{"embeddable":true,"href":"https:\/\/coelectrix.com\/pt-pt\/wp-json\/wp\/v2\/media\/73380"}],"wp:attachment":[{"href":"https:\/\/coelectrix.com\/pt-pt\/wp-json\/wp\/v2\/media?parent=75950"}],"wp:term":[{"taxonomy":"product_brand","embeddable":true,"href":"https:\/\/coelectrix.com\/pt-pt\/wp-json\/wp\/v2\/product_brand?post=75950"},{"taxonomy":"product_cat","embeddable":true,"href":"https:\/\/coelectrix.com\/pt-pt\/wp-json\/wp\/v2\/product_cat?post=75950"},{"taxonomy":"product_tag","embeddable":true,"href":"https:\/\/coelectrix.com\/pt-pt\/wp-json\/wp\/v2\/product_tag?post=75950"}],"curies":[{"name":"wp","href":"https:\/\/api.w.org\/{rel}","templated":true}]}}