{"id":75955,"date":"2018-03-30T06:27:07","date_gmt":"2018-03-30T04:27:07","guid":{"rendered":"https:\/\/coelectrix.com\/producto\/inversor-de-potencia-dcu-600w-de-onda-modificada-dcu"},"modified":"2025-08-19T06:05:19","modified_gmt":"2025-08-19T04:05:19","slug":"inversor-de-potencia-dcu-600w-de-onda-modificada-dcu","status":"publish","type":"product","link":"https:\/\/coelectrix.com\/pt-pt\/produto\/inversor-de-corrente-600w-wave-modificado","title":{"rendered":"Inversor de pot\u00eancia DCU 600w de onda modificada DCU"},"content":{"rendered":"<h2>Inversor de pot\u00eancia 600W<\/h2>\n<p>Inversor de pot\u00eancia de onda modificada 12-220v ideal para a liga\u00e7\u00e3o de aparelhos el\u00e9ctricos a 220v em caravanas, autocaravanas&#8230; etc.<\/p>\n<p>Os inversores de pot\u00eancia s\u00e3o utilizados para converter os 12v da bateria (corrente cont\u00ednua) em 220v (corrente alternada), tal como utilizamos numa casa.<\/p>\n<h3>Dados t\u00e9cnicos<\/h3>\n<p>A gama b\u00e1sica de inversores DCU, apresenta um sistema eletr\u00f3nico eficiente e energeticamente eficaz, aprovado pelos organismos reguladores da UE.<\/p>\n<p>Cont\u00e9m fonte de alimenta\u00e7\u00e3o USB e tomada de isqueiro.<\/p>\n<p>Todos os nossos inversores de forma de onda modificada cont\u00eam a fun\u00e7\u00e3o SOFT-START.<\/p>\n<p>Tem 4 <strong>fun\u00e7\u00f5es de prote\u00e7\u00e3o <\/strong>que podem proteger o equipamento el\u00e9trico e o circuito do carro ou dispositivo:<\/p>\n<ul>\n<li>Prote\u00e7\u00e3o contra subtens\u00e3o<\/li>\n<li>Prote\u00e7\u00e3o contra sobrecarga<\/li>\n<li>Prote\u00e7\u00e3o contra altas temperaturas<\/li>\n<li>Prote\u00e7\u00e3o contra curto-circuito na sa\u00edda<\/li>\n<\/ul>\n<p>Pot\u00eancia cont\u00ednua: 600w<\/p>\n<p>Pot\u00eancia de pico: 1200w<\/p>\n<p>Dimens\u00f5es (mm): 230x100x60<\/p>\n<p>Peso l\u00edquido: 1 Kg.<\/p>\n<p>Sa\u00edda USB: 5v 500 mA<\/p>\n","protected":false},"excerpt":{"rendered":"<h2>Inversor de pot\u00eancia de onda modificada 600w<\/h2>\n<p>Inversor 12V-220V DCU 600w Ideal para converter os 12v da bateria em 220v e poder ligar aparelhos el\u00e9ctricos com um consumo m\u00e1ximo de 600w.<\/p>\n<p>Os inversores de onda modificada s\u00e3o utilizados para aparelhos sem motor e pouco complexos, para a utiliza\u00e7\u00e3o de ilumina\u00e7\u00e3o, televis\u00e3o, leitor de m\u00fasica ou DVD, carregadores de telem\u00f3vel, computadores&#8230; etc&#8230; Estes inversores geram uma forma de onda de corrente gerada eletronicamente.<\/p>\n","protected":false},"featured_media":72796,"template":"","meta":{"_acf_changed":false},"product_brand":[],"product_cat":[1300,1349],"product_tag":[],"class_list":{"0":"post-75955","1":"product","2":"type-product","3":"status-publish","4":"has-post-thumbnail","6":"product_cat-inversores-dcu-de-onda-modificada","7":"product_cat-investidores","9":"first","10":"instock","11":"taxable","12":"shipping-taxable","13":"purchasable","14":"product-type-simple"},"acf":[],"yoast_head":"<!-- This site is optimized with the Yoast SEO plugin v27.2 - https:\/\/yoast.com\/product\/yoast-seo-wordpress\/ -->\n<title>\u25b7 Inversor de pot\u00eancia DCU 600w de onda modificada DCU | Coelectrix.com<\/title>\n<meta name=\"description\" content=\"Inversor de energia de onda modificada de 600w para converter a energia da bateria de 12v em energia de 200v AC.| Loja online de inversores de energia.\" \/>\n<meta name=\"robots\" content=\"index, follow, max-snippet:-1, max-image-preview:large, max-video-preview:-1\" \/>\n<link rel=\"canonical\" href=\"https:\/\/coelectrix.com\/pt-pt\/produto\/inversor-de-corrente-600w-wave-modificado\" \/>\n<meta property=\"og:locale\" content=\"pt_PT\" \/>\n<meta property=\"og:type\" content=\"article\" \/>\n<meta property=\"og:title\" content=\"\u25b7 Inversor de pot\u00eancia DCU 600w de onda modificada DCU | Coelectrix.com\" \/>\n<meta property=\"og:description\" content=\"Inversor de energia de onda modificada de 600w para converter a energia da bateria de 12v em energia de 200v AC.| Loja online de inversores de energia.\" \/>\n<meta property=\"og:url\" content=\"https:\/\/coelectrix.com\/pt-pt\/produto\/inversor-de-corrente-600w-wave-modificado\" \/>\n<meta property=\"og:site_name\" content=\"Coelectrix\" \/>\n<meta property=\"article:modified_time\" content=\"2025-08-19T04:05:19+00:00\" \/>\n<meta property=\"og:image\" content=\"https:\/\/coelectrix.com\/wp-content\/uploads\/2018\/03\/inversor-om-150w.jpg\" \/>\n\t<meta property=\"og:image:width\" content=\"300\" \/>\n\t<meta property=\"og:image:height\" content=\"300\" \/>\n\t<meta property=\"og:image:type\" content=\"image\/jpeg\" \/>\n<meta name=\"twitter:card\" content=\"summary_large_image\" \/>\n<meta name=\"twitter:label1\" content=\"Tempo estimado de leitura\" \/>\n\t<meta name=\"twitter:data1\" content=\"1 minuto\" \/>\n<script type=\"application\/ld+json\" class=\"yoast-schema-graph\">{\"@context\":\"https:\/\/schema.org\",\"@graph\":[{\"@type\":\"WebPage\",\"@id\":\"https:\/\/coelectrix.com\/pt-pt\/produto\/inversor-de-corrente-600w-wave-modificado\",\"url\":\"https:\/\/coelectrix.com\/pt-pt\/produto\/inversor-de-corrente-600w-wave-modificado\",\"name\":\"\u25b7 Inversor de pot\u00eancia DCU 600w de onda modificada DCU | Coelectrix.com\",\"isPartOf\":{\"@id\":\"https:\/\/coelectrix.com\/pt-pt\/#website\"},\"primaryImageOfPage\":{\"@id\":\"https:\/\/coelectrix.com\/pt-pt\/produto\/inversor-de-corrente-600w-wave-modificado#primaryimage\"},\"image\":{\"@id\":\"https:\/\/coelectrix.com\/pt-pt\/produto\/inversor-de-corrente-600w-wave-modificado#primaryimage\"},\"thumbnailUrl\":\"https:\/\/coelectrix.com\/wp-content\/uploads\/2018\/03\/inversor-om-150w.jpg\",\"datePublished\":\"2018-03-30T04:27:07+00:00\",\"dateModified\":\"2025-08-19T04:05:19+00:00\",\"description\":\"Inversor de energia de onda modificada de 600w para converter a energia da bateria de 12v em energia de 200v AC.| Loja online de inversores de energia.\",\"breadcrumb\":{\"@id\":\"https:\/\/coelectrix.com\/pt-pt\/produto\/inversor-de-corrente-600w-wave-modificado#breadcrumb\"},\"inLanguage\":\"pt-PT\",\"potentialAction\":[{\"@type\":\"ReadAction\",\"target\":[\"https:\/\/coelectrix.com\/pt-pt\/produto\/inversor-de-corrente-600w-wave-modificado\"]}]},{\"@type\":\"ImageObject\",\"inLanguage\":\"pt-PT\",\"@id\":\"https:\/\/coelectrix.com\/pt-pt\/produto\/inversor-de-corrente-600w-wave-modificado#primaryimage\",\"url\":\"https:\/\/coelectrix.com\/wp-content\/uploads\/2018\/03\/inversor-om-150w.jpg\",\"contentUrl\":\"https:\/\/coelectrix.com\/wp-content\/uploads\/2018\/03\/inversor-om-150w.jpg\",\"width\":300,\"height\":300},{\"@type\":\"BreadcrumbList\",\"@id\":\"https:\/\/coelectrix.com\/pt-pt\/produto\/inversor-de-corrente-600w-wave-modificado#breadcrumb\",\"itemListElement\":[{\"@type\":\"ListItem\",\"position\":1,\"name\":\"Portada\",\"item\":\"https:\/\/coelectrix.com\/\"},{\"@type\":\"ListItem\",\"position\":2,\"name\":\"Loja\",\"item\":\"https:\/\/coelectrix.com\/pt-pt\/loja\"},{\"@type\":\"ListItem\",\"position\":3,\"name\":\"Inversor de pot\u00eancia DCU 600w de onda modificada DCU\"}]},{\"@type\":\"WebSite\",\"@id\":\"https:\/\/coelectrix.com\/pt-pt\/#website\",\"url\":\"https:\/\/coelectrix.com\/pt-pt\/\",\"name\":\"Coelectrix\",\"description\":\"Componentes el\u00e9ctricos\",\"publisher\":{\"@id\":\"https:\/\/coelectrix.com\/pt-pt\/#organization\"},\"potentialAction\":[{\"@type\":\"SearchAction\",\"target\":{\"@type\":\"EntryPoint\",\"urlTemplate\":\"https:\/\/coelectrix.com\/pt-pt\/?s={search_term_string}\"},\"query-input\":{\"@type\":\"PropertyValueSpecification\",\"valueRequired\":true,\"valueName\":\"search_term_string\"}}],\"inLanguage\":\"pt-PT\"},{\"@type\":\"Organization\",\"@id\":\"https:\/\/coelectrix.com\/pt-pt\/#organization\",\"name\":\"coelectrix.com\",\"url\":\"https:\/\/coelectrix.com\/pt-pt\/\",\"logo\":{\"@type\":\"ImageObject\",\"inLanguage\":\"pt-PT\",\"@id\":\"https:\/\/coelectrix.com\/pt-pt\/#\/schema\/logo\/image\/\",\"url\":\"https:\/\/coelectrix.com\/wp-content\/uploads\/2018\/05\/logo-coelectrix-400x400.jpg\",\"contentUrl\":\"https:\/\/coelectrix.com\/wp-content\/uploads\/2018\/05\/logo-coelectrix-400x400.jpg\",\"width\":300,\"height\":300,\"caption\":\"coelectrix.com\"},\"image\":{\"@id\":\"https:\/\/coelectrix.com\/pt-pt\/#\/schema\/logo\/image\/\"}}]}<\/script>\n<!-- \/ Yoast SEO plugin. -->","yoast_head_json":{"title":"\u25b7 Inversor de pot\u00eancia DCU 600w de onda modificada DCU | Coelectrix.com","description":"Inversor de energia de onda modificada de 600w para converter a energia da bateria de 12v em energia de 200v AC.| Loja online de inversores de energia.","robots":{"index":"index","follow":"follow","max-snippet":"max-snippet:-1","max-image-preview":"max-image-preview:large","max-video-preview":"max-video-preview:-1"},"canonical":"https:\/\/coelectrix.com\/pt-pt\/produto\/inversor-de-corrente-600w-wave-modificado","og_locale":"pt_PT","og_type":"article","og_title":"\u25b7 Inversor de pot\u00eancia DCU 600w de onda modificada DCU | Coelectrix.com","og_description":"Inversor de energia de onda modificada de 600w para converter a energia da bateria de 12v em energia de 200v AC.| Loja online de inversores de energia.","og_url":"https:\/\/coelectrix.com\/pt-pt\/produto\/inversor-de-corrente-600w-wave-modificado","og_site_name":"Coelectrix","article_modified_time":"2025-08-19T04:05:19+00:00","og_image":[{"width":300,"height":300,"url":"https:\/\/coelectrix.com\/wp-content\/uploads\/2018\/03\/inversor-om-150w.jpg","type":"image\/jpeg"}],"twitter_card":"summary_large_image","twitter_misc":{"Tempo estimado de leitura":"1 minuto"},"schema":{"@context":"https:\/\/schema.org","@graph":[{"@type":"WebPage","@id":"https:\/\/coelectrix.com\/pt-pt\/produto\/inversor-de-corrente-600w-wave-modificado","url":"https:\/\/coelectrix.com\/pt-pt\/produto\/inversor-de-corrente-600w-wave-modificado","name":"\u25b7 Inversor de pot\u00eancia DCU 600w de onda modificada DCU | Coelectrix.com","isPartOf":{"@id":"https:\/\/coelectrix.com\/pt-pt\/#website"},"primaryImageOfPage":{"@id":"https:\/\/coelectrix.com\/pt-pt\/produto\/inversor-de-corrente-600w-wave-modificado#primaryimage"},"image":{"@id":"https:\/\/coelectrix.com\/pt-pt\/produto\/inversor-de-corrente-600w-wave-modificado#primaryimage"},"thumbnailUrl":"https:\/\/coelectrix.com\/wp-content\/uploads\/2018\/03\/inversor-om-150w.jpg","datePublished":"2018-03-30T04:27:07+00:00","dateModified":"2025-08-19T04:05:19+00:00","description":"Inversor de energia de onda modificada de 600w para converter a energia da bateria de 12v em energia de 200v AC.| Loja online de inversores de energia.","breadcrumb":{"@id":"https:\/\/coelectrix.com\/pt-pt\/produto\/inversor-de-corrente-600w-wave-modificado#breadcrumb"},"inLanguage":"pt-PT","potentialAction":[{"@type":"ReadAction","target":["https:\/\/coelectrix.com\/pt-pt\/produto\/inversor-de-corrente-600w-wave-modificado"]}]},{"@type":"ImageObject","inLanguage":"pt-PT","@id":"https:\/\/coelectrix.com\/pt-pt\/produto\/inversor-de-corrente-600w-wave-modificado#primaryimage","url":"https:\/\/coelectrix.com\/wp-content\/uploads\/2018\/03\/inversor-om-150w.jpg","contentUrl":"https:\/\/coelectrix.com\/wp-content\/uploads\/2018\/03\/inversor-om-150w.jpg","width":300,"height":300},{"@type":"BreadcrumbList","@id":"https:\/\/coelectrix.com\/pt-pt\/produto\/inversor-de-corrente-600w-wave-modificado#breadcrumb","itemListElement":[{"@type":"ListItem","position":1,"name":"Portada","item":"https:\/\/coelectrix.com\/"},{"@type":"ListItem","position":2,"name":"Loja","item":"https:\/\/coelectrix.com\/pt-pt\/loja"},{"@type":"ListItem","position":3,"name":"Inversor de pot\u00eancia DCU 600w de onda modificada DCU"}]},{"@type":"WebSite","@id":"https:\/\/coelectrix.com\/pt-pt\/#website","url":"https:\/\/coelectrix.com\/pt-pt\/","name":"Coelectrix","description":"Componentes el\u00e9ctricos","publisher":{"@id":"https:\/\/coelectrix.com\/pt-pt\/#organization"},"potentialAction":[{"@type":"SearchAction","target":{"@type":"EntryPoint","urlTemplate":"https:\/\/coelectrix.com\/pt-pt\/?s={search_term_string}"},"query-input":{"@type":"PropertyValueSpecification","valueRequired":true,"valueName":"search_term_string"}}],"inLanguage":"pt-PT"},{"@type":"Organization","@id":"https:\/\/coelectrix.com\/pt-pt\/#organization","name":"coelectrix.com","url":"https:\/\/coelectrix.com\/pt-pt\/","logo":{"@type":"ImageObject","inLanguage":"pt-PT","@id":"https:\/\/coelectrix.com\/pt-pt\/#\/schema\/logo\/image\/","url":"https:\/\/coelectrix.com\/wp-content\/uploads\/2018\/05\/logo-coelectrix-400x400.jpg","contentUrl":"https:\/\/coelectrix.com\/wp-content\/uploads\/2018\/05\/logo-coelectrix-400x400.jpg","width":300,"height":300,"caption":"coelectrix.com"},"image":{"@id":"https:\/\/coelectrix.com\/pt-pt\/#\/schema\/logo\/image\/"}}]}},"_links":{"self":[{"href":"https:\/\/coelectrix.com\/pt-pt\/wp-json\/wp\/v2\/product\/75955","targetHints":{"allow":["GET"]}}],"collection":[{"href":"https:\/\/coelectrix.com\/pt-pt\/wp-json\/wp\/v2\/product"}],"about":[{"href":"https:\/\/coelectrix.com\/pt-pt\/wp-json\/wp\/v2\/types\/product"}],"version-history":[{"count":1,"href":"https:\/\/coelectrix.com\/pt-pt\/wp-json\/wp\/v2\/product\/75955\/revisions"}],"predecessor-version":[{"id":75960,"href":"https:\/\/coelectrix.com\/pt-pt\/wp-json\/wp\/v2\/product\/75955\/revisions\/75960"}],"wp:featuredmedia":[{"embeddable":true,"href":"https:\/\/coelectrix.com\/pt-pt\/wp-json\/wp\/v2\/media\/72796"}],"wp:attachment":[{"href":"https:\/\/coelectrix.com\/pt-pt\/wp-json\/wp\/v2\/media?parent=75955"}],"wp:term":[{"taxonomy":"product_brand","embeddable":true,"href":"https:\/\/coelectrix.com\/pt-pt\/wp-json\/wp\/v2\/product_brand?post=75955"},{"taxonomy":"product_cat","embeddable":true,"href":"https:\/\/coelectrix.com\/pt-pt\/wp-json\/wp\/v2\/product_cat?post=75955"},{"taxonomy":"product_tag","embeddable":true,"href":"https:\/\/coelectrix.com\/pt-pt\/wp-json\/wp\/v2\/product_tag?post=75955"}],"curies":[{"name":"wp","href":"https:\/\/api.w.org\/{rel}","templated":true}]}}