{"id":75962,"date":"2021-11-20T09:06:24","date_gmt":"2021-11-20T08:06:24","guid":{"rendered":"https:\/\/coelectrix.com\/producto\/inversor-dc-ac-pure-wave-12v-4000w-audiobus"},"modified":"2025-08-19T06:03:05","modified_gmt":"2025-08-19T04:03:05","slug":"inversor-dc-ac-pure-wave-12v-4000w-audiobus","status":"publish","type":"product","link":"https:\/\/coelectrix.com\/pt-pt\/produto\/inversor-dc-ac-wave-pura-12v-4000w-audiobus","title":{"rendered":"Inversor DC-AC Pure Wave 12v. 4000w AudioBus"},"content":{"rendered":"<h2><strong>Inversor DC-AC Pure Wave 12v. 4000w AudioBus<\/strong><\/h2>\n<p>Inversor DC-AC de onda pura com 4000w de corrente DC e at\u00e9 8000w de corrente de pico.<\/p>\n<p><em><a href=\"https:\/\/audiobus.com\/nsite\/calidad\/\" target=\"_blank\" rel=\"noopener\">A Audio Bus<\/a> \u00e9 um fabricante nacional que concebe e fabrica estes inversores de acordo com os mais elevados padr\u00f5es de qualidade. Est\u00e1 em conformidade com todos os regulamentos CE \/ FCC \/ LVD \/ RoHs e tem o seu pr\u00f3prio servi\u00e7o t\u00e9cnico, pelo que a qualidade e a garantia s\u00e3o asseguradas.<\/em><\/p>\n<p><strong>Dimens\u00f5es<\/strong>: 532x220x145mm.<br \/>\n<strong>Peso<\/strong>: 11,6Kg.<br \/>\n<strong>Efici\u00eancia<\/strong>: Mais de 92%.<br \/>\n<strong>Tens\u00e3o de entrada<\/strong>: 10 &#8211; 15,5V<br \/>\n<strong>Prote\u00e7\u00e3o contra subtens\u00e3o<\/strong>: 10\u00b10,5V<br \/>\n<strong>Prote\u00e7\u00e3o contra sobretens\u00e3o<\/strong>: 15,5\u00b10,5V<br \/>\n<strong>Frequ\u00eancia<\/strong>: 50Hz\/60Hz<\/p>\n<p><strong> Os inversores de onda pura<\/strong> da S\u00c9RIE RYP convertem a corrente cont\u00ednua de 12V ou 24V das baterias em corrente alternada de 230V, proporcionando elevada fiabilidade, efici\u00eancia e prote\u00e7\u00e3o.<\/p>\n<p><strong>Carater\u00edsticas do inversor CC-CA de onda pura 12v. 4000w AudioBus<br \/>\n<\/strong><\/p>\n<p>Sa\u00edda de onda pura (THD &lt;3%)<br \/>\nEfici\u00eancia de 92%<br \/>\nOs LEDs indicam o estado de funcionamento<br \/>\nIndicador de bateria fraca<br \/>\nControlado digitalmente<br \/>\nConformidade com as normas CE \/ FCC \/ LVD \/ RoHs<br \/>\nAplic\u00e1vel a carga resistiva, carga indutiva, carga capacitiva, etc.<br \/>\nFunciona com a maioria dos produtos electr\u00f3nicos com entrada AC.<br \/>\nM\u00faltiplas aplica\u00e7\u00f5es: iates, ve\u00edculos, electrodom\u00e9sticos, motores,<br \/>\nferramentas el\u00e9ctricas, equipamento de controlo industrial, etc.<\/p>\n<p>Pode consultar aqui a <span style=\"color: #ff0000;\"><a style=\"color: #ff0000;\" href=\"https:\/\/coelectrix.com\/wp-content\/uploads\/2021\/11\/RYP-SERIES_ES_EU.pdf\" target=\"_blank\" rel=\"noopener\">FICHA T\u00c9CNICA COMPLETA DO INVERSOR DE ONDA PURA<\/a><\/span><\/p>\n<p><img fetchpriority=\"high\" decoding=\"async\" class=\"alignnone wp-image-35505\" src=\"https:\/\/coelectrix.com\/wp-content\/uploads\/2021\/11\/inversor-onda-pura-4000w-audiobus-3-300x150.jpg\" alt=\"\" width=\"522\" height=\"261\" srcset=\"https:\/\/coelectrix.com\/wp-content\/uploads\/2021\/11\/inversor-onda-pura-4000w-audiobus-3-300x150.jpg 300w, https:\/\/coelectrix.com\/wp-content\/uploads\/2021\/11\/inversor-onda-pura-4000w-audiobus-3-416x208.jpg 416w, https:\/\/coelectrix.com\/wp-content\/uploads\/2021\/11\/inversor-onda-pura-4000w-audiobus-3-64x32.jpg 64w, https:\/\/coelectrix.com\/wp-content\/uploads\/2021\/11\/inversor-onda-pura-4000w-audiobus-3-1024x512.jpg 1024w, https:\/\/coelectrix.com\/wp-content\/uploads\/2021\/11\/inversor-onda-pura-4000w-audiobus-3-768x384.jpg 768w, https:\/\/coelectrix.com\/wp-content\/uploads\/2021\/11\/inversor-onda-pura-4000w-audiobus-3.jpg 1500w\" sizes=\"(max-width: 522px) 100vw, 522px\" \/><\/p>\n<p style=\"text-align: left;\">Aqui est\u00e1 o nosso guia sobre <a href=\"https:\/\/coelectrix.com\/pt-pt\/blogue\/inversor-de-corrente\" target=\"_blank\" rel=\"noopener\"><span style=\"color: #ff0000;\">o que \u00e9 um inversor de pot\u00eancia e como escolher o que precisa.<\/span><\/a><\/p>\n","protected":false},"excerpt":{"rendered":"<p><strong>Inversor CC-CA de onda pura com 4000 W<\/strong> de corrente cont\u00ednua e at\u00e9 8000 W de corrente de pico.<\/p>\n<p><strong>Dimens\u00f5es<\/strong>: 532x220x145mm.<br \/>\n<strong>Peso<\/strong>: 11,6Kg.<br \/>\n<strong>Efici\u00eancia<\/strong>: Mais de 92%.<br \/>\n<strong>Tens\u00e3o de entrada<\/strong>: 10 &#8211; 15.5V<br \/>\n<strong>Prote\u00e7\u00e3o contra subtens\u00e3o<\/strong>: 10\u00b10,5V<br \/>\n<strong>Prote\u00e7\u00e3o contra sobretens\u00e3o<\/strong>: 15.5\u00b10.5V<br \/>\n<strong>Frequ\u00eancia<\/strong>: 50Hz\/60Hz<\/p>\n","protected":false},"featured_media":73684,"template":"","meta":{"_acf_changed":false},"product_brand":[],"product_cat":[1350],"product_tag":[],"class_list":{"0":"post-75962","1":"product","2":"type-product","3":"status-publish","4":"has-post-thumbnail","6":"product_cat-inversores-de-onda-pura-audiobus","8":"first","9":"instock","10":"taxable","11":"shipping-taxable","12":"purchasable","13":"product-type-simple"},"acf":[],"yoast_head":"<!-- This site is optimized with the Yoast SEO plugin v27.2 - https:\/\/yoast.com\/product\/yoast-seo-wordpress\/ -->\n<title>\u25b7 Inversor DC-AC Pure Wave 12v. 4000w AudioBus | Coelectrix.com<\/title>\n<meta name=\"description\" content=\"Inversor DC-AC Pure Wave 12v. 4000w de corrente DC AudioBus e at\u00e9 8000w de corrente de pico.\" \/>\n<meta name=\"robots\" content=\"index, follow, max-snippet:-1, max-image-preview:large, max-video-preview:-1\" \/>\n<link rel=\"canonical\" href=\"https:\/\/coelectrix.com\/pt-pt\/produto\/inversor-dc-ac-wave-pura-12v-4000w-audiobus\" \/>\n<meta property=\"og:locale\" content=\"pt_PT\" \/>\n<meta property=\"og:type\" content=\"article\" \/>\n<meta property=\"og:title\" content=\"\u25b7 Inversor DC-AC Pure Wave 12v. 4000w AudioBus | Coelectrix.com\" \/>\n<meta property=\"og:description\" content=\"Inversor DC-AC Pure Wave 12v. 4000w de corrente DC AudioBus e at\u00e9 8000w de corrente de pico.\" \/>\n<meta property=\"og:url\" content=\"https:\/\/coelectrix.com\/pt-pt\/produto\/inversor-dc-ac-wave-pura-12v-4000w-audiobus\" \/>\n<meta property=\"og:site_name\" content=\"Coelectrix\" \/>\n<meta property=\"article:modified_time\" content=\"2025-08-19T04:03:05+00:00\" \/>\n<meta property=\"og:image\" content=\"https:\/\/coelectrix.com\/wp-content\/uploads\/2021\/11\/inversor-onda-pura-4000w-audiobus.jpg\" \/>\n\t<meta property=\"og:image:width\" content=\"800\" \/>\n\t<meta property=\"og:image:height\" content=\"800\" \/>\n\t<meta property=\"og:image:type\" content=\"image\/jpeg\" \/>\n<meta name=\"twitter:card\" content=\"summary_large_image\" \/>\n<meta name=\"twitter:label1\" content=\"Tempo estimado de leitura\" \/>\n\t<meta name=\"twitter:data1\" content=\"1 minuto\" \/>\n<script type=\"application\/ld+json\" class=\"yoast-schema-graph\">{\"@context\":\"https:\/\/schema.org\",\"@graph\":[{\"@type\":\"WebPage\",\"@id\":\"https:\/\/coelectrix.com\/pt-pt\/produto\/inversor-dc-ac-wave-pura-12v-4000w-audiobus\",\"url\":\"https:\/\/coelectrix.com\/pt-pt\/produto\/inversor-dc-ac-wave-pura-12v-4000w-audiobus\",\"name\":\"\u25b7 Inversor DC-AC Pure Wave 12v. 4000w AudioBus | Coelectrix.com\",\"isPartOf\":{\"@id\":\"https:\/\/coelectrix.com\/pt-pt\/#website\"},\"primaryImageOfPage\":{\"@id\":\"https:\/\/coelectrix.com\/pt-pt\/produto\/inversor-dc-ac-wave-pura-12v-4000w-audiobus#primaryimage\"},\"image\":{\"@id\":\"https:\/\/coelectrix.com\/pt-pt\/produto\/inversor-dc-ac-wave-pura-12v-4000w-audiobus#primaryimage\"},\"thumbnailUrl\":\"https:\/\/coelectrix.com\/wp-content\/uploads\/2021\/11\/inversor-onda-pura-4000w-audiobus.jpg\",\"datePublished\":\"2021-11-20T08:06:24+00:00\",\"dateModified\":\"2025-08-19T04:03:05+00:00\",\"description\":\"Inversor DC-AC Pure Wave 12v. 4000w de corrente DC AudioBus e at\u00e9 8000w de corrente de pico.\",\"breadcrumb\":{\"@id\":\"https:\/\/coelectrix.com\/pt-pt\/produto\/inversor-dc-ac-wave-pura-12v-4000w-audiobus#breadcrumb\"},\"inLanguage\":\"pt-PT\",\"potentialAction\":[{\"@type\":\"ReadAction\",\"target\":[\"https:\/\/coelectrix.com\/pt-pt\/produto\/inversor-dc-ac-wave-pura-12v-4000w-audiobus\"]}]},{\"@type\":\"ImageObject\",\"inLanguage\":\"pt-PT\",\"@id\":\"https:\/\/coelectrix.com\/pt-pt\/produto\/inversor-dc-ac-wave-pura-12v-4000w-audiobus#primaryimage\",\"url\":\"https:\/\/coelectrix.com\/wp-content\/uploads\/2021\/11\/inversor-onda-pura-4000w-audiobus.jpg\",\"contentUrl\":\"https:\/\/coelectrix.com\/wp-content\/uploads\/2021\/11\/inversor-onda-pura-4000w-audiobus.jpg\",\"width\":800,\"height\":800,\"caption\":\"Inversor DC-AC Pure Wave 12v. 4000w AudioBus\"},{\"@type\":\"BreadcrumbList\",\"@id\":\"https:\/\/coelectrix.com\/pt-pt\/produto\/inversor-dc-ac-wave-pura-12v-4000w-audiobus#breadcrumb\",\"itemListElement\":[{\"@type\":\"ListItem\",\"position\":1,\"name\":\"Portada\",\"item\":\"https:\/\/coelectrix.com\/\"},{\"@type\":\"ListItem\",\"position\":2,\"name\":\"Loja\",\"item\":\"https:\/\/coelectrix.com\/pt-pt\/loja\"},{\"@type\":\"ListItem\",\"position\":3,\"name\":\"Inversor DC-AC Pure Wave 12v. 4000w AudioBus\"}]},{\"@type\":\"WebSite\",\"@id\":\"https:\/\/coelectrix.com\/pt-pt\/#website\",\"url\":\"https:\/\/coelectrix.com\/pt-pt\/\",\"name\":\"Coelectrix\",\"description\":\"Componentes el\u00e9ctricos\",\"publisher\":{\"@id\":\"https:\/\/coelectrix.com\/pt-pt\/#organization\"},\"potentialAction\":[{\"@type\":\"SearchAction\",\"target\":{\"@type\":\"EntryPoint\",\"urlTemplate\":\"https:\/\/coelectrix.com\/pt-pt\/?s={search_term_string}\"},\"query-input\":{\"@type\":\"PropertyValueSpecification\",\"valueRequired\":true,\"valueName\":\"search_term_string\"}}],\"inLanguage\":\"pt-PT\"},{\"@type\":\"Organization\",\"@id\":\"https:\/\/coelectrix.com\/pt-pt\/#organization\",\"name\":\"coelectrix.com\",\"url\":\"https:\/\/coelectrix.com\/pt-pt\/\",\"logo\":{\"@type\":\"ImageObject\",\"inLanguage\":\"pt-PT\",\"@id\":\"https:\/\/coelectrix.com\/pt-pt\/#\/schema\/logo\/image\/\",\"url\":\"https:\/\/coelectrix.com\/wp-content\/uploads\/2018\/05\/logo-coelectrix-400x400.jpg\",\"contentUrl\":\"https:\/\/coelectrix.com\/wp-content\/uploads\/2018\/05\/logo-coelectrix-400x400.jpg\",\"width\":300,\"height\":300,\"caption\":\"coelectrix.com\"},\"image\":{\"@id\":\"https:\/\/coelectrix.com\/pt-pt\/#\/schema\/logo\/image\/\"}}]}<\/script>\n<!-- \/ Yoast SEO plugin. -->","yoast_head_json":{"title":"\u25b7 Inversor DC-AC Pure Wave 12v. 4000w AudioBus | Coelectrix.com","description":"Inversor DC-AC Pure Wave 12v. 4000w de corrente DC AudioBus e at\u00e9 8000w de corrente de pico.","robots":{"index":"index","follow":"follow","max-snippet":"max-snippet:-1","max-image-preview":"max-image-preview:large","max-video-preview":"max-video-preview:-1"},"canonical":"https:\/\/coelectrix.com\/pt-pt\/produto\/inversor-dc-ac-wave-pura-12v-4000w-audiobus","og_locale":"pt_PT","og_type":"article","og_title":"\u25b7 Inversor DC-AC Pure Wave 12v. 4000w AudioBus | Coelectrix.com","og_description":"Inversor DC-AC Pure Wave 12v. 4000w de corrente DC AudioBus e at\u00e9 8000w de corrente de pico.","og_url":"https:\/\/coelectrix.com\/pt-pt\/produto\/inversor-dc-ac-wave-pura-12v-4000w-audiobus","og_site_name":"Coelectrix","article_modified_time":"2025-08-19T04:03:05+00:00","og_image":[{"width":800,"height":800,"url":"https:\/\/coelectrix.com\/wp-content\/uploads\/2021\/11\/inversor-onda-pura-4000w-audiobus.jpg","type":"image\/jpeg"}],"twitter_card":"summary_large_image","twitter_misc":{"Tempo estimado de leitura":"1 minuto"},"schema":{"@context":"https:\/\/schema.org","@graph":[{"@type":"WebPage","@id":"https:\/\/coelectrix.com\/pt-pt\/produto\/inversor-dc-ac-wave-pura-12v-4000w-audiobus","url":"https:\/\/coelectrix.com\/pt-pt\/produto\/inversor-dc-ac-wave-pura-12v-4000w-audiobus","name":"\u25b7 Inversor DC-AC Pure Wave 12v. 4000w AudioBus | Coelectrix.com","isPartOf":{"@id":"https:\/\/coelectrix.com\/pt-pt\/#website"},"primaryImageOfPage":{"@id":"https:\/\/coelectrix.com\/pt-pt\/produto\/inversor-dc-ac-wave-pura-12v-4000w-audiobus#primaryimage"},"image":{"@id":"https:\/\/coelectrix.com\/pt-pt\/produto\/inversor-dc-ac-wave-pura-12v-4000w-audiobus#primaryimage"},"thumbnailUrl":"https:\/\/coelectrix.com\/wp-content\/uploads\/2021\/11\/inversor-onda-pura-4000w-audiobus.jpg","datePublished":"2021-11-20T08:06:24+00:00","dateModified":"2025-08-19T04:03:05+00:00","description":"Inversor DC-AC Pure Wave 12v. 4000w de corrente DC AudioBus e at\u00e9 8000w de corrente de pico.","breadcrumb":{"@id":"https:\/\/coelectrix.com\/pt-pt\/produto\/inversor-dc-ac-wave-pura-12v-4000w-audiobus#breadcrumb"},"inLanguage":"pt-PT","potentialAction":[{"@type":"ReadAction","target":["https:\/\/coelectrix.com\/pt-pt\/produto\/inversor-dc-ac-wave-pura-12v-4000w-audiobus"]}]},{"@type":"ImageObject","inLanguage":"pt-PT","@id":"https:\/\/coelectrix.com\/pt-pt\/produto\/inversor-dc-ac-wave-pura-12v-4000w-audiobus#primaryimage","url":"https:\/\/coelectrix.com\/wp-content\/uploads\/2021\/11\/inversor-onda-pura-4000w-audiobus.jpg","contentUrl":"https:\/\/coelectrix.com\/wp-content\/uploads\/2021\/11\/inversor-onda-pura-4000w-audiobus.jpg","width":800,"height":800,"caption":"Inversor DC-AC Pure Wave 12v. 4000w AudioBus"},{"@type":"BreadcrumbList","@id":"https:\/\/coelectrix.com\/pt-pt\/produto\/inversor-dc-ac-wave-pura-12v-4000w-audiobus#breadcrumb","itemListElement":[{"@type":"ListItem","position":1,"name":"Portada","item":"https:\/\/coelectrix.com\/"},{"@type":"ListItem","position":2,"name":"Loja","item":"https:\/\/coelectrix.com\/pt-pt\/loja"},{"@type":"ListItem","position":3,"name":"Inversor DC-AC Pure Wave 12v. 4000w AudioBus"}]},{"@type":"WebSite","@id":"https:\/\/coelectrix.com\/pt-pt\/#website","url":"https:\/\/coelectrix.com\/pt-pt\/","name":"Coelectrix","description":"Componentes el\u00e9ctricos","publisher":{"@id":"https:\/\/coelectrix.com\/pt-pt\/#organization"},"potentialAction":[{"@type":"SearchAction","target":{"@type":"EntryPoint","urlTemplate":"https:\/\/coelectrix.com\/pt-pt\/?s={search_term_string}"},"query-input":{"@type":"PropertyValueSpecification","valueRequired":true,"valueName":"search_term_string"}}],"inLanguage":"pt-PT"},{"@type":"Organization","@id":"https:\/\/coelectrix.com\/pt-pt\/#organization","name":"coelectrix.com","url":"https:\/\/coelectrix.com\/pt-pt\/","logo":{"@type":"ImageObject","inLanguage":"pt-PT","@id":"https:\/\/coelectrix.com\/pt-pt\/#\/schema\/logo\/image\/","url":"https:\/\/coelectrix.com\/wp-content\/uploads\/2018\/05\/logo-coelectrix-400x400.jpg","contentUrl":"https:\/\/coelectrix.com\/wp-content\/uploads\/2018\/05\/logo-coelectrix-400x400.jpg","width":300,"height":300,"caption":"coelectrix.com"},"image":{"@id":"https:\/\/coelectrix.com\/pt-pt\/#\/schema\/logo\/image\/"}}]}},"_links":{"self":[{"href":"https:\/\/coelectrix.com\/pt-pt\/wp-json\/wp\/v2\/product\/75962","targetHints":{"allow":["GET"]}}],"collection":[{"href":"https:\/\/coelectrix.com\/pt-pt\/wp-json\/wp\/v2\/product"}],"about":[{"href":"https:\/\/coelectrix.com\/pt-pt\/wp-json\/wp\/v2\/types\/product"}],"version-history":[{"count":1,"href":"https:\/\/coelectrix.com\/pt-pt\/wp-json\/wp\/v2\/product\/75962\/revisions"}],"predecessor-version":[{"id":76751,"href":"https:\/\/coelectrix.com\/pt-pt\/wp-json\/wp\/v2\/product\/75962\/revisions\/76751"}],"wp:featuredmedia":[{"embeddable":true,"href":"https:\/\/coelectrix.com\/pt-pt\/wp-json\/wp\/v2\/media\/73684"}],"wp:attachment":[{"href":"https:\/\/coelectrix.com\/pt-pt\/wp-json\/wp\/v2\/media?parent=75962"}],"wp:term":[{"taxonomy":"product_brand","embeddable":true,"href":"https:\/\/coelectrix.com\/pt-pt\/wp-json\/wp\/v2\/product_brand?post=75962"},{"taxonomy":"product_cat","embeddable":true,"href":"https:\/\/coelectrix.com\/pt-pt\/wp-json\/wp\/v2\/product_cat?post=75962"},{"taxonomy":"product_tag","embeddable":true,"href":"https:\/\/coelectrix.com\/pt-pt\/wp-json\/wp\/v2\/product_tag?post=75962"}],"curies":[{"name":"wp","href":"https:\/\/api.w.org\/{rel}","templated":true}]}}