{"id":75964,"date":"2021-11-20T08:55:04","date_gmt":"2021-11-20T07:55:04","guid":{"rendered":"https:\/\/coelectrix.com\/producto\/inversor-dc-ac-pure-wave-12v-2500w-interruptor-de-transferencia"},"modified":"2025-08-19T06:03:06","modified_gmt":"2025-08-19T04:03:06","slug":"inversor-dc-ac-pure-wave-12v-2500w-interruptor-de-transferencia","status":"publish","type":"product","link":"https:\/\/coelectrix.com\/pt-pt\/produto\/inversor-dc-ac-wave-pura-12v-2500w-audiobus","title":{"rendered":"Inversor DC-AC Pure Wave 12v. 2500w Interruptor de transfer\u00eancia"},"content":{"rendered":"<h2><strong>Inversor de onda pura DC-AC 12v. 2500w com interrutor de transfer\u00eancia autom\u00e1tica <\/strong><\/h2>\n<p>Inversor CC-CA de onda pura com 2500w de corrente cont\u00ednua e at\u00e9 5000w de corrente de pico.<\/p>\n<p>O inversor de onda sinusoidal pura com interrutor de transfer\u00eancia \u00e9 uma combina\u00e7\u00e3o de um inversor e um interrutor de transfer\u00eancia CA autom\u00e1tico.<\/p>\n<p><em><a href=\"https:\/\/audiobus.com\/nsite\/calidad\/\" target=\"_blank\" rel=\"noopener\">A Audio Bus<\/a> \u00e9 um fabricante nacional que concebe e fabrica estes inversores de acordo com os mais elevados padr\u00f5es de qualidade. Est\u00e1 em conformidade com todos os regulamentos CE \/ FCC \/ LVD \/ RoHs e tem o seu pr\u00f3prio servi\u00e7o t\u00e9cnico, pelo que a qualidade e a garantia est\u00e3o asseguradas.<\/em><\/p>\n<p><strong>Dimens\u00f5es<\/strong>: 351x197x82mm<br \/>\n<strong>Peso<\/strong>: 5,1Kg.<br \/>\n<strong>Efici\u00eancia<\/strong>: Mais de 92%.<br \/>\n<strong>Tens\u00e3o de entrada<\/strong>: 10 &#8211; 15,5V<br \/>\n<strong>Prote\u00e7\u00e3o contra subtens\u00e3o<\/strong>: 10\u00b10,5V<br \/>\n<strong>Prote\u00e7\u00e3o contra sobretens\u00e3o<\/strong>: 15.5\u00b10.5V<br \/>\n<strong>Frequ\u00eancia<\/strong>: 50Hz\/60Hz<\/p>\n<p><strong> Os inversores de onda pura<\/strong> da S\u00c9RIE RYP convertem a corrente cont\u00ednua de 12V ou 24V das baterias em corrente alternada de 230V, proporcionando elevada fiabilidade, efici\u00eancia e prote\u00e7\u00e3o.<\/p>\n<p><strong>Carater\u00edsticas do Inversor DC-AC Pure Wave 12v. 2500w AudioBus<br \/>\n<\/strong><\/p>\n<p>Sa\u00edda de onda pura (THD &lt;3%)<br \/>\n92% de efici\u00eancia<br \/>\nOs LEDs indicam o estado de funcionamento<br \/>\nIndicador de bateria fraca<br \/>\nControlado digitalmente<br \/>\nConformidade com CE \/ FCC \/ LVD \/ RoHs \/ <strong>E-Mark 9 (R10)<\/strong><br \/>\nAplic\u00e1vel a cargas resistivas, indutivas, capacitivas, etc.<br \/>\nFunciona com a maioria dos produtos electr\u00f3nicos com entrada AC.<br \/>\nM\u00faltiplas aplica\u00e7\u00f5es: iates, ve\u00edculos, electrodom\u00e9sticos, motores,<br \/>\nferramentas el\u00e9ctricas, equipamento de controlo industrial, etc.<\/p>\n<p>Pode ver aqui a <span style=\"color: #ff0000;\"><a style=\"color: #ff0000;\" href=\"https:\/\/coelectrix.com\/wp-content\/uploads\/2024\/11\/RYP_TF_Series_ES-ok.pdf\" target=\"_blank\" rel=\"noopener\">FOLHA DE DADOS COMPLETA \/ MANUAL DO INVERSOR DE ONDA PURA<\/a><\/span><\/p>\n<p><img fetchpriority=\"high\" decoding=\"async\" class=\"alignnone size-medium wp-image-65249\" src=\"https:\/\/coelectrix.com\/wp-content\/uploads\/2021\/11\/Proyecto-nuevo-13-300x167.jpg\" alt=\"Inversor onda pura con transfer switch\" width=\"300\" height=\"167\" srcset=\"https:\/\/coelectrix.com\/wp-content\/uploads\/2021\/11\/Proyecto-nuevo-13-300x167.jpg 300w, https:\/\/coelectrix.com\/wp-content\/uploads\/2021\/11\/Proyecto-nuevo-13-768x427.jpg 768w, https:\/\/coelectrix.com\/wp-content\/uploads\/2021\/11\/Proyecto-nuevo-13-416x231.jpg 416w, https:\/\/coelectrix.com\/wp-content\/uploads\/2021\/11\/Proyecto-nuevo-13.jpg 900w\" sizes=\"(max-width: 300px) 100vw, 300px\" \/><\/p>\n<p style=\"text-align: left;\">Aqui est\u00e1 o nosso guia sobre <a href=\"https:\/\/coelectrix.com\/pt-pt\/blogue\/inversor-de-corrente\" target=\"_blank\" rel=\"noopener\"><span style=\"color: #ff0000;\">o que \u00e9 um inversor de pot\u00eancia e como escolher o que precisa.<\/span><\/a><\/p>\n","protected":false},"excerpt":{"rendered":"<p><strong>Inversor CC-CA de onda pura com 2500w<\/strong> de corrente CC e at\u00e9 5000w de corrente de pico.<\/p>\n<p>Incorpora um interrutor de prioridade (interrutor de transfer\u00eancia) para comuta\u00e7\u00e3o autom\u00e1tica de uma rede. Quando a energia CA da rede el\u00e9ctrica p\u00fablica falha, o rel\u00e9 de transfer\u00eancia \u00e9 desativado e a carga \u00e9 automaticamente transferida para a sa\u00edda do inversor no espa\u00e7o de 30 milissegundos. Quando a rede CA \u00e9 restabelecida, o rel\u00e9 \u00e9 ativado e a carga \u00e9 automaticamente reconectada \u00e0 rede CA.<\/p>\n<p><strong>Dimens\u00f5es<\/strong>: 351x197x82mm<br \/>\n<strong>Peso<\/strong>: 5.1Kg.<br \/>\n<strong>Efici\u00eancia<\/strong>: Mais de 92%.<br \/>\n<strong>Tens\u00e3o de entrada<\/strong>: 10 &#8211; 15,5V<br \/>\n<strong>Prote\u00e7\u00e3o contra subtens\u00e3o<\/strong>: 10\u00b10,5V<br \/>\n<strong>Prote\u00e7\u00e3o contra sobretens\u00e3o<\/strong>: 15.5\u00b10.5V<br \/>\n<strong>Frequ\u00eancia<\/strong>: 50Hz\/60Hz<\/p>\n<p><strong>Conformidade regulamentar: CE, FCC e E-Mark 9 (R10)<\/strong><\/p>\n","protected":false},"featured_media":74560,"template":"","meta":{"_acf_changed":false},"product_brand":[],"product_cat":[1350],"product_tag":[],"class_list":{"0":"post-75964","1":"product","2":"type-product","3":"status-publish","4":"has-post-thumbnail","6":"product_cat-inversores-de-onda-pura-audiobus","8":"first","9":"instock","10":"sale","11":"taxable","12":"shipping-taxable","13":"purchasable","14":"product-type-simple"},"acf":[],"yoast_head":"<!-- This site is optimized with the Yoast SEO plugin v27.2 - https:\/\/yoast.com\/product\/yoast-seo-wordpress\/ -->\n<title>\u25b7 Inversor DC-AC Pure Wave 12v. 2500w Interruptor de transfer\u00eancia | Coelectrix.com<\/title>\n<meta name=\"description\" content=\"Inversor DC-AC Pure Wave 12v. 2500w de corrente DC AudioBus e at\u00e9 5000w de corrente de pico.\" \/>\n<meta name=\"robots\" content=\"index, follow, max-snippet:-1, max-image-preview:large, max-video-preview:-1\" \/>\n<link rel=\"canonical\" href=\"https:\/\/coelectrix.com\/pt-pt\/produto\/inversor-dc-ac-wave-pura-12v-2500w-audiobus\" \/>\n<meta property=\"og:locale\" content=\"pt_PT\" \/>\n<meta property=\"og:type\" content=\"article\" \/>\n<meta property=\"og:title\" content=\"\u25b7 Inversor DC-AC Pure Wave 12v. 2500w Interruptor de transfer\u00eancia | Coelectrix.com\" \/>\n<meta property=\"og:description\" content=\"Inversor DC-AC Pure Wave 12v. 2500w de corrente DC AudioBus e at\u00e9 5000w de corrente de pico.\" \/>\n<meta property=\"og:url\" content=\"https:\/\/coelectrix.com\/pt-pt\/produto\/inversor-dc-ac-wave-pura-12v-2500w-audiobus\" \/>\n<meta property=\"og:site_name\" content=\"Coelectrix\" \/>\n<meta property=\"article:modified_time\" content=\"2025-08-19T04:03:06+00:00\" \/>\n<meta property=\"og:image\" content=\"https:\/\/coelectrix.com\/wp-content\/uploads\/2021\/11\/inversor-onda-pura-transfer-switch.jpg\" \/>\n\t<meta property=\"og:image:width\" content=\"600\" \/>\n\t<meta property=\"og:image:height\" content=\"600\" \/>\n\t<meta property=\"og:image:type\" content=\"image\/jpeg\" \/>\n<meta name=\"twitter:card\" content=\"summary_large_image\" \/>\n<meta name=\"twitter:label1\" content=\"Tempo estimado de leitura\" \/>\n\t<meta name=\"twitter:data1\" content=\"1 minuto\" \/>\n<script type=\"application\/ld+json\" class=\"yoast-schema-graph\">{\"@context\":\"https:\/\/schema.org\",\"@graph\":[{\"@type\":\"WebPage\",\"@id\":\"https:\/\/coelectrix.com\/pt-pt\/produto\/inversor-dc-ac-wave-pura-12v-2500w-audiobus\",\"url\":\"https:\/\/coelectrix.com\/pt-pt\/produto\/inversor-dc-ac-wave-pura-12v-2500w-audiobus\",\"name\":\"\u25b7 Inversor DC-AC Pure Wave 12v. 2500w Interruptor de transfer\u00eancia | Coelectrix.com\",\"isPartOf\":{\"@id\":\"https:\/\/coelectrix.com\/pt-pt\/#website\"},\"primaryImageOfPage\":{\"@id\":\"https:\/\/coelectrix.com\/pt-pt\/produto\/inversor-dc-ac-wave-pura-12v-2500w-audiobus#primaryimage\"},\"image\":{\"@id\":\"https:\/\/coelectrix.com\/pt-pt\/produto\/inversor-dc-ac-wave-pura-12v-2500w-audiobus#primaryimage\"},\"thumbnailUrl\":\"https:\/\/coelectrix.com\/wp-content\/uploads\/2021\/11\/inversor-onda-pura-transfer-switch.jpg\",\"datePublished\":\"2021-11-20T07:55:04+00:00\",\"dateModified\":\"2025-08-19T04:03:06+00:00\",\"description\":\"Inversor DC-AC Pure Wave 12v. 2500w de corrente DC AudioBus e at\u00e9 5000w de corrente de pico.\",\"breadcrumb\":{\"@id\":\"https:\/\/coelectrix.com\/pt-pt\/produto\/inversor-dc-ac-wave-pura-12v-2500w-audiobus#breadcrumb\"},\"inLanguage\":\"pt-PT\",\"potentialAction\":[{\"@type\":\"ReadAction\",\"target\":[\"https:\/\/coelectrix.com\/pt-pt\/produto\/inversor-dc-ac-wave-pura-12v-2500w-audiobus\"]}]},{\"@type\":\"ImageObject\",\"inLanguage\":\"pt-PT\",\"@id\":\"https:\/\/coelectrix.com\/pt-pt\/produto\/inversor-dc-ac-wave-pura-12v-2500w-audiobus#primaryimage\",\"url\":\"https:\/\/coelectrix.com\/wp-content\/uploads\/2021\/11\/inversor-onda-pura-transfer-switch.jpg\",\"contentUrl\":\"https:\/\/coelectrix.com\/wp-content\/uploads\/2021\/11\/inversor-onda-pura-transfer-switch.jpg\",\"width\":600,\"height\":600,\"caption\":\"Inversor DC-AC Pure Wave 12v. 1500w Interruptor de transfer\u00eancia\"},{\"@type\":\"BreadcrumbList\",\"@id\":\"https:\/\/coelectrix.com\/pt-pt\/produto\/inversor-dc-ac-wave-pura-12v-2500w-audiobus#breadcrumb\",\"itemListElement\":[{\"@type\":\"ListItem\",\"position\":1,\"name\":\"Portada\",\"item\":\"https:\/\/coelectrix.com\/\"},{\"@type\":\"ListItem\",\"position\":2,\"name\":\"Loja\",\"item\":\"https:\/\/coelectrix.com\/pt-pt\/loja\"},{\"@type\":\"ListItem\",\"position\":3,\"name\":\"Inversor DC-AC Pure Wave 12v. 2500w Interruptor de transfer\u00eancia\"}]},{\"@type\":\"WebSite\",\"@id\":\"https:\/\/coelectrix.com\/pt-pt\/#website\",\"url\":\"https:\/\/coelectrix.com\/pt-pt\/\",\"name\":\"Coelectrix\",\"description\":\"Componentes el\u00e9ctricos\",\"publisher\":{\"@id\":\"https:\/\/coelectrix.com\/pt-pt\/#organization\"},\"potentialAction\":[{\"@type\":\"SearchAction\",\"target\":{\"@type\":\"EntryPoint\",\"urlTemplate\":\"https:\/\/coelectrix.com\/pt-pt\/?s={search_term_string}\"},\"query-input\":{\"@type\":\"PropertyValueSpecification\",\"valueRequired\":true,\"valueName\":\"search_term_string\"}}],\"inLanguage\":\"pt-PT\"},{\"@type\":\"Organization\",\"@id\":\"https:\/\/coelectrix.com\/pt-pt\/#organization\",\"name\":\"coelectrix.com\",\"url\":\"https:\/\/coelectrix.com\/pt-pt\/\",\"logo\":{\"@type\":\"ImageObject\",\"inLanguage\":\"pt-PT\",\"@id\":\"https:\/\/coelectrix.com\/pt-pt\/#\/schema\/logo\/image\/\",\"url\":\"https:\/\/coelectrix.com\/wp-content\/uploads\/2018\/05\/logo-coelectrix-400x400.jpg\",\"contentUrl\":\"https:\/\/coelectrix.com\/wp-content\/uploads\/2018\/05\/logo-coelectrix-400x400.jpg\",\"width\":300,\"height\":300,\"caption\":\"coelectrix.com\"},\"image\":{\"@id\":\"https:\/\/coelectrix.com\/pt-pt\/#\/schema\/logo\/image\/\"}}]}<\/script>\n<!-- \/ Yoast SEO plugin. -->","yoast_head_json":{"title":"\u25b7 Inversor DC-AC Pure Wave 12v. 2500w Interruptor de transfer\u00eancia | Coelectrix.com","description":"Inversor DC-AC Pure Wave 12v. 2500w de corrente DC AudioBus e at\u00e9 5000w de corrente de pico.","robots":{"index":"index","follow":"follow","max-snippet":"max-snippet:-1","max-image-preview":"max-image-preview:large","max-video-preview":"max-video-preview:-1"},"canonical":"https:\/\/coelectrix.com\/pt-pt\/produto\/inversor-dc-ac-wave-pura-12v-2500w-audiobus","og_locale":"pt_PT","og_type":"article","og_title":"\u25b7 Inversor DC-AC Pure Wave 12v. 2500w Interruptor de transfer\u00eancia | Coelectrix.com","og_description":"Inversor DC-AC Pure Wave 12v. 2500w de corrente DC AudioBus e at\u00e9 5000w de corrente de pico.","og_url":"https:\/\/coelectrix.com\/pt-pt\/produto\/inversor-dc-ac-wave-pura-12v-2500w-audiobus","og_site_name":"Coelectrix","article_modified_time":"2025-08-19T04:03:06+00:00","og_image":[{"width":600,"height":600,"url":"https:\/\/coelectrix.com\/wp-content\/uploads\/2021\/11\/inversor-onda-pura-transfer-switch.jpg","type":"image\/jpeg"}],"twitter_card":"summary_large_image","twitter_misc":{"Tempo estimado de leitura":"1 minuto"},"schema":{"@context":"https:\/\/schema.org","@graph":[{"@type":"WebPage","@id":"https:\/\/coelectrix.com\/pt-pt\/produto\/inversor-dc-ac-wave-pura-12v-2500w-audiobus","url":"https:\/\/coelectrix.com\/pt-pt\/produto\/inversor-dc-ac-wave-pura-12v-2500w-audiobus","name":"\u25b7 Inversor DC-AC Pure Wave 12v. 2500w Interruptor de transfer\u00eancia | Coelectrix.com","isPartOf":{"@id":"https:\/\/coelectrix.com\/pt-pt\/#website"},"primaryImageOfPage":{"@id":"https:\/\/coelectrix.com\/pt-pt\/produto\/inversor-dc-ac-wave-pura-12v-2500w-audiobus#primaryimage"},"image":{"@id":"https:\/\/coelectrix.com\/pt-pt\/produto\/inversor-dc-ac-wave-pura-12v-2500w-audiobus#primaryimage"},"thumbnailUrl":"https:\/\/coelectrix.com\/wp-content\/uploads\/2021\/11\/inversor-onda-pura-transfer-switch.jpg","datePublished":"2021-11-20T07:55:04+00:00","dateModified":"2025-08-19T04:03:06+00:00","description":"Inversor DC-AC Pure Wave 12v. 2500w de corrente DC AudioBus e at\u00e9 5000w de corrente de pico.","breadcrumb":{"@id":"https:\/\/coelectrix.com\/pt-pt\/produto\/inversor-dc-ac-wave-pura-12v-2500w-audiobus#breadcrumb"},"inLanguage":"pt-PT","potentialAction":[{"@type":"ReadAction","target":["https:\/\/coelectrix.com\/pt-pt\/produto\/inversor-dc-ac-wave-pura-12v-2500w-audiobus"]}]},{"@type":"ImageObject","inLanguage":"pt-PT","@id":"https:\/\/coelectrix.com\/pt-pt\/produto\/inversor-dc-ac-wave-pura-12v-2500w-audiobus#primaryimage","url":"https:\/\/coelectrix.com\/wp-content\/uploads\/2021\/11\/inversor-onda-pura-transfer-switch.jpg","contentUrl":"https:\/\/coelectrix.com\/wp-content\/uploads\/2021\/11\/inversor-onda-pura-transfer-switch.jpg","width":600,"height":600,"caption":"Inversor DC-AC Pure Wave 12v. 1500w Interruptor de transfer\u00eancia"},{"@type":"BreadcrumbList","@id":"https:\/\/coelectrix.com\/pt-pt\/produto\/inversor-dc-ac-wave-pura-12v-2500w-audiobus#breadcrumb","itemListElement":[{"@type":"ListItem","position":1,"name":"Portada","item":"https:\/\/coelectrix.com\/"},{"@type":"ListItem","position":2,"name":"Loja","item":"https:\/\/coelectrix.com\/pt-pt\/loja"},{"@type":"ListItem","position":3,"name":"Inversor DC-AC Pure Wave 12v. 2500w Interruptor de transfer\u00eancia"}]},{"@type":"WebSite","@id":"https:\/\/coelectrix.com\/pt-pt\/#website","url":"https:\/\/coelectrix.com\/pt-pt\/","name":"Coelectrix","description":"Componentes el\u00e9ctricos","publisher":{"@id":"https:\/\/coelectrix.com\/pt-pt\/#organization"},"potentialAction":[{"@type":"SearchAction","target":{"@type":"EntryPoint","urlTemplate":"https:\/\/coelectrix.com\/pt-pt\/?s={search_term_string}"},"query-input":{"@type":"PropertyValueSpecification","valueRequired":true,"valueName":"search_term_string"}}],"inLanguage":"pt-PT"},{"@type":"Organization","@id":"https:\/\/coelectrix.com\/pt-pt\/#organization","name":"coelectrix.com","url":"https:\/\/coelectrix.com\/pt-pt\/","logo":{"@type":"ImageObject","inLanguage":"pt-PT","@id":"https:\/\/coelectrix.com\/pt-pt\/#\/schema\/logo\/image\/","url":"https:\/\/coelectrix.com\/wp-content\/uploads\/2018\/05\/logo-coelectrix-400x400.jpg","contentUrl":"https:\/\/coelectrix.com\/wp-content\/uploads\/2018\/05\/logo-coelectrix-400x400.jpg","width":300,"height":300,"caption":"coelectrix.com"},"image":{"@id":"https:\/\/coelectrix.com\/pt-pt\/#\/schema\/logo\/image\/"}}]}},"_links":{"self":[{"href":"https:\/\/coelectrix.com\/pt-pt\/wp-json\/wp\/v2\/product\/75964","targetHints":{"allow":["GET"]}}],"collection":[{"href":"https:\/\/coelectrix.com\/pt-pt\/wp-json\/wp\/v2\/product"}],"about":[{"href":"https:\/\/coelectrix.com\/pt-pt\/wp-json\/wp\/v2\/types\/product"}],"version-history":[{"count":1,"href":"https:\/\/coelectrix.com\/pt-pt\/wp-json\/wp\/v2\/product\/75964\/revisions"}],"predecessor-version":[{"id":76753,"href":"https:\/\/coelectrix.com\/pt-pt\/wp-json\/wp\/v2\/product\/75964\/revisions\/76753"}],"wp:featuredmedia":[{"embeddable":true,"href":"https:\/\/coelectrix.com\/pt-pt\/wp-json\/wp\/v2\/media\/74560"}],"wp:attachment":[{"href":"https:\/\/coelectrix.com\/pt-pt\/wp-json\/wp\/v2\/media?parent=75964"}],"wp:term":[{"taxonomy":"product_brand","embeddable":true,"href":"https:\/\/coelectrix.com\/pt-pt\/wp-json\/wp\/v2\/product_brand?post=75964"},{"taxonomy":"product_cat","embeddable":true,"href":"https:\/\/coelectrix.com\/pt-pt\/wp-json\/wp\/v2\/product_cat?post=75964"},{"taxonomy":"product_tag","embeddable":true,"href":"https:\/\/coelectrix.com\/pt-pt\/wp-json\/wp\/v2\/product_tag?post=75964"}],"curies":[{"name":"wp","href":"https:\/\/api.w.org\/{rel}","templated":true}]}}