{"id":75971,"date":"2025-03-08T11:54:13","date_gmt":"2025-03-08T10:54:13","guid":{"rendered":"https:\/\/coelectrix.com\/producto\/manga-termorretractil-com-adesivo-sortido-80-pcs-vermelho-e-preto"},"modified":"2025-08-19T05:57:06","modified_gmt":"2025-08-19T03:57:06","slug":"manga-termorretractil-com-adesivo-sortido-80-pcs-vermelho-e-preto","status":"publish","type":"product","link":"https:\/\/coelectrix.com\/pt-pt\/produto\/thermotrachtile-shrink-with-adhesive-variety-80-pieces-red-and-black","title":{"rendered":"Manga termorretr\u00e1ctil com adesivo sortido 80 pcs. vermelho e preto"},"content":{"rendered":"<h2 style=\"text-align: left;\">Manga termorretr\u00e1ctil com adesivo 80 pe\u00e7as vermelho e preto<\/h2>\n<p>Manga termorretr\u00e1ctil sortida com di\u00e2metros de 3, 6,5, 9,5 e 12 mm.<\/p>\n<p>Inclui uma caixa organizadora de pl\u00e1stico para armazenamento e transporte.<\/p>\n<p>O pacote inclui:<\/p>\n<ul>\n<li>15 pe\u00e7as de 9 cm termorretr\u00e1cteis com adesivo de 3,2 mm de di\u00e2metro Cor vermelha.<\/li>\n<li>15 pe\u00e7as de 9 cm termorretr\u00e1cteis com adesivo de 3,2 mm de di\u00e2metro Cor preta<\/li>\n<li>15 unidades de 9 cm termorretr\u00e1cteis com adesivo de 6,5 mm de di\u00e2metro Cor vermelha<\/li>\n<li>15 unidades de 9 cm termo-retr\u00e1cteis com adesivo de 6,5 mm de di\u00e2metro Cor preta<\/li>\n<li> 5 pe\u00e7as de 9 cm termo-retr\u00e1cteis com adesivo 9 mm de di\u00e2metro Cor vermelha<\/li>\n<li> 5 unidades de 9 cm termo-retr\u00e1cteis com adesivo de 9 mm de di\u00e2metro Cor preta<\/li>\n<li> 5 unidades de 9 cm termo-retr\u00e1cteis com adesivo 12 mm de di\u00e2metro Cor vermelha<\/li>\n<li> 5 unidades de 9 cm termorretr\u00e1cteis com adesivo de 12 mm de di\u00e2metro Cor preta<\/li>\n<li>Mala organizadora de pl\u00e1stico.<\/li>\n<\/ul>\n<p>Tamb\u00e9m temos termorretr\u00e1cteis com adesivo vermelho em todos os tamanhos e vendemo-los a metro.<\/p>\n<p>Este tubo tem parede dupla com adesivo termofus\u00edvel e proporciona uma elevada resist\u00eancia mec\u00e2nica e impede a entrada de fluidos, humidade e corros\u00e3o. \u00c9 utilizado numa grande variedade de aplica\u00e7\u00f5es em que estas carater\u00edsticas s\u00e3o necess\u00e1rias, como a veda\u00e7\u00e3o de conectores, bifurca\u00e7\u00f5es ou ramifica\u00e7\u00f5es em instala\u00e7\u00f5es.<\/p>\n<p>Temperatura de retra\u00e7\u00e3o: 110\u00baC<br \/>\nR\u00e1cio de retra\u00e7\u00e3o: 3:1<\/p>\n<p>Os tamanhos dispon\u00edveis s\u00e3o indicados como di\u00e2metro interior.<\/p>\n","protected":false},"excerpt":{"rendered":"<h2 style=\"text-align: left;\">Manga termorretr\u00e1ctil com adesivo interior variado 40 pe\u00e7as vermelhas e 40 pe\u00e7as pretas<\/h2>\n<ul>\n<li>15 pe\u00e7as de 9cm termo-retr\u00e1cteis com adesivo de 3,2mm de di\u00e2metro Cor vermelha<\/li>\n<li>15 pe\u00e7as de 9 cm termo-retr\u00e1cteis com adesivo de 3,2 mm de di\u00e2metro Cor preta<\/li>\n<li>15 pe\u00e7as de 9 cm termorretr\u00e1cteis com adesivo de 6,5 mm de di\u00e2metro Cor vermelha<\/li>\n<li>15 unidades de 9 cm termo-retr\u00e1cteis com adesivo de 6,5 mm de di\u00e2metro Cor preta<\/li>\n<li> 5 pe\u00e7as de 9 cm termo-retr\u00e1cteis com adesivo 9 mm de di\u00e2metro Cor vermelha<\/li>\n<li> 5 unidades de 9 cm termo-retr\u00e1cteis com adesivo de 9 mm de di\u00e2metro Cor preta<\/li>\n<li> 5 unidades de 9 cm termo-retr\u00e1cteis com adesivo 12 mm de di\u00e2metro Cor vermelha<\/li>\n<li> 5 unidades de 9 cm termorretr\u00e1cteis com adesivo de 12 mm de di\u00e2metro Cor preta<\/li>\n<li>Mala organizadora de pl\u00e1stico.<\/li>\n<\/ul>\n<p><img decoding=\"async\" class=\"alignnone size-full wp-image-715\" src=\"https:\/\/coelectrix.com\/wp-content\/uploads\/2016\/09\/payment-logo-1.png\" alt=\"payment-logo\" width=\"245\" height=\"62\" srcset=\"https:\/\/coelectrix.com\/wp-content\/uploads\/2016\/09\/payment-logo-1.png 245w, https:\/\/coelectrix.com\/wp-content\/uploads\/2016\/09\/payment-logo-1-64x16.png 64w\" sizes=\"(max-width: 245px) 100vw, 245px\" \/><\/p>\n","protected":false},"featured_media":74622,"template":"","meta":{"_acf_changed":false},"product_brand":[],"product_cat":[1394,1406],"product_tag":[],"class_list":{"0":"post-75971","1":"product","2":"type-product","3":"status-publish","4":"has-post-thumbnail","6":"product_cat-kits-de-terminais-variados","7":"product_cat-tubos-termorretracteis","9":"first","10":"instock","11":"taxable","12":"shipping-taxable","13":"purchasable","14":"product-type-simple"},"acf":[],"yoast_head":"<!-- This site is optimized with the Yoast SEO plugin v27.2 - https:\/\/yoast.com\/product\/yoast-seo-wordpress\/ -->\n<title>\u25b7 Manga termorretr\u00e1ctil com adesivo sortido 80 pcs. vermelho e preto | Coelectrix.com<\/title>\n<meta name=\"description\" content=\"Termo-retr\u00e1til com adesivo variado em v\u00e1rios di\u00e2metros cortados em peda\u00e7os de 9 cm. Inclui uma caixa organizadora de pl\u00e1stico para arruma\u00e7\u00e3o.\" \/>\n<meta name=\"robots\" content=\"index, follow, max-snippet:-1, max-image-preview:large, max-video-preview:-1\" \/>\n<link rel=\"canonical\" href=\"https:\/\/coelectrix.com\/pt-pt\/produto\/thermotrachtile-shrink-with-adhesive-variety-80-pieces-red-and-black\" \/>\n<meta property=\"og:locale\" content=\"pt_PT\" \/>\n<meta property=\"og:type\" content=\"article\" \/>\n<meta property=\"og:title\" content=\"\u25b7 Manga termorretr\u00e1ctil com adesivo sortido 80 pcs. vermelho e preto | Coelectrix.com\" \/>\n<meta property=\"og:description\" content=\"Termo-retr\u00e1til com adesivo variado em v\u00e1rios di\u00e2metros cortados em peda\u00e7os de 9 cm. Inclui uma caixa organizadora de pl\u00e1stico para arruma\u00e7\u00e3o.\" \/>\n<meta property=\"og:url\" content=\"https:\/\/coelectrix.com\/pt-pt\/produto\/thermotrachtile-shrink-with-adhesive-variety-80-pieces-red-and-black\" \/>\n<meta property=\"og:site_name\" content=\"Coelectrix\" \/>\n<meta property=\"article:modified_time\" content=\"2025-08-19T03:57:06+00:00\" \/>\n<meta property=\"og:image\" content=\"https:\/\/coelectrix.com\/wp-content\/uploads\/2025\/03\/80-piezas-termorretractil-con-adhesivo.jpg\" \/>\n\t<meta property=\"og:image:width\" content=\"800\" \/>\n\t<meta property=\"og:image:height\" content=\"800\" \/>\n\t<meta property=\"og:image:type\" content=\"image\/jpeg\" \/>\n<meta name=\"twitter:card\" content=\"summary_large_image\" \/>\n<meta name=\"twitter:label1\" content=\"Tempo estimado de leitura\" \/>\n\t<meta name=\"twitter:data1\" content=\"1 minuto\" \/>\n<script type=\"application\/ld+json\" class=\"yoast-schema-graph\">{\"@context\":\"https:\/\/schema.org\",\"@graph\":[{\"@type\":\"WebPage\",\"@id\":\"https:\/\/coelectrix.com\/pt-pt\/produto\/thermotrachtile-shrink-with-adhesive-variety-80-pieces-red-and-black\",\"url\":\"https:\/\/coelectrix.com\/pt-pt\/produto\/thermotrachtile-shrink-with-adhesive-variety-80-pieces-red-and-black\",\"name\":\"\u25b7 Manga termorretr\u00e1ctil com adesivo sortido 80 pcs. vermelho e preto | Coelectrix.com\",\"isPartOf\":{\"@id\":\"https:\/\/coelectrix.com\/pt-pt\/#website\"},\"primaryImageOfPage\":{\"@id\":\"https:\/\/coelectrix.com\/pt-pt\/produto\/thermotrachtile-shrink-with-adhesive-variety-80-pieces-red-and-black#primaryimage\"},\"image\":{\"@id\":\"https:\/\/coelectrix.com\/pt-pt\/produto\/thermotrachtile-shrink-with-adhesive-variety-80-pieces-red-and-black#primaryimage\"},\"thumbnailUrl\":\"https:\/\/coelectrix.com\/wp-content\/uploads\/2025\/03\/80-piezas-termorretractil-con-adhesivo.jpg\",\"datePublished\":\"2025-03-08T10:54:13+00:00\",\"dateModified\":\"2025-08-19T03:57:06+00:00\",\"description\":\"Termo-retr\u00e1til com adesivo variado em v\u00e1rios di\u00e2metros cortados em peda\u00e7os de 9 cm. Inclui uma caixa organizadora de pl\u00e1stico para arruma\u00e7\u00e3o.\",\"breadcrumb\":{\"@id\":\"https:\/\/coelectrix.com\/pt-pt\/produto\/thermotrachtile-shrink-with-adhesive-variety-80-pieces-red-and-black#breadcrumb\"},\"inLanguage\":\"pt-PT\",\"potentialAction\":[{\"@type\":\"ReadAction\",\"target\":[\"https:\/\/coelectrix.com\/pt-pt\/produto\/thermotrachtile-shrink-with-adhesive-variety-80-pieces-red-and-black\"]}]},{\"@type\":\"ImageObject\",\"inLanguage\":\"pt-PT\",\"@id\":\"https:\/\/coelectrix.com\/pt-pt\/produto\/thermotrachtile-shrink-with-adhesive-variety-80-pieces-red-and-black#primaryimage\",\"url\":\"https:\/\/coelectrix.com\/wp-content\/uploads\/2025\/03\/80-piezas-termorretractil-con-adhesivo.jpg\",\"contentUrl\":\"https:\/\/coelectrix.com\/wp-content\/uploads\/2025\/03\/80-piezas-termorretractil-con-adhesivo.jpg\",\"width\":800,\"height\":800,\"caption\":\"80 pe\u00e7as termo-retr\u00e1cteis com adesivo\"},{\"@type\":\"BreadcrumbList\",\"@id\":\"https:\/\/coelectrix.com\/pt-pt\/produto\/thermotrachtile-shrink-with-adhesive-variety-80-pieces-red-and-black#breadcrumb\",\"itemListElement\":[{\"@type\":\"ListItem\",\"position\":1,\"name\":\"Portada\",\"item\":\"https:\/\/coelectrix.com\/\"},{\"@type\":\"ListItem\",\"position\":2,\"name\":\"Loja\",\"item\":\"https:\/\/coelectrix.com\/pt-pt\/loja\"},{\"@type\":\"ListItem\",\"position\":3,\"name\":\"Manga termorretr\u00e1ctil com adesivo sortido 80 pcs. vermelho e preto\"}]},{\"@type\":\"WebSite\",\"@id\":\"https:\/\/coelectrix.com\/pt-pt\/#website\",\"url\":\"https:\/\/coelectrix.com\/pt-pt\/\",\"name\":\"Coelectrix\",\"description\":\"Componentes el\u00e9ctricos\",\"publisher\":{\"@id\":\"https:\/\/coelectrix.com\/pt-pt\/#organization\"},\"potentialAction\":[{\"@type\":\"SearchAction\",\"target\":{\"@type\":\"EntryPoint\",\"urlTemplate\":\"https:\/\/coelectrix.com\/pt-pt\/?s={search_term_string}\"},\"query-input\":{\"@type\":\"PropertyValueSpecification\",\"valueRequired\":true,\"valueName\":\"search_term_string\"}}],\"inLanguage\":\"pt-PT\"},{\"@type\":\"Organization\",\"@id\":\"https:\/\/coelectrix.com\/pt-pt\/#organization\",\"name\":\"coelectrix.com\",\"url\":\"https:\/\/coelectrix.com\/pt-pt\/\",\"logo\":{\"@type\":\"ImageObject\",\"inLanguage\":\"pt-PT\",\"@id\":\"https:\/\/coelectrix.com\/pt-pt\/#\/schema\/logo\/image\/\",\"url\":\"https:\/\/coelectrix.com\/wp-content\/uploads\/2018\/05\/logo-coelectrix-400x400.jpg\",\"contentUrl\":\"https:\/\/coelectrix.com\/wp-content\/uploads\/2018\/05\/logo-coelectrix-400x400.jpg\",\"width\":300,\"height\":300,\"caption\":\"coelectrix.com\"},\"image\":{\"@id\":\"https:\/\/coelectrix.com\/pt-pt\/#\/schema\/logo\/image\/\"}}]}<\/script>\n<!-- \/ Yoast SEO plugin. -->","yoast_head_json":{"title":"\u25b7 Manga termorretr\u00e1ctil com adesivo sortido 80 pcs. vermelho e preto | Coelectrix.com","description":"Termo-retr\u00e1til com adesivo variado em v\u00e1rios di\u00e2metros cortados em peda\u00e7os de 9 cm. Inclui uma caixa organizadora de pl\u00e1stico para arruma\u00e7\u00e3o.","robots":{"index":"index","follow":"follow","max-snippet":"max-snippet:-1","max-image-preview":"max-image-preview:large","max-video-preview":"max-video-preview:-1"},"canonical":"https:\/\/coelectrix.com\/pt-pt\/produto\/thermotrachtile-shrink-with-adhesive-variety-80-pieces-red-and-black","og_locale":"pt_PT","og_type":"article","og_title":"\u25b7 Manga termorretr\u00e1ctil com adesivo sortido 80 pcs. vermelho e preto | Coelectrix.com","og_description":"Termo-retr\u00e1til com adesivo variado em v\u00e1rios di\u00e2metros cortados em peda\u00e7os de 9 cm. Inclui uma caixa organizadora de pl\u00e1stico para arruma\u00e7\u00e3o.","og_url":"https:\/\/coelectrix.com\/pt-pt\/produto\/thermotrachtile-shrink-with-adhesive-variety-80-pieces-red-and-black","og_site_name":"Coelectrix","article_modified_time":"2025-08-19T03:57:06+00:00","og_image":[{"width":800,"height":800,"url":"https:\/\/coelectrix.com\/wp-content\/uploads\/2025\/03\/80-piezas-termorretractil-con-adhesivo.jpg","type":"image\/jpeg"}],"twitter_card":"summary_large_image","twitter_misc":{"Tempo estimado de leitura":"1 minuto"},"schema":{"@context":"https:\/\/schema.org","@graph":[{"@type":"WebPage","@id":"https:\/\/coelectrix.com\/pt-pt\/produto\/thermotrachtile-shrink-with-adhesive-variety-80-pieces-red-and-black","url":"https:\/\/coelectrix.com\/pt-pt\/produto\/thermotrachtile-shrink-with-adhesive-variety-80-pieces-red-and-black","name":"\u25b7 Manga termorretr\u00e1ctil com adesivo sortido 80 pcs. vermelho e preto | Coelectrix.com","isPartOf":{"@id":"https:\/\/coelectrix.com\/pt-pt\/#website"},"primaryImageOfPage":{"@id":"https:\/\/coelectrix.com\/pt-pt\/produto\/thermotrachtile-shrink-with-adhesive-variety-80-pieces-red-and-black#primaryimage"},"image":{"@id":"https:\/\/coelectrix.com\/pt-pt\/produto\/thermotrachtile-shrink-with-adhesive-variety-80-pieces-red-and-black#primaryimage"},"thumbnailUrl":"https:\/\/coelectrix.com\/wp-content\/uploads\/2025\/03\/80-piezas-termorretractil-con-adhesivo.jpg","datePublished":"2025-03-08T10:54:13+00:00","dateModified":"2025-08-19T03:57:06+00:00","description":"Termo-retr\u00e1til com adesivo variado em v\u00e1rios di\u00e2metros cortados em peda\u00e7os de 9 cm. Inclui uma caixa organizadora de pl\u00e1stico para arruma\u00e7\u00e3o.","breadcrumb":{"@id":"https:\/\/coelectrix.com\/pt-pt\/produto\/thermotrachtile-shrink-with-adhesive-variety-80-pieces-red-and-black#breadcrumb"},"inLanguage":"pt-PT","potentialAction":[{"@type":"ReadAction","target":["https:\/\/coelectrix.com\/pt-pt\/produto\/thermotrachtile-shrink-with-adhesive-variety-80-pieces-red-and-black"]}]},{"@type":"ImageObject","inLanguage":"pt-PT","@id":"https:\/\/coelectrix.com\/pt-pt\/produto\/thermotrachtile-shrink-with-adhesive-variety-80-pieces-red-and-black#primaryimage","url":"https:\/\/coelectrix.com\/wp-content\/uploads\/2025\/03\/80-piezas-termorretractil-con-adhesivo.jpg","contentUrl":"https:\/\/coelectrix.com\/wp-content\/uploads\/2025\/03\/80-piezas-termorretractil-con-adhesivo.jpg","width":800,"height":800,"caption":"80 pe\u00e7as termo-retr\u00e1cteis com adesivo"},{"@type":"BreadcrumbList","@id":"https:\/\/coelectrix.com\/pt-pt\/produto\/thermotrachtile-shrink-with-adhesive-variety-80-pieces-red-and-black#breadcrumb","itemListElement":[{"@type":"ListItem","position":1,"name":"Portada","item":"https:\/\/coelectrix.com\/"},{"@type":"ListItem","position":2,"name":"Loja","item":"https:\/\/coelectrix.com\/pt-pt\/loja"},{"@type":"ListItem","position":3,"name":"Manga termorretr\u00e1ctil com adesivo sortido 80 pcs. vermelho e preto"}]},{"@type":"WebSite","@id":"https:\/\/coelectrix.com\/pt-pt\/#website","url":"https:\/\/coelectrix.com\/pt-pt\/","name":"Coelectrix","description":"Componentes el\u00e9ctricos","publisher":{"@id":"https:\/\/coelectrix.com\/pt-pt\/#organization"},"potentialAction":[{"@type":"SearchAction","target":{"@type":"EntryPoint","urlTemplate":"https:\/\/coelectrix.com\/pt-pt\/?s={search_term_string}"},"query-input":{"@type":"PropertyValueSpecification","valueRequired":true,"valueName":"search_term_string"}}],"inLanguage":"pt-PT"},{"@type":"Organization","@id":"https:\/\/coelectrix.com\/pt-pt\/#organization","name":"coelectrix.com","url":"https:\/\/coelectrix.com\/pt-pt\/","logo":{"@type":"ImageObject","inLanguage":"pt-PT","@id":"https:\/\/coelectrix.com\/pt-pt\/#\/schema\/logo\/image\/","url":"https:\/\/coelectrix.com\/wp-content\/uploads\/2018\/05\/logo-coelectrix-400x400.jpg","contentUrl":"https:\/\/coelectrix.com\/wp-content\/uploads\/2018\/05\/logo-coelectrix-400x400.jpg","width":300,"height":300,"caption":"coelectrix.com"},"image":{"@id":"https:\/\/coelectrix.com\/pt-pt\/#\/schema\/logo\/image\/"}}]}},"_links":{"self":[{"href":"https:\/\/coelectrix.com\/pt-pt\/wp-json\/wp\/v2\/product\/75971","targetHints":{"allow":["GET"]}}],"collection":[{"href":"https:\/\/coelectrix.com\/pt-pt\/wp-json\/wp\/v2\/product"}],"about":[{"href":"https:\/\/coelectrix.com\/pt-pt\/wp-json\/wp\/v2\/types\/product"}],"version-history":[{"count":1,"href":"https:\/\/coelectrix.com\/pt-pt\/wp-json\/wp\/v2\/product\/75971\/revisions"}],"predecessor-version":[{"id":76589,"href":"https:\/\/coelectrix.com\/pt-pt\/wp-json\/wp\/v2\/product\/75971\/revisions\/76589"}],"wp:featuredmedia":[{"embeddable":true,"href":"https:\/\/coelectrix.com\/pt-pt\/wp-json\/wp\/v2\/media\/74622"}],"wp:attachment":[{"href":"https:\/\/coelectrix.com\/pt-pt\/wp-json\/wp\/v2\/media?parent=75971"}],"wp:term":[{"taxonomy":"product_brand","embeddable":true,"href":"https:\/\/coelectrix.com\/pt-pt\/wp-json\/wp\/v2\/product_brand?post=75971"},{"taxonomy":"product_cat","embeddable":true,"href":"https:\/\/coelectrix.com\/pt-pt\/wp-json\/wp\/v2\/product_cat?post=75971"},{"taxonomy":"product_tag","embeddable":true,"href":"https:\/\/coelectrix.com\/pt-pt\/wp-json\/wp\/v2\/product_tag?post=75971"}],"curies":[{"name":"wp","href":"https:\/\/api.w.org\/{rel}","templated":true}]}}