{"id":75988,"date":"2021-04-25T17:35:51","date_gmt":"2021-04-25T15:35:51","guid":{"rendered":"https:\/\/coelectrix.com\/producto\/mangueira-electrica-h05vvv-f-4x1mm%c2%b2"},"modified":"2025-08-19T06:03:38","modified_gmt":"2025-08-19T04:03:38","slug":"mangueira-electrica-h05vvv-f-4x1mm%c2%b2","status":"publish","type":"product","link":"https:\/\/coelectrix.com\/pt-pt\/produto\/mangueira-electrica-h05vv-f-4x1mm%C2%B2\/mangueira-electrica-h05vv-f-4x1mm%C2%B2","title":{"rendered":"Mangueira el\u00e9ctrica H05VVV-F 4x1mm\u00b2"},"content":{"rendered":"<h2><strong>Mangueira el\u00e9ctrica H05VVV-F 4x1mm\u00b2<\/strong><\/h2>\n<p>H05VVV-F, cabo el\u00e9trico flex\u00edvel harmonizado de desempenho m\u00e9dio e alta qualidade com isolamento em PVC e bainha em PVC. Este cabo flex\u00edvel tem uma tens\u00e3o nominal de 300 a 500 V e est\u00e1 concebido para ser utilizado em aparelhos industriais de uso geral e electrodom\u00e9sticos de desempenho m\u00e9dio.<\/p>\n<p>A <strong>mangueira de alimenta\u00e7\u00e3o H05VVV-F<\/strong> \u00e9 constitu\u00edda por n\u00facleos compostos por condutores ou fios de cobre de fios finos. Cada n\u00facleo est\u00e1 rodeado por um isolamento de PVC (cloreto de polivinilo) com c\u00f3digo de cores para facilitar a identifica\u00e7\u00e3o dos fios. Todos os n\u00facleos s\u00e3o cobertos por uma camada exterior final de PVC denominada bainha.<\/p>\n<h2 class=\"Box-sc-1a4tiu7-0 cviPht\" data-testid=\"specifications-title\">Especifica\u00e7\u00f5es<\/h2>\n<table class=\"table__Table-qv3o6l-0 ciXNt\" data-testid=\"specification-attributes\">\n<thead>\n<tr>\n<td>Atributo<\/td>\n<td>Valor<\/td>\n<\/tr>\n<\/thead>\n<tbody>\n<tr>\n<td data-testid=\"specification-attributes-key\">N\u00famero de n\u00facleos<\/td>\n<td data-testid=\"specification-attributes-value\">4<\/td>\n<\/tr>\n<tr>\n<td data-testid=\"specification-attributes-key\">\u00c1rea da sec\u00e7\u00e3o transversal<\/td>\n<td data-testid=\"specification-attributes-value\">1 mm\u00b2 1 mm\u00b2 1 mm\u00b2 1 mm\u00b2 1 mm\u00b2 1 mm\u00b2 1 mm\u00b2 1 mm\u00b2 1 mm\u00b2 1 mm<\/td>\n<\/tr>\n<tr>\n<td data-testid=\"specification-attributes-key\">Cor da manga<\/td>\n<td data-testid=\"specification-attributes-value\">Preto<\/td>\n<\/tr>\n<tr>\n<td data-testid=\"specification-attributes-key\">Corrente nominal<\/td>\n<td data-testid=\"specification-attributes-value\">6 A<\/td>\n<\/tr>\n<tr>\n<td data-testid=\"specification-attributes-key\">Comprimento<\/td>\n<td data-testid=\"specification-attributes-value\">1m \/ 100m<\/td>\n<\/tr>\n<tr>\n<td data-testid=\"specification-attributes-key\">Tens\u00e3o nominal<\/td>\n<td data-testid=\"specification-attributes-value\">300 V, 500 V<\/td>\n<\/tr>\n<tr>\n<td data-testid=\"specification-attributes-key\">Di\u00e2metro externo<\/td>\n<td data-testid=\"specification-attributes-value\">6,47 mm<\/td>\n<\/tr>\n<tr>\n<td data-testid=\"specification-attributes-key\">Material da bainha<\/td>\n<td data-testid=\"specification-attributes-value\">Policloreto de vinilo PVC<\/td>\n<\/tr>\n<tr>\n<td data-testid=\"specification-attributes-key\">Tipo de cabo<\/td>\n<td data-testid=\"specification-attributes-value\">3183Y<\/td>\n<\/tr>\n<tr>\n<td data-testid=\"specification-attributes-key\">Temperatura m\u00e1xima de funcionamento<\/td>\n<td data-testid=\"specification-attributes-value\">+70\u00b0C<\/td>\n<\/tr>\n<tr>\n<td data-testid=\"specification-attributes-key\">Tipo de condutor<\/td>\n<td data-testid=\"specification-attributes-value\">Multi-fios<\/td>\n<\/tr>\n<tr>\n<td data-testid=\"specification-attributes-key\">C\u00f3digo harmonizado<\/td>\n<td data-testid=\"specification-attributes-value\">H05VVV-F<\/td>\n<\/tr>\n<tr>\n<td data-testid=\"specification-attributes-key\">Resist\u00eancia do condutor<\/td>\n<td data-testid=\"specification-attributes-value\">26 \u03a9\/km<\/td>\n<\/tr>\n<tr>\n<td data-testid=\"specification-attributes-key\">Em conformidade com as normas<\/td>\n<td data-testid=\"specification-attributes-value\">Euroclasse Eca<\/td>\n<\/tr>\n<tr>\n<td data-testid=\"specification-attributes-key\">Material de isolamento<\/td>\n<td data-testid=\"specification-attributes-value\">PVC<\/td>\n<\/tr>\n<tr>\n<td data-testid=\"specification-attributes-key\">Fio de bitola americana AWG<\/td>\n<td data-testid=\"specification-attributes-value\">18 AWG<\/td>\n<\/tr>\n<tr>\n<td data-testid=\"specification-attributes-key\">Material do condutor<\/td>\n<td data-testid=\"specification-attributes-value\">Cobre<\/td>\n<\/tr>\n<\/tbody>\n<\/table>\n","protected":false},"excerpt":{"rendered":"<p style=\"text-align: left;\">Cabo el\u00e9trico flex\u00edvel de desempenho m\u00e9dio de alta qualidade H05VVV-F com isolamento em PVC e bainha em PVC.<\/p>\n<p><strong>Mangueira altamente flex\u00edvel com 4 fios de 1 mm2<\/strong><\/p>\n<p style=\"text-align: left;\">A <strong>mangueira de alimenta\u00e7\u00e3o H05VVV-F<\/strong> \u00e9 constitu\u00edda por n\u00facleos compostos por condutores ou fios de cobre de fios finos. Cada n\u00facleo \u00e9 rodeado por um isolamento de PVC (cloreto de polivinilo) com c\u00f3digo de cores para uma f\u00e1cil identifica\u00e7\u00e3o dos fios.<\/p>\n<p style=\"text-align: left;\">Dispon\u00edvel em <strong>rolos de 100 metros<\/strong> ou <strong>a metro <\/strong>, pelo que pode escolher os metros de que necessita e n\u00f3s cortamo-los de uma s\u00f3 vez.<\/p>\n","protected":false},"featured_media":73517,"template":"","meta":{"_acf_changed":false},"product_brand":[],"product_cat":[1362],"product_tag":[],"class_list":{"0":"post-75988","1":"product","2":"type-product","3":"status-publish","4":"has-post-thumbnail","6":"product_cat-mangueira-electrica-multipolar","8":"first","9":"instock","10":"taxable","11":"shipping-taxable","12":"purchasable","13":"product-type-variable"},"acf":[],"yoast_head":"<!-- This site is optimized with the Yoast SEO plugin v27.2 - https:\/\/yoast.com\/product\/yoast-seo-wordpress\/ -->\n<title>\u25b7 Mangueira el\u00e9ctrica H05VVV-F 4x1mm\u00b2 | Coelectrix.com<\/title>\n<meta name=\"description\" content=\"Cabo de alimenta\u00e7\u00e3o 4x1mm\u00b2 flex\u00edvel harmonizado H05VV-F | Desempenho m\u00e9dio e alta qualidade | Isolamento em PVC e bainha em PVC \u27a4 Melhor pre\u00e7o online.\" \/>\n<meta name=\"robots\" content=\"index, follow, max-snippet:-1, max-image-preview:large, max-video-preview:-1\" \/>\n<link rel=\"canonical\" href=\"https:\/\/coelectrix.com\/pt-pt\/produto\/mangueira-electrica-h05vv-f-4x1mm\u00b2\/mangueira-electrica-h05vv-f-4x1mm\u00b2\" \/>\n<meta property=\"og:locale\" content=\"pt_PT\" \/>\n<meta property=\"og:type\" content=\"article\" \/>\n<meta property=\"og:title\" content=\"\u25b7 Mangueira el\u00e9ctrica H05VVV-F 4x1mm\u00b2 | Coelectrix.com\" \/>\n<meta property=\"og:description\" content=\"Cabo de alimenta\u00e7\u00e3o 4x1mm\u00b2 flex\u00edvel harmonizado H05VV-F | Desempenho m\u00e9dio e alta qualidade | Isolamento em PVC e bainha em PVC \u27a4 Melhor pre\u00e7o online.\" \/>\n<meta property=\"og:url\" content=\"https:\/\/coelectrix.com\/pt-pt\/produto\/mangueira-electrica-h05vv-f-4x1mm\u00b2\/mangueira-electrica-h05vv-f-4x1mm\u00b2\" \/>\n<meta property=\"og:site_name\" content=\"Coelectrix\" \/>\n<meta property=\"article:modified_time\" content=\"2025-08-19T04:03:38+00:00\" \/>\n<meta property=\"og:image\" content=\"https:\/\/coelectrix.com\/wp-content\/uploads\/2021\/04\/manguera-4x1-1.jpg\" \/>\n\t<meta property=\"og:image:width\" content=\"800\" \/>\n\t<meta property=\"og:image:height\" content=\"600\" \/>\n\t<meta property=\"og:image:type\" content=\"image\/jpeg\" \/>\n<meta name=\"twitter:card\" content=\"summary_large_image\" \/>\n<meta name=\"twitter:label1\" content=\"Tempo estimado de leitura\" \/>\n\t<meta name=\"twitter:data1\" content=\"1 minuto\" \/>\n<script type=\"application\/ld+json\" class=\"yoast-schema-graph\">{\"@context\":\"https:\/\/schema.org\",\"@graph\":[{\"@type\":\"WebPage\",\"@id\":\"https:\/\/coelectrix.com\/pt-pt\/produto\/mangueira-electrica-h05vv-f-4x1mm%C2%B2\/mangueira-electrica-h05vv-f-4x1mm%C2%B2\",\"url\":\"https:\/\/coelectrix.com\/pt-pt\/produto\/mangueira-electrica-h05vv-f-4x1mm%C2%B2\/mangueira-electrica-h05vv-f-4x1mm%C2%B2\",\"name\":\"\u25b7 Mangueira el\u00e9ctrica H05VVV-F 4x1mm\u00b2 | Coelectrix.com\",\"isPartOf\":{\"@id\":\"https:\/\/coelectrix.com\/pt-pt\/#website\"},\"primaryImageOfPage\":{\"@id\":\"https:\/\/coelectrix.com\/pt-pt\/produto\/mangueira-electrica-h05vv-f-4x1mm%C2%B2\/mangueira-electrica-h05vv-f-4x1mm%C2%B2#primaryimage\"},\"image\":{\"@id\":\"https:\/\/coelectrix.com\/pt-pt\/produto\/mangueira-electrica-h05vv-f-4x1mm%C2%B2\/mangueira-electrica-h05vv-f-4x1mm%C2%B2#primaryimage\"},\"thumbnailUrl\":\"https:\/\/coelectrix.com\/wp-content\/uploads\/2021\/04\/manguera-4x1-1.jpg\",\"datePublished\":\"2021-04-25T15:35:51+00:00\",\"dateModified\":\"2025-08-19T04:03:38+00:00\",\"description\":\"Cabo de alimenta\u00e7\u00e3o 4x1mm\u00b2 flex\u00edvel harmonizado H05VV-F | Desempenho m\u00e9dio e alta qualidade | Isolamento em PVC e bainha em PVC \u27a4 Melhor pre\u00e7o online.\",\"breadcrumb\":{\"@id\":\"https:\/\/coelectrix.com\/pt-pt\/produto\/mangueira-electrica-h05vv-f-4x1mm%C2%B2\/mangueira-electrica-h05vv-f-4x1mm%C2%B2#breadcrumb\"},\"inLanguage\":\"pt-PT\",\"potentialAction\":[{\"@type\":\"ReadAction\",\"target\":[\"https:\/\/coelectrix.com\/pt-pt\/produto\/mangueira-electrica-h05vv-f-4x1mm%C2%B2\/mangueira-electrica-h05vv-f-4x1mm%C2%B2\"]}]},{\"@type\":\"ImageObject\",\"inLanguage\":\"pt-PT\",\"@id\":\"https:\/\/coelectrix.com\/pt-pt\/produto\/mangueira-electrica-h05vv-f-4x1mm%C2%B2\/mangueira-electrica-h05vv-f-4x1mm%C2%B2#primaryimage\",\"url\":\"https:\/\/coelectrix.com\/wp-content\/uploads\/2021\/04\/manguera-4x1-1.jpg\",\"contentUrl\":\"https:\/\/coelectrix.com\/wp-content\/uploads\/2021\/04\/manguera-4x1-1.jpg\",\"width\":800,\"height\":600,\"caption\":\"Mangueira el\u00e9ctrica H05VVV-F 4x1mm\u00b2\"},{\"@type\":\"BreadcrumbList\",\"@id\":\"https:\/\/coelectrix.com\/pt-pt\/produto\/mangueira-electrica-h05vv-f-4x1mm%C2%B2\/mangueira-electrica-h05vv-f-4x1mm%C2%B2#breadcrumb\",\"itemListElement\":[{\"@type\":\"ListItem\",\"position\":1,\"name\":\"Portada\",\"item\":\"https:\/\/coelectrix.com\/\"},{\"@type\":\"ListItem\",\"position\":2,\"name\":\"Loja\",\"item\":\"https:\/\/coelectrix.com\/pt-pt\/loja\"},{\"@type\":\"ListItem\",\"position\":3,\"name\":\"Mangueira el\u00e9ctrica H05VVV-F 4x1mm\u00b2\"}]},{\"@type\":\"WebSite\",\"@id\":\"https:\/\/coelectrix.com\/pt-pt\/#website\",\"url\":\"https:\/\/coelectrix.com\/pt-pt\/\",\"name\":\"Coelectrix\",\"description\":\"Componentes el\u00e9ctricos\",\"publisher\":{\"@id\":\"https:\/\/coelectrix.com\/pt-pt\/#organization\"},\"potentialAction\":[{\"@type\":\"SearchAction\",\"target\":{\"@type\":\"EntryPoint\",\"urlTemplate\":\"https:\/\/coelectrix.com\/pt-pt\/?s={search_term_string}\"},\"query-input\":{\"@type\":\"PropertyValueSpecification\",\"valueRequired\":true,\"valueName\":\"search_term_string\"}}],\"inLanguage\":\"pt-PT\"},{\"@type\":\"Organization\",\"@id\":\"https:\/\/coelectrix.com\/pt-pt\/#organization\",\"name\":\"coelectrix.com\",\"url\":\"https:\/\/coelectrix.com\/pt-pt\/\",\"logo\":{\"@type\":\"ImageObject\",\"inLanguage\":\"pt-PT\",\"@id\":\"https:\/\/coelectrix.com\/pt-pt\/#\/schema\/logo\/image\/\",\"url\":\"https:\/\/coelectrix.com\/wp-content\/uploads\/2018\/05\/logo-coelectrix-400x400.jpg\",\"contentUrl\":\"https:\/\/coelectrix.com\/wp-content\/uploads\/2018\/05\/logo-coelectrix-400x400.jpg\",\"width\":300,\"height\":300,\"caption\":\"coelectrix.com\"},\"image\":{\"@id\":\"https:\/\/coelectrix.com\/pt-pt\/#\/schema\/logo\/image\/\"}}]}<\/script>\n<!-- \/ Yoast SEO plugin. -->","yoast_head_json":{"title":"\u25b7 Mangueira el\u00e9ctrica H05VVV-F 4x1mm\u00b2 | Coelectrix.com","description":"Cabo de alimenta\u00e7\u00e3o 4x1mm\u00b2 flex\u00edvel harmonizado H05VV-F | Desempenho m\u00e9dio e alta qualidade | Isolamento em PVC e bainha em PVC \u27a4 Melhor pre\u00e7o online.","robots":{"index":"index","follow":"follow","max-snippet":"max-snippet:-1","max-image-preview":"max-image-preview:large","max-video-preview":"max-video-preview:-1"},"canonical":"https:\/\/coelectrix.com\/pt-pt\/produto\/mangueira-electrica-h05vv-f-4x1mm\u00b2\/mangueira-electrica-h05vv-f-4x1mm\u00b2","og_locale":"pt_PT","og_type":"article","og_title":"\u25b7 Mangueira el\u00e9ctrica H05VVV-F 4x1mm\u00b2 | Coelectrix.com","og_description":"Cabo de alimenta\u00e7\u00e3o 4x1mm\u00b2 flex\u00edvel harmonizado H05VV-F | Desempenho m\u00e9dio e alta qualidade | Isolamento em PVC e bainha em PVC \u27a4 Melhor pre\u00e7o online.","og_url":"https:\/\/coelectrix.com\/pt-pt\/produto\/mangueira-electrica-h05vv-f-4x1mm\u00b2\/mangueira-electrica-h05vv-f-4x1mm\u00b2","og_site_name":"Coelectrix","article_modified_time":"2025-08-19T04:03:38+00:00","og_image":[{"width":800,"height":600,"url":"https:\/\/coelectrix.com\/wp-content\/uploads\/2021\/04\/manguera-4x1-1.jpg","type":"image\/jpeg"}],"twitter_card":"summary_large_image","twitter_misc":{"Tempo estimado de leitura":"1 minuto"},"schema":{"@context":"https:\/\/schema.org","@graph":[{"@type":"WebPage","@id":"https:\/\/coelectrix.com\/pt-pt\/produto\/mangueira-electrica-h05vv-f-4x1mm%C2%B2\/mangueira-electrica-h05vv-f-4x1mm%C2%B2","url":"https:\/\/coelectrix.com\/pt-pt\/produto\/mangueira-electrica-h05vv-f-4x1mm%C2%B2\/mangueira-electrica-h05vv-f-4x1mm%C2%B2","name":"\u25b7 Mangueira el\u00e9ctrica H05VVV-F 4x1mm\u00b2 | Coelectrix.com","isPartOf":{"@id":"https:\/\/coelectrix.com\/pt-pt\/#website"},"primaryImageOfPage":{"@id":"https:\/\/coelectrix.com\/pt-pt\/produto\/mangueira-electrica-h05vv-f-4x1mm%C2%B2\/mangueira-electrica-h05vv-f-4x1mm%C2%B2#primaryimage"},"image":{"@id":"https:\/\/coelectrix.com\/pt-pt\/produto\/mangueira-electrica-h05vv-f-4x1mm%C2%B2\/mangueira-electrica-h05vv-f-4x1mm%C2%B2#primaryimage"},"thumbnailUrl":"https:\/\/coelectrix.com\/wp-content\/uploads\/2021\/04\/manguera-4x1-1.jpg","datePublished":"2021-04-25T15:35:51+00:00","dateModified":"2025-08-19T04:03:38+00:00","description":"Cabo de alimenta\u00e7\u00e3o 4x1mm\u00b2 flex\u00edvel harmonizado H05VV-F | Desempenho m\u00e9dio e alta qualidade | Isolamento em PVC e bainha em PVC \u27a4 Melhor pre\u00e7o online.","breadcrumb":{"@id":"https:\/\/coelectrix.com\/pt-pt\/produto\/mangueira-electrica-h05vv-f-4x1mm%C2%B2\/mangueira-electrica-h05vv-f-4x1mm%C2%B2#breadcrumb"},"inLanguage":"pt-PT","potentialAction":[{"@type":"ReadAction","target":["https:\/\/coelectrix.com\/pt-pt\/produto\/mangueira-electrica-h05vv-f-4x1mm%C2%B2\/mangueira-electrica-h05vv-f-4x1mm%C2%B2"]}]},{"@type":"ImageObject","inLanguage":"pt-PT","@id":"https:\/\/coelectrix.com\/pt-pt\/produto\/mangueira-electrica-h05vv-f-4x1mm%C2%B2\/mangueira-electrica-h05vv-f-4x1mm%C2%B2#primaryimage","url":"https:\/\/coelectrix.com\/wp-content\/uploads\/2021\/04\/manguera-4x1-1.jpg","contentUrl":"https:\/\/coelectrix.com\/wp-content\/uploads\/2021\/04\/manguera-4x1-1.jpg","width":800,"height":600,"caption":"Mangueira el\u00e9ctrica H05VVV-F 4x1mm\u00b2"},{"@type":"BreadcrumbList","@id":"https:\/\/coelectrix.com\/pt-pt\/produto\/mangueira-electrica-h05vv-f-4x1mm%C2%B2\/mangueira-electrica-h05vv-f-4x1mm%C2%B2#breadcrumb","itemListElement":[{"@type":"ListItem","position":1,"name":"Portada","item":"https:\/\/coelectrix.com\/"},{"@type":"ListItem","position":2,"name":"Loja","item":"https:\/\/coelectrix.com\/pt-pt\/loja"},{"@type":"ListItem","position":3,"name":"Mangueira el\u00e9ctrica H05VVV-F 4x1mm\u00b2"}]},{"@type":"WebSite","@id":"https:\/\/coelectrix.com\/pt-pt\/#website","url":"https:\/\/coelectrix.com\/pt-pt\/","name":"Coelectrix","description":"Componentes el\u00e9ctricos","publisher":{"@id":"https:\/\/coelectrix.com\/pt-pt\/#organization"},"potentialAction":[{"@type":"SearchAction","target":{"@type":"EntryPoint","urlTemplate":"https:\/\/coelectrix.com\/pt-pt\/?s={search_term_string}"},"query-input":{"@type":"PropertyValueSpecification","valueRequired":true,"valueName":"search_term_string"}}],"inLanguage":"pt-PT"},{"@type":"Organization","@id":"https:\/\/coelectrix.com\/pt-pt\/#organization","name":"coelectrix.com","url":"https:\/\/coelectrix.com\/pt-pt\/","logo":{"@type":"ImageObject","inLanguage":"pt-PT","@id":"https:\/\/coelectrix.com\/pt-pt\/#\/schema\/logo\/image\/","url":"https:\/\/coelectrix.com\/wp-content\/uploads\/2018\/05\/logo-coelectrix-400x400.jpg","contentUrl":"https:\/\/coelectrix.com\/wp-content\/uploads\/2018\/05\/logo-coelectrix-400x400.jpg","width":300,"height":300,"caption":"coelectrix.com"},"image":{"@id":"https:\/\/coelectrix.com\/pt-pt\/#\/schema\/logo\/image\/"}}]}},"_links":{"self":[{"href":"https:\/\/coelectrix.com\/pt-pt\/wp-json\/wp\/v2\/product\/75988","targetHints":{"allow":["GET"]}}],"collection":[{"href":"https:\/\/coelectrix.com\/pt-pt\/wp-json\/wp\/v2\/product"}],"about":[{"href":"https:\/\/coelectrix.com\/pt-pt\/wp-json\/wp\/v2\/types\/product"}],"version-history":[{"count":1,"href":"https:\/\/coelectrix.com\/pt-pt\/wp-json\/wp\/v2\/product\/75988\/revisions"}],"predecessor-version":[{"id":76771,"href":"https:\/\/coelectrix.com\/pt-pt\/wp-json\/wp\/v2\/product\/75988\/revisions\/76771"}],"wp:featuredmedia":[{"embeddable":true,"href":"https:\/\/coelectrix.com\/pt-pt\/wp-json\/wp\/v2\/media\/73517"}],"wp:attachment":[{"href":"https:\/\/coelectrix.com\/pt-pt\/wp-json\/wp\/v2\/media?parent=75988"}],"wp:term":[{"taxonomy":"product_brand","embeddable":true,"href":"https:\/\/coelectrix.com\/pt-pt\/wp-json\/wp\/v2\/product_brand?post=75988"},{"taxonomy":"product_cat","embeddable":true,"href":"https:\/\/coelectrix.com\/pt-pt\/wp-json\/wp\/v2\/product_cat?post=75988"},{"taxonomy":"product_tag","embeddable":true,"href":"https:\/\/coelectrix.com\/pt-pt\/wp-json\/wp\/v2\/product_tag?post=75988"}],"curies":[{"name":"wp","href":"https:\/\/api.w.org\/{rel}","templated":true}]}}