{"id":76024,"date":"2023-03-15T15:59:07","date_gmt":"2023-03-15T14:59:07","guid":{"rendered":"https:\/\/coelectrix.com\/producto\/celulas-de-painel-solar-flexivel-sunpower-15-2v-95w"},"modified":"2025-08-19T06:01:59","modified_gmt":"2025-08-19T04:01:59","slug":"celulas-de-painel-solar-flexivel-sunpower-15-2v-95w","status":"publish","type":"product","link":"https:\/\/coelectrix.com\/pt-pt\/produto\/solar-flexible-solar-cell-cell-panel-sunpower-15-2v-95w","title":{"rendered":"C\u00e9lulas de painel solar flex\u00edvel SunPower 15.2V 95W"},"content":{"rendered":"<h2><strong>Compre o seu painel solar flex\u00edvel SunPower 15.2V 95W c\u00e9lulas<\/strong><\/h2>\n<p><strong>C\u00c9LULAS DE ELEVADO DESEMPENHO: <\/strong><\/p>\n<p>As c\u00e9lulas Sunpower s\u00e3o 20-30% mais eficientes do que as c\u00e9lulas monocristalinas e t\u00eam a vantagem adicional de serem extremamente fi\u00e1veis.<\/p>\n<p><strong>INSTALA\u00c7\u00c3O MODULAR: <\/strong><\/p>\n<p>Estes pain\u00e9is solares podem ser colocados num bimini, fixados \u00e0 plataforma ou utilizados em instala\u00e7\u00f5es m\u00f3veis, gra\u00e7as \u00e0 sua espessura muito fina e peso reduzido Permite o recarregamento eficaz das baterias de energia solar.<\/p>\n<p>O revestimento em ETFE assegura uma transmiss\u00e3o \u00f3ptima da luz para as c\u00e9lulas e garante a durabilidade do m\u00f3dulo. A sua <strong>flexibilidade de 30%<\/strong> permite a instala\u00e7\u00e3o numa variedade de superf\u00edcies. Estes pain\u00e9is solares <strong>s\u00e3o resistentes ao tr\u00e1fego pedonal ocasional<\/strong> e podem ser colados ao telhado.<\/p>\n<p><strong>ETFE (etileno tetrafluoroetileno): <\/strong><\/p>\n<p>Este material comp\u00f3sito combinado com a qualidade de fabrico torna os pain\u00e9is extremamente robustos. N\u00e3o est\u00e3o sujeitos a delamina\u00e7\u00e3o, fissuras ou corros\u00e3o. Este revestimento assegura igualmente uma transmiss\u00e3o \u00f3ptima da luz, o que melhora o rendimento do painel solar. O ETFE \u00e9 utilizado h\u00e1 muitos anos em aplica\u00e7\u00f5es onde a durabilidade e a resist\u00eancia \u00e0 temperatura s\u00e3o uma prioridade.<\/p>\n<p>Todos os pain\u00e9is s\u00e3o serializados.<\/p>\n<p><strong><span style=\"color: #ff0000;\"><a style=\"color: #ff0000;\" href=\"https:\/\/coelectrix.com\/wp-content\/uploads\/2023\/03\/Panel-Solar-flexible-celulas-SunPower-15.2V-95W.pdf\" target=\"_blank\" rel=\"noopener\">Descarregar a ficha t\u00e9cnica <\/a><\/span><\/strong><\/p>\n","protected":false},"excerpt":{"rendered":"<p>Os pain\u00e9is <strong>flex\u00edveis<\/strong> de energia <strong>solar<\/strong> s\u00e3o feitos de c\u00e9lulas <strong>SunPower<\/strong> com uma efici\u00eancia de 19,6% &#8211; 24,8%. As c\u00e9lulas s\u00e3o incorporadas em pol\u00edmeros \u00fanicos e altamente resistentes que proporcionam for\u00e7a e durabilidade. S\u00e3o flex\u00edveis porque n\u00e3o utilizam vidro e s\u00e3o 8 vezes mais leves do que os seus hom\u00f3logos r\u00edgidos.<br \/>\nA superf\u00edcie de ETFE tem uma longa vida \u00fatil e um bom desempenho na absor\u00e7\u00e3o da luz solar.<\/p>\n<p>Tens\u00e3o Vmp: 15,4v<br \/>\nCorrente de impulso: 6.16A<br \/>\nTens\u00e3o Voc: 18.8v<br \/>\nCorrente Isc: 6,28A<br \/>\n<strong>Painel m\u00e9dio 95w 922x540x3mm.<br \/>\nPeso: 1,3Kg.<\/strong><\/p>\n","protected":false},"featured_media":74122,"template":"","meta":{"_acf_changed":false},"product_brand":[],"product_cat":[1341,1313],"product_tag":[1431],"class_list":{"0":"post-76024","1":"product","2":"type-product","3":"status-publish","4":"has-post-thumbnail","6":"product_cat-paineis-solares","7":"product_cat-paineis-solares-flexiveis","8":"product_tag-pumi-pt","10":"first","11":"onbackorder","12":"taxable","13":"shipping-taxable","14":"purchasable","15":"product-type-simple"},"acf":[],"yoast_head":"<!-- This site is optimized with the Yoast SEO plugin v27.2 - https:\/\/yoast.com\/product\/yoast-seo-wordpress\/ -->\n<title>\u25b7 C\u00e9lulas de Painel Solar Flex\u00edvel SunPower 15.2V 95W |% Coelectrix<\/title>\n<meta name=\"description\" content=\"Compre c\u00e9lulas flex\u00edveis do painel solar SunPower 15.2V 95W | Envio em 24\/48 horas | Loja online l\u00edder de eletr\u00f4nicos automotivos \u27a4 Melhor pre\u00e7o online.\" \/>\n<meta name=\"robots\" content=\"index, follow, max-snippet:-1, max-image-preview:large, max-video-preview:-1\" \/>\n<link rel=\"canonical\" href=\"https:\/\/coelectrix.com\/pt-pt\/produto\/solar-flexible-solar-cell-cell-panel-sunpower-15-2v-95w\" \/>\n<meta property=\"og:locale\" content=\"pt_PT\" \/>\n<meta property=\"og:type\" content=\"article\" \/>\n<meta property=\"og:title\" content=\"\u25b7 C\u00e9lulas de Painel Solar Flex\u00edvel SunPower 15.2V 95W |% Coelectrix\" \/>\n<meta property=\"og:description\" content=\"Compre c\u00e9lulas flex\u00edveis do painel solar SunPower 15.2V 95W | Envio em 24\/48 horas | Loja online l\u00edder de eletr\u00f4nicos automotivos \u27a4 Melhor pre\u00e7o online.\" \/>\n<meta property=\"og:url\" content=\"https:\/\/coelectrix.com\/pt-pt\/produto\/solar-flexible-solar-cell-cell-panel-sunpower-15-2v-95w\" \/>\n<meta property=\"og:site_name\" content=\"Coelectrix\" \/>\n<meta property=\"article:modified_time\" content=\"2025-08-19T04:01:59+00:00\" \/>\n<meta property=\"og:image\" content=\"https:\/\/coelectrix.com\/wp-content\/uploads\/2023\/03\/panel-solar-flexible-sunpower.jpg\" \/>\n\t<meta property=\"og:image:width\" content=\"600\" \/>\n\t<meta property=\"og:image:height\" content=\"600\" \/>\n\t<meta property=\"og:image:type\" content=\"image\/jpeg\" \/>\n<meta name=\"twitter:card\" content=\"summary_large_image\" \/>\n<meta name=\"twitter:label1\" content=\"Tempo estimado de leitura\" \/>\n\t<meta name=\"twitter:data1\" content=\"1 minuto\" \/>\n<script type=\"application\/ld+json\" class=\"yoast-schema-graph\">{\"@context\":\"https:\/\/schema.org\",\"@graph\":[{\"@type\":\"WebPage\",\"@id\":\"https:\/\/coelectrix.com\/pt-pt\/produto\/solar-flexible-solar-cell-cell-panel-sunpower-15-2v-95w\",\"url\":\"https:\/\/coelectrix.com\/pt-pt\/produto\/solar-flexible-solar-cell-cell-panel-sunpower-15-2v-95w\",\"name\":\"\u25b7 C\u00e9lulas de Painel Solar Flex\u00edvel SunPower 15.2V 95W |% Coelectrix\",\"isPartOf\":{\"@id\":\"https:\/\/coelectrix.com\/pt-pt\/#website\"},\"primaryImageOfPage\":{\"@id\":\"https:\/\/coelectrix.com\/pt-pt\/produto\/solar-flexible-solar-cell-cell-panel-sunpower-15-2v-95w#primaryimage\"},\"image\":{\"@id\":\"https:\/\/coelectrix.com\/pt-pt\/produto\/solar-flexible-solar-cell-cell-panel-sunpower-15-2v-95w#primaryimage\"},\"thumbnailUrl\":\"https:\/\/coelectrix.com\/wp-content\/uploads\/2023\/03\/panel-solar-flexible-sunpower.jpg\",\"datePublished\":\"2023-03-15T14:59:07+00:00\",\"dateModified\":\"2025-08-19T04:01:59+00:00\",\"description\":\"Compre c\u00e9lulas flex\u00edveis do painel solar SunPower 15.2V 95W | Envio em 24\/48 horas | Loja online l\u00edder de eletr\u00f4nicos automotivos \u27a4 Melhor pre\u00e7o online.\",\"breadcrumb\":{\"@id\":\"https:\/\/coelectrix.com\/pt-pt\/produto\/solar-flexible-solar-cell-cell-panel-sunpower-15-2v-95w#breadcrumb\"},\"inLanguage\":\"pt-PT\",\"potentialAction\":[{\"@type\":\"ReadAction\",\"target\":[\"https:\/\/coelectrix.com\/pt-pt\/produto\/solar-flexible-solar-cell-cell-panel-sunpower-15-2v-95w\"]}]},{\"@type\":\"ImageObject\",\"inLanguage\":\"pt-PT\",\"@id\":\"https:\/\/coelectrix.com\/pt-pt\/produto\/solar-flexible-solar-cell-cell-panel-sunpower-15-2v-95w#primaryimage\",\"url\":\"https:\/\/coelectrix.com\/wp-content\/uploads\/2023\/03\/panel-solar-flexible-sunpower.jpg\",\"contentUrl\":\"https:\/\/coelectrix.com\/wp-content\/uploads\/2023\/03\/panel-solar-flexible-sunpower.jpg\",\"width\":600,\"height\":600,\"caption\":\"comprar painel solar flex\u00edvel sunpower 95w\"},{\"@type\":\"BreadcrumbList\",\"@id\":\"https:\/\/coelectrix.com\/pt-pt\/produto\/solar-flexible-solar-cell-cell-panel-sunpower-15-2v-95w#breadcrumb\",\"itemListElement\":[{\"@type\":\"ListItem\",\"position\":1,\"name\":\"Portada\",\"item\":\"https:\/\/coelectrix.com\/\"},{\"@type\":\"ListItem\",\"position\":2,\"name\":\"Loja\",\"item\":\"https:\/\/coelectrix.com\/pt-pt\/loja\"},{\"@type\":\"ListItem\",\"position\":3,\"name\":\"C\u00e9lulas de painel solar flex\u00edvel SunPower 15.2V 95W\"}]},{\"@type\":\"WebSite\",\"@id\":\"https:\/\/coelectrix.com\/pt-pt\/#website\",\"url\":\"https:\/\/coelectrix.com\/pt-pt\/\",\"name\":\"Coelectrix\",\"description\":\"Componentes el\u00e9ctricos\",\"publisher\":{\"@id\":\"https:\/\/coelectrix.com\/pt-pt\/#organization\"},\"potentialAction\":[{\"@type\":\"SearchAction\",\"target\":{\"@type\":\"EntryPoint\",\"urlTemplate\":\"https:\/\/coelectrix.com\/pt-pt\/?s={search_term_string}\"},\"query-input\":{\"@type\":\"PropertyValueSpecification\",\"valueRequired\":true,\"valueName\":\"search_term_string\"}}],\"inLanguage\":\"pt-PT\"},{\"@type\":\"Organization\",\"@id\":\"https:\/\/coelectrix.com\/pt-pt\/#organization\",\"name\":\"coelectrix.com\",\"url\":\"https:\/\/coelectrix.com\/pt-pt\/\",\"logo\":{\"@type\":\"ImageObject\",\"inLanguage\":\"pt-PT\",\"@id\":\"https:\/\/coelectrix.com\/pt-pt\/#\/schema\/logo\/image\/\",\"url\":\"https:\/\/coelectrix.com\/wp-content\/uploads\/2018\/05\/logo-coelectrix-400x400.jpg\",\"contentUrl\":\"https:\/\/coelectrix.com\/wp-content\/uploads\/2018\/05\/logo-coelectrix-400x400.jpg\",\"width\":300,\"height\":300,\"caption\":\"coelectrix.com\"},\"image\":{\"@id\":\"https:\/\/coelectrix.com\/pt-pt\/#\/schema\/logo\/image\/\"}}]}<\/script>\n<!-- \/ Yoast SEO plugin. -->","yoast_head_json":{"title":"\u25b7 C\u00e9lulas de Painel Solar Flex\u00edvel SunPower 15.2V 95W |% Coelectrix","description":"Compre c\u00e9lulas flex\u00edveis do painel solar SunPower 15.2V 95W | Envio em 24\/48 horas | Loja online l\u00edder de eletr\u00f4nicos automotivos \u27a4 Melhor pre\u00e7o online.","robots":{"index":"index","follow":"follow","max-snippet":"max-snippet:-1","max-image-preview":"max-image-preview:large","max-video-preview":"max-video-preview:-1"},"canonical":"https:\/\/coelectrix.com\/pt-pt\/produto\/solar-flexible-solar-cell-cell-panel-sunpower-15-2v-95w","og_locale":"pt_PT","og_type":"article","og_title":"\u25b7 C\u00e9lulas de Painel Solar Flex\u00edvel SunPower 15.2V 95W |% Coelectrix","og_description":"Compre c\u00e9lulas flex\u00edveis do painel solar SunPower 15.2V 95W | Envio em 24\/48 horas | Loja online l\u00edder de eletr\u00f4nicos automotivos \u27a4 Melhor pre\u00e7o online.","og_url":"https:\/\/coelectrix.com\/pt-pt\/produto\/solar-flexible-solar-cell-cell-panel-sunpower-15-2v-95w","og_site_name":"Coelectrix","article_modified_time":"2025-08-19T04:01:59+00:00","og_image":[{"width":600,"height":600,"url":"https:\/\/coelectrix.com\/wp-content\/uploads\/2023\/03\/panel-solar-flexible-sunpower.jpg","type":"image\/jpeg"}],"twitter_card":"summary_large_image","twitter_misc":{"Tempo estimado de leitura":"1 minuto"},"schema":{"@context":"https:\/\/schema.org","@graph":[{"@type":"WebPage","@id":"https:\/\/coelectrix.com\/pt-pt\/produto\/solar-flexible-solar-cell-cell-panel-sunpower-15-2v-95w","url":"https:\/\/coelectrix.com\/pt-pt\/produto\/solar-flexible-solar-cell-cell-panel-sunpower-15-2v-95w","name":"\u25b7 C\u00e9lulas de Painel Solar Flex\u00edvel SunPower 15.2V 95W |% Coelectrix","isPartOf":{"@id":"https:\/\/coelectrix.com\/pt-pt\/#website"},"primaryImageOfPage":{"@id":"https:\/\/coelectrix.com\/pt-pt\/produto\/solar-flexible-solar-cell-cell-panel-sunpower-15-2v-95w#primaryimage"},"image":{"@id":"https:\/\/coelectrix.com\/pt-pt\/produto\/solar-flexible-solar-cell-cell-panel-sunpower-15-2v-95w#primaryimage"},"thumbnailUrl":"https:\/\/coelectrix.com\/wp-content\/uploads\/2023\/03\/panel-solar-flexible-sunpower.jpg","datePublished":"2023-03-15T14:59:07+00:00","dateModified":"2025-08-19T04:01:59+00:00","description":"Compre c\u00e9lulas flex\u00edveis do painel solar SunPower 15.2V 95W | Envio em 24\/48 horas | Loja online l\u00edder de eletr\u00f4nicos automotivos \u27a4 Melhor pre\u00e7o online.","breadcrumb":{"@id":"https:\/\/coelectrix.com\/pt-pt\/produto\/solar-flexible-solar-cell-cell-panel-sunpower-15-2v-95w#breadcrumb"},"inLanguage":"pt-PT","potentialAction":[{"@type":"ReadAction","target":["https:\/\/coelectrix.com\/pt-pt\/produto\/solar-flexible-solar-cell-cell-panel-sunpower-15-2v-95w"]}]},{"@type":"ImageObject","inLanguage":"pt-PT","@id":"https:\/\/coelectrix.com\/pt-pt\/produto\/solar-flexible-solar-cell-cell-panel-sunpower-15-2v-95w#primaryimage","url":"https:\/\/coelectrix.com\/wp-content\/uploads\/2023\/03\/panel-solar-flexible-sunpower.jpg","contentUrl":"https:\/\/coelectrix.com\/wp-content\/uploads\/2023\/03\/panel-solar-flexible-sunpower.jpg","width":600,"height":600,"caption":"comprar painel solar flex\u00edvel sunpower 95w"},{"@type":"BreadcrumbList","@id":"https:\/\/coelectrix.com\/pt-pt\/produto\/solar-flexible-solar-cell-cell-panel-sunpower-15-2v-95w#breadcrumb","itemListElement":[{"@type":"ListItem","position":1,"name":"Portada","item":"https:\/\/coelectrix.com\/"},{"@type":"ListItem","position":2,"name":"Loja","item":"https:\/\/coelectrix.com\/pt-pt\/loja"},{"@type":"ListItem","position":3,"name":"C\u00e9lulas de painel solar flex\u00edvel SunPower 15.2V 95W"}]},{"@type":"WebSite","@id":"https:\/\/coelectrix.com\/pt-pt\/#website","url":"https:\/\/coelectrix.com\/pt-pt\/","name":"Coelectrix","description":"Componentes el\u00e9ctricos","publisher":{"@id":"https:\/\/coelectrix.com\/pt-pt\/#organization"},"potentialAction":[{"@type":"SearchAction","target":{"@type":"EntryPoint","urlTemplate":"https:\/\/coelectrix.com\/pt-pt\/?s={search_term_string}"},"query-input":{"@type":"PropertyValueSpecification","valueRequired":true,"valueName":"search_term_string"}}],"inLanguage":"pt-PT"},{"@type":"Organization","@id":"https:\/\/coelectrix.com\/pt-pt\/#organization","name":"coelectrix.com","url":"https:\/\/coelectrix.com\/pt-pt\/","logo":{"@type":"ImageObject","inLanguage":"pt-PT","@id":"https:\/\/coelectrix.com\/pt-pt\/#\/schema\/logo\/image\/","url":"https:\/\/coelectrix.com\/wp-content\/uploads\/2018\/05\/logo-coelectrix-400x400.jpg","contentUrl":"https:\/\/coelectrix.com\/wp-content\/uploads\/2018\/05\/logo-coelectrix-400x400.jpg","width":300,"height":300,"caption":"coelectrix.com"},"image":{"@id":"https:\/\/coelectrix.com\/pt-pt\/#\/schema\/logo\/image\/"}}]}},"_links":{"self":[{"href":"https:\/\/coelectrix.com\/pt-pt\/wp-json\/wp\/v2\/product\/76024","targetHints":{"allow":["GET"]}}],"collection":[{"href":"https:\/\/coelectrix.com\/pt-pt\/wp-json\/wp\/v2\/product"}],"about":[{"href":"https:\/\/coelectrix.com\/pt-pt\/wp-json\/wp\/v2\/types\/product"}],"version-history":[{"count":1,"href":"https:\/\/coelectrix.com\/pt-pt\/wp-json\/wp\/v2\/product\/76024\/revisions"}],"predecessor-version":[{"id":76672,"href":"https:\/\/coelectrix.com\/pt-pt\/wp-json\/wp\/v2\/product\/76024\/revisions\/76672"}],"wp:featuredmedia":[{"embeddable":true,"href":"https:\/\/coelectrix.com\/pt-pt\/wp-json\/wp\/v2\/media\/74122"}],"wp:attachment":[{"href":"https:\/\/coelectrix.com\/pt-pt\/wp-json\/wp\/v2\/media?parent=76024"}],"wp:term":[{"taxonomy":"product_brand","embeddable":true,"href":"https:\/\/coelectrix.com\/pt-pt\/wp-json\/wp\/v2\/product_brand?post=76024"},{"taxonomy":"product_cat","embeddable":true,"href":"https:\/\/coelectrix.com\/pt-pt\/wp-json\/wp\/v2\/product_cat?post=76024"},{"taxonomy":"product_tag","embeddable":true,"href":"https:\/\/coelectrix.com\/pt-pt\/wp-json\/wp\/v2\/product_tag?post=76024"}],"curies":[{"name":"wp","href":"https:\/\/api.w.org\/{rel}","templated":true}]}}