{"id":76036,"date":"2023-01-21T11:08:27","date_gmt":"2023-01-21T10:08:27","guid":{"rendered":"https:\/\/coelectrix.com\/producto\/painel-solar-monocristalino-185w-12v-victron-energy-serie-4a"},"modified":"2026-04-13T17:58:50","modified_gmt":"2026-04-13T15:58:50","slug":"painel-solar-monocristalino-185w-12v-victron-energy-serie-4a","status":"publish","type":"product","link":"https:\/\/coelectrix.com\/pt-pt\/produto\/painel-solar-monocristalino-185w-12v-victron-energy-series-4a","title":{"rendered":"Painel Solar Monocristalino 185W\/12V Victron Energy S\u00c9RIE 4A"},"content":{"rendered":"<h2><strong>Painel Solar Monocristalino 185W\/12V Victron Energy S\u00c9RIE 4A<\/strong><\/h2>\n<p>Painel Solar R\u00edgido Monocristalino 185W 12V da Victron. Montado numa estrutura de alum\u00ednio galvanizado, com sistema de liga\u00e7\u00e3o r\u00e1pida pr\u00e9-cablado com conectores MC4.<\/p>\n<ul>\n<li>O baixo coeficiente tens\u00e3o-temperatura melhora o funcionamento a temperaturas elevadas.<\/li>\n<li>Desempenho excecional com pouca luz e elevada sensibilidade \u00e0 luz em todo o espetro solar.<\/li>\n<li>Garantia de 25 anos para fornecimento de energia e desempenho.<\/li>\n<li>Garantia de 2 anos para materiais e m\u00e3o de obra.<\/li>\n<li>A caixa de jun\u00e7\u00e3o selada, estanque e multifuncional proporciona elevados n\u00edveis de seguran\u00e7a.<\/li>\n<li>Os d\u00edodos de bypass de elevado desempenho minimizam as quedas de pot\u00eancia causadas pela sombra.<\/li>\n<li>O avan\u00e7ado sistema de encapsulamento em EVA (etileno acetato de vinilo) com folhas traseiras de camada tripla cumpre os requisitos mais exigentes para o funcionamento em alta tens\u00e3o.<\/li>\n<li>O vidro temperado de alta qualidade e alta transmiss\u00e3o proporciona maior dureza e resist\u00eancia ao impacto.<\/li>\n<li>Sistema de liga\u00e7\u00e3o r\u00e1pida pr\u00e9-cablado com conectores MC4 (PV-ST01).<\/li>\n<\/ul>\n<p><a href=\"https:\/\/coelectrix.com\/wp-content\/uploads\/2024\/08\/Datasheet-BlueSolar-Monocrystalline-Panels-ES-3.pdf\" target=\"_blank\" rel=\"noopener\">Ficha t\u00e9cnica do painel monocristalino Victron Energy 185w<\/a><\/p>\n","protected":false},"excerpt":{"rendered":"<p>Painel solar r\u00edgido monocristalino de 185W 12V da Victron. Montado numa estrutura de alum\u00ednio galvanizado, com sistema de liga\u00e7\u00e3o r\u00e1pida pr\u00e9-cablado com conectores MC4.<\/p>\n<ul>\n<li>Dimens\u00f5es do painel: 1485x668x30mm<\/li>\n<li>Tens\u00e3o de pot\u00eancia m\u00e1xima (Vmpp): 19,68v<\/li>\n<li>Tens\u00e3o de circuito aberto (Voc): 24,11v<\/li>\n<li>Corrente de curto-circuito (Isc): 9,91A<\/li>\n<li>Pot\u00eancia nominal (Pmpp): 185w<\/li>\n<li>Corrente de pot\u00eancia m\u00e1x. Impp: 9,41A<\/li>\n<\/ul>\n","protected":false},"featured_media":74079,"template":"","meta":{"_acf_changed":false},"product_brand":[],"product_cat":[1341,1314,1338],"product_tag":[1445],"class_list":{"0":"post-76036","1":"product","2":"type-product","3":"status-publish","4":"has-post-thumbnail","6":"product_cat-paineis-solares","7":"product_cat-paineis-solares-monocristalinos","8":"product_cat-victron-energia","9":"product_tag-victron-pt","10":"product_shipping_class-paineis-solares","12":"first","13":"instock","14":"taxable","15":"shipping-taxable","16":"purchasable","17":"product-type-simple"},"acf":[],"yoast_head":"<!-- This site is optimized with the Yoast SEO plugin v27.2 - https:\/\/yoast.com\/product\/yoast-seo-wordpress\/ -->\n<title>\u25b7 Painel Solar Monocristalino 185W\/12V Victron Energy S\u00c9RIE 4A | Coelectrix.com<\/title>\n<meta name=\"description\" content=\"Painel solar Victron Energy Series 4 185w r\u00edgido 185w montado numa estrutura de alum\u00ednio. Dimens\u00f5es do painel 3X148,5X66,8CM\" \/>\n<meta name=\"robots\" content=\"index, follow, max-snippet:-1, max-image-preview:large, max-video-preview:-1\" \/>\n<link rel=\"canonical\" href=\"https:\/\/coelectrix.com\/pt-pt\/produto\/painel-solar-monocristalino-185w-12v-victron-energy-series-4a\" \/>\n<meta property=\"og:locale\" content=\"pt_PT\" \/>\n<meta property=\"og:type\" content=\"article\" \/>\n<meta property=\"og:title\" content=\"\u25b7 Painel Solar Monocristalino 185W\/12V Victron Energy S\u00c9RIE 4A | Coelectrix.com\" \/>\n<meta property=\"og:description\" content=\"Painel solar Victron Energy Series 4 185w r\u00edgido 185w montado numa estrutura de alum\u00ednio. Dimens\u00f5es do painel 3X148,5X66,8CM\" \/>\n<meta property=\"og:url\" content=\"https:\/\/coelectrix.com\/pt-pt\/produto\/painel-solar-monocristalino-185w-12v-victron-energy-series-4a\" \/>\n<meta property=\"og:site_name\" content=\"Coelectrix\" \/>\n<meta property=\"article:modified_time\" content=\"2026-04-13T15:58:50+00:00\" \/>\n<meta property=\"og:image\" content=\"https:\/\/coelectrix.com\/wp-content\/uploads\/2023\/01\/PANEL-SOLAR-VICTRON-ENERGY-140W-MONOCRISTALINO.jpg\" \/>\n\t<meta property=\"og:image:width\" content=\"600\" \/>\n\t<meta property=\"og:image:height\" content=\"600\" \/>\n\t<meta property=\"og:image:type\" content=\"image\/jpeg\" \/>\n<meta name=\"twitter:card\" content=\"summary_large_image\" \/>\n<meta name=\"twitter:label1\" content=\"Tempo estimado de leitura\" \/>\n\t<meta name=\"twitter:data1\" content=\"1 minuto\" \/>\n<script type=\"application\/ld+json\" class=\"yoast-schema-graph\">{\"@context\":\"https:\/\/schema.org\",\"@graph\":[{\"@type\":\"WebPage\",\"@id\":\"https:\/\/coelectrix.com\/pt-pt\/produto\/painel-solar-monocristalino-185w-12v-victron-energy-series-4a\",\"url\":\"https:\/\/coelectrix.com\/pt-pt\/produto\/painel-solar-monocristalino-185w-12v-victron-energy-series-4a\",\"name\":\"\u25b7 Painel Solar Monocristalino 185W\/12V Victron Energy S\u00c9RIE 4A | Coelectrix.com\",\"isPartOf\":{\"@id\":\"https:\/\/coelectrix.com\/pt-pt\/#website\"},\"primaryImageOfPage\":{\"@id\":\"https:\/\/coelectrix.com\/pt-pt\/produto\/painel-solar-monocristalino-185w-12v-victron-energy-series-4a#primaryimage\"},\"image\":{\"@id\":\"https:\/\/coelectrix.com\/pt-pt\/produto\/painel-solar-monocristalino-185w-12v-victron-energy-series-4a#primaryimage\"},\"thumbnailUrl\":\"https:\/\/coelectrix.com\/wp-content\/uploads\/2023\/01\/PANEL-SOLAR-VICTRON-ENERGY-140W-MONOCRISTALINO.jpg\",\"datePublished\":\"2023-01-21T10:08:27+00:00\",\"dateModified\":\"2026-04-13T15:58:50+00:00\",\"description\":\"Painel solar Victron Energy Series 4 185w r\u00edgido 185w montado numa estrutura de alum\u00ednio. Dimens\u00f5es do painel 3X148,5X66,8CM\",\"breadcrumb\":{\"@id\":\"https:\/\/coelectrix.com\/pt-pt\/produto\/painel-solar-monocristalino-185w-12v-victron-energy-series-4a#breadcrumb\"},\"inLanguage\":\"pt-PT\",\"potentialAction\":[{\"@type\":\"ReadAction\",\"target\":[\"https:\/\/coelectrix.com\/pt-pt\/produto\/painel-solar-monocristalino-185w-12v-victron-energy-series-4a\"]}]},{\"@type\":\"ImageObject\",\"inLanguage\":\"pt-PT\",\"@id\":\"https:\/\/coelectrix.com\/pt-pt\/produto\/painel-solar-monocristalino-185w-12v-victron-energy-series-4a#primaryimage\",\"url\":\"https:\/\/coelectrix.com\/wp-content\/uploads\/2023\/01\/PANEL-SOLAR-VICTRON-ENERGY-140W-MONOCRISTALINO.jpg\",\"contentUrl\":\"https:\/\/coelectrix.com\/wp-content\/uploads\/2023\/01\/PANEL-SOLAR-VICTRON-ENERGY-140W-MONOCRISTALINO.jpg\",\"width\":600,\"height\":600,\"caption\":\"comprar painel solar monocristalino victron energy 140w\"},{\"@type\":\"BreadcrumbList\",\"@id\":\"https:\/\/coelectrix.com\/pt-pt\/produto\/painel-solar-monocristalino-185w-12v-victron-energy-series-4a#breadcrumb\",\"itemListElement\":[{\"@type\":\"ListItem\",\"position\":1,\"name\":\"Portada\",\"item\":\"https:\/\/coelectrix.com\/\"},{\"@type\":\"ListItem\",\"position\":2,\"name\":\"Loja\",\"item\":\"https:\/\/coelectrix.com\/pt-pt\/loja\"},{\"@type\":\"ListItem\",\"position\":3,\"name\":\"Painel Solar Monocristalino 185W\/12V Victron Energy S\u00c9RIE 4A\"}]},{\"@type\":\"WebSite\",\"@id\":\"https:\/\/coelectrix.com\/pt-pt\/#website\",\"url\":\"https:\/\/coelectrix.com\/pt-pt\/\",\"name\":\"Coelectrix\",\"description\":\"Componentes el\u00e9ctricos\",\"publisher\":{\"@id\":\"https:\/\/coelectrix.com\/pt-pt\/#organization\"},\"potentialAction\":[{\"@type\":\"SearchAction\",\"target\":{\"@type\":\"EntryPoint\",\"urlTemplate\":\"https:\/\/coelectrix.com\/pt-pt\/?s={search_term_string}\"},\"query-input\":{\"@type\":\"PropertyValueSpecification\",\"valueRequired\":true,\"valueName\":\"search_term_string\"}}],\"inLanguage\":\"pt-PT\"},{\"@type\":\"Organization\",\"@id\":\"https:\/\/coelectrix.com\/pt-pt\/#organization\",\"name\":\"coelectrix.com\",\"url\":\"https:\/\/coelectrix.com\/pt-pt\/\",\"logo\":{\"@type\":\"ImageObject\",\"inLanguage\":\"pt-PT\",\"@id\":\"https:\/\/coelectrix.com\/pt-pt\/#\/schema\/logo\/image\/\",\"url\":\"https:\/\/coelectrix.com\/wp-content\/uploads\/2018\/05\/logo-coelectrix-400x400.jpg\",\"contentUrl\":\"https:\/\/coelectrix.com\/wp-content\/uploads\/2018\/05\/logo-coelectrix-400x400.jpg\",\"width\":300,\"height\":300,\"caption\":\"coelectrix.com\"},\"image\":{\"@id\":\"https:\/\/coelectrix.com\/pt-pt\/#\/schema\/logo\/image\/\"}}]}<\/script>\n<!-- \/ Yoast SEO plugin. -->","yoast_head_json":{"title":"\u25b7 Painel Solar Monocristalino 185W\/12V Victron Energy S\u00c9RIE 4A | Coelectrix.com","description":"Painel solar Victron Energy Series 4 185w r\u00edgido 185w montado numa estrutura de alum\u00ednio. Dimens\u00f5es do painel 3X148,5X66,8CM","robots":{"index":"index","follow":"follow","max-snippet":"max-snippet:-1","max-image-preview":"max-image-preview:large","max-video-preview":"max-video-preview:-1"},"canonical":"https:\/\/coelectrix.com\/pt-pt\/produto\/painel-solar-monocristalino-185w-12v-victron-energy-series-4a","og_locale":"pt_PT","og_type":"article","og_title":"\u25b7 Painel Solar Monocristalino 185W\/12V Victron Energy S\u00c9RIE 4A | Coelectrix.com","og_description":"Painel solar Victron Energy Series 4 185w r\u00edgido 185w montado numa estrutura de alum\u00ednio. Dimens\u00f5es do painel 3X148,5X66,8CM","og_url":"https:\/\/coelectrix.com\/pt-pt\/produto\/painel-solar-monocristalino-185w-12v-victron-energy-series-4a","og_site_name":"Coelectrix","article_modified_time":"2026-04-13T15:58:50+00:00","og_image":[{"width":600,"height":600,"url":"https:\/\/coelectrix.com\/wp-content\/uploads\/2023\/01\/PANEL-SOLAR-VICTRON-ENERGY-140W-MONOCRISTALINO.jpg","type":"image\/jpeg"}],"twitter_card":"summary_large_image","twitter_misc":{"Tempo estimado de leitura":"1 minuto"},"schema":{"@context":"https:\/\/schema.org","@graph":[{"@type":"WebPage","@id":"https:\/\/coelectrix.com\/pt-pt\/produto\/painel-solar-monocristalino-185w-12v-victron-energy-series-4a","url":"https:\/\/coelectrix.com\/pt-pt\/produto\/painel-solar-monocristalino-185w-12v-victron-energy-series-4a","name":"\u25b7 Painel Solar Monocristalino 185W\/12V Victron Energy S\u00c9RIE 4A | Coelectrix.com","isPartOf":{"@id":"https:\/\/coelectrix.com\/pt-pt\/#website"},"primaryImageOfPage":{"@id":"https:\/\/coelectrix.com\/pt-pt\/produto\/painel-solar-monocristalino-185w-12v-victron-energy-series-4a#primaryimage"},"image":{"@id":"https:\/\/coelectrix.com\/pt-pt\/produto\/painel-solar-monocristalino-185w-12v-victron-energy-series-4a#primaryimage"},"thumbnailUrl":"https:\/\/coelectrix.com\/wp-content\/uploads\/2023\/01\/PANEL-SOLAR-VICTRON-ENERGY-140W-MONOCRISTALINO.jpg","datePublished":"2023-01-21T10:08:27+00:00","dateModified":"2026-04-13T15:58:50+00:00","description":"Painel solar Victron Energy Series 4 185w r\u00edgido 185w montado numa estrutura de alum\u00ednio. Dimens\u00f5es do painel 3X148,5X66,8CM","breadcrumb":{"@id":"https:\/\/coelectrix.com\/pt-pt\/produto\/painel-solar-monocristalino-185w-12v-victron-energy-series-4a#breadcrumb"},"inLanguage":"pt-PT","potentialAction":[{"@type":"ReadAction","target":["https:\/\/coelectrix.com\/pt-pt\/produto\/painel-solar-monocristalino-185w-12v-victron-energy-series-4a"]}]},{"@type":"ImageObject","inLanguage":"pt-PT","@id":"https:\/\/coelectrix.com\/pt-pt\/produto\/painel-solar-monocristalino-185w-12v-victron-energy-series-4a#primaryimage","url":"https:\/\/coelectrix.com\/wp-content\/uploads\/2023\/01\/PANEL-SOLAR-VICTRON-ENERGY-140W-MONOCRISTALINO.jpg","contentUrl":"https:\/\/coelectrix.com\/wp-content\/uploads\/2023\/01\/PANEL-SOLAR-VICTRON-ENERGY-140W-MONOCRISTALINO.jpg","width":600,"height":600,"caption":"comprar painel solar monocristalino victron energy 140w"},{"@type":"BreadcrumbList","@id":"https:\/\/coelectrix.com\/pt-pt\/produto\/painel-solar-monocristalino-185w-12v-victron-energy-series-4a#breadcrumb","itemListElement":[{"@type":"ListItem","position":1,"name":"Portada","item":"https:\/\/coelectrix.com\/"},{"@type":"ListItem","position":2,"name":"Loja","item":"https:\/\/coelectrix.com\/pt-pt\/loja"},{"@type":"ListItem","position":3,"name":"Painel Solar Monocristalino 185W\/12V Victron Energy S\u00c9RIE 4A"}]},{"@type":"WebSite","@id":"https:\/\/coelectrix.com\/pt-pt\/#website","url":"https:\/\/coelectrix.com\/pt-pt\/","name":"Coelectrix","description":"Componentes el\u00e9ctricos","publisher":{"@id":"https:\/\/coelectrix.com\/pt-pt\/#organization"},"potentialAction":[{"@type":"SearchAction","target":{"@type":"EntryPoint","urlTemplate":"https:\/\/coelectrix.com\/pt-pt\/?s={search_term_string}"},"query-input":{"@type":"PropertyValueSpecification","valueRequired":true,"valueName":"search_term_string"}}],"inLanguage":"pt-PT"},{"@type":"Organization","@id":"https:\/\/coelectrix.com\/pt-pt\/#organization","name":"coelectrix.com","url":"https:\/\/coelectrix.com\/pt-pt\/","logo":{"@type":"ImageObject","inLanguage":"pt-PT","@id":"https:\/\/coelectrix.com\/pt-pt\/#\/schema\/logo\/image\/","url":"https:\/\/coelectrix.com\/wp-content\/uploads\/2018\/05\/logo-coelectrix-400x400.jpg","contentUrl":"https:\/\/coelectrix.com\/wp-content\/uploads\/2018\/05\/logo-coelectrix-400x400.jpg","width":300,"height":300,"caption":"coelectrix.com"},"image":{"@id":"https:\/\/coelectrix.com\/pt-pt\/#\/schema\/logo\/image\/"}}]}},"_links":{"self":[{"href":"https:\/\/coelectrix.com\/pt-pt\/wp-json\/wp\/v2\/product\/76036","targetHints":{"allow":["GET"]}}],"collection":[{"href":"https:\/\/coelectrix.com\/pt-pt\/wp-json\/wp\/v2\/product"}],"about":[{"href":"https:\/\/coelectrix.com\/pt-pt\/wp-json\/wp\/v2\/types\/product"}],"version-history":[{"count":1,"href":"https:\/\/coelectrix.com\/pt-pt\/wp-json\/wp\/v2\/product\/76036\/revisions"}],"predecessor-version":[{"id":76693,"href":"https:\/\/coelectrix.com\/pt-pt\/wp-json\/wp\/v2\/product\/76036\/revisions\/76693"}],"wp:featuredmedia":[{"embeddable":true,"href":"https:\/\/coelectrix.com\/pt-pt\/wp-json\/wp\/v2\/media\/74079"}],"wp:attachment":[{"href":"https:\/\/coelectrix.com\/pt-pt\/wp-json\/wp\/v2\/media?parent=76036"}],"wp:term":[{"taxonomy":"product_brand","embeddable":true,"href":"https:\/\/coelectrix.com\/pt-pt\/wp-json\/wp\/v2\/product_brand?post=76036"},{"taxonomy":"product_cat","embeddable":true,"href":"https:\/\/coelectrix.com\/pt-pt\/wp-json\/wp\/v2\/product_cat?post=76036"},{"taxonomy":"product_tag","embeddable":true,"href":"https:\/\/coelectrix.com\/pt-pt\/wp-json\/wp\/v2\/product_tag?post=76036"}],"curies":[{"name":"wp","href":"https:\/\/api.w.org\/{rel}","templated":true}]}}