{"id":76042,"date":"2020-08-28T07:59:55","date_gmt":"2020-08-28T05:59:55","guid":{"rendered":"https:\/\/coelectrix.com\/producto\/28x28mm-flange-adesiva-28x28mm"},"modified":"2025-08-19T06:04:08","modified_gmt":"2025-08-19T04:04:08","slug":"28x28mm-flange-adesiva-28x28mm","status":"publish","type":"product","link":"https:\/\/coelectrix.com\/pt-pt\/produto\/adesivo-de-encaixe-28x28mm-2","title":{"rendered":"28x28mm Flange adesiva 28x28mm"},"content":{"rendered":"<p>Flange adesiva de nylon com adesivo 3M<\/p>\n<p>Concebidas para fixar abra\u00e7adeiras com cabos leves, devem ser aplicadas em superf\u00edcies limpas, planas, sem gordura, etc.<br \/>\nem superf\u00edcies limpas, planas, sem gordura, etc. Para uma maior resist\u00eancia, podem ser fixadas adicionalmente por meio de parafusos em alguns casos.<\/p>\n<p>Dimens\u00f5es: 28x28mm<br \/>\nPara bra\u00e7adeiras de cabos at\u00e9 5 mm<\/p>\n","protected":false},"excerpt":{"rendered":"<p>Autocolantes adesivos de 28x28mm<\/p>\n<p>Para flanges at\u00e9 5mm.<\/p>\n<p>Material: Nylon 66<\/p>\n<p>Dispon\u00edvel nas cores Banco ou Preto<\/p>\n<p><strong>Pre\u00e7o para 25 ou 100 unidades.<\/strong><\/p>\n","protected":false},"featured_media":72962,"template":"","meta":{"_acf_changed":false},"product_brand":[],"product_cat":[1315,1343],"product_tag":[],"class_list":{"0":"post-76042","1":"product","2":"type-product","3":"status-publish","4":"has-post-thumbnail","6":"product_cat-flipchart-adesivo","7":"product_cat-prensa-cabos-abracadeiras-abracadeiras-abracadeiras","9":"first","10":"instock","11":"taxable","12":"shipping-taxable","13":"purchasable","14":"product-type-variable"},"acf":[],"yoast_head":"<!-- This site is optimized with the Yoast SEO plugin v27.2 - https:\/\/yoast.com\/product\/yoast-seo-wordpress\/ -->\n<title>\u25b7 28x28mm Flange adesiva 28x28mm | Coelectrix.com<\/title>\n<meta name=\"description\" content=\"Anilha adesiva para flanges at\u00e9 5 mm. Pode ser aparafusado para maior seguran\u00e7a. Dimens\u00f5es 28x28mm.\" \/>\n<meta name=\"robots\" content=\"index, follow, max-snippet:-1, max-image-preview:large, max-video-preview:-1\" \/>\n<link rel=\"canonical\" href=\"https:\/\/coelectrix.com\/pt-pt\/produto\/adesivo-de-encaixe-28x28mm-2\" \/>\n<meta property=\"og:locale\" content=\"pt_PT\" \/>\n<meta property=\"og:type\" content=\"article\" \/>\n<meta property=\"og:title\" content=\"\u25b7 28x28mm Flange adesiva 28x28mm | Coelectrix.com\" \/>\n<meta property=\"og:description\" content=\"Anilha adesiva para flanges at\u00e9 5 mm. Pode ser aparafusado para maior seguran\u00e7a. Dimens\u00f5es 28x28mm.\" \/>\n<meta property=\"og:url\" content=\"https:\/\/coelectrix.com\/pt-pt\/produto\/adesivo-de-encaixe-28x28mm-2\" \/>\n<meta property=\"og:site_name\" content=\"Coelectrix\" \/>\n<meta property=\"article:modified_time\" content=\"2025-08-19T04:04:08+00:00\" \/>\n<meta property=\"og:image\" content=\"https:\/\/coelectrix.com\/wp-content\/uploads\/2019\/04\/soporte-de-bridas.jpg\" \/>\n\t<meta property=\"og:image:width\" content=\"800\" \/>\n\t<meta property=\"og:image:height\" content=\"800\" \/>\n\t<meta property=\"og:image:type\" content=\"image\/jpeg\" \/>\n<meta name=\"twitter:card\" content=\"summary_large_image\" \/>\n<script type=\"application\/ld+json\" class=\"yoast-schema-graph\">{\"@context\":\"https:\/\/schema.org\",\"@graph\":[{\"@type\":\"WebPage\",\"@id\":\"https:\/\/coelectrix.com\/pt-pt\/produto\/adesivo-de-encaixe-28x28mm-2\",\"url\":\"https:\/\/coelectrix.com\/pt-pt\/produto\/adesivo-de-encaixe-28x28mm-2\",\"name\":\"\u25b7 28x28mm Flange adesiva 28x28mm | Coelectrix.com\",\"isPartOf\":{\"@id\":\"https:\/\/coelectrix.com\/pt-pt\/#website\"},\"primaryImageOfPage\":{\"@id\":\"https:\/\/coelectrix.com\/pt-pt\/produto\/adesivo-de-encaixe-28x28mm-2#primaryimage\"},\"image\":{\"@id\":\"https:\/\/coelectrix.com\/pt-pt\/produto\/adesivo-de-encaixe-28x28mm-2#primaryimage\"},\"thumbnailUrl\":\"https:\/\/coelectrix.com\/wp-content\/uploads\/2019\/04\/soporte-de-bridas.jpg\",\"datePublished\":\"2020-08-28T05:59:55+00:00\",\"dateModified\":\"2025-08-19T04:04:08+00:00\",\"description\":\"Anilha adesiva para flanges at\u00e9 5 mm. Pode ser aparafusado para maior seguran\u00e7a. Dimens\u00f5es 28x28mm.\",\"breadcrumb\":{\"@id\":\"https:\/\/coelectrix.com\/pt-pt\/produto\/adesivo-de-encaixe-28x28mm-2#breadcrumb\"},\"inLanguage\":\"pt-PT\",\"potentialAction\":[{\"@type\":\"ReadAction\",\"target\":[\"https:\/\/coelectrix.com\/pt-pt\/produto\/adesivo-de-encaixe-28x28mm-2\"]}]},{\"@type\":\"ImageObject\",\"inLanguage\":\"pt-PT\",\"@id\":\"https:\/\/coelectrix.com\/pt-pt\/produto\/adesivo-de-encaixe-28x28mm-2#primaryimage\",\"url\":\"https:\/\/coelectrix.com\/wp-content\/uploads\/2019\/04\/soporte-de-bridas.jpg\",\"contentUrl\":\"https:\/\/coelectrix.com\/wp-content\/uploads\/2019\/04\/soporte-de-bridas.jpg\",\"width\":800,\"height\":800},{\"@type\":\"BreadcrumbList\",\"@id\":\"https:\/\/coelectrix.com\/pt-pt\/produto\/adesivo-de-encaixe-28x28mm-2#breadcrumb\",\"itemListElement\":[{\"@type\":\"ListItem\",\"position\":1,\"name\":\"Portada\",\"item\":\"https:\/\/coelectrix.com\/\"},{\"@type\":\"ListItem\",\"position\":2,\"name\":\"Loja\",\"item\":\"https:\/\/coelectrix.com\/pt-pt\/loja\"},{\"@type\":\"ListItem\",\"position\":3,\"name\":\"28x28mm Flange adesiva 28x28mm\"}]},{\"@type\":\"WebSite\",\"@id\":\"https:\/\/coelectrix.com\/pt-pt\/#website\",\"url\":\"https:\/\/coelectrix.com\/pt-pt\/\",\"name\":\"Coelectrix\",\"description\":\"Componentes el\u00e9ctricos\",\"publisher\":{\"@id\":\"https:\/\/coelectrix.com\/pt-pt\/#organization\"},\"potentialAction\":[{\"@type\":\"SearchAction\",\"target\":{\"@type\":\"EntryPoint\",\"urlTemplate\":\"https:\/\/coelectrix.com\/pt-pt\/?s={search_term_string}\"},\"query-input\":{\"@type\":\"PropertyValueSpecification\",\"valueRequired\":true,\"valueName\":\"search_term_string\"}}],\"inLanguage\":\"pt-PT\"},{\"@type\":\"Organization\",\"@id\":\"https:\/\/coelectrix.com\/pt-pt\/#organization\",\"name\":\"coelectrix.com\",\"url\":\"https:\/\/coelectrix.com\/pt-pt\/\",\"logo\":{\"@type\":\"ImageObject\",\"inLanguage\":\"pt-PT\",\"@id\":\"https:\/\/coelectrix.com\/pt-pt\/#\/schema\/logo\/image\/\",\"url\":\"https:\/\/coelectrix.com\/wp-content\/uploads\/2018\/05\/logo-coelectrix-400x400.jpg\",\"contentUrl\":\"https:\/\/coelectrix.com\/wp-content\/uploads\/2018\/05\/logo-coelectrix-400x400.jpg\",\"width\":300,\"height\":300,\"caption\":\"coelectrix.com\"},\"image\":{\"@id\":\"https:\/\/coelectrix.com\/pt-pt\/#\/schema\/logo\/image\/\"}}]}<\/script>\n<!-- \/ Yoast SEO plugin. -->","yoast_head_json":{"title":"\u25b7 28x28mm Flange adesiva 28x28mm | Coelectrix.com","description":"Anilha adesiva para flanges at\u00e9 5 mm. Pode ser aparafusado para maior seguran\u00e7a. Dimens\u00f5es 28x28mm.","robots":{"index":"index","follow":"follow","max-snippet":"max-snippet:-1","max-image-preview":"max-image-preview:large","max-video-preview":"max-video-preview:-1"},"canonical":"https:\/\/coelectrix.com\/pt-pt\/produto\/adesivo-de-encaixe-28x28mm-2","og_locale":"pt_PT","og_type":"article","og_title":"\u25b7 28x28mm Flange adesiva 28x28mm | Coelectrix.com","og_description":"Anilha adesiva para flanges at\u00e9 5 mm. Pode ser aparafusado para maior seguran\u00e7a. Dimens\u00f5es 28x28mm.","og_url":"https:\/\/coelectrix.com\/pt-pt\/produto\/adesivo-de-encaixe-28x28mm-2","og_site_name":"Coelectrix","article_modified_time":"2025-08-19T04:04:08+00:00","og_image":[{"width":800,"height":800,"url":"https:\/\/coelectrix.com\/wp-content\/uploads\/2019\/04\/soporte-de-bridas.jpg","type":"image\/jpeg"}],"twitter_card":"summary_large_image","schema":{"@context":"https:\/\/schema.org","@graph":[{"@type":"WebPage","@id":"https:\/\/coelectrix.com\/pt-pt\/produto\/adesivo-de-encaixe-28x28mm-2","url":"https:\/\/coelectrix.com\/pt-pt\/produto\/adesivo-de-encaixe-28x28mm-2","name":"\u25b7 28x28mm Flange adesiva 28x28mm | Coelectrix.com","isPartOf":{"@id":"https:\/\/coelectrix.com\/pt-pt\/#website"},"primaryImageOfPage":{"@id":"https:\/\/coelectrix.com\/pt-pt\/produto\/adesivo-de-encaixe-28x28mm-2#primaryimage"},"image":{"@id":"https:\/\/coelectrix.com\/pt-pt\/produto\/adesivo-de-encaixe-28x28mm-2#primaryimage"},"thumbnailUrl":"https:\/\/coelectrix.com\/wp-content\/uploads\/2019\/04\/soporte-de-bridas.jpg","datePublished":"2020-08-28T05:59:55+00:00","dateModified":"2025-08-19T04:04:08+00:00","description":"Anilha adesiva para flanges at\u00e9 5 mm. Pode ser aparafusado para maior seguran\u00e7a. Dimens\u00f5es 28x28mm.","breadcrumb":{"@id":"https:\/\/coelectrix.com\/pt-pt\/produto\/adesivo-de-encaixe-28x28mm-2#breadcrumb"},"inLanguage":"pt-PT","potentialAction":[{"@type":"ReadAction","target":["https:\/\/coelectrix.com\/pt-pt\/produto\/adesivo-de-encaixe-28x28mm-2"]}]},{"@type":"ImageObject","inLanguage":"pt-PT","@id":"https:\/\/coelectrix.com\/pt-pt\/produto\/adesivo-de-encaixe-28x28mm-2#primaryimage","url":"https:\/\/coelectrix.com\/wp-content\/uploads\/2019\/04\/soporte-de-bridas.jpg","contentUrl":"https:\/\/coelectrix.com\/wp-content\/uploads\/2019\/04\/soporte-de-bridas.jpg","width":800,"height":800},{"@type":"BreadcrumbList","@id":"https:\/\/coelectrix.com\/pt-pt\/produto\/adesivo-de-encaixe-28x28mm-2#breadcrumb","itemListElement":[{"@type":"ListItem","position":1,"name":"Portada","item":"https:\/\/coelectrix.com\/"},{"@type":"ListItem","position":2,"name":"Loja","item":"https:\/\/coelectrix.com\/pt-pt\/loja"},{"@type":"ListItem","position":3,"name":"28x28mm Flange adesiva 28x28mm"}]},{"@type":"WebSite","@id":"https:\/\/coelectrix.com\/pt-pt\/#website","url":"https:\/\/coelectrix.com\/pt-pt\/","name":"Coelectrix","description":"Componentes el\u00e9ctricos","publisher":{"@id":"https:\/\/coelectrix.com\/pt-pt\/#organization"},"potentialAction":[{"@type":"SearchAction","target":{"@type":"EntryPoint","urlTemplate":"https:\/\/coelectrix.com\/pt-pt\/?s={search_term_string}"},"query-input":{"@type":"PropertyValueSpecification","valueRequired":true,"valueName":"search_term_string"}}],"inLanguage":"pt-PT"},{"@type":"Organization","@id":"https:\/\/coelectrix.com\/pt-pt\/#organization","name":"coelectrix.com","url":"https:\/\/coelectrix.com\/pt-pt\/","logo":{"@type":"ImageObject","inLanguage":"pt-PT","@id":"https:\/\/coelectrix.com\/pt-pt\/#\/schema\/logo\/image\/","url":"https:\/\/coelectrix.com\/wp-content\/uploads\/2018\/05\/logo-coelectrix-400x400.jpg","contentUrl":"https:\/\/coelectrix.com\/wp-content\/uploads\/2018\/05\/logo-coelectrix-400x400.jpg","width":300,"height":300,"caption":"coelectrix.com"},"image":{"@id":"https:\/\/coelectrix.com\/pt-pt\/#\/schema\/logo\/image\/"}}]}},"_links":{"self":[{"href":"https:\/\/coelectrix.com\/pt-pt\/wp-json\/wp\/v2\/product\/76042","targetHints":{"allow":["GET"]}}],"collection":[{"href":"https:\/\/coelectrix.com\/pt-pt\/wp-json\/wp\/v2\/product"}],"about":[{"href":"https:\/\/coelectrix.com\/pt-pt\/wp-json\/wp\/v2\/types\/product"}],"version-history":[{"count":1,"href":"https:\/\/coelectrix.com\/pt-pt\/wp-json\/wp\/v2\/product\/76042\/revisions"}],"predecessor-version":[{"id":76791,"href":"https:\/\/coelectrix.com\/pt-pt\/wp-json\/wp\/v2\/product\/76042\/revisions\/76791"}],"wp:featuredmedia":[{"embeddable":true,"href":"https:\/\/coelectrix.com\/pt-pt\/wp-json\/wp\/v2\/media\/72962"}],"wp:attachment":[{"href":"https:\/\/coelectrix.com\/pt-pt\/wp-json\/wp\/v2\/media?parent=76042"}],"wp:term":[{"taxonomy":"product_brand","embeddable":true,"href":"https:\/\/coelectrix.com\/pt-pt\/wp-json\/wp\/v2\/product_brand?post=76042"},{"taxonomy":"product_cat","embeddable":true,"href":"https:\/\/coelectrix.com\/pt-pt\/wp-json\/wp\/v2\/product_cat?post=76042"},{"taxonomy":"product_tag","embeddable":true,"href":"https:\/\/coelectrix.com\/pt-pt\/wp-json\/wp\/v2\/product_tag?post=76042"}],"curies":[{"name":"wp","href":"https:\/\/api.w.org\/{rel}","templated":true}]}}