{"id":76057,"date":"2020-03-22T09:12:11","date_gmt":"2020-03-22T08:12:11","guid":{"rendered":"https:\/\/coelectrix.com\/producto\/passa-cabos-pressurizados-10-unidades"},"modified":"2025-08-19T06:04:12","modified_gmt":"2025-08-19T04:04:12","slug":"passa-cabos-pressurizados-10-unidades","status":"publish","type":"product","link":"https:\/\/coelectrix.com\/pt-pt\/produto\/cabo-passa-atraves-da-pressao-10-unidades","title":{"rendered":"Passa-cabos pressurizados (10 unidades)"},"content":{"rendered":"<h1>Passa-cabos de encaixe<\/h1>\n<p>Para prote\u00e7\u00e3o e isolamento de cabos no chassis e nos bordos dos orif\u00edcios.<\/p>\n<p>F\u00e1cil de instalar com uma simples press\u00e3o manual.<\/p>\n<p>Para espessuras de chassis de 0,8 a 3,2 mm.<\/p>\n<p>Material: Nylon 66<\/p>\n<p><img fetchpriority=\"high\" decoding=\"async\" class=\" wp-image-25317 aligncenter\" src=\"https:\/\/coelectrix.com\/wp-content\/uploads\/2020\/03\/pasacables-nylon-medidas-300x300.jpg\" alt=\"\" width=\"415\" height=\"415\" srcset=\"https:\/\/coelectrix.com\/wp-content\/uploads\/2020\/03\/pasacables-nylon-medidas-300x300.jpg 300w, https:\/\/coelectrix.com\/wp-content\/uploads\/2020\/03\/pasacables-nylon-medidas-196x196.jpg 196w, https:\/\/coelectrix.com\/wp-content\/uploads\/2020\/03\/pasacables-nylon-medidas-100x100.jpg 100w, https:\/\/coelectrix.com\/wp-content\/uploads\/2020\/03\/pasacables-nylon-medidas-416x416.jpg 416w, https:\/\/coelectrix.com\/wp-content\/uploads\/2020\/03\/pasacables-nylon-medidas-64x64.jpg 64w, https:\/\/coelectrix.com\/wp-content\/uploads\/2020\/03\/pasacables-nylon-medidas-150x150.jpg 150w, https:\/\/coelectrix.com\/wp-content\/uploads\/2020\/03\/pasacables-nylon-medidas-768x768.jpg 768w, https:\/\/coelectrix.com\/wp-content\/uploads\/2020\/03\/pasacables-nylon-medidas.jpg 800w\" sizes=\"(max-width: 415px) 100vw, 415px\" \/><\/p>\n","protected":false},"excerpt":{"rendered":"<p>Passa-cabos de nylon para a prote\u00e7\u00e3o dos cabos no chassis e nos rebordos dos orif\u00edcios.<br \/>\nInstala\u00e7\u00e3o f\u00e1cil com um simples empurr\u00e3o.<\/p>\n<p>O pre\u00e7o \u00e9 para 10 unidades.<\/p>\n<p>Pode escolher o tamanho pretendido no menu pendente, pode ver os tamanhos equivalentes na descri\u00e7\u00e3o do produto.<\/p>\n","protected":false},"featured_media":73284,"template":"","meta":{"_acf_changed":false},"product_brand":[],"product_cat":[1316,1343],"product_tag":[],"class_list":{"0":"post-76057","1":"product","2":"type-product","3":"status-publish","4":"has-post-thumbnail","6":"product_cat-passa-cabos-de-nylon","7":"product_cat-prensa-cabos-abracadeiras-abracadeiras-abracadeiras","9":"first","10":"instock","11":"taxable","12":"shipping-taxable","13":"purchasable","14":"product-type-variable"},"acf":[],"yoast_head":"<!-- This site is optimized with the Yoast SEO plugin v27.2 - https:\/\/yoast.com\/product\/yoast-seo-wordpress\/ -->\n<title>\u25b7 Passa-cabos pressurizados (10 unidades) | Coelectrix.com<\/title>\n<meta name=\"description\" content=\"Passa-cabos de encaixePara a prote\u00e7\u00e3o e isolamento dos cabos no chassis e nos rebordos dos orif\u00edcios, f\u00e1cil de instalar com um simples empurr\u00e3o.\" \/>\n<meta name=\"robots\" content=\"index, follow, max-snippet:-1, max-image-preview:large, max-video-preview:-1\" \/>\n<link rel=\"canonical\" href=\"https:\/\/coelectrix.com\/pt-pt\/produto\/cabo-passa-atraves-da-pressao-10-unidades\" \/>\n<meta property=\"og:locale\" content=\"pt_PT\" \/>\n<meta property=\"og:type\" content=\"article\" \/>\n<meta property=\"og:title\" content=\"\u25b7 Passa-cabos pressurizados (10 unidades) | Coelectrix.com\" \/>\n<meta property=\"og:description\" content=\"Passa-cabos de encaixePara a prote\u00e7\u00e3o e isolamento dos cabos no chassis e nos rebordos dos orif\u00edcios, f\u00e1cil de instalar com um simples empurr\u00e3o.\" \/>\n<meta property=\"og:url\" content=\"https:\/\/coelectrix.com\/pt-pt\/produto\/cabo-passa-atraves-da-pressao-10-unidades\" \/>\n<meta property=\"og:site_name\" content=\"Coelectrix\" \/>\n<meta property=\"article:modified_time\" content=\"2025-08-19T04:04:12+00:00\" \/>\n<meta property=\"og:image\" content=\"https:\/\/coelectrix.com\/wp-content\/uploads\/2020\/03\/pasacables-nylon-para-chasis.jpg\" \/>\n\t<meta property=\"og:image:width\" content=\"800\" \/>\n\t<meta property=\"og:image:height\" content=\"800\" \/>\n\t<meta property=\"og:image:type\" content=\"image\/jpeg\" \/>\n<meta name=\"twitter:card\" content=\"summary_large_image\" \/>\n<script type=\"application\/ld+json\" class=\"yoast-schema-graph\">{\"@context\":\"https:\/\/schema.org\",\"@graph\":[{\"@type\":\"WebPage\",\"@id\":\"https:\/\/coelectrix.com\/pt-pt\/produto\/cabo-passa-atraves-da-pressao-10-unidades\",\"url\":\"https:\/\/coelectrix.com\/pt-pt\/produto\/cabo-passa-atraves-da-pressao-10-unidades\",\"name\":\"\u25b7 Passa-cabos pressurizados (10 unidades) | Coelectrix.com\",\"isPartOf\":{\"@id\":\"https:\/\/coelectrix.com\/pt-pt\/#website\"},\"primaryImageOfPage\":{\"@id\":\"https:\/\/coelectrix.com\/pt-pt\/produto\/cabo-passa-atraves-da-pressao-10-unidades#primaryimage\"},\"image\":{\"@id\":\"https:\/\/coelectrix.com\/pt-pt\/produto\/cabo-passa-atraves-da-pressao-10-unidades#primaryimage\"},\"thumbnailUrl\":\"https:\/\/coelectrix.com\/wp-content\/uploads\/2020\/03\/pasacables-nylon-para-chasis.jpg\",\"datePublished\":\"2020-03-22T08:12:11+00:00\",\"dateModified\":\"2025-08-19T04:04:12+00:00\",\"description\":\"Passa-cabos de encaixePara a prote\u00e7\u00e3o e isolamento dos cabos no chassis e nos rebordos dos orif\u00edcios, f\u00e1cil de instalar com um simples empurr\u00e3o.\",\"breadcrumb\":{\"@id\":\"https:\/\/coelectrix.com\/pt-pt\/produto\/cabo-passa-atraves-da-pressao-10-unidades#breadcrumb\"},\"inLanguage\":\"pt-PT\",\"potentialAction\":[{\"@type\":\"ReadAction\",\"target\":[\"https:\/\/coelectrix.com\/pt-pt\/produto\/cabo-passa-atraves-da-pressao-10-unidades\"]}]},{\"@type\":\"ImageObject\",\"inLanguage\":\"pt-PT\",\"@id\":\"https:\/\/coelectrix.com\/pt-pt\/produto\/cabo-passa-atraves-da-pressao-10-unidades#primaryimage\",\"url\":\"https:\/\/coelectrix.com\/wp-content\/uploads\/2020\/03\/pasacables-nylon-para-chasis.jpg\",\"contentUrl\":\"https:\/\/coelectrix.com\/wp-content\/uploads\/2020\/03\/pasacables-nylon-para-chasis.jpg\",\"width\":800,\"height\":800,\"caption\":\"ilh\u00f3s de press\u00e3o\"},{\"@type\":\"BreadcrumbList\",\"@id\":\"https:\/\/coelectrix.com\/pt-pt\/produto\/cabo-passa-atraves-da-pressao-10-unidades#breadcrumb\",\"itemListElement\":[{\"@type\":\"ListItem\",\"position\":1,\"name\":\"Portada\",\"item\":\"https:\/\/coelectrix.com\/\"},{\"@type\":\"ListItem\",\"position\":2,\"name\":\"Loja\",\"item\":\"https:\/\/coelectrix.com\/pt-pt\/loja\"},{\"@type\":\"ListItem\",\"position\":3,\"name\":\"Passa-cabos pressurizados (10 unidades)\"}]},{\"@type\":\"WebSite\",\"@id\":\"https:\/\/coelectrix.com\/pt-pt\/#website\",\"url\":\"https:\/\/coelectrix.com\/pt-pt\/\",\"name\":\"Coelectrix\",\"description\":\"Componentes el\u00e9ctricos\",\"publisher\":{\"@id\":\"https:\/\/coelectrix.com\/pt-pt\/#organization\"},\"potentialAction\":[{\"@type\":\"SearchAction\",\"target\":{\"@type\":\"EntryPoint\",\"urlTemplate\":\"https:\/\/coelectrix.com\/pt-pt\/?s={search_term_string}\"},\"query-input\":{\"@type\":\"PropertyValueSpecification\",\"valueRequired\":true,\"valueName\":\"search_term_string\"}}],\"inLanguage\":\"pt-PT\"},{\"@type\":\"Organization\",\"@id\":\"https:\/\/coelectrix.com\/pt-pt\/#organization\",\"name\":\"coelectrix.com\",\"url\":\"https:\/\/coelectrix.com\/pt-pt\/\",\"logo\":{\"@type\":\"ImageObject\",\"inLanguage\":\"pt-PT\",\"@id\":\"https:\/\/coelectrix.com\/pt-pt\/#\/schema\/logo\/image\/\",\"url\":\"https:\/\/coelectrix.com\/wp-content\/uploads\/2018\/05\/logo-coelectrix-400x400.jpg\",\"contentUrl\":\"https:\/\/coelectrix.com\/wp-content\/uploads\/2018\/05\/logo-coelectrix-400x400.jpg\",\"width\":300,\"height\":300,\"caption\":\"coelectrix.com\"},\"image\":{\"@id\":\"https:\/\/coelectrix.com\/pt-pt\/#\/schema\/logo\/image\/\"}}]}<\/script>\n<!-- \/ Yoast SEO plugin. -->","yoast_head_json":{"title":"\u25b7 Passa-cabos pressurizados (10 unidades) | Coelectrix.com","description":"Passa-cabos de encaixePara a prote\u00e7\u00e3o e isolamento dos cabos no chassis e nos rebordos dos orif\u00edcios, f\u00e1cil de instalar com um simples empurr\u00e3o.","robots":{"index":"index","follow":"follow","max-snippet":"max-snippet:-1","max-image-preview":"max-image-preview:large","max-video-preview":"max-video-preview:-1"},"canonical":"https:\/\/coelectrix.com\/pt-pt\/produto\/cabo-passa-atraves-da-pressao-10-unidades","og_locale":"pt_PT","og_type":"article","og_title":"\u25b7 Passa-cabos pressurizados (10 unidades) | Coelectrix.com","og_description":"Passa-cabos de encaixePara a prote\u00e7\u00e3o e isolamento dos cabos no chassis e nos rebordos dos orif\u00edcios, f\u00e1cil de instalar com um simples empurr\u00e3o.","og_url":"https:\/\/coelectrix.com\/pt-pt\/produto\/cabo-passa-atraves-da-pressao-10-unidades","og_site_name":"Coelectrix","article_modified_time":"2025-08-19T04:04:12+00:00","og_image":[{"width":800,"height":800,"url":"https:\/\/coelectrix.com\/wp-content\/uploads\/2020\/03\/pasacables-nylon-para-chasis.jpg","type":"image\/jpeg"}],"twitter_card":"summary_large_image","schema":{"@context":"https:\/\/schema.org","@graph":[{"@type":"WebPage","@id":"https:\/\/coelectrix.com\/pt-pt\/produto\/cabo-passa-atraves-da-pressao-10-unidades","url":"https:\/\/coelectrix.com\/pt-pt\/produto\/cabo-passa-atraves-da-pressao-10-unidades","name":"\u25b7 Passa-cabos pressurizados (10 unidades) | Coelectrix.com","isPartOf":{"@id":"https:\/\/coelectrix.com\/pt-pt\/#website"},"primaryImageOfPage":{"@id":"https:\/\/coelectrix.com\/pt-pt\/produto\/cabo-passa-atraves-da-pressao-10-unidades#primaryimage"},"image":{"@id":"https:\/\/coelectrix.com\/pt-pt\/produto\/cabo-passa-atraves-da-pressao-10-unidades#primaryimage"},"thumbnailUrl":"https:\/\/coelectrix.com\/wp-content\/uploads\/2020\/03\/pasacables-nylon-para-chasis.jpg","datePublished":"2020-03-22T08:12:11+00:00","dateModified":"2025-08-19T04:04:12+00:00","description":"Passa-cabos de encaixePara a prote\u00e7\u00e3o e isolamento dos cabos no chassis e nos rebordos dos orif\u00edcios, f\u00e1cil de instalar com um simples empurr\u00e3o.","breadcrumb":{"@id":"https:\/\/coelectrix.com\/pt-pt\/produto\/cabo-passa-atraves-da-pressao-10-unidades#breadcrumb"},"inLanguage":"pt-PT","potentialAction":[{"@type":"ReadAction","target":["https:\/\/coelectrix.com\/pt-pt\/produto\/cabo-passa-atraves-da-pressao-10-unidades"]}]},{"@type":"ImageObject","inLanguage":"pt-PT","@id":"https:\/\/coelectrix.com\/pt-pt\/produto\/cabo-passa-atraves-da-pressao-10-unidades#primaryimage","url":"https:\/\/coelectrix.com\/wp-content\/uploads\/2020\/03\/pasacables-nylon-para-chasis.jpg","contentUrl":"https:\/\/coelectrix.com\/wp-content\/uploads\/2020\/03\/pasacables-nylon-para-chasis.jpg","width":800,"height":800,"caption":"ilh\u00f3s de press\u00e3o"},{"@type":"BreadcrumbList","@id":"https:\/\/coelectrix.com\/pt-pt\/produto\/cabo-passa-atraves-da-pressao-10-unidades#breadcrumb","itemListElement":[{"@type":"ListItem","position":1,"name":"Portada","item":"https:\/\/coelectrix.com\/"},{"@type":"ListItem","position":2,"name":"Loja","item":"https:\/\/coelectrix.com\/pt-pt\/loja"},{"@type":"ListItem","position":3,"name":"Passa-cabos pressurizados (10 unidades)"}]},{"@type":"WebSite","@id":"https:\/\/coelectrix.com\/pt-pt\/#website","url":"https:\/\/coelectrix.com\/pt-pt\/","name":"Coelectrix","description":"Componentes el\u00e9ctricos","publisher":{"@id":"https:\/\/coelectrix.com\/pt-pt\/#organization"},"potentialAction":[{"@type":"SearchAction","target":{"@type":"EntryPoint","urlTemplate":"https:\/\/coelectrix.com\/pt-pt\/?s={search_term_string}"},"query-input":{"@type":"PropertyValueSpecification","valueRequired":true,"valueName":"search_term_string"}}],"inLanguage":"pt-PT"},{"@type":"Organization","@id":"https:\/\/coelectrix.com\/pt-pt\/#organization","name":"coelectrix.com","url":"https:\/\/coelectrix.com\/pt-pt\/","logo":{"@type":"ImageObject","inLanguage":"pt-PT","@id":"https:\/\/coelectrix.com\/pt-pt\/#\/schema\/logo\/image\/","url":"https:\/\/coelectrix.com\/wp-content\/uploads\/2018\/05\/logo-coelectrix-400x400.jpg","contentUrl":"https:\/\/coelectrix.com\/wp-content\/uploads\/2018\/05\/logo-coelectrix-400x400.jpg","width":300,"height":300,"caption":"coelectrix.com"},"image":{"@id":"https:\/\/coelectrix.com\/pt-pt\/#\/schema\/logo\/image\/"}}]}},"_links":{"self":[{"href":"https:\/\/coelectrix.com\/pt-pt\/wp-json\/wp\/v2\/product\/76057","targetHints":{"allow":["GET"]}}],"collection":[{"href":"https:\/\/coelectrix.com\/pt-pt\/wp-json\/wp\/v2\/product"}],"about":[{"href":"https:\/\/coelectrix.com\/pt-pt\/wp-json\/wp\/v2\/types\/product"}],"version-history":[{"count":1,"href":"https:\/\/coelectrix.com\/pt-pt\/wp-json\/wp\/v2\/product\/76057\/revisions"}],"predecessor-version":[{"id":76805,"href":"https:\/\/coelectrix.com\/pt-pt\/wp-json\/wp\/v2\/product\/76057\/revisions\/76805"}],"wp:featuredmedia":[{"embeddable":true,"href":"https:\/\/coelectrix.com\/pt-pt\/wp-json\/wp\/v2\/media\/73284"}],"wp:attachment":[{"href":"https:\/\/coelectrix.com\/pt-pt\/wp-json\/wp\/v2\/media?parent=76057"}],"wp:term":[{"taxonomy":"product_brand","embeddable":true,"href":"https:\/\/coelectrix.com\/pt-pt\/wp-json\/wp\/v2\/product_brand?post=76057"},{"taxonomy":"product_cat","embeddable":true,"href":"https:\/\/coelectrix.com\/pt-pt\/wp-json\/wp\/v2\/product_cat?post=76057"},{"taxonomy":"product_tag","embeddable":true,"href":"https:\/\/coelectrix.com\/pt-pt\/wp-json\/wp\/v2\/product_tag?post=76057"}],"curies":[{"name":"wp","href":"https:\/\/api.w.org\/{rel}","templated":true}]}}