{"id":76069,"date":"2019-11-24T16:55:13","date_gmt":"2019-11-24T15:55:13","guid":{"rendered":"https:\/\/coelectrix.com\/producto\/coberturas-de-extremidades-adaptaveis-10-metros"},"modified":"2025-08-19T06:04:14","modified_gmt":"2025-08-19T04:04:14","slug":"coberturas-de-extremidades-adaptaveis-10-metros","status":"publish","type":"product","link":"https:\/\/coelectrix.com\/pt-pt\/produto\/cobertura-de-bordas-adaptavel-10-metros","title":{"rendered":"Coberturas de extremidades adapt\u00e1veis 10 metros"},"content":{"rendered":"<h1>Protetor de extremidade adapt\u00e1vel<\/h1>\n<p>Protetor de bordos em pl\u00e1stico PE para prote\u00e7\u00e3o de bordos em zonas com risco de ro\u00e7amento de cabos em passagens de chapa ou de madeira.<\/p>\n<p>\u00c9 adapt\u00e1vel e pode ser facilmente moldado devido \u00e0 sua grande flexibilidade.<\/p>\n<p>Dispon\u00edvel em tamanhos de ranhuras:<\/p>\n<p> <strong>KG020<\/strong> para espessuras de chapa entre 1,6mm e 2mm<br \/>\nPe\u00e7a n.\u00ba <strong>KG045<\/strong> para espessuras de chapa entre 3,2 mm e 4,5 mm<\/p>\n<p><strong>Cor:<\/strong> Branco<br \/>\n<strong>Material:<\/strong> Pl\u00e1stico PE<br \/>\n<strong>Comprimento:<\/strong> 10 metros<\/p>\n<p><img fetchpriority=\"high\" decoding=\"async\" class=\"alignnone wp-image-19326\" src=\"https:\/\/coelectrix.com\/wp-content\/uploads\/2019\/11\/cubre-aristas-rollo-300x300.jpg\" alt=\"\" width=\"224\" height=\"224\" srcset=\"https:\/\/coelectrix.com\/wp-content\/uploads\/2019\/11\/cubre-aristas-rollo-300x300.jpg 300w, https:\/\/coelectrix.com\/wp-content\/uploads\/2019\/11\/cubre-aristas-rollo-196x196.jpg 196w, https:\/\/coelectrix.com\/wp-content\/uploads\/2019\/11\/cubre-aristas-rollo-100x100.jpg 100w, https:\/\/coelectrix.com\/wp-content\/uploads\/2019\/11\/cubre-aristas-rollo-416x416.jpg 416w, https:\/\/coelectrix.com\/wp-content\/uploads\/2019\/11\/cubre-aristas-rollo-64x64.jpg 64w, https:\/\/coelectrix.com\/wp-content\/uploads\/2019\/11\/cubre-aristas-rollo-150x150.jpg 150w, https:\/\/coelectrix.com\/wp-content\/uploads\/2019\/11\/cubre-aristas-rollo-768x768.jpg 768w, https:\/\/coelectrix.com\/wp-content\/uploads\/2019\/11\/cubre-aristas-rollo.jpg 800w\" sizes=\"(max-width: 224px) 100vw, 224px\" \/><\/p>\n","protected":false},"excerpt":{"rendered":"<p>Protetor de pl\u00e1stico PE adapt\u00e1vel para prote\u00e7\u00e3o de arestas em chapa met\u00e1lica.<\/p>\n<p>Saco com um comprimento de 10 metros e dispon\u00edvel em diferentes larguras de painel.<\/p>\n","protected":false},"featured_media":73182,"template":"","meta":{"_acf_changed":false},"product_brand":[],"product_cat":[1343],"product_tag":[],"class_list":{"0":"post-76069","1":"product","2":"type-product","3":"status-publish","4":"has-post-thumbnail","6":"product_cat-prensa-cabos-abracadeiras-abracadeiras-abracadeiras","8":"first","9":"instock","10":"taxable","11":"shipping-taxable","12":"purchasable","13":"product-type-variable"},"acf":[],"yoast_head":"<!-- This site is optimized with the Yoast SEO plugin v27.2 - https:\/\/yoast.com\/product\/yoast-seo-wordpress\/ -->\n<title>\u25b7 Coberturas de extremidades adapt\u00e1veis 10 metros | Coelectrix.com<\/title>\n<meta name=\"description\" content=\"Cobertura de bordo adapt\u00e1vel para proteger os cabos contra rasg\u00f5es em entradas de cabos em chapa met\u00e1lica. Rolo de 10 metros e dispon\u00edvel em diferentes tamanhos.\" \/>\n<meta name=\"robots\" content=\"index, follow, max-snippet:-1, max-image-preview:large, max-video-preview:-1\" \/>\n<link rel=\"canonical\" href=\"https:\/\/coelectrix.com\/pt-pt\/produto\/cobertura-de-bordas-adaptavel-10-metros\" \/>\n<meta property=\"og:locale\" content=\"pt_PT\" \/>\n<meta property=\"og:type\" content=\"article\" \/>\n<meta property=\"og:title\" content=\"\u25b7 Coberturas de extremidades adapt\u00e1veis 10 metros | Coelectrix.com\" \/>\n<meta property=\"og:description\" content=\"Cobertura de bordo adapt\u00e1vel para proteger os cabos contra rasg\u00f5es em entradas de cabos em chapa met\u00e1lica. Rolo de 10 metros e dispon\u00edvel em diferentes tamanhos.\" \/>\n<meta property=\"og:url\" content=\"https:\/\/coelectrix.com\/pt-pt\/produto\/cobertura-de-bordas-adaptavel-10-metros\" \/>\n<meta property=\"og:site_name\" content=\"Coelectrix\" \/>\n<meta property=\"article:modified_time\" content=\"2025-08-19T04:04:14+00:00\" \/>\n<meta property=\"og:image\" content=\"https:\/\/coelectrix.com\/wp-content\/uploads\/2019\/11\/cubre-aristas-blanco.jpg\" \/>\n\t<meta property=\"og:image:width\" content=\"800\" \/>\n\t<meta property=\"og:image:height\" content=\"800\" \/>\n\t<meta property=\"og:image:type\" content=\"image\/jpeg\" \/>\n<meta name=\"twitter:card\" content=\"summary_large_image\" \/>\n<script type=\"application\/ld+json\" class=\"yoast-schema-graph\">{\"@context\":\"https:\/\/schema.org\",\"@graph\":[{\"@type\":\"WebPage\",\"@id\":\"https:\/\/coelectrix.com\/pt-pt\/produto\/cobertura-de-bordas-adaptavel-10-metros\",\"url\":\"https:\/\/coelectrix.com\/pt-pt\/produto\/cobertura-de-bordas-adaptavel-10-metros\",\"name\":\"\u25b7 Coberturas de extremidades adapt\u00e1veis 10 metros | Coelectrix.com\",\"isPartOf\":{\"@id\":\"https:\/\/coelectrix.com\/pt-pt\/#website\"},\"primaryImageOfPage\":{\"@id\":\"https:\/\/coelectrix.com\/pt-pt\/produto\/cobertura-de-bordas-adaptavel-10-metros#primaryimage\"},\"image\":{\"@id\":\"https:\/\/coelectrix.com\/pt-pt\/produto\/cobertura-de-bordas-adaptavel-10-metros#primaryimage\"},\"thumbnailUrl\":\"https:\/\/coelectrix.com\/wp-content\/uploads\/2019\/11\/cubre-aristas-blanco.jpg\",\"datePublished\":\"2019-11-24T15:55:13+00:00\",\"dateModified\":\"2025-08-19T04:04:14+00:00\",\"description\":\"Cobertura de bordo adapt\u00e1vel para proteger os cabos contra rasg\u00f5es em entradas de cabos em chapa met\u00e1lica. Rolo de 10 metros e dispon\u00edvel em diferentes tamanhos.\",\"breadcrumb\":{\"@id\":\"https:\/\/coelectrix.com\/pt-pt\/produto\/cobertura-de-bordas-adaptavel-10-metros#breadcrumb\"},\"inLanguage\":\"pt-PT\",\"potentialAction\":[{\"@type\":\"ReadAction\",\"target\":[\"https:\/\/coelectrix.com\/pt-pt\/produto\/cobertura-de-bordas-adaptavel-10-metros\"]}]},{\"@type\":\"ImageObject\",\"inLanguage\":\"pt-PT\",\"@id\":\"https:\/\/coelectrix.com\/pt-pt\/produto\/cobertura-de-bordas-adaptavel-10-metros#primaryimage\",\"url\":\"https:\/\/coelectrix.com\/wp-content\/uploads\/2019\/11\/cubre-aristas-blanco.jpg\",\"contentUrl\":\"https:\/\/coelectrix.com\/wp-content\/uploads\/2019\/11\/cubre-aristas-blanco.jpg\",\"width\":800,\"height\":800,\"caption\":\"cobertura de rebordo adapt\u00e1vel\"},{\"@type\":\"BreadcrumbList\",\"@id\":\"https:\/\/coelectrix.com\/pt-pt\/produto\/cobertura-de-bordas-adaptavel-10-metros#breadcrumb\",\"itemListElement\":[{\"@type\":\"ListItem\",\"position\":1,\"name\":\"Portada\",\"item\":\"https:\/\/coelectrix.com\/\"},{\"@type\":\"ListItem\",\"position\":2,\"name\":\"Loja\",\"item\":\"https:\/\/coelectrix.com\/pt-pt\/loja\"},{\"@type\":\"ListItem\",\"position\":3,\"name\":\"Coberturas de extremidades adapt\u00e1veis 10 metros\"}]},{\"@type\":\"WebSite\",\"@id\":\"https:\/\/coelectrix.com\/pt-pt\/#website\",\"url\":\"https:\/\/coelectrix.com\/pt-pt\/\",\"name\":\"Coelectrix\",\"description\":\"Componentes el\u00e9ctricos\",\"publisher\":{\"@id\":\"https:\/\/coelectrix.com\/pt-pt\/#organization\"},\"potentialAction\":[{\"@type\":\"SearchAction\",\"target\":{\"@type\":\"EntryPoint\",\"urlTemplate\":\"https:\/\/coelectrix.com\/pt-pt\/?s={search_term_string}\"},\"query-input\":{\"@type\":\"PropertyValueSpecification\",\"valueRequired\":true,\"valueName\":\"search_term_string\"}}],\"inLanguage\":\"pt-PT\"},{\"@type\":\"Organization\",\"@id\":\"https:\/\/coelectrix.com\/pt-pt\/#organization\",\"name\":\"coelectrix.com\",\"url\":\"https:\/\/coelectrix.com\/pt-pt\/\",\"logo\":{\"@type\":\"ImageObject\",\"inLanguage\":\"pt-PT\",\"@id\":\"https:\/\/coelectrix.com\/pt-pt\/#\/schema\/logo\/image\/\",\"url\":\"https:\/\/coelectrix.com\/wp-content\/uploads\/2018\/05\/logo-coelectrix-400x400.jpg\",\"contentUrl\":\"https:\/\/coelectrix.com\/wp-content\/uploads\/2018\/05\/logo-coelectrix-400x400.jpg\",\"width\":300,\"height\":300,\"caption\":\"coelectrix.com\"},\"image\":{\"@id\":\"https:\/\/coelectrix.com\/pt-pt\/#\/schema\/logo\/image\/\"}}]}<\/script>\n<!-- \/ Yoast SEO plugin. -->","yoast_head_json":{"title":"\u25b7 Coberturas de extremidades adapt\u00e1veis 10 metros | Coelectrix.com","description":"Cobertura de bordo adapt\u00e1vel para proteger os cabos contra rasg\u00f5es em entradas de cabos em chapa met\u00e1lica. Rolo de 10 metros e dispon\u00edvel em diferentes tamanhos.","robots":{"index":"index","follow":"follow","max-snippet":"max-snippet:-1","max-image-preview":"max-image-preview:large","max-video-preview":"max-video-preview:-1"},"canonical":"https:\/\/coelectrix.com\/pt-pt\/produto\/cobertura-de-bordas-adaptavel-10-metros","og_locale":"pt_PT","og_type":"article","og_title":"\u25b7 Coberturas de extremidades adapt\u00e1veis 10 metros | Coelectrix.com","og_description":"Cobertura de bordo adapt\u00e1vel para proteger os cabos contra rasg\u00f5es em entradas de cabos em chapa met\u00e1lica. Rolo de 10 metros e dispon\u00edvel em diferentes tamanhos.","og_url":"https:\/\/coelectrix.com\/pt-pt\/produto\/cobertura-de-bordas-adaptavel-10-metros","og_site_name":"Coelectrix","article_modified_time":"2025-08-19T04:04:14+00:00","og_image":[{"width":800,"height":800,"url":"https:\/\/coelectrix.com\/wp-content\/uploads\/2019\/11\/cubre-aristas-blanco.jpg","type":"image\/jpeg"}],"twitter_card":"summary_large_image","schema":{"@context":"https:\/\/schema.org","@graph":[{"@type":"WebPage","@id":"https:\/\/coelectrix.com\/pt-pt\/produto\/cobertura-de-bordas-adaptavel-10-metros","url":"https:\/\/coelectrix.com\/pt-pt\/produto\/cobertura-de-bordas-adaptavel-10-metros","name":"\u25b7 Coberturas de extremidades adapt\u00e1veis 10 metros | Coelectrix.com","isPartOf":{"@id":"https:\/\/coelectrix.com\/pt-pt\/#website"},"primaryImageOfPage":{"@id":"https:\/\/coelectrix.com\/pt-pt\/produto\/cobertura-de-bordas-adaptavel-10-metros#primaryimage"},"image":{"@id":"https:\/\/coelectrix.com\/pt-pt\/produto\/cobertura-de-bordas-adaptavel-10-metros#primaryimage"},"thumbnailUrl":"https:\/\/coelectrix.com\/wp-content\/uploads\/2019\/11\/cubre-aristas-blanco.jpg","datePublished":"2019-11-24T15:55:13+00:00","dateModified":"2025-08-19T04:04:14+00:00","description":"Cobertura de bordo adapt\u00e1vel para proteger os cabos contra rasg\u00f5es em entradas de cabos em chapa met\u00e1lica. Rolo de 10 metros e dispon\u00edvel em diferentes tamanhos.","breadcrumb":{"@id":"https:\/\/coelectrix.com\/pt-pt\/produto\/cobertura-de-bordas-adaptavel-10-metros#breadcrumb"},"inLanguage":"pt-PT","potentialAction":[{"@type":"ReadAction","target":["https:\/\/coelectrix.com\/pt-pt\/produto\/cobertura-de-bordas-adaptavel-10-metros"]}]},{"@type":"ImageObject","inLanguage":"pt-PT","@id":"https:\/\/coelectrix.com\/pt-pt\/produto\/cobertura-de-bordas-adaptavel-10-metros#primaryimage","url":"https:\/\/coelectrix.com\/wp-content\/uploads\/2019\/11\/cubre-aristas-blanco.jpg","contentUrl":"https:\/\/coelectrix.com\/wp-content\/uploads\/2019\/11\/cubre-aristas-blanco.jpg","width":800,"height":800,"caption":"cobertura de rebordo adapt\u00e1vel"},{"@type":"BreadcrumbList","@id":"https:\/\/coelectrix.com\/pt-pt\/produto\/cobertura-de-bordas-adaptavel-10-metros#breadcrumb","itemListElement":[{"@type":"ListItem","position":1,"name":"Portada","item":"https:\/\/coelectrix.com\/"},{"@type":"ListItem","position":2,"name":"Loja","item":"https:\/\/coelectrix.com\/pt-pt\/loja"},{"@type":"ListItem","position":3,"name":"Coberturas de extremidades adapt\u00e1veis 10 metros"}]},{"@type":"WebSite","@id":"https:\/\/coelectrix.com\/pt-pt\/#website","url":"https:\/\/coelectrix.com\/pt-pt\/","name":"Coelectrix","description":"Componentes el\u00e9ctricos","publisher":{"@id":"https:\/\/coelectrix.com\/pt-pt\/#organization"},"potentialAction":[{"@type":"SearchAction","target":{"@type":"EntryPoint","urlTemplate":"https:\/\/coelectrix.com\/pt-pt\/?s={search_term_string}"},"query-input":{"@type":"PropertyValueSpecification","valueRequired":true,"valueName":"search_term_string"}}],"inLanguage":"pt-PT"},{"@type":"Organization","@id":"https:\/\/coelectrix.com\/pt-pt\/#organization","name":"coelectrix.com","url":"https:\/\/coelectrix.com\/pt-pt\/","logo":{"@type":"ImageObject","inLanguage":"pt-PT","@id":"https:\/\/coelectrix.com\/pt-pt\/#\/schema\/logo\/image\/","url":"https:\/\/coelectrix.com\/wp-content\/uploads\/2018\/05\/logo-coelectrix-400x400.jpg","contentUrl":"https:\/\/coelectrix.com\/wp-content\/uploads\/2018\/05\/logo-coelectrix-400x400.jpg","width":300,"height":300,"caption":"coelectrix.com"},"image":{"@id":"https:\/\/coelectrix.com\/pt-pt\/#\/schema\/logo\/image\/"}}]}},"_links":{"self":[{"href":"https:\/\/coelectrix.com\/pt-pt\/wp-json\/wp\/v2\/product\/76069","targetHints":{"allow":["GET"]}}],"collection":[{"href":"https:\/\/coelectrix.com\/pt-pt\/wp-json\/wp\/v2\/product"}],"about":[{"href":"https:\/\/coelectrix.com\/pt-pt\/wp-json\/wp\/v2\/types\/product"}],"version-history":[{"count":1,"href":"https:\/\/coelectrix.com\/pt-pt\/wp-json\/wp\/v2\/product\/76069\/revisions"}],"predecessor-version":[{"id":76816,"href":"https:\/\/coelectrix.com\/pt-pt\/wp-json\/wp\/v2\/product\/76069\/revisions\/76816"}],"wp:featuredmedia":[{"embeddable":true,"href":"https:\/\/coelectrix.com\/pt-pt\/wp-json\/wp\/v2\/media\/73182"}],"wp:attachment":[{"href":"https:\/\/coelectrix.com\/pt-pt\/wp-json\/wp\/v2\/media?parent=76069"}],"wp:term":[{"taxonomy":"product_brand","embeddable":true,"href":"https:\/\/coelectrix.com\/pt-pt\/wp-json\/wp\/v2\/product_brand?post=76069"},{"taxonomy":"product_cat","embeddable":true,"href":"https:\/\/coelectrix.com\/pt-pt\/wp-json\/wp\/v2\/product_cat?post=76069"},{"taxonomy":"product_tag","embeddable":true,"href":"https:\/\/coelectrix.com\/pt-pt\/wp-json\/wp\/v2\/product_tag?post=76069"}],"curies":[{"name":"wp","href":"https:\/\/api.w.org\/{rel}","templated":true}]}}