{"id":76072,"date":"2019-04-13T01:52:36","date_gmt":"2019-04-12T23:52:36","guid":{"rendered":"https:\/\/coelectrix.com\/producto\/suporte-de-flange-ancoras-de-pressao"},"modified":"2025-08-19T06:04:46","modified_gmt":"2025-08-19T04:04:46","slug":"suporte-de-flange-ancoras-de-pressao","status":"publish","type":"product","link":"https:\/\/coelectrix.com\/pt-pt\/produto\/estacas-de-pressao-para-suportes-de-flanges","title":{"rendered":"Suporte de flange \u00c2ncoras de press\u00e3o"},"content":{"rendered":"<p>Tamp\u00f5es de Nylon 66 preto para suporte da flange.<\/p>\n<p><img fetchpriority=\"high\" decoding=\"async\" class=\"alignnone size-medium wp-image-15303\" src=\"https:\/\/coelectrix.com\/wp-content\/uploads\/2019\/04\/medidas-tacos-sujetabridas-300x300.jpg\" alt=\"\" width=\"300\" height=\"300\" srcset=\"https:\/\/coelectrix.com\/wp-content\/uploads\/2019\/04\/medidas-tacos-sujetabridas-300x300.jpg 300w, https:\/\/coelectrix.com\/wp-content\/uploads\/2019\/04\/medidas-tacos-sujetabridas-196x196.jpg 196w, https:\/\/coelectrix.com\/wp-content\/uploads\/2019\/04\/medidas-tacos-sujetabridas-100x100.jpg 100w, https:\/\/coelectrix.com\/wp-content\/uploads\/2019\/04\/medidas-tacos-sujetabridas-416x416.jpg 416w, https:\/\/coelectrix.com\/wp-content\/uploads\/2019\/04\/medidas-tacos-sujetabridas-64x64.jpg 64w, https:\/\/coelectrix.com\/wp-content\/uploads\/2019\/04\/medidas-tacos-sujetabridas-150x150.jpg 150w, https:\/\/coelectrix.com\/wp-content\/uploads\/2019\/04\/medidas-tacos-sujetabridas-768x768.jpg 768w, https:\/\/coelectrix.com\/wp-content\/uploads\/2019\/04\/medidas-tacos-sujetabridas.jpg 800w\" sizes=\"(max-width: 300px) 100vw, 300px\" \/><\/p>\n","protected":false},"excerpt":{"rendered":"<p>Tamp\u00f5es de encaixe para fixa\u00e7\u00e3o de flanges.<br \/>\nMaterial: Nylon 66<\/p>\n<p><strong>Dispon\u00edvel em 25 ou 100 unidades.<\/strong><\/p>\n<p>Selecionar o tamanho no menu pendente.<\/p>\n","protected":false},"featured_media":72956,"template":"","meta":{"_acf_changed":false},"product_brand":[],"product_cat":[1343],"product_tag":[],"class_list":{"0":"post-76072","1":"product","2":"type-product","3":"status-publish","4":"has-post-thumbnail","6":"product_cat-prensa-cabos-abracadeiras-abracadeiras-abracadeiras","8":"first","9":"instock","10":"taxable","11":"shipping-taxable","12":"purchasable","13":"product-type-variable"},"acf":[],"yoast_head":"<!-- This site is optimized with the Yoast SEO plugin v27.2 - https:\/\/yoast.com\/product\/yoast-seo-wordpress\/ -->\n<title>\u25b7 Suporte de flange \u00c2ncoras de press\u00e3o | Coelectrix.com<\/title>\n<meta name=\"robots\" content=\"index, follow, max-snippet:-1, max-image-preview:large, max-video-preview:-1\" \/>\n<link rel=\"canonical\" href=\"https:\/\/coelectrix.com\/pt-pt\/produto\/estacas-de-pressao-para-suportes-de-flanges\" \/>\n<meta property=\"og:locale\" content=\"pt_PT\" \/>\n<meta property=\"og:type\" content=\"article\" \/>\n<meta property=\"og:title\" content=\"\u25b7 Suporte de flange \u00c2ncoras de press\u00e3o | Coelectrix.com\" \/>\n<meta property=\"og:description\" content=\"Tamp\u00f5es de encaixe para fixa\u00e7\u00e3o de flanges. Material: Nylon 66 Dispon\u00edvel em 25 ou 100 unidades. Selecionar o tamanho no menu pendente.\" \/>\n<meta property=\"og:url\" content=\"https:\/\/coelectrix.com\/pt-pt\/produto\/estacas-de-pressao-para-suportes-de-flanges\" \/>\n<meta property=\"og:site_name\" content=\"Coelectrix\" \/>\n<meta property=\"article:modified_time\" content=\"2025-08-19T04:04:46+00:00\" \/>\n<meta property=\"og:image\" content=\"https:\/\/coelectrix.com\/wp-content\/uploads\/2019\/04\/taco-presion-sujeta-bridas.jpg\" \/>\n\t<meta property=\"og:image:width\" content=\"800\" \/>\n\t<meta property=\"og:image:height\" content=\"800\" \/>\n\t<meta property=\"og:image:type\" content=\"image\/jpeg\" \/>\n<meta name=\"twitter:card\" content=\"summary_large_image\" \/>\n<script type=\"application\/ld+json\" class=\"yoast-schema-graph\">{\"@context\":\"https:\/\/schema.org\",\"@graph\":[{\"@type\":\"WebPage\",\"@id\":\"https:\/\/coelectrix.com\/pt-pt\/produto\/estacas-de-pressao-para-suportes-de-flanges\",\"url\":\"https:\/\/coelectrix.com\/pt-pt\/produto\/estacas-de-pressao-para-suportes-de-flanges\",\"name\":\"\u25b7 Suporte de flange \u00c2ncoras de press\u00e3o | Coelectrix.com\",\"isPartOf\":{\"@id\":\"https:\/\/coelectrix.com\/pt-pt\/#website\"},\"primaryImageOfPage\":{\"@id\":\"https:\/\/coelectrix.com\/pt-pt\/produto\/estacas-de-pressao-para-suportes-de-flanges#primaryimage\"},\"image\":{\"@id\":\"https:\/\/coelectrix.com\/pt-pt\/produto\/estacas-de-pressao-para-suportes-de-flanges#primaryimage\"},\"thumbnailUrl\":\"https:\/\/coelectrix.com\/wp-content\/uploads\/2019\/04\/taco-presion-sujeta-bridas.jpg\",\"datePublished\":\"2019-04-12T23:52:36+00:00\",\"dateModified\":\"2025-08-19T04:04:46+00:00\",\"breadcrumb\":{\"@id\":\"https:\/\/coelectrix.com\/pt-pt\/produto\/estacas-de-pressao-para-suportes-de-flanges#breadcrumb\"},\"inLanguage\":\"pt-PT\",\"potentialAction\":[{\"@type\":\"ReadAction\",\"target\":[\"https:\/\/coelectrix.com\/pt-pt\/produto\/estacas-de-pressao-para-suportes-de-flanges\"]}]},{\"@type\":\"ImageObject\",\"inLanguage\":\"pt-PT\",\"@id\":\"https:\/\/coelectrix.com\/pt-pt\/produto\/estacas-de-pressao-para-suportes-de-flanges#primaryimage\",\"url\":\"https:\/\/coelectrix.com\/wp-content\/uploads\/2019\/04\/taco-presion-sujeta-bridas.jpg\",\"contentUrl\":\"https:\/\/coelectrix.com\/wp-content\/uploads\/2019\/04\/taco-presion-sujeta-bridas.jpg\",\"width\":800,\"height\":800,\"caption\":\"fixadores de flanges\"},{\"@type\":\"BreadcrumbList\",\"@id\":\"https:\/\/coelectrix.com\/pt-pt\/produto\/estacas-de-pressao-para-suportes-de-flanges#breadcrumb\",\"itemListElement\":[{\"@type\":\"ListItem\",\"position\":1,\"name\":\"Portada\",\"item\":\"https:\/\/coelectrix.com\/\"},{\"@type\":\"ListItem\",\"position\":2,\"name\":\"Loja\",\"item\":\"https:\/\/coelectrix.com\/pt-pt\/loja\"},{\"@type\":\"ListItem\",\"position\":3,\"name\":\"Suporte de flange \u00c2ncoras de press\u00e3o\"}]},{\"@type\":\"WebSite\",\"@id\":\"https:\/\/coelectrix.com\/pt-pt\/#website\",\"url\":\"https:\/\/coelectrix.com\/pt-pt\/\",\"name\":\"Coelectrix\",\"description\":\"Componentes el\u00e9ctricos\",\"publisher\":{\"@id\":\"https:\/\/coelectrix.com\/pt-pt\/#organization\"},\"potentialAction\":[{\"@type\":\"SearchAction\",\"target\":{\"@type\":\"EntryPoint\",\"urlTemplate\":\"https:\/\/coelectrix.com\/pt-pt\/?s={search_term_string}\"},\"query-input\":{\"@type\":\"PropertyValueSpecification\",\"valueRequired\":true,\"valueName\":\"search_term_string\"}}],\"inLanguage\":\"pt-PT\"},{\"@type\":\"Organization\",\"@id\":\"https:\/\/coelectrix.com\/pt-pt\/#organization\",\"name\":\"coelectrix.com\",\"url\":\"https:\/\/coelectrix.com\/pt-pt\/\",\"logo\":{\"@type\":\"ImageObject\",\"inLanguage\":\"pt-PT\",\"@id\":\"https:\/\/coelectrix.com\/pt-pt\/#\/schema\/logo\/image\/\",\"url\":\"https:\/\/coelectrix.com\/wp-content\/uploads\/2018\/05\/logo-coelectrix-400x400.jpg\",\"contentUrl\":\"https:\/\/coelectrix.com\/wp-content\/uploads\/2018\/05\/logo-coelectrix-400x400.jpg\",\"width\":300,\"height\":300,\"caption\":\"coelectrix.com\"},\"image\":{\"@id\":\"https:\/\/coelectrix.com\/pt-pt\/#\/schema\/logo\/image\/\"}}]}<\/script>\n<!-- \/ Yoast SEO plugin. -->","yoast_head_json":{"title":"\u25b7 Suporte de flange \u00c2ncoras de press\u00e3o | Coelectrix.com","robots":{"index":"index","follow":"follow","max-snippet":"max-snippet:-1","max-image-preview":"max-image-preview:large","max-video-preview":"max-video-preview:-1"},"canonical":"https:\/\/coelectrix.com\/pt-pt\/produto\/estacas-de-pressao-para-suportes-de-flanges","og_locale":"pt_PT","og_type":"article","og_title":"\u25b7 Suporte de flange \u00c2ncoras de press\u00e3o | Coelectrix.com","og_description":"Tamp\u00f5es de encaixe para fixa\u00e7\u00e3o de flanges. Material: Nylon 66 Dispon\u00edvel em 25 ou 100 unidades. Selecionar o tamanho no menu pendente.","og_url":"https:\/\/coelectrix.com\/pt-pt\/produto\/estacas-de-pressao-para-suportes-de-flanges","og_site_name":"Coelectrix","article_modified_time":"2025-08-19T04:04:46+00:00","og_image":[{"width":800,"height":800,"url":"https:\/\/coelectrix.com\/wp-content\/uploads\/2019\/04\/taco-presion-sujeta-bridas.jpg","type":"image\/jpeg"}],"twitter_card":"summary_large_image","schema":{"@context":"https:\/\/schema.org","@graph":[{"@type":"WebPage","@id":"https:\/\/coelectrix.com\/pt-pt\/produto\/estacas-de-pressao-para-suportes-de-flanges","url":"https:\/\/coelectrix.com\/pt-pt\/produto\/estacas-de-pressao-para-suportes-de-flanges","name":"\u25b7 Suporte de flange \u00c2ncoras de press\u00e3o | Coelectrix.com","isPartOf":{"@id":"https:\/\/coelectrix.com\/pt-pt\/#website"},"primaryImageOfPage":{"@id":"https:\/\/coelectrix.com\/pt-pt\/produto\/estacas-de-pressao-para-suportes-de-flanges#primaryimage"},"image":{"@id":"https:\/\/coelectrix.com\/pt-pt\/produto\/estacas-de-pressao-para-suportes-de-flanges#primaryimage"},"thumbnailUrl":"https:\/\/coelectrix.com\/wp-content\/uploads\/2019\/04\/taco-presion-sujeta-bridas.jpg","datePublished":"2019-04-12T23:52:36+00:00","dateModified":"2025-08-19T04:04:46+00:00","breadcrumb":{"@id":"https:\/\/coelectrix.com\/pt-pt\/produto\/estacas-de-pressao-para-suportes-de-flanges#breadcrumb"},"inLanguage":"pt-PT","potentialAction":[{"@type":"ReadAction","target":["https:\/\/coelectrix.com\/pt-pt\/produto\/estacas-de-pressao-para-suportes-de-flanges"]}]},{"@type":"ImageObject","inLanguage":"pt-PT","@id":"https:\/\/coelectrix.com\/pt-pt\/produto\/estacas-de-pressao-para-suportes-de-flanges#primaryimage","url":"https:\/\/coelectrix.com\/wp-content\/uploads\/2019\/04\/taco-presion-sujeta-bridas.jpg","contentUrl":"https:\/\/coelectrix.com\/wp-content\/uploads\/2019\/04\/taco-presion-sujeta-bridas.jpg","width":800,"height":800,"caption":"fixadores de flanges"},{"@type":"BreadcrumbList","@id":"https:\/\/coelectrix.com\/pt-pt\/produto\/estacas-de-pressao-para-suportes-de-flanges#breadcrumb","itemListElement":[{"@type":"ListItem","position":1,"name":"Portada","item":"https:\/\/coelectrix.com\/"},{"@type":"ListItem","position":2,"name":"Loja","item":"https:\/\/coelectrix.com\/pt-pt\/loja"},{"@type":"ListItem","position":3,"name":"Suporte de flange \u00c2ncoras de press\u00e3o"}]},{"@type":"WebSite","@id":"https:\/\/coelectrix.com\/pt-pt\/#website","url":"https:\/\/coelectrix.com\/pt-pt\/","name":"Coelectrix","description":"Componentes el\u00e9ctricos","publisher":{"@id":"https:\/\/coelectrix.com\/pt-pt\/#organization"},"potentialAction":[{"@type":"SearchAction","target":{"@type":"EntryPoint","urlTemplate":"https:\/\/coelectrix.com\/pt-pt\/?s={search_term_string}"},"query-input":{"@type":"PropertyValueSpecification","valueRequired":true,"valueName":"search_term_string"}}],"inLanguage":"pt-PT"},{"@type":"Organization","@id":"https:\/\/coelectrix.com\/pt-pt\/#organization","name":"coelectrix.com","url":"https:\/\/coelectrix.com\/pt-pt\/","logo":{"@type":"ImageObject","inLanguage":"pt-PT","@id":"https:\/\/coelectrix.com\/pt-pt\/#\/schema\/logo\/image\/","url":"https:\/\/coelectrix.com\/wp-content\/uploads\/2018\/05\/logo-coelectrix-400x400.jpg","contentUrl":"https:\/\/coelectrix.com\/wp-content\/uploads\/2018\/05\/logo-coelectrix-400x400.jpg","width":300,"height":300,"caption":"coelectrix.com"},"image":{"@id":"https:\/\/coelectrix.com\/pt-pt\/#\/schema\/logo\/image\/"}}]}},"_links":{"self":[{"href":"https:\/\/coelectrix.com\/pt-pt\/wp-json\/wp\/v2\/product\/76072","targetHints":{"allow":["GET"]}}],"collection":[{"href":"https:\/\/coelectrix.com\/pt-pt\/wp-json\/wp\/v2\/product"}],"about":[{"href":"https:\/\/coelectrix.com\/pt-pt\/wp-json\/wp\/v2\/types\/product"}],"version-history":[{"count":1,"href":"https:\/\/coelectrix.com\/pt-pt\/wp-json\/wp\/v2\/product\/76072\/revisions"}],"predecessor-version":[{"id":76838,"href":"https:\/\/coelectrix.com\/pt-pt\/wp-json\/wp\/v2\/product\/76072\/revisions\/76838"}],"wp:featuredmedia":[{"embeddable":true,"href":"https:\/\/coelectrix.com\/pt-pt\/wp-json\/wp\/v2\/media\/72956"}],"wp:attachment":[{"href":"https:\/\/coelectrix.com\/pt-pt\/wp-json\/wp\/v2\/media?parent=76072"}],"wp:term":[{"taxonomy":"product_brand","embeddable":true,"href":"https:\/\/coelectrix.com\/pt-pt\/wp-json\/wp\/v2\/product_brand?post=76072"},{"taxonomy":"product_cat","embeddable":true,"href":"https:\/\/coelectrix.com\/pt-pt\/wp-json\/wp\/v2\/product_cat?post=76072"},{"taxonomy":"product_tag","embeddable":true,"href":"https:\/\/coelectrix.com\/pt-pt\/wp-json\/wp\/v2\/product_tag?post=76072"}],"curies":[{"name":"wp","href":"https:\/\/api.w.org\/{rel}","templated":true}]}}