{"id":76080,"date":"2019-06-08T07:29:15","date_gmt":"2019-06-08T05:29:15","guid":{"rendered":"https:\/\/coelectrix.com\/producto\/pipeta-protetora-de-borracha-em-4-tamanhos"},"modified":"2025-08-19T06:04:44","modified_gmt":"2025-08-19T04:04:44","slug":"pipeta-protetora-de-borracha-em-4-tamanhos","status":"publish","type":"product","link":"https:\/\/coelectrix.com\/pt-pt\/produto\/pipeta-protetora-de-borracha","title":{"rendered":"Pipeta protetora de borracha em 4 tamanhos"},"content":{"rendered":"<h1>Pipeta de prote\u00e7\u00e3o em borracha<\/h1>\n<p>Tampas ou pipetas de prote\u00e7\u00e3o em borracha flex\u00edvel para a prote\u00e7\u00e3o de terminais ou conectores em instala\u00e7\u00f5es autom\u00f3veis.<\/p>\n<p>S\u00e3o feitas de borracha preta e s\u00e3o flex\u00edveis.<\/p>\n<p>Est\u00e3o dispon\u00edveis em 4 dos tamanhos mais comuns.<\/p>\n","protected":false},"excerpt":{"rendered":"<p>Pipetas de borracha flex\u00edveis para proteger os terminais.<br \/>\nIdeal para instala\u00e7\u00f5es autom\u00f3veis onde \u00e9 necess\u00e1rio proteger os terminais.<\/p>\n<p>Pipeta de prote\u00e7\u00e3o<b>N\u00ba <\/b>1: V\u00e1lida para cabos at\u00e9 6mm2 e M6.<br \/>\nPipeta de prote\u00e7\u00e3o<b>N\u00ba<\/b> 2: V\u00e1lida para cabos at\u00e9 16mm2 e M10<br \/>\nPipeta de prote\u00e7\u00e3o N\u00ba 3: V\u00e1lida para cabo at\u00e9 35mm2 e M10<br \/>\nPipeta de Prote\u00e7\u00e3o N\u00ba 4: V\u00e1lida para cabos at\u00e9 95mm2 e M10<br \/>\n<em>*Estas medidas s\u00e3o indicativas e efectuadas com os nossos cabos.<\/em><\/p>\n<p>Dispon\u00edvel em 4 dos tamanhos mais comuns no menu suspenso:<\/p>\n","protected":false},"featured_media":81367,"template":"","meta":{"_acf_changed":false},"product_brand":[],"product_cat":[1345],"product_tag":[],"class_list":{"0":"post-76080","1":"product","2":"type-product","3":"status-publish","4":"has-post-thumbnail","6":"product_cat-pipetas-e-tampas","8":"first","9":"instock","10":"taxable","11":"shipping-taxable","12":"purchasable","13":"product-type-variable"},"acf":[],"yoast_head":"<!-- This site is optimized with the Yoast SEO plugin v27.2 - https:\/\/yoast.com\/product\/yoast-seo-wordpress\/ -->\n<title>Pipeta de prote\u00e7\u00e3o terminal em 4 tamanhos | Coelectrix.com<\/title>\n<meta name=\"description\" content=\"Pipetas ou tampas de borracha flex\u00edveis para a prote\u00e7\u00e3o de terminais em instala\u00e7\u00f5es autom\u00f3veis. Dispon\u00edvel em 4 tamanhos.\" \/>\n<meta name=\"robots\" content=\"index, follow, max-snippet:-1, max-image-preview:large, max-video-preview:-1\" \/>\n<link rel=\"canonical\" href=\"https:\/\/coelectrix.com\/pt-pt\/produto\/pipeta-protetora-de-borracha\" \/>\n<meta property=\"og:locale\" content=\"pt_PT\" \/>\n<meta property=\"og:type\" content=\"article\" \/>\n<meta property=\"og:title\" content=\"Pipeta de prote\u00e7\u00e3o terminal em 4 tamanhos | Coelectrix.com\" \/>\n<meta property=\"og:description\" content=\"Pipetas ou tampas de borracha flex\u00edveis para a prote\u00e7\u00e3o de terminais em instala\u00e7\u00f5es autom\u00f3veis. Dispon\u00edvel em 4 tamanhos.\" \/>\n<meta property=\"og:url\" content=\"https:\/\/coelectrix.com\/pt-pt\/produto\/pipeta-protetora-de-borracha\" \/>\n<meta property=\"og:site_name\" content=\"Coelectrix\" \/>\n<meta property=\"article:modified_time\" content=\"2025-08-19T04:04:44+00:00\" \/>\n<meta property=\"og:image\" content=\"https:\/\/coelectrix.com\/wp-content\/uploads\/2024\/08\/pipetas-protectoras.png\" \/>\n\t<meta property=\"og:image:width\" content=\"600\" \/>\n\t<meta property=\"og:image:height\" content=\"600\" \/>\n\t<meta property=\"og:image:type\" content=\"image\/png\" \/>\n<meta name=\"twitter:card\" content=\"summary_large_image\" \/>\n<script type=\"application\/ld+json\" class=\"yoast-schema-graph\">{\"@context\":\"https:\/\/schema.org\",\"@graph\":[{\"@type\":\"WebPage\",\"@id\":\"https:\/\/coelectrix.com\/pt-pt\/produto\/pipeta-protetora-de-borracha\",\"url\":\"https:\/\/coelectrix.com\/pt-pt\/produto\/pipeta-protetora-de-borracha\",\"name\":\"Pipeta de prote\u00e7\u00e3o terminal em 4 tamanhos | Coelectrix.com\",\"isPartOf\":{\"@id\":\"https:\/\/coelectrix.com\/pt-pt\/#website\"},\"primaryImageOfPage\":{\"@id\":\"https:\/\/coelectrix.com\/pt-pt\/produto\/pipeta-protetora-de-borracha#primaryimage\"},\"image\":{\"@id\":\"https:\/\/coelectrix.com\/pt-pt\/produto\/pipeta-protetora-de-borracha#primaryimage\"},\"thumbnailUrl\":\"https:\/\/coelectrix.com\/wp-content\/uploads\/2019\/06\/pipa-goma-terminales.jpg\",\"datePublished\":\"2019-06-08T05:29:15+00:00\",\"dateModified\":\"2025-08-19T04:04:44+00:00\",\"description\":\"Pipetas ou tampas de borracha flex\u00edveis para a prote\u00e7\u00e3o de terminais em instala\u00e7\u00f5es autom\u00f3veis. Dispon\u00edvel em 4 tamanhos.\",\"breadcrumb\":{\"@id\":\"https:\/\/coelectrix.com\/pt-pt\/produto\/pipeta-protetora-de-borracha#breadcrumb\"},\"inLanguage\":\"pt-PT\",\"potentialAction\":[{\"@type\":\"ReadAction\",\"target\":[\"https:\/\/coelectrix.com\/pt-pt\/produto\/pipeta-protetora-de-borracha\"]}]},{\"@type\":\"ImageObject\",\"inLanguage\":\"pt-PT\",\"@id\":\"https:\/\/coelectrix.com\/pt-pt\/produto\/pipeta-protetora-de-borracha#primaryimage\",\"url\":\"https:\/\/coelectrix.com\/wp-content\/uploads\/2019\/06\/pipa-goma-terminales.jpg\",\"contentUrl\":\"https:\/\/coelectrix.com\/wp-content\/uploads\/2019\/06\/pipa-goma-terminales.jpg\",\"width\":800,\"height\":800,\"caption\":\"pipeta de goma para proteccion de terminales\"},{\"@type\":\"BreadcrumbList\",\"@id\":\"https:\/\/coelectrix.com\/pt-pt\/produto\/pipeta-protetora-de-borracha#breadcrumb\",\"itemListElement\":[{\"@type\":\"ListItem\",\"position\":1,\"name\":\"Portada\",\"item\":\"https:\/\/coelectrix.com\/\"},{\"@type\":\"ListItem\",\"position\":2,\"name\":\"Loja\",\"item\":\"https:\/\/coelectrix.com\/pt-pt\/loja\"},{\"@type\":\"ListItem\",\"position\":3,\"name\":\"Pipeta protetora de borracha em 4 tamanhos\"}]},{\"@type\":\"WebSite\",\"@id\":\"https:\/\/coelectrix.com\/pt-pt\/#website\",\"url\":\"https:\/\/coelectrix.com\/pt-pt\/\",\"name\":\"Coelectrix\",\"description\":\"Componentes el\u00e9ctricos\",\"publisher\":{\"@id\":\"https:\/\/coelectrix.com\/pt-pt\/#organization\"},\"potentialAction\":[{\"@type\":\"SearchAction\",\"target\":{\"@type\":\"EntryPoint\",\"urlTemplate\":\"https:\/\/coelectrix.com\/pt-pt\/?s={search_term_string}\"},\"query-input\":{\"@type\":\"PropertyValueSpecification\",\"valueRequired\":true,\"valueName\":\"search_term_string\"}}],\"inLanguage\":\"pt-PT\"},{\"@type\":\"Organization\",\"@id\":\"https:\/\/coelectrix.com\/pt-pt\/#organization\",\"name\":\"coelectrix.com\",\"url\":\"https:\/\/coelectrix.com\/pt-pt\/\",\"logo\":{\"@type\":\"ImageObject\",\"inLanguage\":\"pt-PT\",\"@id\":\"https:\/\/coelectrix.com\/pt-pt\/#\/schema\/logo\/image\/\",\"url\":\"https:\/\/coelectrix.com\/wp-content\/uploads\/2018\/05\/logo-coelectrix-400x400.jpg\",\"contentUrl\":\"https:\/\/coelectrix.com\/wp-content\/uploads\/2018\/05\/logo-coelectrix-400x400.jpg\",\"width\":300,\"height\":300,\"caption\":\"coelectrix.com\"},\"image\":{\"@id\":\"https:\/\/coelectrix.com\/pt-pt\/#\/schema\/logo\/image\/\"}}]}<\/script>\n<!-- \/ Yoast SEO plugin. -->","yoast_head_json":{"title":"Pipeta de prote\u00e7\u00e3o terminal em 4 tamanhos | Coelectrix.com","description":"Pipetas ou tampas de borracha flex\u00edveis para a prote\u00e7\u00e3o de terminais em instala\u00e7\u00f5es autom\u00f3veis. Dispon\u00edvel em 4 tamanhos.","robots":{"index":"index","follow":"follow","max-snippet":"max-snippet:-1","max-image-preview":"max-image-preview:large","max-video-preview":"max-video-preview:-1"},"canonical":"https:\/\/coelectrix.com\/pt-pt\/produto\/pipeta-protetora-de-borracha","og_locale":"pt_PT","og_type":"article","og_title":"Pipeta de prote\u00e7\u00e3o terminal em 4 tamanhos | Coelectrix.com","og_description":"Pipetas ou tampas de borracha flex\u00edveis para a prote\u00e7\u00e3o de terminais em instala\u00e7\u00f5es autom\u00f3veis. Dispon\u00edvel em 4 tamanhos.","og_url":"https:\/\/coelectrix.com\/pt-pt\/produto\/pipeta-protetora-de-borracha","og_site_name":"Coelectrix","article_modified_time":"2025-08-19T04:04:44+00:00","og_image":[{"width":600,"height":600,"url":"https:\/\/coelectrix.com\/wp-content\/uploads\/2024\/08\/pipetas-protectoras.png","type":"image\/png"}],"twitter_card":"summary_large_image","schema":{"@context":"https:\/\/schema.org","@graph":[{"@type":"WebPage","@id":"https:\/\/coelectrix.com\/pt-pt\/produto\/pipeta-protetora-de-borracha","url":"https:\/\/coelectrix.com\/pt-pt\/produto\/pipeta-protetora-de-borracha","name":"Pipeta de prote\u00e7\u00e3o terminal em 4 tamanhos | Coelectrix.com","isPartOf":{"@id":"https:\/\/coelectrix.com\/pt-pt\/#website"},"primaryImageOfPage":{"@id":"https:\/\/coelectrix.com\/pt-pt\/produto\/pipeta-protetora-de-borracha#primaryimage"},"image":{"@id":"https:\/\/coelectrix.com\/pt-pt\/produto\/pipeta-protetora-de-borracha#primaryimage"},"thumbnailUrl":"https:\/\/coelectrix.com\/wp-content\/uploads\/2019\/06\/pipa-goma-terminales.jpg","datePublished":"2019-06-08T05:29:15+00:00","dateModified":"2025-08-19T04:04:44+00:00","description":"Pipetas ou tampas de borracha flex\u00edveis para a prote\u00e7\u00e3o de terminais em instala\u00e7\u00f5es autom\u00f3veis. Dispon\u00edvel em 4 tamanhos.","breadcrumb":{"@id":"https:\/\/coelectrix.com\/pt-pt\/produto\/pipeta-protetora-de-borracha#breadcrumb"},"inLanguage":"pt-PT","potentialAction":[{"@type":"ReadAction","target":["https:\/\/coelectrix.com\/pt-pt\/produto\/pipeta-protetora-de-borracha"]}]},{"@type":"ImageObject","inLanguage":"pt-PT","@id":"https:\/\/coelectrix.com\/pt-pt\/produto\/pipeta-protetora-de-borracha#primaryimage","url":"https:\/\/coelectrix.com\/wp-content\/uploads\/2019\/06\/pipa-goma-terminales.jpg","contentUrl":"https:\/\/coelectrix.com\/wp-content\/uploads\/2019\/06\/pipa-goma-terminales.jpg","width":800,"height":800,"caption":"pipeta de goma para proteccion de terminales"},{"@type":"BreadcrumbList","@id":"https:\/\/coelectrix.com\/pt-pt\/produto\/pipeta-protetora-de-borracha#breadcrumb","itemListElement":[{"@type":"ListItem","position":1,"name":"Portada","item":"https:\/\/coelectrix.com\/"},{"@type":"ListItem","position":2,"name":"Loja","item":"https:\/\/coelectrix.com\/pt-pt\/loja"},{"@type":"ListItem","position":3,"name":"Pipeta protetora de borracha em 4 tamanhos"}]},{"@type":"WebSite","@id":"https:\/\/coelectrix.com\/pt-pt\/#website","url":"https:\/\/coelectrix.com\/pt-pt\/","name":"Coelectrix","description":"Componentes el\u00e9ctricos","publisher":{"@id":"https:\/\/coelectrix.com\/pt-pt\/#organization"},"potentialAction":[{"@type":"SearchAction","target":{"@type":"EntryPoint","urlTemplate":"https:\/\/coelectrix.com\/pt-pt\/?s={search_term_string}"},"query-input":{"@type":"PropertyValueSpecification","valueRequired":true,"valueName":"search_term_string"}}],"inLanguage":"pt-PT"},{"@type":"Organization","@id":"https:\/\/coelectrix.com\/pt-pt\/#organization","name":"coelectrix.com","url":"https:\/\/coelectrix.com\/pt-pt\/","logo":{"@type":"ImageObject","inLanguage":"pt-PT","@id":"https:\/\/coelectrix.com\/pt-pt\/#\/schema\/logo\/image\/","url":"https:\/\/coelectrix.com\/wp-content\/uploads\/2018\/05\/logo-coelectrix-400x400.jpg","contentUrl":"https:\/\/coelectrix.com\/wp-content\/uploads\/2018\/05\/logo-coelectrix-400x400.jpg","width":300,"height":300,"caption":"coelectrix.com"},"image":{"@id":"https:\/\/coelectrix.com\/pt-pt\/#\/schema\/logo\/image\/"}}]}},"_links":{"self":[{"href":"https:\/\/coelectrix.com\/pt-pt\/wp-json\/wp\/v2\/product\/76080","targetHints":{"allow":["GET"]}}],"collection":[{"href":"https:\/\/coelectrix.com\/pt-pt\/wp-json\/wp\/v2\/product"}],"about":[{"href":"https:\/\/coelectrix.com\/pt-pt\/wp-json\/wp\/v2\/types\/product"}],"version-history":[{"count":1,"href":"https:\/\/coelectrix.com\/pt-pt\/wp-json\/wp\/v2\/product\/76080\/revisions"}],"predecessor-version":[{"id":76832,"href":"https:\/\/coelectrix.com\/pt-pt\/wp-json\/wp\/v2\/product\/76080\/revisions\/76832"}],"wp:featuredmedia":[{"embeddable":true,"href":"https:\/\/coelectrix.com\/pt-pt\/wp-json\/wp\/v2\/media\/81367"}],"wp:attachment":[{"href":"https:\/\/coelectrix.com\/pt-pt\/wp-json\/wp\/v2\/media?parent=76080"}],"wp:term":[{"taxonomy":"product_brand","embeddable":true,"href":"https:\/\/coelectrix.com\/pt-pt\/wp-json\/wp\/v2\/product_brand?post=76080"},{"taxonomy":"product_cat","embeddable":true,"href":"https:\/\/coelectrix.com\/pt-pt\/wp-json\/wp\/v2\/product_cat?post=76080"},{"taxonomy":"product_tag","embeddable":true,"href":"https:\/\/coelectrix.com\/pt-pt\/wp-json\/wp\/v2\/product_tag?post=76080"}],"curies":[{"name":"wp","href":"https:\/\/api.w.org\/{rel}","templated":true}]}}