{"id":76089,"date":"2023-11-04T12:06:03","date_gmt":"2023-11-04T11:06:03","guid":{"rendered":"https:\/\/coelectrix.com\/producto\/caixa-para-6-reles-e-6-fusiveis-com-terminais-nao-cablados"},"modified":"2025-08-19T06:01:20","modified_gmt":"2025-08-19T04:01:20","slug":"caixa-para-6-reles-e-6-fusiveis-com-terminais-nao-cablados","status":"publish","type":"product","link":"https:\/\/coelectrix.com\/pt-pt\/produto\/caixa-para-6-reles-e-6-fusiveis-com-terminais-sem-cabos","title":{"rendered":"Caixa para 6 rel\u00e9s e 6 fus\u00edveis com terminais &#8211; n\u00e3o cablados -."},"content":{"rendered":"<h2><b>Caixa para 6 rel\u00e9s e 6 fus\u00edveis com terminais<\/b><\/h2>\n<p>Com este m\u00f3dulo pode instalar de forma f\u00e1cil e compacta at\u00e9 6 rel\u00e9s de 4 ou 5 pinos e 6 fus\u00edveis de l\u00e2mina ATO standard (12v).<\/p>\n<p>\u00c9 composto por uma base para os componentes, uma tampa superior com fecho de clique e uma tampa inferior para proteger a sa\u00edda do cabo. O m\u00f3dulo possui 2 suportes para ancorar ou fixar a caixa lateralmente.<\/p>\n<p>Dimens\u00f5es da caixa:<\/p>\n<p><img fetchpriority=\"high\" decoding=\"async\" class=\"alignnone wp-image-55217\" src=\"https:\/\/coelectrix.com\/wp-content\/uploads\/2023\/11\/caja-reles-medidas-300x300.jpg\" alt=\"\" width=\"415\" height=\"415\" srcset=\"https:\/\/coelectrix.com\/wp-content\/uploads\/2023\/11\/caja-reles-medidas-300x300.jpg 300w, https:\/\/coelectrix.com\/wp-content\/uploads\/2023\/11\/caja-reles-medidas-150x150.jpg 150w, https:\/\/coelectrix.com\/wp-content\/uploads\/2023\/11\/caja-reles-medidas-196x196.jpg 196w, https:\/\/coelectrix.com\/wp-content\/uploads\/2023\/11\/caja-reles-medidas-416x416.jpg 416w, https:\/\/coelectrix.com\/wp-content\/uploads\/2023\/11\/caja-reles-medidas-100x100.jpg 100w, https:\/\/coelectrix.com\/wp-content\/uploads\/2023\/11\/caja-reles-medidas-50x50.jpg 50w, https:\/\/coelectrix.com\/wp-content\/uploads\/2023\/11\/caja-reles-medidas.jpg 600w\" sizes=\"(max-width: 415px) 100vw, 415px\" \/><\/p>\n<p>A ideia \u00e9 obter algo deste g\u00e9nero:<\/p>\n<p><img decoding=\"async\" class=\"alignnone size-medium wp-image-55214\" src=\"https:\/\/coelectrix.com\/wp-content\/uploads\/2023\/11\/caja-reles-con-cables-300x300.jpg\" alt=\"\" width=\"300\" height=\"300\" srcset=\"https:\/\/coelectrix.com\/wp-content\/uploads\/2023\/11\/caja-reles-con-cables-300x300.jpg 300w, https:\/\/coelectrix.com\/wp-content\/uploads\/2023\/11\/caja-reles-con-cables-150x150.jpg 150w, https:\/\/coelectrix.com\/wp-content\/uploads\/2023\/11\/caja-reles-con-cables-196x196.jpg 196w, https:\/\/coelectrix.com\/wp-content\/uploads\/2023\/11\/caja-reles-con-cables-416x416.jpg 416w, https:\/\/coelectrix.com\/wp-content\/uploads\/2023\/11\/caja-reles-con-cables-100x100.jpg 100w, https:\/\/coelectrix.com\/wp-content\/uploads\/2023\/11\/caja-reles-con-cables-50x50.jpg 50w, https:\/\/coelectrix.com\/wp-content\/uploads\/2023\/11\/caja-reles-con-cables.jpg 600w\" sizes=\"(max-width: 300px) 100vw, 300px\" \/> <img decoding=\"async\" class=\"alignnone size-medium wp-image-55215\" src=\"https:\/\/coelectrix.com\/wp-content\/uploads\/2023\/11\/caja-reles-cableada-300x300.jpg\" alt=\"\" width=\"300\" height=\"300\" srcset=\"https:\/\/coelectrix.com\/wp-content\/uploads\/2023\/11\/caja-reles-cableada-300x300.jpg 300w, https:\/\/coelectrix.com\/wp-content\/uploads\/2023\/11\/caja-reles-cableada-150x150.jpg 150w, https:\/\/coelectrix.com\/wp-content\/uploads\/2023\/11\/caja-reles-cableada-196x196.jpg 196w, https:\/\/coelectrix.com\/wp-content\/uploads\/2023\/11\/caja-reles-cableada-416x416.jpg 416w, https:\/\/coelectrix.com\/wp-content\/uploads\/2023\/11\/caja-reles-cableada-100x100.jpg 100w, https:\/\/coelectrix.com\/wp-content\/uploads\/2023\/11\/caja-reles-cableada-50x50.jpg 50w, https:\/\/coelectrix.com\/wp-content\/uploads\/2023\/11\/caja-reles-cableada.jpg 600w\" sizes=\"(max-width: 300px) 100vw, 300px\" \/><\/p>\n","protected":false},"excerpt":{"rendered":"<p>Caixa com tampa para alojar 6 rel\u00e9s e 6 fus\u00edveis com todos os terminais necess\u00e1rios para as liga\u00e7\u00f5es.<\/p>\n<p>A caixa pode alojar:<\/p>\n<p>5 rel\u00e9s at\u00e9 40A 12v com 4 ou 5 pinos (n\u00e3o adequado para rel\u00e9s de pot\u00eancia).<br \/>\n1 Rel\u00e9 at\u00e9 40A 12v com 4 pinos<br \/>\n6 fus\u00edveis tipo ATO standard<\/p>\n<p><strong>*Os rel\u00e9s, os fus\u00edveis e a cablagem n\u00e3o est\u00e3o inclu\u00eddos.<\/strong><\/p>\n","protected":false},"featured_media":74307,"template":"","meta":{"_acf_changed":false},"product_brand":[],"product_cat":[1388],"product_tag":[],"class_list":{"0":"post-76089","1":"product","2":"type-product","3":"status-publish","4":"has-post-thumbnail","6":"product_cat-porta-fusiveis","8":"first","9":"outofstock","10":"taxable","11":"shipping-taxable","12":"purchasable","13":"product-type-simple"},"acf":[],"yoast_head":"<!-- This site is optimized with the Yoast SEO plugin v27.2 - https:\/\/yoast.com\/product\/yoast-seo-wordpress\/ -->\n<title>\u25b7 Caixa para 6 rel\u00e9s e 6 fus\u00edveis com terminais - n\u00e3o cablados -. | Coelectrix.com<\/title>\n<meta name=\"description\" content=\"Caixa com tampa para alojar 5 rel\u00e9s e 6 fus\u00edveis com todos os terminais necess\u00e1rios para as liga\u00e7\u00f5es. 6 rel\u00e9s at\u00e9 40A com 4 ou 5 pinos e 6 fus\u00edveis ATO.\" \/>\n<meta name=\"robots\" content=\"index, follow, max-snippet:-1, max-image-preview:large, max-video-preview:-1\" \/>\n<link rel=\"canonical\" href=\"https:\/\/coelectrix.com\/pt-pt\/produto\/caixa-para-6-reles-e-6-fusiveis-com-terminais-sem-cabos\" \/>\n<meta property=\"og:locale\" content=\"pt_PT\" \/>\n<meta property=\"og:type\" content=\"article\" \/>\n<meta property=\"og:title\" content=\"\u25b7 Caixa para 6 rel\u00e9s e 6 fus\u00edveis com terminais - n\u00e3o cablados -. | Coelectrix.com\" \/>\n<meta property=\"og:description\" content=\"Caixa com tampa para alojar 5 rel\u00e9s e 6 fus\u00edveis com todos os terminais necess\u00e1rios para as liga\u00e7\u00f5es. 6 rel\u00e9s at\u00e9 40A com 4 ou 5 pinos e 6 fus\u00edveis ATO.\" \/>\n<meta property=\"og:url\" content=\"https:\/\/coelectrix.com\/pt-pt\/produto\/caixa-para-6-reles-e-6-fusiveis-com-terminais-sem-cabos\" \/>\n<meta property=\"og:site_name\" content=\"Coelectrix\" \/>\n<meta property=\"article:modified_time\" content=\"2025-08-19T04:01:20+00:00\" \/>\n<meta property=\"og:image\" content=\"https:\/\/coelectrix.com\/wp-content\/uploads\/2023\/11\/Caja-para-6-Reles-y-6-Fusibles-con-terminales.jpg\" \/>\n\t<meta property=\"og:image:width\" content=\"600\" \/>\n\t<meta property=\"og:image:height\" content=\"600\" \/>\n\t<meta property=\"og:image:type\" content=\"image\/jpeg\" \/>\n<meta name=\"twitter:card\" content=\"summary_large_image\" \/>\n<script type=\"application\/ld+json\" class=\"yoast-schema-graph\">{\"@context\":\"https:\/\/schema.org\",\"@graph\":[{\"@type\":\"WebPage\",\"@id\":\"https:\/\/coelectrix.com\/pt-pt\/produto\/caixa-para-6-reles-e-6-fusiveis-com-terminais-sem-cabos\",\"url\":\"https:\/\/coelectrix.com\/pt-pt\/produto\/caixa-para-6-reles-e-6-fusiveis-com-terminais-sem-cabos\",\"name\":\"\u25b7 Caixa para 6 rel\u00e9s e 6 fus\u00edveis com terminais - n\u00e3o cablados -. | Coelectrix.com\",\"isPartOf\":{\"@id\":\"https:\/\/coelectrix.com\/pt-pt\/#website\"},\"primaryImageOfPage\":{\"@id\":\"https:\/\/coelectrix.com\/pt-pt\/produto\/caixa-para-6-reles-e-6-fusiveis-com-terminais-sem-cabos#primaryimage\"},\"image\":{\"@id\":\"https:\/\/coelectrix.com\/pt-pt\/produto\/caixa-para-6-reles-e-6-fusiveis-com-terminais-sem-cabos#primaryimage\"},\"thumbnailUrl\":\"https:\/\/coelectrix.com\/wp-content\/uploads\/2023\/11\/Caja-para-6-Reles-y-6-Fusibles-con-terminales.jpg\",\"datePublished\":\"2023-11-04T11:06:03+00:00\",\"dateModified\":\"2025-08-19T04:01:20+00:00\",\"description\":\"Caixa com tampa para alojar 5 rel\u00e9s e 6 fus\u00edveis com todos os terminais necess\u00e1rios para as liga\u00e7\u00f5es. 6 rel\u00e9s at\u00e9 40A com 4 ou 5 pinos e 6 fus\u00edveis ATO.\",\"breadcrumb\":{\"@id\":\"https:\/\/coelectrix.com\/pt-pt\/produto\/caixa-para-6-reles-e-6-fusiveis-com-terminais-sem-cabos#breadcrumb\"},\"inLanguage\":\"pt-PT\",\"potentialAction\":[{\"@type\":\"ReadAction\",\"target\":[\"https:\/\/coelectrix.com\/pt-pt\/produto\/caixa-para-6-reles-e-6-fusiveis-com-terminais-sem-cabos\"]}]},{\"@type\":\"ImageObject\",\"inLanguage\":\"pt-PT\",\"@id\":\"https:\/\/coelectrix.com\/pt-pt\/produto\/caixa-para-6-reles-e-6-fusiveis-com-terminais-sem-cabos#primaryimage\",\"url\":\"https:\/\/coelectrix.com\/wp-content\/uploads\/2023\/11\/Caja-para-6-Reles-y-6-Fusibles-con-terminales.jpg\",\"contentUrl\":\"https:\/\/coelectrix.com\/wp-content\/uploads\/2023\/11\/Caja-para-6-Reles-y-6-Fusibles-con-terminales.jpg\",\"width\":600,\"height\":600,\"caption\":\"Caixa para 6 rel\u00e9s e 6 fus\u00edveis com terminais\"},{\"@type\":\"BreadcrumbList\",\"@id\":\"https:\/\/coelectrix.com\/pt-pt\/produto\/caixa-para-6-reles-e-6-fusiveis-com-terminais-sem-cabos#breadcrumb\",\"itemListElement\":[{\"@type\":\"ListItem\",\"position\":1,\"name\":\"Portada\",\"item\":\"https:\/\/coelectrix.com\/\"},{\"@type\":\"ListItem\",\"position\":2,\"name\":\"Loja\",\"item\":\"https:\/\/coelectrix.com\/pt-pt\/loja\"},{\"@type\":\"ListItem\",\"position\":3,\"name\":\"Caixa para 6 rel\u00e9s e 6 fus\u00edveis com terminais &#8211; n\u00e3o cablados -.\"}]},{\"@type\":\"WebSite\",\"@id\":\"https:\/\/coelectrix.com\/pt-pt\/#website\",\"url\":\"https:\/\/coelectrix.com\/pt-pt\/\",\"name\":\"Coelectrix\",\"description\":\"Componentes el\u00e9ctricos\",\"publisher\":{\"@id\":\"https:\/\/coelectrix.com\/pt-pt\/#organization\"},\"potentialAction\":[{\"@type\":\"SearchAction\",\"target\":{\"@type\":\"EntryPoint\",\"urlTemplate\":\"https:\/\/coelectrix.com\/pt-pt\/?s={search_term_string}\"},\"query-input\":{\"@type\":\"PropertyValueSpecification\",\"valueRequired\":true,\"valueName\":\"search_term_string\"}}],\"inLanguage\":\"pt-PT\"},{\"@type\":\"Organization\",\"@id\":\"https:\/\/coelectrix.com\/pt-pt\/#organization\",\"name\":\"coelectrix.com\",\"url\":\"https:\/\/coelectrix.com\/pt-pt\/\",\"logo\":{\"@type\":\"ImageObject\",\"inLanguage\":\"pt-PT\",\"@id\":\"https:\/\/coelectrix.com\/pt-pt\/#\/schema\/logo\/image\/\",\"url\":\"https:\/\/coelectrix.com\/wp-content\/uploads\/2018\/05\/logo-coelectrix-400x400.jpg\",\"contentUrl\":\"https:\/\/coelectrix.com\/wp-content\/uploads\/2018\/05\/logo-coelectrix-400x400.jpg\",\"width\":300,\"height\":300,\"caption\":\"coelectrix.com\"},\"image\":{\"@id\":\"https:\/\/coelectrix.com\/pt-pt\/#\/schema\/logo\/image\/\"}}]}<\/script>\n<!-- \/ Yoast SEO plugin. -->","yoast_head_json":{"title":"\u25b7 Caixa para 6 rel\u00e9s e 6 fus\u00edveis com terminais - n\u00e3o cablados -. | Coelectrix.com","description":"Caixa com tampa para alojar 5 rel\u00e9s e 6 fus\u00edveis com todos os terminais necess\u00e1rios para as liga\u00e7\u00f5es. 6 rel\u00e9s at\u00e9 40A com 4 ou 5 pinos e 6 fus\u00edveis ATO.","robots":{"index":"index","follow":"follow","max-snippet":"max-snippet:-1","max-image-preview":"max-image-preview:large","max-video-preview":"max-video-preview:-1"},"canonical":"https:\/\/coelectrix.com\/pt-pt\/produto\/caixa-para-6-reles-e-6-fusiveis-com-terminais-sem-cabos","og_locale":"pt_PT","og_type":"article","og_title":"\u25b7 Caixa para 6 rel\u00e9s e 6 fus\u00edveis com terminais - n\u00e3o cablados -. | Coelectrix.com","og_description":"Caixa com tampa para alojar 5 rel\u00e9s e 6 fus\u00edveis com todos os terminais necess\u00e1rios para as liga\u00e7\u00f5es. 6 rel\u00e9s at\u00e9 40A com 4 ou 5 pinos e 6 fus\u00edveis ATO.","og_url":"https:\/\/coelectrix.com\/pt-pt\/produto\/caixa-para-6-reles-e-6-fusiveis-com-terminais-sem-cabos","og_site_name":"Coelectrix","article_modified_time":"2025-08-19T04:01:20+00:00","og_image":[{"width":600,"height":600,"url":"https:\/\/coelectrix.com\/wp-content\/uploads\/2023\/11\/Caja-para-6-Reles-y-6-Fusibles-con-terminales.jpg","type":"image\/jpeg"}],"twitter_card":"summary_large_image","schema":{"@context":"https:\/\/schema.org","@graph":[{"@type":"WebPage","@id":"https:\/\/coelectrix.com\/pt-pt\/produto\/caixa-para-6-reles-e-6-fusiveis-com-terminais-sem-cabos","url":"https:\/\/coelectrix.com\/pt-pt\/produto\/caixa-para-6-reles-e-6-fusiveis-com-terminais-sem-cabos","name":"\u25b7 Caixa para 6 rel\u00e9s e 6 fus\u00edveis com terminais - n\u00e3o cablados -. | Coelectrix.com","isPartOf":{"@id":"https:\/\/coelectrix.com\/pt-pt\/#website"},"primaryImageOfPage":{"@id":"https:\/\/coelectrix.com\/pt-pt\/produto\/caixa-para-6-reles-e-6-fusiveis-com-terminais-sem-cabos#primaryimage"},"image":{"@id":"https:\/\/coelectrix.com\/pt-pt\/produto\/caixa-para-6-reles-e-6-fusiveis-com-terminais-sem-cabos#primaryimage"},"thumbnailUrl":"https:\/\/coelectrix.com\/wp-content\/uploads\/2023\/11\/Caja-para-6-Reles-y-6-Fusibles-con-terminales.jpg","datePublished":"2023-11-04T11:06:03+00:00","dateModified":"2025-08-19T04:01:20+00:00","description":"Caixa com tampa para alojar 5 rel\u00e9s e 6 fus\u00edveis com todos os terminais necess\u00e1rios para as liga\u00e7\u00f5es. 6 rel\u00e9s at\u00e9 40A com 4 ou 5 pinos e 6 fus\u00edveis ATO.","breadcrumb":{"@id":"https:\/\/coelectrix.com\/pt-pt\/produto\/caixa-para-6-reles-e-6-fusiveis-com-terminais-sem-cabos#breadcrumb"},"inLanguage":"pt-PT","potentialAction":[{"@type":"ReadAction","target":["https:\/\/coelectrix.com\/pt-pt\/produto\/caixa-para-6-reles-e-6-fusiveis-com-terminais-sem-cabos"]}]},{"@type":"ImageObject","inLanguage":"pt-PT","@id":"https:\/\/coelectrix.com\/pt-pt\/produto\/caixa-para-6-reles-e-6-fusiveis-com-terminais-sem-cabos#primaryimage","url":"https:\/\/coelectrix.com\/wp-content\/uploads\/2023\/11\/Caja-para-6-Reles-y-6-Fusibles-con-terminales.jpg","contentUrl":"https:\/\/coelectrix.com\/wp-content\/uploads\/2023\/11\/Caja-para-6-Reles-y-6-Fusibles-con-terminales.jpg","width":600,"height":600,"caption":"Caixa para 6 rel\u00e9s e 6 fus\u00edveis com terminais"},{"@type":"BreadcrumbList","@id":"https:\/\/coelectrix.com\/pt-pt\/produto\/caixa-para-6-reles-e-6-fusiveis-com-terminais-sem-cabos#breadcrumb","itemListElement":[{"@type":"ListItem","position":1,"name":"Portada","item":"https:\/\/coelectrix.com\/"},{"@type":"ListItem","position":2,"name":"Loja","item":"https:\/\/coelectrix.com\/pt-pt\/loja"},{"@type":"ListItem","position":3,"name":"Caixa para 6 rel\u00e9s e 6 fus\u00edveis com terminais &#8211; n\u00e3o cablados -."}]},{"@type":"WebSite","@id":"https:\/\/coelectrix.com\/pt-pt\/#website","url":"https:\/\/coelectrix.com\/pt-pt\/","name":"Coelectrix","description":"Componentes el\u00e9ctricos","publisher":{"@id":"https:\/\/coelectrix.com\/pt-pt\/#organization"},"potentialAction":[{"@type":"SearchAction","target":{"@type":"EntryPoint","urlTemplate":"https:\/\/coelectrix.com\/pt-pt\/?s={search_term_string}"},"query-input":{"@type":"PropertyValueSpecification","valueRequired":true,"valueName":"search_term_string"}}],"inLanguage":"pt-PT"},{"@type":"Organization","@id":"https:\/\/coelectrix.com\/pt-pt\/#organization","name":"coelectrix.com","url":"https:\/\/coelectrix.com\/pt-pt\/","logo":{"@type":"ImageObject","inLanguage":"pt-PT","@id":"https:\/\/coelectrix.com\/pt-pt\/#\/schema\/logo\/image\/","url":"https:\/\/coelectrix.com\/wp-content\/uploads\/2018\/05\/logo-coelectrix-400x400.jpg","contentUrl":"https:\/\/coelectrix.com\/wp-content\/uploads\/2018\/05\/logo-coelectrix-400x400.jpg","width":300,"height":300,"caption":"coelectrix.com"},"image":{"@id":"https:\/\/coelectrix.com\/pt-pt\/#\/schema\/logo\/image\/"}}]}},"_links":{"self":[{"href":"https:\/\/coelectrix.com\/pt-pt\/wp-json\/wp\/v2\/product\/76089","targetHints":{"allow":["GET"]}}],"collection":[{"href":"https:\/\/coelectrix.com\/pt-pt\/wp-json\/wp\/v2\/product"}],"about":[{"href":"https:\/\/coelectrix.com\/pt-pt\/wp-json\/wp\/v2\/types\/product"}],"version-history":[{"count":1,"href":"https:\/\/coelectrix.com\/pt-pt\/wp-json\/wp\/v2\/product\/76089\/revisions"}],"predecessor-version":[{"id":76636,"href":"https:\/\/coelectrix.com\/pt-pt\/wp-json\/wp\/v2\/product\/76089\/revisions\/76636"}],"wp:featuredmedia":[{"embeddable":true,"href":"https:\/\/coelectrix.com\/pt-pt\/wp-json\/wp\/v2\/media\/74307"}],"wp:attachment":[{"href":"https:\/\/coelectrix.com\/pt-pt\/wp-json\/wp\/v2\/media?parent=76089"}],"wp:term":[{"taxonomy":"product_brand","embeddable":true,"href":"https:\/\/coelectrix.com\/pt-pt\/wp-json\/wp\/v2\/product_brand?post=76089"},{"taxonomy":"product_cat","embeddable":true,"href":"https:\/\/coelectrix.com\/pt-pt\/wp-json\/wp\/v2\/product_cat?post=76089"},{"taxonomy":"product_tag","embeddable":true,"href":"https:\/\/coelectrix.com\/pt-pt\/wp-json\/wp\/v2\/product_tag?post=76089"}],"curies":[{"name":"wp","href":"https:\/\/api.w.org\/{rel}","templated":true}]}}