{"id":76093,"date":"2022-07-01T06:59:09","date_gmt":"2022-07-01T04:59:09","guid":{"rendered":"https:\/\/coelectrix.com\/producto\/jumper-do-fusivel-mta"},"modified":"2025-08-19T06:02:32","modified_gmt":"2025-08-19T04:02:32","slug":"jumper-do-fusivel-mta","status":"publish","type":"product","link":"https:\/\/coelectrix.com\/pt-pt\/produto\/fuse-union-bridge-mta","title":{"rendered":"Jumper do fus\u00edvel MTA"},"content":{"rendered":"<h2><b>Jumper do fus\u00edvel MTA<\/b><\/h2>\n<p><a href=\"https:\/\/coelectrix.com\/wp-content\/uploads\/2022\/07\/MTA_03015XX-1.pdf\" target=\"_blank\" rel=\"noopener\">Ficha de dados com dimens\u00f5es e refer\u00eancias de produtos<\/a><\/p>\n<p><img fetchpriority=\"high\" decoding=\"async\" class=\"alignnone size-medium wp-image-39265\" src=\"https:\/\/coelectrix.com\/wp-content\/uploads\/2022\/04\/portafusibles-midi-apilables-busbar-300x300.jpg\" alt=\"\" width=\"300\" height=\"300\" srcset=\"https:\/\/coelectrix.com\/wp-content\/uploads\/2022\/04\/portafusibles-midi-apilables-busbar-300x300.jpg 300w, https:\/\/coelectrix.com\/wp-content\/uploads\/2022\/04\/portafusibles-midi-apilables-busbar-150x150.jpg 150w, https:\/\/coelectrix.com\/wp-content\/uploads\/2022\/04\/portafusibles-midi-apilables-busbar-196x196.jpg 196w, https:\/\/coelectrix.com\/wp-content\/uploads\/2022\/04\/portafusibles-midi-apilables-busbar-416x416.jpg 416w, https:\/\/coelectrix.com\/wp-content\/uploads\/2022\/04\/portafusibles-midi-apilables-busbar-100x100.jpg 100w, https:\/\/coelectrix.com\/wp-content\/uploads\/2022\/04\/portafusibles-midi-apilables-busbar-64x64.jpg 64w, https:\/\/coelectrix.com\/wp-content\/uploads\/2022\/04\/portafusibles-midi-apilables-busbar.jpg 600w\" sizes=\"(max-width: 300px) 100vw, 300px\" \/><\/p>\n<p><img decoding=\"async\" class=\"alignnone size-medium wp-image-39264\" src=\"https:\/\/coelectrix.com\/wp-content\/uploads\/2022\/04\/portafusibles-midi-apilable-con-busbar-300x300.jpg\" alt=\"\" width=\"300\" height=\"300\" srcset=\"https:\/\/coelectrix.com\/wp-content\/uploads\/2022\/04\/portafusibles-midi-apilable-con-busbar-300x300.jpg 300w, https:\/\/coelectrix.com\/wp-content\/uploads\/2022\/04\/portafusibles-midi-apilable-con-busbar-150x150.jpg 150w, https:\/\/coelectrix.com\/wp-content\/uploads\/2022\/04\/portafusibles-midi-apilable-con-busbar-196x196.jpg 196w, https:\/\/coelectrix.com\/wp-content\/uploads\/2022\/04\/portafusibles-midi-apilable-con-busbar-416x416.jpg 416w, https:\/\/coelectrix.com\/wp-content\/uploads\/2022\/04\/portafusibles-midi-apilable-con-busbar-100x100.jpg 100w, https:\/\/coelectrix.com\/wp-content\/uploads\/2022\/04\/portafusibles-midi-apilable-con-busbar-64x64.jpg 64w, https:\/\/coelectrix.com\/wp-content\/uploads\/2022\/04\/portafusibles-midi-apilable-con-busbar.jpg 600w\" sizes=\"(max-width: 300px) 100vw, 300px\" \/><\/p>\n<p><img decoding=\"async\" class=\"alignnone size-medium wp-image-39261\" src=\"https:\/\/coelectrix.com\/wp-content\/uploads\/2022\/04\/portafusibles-midi-apilable-busbar-mta-300x300.jpg\" alt=\"\" width=\"300\" height=\"300\" srcset=\"https:\/\/coelectrix.com\/wp-content\/uploads\/2022\/04\/portafusibles-midi-apilable-busbar-mta-300x300.jpg 300w, https:\/\/coelectrix.com\/wp-content\/uploads\/2022\/04\/portafusibles-midi-apilable-busbar-mta-150x150.jpg 150w, https:\/\/coelectrix.com\/wp-content\/uploads\/2022\/04\/portafusibles-midi-apilable-busbar-mta-196x196.jpg 196w, https:\/\/coelectrix.com\/wp-content\/uploads\/2022\/04\/portafusibles-midi-apilable-busbar-mta-416x416.jpg 416w, https:\/\/coelectrix.com\/wp-content\/uploads\/2022\/04\/portafusibles-midi-apilable-busbar-mta-100x100.jpg 100w, https:\/\/coelectrix.com\/wp-content\/uploads\/2022\/04\/portafusibles-midi-apilable-busbar-mta-64x64.jpg 64w, https:\/\/coelectrix.com\/wp-content\/uploads\/2022\/04\/portafusibles-midi-apilable-busbar-mta.jpg 600w\" sizes=\"(max-width: 300px) 100vw, 300px\" \/><\/p>\n<p><img loading=\"lazy\" decoding=\"async\" class=\"alignnone size-medium wp-image-39269\" src=\"https:\/\/coelectrix.com\/wp-content\/uploads\/2022\/04\/portafusiblrs-mega-y-midi-convinados-300x300.jpg\" alt=\"\" width=\"300\" height=\"300\" srcset=\"https:\/\/coelectrix.com\/wp-content\/uploads\/2022\/04\/portafusiblrs-mega-y-midi-convinados-300x300.jpg 300w, https:\/\/coelectrix.com\/wp-content\/uploads\/2022\/04\/portafusiblrs-mega-y-midi-convinados-150x150.jpg 150w, https:\/\/coelectrix.com\/wp-content\/uploads\/2022\/04\/portafusiblrs-mega-y-midi-convinados-196x196.jpg 196w, https:\/\/coelectrix.com\/wp-content\/uploads\/2022\/04\/portafusiblrs-mega-y-midi-convinados-416x416.jpg 416w, https:\/\/coelectrix.com\/wp-content\/uploads\/2022\/04\/portafusiblrs-mega-y-midi-convinados-100x100.jpg 100w, https:\/\/coelectrix.com\/wp-content\/uploads\/2022\/04\/portafusiblrs-mega-y-midi-convinados-64x64.jpg 64w, https:\/\/coelectrix.com\/wp-content\/uploads\/2022\/04\/portafusiblrs-mega-y-midi-convinados.jpg 600w\" sizes=\"(max-width: 300px) 100vw, 300px\" \/><\/p>\n","protected":false},"excerpt":{"rendered":"<p>Com estes jumpers, dois ou mais porta-fus\u00edveis MTA Midi ou Mega podem ser ligados em diferentes combina\u00e7\u00f5es, de modo a que v\u00e1rios dispositivos possam ser protegidos com um \u00fanico cabo de alimenta\u00e7\u00e3o.<\/p>\n","protected":false},"featured_media":73850,"template":"","meta":{"_acf_changed":false},"product_brand":[],"product_cat":[1388],"product_tag":[],"class_list":{"0":"post-76093","1":"product","2":"type-product","3":"status-publish","4":"has-post-thumbnail","6":"product_cat-porta-fusiveis","8":"first","9":"instock","10":"taxable","11":"shipping-taxable","12":"purchasable","13":"product-type-variable"},"acf":[],"yoast_head":"<!-- This site is optimized with the Yoast SEO plugin v27.2 - https:\/\/yoast.com\/product\/yoast-seo-wordpress\/ -->\n<title>\u25b7 Jumper do fus\u00edvel MTA | Coelectrix.com<\/title>\n<meta name=\"robots\" content=\"index, follow, max-snippet:-1, max-image-preview:large, max-video-preview:-1\" \/>\n<link rel=\"canonical\" href=\"https:\/\/coelectrix.com\/pt-pt\/produto\/fuse-union-bridge-mta\" \/>\n<meta property=\"og:locale\" content=\"pt_PT\" \/>\n<meta property=\"og:type\" content=\"article\" \/>\n<meta property=\"og:title\" content=\"\u25b7 Jumper do fus\u00edvel MTA | Coelectrix.com\" \/>\n<meta property=\"og:description\" content=\"Com estes jumpers, dois ou mais porta-fus\u00edveis MTA Midi ou Mega podem ser ligados em diferentes combina\u00e7\u00f5es, de modo a que v\u00e1rios dispositivos possam ser protegidos com um \u00fanico cabo de alimenta\u00e7\u00e3o.\" \/>\n<meta property=\"og:url\" content=\"https:\/\/coelectrix.com\/pt-pt\/produto\/fuse-union-bridge-mta\" \/>\n<meta property=\"og:site_name\" content=\"Coelectrix\" \/>\n<meta property=\"article:modified_time\" content=\"2025-08-19T04:02:32+00:00\" \/>\n<meta property=\"og:image\" content=\"https:\/\/coelectrix.com\/wp-content\/uploads\/2022\/04\/portafusibles-busbar-barra-cobre-mta.jpg\" \/>\n\t<meta property=\"og:image:width\" content=\"600\" \/>\n\t<meta property=\"og:image:height\" content=\"600\" \/>\n\t<meta property=\"og:image:type\" content=\"image\/jpeg\" \/>\n<meta name=\"twitter:card\" content=\"summary_large_image\" \/>\n<script type=\"application\/ld+json\" class=\"yoast-schema-graph\">{\"@context\":\"https:\/\/schema.org\",\"@graph\":[{\"@type\":\"WebPage\",\"@id\":\"https:\/\/coelectrix.com\/pt-pt\/produto\/fuse-union-bridge-mta\",\"url\":\"https:\/\/coelectrix.com\/pt-pt\/produto\/fuse-union-bridge-mta\",\"name\":\"\u25b7 Jumper do fus\u00edvel MTA | Coelectrix.com\",\"isPartOf\":{\"@id\":\"https:\/\/coelectrix.com\/pt-pt\/#website\"},\"primaryImageOfPage\":{\"@id\":\"https:\/\/coelectrix.com\/pt-pt\/produto\/fuse-union-bridge-mta#primaryimage\"},\"image\":{\"@id\":\"https:\/\/coelectrix.com\/pt-pt\/produto\/fuse-union-bridge-mta#primaryimage\"},\"thumbnailUrl\":\"https:\/\/coelectrix.com\/wp-content\/uploads\/2022\/04\/portafusibles-busbar-barra-cobre-mta.jpg\",\"datePublished\":\"2022-07-01T04:59:09+00:00\",\"dateModified\":\"2025-08-19T04:02:32+00:00\",\"breadcrumb\":{\"@id\":\"https:\/\/coelectrix.com\/pt-pt\/produto\/fuse-union-bridge-mta#breadcrumb\"},\"inLanguage\":\"pt-PT\",\"potentialAction\":[{\"@type\":\"ReadAction\",\"target\":[\"https:\/\/coelectrix.com\/pt-pt\/produto\/fuse-union-bridge-mta\"]}]},{\"@type\":\"ImageObject\",\"inLanguage\":\"pt-PT\",\"@id\":\"https:\/\/coelectrix.com\/pt-pt\/produto\/fuse-union-bridge-mta#primaryimage\",\"url\":\"https:\/\/coelectrix.com\/wp-content\/uploads\/2022\/04\/portafusibles-busbar-barra-cobre-mta.jpg\",\"contentUrl\":\"https:\/\/coelectrix.com\/wp-content\/uploads\/2022\/04\/portafusibles-busbar-barra-cobre-mta.jpg\",\"width\":600,\"height\":600},{\"@type\":\"BreadcrumbList\",\"@id\":\"https:\/\/coelectrix.com\/pt-pt\/produto\/fuse-union-bridge-mta#breadcrumb\",\"itemListElement\":[{\"@type\":\"ListItem\",\"position\":1,\"name\":\"Portada\",\"item\":\"https:\/\/coelectrix.com\/\"},{\"@type\":\"ListItem\",\"position\":2,\"name\":\"Loja\",\"item\":\"https:\/\/coelectrix.com\/pt-pt\/loja\"},{\"@type\":\"ListItem\",\"position\":3,\"name\":\"Jumper do fus\u00edvel MTA\"}]},{\"@type\":\"WebSite\",\"@id\":\"https:\/\/coelectrix.com\/pt-pt\/#website\",\"url\":\"https:\/\/coelectrix.com\/pt-pt\/\",\"name\":\"Coelectrix\",\"description\":\"Componentes el\u00e9ctricos\",\"publisher\":{\"@id\":\"https:\/\/coelectrix.com\/pt-pt\/#organization\"},\"potentialAction\":[{\"@type\":\"SearchAction\",\"target\":{\"@type\":\"EntryPoint\",\"urlTemplate\":\"https:\/\/coelectrix.com\/pt-pt\/?s={search_term_string}\"},\"query-input\":{\"@type\":\"PropertyValueSpecification\",\"valueRequired\":true,\"valueName\":\"search_term_string\"}}],\"inLanguage\":\"pt-PT\"},{\"@type\":\"Organization\",\"@id\":\"https:\/\/coelectrix.com\/pt-pt\/#organization\",\"name\":\"coelectrix.com\",\"url\":\"https:\/\/coelectrix.com\/pt-pt\/\",\"logo\":{\"@type\":\"ImageObject\",\"inLanguage\":\"pt-PT\",\"@id\":\"https:\/\/coelectrix.com\/pt-pt\/#\/schema\/logo\/image\/\",\"url\":\"https:\/\/coelectrix.com\/wp-content\/uploads\/2018\/05\/logo-coelectrix-400x400.jpg\",\"contentUrl\":\"https:\/\/coelectrix.com\/wp-content\/uploads\/2018\/05\/logo-coelectrix-400x400.jpg\",\"width\":300,\"height\":300,\"caption\":\"coelectrix.com\"},\"image\":{\"@id\":\"https:\/\/coelectrix.com\/pt-pt\/#\/schema\/logo\/image\/\"}}]}<\/script>\n<!-- \/ Yoast SEO plugin. -->","yoast_head_json":{"title":"\u25b7 Jumper do fus\u00edvel MTA | Coelectrix.com","robots":{"index":"index","follow":"follow","max-snippet":"max-snippet:-1","max-image-preview":"max-image-preview:large","max-video-preview":"max-video-preview:-1"},"canonical":"https:\/\/coelectrix.com\/pt-pt\/produto\/fuse-union-bridge-mta","og_locale":"pt_PT","og_type":"article","og_title":"\u25b7 Jumper do fus\u00edvel MTA | Coelectrix.com","og_description":"Com estes jumpers, dois ou mais porta-fus\u00edveis MTA Midi ou Mega podem ser ligados em diferentes combina\u00e7\u00f5es, de modo a que v\u00e1rios dispositivos possam ser protegidos com um \u00fanico cabo de alimenta\u00e7\u00e3o.","og_url":"https:\/\/coelectrix.com\/pt-pt\/produto\/fuse-union-bridge-mta","og_site_name":"Coelectrix","article_modified_time":"2025-08-19T04:02:32+00:00","og_image":[{"width":600,"height":600,"url":"https:\/\/coelectrix.com\/wp-content\/uploads\/2022\/04\/portafusibles-busbar-barra-cobre-mta.jpg","type":"image\/jpeg"}],"twitter_card":"summary_large_image","schema":{"@context":"https:\/\/schema.org","@graph":[{"@type":"WebPage","@id":"https:\/\/coelectrix.com\/pt-pt\/produto\/fuse-union-bridge-mta","url":"https:\/\/coelectrix.com\/pt-pt\/produto\/fuse-union-bridge-mta","name":"\u25b7 Jumper do fus\u00edvel MTA | Coelectrix.com","isPartOf":{"@id":"https:\/\/coelectrix.com\/pt-pt\/#website"},"primaryImageOfPage":{"@id":"https:\/\/coelectrix.com\/pt-pt\/produto\/fuse-union-bridge-mta#primaryimage"},"image":{"@id":"https:\/\/coelectrix.com\/pt-pt\/produto\/fuse-union-bridge-mta#primaryimage"},"thumbnailUrl":"https:\/\/coelectrix.com\/wp-content\/uploads\/2022\/04\/portafusibles-busbar-barra-cobre-mta.jpg","datePublished":"2022-07-01T04:59:09+00:00","dateModified":"2025-08-19T04:02:32+00:00","breadcrumb":{"@id":"https:\/\/coelectrix.com\/pt-pt\/produto\/fuse-union-bridge-mta#breadcrumb"},"inLanguage":"pt-PT","potentialAction":[{"@type":"ReadAction","target":["https:\/\/coelectrix.com\/pt-pt\/produto\/fuse-union-bridge-mta"]}]},{"@type":"ImageObject","inLanguage":"pt-PT","@id":"https:\/\/coelectrix.com\/pt-pt\/produto\/fuse-union-bridge-mta#primaryimage","url":"https:\/\/coelectrix.com\/wp-content\/uploads\/2022\/04\/portafusibles-busbar-barra-cobre-mta.jpg","contentUrl":"https:\/\/coelectrix.com\/wp-content\/uploads\/2022\/04\/portafusibles-busbar-barra-cobre-mta.jpg","width":600,"height":600},{"@type":"BreadcrumbList","@id":"https:\/\/coelectrix.com\/pt-pt\/produto\/fuse-union-bridge-mta#breadcrumb","itemListElement":[{"@type":"ListItem","position":1,"name":"Portada","item":"https:\/\/coelectrix.com\/"},{"@type":"ListItem","position":2,"name":"Loja","item":"https:\/\/coelectrix.com\/pt-pt\/loja"},{"@type":"ListItem","position":3,"name":"Jumper do fus\u00edvel MTA"}]},{"@type":"WebSite","@id":"https:\/\/coelectrix.com\/pt-pt\/#website","url":"https:\/\/coelectrix.com\/pt-pt\/","name":"Coelectrix","description":"Componentes el\u00e9ctricos","publisher":{"@id":"https:\/\/coelectrix.com\/pt-pt\/#organization"},"potentialAction":[{"@type":"SearchAction","target":{"@type":"EntryPoint","urlTemplate":"https:\/\/coelectrix.com\/pt-pt\/?s={search_term_string}"},"query-input":{"@type":"PropertyValueSpecification","valueRequired":true,"valueName":"search_term_string"}}],"inLanguage":"pt-PT"},{"@type":"Organization","@id":"https:\/\/coelectrix.com\/pt-pt\/#organization","name":"coelectrix.com","url":"https:\/\/coelectrix.com\/pt-pt\/","logo":{"@type":"ImageObject","inLanguage":"pt-PT","@id":"https:\/\/coelectrix.com\/pt-pt\/#\/schema\/logo\/image\/","url":"https:\/\/coelectrix.com\/wp-content\/uploads\/2018\/05\/logo-coelectrix-400x400.jpg","contentUrl":"https:\/\/coelectrix.com\/wp-content\/uploads\/2018\/05\/logo-coelectrix-400x400.jpg","width":300,"height":300,"caption":"coelectrix.com"},"image":{"@id":"https:\/\/coelectrix.com\/pt-pt\/#\/schema\/logo\/image\/"}}]}},"_links":{"self":[{"href":"https:\/\/coelectrix.com\/pt-pt\/wp-json\/wp\/v2\/product\/76093","targetHints":{"allow":["GET"]}}],"collection":[{"href":"https:\/\/coelectrix.com\/pt-pt\/wp-json\/wp\/v2\/product"}],"about":[{"href":"https:\/\/coelectrix.com\/pt-pt\/wp-json\/wp\/v2\/types\/product"}],"version-history":[{"count":1,"href":"https:\/\/coelectrix.com\/pt-pt\/wp-json\/wp\/v2\/product\/76093\/revisions"}],"predecessor-version":[{"id":76714,"href":"https:\/\/coelectrix.com\/pt-pt\/wp-json\/wp\/v2\/product\/76093\/revisions\/76714"}],"wp:featuredmedia":[{"embeddable":true,"href":"https:\/\/coelectrix.com\/pt-pt\/wp-json\/wp\/v2\/media\/73850"}],"wp:attachment":[{"href":"https:\/\/coelectrix.com\/pt-pt\/wp-json\/wp\/v2\/media?parent=76093"}],"wp:term":[{"taxonomy":"product_brand","embeddable":true,"href":"https:\/\/coelectrix.com\/pt-pt\/wp-json\/wp\/v2\/product_brand?post=76093"},{"taxonomy":"product_cat","embeddable":true,"href":"https:\/\/coelectrix.com\/pt-pt\/wp-json\/wp\/v2\/product_cat?post=76093"},{"taxonomy":"product_tag","embeddable":true,"href":"https:\/\/coelectrix.com\/pt-pt\/wp-json\/wp\/v2\/product_tag?post=76093"}],"curies":[{"name":"wp","href":"https:\/\/api.w.org\/{rel}","templated":true}]}}