{"id":76099,"date":"2022-05-09T07:25:24","date_gmt":"2022-05-09T05:25:24","guid":{"rendered":"https:\/\/coelectrix.com\/producto\/porta-fusiveis-midi-empilhaveis-mta"},"modified":"2025-08-19T06:02:35","modified_gmt":"2025-08-19T04:02:35","slug":"porta-fusiveis-midi-empilhaveis-mta","status":"publish","type":"product","link":"https:\/\/coelectrix.com\/pt-pt\/produto\/porta-fusiveis-para-media-empilhavel-mta","title":{"rendered":"Porta-fus\u00edveis MIDI empilh\u00e1veis MTA"},"content":{"rendered":"<h2><strong>Porta-fus\u00edveis MIDI empilh\u00e1veis MTA<\/strong><\/h2>\n<p>Estes porta-fus\u00edveis podem ser ligados entre si por meio de uma montagem lateral e podem tamb\u00e9m ser combinados com porta-fus\u00edveis MEGA da mesma fam\u00edlia. Criando assim grupos de fus\u00edveis compactos.<\/p>\n<p><img fetchpriority=\"high\" decoding=\"async\" class=\"alignnone wp-image-39269\" src=\"https:\/\/coelectrix.com\/wp-content\/uploads\/2022\/04\/portafusiblrs-mega-y-midi-convinados-300x300.jpg\" alt=\"\" width=\"236\" height=\"236\" srcset=\"https:\/\/coelectrix.com\/wp-content\/uploads\/2022\/04\/portafusiblrs-mega-y-midi-convinados-300x300.jpg 300w, https:\/\/coelectrix.com\/wp-content\/uploads\/2022\/04\/portafusiblrs-mega-y-midi-convinados-150x150.jpg 150w, https:\/\/coelectrix.com\/wp-content\/uploads\/2022\/04\/portafusiblrs-mega-y-midi-convinados-196x196.jpg 196w, https:\/\/coelectrix.com\/wp-content\/uploads\/2022\/04\/portafusiblrs-mega-y-midi-convinados-416x416.jpg 416w, https:\/\/coelectrix.com\/wp-content\/uploads\/2022\/04\/portafusiblrs-mega-y-midi-convinados-100x100.jpg 100w, https:\/\/coelectrix.com\/wp-content\/uploads\/2022\/04\/portafusiblrs-mega-y-midi-convinados-64x64.jpg 64w, https:\/\/coelectrix.com\/wp-content\/uploads\/2022\/04\/portafusiblrs-mega-y-midi-convinados.jpg 600w\" sizes=\"(max-width: 236px) 100vw, 236px\" \/><\/p>\n<p>Al\u00e9m disso, est\u00e3o dispon\u00edveis placas de cobre para ligar os fus\u00edveis como um barramento para unificar e simplificar as instala\u00e7\u00f5es.<\/p>\n<p><img decoding=\"async\" class=\"alignnone size-medium wp-image-39261\" src=\"https:\/\/coelectrix.com\/wp-content\/uploads\/2022\/04\/portafusibles-midi-apilable-busbar-mta-300x300.jpg\" alt=\"\" width=\"300\" height=\"300\" srcset=\"https:\/\/coelectrix.com\/wp-content\/uploads\/2022\/04\/portafusibles-midi-apilable-busbar-mta-300x300.jpg 300w, https:\/\/coelectrix.com\/wp-content\/uploads\/2022\/04\/portafusibles-midi-apilable-busbar-mta-150x150.jpg 150w, https:\/\/coelectrix.com\/wp-content\/uploads\/2022\/04\/portafusibles-midi-apilable-busbar-mta-196x196.jpg 196w, https:\/\/coelectrix.com\/wp-content\/uploads\/2022\/04\/portafusibles-midi-apilable-busbar-mta-416x416.jpg 416w, https:\/\/coelectrix.com\/wp-content\/uploads\/2022\/04\/portafusibles-midi-apilable-busbar-mta-100x100.jpg 100w, https:\/\/coelectrix.com\/wp-content\/uploads\/2022\/04\/portafusibles-midi-apilable-busbar-mta-64x64.jpg 64w, https:\/\/coelectrix.com\/wp-content\/uploads\/2022\/04\/portafusibles-midi-apilable-busbar-mta.jpg 600w\" sizes=\"(max-width: 300px) 100vw, 300px\" \/><\/p>\n<p><img decoding=\"async\" class=\"alignnone wp-image-39260\" src=\"https:\/\/coelectrix.com\/wp-content\/uploads\/2022\/04\/portafusibles-busbar-barra-cobre-mta-300x300.jpg\" alt=\"\" width=\"198\" height=\"198\" srcset=\"https:\/\/coelectrix.com\/wp-content\/uploads\/2022\/04\/portafusibles-busbar-barra-cobre-mta-300x300.jpg 300w, https:\/\/coelectrix.com\/wp-content\/uploads\/2022\/04\/portafusibles-busbar-barra-cobre-mta-150x150.jpg 150w, https:\/\/coelectrix.com\/wp-content\/uploads\/2022\/04\/portafusibles-busbar-barra-cobre-mta-196x196.jpg 196w, https:\/\/coelectrix.com\/wp-content\/uploads\/2022\/04\/portafusibles-busbar-barra-cobre-mta-416x416.jpg 416w, https:\/\/coelectrix.com\/wp-content\/uploads\/2022\/04\/portafusibles-busbar-barra-cobre-mta-100x100.jpg 100w, https:\/\/coelectrix.com\/wp-content\/uploads\/2022\/04\/portafusibles-busbar-barra-cobre-mta-64x64.jpg 64w, https:\/\/coelectrix.com\/wp-content\/uploads\/2022\/04\/portafusibles-busbar-barra-cobre-mta.jpg 600w\" sizes=\"(max-width: 198px) 100vw, 198px\" \/><\/p>\n<p><img loading=\"lazy\" decoding=\"async\" class=\"alignnone wp-image-39265\" src=\"https:\/\/coelectrix.com\/wp-content\/uploads\/2022\/04\/portafusibles-midi-apilables-busbar-300x300.jpg\" alt=\"\" width=\"269\" height=\"269\" srcset=\"https:\/\/coelectrix.com\/wp-content\/uploads\/2022\/04\/portafusibles-midi-apilables-busbar-300x300.jpg 300w, https:\/\/coelectrix.com\/wp-content\/uploads\/2022\/04\/portafusibles-midi-apilables-busbar-150x150.jpg 150w, https:\/\/coelectrix.com\/wp-content\/uploads\/2022\/04\/portafusibles-midi-apilables-busbar-196x196.jpg 196w, https:\/\/coelectrix.com\/wp-content\/uploads\/2022\/04\/portafusibles-midi-apilables-busbar-416x416.jpg 416w, https:\/\/coelectrix.com\/wp-content\/uploads\/2022\/04\/portafusibles-midi-apilables-busbar-100x100.jpg 100w, https:\/\/coelectrix.com\/wp-content\/uploads\/2022\/04\/portafusibles-midi-apilables-busbar-64x64.jpg 64w, https:\/\/coelectrix.com\/wp-content\/uploads\/2022\/04\/portafusibles-midi-apilables-busbar.jpg 600w\" sizes=\"(max-width: 269px) 100vw, 269px\" \/><\/p>\n","protected":false},"excerpt":{"rendered":"<p>Porta-fus\u00edveis MIDI empilh\u00e1vel e modular para utiliza\u00e7\u00e3o individual ou para criar bancos de fus\u00edveis com a op\u00e7\u00e3o de barramento.<\/p>\n<p>Empilh\u00e1vel e tamb\u00e9m pode ser combinado com porta-fus\u00edveis MEGA da mesma fam\u00edlia. Al\u00e9m disso, est\u00e3o dispon\u00edveis barramentos de cobre para liga\u00e7\u00e3o e combina\u00e7\u00e3o de conjuntos de fus\u00edveis.<\/p>\n<p>Fabricante: MTA<br \/>\nTamanho do fus\u00edvel: 40mm MIDI<br \/>\nSa\u00edda: parafusos M5<br \/>\nMaterial da caixa: Poliamida PA6<br \/>\nAdequado para cabos at\u00e9 25mm\u00b2.<\/p>\n","protected":false},"featured_media":73853,"template":"","meta":{"_acf_changed":false},"product_brand":[],"product_cat":[1388,1319],"product_tag":[],"class_list":{"0":"post-76099","1":"product","2":"type-product","3":"status-publish","4":"has-post-thumbnail","6":"product_cat-porta-fusiveis","7":"product_cat-suporte-de-fusivel-midi","9":"first","10":"instock","11":"taxable","12":"shipping-taxable","13":"purchasable","14":"product-type-simple"},"acf":[],"yoast_head":"<!-- This site is optimized with the Yoast SEO plugin v27.2 - https:\/\/yoast.com\/product\/yoast-seo-wordpress\/ -->\n<title>\u25b7 Porta-fus\u00edveis MIDI empilh\u00e1veis MTA | Coelectrix.com<\/title>\n<meta name=\"description\" content=\"Porta-fus\u00edveis MIDI empilh\u00e1vel e modular para utiliza\u00e7\u00e3o individual ou para criar bancos de fus\u00edveis com a op\u00e7\u00e3o de barramento.\" \/>\n<meta name=\"robots\" content=\"index, follow, max-snippet:-1, max-image-preview:large, max-video-preview:-1\" \/>\n<link rel=\"canonical\" href=\"https:\/\/coelectrix.com\/pt-pt\/produto\/porta-fusiveis-para-media-empilhavel-mta\" \/>\n<meta property=\"og:locale\" content=\"pt_PT\" \/>\n<meta property=\"og:type\" content=\"article\" \/>\n<meta property=\"og:title\" content=\"\u25b7 Porta-fus\u00edveis MIDI empilh\u00e1veis MTA | Coelectrix.com\" \/>\n<meta property=\"og:description\" content=\"Porta-fus\u00edveis MIDI empilh\u00e1vel e modular para utiliza\u00e7\u00e3o individual ou para criar bancos de fus\u00edveis com a op\u00e7\u00e3o de barramento.\" \/>\n<meta property=\"og:url\" content=\"https:\/\/coelectrix.com\/pt-pt\/produto\/porta-fusiveis-para-media-empilhavel-mta\" \/>\n<meta property=\"og:site_name\" content=\"Coelectrix\" \/>\n<meta property=\"article:modified_time\" content=\"2025-08-19T04:02:35+00:00\" \/>\n<meta property=\"og:image\" content=\"https:\/\/coelectrix.com\/wp-content\/uploads\/2022\/04\/portafusibles-MIDI-apilable-MTA-busbar.jpg\" \/>\n\t<meta property=\"og:image:width\" content=\"600\" \/>\n\t<meta property=\"og:image:height\" content=\"600\" \/>\n\t<meta property=\"og:image:type\" content=\"image\/jpeg\" \/>\n<meta name=\"twitter:card\" content=\"summary_large_image\" \/>\n<script type=\"application\/ld+json\" class=\"yoast-schema-graph\">{\"@context\":\"https:\/\/schema.org\",\"@graph\":[{\"@type\":\"WebPage\",\"@id\":\"https:\/\/coelectrix.com\/pt-pt\/produto\/porta-fusiveis-para-media-empilhavel-mta\",\"url\":\"https:\/\/coelectrix.com\/pt-pt\/produto\/porta-fusiveis-para-media-empilhavel-mta\",\"name\":\"\u25b7 Porta-fus\u00edveis MIDI empilh\u00e1veis MTA | Coelectrix.com\",\"isPartOf\":{\"@id\":\"https:\/\/coelectrix.com\/pt-pt\/#website\"},\"primaryImageOfPage\":{\"@id\":\"https:\/\/coelectrix.com\/pt-pt\/produto\/porta-fusiveis-para-media-empilhavel-mta#primaryimage\"},\"image\":{\"@id\":\"https:\/\/coelectrix.com\/pt-pt\/produto\/porta-fusiveis-para-media-empilhavel-mta#primaryimage\"},\"thumbnailUrl\":\"https:\/\/coelectrix.com\/wp-content\/uploads\/2022\/04\/portafusibles-MIDI-apilable-MTA-busbar.jpg\",\"datePublished\":\"2022-05-09T05:25:24+00:00\",\"dateModified\":\"2025-08-19T04:02:35+00:00\",\"description\":\"Porta-fus\u00edveis MIDI empilh\u00e1vel e modular para utiliza\u00e7\u00e3o individual ou para criar bancos de fus\u00edveis com a op\u00e7\u00e3o de barramento.\",\"breadcrumb\":{\"@id\":\"https:\/\/coelectrix.com\/pt-pt\/produto\/porta-fusiveis-para-media-empilhavel-mta#breadcrumb\"},\"inLanguage\":\"pt-PT\",\"potentialAction\":[{\"@type\":\"ReadAction\",\"target\":[\"https:\/\/coelectrix.com\/pt-pt\/produto\/porta-fusiveis-para-media-empilhavel-mta\"]}]},{\"@type\":\"ImageObject\",\"inLanguage\":\"pt-PT\",\"@id\":\"https:\/\/coelectrix.com\/pt-pt\/produto\/porta-fusiveis-para-media-empilhavel-mta#primaryimage\",\"url\":\"https:\/\/coelectrix.com\/wp-content\/uploads\/2022\/04\/portafusibles-MIDI-apilable-MTA-busbar.jpg\",\"contentUrl\":\"https:\/\/coelectrix.com\/wp-content\/uploads\/2022\/04\/portafusibles-MIDI-apilable-MTA-busbar.jpg\",\"width\":600,\"height\":600,\"caption\":\"Porta-fus\u00edveis MIDI empilh\u00e1veis MTA\"},{\"@type\":\"BreadcrumbList\",\"@id\":\"https:\/\/coelectrix.com\/pt-pt\/produto\/porta-fusiveis-para-media-empilhavel-mta#breadcrumb\",\"itemListElement\":[{\"@type\":\"ListItem\",\"position\":1,\"name\":\"Portada\",\"item\":\"https:\/\/coelectrix.com\/\"},{\"@type\":\"ListItem\",\"position\":2,\"name\":\"Loja\",\"item\":\"https:\/\/coelectrix.com\/pt-pt\/loja\"},{\"@type\":\"ListItem\",\"position\":3,\"name\":\"Porta-fus\u00edveis MIDI empilh\u00e1veis MTA\"}]},{\"@type\":\"WebSite\",\"@id\":\"https:\/\/coelectrix.com\/pt-pt\/#website\",\"url\":\"https:\/\/coelectrix.com\/pt-pt\/\",\"name\":\"Coelectrix\",\"description\":\"Componentes el\u00e9ctricos\",\"publisher\":{\"@id\":\"https:\/\/coelectrix.com\/pt-pt\/#organization\"},\"potentialAction\":[{\"@type\":\"SearchAction\",\"target\":{\"@type\":\"EntryPoint\",\"urlTemplate\":\"https:\/\/coelectrix.com\/pt-pt\/?s={search_term_string}\"},\"query-input\":{\"@type\":\"PropertyValueSpecification\",\"valueRequired\":true,\"valueName\":\"search_term_string\"}}],\"inLanguage\":\"pt-PT\"},{\"@type\":\"Organization\",\"@id\":\"https:\/\/coelectrix.com\/pt-pt\/#organization\",\"name\":\"coelectrix.com\",\"url\":\"https:\/\/coelectrix.com\/pt-pt\/\",\"logo\":{\"@type\":\"ImageObject\",\"inLanguage\":\"pt-PT\",\"@id\":\"https:\/\/coelectrix.com\/pt-pt\/#\/schema\/logo\/image\/\",\"url\":\"https:\/\/coelectrix.com\/wp-content\/uploads\/2018\/05\/logo-coelectrix-400x400.jpg\",\"contentUrl\":\"https:\/\/coelectrix.com\/wp-content\/uploads\/2018\/05\/logo-coelectrix-400x400.jpg\",\"width\":300,\"height\":300,\"caption\":\"coelectrix.com\"},\"image\":{\"@id\":\"https:\/\/coelectrix.com\/pt-pt\/#\/schema\/logo\/image\/\"}}]}<\/script>\n<!-- \/ Yoast SEO plugin. -->","yoast_head_json":{"title":"\u25b7 Porta-fus\u00edveis MIDI empilh\u00e1veis MTA | Coelectrix.com","description":"Porta-fus\u00edveis MIDI empilh\u00e1vel e modular para utiliza\u00e7\u00e3o individual ou para criar bancos de fus\u00edveis com a op\u00e7\u00e3o de barramento.","robots":{"index":"index","follow":"follow","max-snippet":"max-snippet:-1","max-image-preview":"max-image-preview:large","max-video-preview":"max-video-preview:-1"},"canonical":"https:\/\/coelectrix.com\/pt-pt\/produto\/porta-fusiveis-para-media-empilhavel-mta","og_locale":"pt_PT","og_type":"article","og_title":"\u25b7 Porta-fus\u00edveis MIDI empilh\u00e1veis MTA | Coelectrix.com","og_description":"Porta-fus\u00edveis MIDI empilh\u00e1vel e modular para utiliza\u00e7\u00e3o individual ou para criar bancos de fus\u00edveis com a op\u00e7\u00e3o de barramento.","og_url":"https:\/\/coelectrix.com\/pt-pt\/produto\/porta-fusiveis-para-media-empilhavel-mta","og_site_name":"Coelectrix","article_modified_time":"2025-08-19T04:02:35+00:00","og_image":[{"width":600,"height":600,"url":"https:\/\/coelectrix.com\/wp-content\/uploads\/2022\/04\/portafusibles-MIDI-apilable-MTA-busbar.jpg","type":"image\/jpeg"}],"twitter_card":"summary_large_image","schema":{"@context":"https:\/\/schema.org","@graph":[{"@type":"WebPage","@id":"https:\/\/coelectrix.com\/pt-pt\/produto\/porta-fusiveis-para-media-empilhavel-mta","url":"https:\/\/coelectrix.com\/pt-pt\/produto\/porta-fusiveis-para-media-empilhavel-mta","name":"\u25b7 Porta-fus\u00edveis MIDI empilh\u00e1veis MTA | Coelectrix.com","isPartOf":{"@id":"https:\/\/coelectrix.com\/pt-pt\/#website"},"primaryImageOfPage":{"@id":"https:\/\/coelectrix.com\/pt-pt\/produto\/porta-fusiveis-para-media-empilhavel-mta#primaryimage"},"image":{"@id":"https:\/\/coelectrix.com\/pt-pt\/produto\/porta-fusiveis-para-media-empilhavel-mta#primaryimage"},"thumbnailUrl":"https:\/\/coelectrix.com\/wp-content\/uploads\/2022\/04\/portafusibles-MIDI-apilable-MTA-busbar.jpg","datePublished":"2022-05-09T05:25:24+00:00","dateModified":"2025-08-19T04:02:35+00:00","description":"Porta-fus\u00edveis MIDI empilh\u00e1vel e modular para utiliza\u00e7\u00e3o individual ou para criar bancos de fus\u00edveis com a op\u00e7\u00e3o de barramento.","breadcrumb":{"@id":"https:\/\/coelectrix.com\/pt-pt\/produto\/porta-fusiveis-para-media-empilhavel-mta#breadcrumb"},"inLanguage":"pt-PT","potentialAction":[{"@type":"ReadAction","target":["https:\/\/coelectrix.com\/pt-pt\/produto\/porta-fusiveis-para-media-empilhavel-mta"]}]},{"@type":"ImageObject","inLanguage":"pt-PT","@id":"https:\/\/coelectrix.com\/pt-pt\/produto\/porta-fusiveis-para-media-empilhavel-mta#primaryimage","url":"https:\/\/coelectrix.com\/wp-content\/uploads\/2022\/04\/portafusibles-MIDI-apilable-MTA-busbar.jpg","contentUrl":"https:\/\/coelectrix.com\/wp-content\/uploads\/2022\/04\/portafusibles-MIDI-apilable-MTA-busbar.jpg","width":600,"height":600,"caption":"Porta-fus\u00edveis MIDI empilh\u00e1veis MTA"},{"@type":"BreadcrumbList","@id":"https:\/\/coelectrix.com\/pt-pt\/produto\/porta-fusiveis-para-media-empilhavel-mta#breadcrumb","itemListElement":[{"@type":"ListItem","position":1,"name":"Portada","item":"https:\/\/coelectrix.com\/"},{"@type":"ListItem","position":2,"name":"Loja","item":"https:\/\/coelectrix.com\/pt-pt\/loja"},{"@type":"ListItem","position":3,"name":"Porta-fus\u00edveis MIDI empilh\u00e1veis MTA"}]},{"@type":"WebSite","@id":"https:\/\/coelectrix.com\/pt-pt\/#website","url":"https:\/\/coelectrix.com\/pt-pt\/","name":"Coelectrix","description":"Componentes el\u00e9ctricos","publisher":{"@id":"https:\/\/coelectrix.com\/pt-pt\/#organization"},"potentialAction":[{"@type":"SearchAction","target":{"@type":"EntryPoint","urlTemplate":"https:\/\/coelectrix.com\/pt-pt\/?s={search_term_string}"},"query-input":{"@type":"PropertyValueSpecification","valueRequired":true,"valueName":"search_term_string"}}],"inLanguage":"pt-PT"},{"@type":"Organization","@id":"https:\/\/coelectrix.com\/pt-pt\/#organization","name":"coelectrix.com","url":"https:\/\/coelectrix.com\/pt-pt\/","logo":{"@type":"ImageObject","inLanguage":"pt-PT","@id":"https:\/\/coelectrix.com\/pt-pt\/#\/schema\/logo\/image\/","url":"https:\/\/coelectrix.com\/wp-content\/uploads\/2018\/05\/logo-coelectrix-400x400.jpg","contentUrl":"https:\/\/coelectrix.com\/wp-content\/uploads\/2018\/05\/logo-coelectrix-400x400.jpg","width":300,"height":300,"caption":"coelectrix.com"},"image":{"@id":"https:\/\/coelectrix.com\/pt-pt\/#\/schema\/logo\/image\/"}}]}},"_links":{"self":[{"href":"https:\/\/coelectrix.com\/pt-pt\/wp-json\/wp\/v2\/product\/76099","targetHints":{"allow":["GET"]}}],"collection":[{"href":"https:\/\/coelectrix.com\/pt-pt\/wp-json\/wp\/v2\/product"}],"about":[{"href":"https:\/\/coelectrix.com\/pt-pt\/wp-json\/wp\/v2\/types\/product"}],"version-history":[{"count":1,"href":"https:\/\/coelectrix.com\/pt-pt\/wp-json\/wp\/v2\/product\/76099\/revisions"}],"predecessor-version":[{"id":76722,"href":"https:\/\/coelectrix.com\/pt-pt\/wp-json\/wp\/v2\/product\/76099\/revisions\/76722"}],"wp:featuredmedia":[{"embeddable":true,"href":"https:\/\/coelectrix.com\/pt-pt\/wp-json\/wp\/v2\/media\/73853"}],"wp:attachment":[{"href":"https:\/\/coelectrix.com\/pt-pt\/wp-json\/wp\/v2\/media?parent=76099"}],"wp:term":[{"taxonomy":"product_brand","embeddable":true,"href":"https:\/\/coelectrix.com\/pt-pt\/wp-json\/wp\/v2\/product_brand?post=76099"},{"taxonomy":"product_cat","embeddable":true,"href":"https:\/\/coelectrix.com\/pt-pt\/wp-json\/wp\/v2\/product_cat?post=76099"},{"taxonomy":"product_tag","embeddable":true,"href":"https:\/\/coelectrix.com\/pt-pt\/wp-json\/wp\/v2\/product_tag?post=76099"}],"curies":[{"name":"wp","href":"https:\/\/api.w.org\/{rel}","templated":true}]}}