{"id":76108,"date":"2020-05-29T18:24:22","date_gmt":"2020-05-29T16:24:22","guid":{"rendered":"https:\/\/coelectrix.com\/producto\/caixa-de-fusiveis-standard-com-led-10-vias"},"modified":"2025-08-19T06:04:11","modified_gmt":"2025-08-19T04:04:11","slug":"caixa-de-fusiveis-standard-com-led-10-vias","status":"publish","type":"product","link":"https:\/\/coelectrix.com\/pt-pt\/produto\/caixa-de-fusiveis-standard-com-led-10-vias","title":{"rendered":"Caixa de fus\u00edveis standard com led &#8211; 10 vias"},"content":{"rendered":"<h2>Comprar caixa de 10 fus\u00edveis com LEDs<\/h2>\n<p>Caixa de 10 fus\u00edveis de l\u00e2mina padr\u00e3o com <strong>LEDs<\/strong> individuais que se iluminam <strong>para indicar quando um fus\u00edvel est\u00e1 queimado<\/strong>. A entrada de energia \u00e9 efectuada atrav\u00e9s de um perno comum que alimenta cada um dos 8 circuitos e as liga\u00e7\u00f5es de sa\u00edda s\u00e3o terminais faston de 6,3 mm nos lados da unidade. \u00c9 fornecido com uma <strong>tampa de prote\u00e7\u00e3o transparente<\/strong> que se fixa no lugar e a base tem 4 orif\u00edcios de fixa\u00e7\u00e3o para montagem na superf\u00edcie.<\/p>\n<p>Vendido individualmente (fus\u00edveis n\u00e3o inclu\u00eddos).<\/p>\n<h3><b><u>Especifica\u00e7\u00f5es<\/u><\/b><\/h3>\n<ul>\n<li>N.<b>\u00ba de ranhuras para fus\u00edveis: <\/b> 10<\/li>\n<li><b>Tens\u00e3o nominal: <\/b> 32V dc m\u00e1x.<\/li>\n<li><b>Corrente nominal de entrada do terminal: <\/b> 100A m\u00e1x.<\/li>\n<li><b>Corrente nominal de sa\u00edda do terminal: <\/b> 30A m\u00e1x. por circuito<\/li>\n<li><b>Cor do corpo:<\/b> preto<\/li>\n<li><b>Cor da caixa: <\/b> transparente<\/li>\n<li><b>Terminais necess\u00e1rios (n\u00e3o inclu\u00eddos):<\/b> 1x anel de 5 mm e 10x f\u00eamea faston de 6,3 mm<\/li>\n<li><b>Comprimento do parafuso M5:<\/b> 14mm<\/li>\n<li><b><\/b>Di\u00e2metro <b>do furo de fixa\u00e7\u00e3o:<\/b> 5,2 mm<\/li>\n<li><b>Passo do furo de fixa\u00e7\u00e3o:<\/b> 48 x 28 mm.<\/li>\n<li><b>Dimens\u00f5es totais:<\/b> 95 x 85 x 35,5 mm<\/li>\n<\/ul>\n<h3><u><b>Mais informa\u00e7\u00f5es<\/b><\/u><\/h3>\n<p>A porca no parafuso \u00e9 de 3\/8&#8243; e o parafuso aceita um terminal de anel de 5 mm de di\u00e2metro.<\/p>\n<p>Note-se que, para que o LED vermelho se acenda, passa uma corrente muito pequena e limitada pelo circuito, pelo que ainda pode registar continuidade nos terminais da caixa de fus\u00edveis quando um fus\u00edvel est\u00e1 queimado ou n\u00e3o existe fus\u00edvel no local. Esta corrente limitada \u00e9 completamente segura, mas pode fazer com que as luzes LED ligadas brilhem ligeiramente (uma vez que necessitam de uma corrente t\u00e3o baixa para funcionar).<\/p>\n<p>Pode visitar todos os <a href=\"http:\/\/coelectrix.com\/portafusibles\">suportes de fus\u00edveis que temos dispon\u00edveis<\/a>.<\/p>\n","protected":false},"excerpt":{"rendered":"<ul>\n<li>Uma \u00fanica entrada de alimenta\u00e7\u00e3o atrav\u00e9s de um pino comum alimenta todas as <strong>10 liga\u00e7\u00f5es<\/strong>.<\/li>\n<li>Cada ranhura de fus\u00edvel tem um <strong>LED indicador<\/strong> que se acende para indicar um fus\u00edvel queimado ou em falta.<\/li>\n<li><strong>A tampa protetora<\/strong> transparente encaixa no lugar e a base tem 4 orif\u00edcios de fixa\u00e7\u00e3o para montagem na superf\u00edcie.<\/li>\n<\/ul>\n","protected":false},"featured_media":73575,"template":"","meta":{"_acf_changed":false},"product_brand":[],"product_cat":[1388],"product_tag":[],"class_list":{"0":"post-76108","1":"product","2":"type-product","3":"status-publish","4":"has-post-thumbnail","6":"product_cat-porta-fusiveis","8":"first","9":"instock","10":"taxable","11":"shipping-taxable","12":"purchasable","13":"product-type-simple"},"acf":[],"yoast_head":"<!-- This site is optimized with the Yoast SEO plugin v27.2 - https:\/\/yoast.com\/product\/yoast-seo-wordpress\/ -->\n<title>\u25b7 Caixa de fus\u00edveis padr\u00e3o com Led - 10 vias Coelectrix.com<\/title>\n<meta name=\"description\" content=\"Caixa de fus\u00edveis led de 10 vias com 1 \u00fanica entrada de energia atrav\u00e9s de 1 pino comum | Envio 24\/48 horas \u27a4 Melhor pre\u00e7o online.\" \/>\n<meta name=\"robots\" content=\"index, follow, max-snippet:-1, max-image-preview:large, max-video-preview:-1\" \/>\n<link rel=\"canonical\" href=\"https:\/\/coelectrix.com\/pt-pt\/produto\/caixa-de-fusiveis-standard-com-led-10-vias\" \/>\n<meta property=\"og:locale\" content=\"pt_PT\" \/>\n<meta property=\"og:type\" content=\"article\" \/>\n<meta property=\"og:title\" content=\"\u25b7 Caixa de fus\u00edveis padr\u00e3o com Led - 10 vias Coelectrix.com\" \/>\n<meta property=\"og:description\" content=\"Caixa de fus\u00edveis led de 10 vias com 1 \u00fanica entrada de energia atrav\u00e9s de 1 pino comum | Envio 24\/48 horas \u27a4 Melhor pre\u00e7o online.\" \/>\n<meta property=\"og:url\" content=\"https:\/\/coelectrix.com\/pt-pt\/produto\/caixa-de-fusiveis-standard-com-led-10-vias\" \/>\n<meta property=\"og:site_name\" content=\"Coelectrix\" \/>\n<meta property=\"article:modified_time\" content=\"2025-08-19T04:04:11+00:00\" \/>\n<meta property=\"og:image\" content=\"https:\/\/coelectrix.com\/wp-content\/uploads\/2020\/05\/portafusibles-10-vias-con-una-entrada-de-positivo.jpg\" \/>\n\t<meta property=\"og:image:width\" content=\"800\" \/>\n\t<meta property=\"og:image:height\" content=\"600\" \/>\n\t<meta property=\"og:image:type\" content=\"image\/jpeg\" \/>\n<meta name=\"twitter:card\" content=\"summary_large_image\" \/>\n<meta name=\"twitter:label1\" content=\"Tempo estimado de leitura\" \/>\n\t<meta name=\"twitter:data1\" content=\"1 minuto\" \/>\n<script type=\"application\/ld+json\" class=\"yoast-schema-graph\">{\"@context\":\"https:\/\/schema.org\",\"@graph\":[{\"@type\":\"WebPage\",\"@id\":\"https:\/\/coelectrix.com\/pt-pt\/produto\/caixa-de-fusiveis-standard-com-led-10-vias\",\"url\":\"https:\/\/coelectrix.com\/pt-pt\/produto\/caixa-de-fusiveis-standard-com-led-10-vias\",\"name\":\"\u25b7 Caixa de fus\u00edveis padr\u00e3o com Led - 10 vias Coelectrix.com\",\"isPartOf\":{\"@id\":\"https:\/\/coelectrix.com\/pt-pt\/#website\"},\"primaryImageOfPage\":{\"@id\":\"https:\/\/coelectrix.com\/pt-pt\/produto\/caixa-de-fusiveis-standard-com-led-10-vias#primaryimage\"},\"image\":{\"@id\":\"https:\/\/coelectrix.com\/pt-pt\/produto\/caixa-de-fusiveis-standard-com-led-10-vias#primaryimage\"},\"thumbnailUrl\":\"https:\/\/coelectrix.com\/wp-content\/uploads\/2020\/05\/portafusibles-10-vias-con-una-entrada-de-positivo.jpg\",\"datePublished\":\"2020-05-29T16:24:22+00:00\",\"dateModified\":\"2025-08-19T04:04:11+00:00\",\"description\":\"Caixa de fus\u00edveis led de 10 vias com 1 \u00fanica entrada de energia atrav\u00e9s de 1 pino comum | Envio 24\/48 horas \u27a4 Melhor pre\u00e7o online.\",\"breadcrumb\":{\"@id\":\"https:\/\/coelectrix.com\/pt-pt\/produto\/caixa-de-fusiveis-standard-com-led-10-vias#breadcrumb\"},\"inLanguage\":\"pt-PT\",\"potentialAction\":[{\"@type\":\"ReadAction\",\"target\":[\"https:\/\/coelectrix.com\/pt-pt\/produto\/caixa-de-fusiveis-standard-com-led-10-vias\"]}]},{\"@type\":\"ImageObject\",\"inLanguage\":\"pt-PT\",\"@id\":\"https:\/\/coelectrix.com\/pt-pt\/produto\/caixa-de-fusiveis-standard-com-led-10-vias#primaryimage\",\"url\":\"https:\/\/coelectrix.com\/wp-content\/uploads\/2020\/05\/portafusibles-10-vias-con-una-entrada-de-positivo.jpg\",\"contentUrl\":\"https:\/\/coelectrix.com\/wp-content\/uploads\/2020\/05\/portafusibles-10-vias-con-una-entrada-de-positivo.jpg\",\"width\":800,\"height\":600,\"caption\":\"comprar caixa de 10 fus\u00edveis com led\"},{\"@type\":\"BreadcrumbList\",\"@id\":\"https:\/\/coelectrix.com\/pt-pt\/produto\/caixa-de-fusiveis-standard-com-led-10-vias#breadcrumb\",\"itemListElement\":[{\"@type\":\"ListItem\",\"position\":1,\"name\":\"Portada\",\"item\":\"https:\/\/coelectrix.com\/\"},{\"@type\":\"ListItem\",\"position\":2,\"name\":\"Loja\",\"item\":\"https:\/\/coelectrix.com\/pt-pt\/loja\"},{\"@type\":\"ListItem\",\"position\":3,\"name\":\"Caixa de fus\u00edveis standard com led &#8211; 10 vias\"}]},{\"@type\":\"WebSite\",\"@id\":\"https:\/\/coelectrix.com\/pt-pt\/#website\",\"url\":\"https:\/\/coelectrix.com\/pt-pt\/\",\"name\":\"Coelectrix\",\"description\":\"Componentes el\u00e9ctricos\",\"publisher\":{\"@id\":\"https:\/\/coelectrix.com\/pt-pt\/#organization\"},\"potentialAction\":[{\"@type\":\"SearchAction\",\"target\":{\"@type\":\"EntryPoint\",\"urlTemplate\":\"https:\/\/coelectrix.com\/pt-pt\/?s={search_term_string}\"},\"query-input\":{\"@type\":\"PropertyValueSpecification\",\"valueRequired\":true,\"valueName\":\"search_term_string\"}}],\"inLanguage\":\"pt-PT\"},{\"@type\":\"Organization\",\"@id\":\"https:\/\/coelectrix.com\/pt-pt\/#organization\",\"name\":\"coelectrix.com\",\"url\":\"https:\/\/coelectrix.com\/pt-pt\/\",\"logo\":{\"@type\":\"ImageObject\",\"inLanguage\":\"pt-PT\",\"@id\":\"https:\/\/coelectrix.com\/pt-pt\/#\/schema\/logo\/image\/\",\"url\":\"https:\/\/coelectrix.com\/wp-content\/uploads\/2018\/05\/logo-coelectrix-400x400.jpg\",\"contentUrl\":\"https:\/\/coelectrix.com\/wp-content\/uploads\/2018\/05\/logo-coelectrix-400x400.jpg\",\"width\":300,\"height\":300,\"caption\":\"coelectrix.com\"},\"image\":{\"@id\":\"https:\/\/coelectrix.com\/pt-pt\/#\/schema\/logo\/image\/\"}}]}<\/script>\n<!-- \/ Yoast SEO plugin. -->","yoast_head_json":{"title":"\u25b7 Caixa de fus\u00edveis padr\u00e3o com Led - 10 vias Coelectrix.com","description":"Caixa de fus\u00edveis led de 10 vias com 1 \u00fanica entrada de energia atrav\u00e9s de 1 pino comum | Envio 24\/48 horas \u27a4 Melhor pre\u00e7o online.","robots":{"index":"index","follow":"follow","max-snippet":"max-snippet:-1","max-image-preview":"max-image-preview:large","max-video-preview":"max-video-preview:-1"},"canonical":"https:\/\/coelectrix.com\/pt-pt\/produto\/caixa-de-fusiveis-standard-com-led-10-vias","og_locale":"pt_PT","og_type":"article","og_title":"\u25b7 Caixa de fus\u00edveis padr\u00e3o com Led - 10 vias Coelectrix.com","og_description":"Caixa de fus\u00edveis led de 10 vias com 1 \u00fanica entrada de energia atrav\u00e9s de 1 pino comum | Envio 24\/48 horas \u27a4 Melhor pre\u00e7o online.","og_url":"https:\/\/coelectrix.com\/pt-pt\/produto\/caixa-de-fusiveis-standard-com-led-10-vias","og_site_name":"Coelectrix","article_modified_time":"2025-08-19T04:04:11+00:00","og_image":[{"width":800,"height":600,"url":"https:\/\/coelectrix.com\/wp-content\/uploads\/2020\/05\/portafusibles-10-vias-con-una-entrada-de-positivo.jpg","type":"image\/jpeg"}],"twitter_card":"summary_large_image","twitter_misc":{"Tempo estimado de leitura":"1 minuto"},"schema":{"@context":"https:\/\/schema.org","@graph":[{"@type":"WebPage","@id":"https:\/\/coelectrix.com\/pt-pt\/produto\/caixa-de-fusiveis-standard-com-led-10-vias","url":"https:\/\/coelectrix.com\/pt-pt\/produto\/caixa-de-fusiveis-standard-com-led-10-vias","name":"\u25b7 Caixa de fus\u00edveis padr\u00e3o com Led - 10 vias Coelectrix.com","isPartOf":{"@id":"https:\/\/coelectrix.com\/pt-pt\/#website"},"primaryImageOfPage":{"@id":"https:\/\/coelectrix.com\/pt-pt\/produto\/caixa-de-fusiveis-standard-com-led-10-vias#primaryimage"},"image":{"@id":"https:\/\/coelectrix.com\/pt-pt\/produto\/caixa-de-fusiveis-standard-com-led-10-vias#primaryimage"},"thumbnailUrl":"https:\/\/coelectrix.com\/wp-content\/uploads\/2020\/05\/portafusibles-10-vias-con-una-entrada-de-positivo.jpg","datePublished":"2020-05-29T16:24:22+00:00","dateModified":"2025-08-19T04:04:11+00:00","description":"Caixa de fus\u00edveis led de 10 vias com 1 \u00fanica entrada de energia atrav\u00e9s de 1 pino comum | Envio 24\/48 horas \u27a4 Melhor pre\u00e7o online.","breadcrumb":{"@id":"https:\/\/coelectrix.com\/pt-pt\/produto\/caixa-de-fusiveis-standard-com-led-10-vias#breadcrumb"},"inLanguage":"pt-PT","potentialAction":[{"@type":"ReadAction","target":["https:\/\/coelectrix.com\/pt-pt\/produto\/caixa-de-fusiveis-standard-com-led-10-vias"]}]},{"@type":"ImageObject","inLanguage":"pt-PT","@id":"https:\/\/coelectrix.com\/pt-pt\/produto\/caixa-de-fusiveis-standard-com-led-10-vias#primaryimage","url":"https:\/\/coelectrix.com\/wp-content\/uploads\/2020\/05\/portafusibles-10-vias-con-una-entrada-de-positivo.jpg","contentUrl":"https:\/\/coelectrix.com\/wp-content\/uploads\/2020\/05\/portafusibles-10-vias-con-una-entrada-de-positivo.jpg","width":800,"height":600,"caption":"comprar caixa de 10 fus\u00edveis com led"},{"@type":"BreadcrumbList","@id":"https:\/\/coelectrix.com\/pt-pt\/produto\/caixa-de-fusiveis-standard-com-led-10-vias#breadcrumb","itemListElement":[{"@type":"ListItem","position":1,"name":"Portada","item":"https:\/\/coelectrix.com\/"},{"@type":"ListItem","position":2,"name":"Loja","item":"https:\/\/coelectrix.com\/pt-pt\/loja"},{"@type":"ListItem","position":3,"name":"Caixa de fus\u00edveis standard com led &#8211; 10 vias"}]},{"@type":"WebSite","@id":"https:\/\/coelectrix.com\/pt-pt\/#website","url":"https:\/\/coelectrix.com\/pt-pt\/","name":"Coelectrix","description":"Componentes el\u00e9ctricos","publisher":{"@id":"https:\/\/coelectrix.com\/pt-pt\/#organization"},"potentialAction":[{"@type":"SearchAction","target":{"@type":"EntryPoint","urlTemplate":"https:\/\/coelectrix.com\/pt-pt\/?s={search_term_string}"},"query-input":{"@type":"PropertyValueSpecification","valueRequired":true,"valueName":"search_term_string"}}],"inLanguage":"pt-PT"},{"@type":"Organization","@id":"https:\/\/coelectrix.com\/pt-pt\/#organization","name":"coelectrix.com","url":"https:\/\/coelectrix.com\/pt-pt\/","logo":{"@type":"ImageObject","inLanguage":"pt-PT","@id":"https:\/\/coelectrix.com\/pt-pt\/#\/schema\/logo\/image\/","url":"https:\/\/coelectrix.com\/wp-content\/uploads\/2018\/05\/logo-coelectrix-400x400.jpg","contentUrl":"https:\/\/coelectrix.com\/wp-content\/uploads\/2018\/05\/logo-coelectrix-400x400.jpg","width":300,"height":300,"caption":"coelectrix.com"},"image":{"@id":"https:\/\/coelectrix.com\/pt-pt\/#\/schema\/logo\/image\/"}}]}},"_links":{"self":[{"href":"https:\/\/coelectrix.com\/pt-pt\/wp-json\/wp\/v2\/product\/76108","targetHints":{"allow":["GET"]}}],"collection":[{"href":"https:\/\/coelectrix.com\/pt-pt\/wp-json\/wp\/v2\/product"}],"about":[{"href":"https:\/\/coelectrix.com\/pt-pt\/wp-json\/wp\/v2\/types\/product"}],"version-history":[{"count":1,"href":"https:\/\/coelectrix.com\/pt-pt\/wp-json\/wp\/v2\/product\/76108\/revisions"}],"predecessor-version":[{"id":76798,"href":"https:\/\/coelectrix.com\/pt-pt\/wp-json\/wp\/v2\/product\/76108\/revisions\/76798"}],"wp:featuredmedia":[{"embeddable":true,"href":"https:\/\/coelectrix.com\/pt-pt\/wp-json\/wp\/v2\/media\/73575"}],"wp:attachment":[{"href":"https:\/\/coelectrix.com\/pt-pt\/wp-json\/wp\/v2\/media?parent=76108"}],"wp:term":[{"taxonomy":"product_brand","embeddable":true,"href":"https:\/\/coelectrix.com\/pt-pt\/wp-json\/wp\/v2\/product_brand?post=76108"},{"taxonomy":"product_cat","embeddable":true,"href":"https:\/\/coelectrix.com\/pt-pt\/wp-json\/wp\/v2\/product_cat?post=76108"},{"taxonomy":"product_tag","embeddable":true,"href":"https:\/\/coelectrix.com\/pt-pt\/wp-json\/wp\/v2\/product_tag?post=76108"}],"curies":[{"name":"wp","href":"https:\/\/api.w.org\/{rel}","templated":true}]}}