{"id":76128,"date":"2016-05-02T12:18:50","date_gmt":"2016-05-02T10:18:50","guid":{"rendered":"https:\/\/coelectrix.com\/producto\/porta-fusiveis-para-8-fusiveis"},"modified":"2025-08-19T06:06:23","modified_gmt":"2025-08-19T04:06:23","slug":"porta-fusiveis-para-8-fusiveis","status":"publish","type":"product","link":"https:\/\/coelectrix.com\/pt-pt\/produto\/porta-fusiveis-para-8-fusiveis","title":{"rendered":"Porta-fus\u00edveis para 8 fus\u00edveis"},"content":{"rendered":"<h2>Porta-fus\u00edveis para 8 fus\u00edveis.<\/h2>\n<p>Porta-fus\u00edveis para 8 <a href=\"http:\/\/www.coelectrix.com\/producto\/fusibles-moto-coche-de-5-a-30-amp\">fus\u00edveis de tipo autom\u00f3vel<\/a> com entrada inferior.<\/p>\n<p>Inclui uma tampa de pl\u00e1stico transparente para facilitar a visualiza\u00e7\u00e3o do fus\u00edvel.<\/p>\n<p>Muito utilizado em autom\u00f3veis, autocaravanas, instala\u00e7\u00f5es industriais&#8230;<\/p>\n<p>Outros suportes de fus\u00edveis dispon\u00edveis:<\/p>\n<p>Porta-fus\u00edveis 4 fus\u00edveis.<\/p>\n<p>Porta-fus\u00edveis 6 fus\u00edveis.<\/p>\n<p>Porta-fus\u00edveis 1 fus\u00edvel de ar.<\/p>\n<p>Para <a href=\"http:\/\/www.coelectrix.com\/producto-categoria\/fusibles\">fus\u00edveis<\/a> universais <a href=\"http:\/\/www.coelectrix.com\/producto-categoria\/fusibles\">m\u00e9dios<\/a>.<\/p>\n<p><span style=\"color: #ffffff;\">aaaaaaaaaaaaaaaaaaaaaaaaaaaaaaaaaaaaaaaaaaaaaaaaaaaaaaaaaaaaaaaaaaaaaaaaaaaaaaaaaaaaaaaaaaaaaaarrrrrrrrrrrrrrrrrrrrrrrrrrrrrrrrrrrrrrrrrrrrrrrrrrrrrrrrr r r r r r r r r r r r r r r r r r r raaaaaaaaaaaaaaaaaaaaaaaaaaaaaaaaaaaaaaaaaaaaaaaaaaaaaaaaaaaaaaaaaaaaaaaaaaaaaaaaaaaaaaaaaaaaaaeeeeeeeeeeeeeeee eeee eee eee e eeee e e e e e e e e e e e e e e e e e e e e e e e e e e e e e e e e e e e e e e e e e e e e e e e e e e e e e e e e e e e e e e e e e e e e e e e e e e e e e e e e e e e e e e e er f f f f f f f f f f f f f f f f f f f f f f f f f f f f f f f f f f f f f f f f f f f f f f<\/span><\/p>\n","protected":false},"excerpt":{"rendered":"<p><span style=\"font-size: 14pt;\"><strong>Porta-fus\u00edveis para 8 fus\u00edveis com entrada inferior.<\/strong><\/span><\/p>\n<p>A liga\u00e7\u00e3o inferior \u00e9 uma patilha do tipo Faston de 6,3 mm.<\/p>\n<p>Neste link pode ver <a href=\"https:\/\/www.coelectrix.com\/portafusibles\">todos os porta-fus\u00edveis que temos<\/a> na loja.<\/p>\n<p><img decoding=\"async\" class=\"alignnone size-full wp-image-304\" src=\"https:\/\/coelectrix.com\/wp-content\/uploads\/2016\/03\/formas-de-pago.png\" alt=\"formas de pago\" width=\"245\" height=\"62\" srcset=\"https:\/\/coelectrix.com\/wp-content\/uploads\/2016\/03\/formas-de-pago.png 245w, https:\/\/coelectrix.com\/wp-content\/uploads\/2016\/03\/formas-de-pago-64x16.png 64w\" sizes=\"(max-width: 245px) 100vw, 245px\" \/><\/p>\n","protected":false},"featured_media":72953,"template":"","meta":{"_acf_changed":false},"product_brand":[],"product_cat":[1388],"product_tag":[],"class_list":{"0":"post-76128","1":"product","2":"type-product","3":"status-publish","4":"has-post-thumbnail","6":"product_cat-porta-fusiveis","8":"first","9":"instock","10":"sale","11":"taxable","12":"shipping-taxable","13":"purchasable","14":"product-type-simple"},"acf":[],"yoast_head":"<!-- This site is optimized with the Yoast SEO plugin v27.2 - https:\/\/yoast.com\/product\/yoast-seo-wordpress\/ -->\n<title>Porta-fus\u00edveis para 8 fus\u00edveis de liga\u00e7\u00e3o r\u00e1pida | Coelectrix.com<\/title>\n<meta name=\"description\" content=\"Porta-fus\u00edveis para 8 fus\u00edveis de tipo autom\u00f3vel com entrada lateral e orif\u00edcios para montagem numa base plana. Outros tamanhos tamb\u00e9m dispon\u00edveis.\" \/>\n<meta name=\"robots\" content=\"index, follow, max-snippet:-1, max-image-preview:large, max-video-preview:-1\" \/>\n<link rel=\"canonical\" href=\"https:\/\/coelectrix.com\/pt-pt\/produto\/porta-fusiveis-para-8-fusiveis\" \/>\n<meta property=\"og:locale\" content=\"pt_PT\" \/>\n<meta property=\"og:type\" content=\"article\" \/>\n<meta property=\"og:title\" content=\"Porta-fus\u00edveis para 8 fus\u00edveis de liga\u00e7\u00e3o r\u00e1pida | Coelectrix.com\" \/>\n<meta property=\"og:description\" content=\"Porta-fus\u00edveis para 8 fus\u00edveis de tipo autom\u00f3vel com entrada lateral e orif\u00edcios para montagem numa base plana. Outros tamanhos tamb\u00e9m dispon\u00edveis.\" \/>\n<meta property=\"og:url\" content=\"https:\/\/coelectrix.com\/pt-pt\/produto\/porta-fusiveis-para-8-fusiveis\" \/>\n<meta property=\"og:site_name\" content=\"Coelectrix\" \/>\n<meta property=\"article:modified_time\" content=\"2025-08-19T04:06:23+00:00\" \/>\n<meta property=\"og:image\" content=\"https:\/\/coelectrix.com\/wp-content\/uploads\/2016\/05\/portafusibles-8v.jpg\" \/>\n\t<meta property=\"og:image:width\" content=\"800\" \/>\n\t<meta property=\"og:image:height\" content=\"800\" \/>\n\t<meta property=\"og:image:type\" content=\"image\/jpeg\" \/>\n<meta name=\"twitter:card\" content=\"summary_large_image\" \/>\n<meta name=\"twitter:label1\" content=\"Tempo estimado de leitura\" \/>\n\t<meta name=\"twitter:data1\" content=\"1 minuto\" \/>\n<script type=\"application\/ld+json\" class=\"yoast-schema-graph\">{\"@context\":\"https:\/\/schema.org\",\"@graph\":[{\"@type\":\"WebPage\",\"@id\":\"https:\/\/coelectrix.com\/pt-pt\/produto\/porta-fusiveis-para-8-fusiveis\",\"url\":\"https:\/\/coelectrix.com\/pt-pt\/produto\/porta-fusiveis-para-8-fusiveis\",\"name\":\"Porta-fus\u00edveis para 8 fus\u00edveis de liga\u00e7\u00e3o r\u00e1pida | Coelectrix.com\",\"isPartOf\":{\"@id\":\"https:\/\/coelectrix.com\/pt-pt\/#website\"},\"primaryImageOfPage\":{\"@id\":\"https:\/\/coelectrix.com\/pt-pt\/produto\/porta-fusiveis-para-8-fusiveis#primaryimage\"},\"image\":{\"@id\":\"https:\/\/coelectrix.com\/pt-pt\/produto\/porta-fusiveis-para-8-fusiveis#primaryimage\"},\"thumbnailUrl\":\"https:\/\/coelectrix.com\/wp-content\/uploads\/2016\/05\/portafusibles-8v.jpg\",\"datePublished\":\"2016-05-02T10:18:50+00:00\",\"dateModified\":\"2025-08-19T04:06:23+00:00\",\"description\":\"Porta-fus\u00edveis para 8 fus\u00edveis de tipo autom\u00f3vel com entrada lateral e orif\u00edcios para montagem numa base plana. Outros tamanhos tamb\u00e9m dispon\u00edveis.\",\"breadcrumb\":{\"@id\":\"https:\/\/coelectrix.com\/pt-pt\/produto\/porta-fusiveis-para-8-fusiveis#breadcrumb\"},\"inLanguage\":\"pt-PT\",\"potentialAction\":[{\"@type\":\"ReadAction\",\"target\":[\"https:\/\/coelectrix.com\/pt-pt\/produto\/porta-fusiveis-para-8-fusiveis\"]}]},{\"@type\":\"ImageObject\",\"inLanguage\":\"pt-PT\",\"@id\":\"https:\/\/coelectrix.com\/pt-pt\/produto\/porta-fusiveis-para-8-fusiveis#primaryimage\",\"url\":\"https:\/\/coelectrix.com\/wp-content\/uploads\/2016\/05\/portafusibles-8v.jpg\",\"contentUrl\":\"https:\/\/coelectrix.com\/wp-content\/uploads\/2016\/05\/portafusibles-8v.jpg\",\"width\":800,\"height\":800,\"caption\":\"porta-fus\u00edveis\"},{\"@type\":\"BreadcrumbList\",\"@id\":\"https:\/\/coelectrix.com\/pt-pt\/produto\/porta-fusiveis-para-8-fusiveis#breadcrumb\",\"itemListElement\":[{\"@type\":\"ListItem\",\"position\":1,\"name\":\"Portada\",\"item\":\"https:\/\/coelectrix.com\/\"},{\"@type\":\"ListItem\",\"position\":2,\"name\":\"Loja\",\"item\":\"https:\/\/coelectrix.com\/pt-pt\/loja\"},{\"@type\":\"ListItem\",\"position\":3,\"name\":\"Porta-fus\u00edveis para 8 fus\u00edveis\"}]},{\"@type\":\"WebSite\",\"@id\":\"https:\/\/coelectrix.com\/pt-pt\/#website\",\"url\":\"https:\/\/coelectrix.com\/pt-pt\/\",\"name\":\"Coelectrix\",\"description\":\"Componentes el\u00e9ctricos\",\"publisher\":{\"@id\":\"https:\/\/coelectrix.com\/pt-pt\/#organization\"},\"potentialAction\":[{\"@type\":\"SearchAction\",\"target\":{\"@type\":\"EntryPoint\",\"urlTemplate\":\"https:\/\/coelectrix.com\/pt-pt\/?s={search_term_string}\"},\"query-input\":{\"@type\":\"PropertyValueSpecification\",\"valueRequired\":true,\"valueName\":\"search_term_string\"}}],\"inLanguage\":\"pt-PT\"},{\"@type\":\"Organization\",\"@id\":\"https:\/\/coelectrix.com\/pt-pt\/#organization\",\"name\":\"coelectrix.com\",\"url\":\"https:\/\/coelectrix.com\/pt-pt\/\",\"logo\":{\"@type\":\"ImageObject\",\"inLanguage\":\"pt-PT\",\"@id\":\"https:\/\/coelectrix.com\/pt-pt\/#\/schema\/logo\/image\/\",\"url\":\"https:\/\/coelectrix.com\/wp-content\/uploads\/2018\/05\/logo-coelectrix-400x400.jpg\",\"contentUrl\":\"https:\/\/coelectrix.com\/wp-content\/uploads\/2018\/05\/logo-coelectrix-400x400.jpg\",\"width\":300,\"height\":300,\"caption\":\"coelectrix.com\"},\"image\":{\"@id\":\"https:\/\/coelectrix.com\/pt-pt\/#\/schema\/logo\/image\/\"}}]}<\/script>\n<!-- \/ Yoast SEO plugin. -->","yoast_head_json":{"title":"Porta-fus\u00edveis para 8 fus\u00edveis de liga\u00e7\u00e3o r\u00e1pida | Coelectrix.com","description":"Porta-fus\u00edveis para 8 fus\u00edveis de tipo autom\u00f3vel com entrada lateral e orif\u00edcios para montagem numa base plana. Outros tamanhos tamb\u00e9m dispon\u00edveis.","robots":{"index":"index","follow":"follow","max-snippet":"max-snippet:-1","max-image-preview":"max-image-preview:large","max-video-preview":"max-video-preview:-1"},"canonical":"https:\/\/coelectrix.com\/pt-pt\/produto\/porta-fusiveis-para-8-fusiveis","og_locale":"pt_PT","og_type":"article","og_title":"Porta-fus\u00edveis para 8 fus\u00edveis de liga\u00e7\u00e3o r\u00e1pida | Coelectrix.com","og_description":"Porta-fus\u00edveis para 8 fus\u00edveis de tipo autom\u00f3vel com entrada lateral e orif\u00edcios para montagem numa base plana. Outros tamanhos tamb\u00e9m dispon\u00edveis.","og_url":"https:\/\/coelectrix.com\/pt-pt\/produto\/porta-fusiveis-para-8-fusiveis","og_site_name":"Coelectrix","article_modified_time":"2025-08-19T04:06:23+00:00","og_image":[{"width":800,"height":800,"url":"https:\/\/coelectrix.com\/wp-content\/uploads\/2016\/05\/portafusibles-8v.jpg","type":"image\/jpeg"}],"twitter_card":"summary_large_image","twitter_misc":{"Tempo estimado de leitura":"1 minuto"},"schema":{"@context":"https:\/\/schema.org","@graph":[{"@type":"WebPage","@id":"https:\/\/coelectrix.com\/pt-pt\/produto\/porta-fusiveis-para-8-fusiveis","url":"https:\/\/coelectrix.com\/pt-pt\/produto\/porta-fusiveis-para-8-fusiveis","name":"Porta-fus\u00edveis para 8 fus\u00edveis de liga\u00e7\u00e3o r\u00e1pida | Coelectrix.com","isPartOf":{"@id":"https:\/\/coelectrix.com\/pt-pt\/#website"},"primaryImageOfPage":{"@id":"https:\/\/coelectrix.com\/pt-pt\/produto\/porta-fusiveis-para-8-fusiveis#primaryimage"},"image":{"@id":"https:\/\/coelectrix.com\/pt-pt\/produto\/porta-fusiveis-para-8-fusiveis#primaryimage"},"thumbnailUrl":"https:\/\/coelectrix.com\/wp-content\/uploads\/2016\/05\/portafusibles-8v.jpg","datePublished":"2016-05-02T10:18:50+00:00","dateModified":"2025-08-19T04:06:23+00:00","description":"Porta-fus\u00edveis para 8 fus\u00edveis de tipo autom\u00f3vel com entrada lateral e orif\u00edcios para montagem numa base plana. Outros tamanhos tamb\u00e9m dispon\u00edveis.","breadcrumb":{"@id":"https:\/\/coelectrix.com\/pt-pt\/produto\/porta-fusiveis-para-8-fusiveis#breadcrumb"},"inLanguage":"pt-PT","potentialAction":[{"@type":"ReadAction","target":["https:\/\/coelectrix.com\/pt-pt\/produto\/porta-fusiveis-para-8-fusiveis"]}]},{"@type":"ImageObject","inLanguage":"pt-PT","@id":"https:\/\/coelectrix.com\/pt-pt\/produto\/porta-fusiveis-para-8-fusiveis#primaryimage","url":"https:\/\/coelectrix.com\/wp-content\/uploads\/2016\/05\/portafusibles-8v.jpg","contentUrl":"https:\/\/coelectrix.com\/wp-content\/uploads\/2016\/05\/portafusibles-8v.jpg","width":800,"height":800,"caption":"porta-fus\u00edveis"},{"@type":"BreadcrumbList","@id":"https:\/\/coelectrix.com\/pt-pt\/produto\/porta-fusiveis-para-8-fusiveis#breadcrumb","itemListElement":[{"@type":"ListItem","position":1,"name":"Portada","item":"https:\/\/coelectrix.com\/"},{"@type":"ListItem","position":2,"name":"Loja","item":"https:\/\/coelectrix.com\/pt-pt\/loja"},{"@type":"ListItem","position":3,"name":"Porta-fus\u00edveis para 8 fus\u00edveis"}]},{"@type":"WebSite","@id":"https:\/\/coelectrix.com\/pt-pt\/#website","url":"https:\/\/coelectrix.com\/pt-pt\/","name":"Coelectrix","description":"Componentes el\u00e9ctricos","publisher":{"@id":"https:\/\/coelectrix.com\/pt-pt\/#organization"},"potentialAction":[{"@type":"SearchAction","target":{"@type":"EntryPoint","urlTemplate":"https:\/\/coelectrix.com\/pt-pt\/?s={search_term_string}"},"query-input":{"@type":"PropertyValueSpecification","valueRequired":true,"valueName":"search_term_string"}}],"inLanguage":"pt-PT"},{"@type":"Organization","@id":"https:\/\/coelectrix.com\/pt-pt\/#organization","name":"coelectrix.com","url":"https:\/\/coelectrix.com\/pt-pt\/","logo":{"@type":"ImageObject","inLanguage":"pt-PT","@id":"https:\/\/coelectrix.com\/pt-pt\/#\/schema\/logo\/image\/","url":"https:\/\/coelectrix.com\/wp-content\/uploads\/2018\/05\/logo-coelectrix-400x400.jpg","contentUrl":"https:\/\/coelectrix.com\/wp-content\/uploads\/2018\/05\/logo-coelectrix-400x400.jpg","width":300,"height":300,"caption":"coelectrix.com"},"image":{"@id":"https:\/\/coelectrix.com\/pt-pt\/#\/schema\/logo\/image\/"}}]}},"_links":{"self":[{"href":"https:\/\/coelectrix.com\/pt-pt\/wp-json\/wp\/v2\/product\/76128","targetHints":{"allow":["GET"]}}],"collection":[{"href":"https:\/\/coelectrix.com\/pt-pt\/wp-json\/wp\/v2\/product"}],"about":[{"href":"https:\/\/coelectrix.com\/pt-pt\/wp-json\/wp\/v2\/types\/product"}],"version-history":[{"count":1,"href":"https:\/\/coelectrix.com\/pt-pt\/wp-json\/wp\/v2\/product\/76128\/revisions"}],"predecessor-version":[{"id":76912,"href":"https:\/\/coelectrix.com\/pt-pt\/wp-json\/wp\/v2\/product\/76128\/revisions\/76912"}],"wp:featuredmedia":[{"embeddable":true,"href":"https:\/\/coelectrix.com\/pt-pt\/wp-json\/wp\/v2\/media\/72953"}],"wp:attachment":[{"href":"https:\/\/coelectrix.com\/pt-pt\/wp-json\/wp\/v2\/media?parent=76128"}],"wp:term":[{"taxonomy":"product_brand","embeddable":true,"href":"https:\/\/coelectrix.com\/pt-pt\/wp-json\/wp\/v2\/product_brand?post=76128"},{"taxonomy":"product_cat","embeddable":true,"href":"https:\/\/coelectrix.com\/pt-pt\/wp-json\/wp\/v2\/product_cat?post=76128"},{"taxonomy":"product_tag","embeddable":true,"href":"https:\/\/coelectrix.com\/pt-pt\/wp-json\/wp\/v2\/product_tag?post=76128"}],"curies":[{"name":"wp","href":"https:\/\/api.w.org\/{rel}","templated":true}]}}