{"id":76149,"date":"2024-11-28T13:35:05","date_gmt":"2024-11-28T12:35:05","guid":{"rendered":"https:\/\/coelectrix.com\/producto\/bainha-de-nylon-para-cabos-e-tubos"},"modified":"2025-08-19T05:57:08","modified_gmt":"2025-08-19T03:57:08","slug":"bainha-de-nylon-para-cabos-e-tubos","status":"publish","type":"product","link":"https:\/\/coelectrix.com\/pt-pt\/produto\/suporte-de-nylon-para-cabos-e-tubos-de-nylon","title":{"rendered":"Bainha de nylon para cabos e tubos"},"content":{"rendered":"<h2><strong>Bainha de nylon para cabos e tubos<\/strong><\/h2>\n<p><strong>Carater\u00edsticas<\/strong><br \/>\n&#8211; Material: 100% PA66<br \/>\n&#8211; Temperatura de trabalho: -60 \u030aC a 125 \u030aC<br \/>\n&#8211; Cor padr\u00e3o: preto<br \/>\n&#8211; Boa resist\u00eancia \u00e0 abras\u00e3o, \u00e0 prova de explos\u00e3o e anti-envelhecimento.<br \/>\n&#8211; Resist\u00eancia \u00e0 radia\u00e7\u00e3o ultravioleta: De acordo com EN13758-1<br \/>\n&#8211; Sem halog\u00e9neos<\/p>\n","protected":false},"excerpt":{"rendered":"<p>A bainha de nylon para a prote\u00e7\u00e3o de cabos, arneses e mangueiras hidr\u00e1ulicas \u00e9 muito f\u00e1cil de instalar, tornando-a compat\u00edvel com uma grande variedade de sistemas. \u00c9 tamb\u00e9m resistente a altas temperaturas, o que a torna uma escolha ideal para ambientes exigentes.<\/p>\n<p>A sua utiliza\u00e7\u00e3o n\u00e3o s\u00f3 garante a prote\u00e7\u00e3o e a durabilidade dos cabos e tubagens, como tamb\u00e9m melhora a est\u00e9tica do espa\u00e7o, mantendo tudo arrumado e escondendo os elementos expostos. \u00c9 perfeito para aplica\u00e7\u00f5es em ind\u00fastrias como a autom\u00f3vel, telecomunica\u00e7\u00f5es, instala\u00e7\u00f5es el\u00e9ctricas ou projectos de canaliza\u00e7\u00e3o.<\/p>\n<p>As aplica\u00e7\u00f5es t\u00edpicas incluem a prote\u00e7\u00e3o de mangueiras hidr\u00e1ulicas, o agrupamento de mangueiras, a gest\u00e3o de cabos e arneses nas ind\u00fastrias autom\u00f3vel e de equipamento pesado.<\/p>\n<p>Resist\u00eancia a fluidos; muito boa resist\u00eancia \u00e0 maioria dos \u00f3leos, gases e \u00e1lcoois.<\/p>\n","protected":false},"featured_media":74563,"template":"","meta":{"_acf_changed":false},"product_brand":[],"product_cat":[1384],"product_tag":[],"class_list":{"0":"post-76149","1":"product","2":"type-product","3":"status-publish","4":"has-post-thumbnail","6":"product_cat-protecao-dos-cabos","8":"first","9":"instock","10":"taxable","11":"shipping-taxable","12":"purchasable","13":"product-type-variable"},"acf":[],"yoast_head":"<!-- This site is optimized with the Yoast SEO plugin v27.2 - https:\/\/yoast.com\/product\/yoast-seo-wordpress\/ -->\n<title>\u25b7 Bainha de nylon para cabos e tubos | Coelectrix.com<\/title>\n<meta name=\"description\" content=\"Bainha de nylon para a prote\u00e7\u00e3o de cabos, arneses e mangueiras hidr\u00e1ulicas, muito f\u00e1cil de instalar e resistente a altas temperaturas.\" \/>\n<meta name=\"robots\" content=\"index, follow, max-snippet:-1, max-image-preview:large, max-video-preview:-1\" \/>\n<link rel=\"canonical\" href=\"https:\/\/coelectrix.com\/pt-pt\/produto\/suporte-de-nylon-para-cabos-e-tubos-de-nylon\" \/>\n<meta property=\"og:locale\" content=\"pt_PT\" \/>\n<meta property=\"og:type\" content=\"article\" \/>\n<meta property=\"og:title\" content=\"\u25b7 Bainha de nylon para cabos e tubos | Coelectrix.com\" \/>\n<meta property=\"og:description\" content=\"Bainha de nylon para a prote\u00e7\u00e3o de cabos, arneses e mangueiras hidr\u00e1ulicas, muito f\u00e1cil de instalar e resistente a altas temperaturas.\" \/>\n<meta property=\"og:url\" content=\"https:\/\/coelectrix.com\/pt-pt\/produto\/suporte-de-nylon-para-cabos-e-tubos-de-nylon\" \/>\n<meta property=\"og:site_name\" content=\"Coelectrix\" \/>\n<meta property=\"article:modified_time\" content=\"2025-08-19T03:57:08+00:00\" \/>\n<meta property=\"og:image\" content=\"https:\/\/coelectrix.com\/wp-content\/uploads\/2024\/11\/Funda-de-Nylon-para-Cables-y-Tuberias.jpg\" \/>\n\t<meta property=\"og:image:width\" content=\"600\" \/>\n\t<meta property=\"og:image:height\" content=\"600\" \/>\n\t<meta property=\"og:image:type\" content=\"image\/jpeg\" \/>\n<meta name=\"twitter:card\" content=\"summary_large_image\" \/>\n<script type=\"application\/ld+json\" class=\"yoast-schema-graph\">{\"@context\":\"https:\/\/schema.org\",\"@graph\":[{\"@type\":\"WebPage\",\"@id\":\"https:\/\/coelectrix.com\/pt-pt\/produto\/suporte-de-nylon-para-cabos-e-tubos-de-nylon\",\"url\":\"https:\/\/coelectrix.com\/pt-pt\/produto\/suporte-de-nylon-para-cabos-e-tubos-de-nylon\",\"name\":\"\u25b7 Bainha de nylon para cabos e tubos | Coelectrix.com\",\"isPartOf\":{\"@id\":\"https:\/\/coelectrix.com\/pt-pt\/#website\"},\"primaryImageOfPage\":{\"@id\":\"https:\/\/coelectrix.com\/pt-pt\/produto\/suporte-de-nylon-para-cabos-e-tubos-de-nylon#primaryimage\"},\"image\":{\"@id\":\"https:\/\/coelectrix.com\/pt-pt\/produto\/suporte-de-nylon-para-cabos-e-tubos-de-nylon#primaryimage\"},\"thumbnailUrl\":\"https:\/\/coelectrix.com\/wp-content\/uploads\/2024\/11\/Funda-de-Nylon-para-Cables-y-Tuberias.jpg\",\"datePublished\":\"2024-11-28T12:35:05+00:00\",\"dateModified\":\"2025-08-19T03:57:08+00:00\",\"description\":\"Bainha de nylon para a prote\u00e7\u00e3o de cabos, arneses e mangueiras hidr\u00e1ulicas, muito f\u00e1cil de instalar e resistente a altas temperaturas.\",\"breadcrumb\":{\"@id\":\"https:\/\/coelectrix.com\/pt-pt\/produto\/suporte-de-nylon-para-cabos-e-tubos-de-nylon#breadcrumb\"},\"inLanguage\":\"pt-PT\",\"potentialAction\":[{\"@type\":\"ReadAction\",\"target\":[\"https:\/\/coelectrix.com\/pt-pt\/produto\/suporte-de-nylon-para-cabos-e-tubos-de-nylon\"]}]},{\"@type\":\"ImageObject\",\"inLanguage\":\"pt-PT\",\"@id\":\"https:\/\/coelectrix.com\/pt-pt\/produto\/suporte-de-nylon-para-cabos-e-tubos-de-nylon#primaryimage\",\"url\":\"https:\/\/coelectrix.com\/wp-content\/uploads\/2024\/11\/Funda-de-Nylon-para-Cables-y-Tuberias.jpg\",\"contentUrl\":\"https:\/\/coelectrix.com\/wp-content\/uploads\/2024\/11\/Funda-de-Nylon-para-Cables-y-Tuberias.jpg\",\"width\":600,\"height\":600,\"caption\":\"Bainha de nylon para cabos e tubos\"},{\"@type\":\"BreadcrumbList\",\"@id\":\"https:\/\/coelectrix.com\/pt-pt\/produto\/suporte-de-nylon-para-cabos-e-tubos-de-nylon#breadcrumb\",\"itemListElement\":[{\"@type\":\"ListItem\",\"position\":1,\"name\":\"Portada\",\"item\":\"https:\/\/coelectrix.com\/\"},{\"@type\":\"ListItem\",\"position\":2,\"name\":\"Loja\",\"item\":\"https:\/\/coelectrix.com\/pt-pt\/loja\"},{\"@type\":\"ListItem\",\"position\":3,\"name\":\"Bainha de nylon para cabos e tubos\"}]},{\"@type\":\"WebSite\",\"@id\":\"https:\/\/coelectrix.com\/pt-pt\/#website\",\"url\":\"https:\/\/coelectrix.com\/pt-pt\/\",\"name\":\"Coelectrix\",\"description\":\"Componentes el\u00e9ctricos\",\"publisher\":{\"@id\":\"https:\/\/coelectrix.com\/pt-pt\/#organization\"},\"potentialAction\":[{\"@type\":\"SearchAction\",\"target\":{\"@type\":\"EntryPoint\",\"urlTemplate\":\"https:\/\/coelectrix.com\/pt-pt\/?s={search_term_string}\"},\"query-input\":{\"@type\":\"PropertyValueSpecification\",\"valueRequired\":true,\"valueName\":\"search_term_string\"}}],\"inLanguage\":\"pt-PT\"},{\"@type\":\"Organization\",\"@id\":\"https:\/\/coelectrix.com\/pt-pt\/#organization\",\"name\":\"coelectrix.com\",\"url\":\"https:\/\/coelectrix.com\/pt-pt\/\",\"logo\":{\"@type\":\"ImageObject\",\"inLanguage\":\"pt-PT\",\"@id\":\"https:\/\/coelectrix.com\/pt-pt\/#\/schema\/logo\/image\/\",\"url\":\"https:\/\/coelectrix.com\/wp-content\/uploads\/2018\/05\/logo-coelectrix-400x400.jpg\",\"contentUrl\":\"https:\/\/coelectrix.com\/wp-content\/uploads\/2018\/05\/logo-coelectrix-400x400.jpg\",\"width\":300,\"height\":300,\"caption\":\"coelectrix.com\"},\"image\":{\"@id\":\"https:\/\/coelectrix.com\/pt-pt\/#\/schema\/logo\/image\/\"}}]}<\/script>\n<!-- \/ Yoast SEO plugin. -->","yoast_head_json":{"title":"\u25b7 Bainha de nylon para cabos e tubos | Coelectrix.com","description":"Bainha de nylon para a prote\u00e7\u00e3o de cabos, arneses e mangueiras hidr\u00e1ulicas, muito f\u00e1cil de instalar e resistente a altas temperaturas.","robots":{"index":"index","follow":"follow","max-snippet":"max-snippet:-1","max-image-preview":"max-image-preview:large","max-video-preview":"max-video-preview:-1"},"canonical":"https:\/\/coelectrix.com\/pt-pt\/produto\/suporte-de-nylon-para-cabos-e-tubos-de-nylon","og_locale":"pt_PT","og_type":"article","og_title":"\u25b7 Bainha de nylon para cabos e tubos | Coelectrix.com","og_description":"Bainha de nylon para a prote\u00e7\u00e3o de cabos, arneses e mangueiras hidr\u00e1ulicas, muito f\u00e1cil de instalar e resistente a altas temperaturas.","og_url":"https:\/\/coelectrix.com\/pt-pt\/produto\/suporte-de-nylon-para-cabos-e-tubos-de-nylon","og_site_name":"Coelectrix","article_modified_time":"2025-08-19T03:57:08+00:00","og_image":[{"width":600,"height":600,"url":"https:\/\/coelectrix.com\/wp-content\/uploads\/2024\/11\/Funda-de-Nylon-para-Cables-y-Tuberias.jpg","type":"image\/jpeg"}],"twitter_card":"summary_large_image","schema":{"@context":"https:\/\/schema.org","@graph":[{"@type":"WebPage","@id":"https:\/\/coelectrix.com\/pt-pt\/produto\/suporte-de-nylon-para-cabos-e-tubos-de-nylon","url":"https:\/\/coelectrix.com\/pt-pt\/produto\/suporte-de-nylon-para-cabos-e-tubos-de-nylon","name":"\u25b7 Bainha de nylon para cabos e tubos | Coelectrix.com","isPartOf":{"@id":"https:\/\/coelectrix.com\/pt-pt\/#website"},"primaryImageOfPage":{"@id":"https:\/\/coelectrix.com\/pt-pt\/produto\/suporte-de-nylon-para-cabos-e-tubos-de-nylon#primaryimage"},"image":{"@id":"https:\/\/coelectrix.com\/pt-pt\/produto\/suporte-de-nylon-para-cabos-e-tubos-de-nylon#primaryimage"},"thumbnailUrl":"https:\/\/coelectrix.com\/wp-content\/uploads\/2024\/11\/Funda-de-Nylon-para-Cables-y-Tuberias.jpg","datePublished":"2024-11-28T12:35:05+00:00","dateModified":"2025-08-19T03:57:08+00:00","description":"Bainha de nylon para a prote\u00e7\u00e3o de cabos, arneses e mangueiras hidr\u00e1ulicas, muito f\u00e1cil de instalar e resistente a altas temperaturas.","breadcrumb":{"@id":"https:\/\/coelectrix.com\/pt-pt\/produto\/suporte-de-nylon-para-cabos-e-tubos-de-nylon#breadcrumb"},"inLanguage":"pt-PT","potentialAction":[{"@type":"ReadAction","target":["https:\/\/coelectrix.com\/pt-pt\/produto\/suporte-de-nylon-para-cabos-e-tubos-de-nylon"]}]},{"@type":"ImageObject","inLanguage":"pt-PT","@id":"https:\/\/coelectrix.com\/pt-pt\/produto\/suporte-de-nylon-para-cabos-e-tubos-de-nylon#primaryimage","url":"https:\/\/coelectrix.com\/wp-content\/uploads\/2024\/11\/Funda-de-Nylon-para-Cables-y-Tuberias.jpg","contentUrl":"https:\/\/coelectrix.com\/wp-content\/uploads\/2024\/11\/Funda-de-Nylon-para-Cables-y-Tuberias.jpg","width":600,"height":600,"caption":"Bainha de nylon para cabos e tubos"},{"@type":"BreadcrumbList","@id":"https:\/\/coelectrix.com\/pt-pt\/produto\/suporte-de-nylon-para-cabos-e-tubos-de-nylon#breadcrumb","itemListElement":[{"@type":"ListItem","position":1,"name":"Portada","item":"https:\/\/coelectrix.com\/"},{"@type":"ListItem","position":2,"name":"Loja","item":"https:\/\/coelectrix.com\/pt-pt\/loja"},{"@type":"ListItem","position":3,"name":"Bainha de nylon para cabos e tubos"}]},{"@type":"WebSite","@id":"https:\/\/coelectrix.com\/pt-pt\/#website","url":"https:\/\/coelectrix.com\/pt-pt\/","name":"Coelectrix","description":"Componentes el\u00e9ctricos","publisher":{"@id":"https:\/\/coelectrix.com\/pt-pt\/#organization"},"potentialAction":[{"@type":"SearchAction","target":{"@type":"EntryPoint","urlTemplate":"https:\/\/coelectrix.com\/pt-pt\/?s={search_term_string}"},"query-input":{"@type":"PropertyValueSpecification","valueRequired":true,"valueName":"search_term_string"}}],"inLanguage":"pt-PT"},{"@type":"Organization","@id":"https:\/\/coelectrix.com\/pt-pt\/#organization","name":"coelectrix.com","url":"https:\/\/coelectrix.com\/pt-pt\/","logo":{"@type":"ImageObject","inLanguage":"pt-PT","@id":"https:\/\/coelectrix.com\/pt-pt\/#\/schema\/logo\/image\/","url":"https:\/\/coelectrix.com\/wp-content\/uploads\/2018\/05\/logo-coelectrix-400x400.jpg","contentUrl":"https:\/\/coelectrix.com\/wp-content\/uploads\/2018\/05\/logo-coelectrix-400x400.jpg","width":300,"height":300,"caption":"coelectrix.com"},"image":{"@id":"https:\/\/coelectrix.com\/pt-pt\/#\/schema\/logo\/image\/"}}]}},"_links":{"self":[{"href":"https:\/\/coelectrix.com\/pt-pt\/wp-json\/wp\/v2\/product\/76149","targetHints":{"allow":["GET"]}}],"collection":[{"href":"https:\/\/coelectrix.com\/pt-pt\/wp-json\/wp\/v2\/product"}],"about":[{"href":"https:\/\/coelectrix.com\/pt-pt\/wp-json\/wp\/v2\/types\/product"}],"version-history":[{"count":1,"href":"https:\/\/coelectrix.com\/pt-pt\/wp-json\/wp\/v2\/product\/76149\/revisions"}],"predecessor-version":[{"id":76599,"href":"https:\/\/coelectrix.com\/pt-pt\/wp-json\/wp\/v2\/product\/76149\/revisions\/76599"}],"wp:featuredmedia":[{"embeddable":true,"href":"https:\/\/coelectrix.com\/pt-pt\/wp-json\/wp\/v2\/media\/74563"}],"wp:attachment":[{"href":"https:\/\/coelectrix.com\/pt-pt\/wp-json\/wp\/v2\/media?parent=76149"}],"wp:term":[{"taxonomy":"product_brand","embeddable":true,"href":"https:\/\/coelectrix.com\/pt-pt\/wp-json\/wp\/v2\/product_brand?post=76149"},{"taxonomy":"product_cat","embeddable":true,"href":"https:\/\/coelectrix.com\/pt-pt\/wp-json\/wp\/v2\/product_cat?post=76149"},{"taxonomy":"product_tag","embeddable":true,"href":"https:\/\/coelectrix.com\/pt-pt\/wp-json\/wp\/v2\/product_tag?post=76149"}],"curies":[{"name":"wp","href":"https:\/\/api.w.org\/{rel}","templated":true}]}}