{"id":76170,"date":"2023-12-09T10:44:59","date_gmt":"2023-12-09T09:44:59","guid":{"rendered":"https:\/\/coelectrix.com\/producto\/mangas-para-cabos-em-fibra-de-vidro-e-silicone-anti-calor-alta-temp"},"modified":"2025-08-19T06:00:48","modified_gmt":"2025-08-19T04:00:48","slug":"mangas-para-cabos-em-fibra-de-vidro-e-silicone-anti-calor-alta-temp","status":"publish","type":"product","link":"https:\/\/coelectrix.com\/pt-pt\/produto\/cabos-anticaloricos-de-fibra-de-vidro-e-silicone-para-cabos-de-alta-temperatura","title":{"rendered":"Mangas para cabos em fibra de vidro e silicone anti-calor &#8211; Alta Temp."},"content":{"rendered":"<h2><strong>Bainha de fibra de silicone &#8211; Alta temperatura<\/strong><\/h2>\n<p>Bainha<strong>protetora retardante de fogo<\/strong> em fibra de vidro tecida, revestida com silicone e envernizada com silicone. \u00c9 uma manga tubular flex\u00edvel feita de filamentos de fibra de vidro com um revestimento exterior de borracha de silicone para alta temperatura +260\u00baC <em>com picos de temperatura de curto prazo de 1000\u00baC, 15-20 minutos e 1650\u00baC 15-30 segundos.<\/em><\/p>\n<p>A nossa bainha <strong>de fibra de vidro<\/strong> com <strong>silicone<\/strong> \u00e9 expans\u00edvel, com um <strong>raio<\/strong> de <strong>expans\u00e3o<\/strong> de <strong>40%<\/strong>, o que torna a bainha perfeitamente adaptada se jogarmos com os di\u00e2metros tanto da bainha <strong>de fibra de vidro <\/strong> como da mangueira, cabo, linha de mangueira, etc., que queremos embainhar.<\/p>\n<p>As bainhas para altas temperaturas t\u00eam sido amplamente utilizadas para cabos em zonas de alta temperatura, condutas, linhas de fluidos, etc., bem como nas ind\u00fastrias sider\u00fargica, de esmaltagem, qu\u00edmica, naval e outras. Al\u00e9m disso, podem ser utilizadas em grupos geradores, grandes constru\u00e7\u00f5es, <strong>cablagens de autom\u00f3veis<\/strong>, etc.<\/p>\n<p><strong>Propriedades<\/strong><br \/>\nResist\u00eancia \u00e0 tra\u00e7\u00e3o &#8212; &gt; \u2265 8,2 Mpa<br \/>\nIntensidade de descasque &#8212; &gt; \u2265 200<br \/>\nIntensidade de descasque &#8212; &gt; &gt; \u2265 300%.<br \/>\nTens\u00e3o nominal &#8212; &gt; &gt; 7kv &#8211; 25kv<br \/>\n1. teste de choque t\u00e9rmico &#8212; &gt; 300 \u2103 4 horas Sem rachaduras de acordo com ASTMD 2671 -75 \u2103 4 horas Sem rachaduras de acordo com ASTMD 2671<br \/>\n2. resist\u00eancia \u00e0 tra\u00e7\u00e3o &#8212; &gt; \u226510.3 Mpa de acordo com ASTMD 638<br \/>\n3. Condutividade t\u00e9rmica &#8212; &gt; &gt; Borracha de silicone. N\u00e3o h\u00e1 dados exactos de condutividade t\u00e9rmica para a manga de fogo.<br \/>\n<strong><br \/>\n<\/strong><\/p>\n<p><span class=\"\">As mangas para cabos de autom\u00f3veis est\u00e3o dispon\u00edveis<\/span>na cor Tile.<\/p>\n","protected":false},"excerpt":{"rendered":"<p>Cobertura anti-calor para prote\u00e7\u00e3o contra altas temperaturas.<\/p>\n<p>Sempre que necessitamos de uma prote\u00e7\u00e3o t\u00e9rmica elevada, 1.650\u00baC a curto prazo, ideal como prote\u00e7\u00e3o contra inc\u00eandios, fa\u00edscas, soldaduras&#8230;<\/p>\n<p>\u2219 Temperatura cont\u00ednua: 260\u00baC<br \/>\n\u2219 Temperatura de curta dura\u00e7\u00e3o: 1000\u00baC 15-20 minutos<br \/>\n\u2219 Temperatura de curta dura\u00e7\u00e3o: 1.650\u00baC 15-30 segundos<br \/>\n\u2219 Excelente resist\u00eancia \u00e0 abras\u00e3o<br \/>\n\u2219 ISO 9001 . 2008 CE , DIN 5510-2 (teste de toxicidade de fogo e fumo), RoHS, MSDS<\/p>\n<p>Cor: <strong>T\u00eaxtil<\/strong><br \/>\n<strong>Pre\u00e7o para bobina de 20 metros.<\/strong><\/p>\n","protected":false},"featured_media":74323,"template":"","meta":{"_acf_changed":false},"product_brand":[],"product_cat":[1384],"product_tag":[],"class_list":{"0":"post-76170","1":"product","2":"type-product","3":"status-publish","4":"has-post-thumbnail","6":"product_cat-protecao-dos-cabos","8":"first","9":"instock","10":"taxable","11":"shipping-taxable","12":"purchasable","13":"product-type-variable"},"acf":[],"yoast_head":"<!-- This site is optimized with the Yoast SEO plugin v27.2 - https:\/\/yoast.com\/product\/yoast-seo-wordpress\/ -->\n<title>\u25b7 Mangas para cabos em fibra de vidro e silicone anti-calor - Alta Temp. | Coelectrix.com<\/title>\n<meta name=\"description\" content=\"Bainha de prote\u00e7\u00e3o contra o fogo em fibra de vidro tecida, revestida com silicone e verniz de silicone. Alta resist\u00eancia e prote\u00e7\u00e3o para cabos el\u00e9ctricos\" \/>\n<meta name=\"robots\" content=\"index, follow, max-snippet:-1, max-image-preview:large, max-video-preview:-1\" \/>\n<link rel=\"canonical\" href=\"https:\/\/coelectrix.com\/pt-pt\/produto\/cabos-anticaloricos-de-fibra-de-vidro-e-silicone-para-cabos-de-alta-temperatura\" \/>\n<meta property=\"og:locale\" content=\"pt_PT\" \/>\n<meta property=\"og:type\" content=\"article\" \/>\n<meta property=\"og:title\" content=\"\u25b7 Mangas para cabos em fibra de vidro e silicone anti-calor - Alta Temp. | Coelectrix.com\" \/>\n<meta property=\"og:description\" content=\"Bainha de prote\u00e7\u00e3o contra o fogo em fibra de vidro tecida, revestida com silicone e verniz de silicone. Alta resist\u00eancia e prote\u00e7\u00e3o para cabos el\u00e9ctricos\" \/>\n<meta property=\"og:url\" content=\"https:\/\/coelectrix.com\/pt-pt\/produto\/cabos-anticaloricos-de-fibra-de-vidro-e-silicone-para-cabos-de-alta-temperatura\" \/>\n<meta property=\"og:site_name\" content=\"Coelectrix\" \/>\n<meta property=\"article:modified_time\" content=\"2025-08-19T04:00:48+00:00\" \/>\n<meta property=\"og:image\" content=\"https:\/\/coelectrix.com\/wp-content\/uploads\/2023\/12\/Funda-de-Cables-Anti-Calorica-Fibra-de-Vidrio-y-Silicona-Alta-Temperatura-2.jpg\" \/>\n\t<meta property=\"og:image:width\" content=\"600\" \/>\n\t<meta property=\"og:image:height\" content=\"600\" \/>\n\t<meta property=\"og:image:type\" content=\"image\/jpeg\" \/>\n<meta name=\"twitter:card\" content=\"summary_large_image\" \/>\n<meta name=\"twitter:label1\" content=\"Tempo estimado de leitura\" \/>\n\t<meta name=\"twitter:data1\" content=\"1 minuto\" \/>\n<script type=\"application\/ld+json\" class=\"yoast-schema-graph\">{\"@context\":\"https:\/\/schema.org\",\"@graph\":[{\"@type\":\"WebPage\",\"@id\":\"https:\/\/coelectrix.com\/pt-pt\/produto\/cabos-anticaloricos-de-fibra-de-vidro-e-silicone-para-cabos-de-alta-temperatura\",\"url\":\"https:\/\/coelectrix.com\/pt-pt\/produto\/cabos-anticaloricos-de-fibra-de-vidro-e-silicone-para-cabos-de-alta-temperatura\",\"name\":\"\u25b7 Mangas para cabos em fibra de vidro e silicone anti-calor - Alta Temp. | Coelectrix.com\",\"isPartOf\":{\"@id\":\"https:\/\/coelectrix.com\/pt-pt\/#website\"},\"primaryImageOfPage\":{\"@id\":\"https:\/\/coelectrix.com\/pt-pt\/produto\/cabos-anticaloricos-de-fibra-de-vidro-e-silicone-para-cabos-de-alta-temperatura#primaryimage\"},\"image\":{\"@id\":\"https:\/\/coelectrix.com\/pt-pt\/produto\/cabos-anticaloricos-de-fibra-de-vidro-e-silicone-para-cabos-de-alta-temperatura#primaryimage\"},\"thumbnailUrl\":\"https:\/\/coelectrix.com\/wp-content\/uploads\/2023\/12\/Funda-de-Cables-Anti-Calorica-Fibra-de-Vidrio-y-Silicona-Alta-Temperatura-2.jpg\",\"datePublished\":\"2023-12-09T09:44:59+00:00\",\"dateModified\":\"2025-08-19T04:00:48+00:00\",\"description\":\"Bainha de prote\u00e7\u00e3o contra o fogo em fibra de vidro tecida, revestida com silicone e verniz de silicone. Alta resist\u00eancia e prote\u00e7\u00e3o para cabos el\u00e9ctricos\",\"breadcrumb\":{\"@id\":\"https:\/\/coelectrix.com\/pt-pt\/produto\/cabos-anticaloricos-de-fibra-de-vidro-e-silicone-para-cabos-de-alta-temperatura#breadcrumb\"},\"inLanguage\":\"pt-PT\",\"potentialAction\":[{\"@type\":\"ReadAction\",\"target\":[\"https:\/\/coelectrix.com\/pt-pt\/produto\/cabos-anticaloricos-de-fibra-de-vidro-e-silicone-para-cabos-de-alta-temperatura\"]}]},{\"@type\":\"ImageObject\",\"inLanguage\":\"pt-PT\",\"@id\":\"https:\/\/coelectrix.com\/pt-pt\/produto\/cabos-anticaloricos-de-fibra-de-vidro-e-silicone-para-cabos-de-alta-temperatura#primaryimage\",\"url\":\"https:\/\/coelectrix.com\/wp-content\/uploads\/2023\/12\/Funda-de-Cables-Anti-Calorica-Fibra-de-Vidrio-y-Silicona-Alta-Temperatura-2.jpg\",\"contentUrl\":\"https:\/\/coelectrix.com\/wp-content\/uploads\/2023\/12\/Funda-de-Cables-Anti-Calorica-Fibra-de-Vidrio-y-Silicona-Alta-Temperatura-2.jpg\",\"width\":600,\"height\":600,\"caption\":\"Cabo de fibra de vidro e silicone anti-calor para alta temperatura\"},{\"@type\":\"BreadcrumbList\",\"@id\":\"https:\/\/coelectrix.com\/pt-pt\/produto\/cabos-anticaloricos-de-fibra-de-vidro-e-silicone-para-cabos-de-alta-temperatura#breadcrumb\",\"itemListElement\":[{\"@type\":\"ListItem\",\"position\":1,\"name\":\"Portada\",\"item\":\"https:\/\/coelectrix.com\/\"},{\"@type\":\"ListItem\",\"position\":2,\"name\":\"Loja\",\"item\":\"https:\/\/coelectrix.com\/pt-pt\/loja\"},{\"@type\":\"ListItem\",\"position\":3,\"name\":\"Mangas para cabos em fibra de vidro e silicone anti-calor &#8211; Alta Temp.\"}]},{\"@type\":\"WebSite\",\"@id\":\"https:\/\/coelectrix.com\/pt-pt\/#website\",\"url\":\"https:\/\/coelectrix.com\/pt-pt\/\",\"name\":\"Coelectrix\",\"description\":\"Componentes el\u00e9ctricos\",\"publisher\":{\"@id\":\"https:\/\/coelectrix.com\/pt-pt\/#organization\"},\"potentialAction\":[{\"@type\":\"SearchAction\",\"target\":{\"@type\":\"EntryPoint\",\"urlTemplate\":\"https:\/\/coelectrix.com\/pt-pt\/?s={search_term_string}\"},\"query-input\":{\"@type\":\"PropertyValueSpecification\",\"valueRequired\":true,\"valueName\":\"search_term_string\"}}],\"inLanguage\":\"pt-PT\"},{\"@type\":\"Organization\",\"@id\":\"https:\/\/coelectrix.com\/pt-pt\/#organization\",\"name\":\"coelectrix.com\",\"url\":\"https:\/\/coelectrix.com\/pt-pt\/\",\"logo\":{\"@type\":\"ImageObject\",\"inLanguage\":\"pt-PT\",\"@id\":\"https:\/\/coelectrix.com\/pt-pt\/#\/schema\/logo\/image\/\",\"url\":\"https:\/\/coelectrix.com\/wp-content\/uploads\/2018\/05\/logo-coelectrix-400x400.jpg\",\"contentUrl\":\"https:\/\/coelectrix.com\/wp-content\/uploads\/2018\/05\/logo-coelectrix-400x400.jpg\",\"width\":300,\"height\":300,\"caption\":\"coelectrix.com\"},\"image\":{\"@id\":\"https:\/\/coelectrix.com\/pt-pt\/#\/schema\/logo\/image\/\"}}]}<\/script>\n<!-- \/ Yoast SEO plugin. -->","yoast_head_json":{"title":"\u25b7 Mangas para cabos em fibra de vidro e silicone anti-calor - Alta Temp. | Coelectrix.com","description":"Bainha de prote\u00e7\u00e3o contra o fogo em fibra de vidro tecida, revestida com silicone e verniz de silicone. Alta resist\u00eancia e prote\u00e7\u00e3o para cabos el\u00e9ctricos","robots":{"index":"index","follow":"follow","max-snippet":"max-snippet:-1","max-image-preview":"max-image-preview:large","max-video-preview":"max-video-preview:-1"},"canonical":"https:\/\/coelectrix.com\/pt-pt\/produto\/cabos-anticaloricos-de-fibra-de-vidro-e-silicone-para-cabos-de-alta-temperatura","og_locale":"pt_PT","og_type":"article","og_title":"\u25b7 Mangas para cabos em fibra de vidro e silicone anti-calor - Alta Temp. | Coelectrix.com","og_description":"Bainha de prote\u00e7\u00e3o contra o fogo em fibra de vidro tecida, revestida com silicone e verniz de silicone. Alta resist\u00eancia e prote\u00e7\u00e3o para cabos el\u00e9ctricos","og_url":"https:\/\/coelectrix.com\/pt-pt\/produto\/cabos-anticaloricos-de-fibra-de-vidro-e-silicone-para-cabos-de-alta-temperatura","og_site_name":"Coelectrix","article_modified_time":"2025-08-19T04:00:48+00:00","og_image":[{"width":600,"height":600,"url":"https:\/\/coelectrix.com\/wp-content\/uploads\/2023\/12\/Funda-de-Cables-Anti-Calorica-Fibra-de-Vidrio-y-Silicona-Alta-Temperatura-2.jpg","type":"image\/jpeg"}],"twitter_card":"summary_large_image","twitter_misc":{"Tempo estimado de leitura":"1 minuto"},"schema":{"@context":"https:\/\/schema.org","@graph":[{"@type":"WebPage","@id":"https:\/\/coelectrix.com\/pt-pt\/produto\/cabos-anticaloricos-de-fibra-de-vidro-e-silicone-para-cabos-de-alta-temperatura","url":"https:\/\/coelectrix.com\/pt-pt\/produto\/cabos-anticaloricos-de-fibra-de-vidro-e-silicone-para-cabos-de-alta-temperatura","name":"\u25b7 Mangas para cabos em fibra de vidro e silicone anti-calor - Alta Temp. | Coelectrix.com","isPartOf":{"@id":"https:\/\/coelectrix.com\/pt-pt\/#website"},"primaryImageOfPage":{"@id":"https:\/\/coelectrix.com\/pt-pt\/produto\/cabos-anticaloricos-de-fibra-de-vidro-e-silicone-para-cabos-de-alta-temperatura#primaryimage"},"image":{"@id":"https:\/\/coelectrix.com\/pt-pt\/produto\/cabos-anticaloricos-de-fibra-de-vidro-e-silicone-para-cabos-de-alta-temperatura#primaryimage"},"thumbnailUrl":"https:\/\/coelectrix.com\/wp-content\/uploads\/2023\/12\/Funda-de-Cables-Anti-Calorica-Fibra-de-Vidrio-y-Silicona-Alta-Temperatura-2.jpg","datePublished":"2023-12-09T09:44:59+00:00","dateModified":"2025-08-19T04:00:48+00:00","description":"Bainha de prote\u00e7\u00e3o contra o fogo em fibra de vidro tecida, revestida com silicone e verniz de silicone. Alta resist\u00eancia e prote\u00e7\u00e3o para cabos el\u00e9ctricos","breadcrumb":{"@id":"https:\/\/coelectrix.com\/pt-pt\/produto\/cabos-anticaloricos-de-fibra-de-vidro-e-silicone-para-cabos-de-alta-temperatura#breadcrumb"},"inLanguage":"pt-PT","potentialAction":[{"@type":"ReadAction","target":["https:\/\/coelectrix.com\/pt-pt\/produto\/cabos-anticaloricos-de-fibra-de-vidro-e-silicone-para-cabos-de-alta-temperatura"]}]},{"@type":"ImageObject","inLanguage":"pt-PT","@id":"https:\/\/coelectrix.com\/pt-pt\/produto\/cabos-anticaloricos-de-fibra-de-vidro-e-silicone-para-cabos-de-alta-temperatura#primaryimage","url":"https:\/\/coelectrix.com\/wp-content\/uploads\/2023\/12\/Funda-de-Cables-Anti-Calorica-Fibra-de-Vidrio-y-Silicona-Alta-Temperatura-2.jpg","contentUrl":"https:\/\/coelectrix.com\/wp-content\/uploads\/2023\/12\/Funda-de-Cables-Anti-Calorica-Fibra-de-Vidrio-y-Silicona-Alta-Temperatura-2.jpg","width":600,"height":600,"caption":"Cabo de fibra de vidro e silicone anti-calor para alta temperatura"},{"@type":"BreadcrumbList","@id":"https:\/\/coelectrix.com\/pt-pt\/produto\/cabos-anticaloricos-de-fibra-de-vidro-e-silicone-para-cabos-de-alta-temperatura#breadcrumb","itemListElement":[{"@type":"ListItem","position":1,"name":"Portada","item":"https:\/\/coelectrix.com\/"},{"@type":"ListItem","position":2,"name":"Loja","item":"https:\/\/coelectrix.com\/pt-pt\/loja"},{"@type":"ListItem","position":3,"name":"Mangas para cabos em fibra de vidro e silicone anti-calor &#8211; Alta Temp."}]},{"@type":"WebSite","@id":"https:\/\/coelectrix.com\/pt-pt\/#website","url":"https:\/\/coelectrix.com\/pt-pt\/","name":"Coelectrix","description":"Componentes el\u00e9ctricos","publisher":{"@id":"https:\/\/coelectrix.com\/pt-pt\/#organization"},"potentialAction":[{"@type":"SearchAction","target":{"@type":"EntryPoint","urlTemplate":"https:\/\/coelectrix.com\/pt-pt\/?s={search_term_string}"},"query-input":{"@type":"PropertyValueSpecification","valueRequired":true,"valueName":"search_term_string"}}],"inLanguage":"pt-PT"},{"@type":"Organization","@id":"https:\/\/coelectrix.com\/pt-pt\/#organization","name":"coelectrix.com","url":"https:\/\/coelectrix.com\/pt-pt\/","logo":{"@type":"ImageObject","inLanguage":"pt-PT","@id":"https:\/\/coelectrix.com\/pt-pt\/#\/schema\/logo\/image\/","url":"https:\/\/coelectrix.com\/wp-content\/uploads\/2018\/05\/logo-coelectrix-400x400.jpg","contentUrl":"https:\/\/coelectrix.com\/wp-content\/uploads\/2018\/05\/logo-coelectrix-400x400.jpg","width":300,"height":300,"caption":"coelectrix.com"},"image":{"@id":"https:\/\/coelectrix.com\/pt-pt\/#\/schema\/logo\/image\/"}}]}},"_links":{"self":[{"href":"https:\/\/coelectrix.com\/pt-pt\/wp-json\/wp\/v2\/product\/76170","targetHints":{"allow":["GET"]}}],"collection":[{"href":"https:\/\/coelectrix.com\/pt-pt\/wp-json\/wp\/v2\/product"}],"about":[{"href":"https:\/\/coelectrix.com\/pt-pt\/wp-json\/wp\/v2\/types\/product"}],"version-history":[{"count":1,"href":"https:\/\/coelectrix.com\/pt-pt\/wp-json\/wp\/v2\/product\/76170\/revisions"}],"predecessor-version":[{"id":76630,"href":"https:\/\/coelectrix.com\/pt-pt\/wp-json\/wp\/v2\/product\/76170\/revisions\/76630"}],"wp:featuredmedia":[{"embeddable":true,"href":"https:\/\/coelectrix.com\/pt-pt\/wp-json\/wp\/v2\/media\/74323"}],"wp:attachment":[{"href":"https:\/\/coelectrix.com\/pt-pt\/wp-json\/wp\/v2\/media?parent=76170"}],"wp:term":[{"taxonomy":"product_brand","embeddable":true,"href":"https:\/\/coelectrix.com\/pt-pt\/wp-json\/wp\/v2\/product_brand?post=76170"},{"taxonomy":"product_cat","embeddable":true,"href":"https:\/\/coelectrix.com\/pt-pt\/wp-json\/wp\/v2\/product_cat?post=76170"},{"taxonomy":"product_tag","embeddable":true,"href":"https:\/\/coelectrix.com\/pt-pt\/wp-json\/wp\/v2\/product_tag?post=76170"}],"curies":[{"name":"wp","href":"https:\/\/api.w.org\/{rel}","templated":true}]}}