{"id":76239,"date":"2022-09-15T13:23:22","date_gmt":"2022-09-15T11:23:22","guid":{"rendered":"https:\/\/coelectrix.com\/producto\/controlador-mppt-100-20-bluetooth-smart-solar-mppt"},"modified":"2025-08-19T06:02:31","modified_gmt":"2025-08-19T04:02:31","slug":"controlador-mppt-100-20-bluetooth-smart-solar-mppt","status":"publish","type":"product","link":"https:\/\/coelectrix.com\/pt-pt\/produto\/smart-solar-smart-mppt-100-20-regulador-dente-de-boi","title":{"rendered":"Controlador MPPT 100\/20 Bluetooth Smart Solar MPPT"},"content":{"rendered":"<h2><strong>CONTROLADOR BLUETOTH SMARTSOLAR MPPT 100\/20<\/strong><\/h2>\n<h2><strong>Bluetooth inteligente integrado<\/strong><\/h2>\n<p>A solu\u00e7\u00e3o sem fios para configurar, controlar, atualizar e sincronizar os controladores de carga SmartSolar.<\/p>\n<h2><strong>VE.Diret<\/strong><\/h2>\n<p>Para uma liga\u00e7\u00e3o de dados com fios a um Color Control GX, outros produtos GX, PC ou outros dispositivos.<\/p>\n<h2><strong>Seguimento ultrarr\u00e1pido do ponto de pot\u00eancia m\u00e1xima (MPPT)<\/strong><\/h2>\n<p>Especialmente em condi\u00e7\u00f5es de c\u00e9u nublado, quando a intensidade da luz muda continuamente, um controlador MPPT ultrarr\u00e1pido melhora a capta\u00e7\u00e3o de energia at\u00e9 30%, o que pode ser conseguido atrav\u00e9s de<br \/>\nA recolha de energia pode ser melhorada at\u00e9 30% em compara\u00e7\u00e3o com os controladores de carga PWM e at\u00e9 10% em compara\u00e7\u00e3o com os controladores MPPT mais lentos.<br \/>\ncontroladores MPPT mais lentos.<\/p>\n<h2><strong>Sa\u00edda de carga<\/strong><\/h2>\n<p>A bateria pode ser impedida de descarregar em excesso ligando todas as cargas \u00e0 sa\u00edda de carga. Esta sa\u00edda desliga a carga<br \/>\n(Modelo de 48V: interface com um rel\u00e9) Tamb\u00e9m \u00e9 poss\u00edvel definir um algoritmo de gest\u00e3o inteligente da bateria: ver BatteryLife.<br \/>\n(Modelo 48V: interface com um rel\u00e9) Tamb\u00e9m pode ser definido um algoritmo de gest\u00e3o inteligente da bateria: ver BatteryLife.<br \/>\nA sa\u00edda de carga \u00e9 \u00e0 prova de curto-circuito.<\/p>\n<h2><strong>BatteryLife: gest\u00e3o inteligente da bateria<\/strong><\/h2>\n<p>Se um controlador de carga solar n\u00e3o for capaz de recarregar a bateria at\u00e9 \u00e0 capacidade total num dia, o que acontece \u00e9 que o ciclo da bateria alterna continuamente entre os estados &#8220;parcialmente carregada&#8221; e &#8220;parcialmente carregada&#8221;.<br \/>\nO ciclo da bateria alterna continuamente entre os estados &#8220;parcialmente carregada&#8221; e &#8220;fim da descarga&#8221;. Este modo de funcionamento (sem<br \/>\nrecarga completa peri\u00f3dica) destruir\u00e1 uma bateria de chumbo-\u00e1cido em semanas ou meses.<br \/>\nO algoritmo BatteryLife monitorizar\u00e1 o estado de carga da bateria e, se necess\u00e1rio, aumentar\u00e1 dia a dia o n\u00edvel de desconex\u00e3o da carga (ou seja, desconectando a carga).<br \/>\n(ou seja, desligar a carga mais cedo) at\u00e9 que a energia solar recolhida seja suficiente para recarregar a bateria at\u00e9 quase 100%.<br \/>\nquase 100%. A partir desse momento, o n\u00edvel de desconex\u00e3o da carga ser\u00e1 modulado de modo a que se consiga uma recarga de quase 100% cerca de uma vez por semana.<br \/>\nA recarga de 100% \u00e9 conseguida cerca de uma vez por semana.<\/p>\n<h2><strong>Algoritmo program\u00e1vel de carregamento da bateria<\/strong><\/h2>\n<p>Para mais informa\u00e7\u00f5es, consulte a sec\u00e7\u00e3o Suporte e Transfer\u00eancias &gt; Software do nosso s\u00edtio Web.<\/p>\n<h2><strong>Temporizador dia\/noite e op\u00e7\u00e3o de regula\u00e7\u00e3o da luminosidade<\/strong><\/h2>\n<p>Consulte a sec\u00e7\u00e3o Suporte e transfer\u00eancias &gt; Software do nosso s\u00edtio Web para obter mais informa\u00e7\u00f5es.<\/p>\n<h2><strong>Sensor de temperatura interno<\/strong><\/h2>\n<p>Compensa a absor\u00e7\u00e3o e a tens\u00e3o de carga do flutuador em fun\u00e7\u00e3o da temperatura.<\/p>\n<h2><strong>Sensor opcional para tens\u00e3o e temperatura da bateria externa via Bluetooth<\/strong><\/h2>\n<p>Um sensor Smart Battery Sense ou um monitor de bateria BMV-712 Smart pode ser utilizado para comunicar a tens\u00e3o e a temperatura da bateria a um ou mais controladores de carga SmartSolar.<br \/>\npara um ou mais controladores de carga SmartSolar.<\/p>\n<h2><strong>Fun\u00e7\u00e3o de recupera\u00e7\u00e3o de bateria totalmente descarregada<\/strong><\/h2>\n<p>Come\u00e7a a carregar mesmo que a bateria esteja descarregada at\u00e9 zero volts.<br \/>\nVolta a ligar a uma bateria de i\u00f5es de l\u00edtio totalmente descarregada com a fun\u00e7\u00e3o de desconex\u00e3o interna.<\/p>\n<p><a href=\"https:\/\/coelectrix.com\/wp-content\/uploads\/2022\/09\/Datasheet-SmartSolar-charge-controller-MPPT-75-10-75-15-100-15-100-20_.48V-ES.pdf\" target=\"_blank\" rel=\"noopener\">Folha de dados<\/a> do controlador bluetoth spartsolar MPPT 100\/20<\/p>\n","protected":false},"excerpt":{"rendered":"<p>O controlador Victron SmartSolar 100\/20 \u00e9 um controlador potente com algoritmo MPPT e tecnologia Bluetooth inclu\u00edda. O algoritmo MPPT da Victron \u00e9 capaz de detetar o ponto de pot\u00eancia m\u00e1xima do painel solar muito rapidamente, o que aumenta a produ\u00e7\u00e3o di\u00e1ria em 20% em compara\u00e7\u00e3o com a coloca\u00e7\u00e3o de um regulador PWM.<\/p>\n<p>A tecnologia Bluetooth inclu\u00edda permite-lhe monitorizar facilmente o estado do sistema solar a partir de qualquer dispositivo: produ\u00e7\u00e3o instant\u00e2nea, di\u00e1ria e hist\u00f3rica, estado da bateria e consumo da instala\u00e7\u00e3o.<\/p>\n","protected":false},"featured_media":73994,"template":"","meta":{"_acf_changed":false},"product_brand":[],"product_cat":[1341,1321,1338],"product_tag":[],"class_list":{"0":"post-76239","1":"product","2":"type-product","3":"status-publish","4":"has-post-thumbnail","6":"product_cat-paineis-solares","7":"product_cat-reguladores-solares-2","8":"product_cat-victron-energia","10":"first","11":"instock","12":"taxable","13":"shipping-taxable","14":"purchasable","15":"product-type-simple"},"acf":[],"yoast_head":"<!-- This site is optimized with the Yoast SEO plugin v27.2 - https:\/\/yoast.com\/product\/yoast-seo-wordpress\/ -->\n<title>\u25b7 Controlador MPPT 100\/20 Bluetooth Smart Solar MPPT | Coelectrix.com<\/title>\n<meta name=\"description\" content=\"O controlador Victron SmartSolar 100\/20 \u00e9 um controlador potente com algoritmo MPPT e tecnologia Bluetooth inclu\u00edda.\" \/>\n<meta name=\"robots\" content=\"index, follow, max-snippet:-1, max-image-preview:large, max-video-preview:-1\" \/>\n<link rel=\"canonical\" href=\"https:\/\/coelectrix.com\/pt-pt\/produto\/smart-solar-smart-mppt-100-20-regulador-dente-de-boi\" \/>\n<meta property=\"og:locale\" content=\"pt_PT\" \/>\n<meta property=\"og:type\" content=\"article\" \/>\n<meta property=\"og:title\" content=\"\u25b7 Controlador MPPT 100\/20 Bluetooth Smart Solar MPPT | Coelectrix.com\" \/>\n<meta property=\"og:description\" content=\"O controlador Victron SmartSolar 100\/20 \u00e9 um controlador potente com algoritmo MPPT e tecnologia Bluetooth inclu\u00edda.\" \/>\n<meta property=\"og:url\" content=\"https:\/\/coelectrix.com\/pt-pt\/produto\/smart-solar-smart-mppt-100-20-regulador-dente-de-boi\" \/>\n<meta property=\"og:site_name\" content=\"Coelectrix\" \/>\n<meta property=\"article:modified_time\" content=\"2025-08-19T04:02:31+00:00\" \/>\n<meta property=\"og:image\" content=\"https:\/\/coelectrix.com\/wp-content\/uploads\/2022\/09\/regulador-smartsolar-mppt-100_20-bluetoth-2.jpg\" \/>\n\t<meta property=\"og:image:width\" content=\"600\" \/>\n\t<meta property=\"og:image:height\" content=\"600\" \/>\n\t<meta property=\"og:image:type\" content=\"image\/jpeg\" \/>\n<meta name=\"twitter:card\" content=\"summary_large_image\" \/>\n<meta name=\"twitter:label1\" content=\"Tempo estimado de leitura\" \/>\n\t<meta name=\"twitter:data1\" content=\"3 minutos\" \/>\n<script type=\"application\/ld+json\" class=\"yoast-schema-graph\">{\"@context\":\"https:\/\/schema.org\",\"@graph\":[{\"@type\":\"WebPage\",\"@id\":\"https:\/\/coelectrix.com\/pt-pt\/produto\/smart-solar-smart-mppt-100-20-regulador-dente-de-boi\",\"url\":\"https:\/\/coelectrix.com\/pt-pt\/produto\/smart-solar-smart-mppt-100-20-regulador-dente-de-boi\",\"name\":\"\u25b7 Controlador MPPT 100\/20 Bluetooth Smart Solar MPPT | Coelectrix.com\",\"isPartOf\":{\"@id\":\"https:\/\/coelectrix.com\/pt-pt\/#website\"},\"primaryImageOfPage\":{\"@id\":\"https:\/\/coelectrix.com\/pt-pt\/produto\/smart-solar-smart-mppt-100-20-regulador-dente-de-boi#primaryimage\"},\"image\":{\"@id\":\"https:\/\/coelectrix.com\/pt-pt\/produto\/smart-solar-smart-mppt-100-20-regulador-dente-de-boi#primaryimage\"},\"thumbnailUrl\":\"https:\/\/coelectrix.com\/wp-content\/uploads\/2022\/09\/regulador-smartsolar-mppt-100_20-bluetoth-2.jpg\",\"datePublished\":\"2022-09-15T11:23:22+00:00\",\"dateModified\":\"2025-08-19T04:02:31+00:00\",\"description\":\"O controlador Victron SmartSolar 100\/20 \u00e9 um controlador potente com algoritmo MPPT e tecnologia Bluetooth inclu\u00edda.\",\"breadcrumb\":{\"@id\":\"https:\/\/coelectrix.com\/pt-pt\/produto\/smart-solar-smart-mppt-100-20-regulador-dente-de-boi#breadcrumb\"},\"inLanguage\":\"pt-PT\",\"potentialAction\":[{\"@type\":\"ReadAction\",\"target\":[\"https:\/\/coelectrix.com\/pt-pt\/produto\/smart-solar-smart-mppt-100-20-regulador-dente-de-boi\"]}]},{\"@type\":\"ImageObject\",\"inLanguage\":\"pt-PT\",\"@id\":\"https:\/\/coelectrix.com\/pt-pt\/produto\/smart-solar-smart-mppt-100-20-regulador-dente-de-boi#primaryimage\",\"url\":\"https:\/\/coelectrix.com\/wp-content\/uploads\/2022\/09\/regulador-smartsolar-mppt-100_20-bluetoth-2.jpg\",\"contentUrl\":\"https:\/\/coelectrix.com\/wp-content\/uploads\/2022\/09\/regulador-smartsolar-mppt-100_20-bluetoth-2.jpg\",\"width\":600,\"height\":600,\"caption\":\"CONTROLADOR BLUETOTH SMARTSOLAR MPPT 100\/20\"},{\"@type\":\"BreadcrumbList\",\"@id\":\"https:\/\/coelectrix.com\/pt-pt\/produto\/smart-solar-smart-mppt-100-20-regulador-dente-de-boi#breadcrumb\",\"itemListElement\":[{\"@type\":\"ListItem\",\"position\":1,\"name\":\"Portada\",\"item\":\"https:\/\/coelectrix.com\/\"},{\"@type\":\"ListItem\",\"position\":2,\"name\":\"Loja\",\"item\":\"https:\/\/coelectrix.com\/pt-pt\/loja\"},{\"@type\":\"ListItem\",\"position\":3,\"name\":\"Controlador MPPT 100\/20 Bluetooth Smart Solar MPPT\"}]},{\"@type\":\"WebSite\",\"@id\":\"https:\/\/coelectrix.com\/pt-pt\/#website\",\"url\":\"https:\/\/coelectrix.com\/pt-pt\/\",\"name\":\"Coelectrix\",\"description\":\"Componentes el\u00e9ctricos\",\"publisher\":{\"@id\":\"https:\/\/coelectrix.com\/pt-pt\/#organization\"},\"potentialAction\":[{\"@type\":\"SearchAction\",\"target\":{\"@type\":\"EntryPoint\",\"urlTemplate\":\"https:\/\/coelectrix.com\/pt-pt\/?s={search_term_string}\"},\"query-input\":{\"@type\":\"PropertyValueSpecification\",\"valueRequired\":true,\"valueName\":\"search_term_string\"}}],\"inLanguage\":\"pt-PT\"},{\"@type\":\"Organization\",\"@id\":\"https:\/\/coelectrix.com\/pt-pt\/#organization\",\"name\":\"coelectrix.com\",\"url\":\"https:\/\/coelectrix.com\/pt-pt\/\",\"logo\":{\"@type\":\"ImageObject\",\"inLanguage\":\"pt-PT\",\"@id\":\"https:\/\/coelectrix.com\/pt-pt\/#\/schema\/logo\/image\/\",\"url\":\"https:\/\/coelectrix.com\/wp-content\/uploads\/2018\/05\/logo-coelectrix-400x400.jpg\",\"contentUrl\":\"https:\/\/coelectrix.com\/wp-content\/uploads\/2018\/05\/logo-coelectrix-400x400.jpg\",\"width\":300,\"height\":300,\"caption\":\"coelectrix.com\"},\"image\":{\"@id\":\"https:\/\/coelectrix.com\/pt-pt\/#\/schema\/logo\/image\/\"}}]}<\/script>\n<!-- \/ Yoast SEO plugin. -->","yoast_head_json":{"title":"\u25b7 Controlador MPPT 100\/20 Bluetooth Smart Solar MPPT | Coelectrix.com","description":"O controlador Victron SmartSolar 100\/20 \u00e9 um controlador potente com algoritmo MPPT e tecnologia Bluetooth inclu\u00edda.","robots":{"index":"index","follow":"follow","max-snippet":"max-snippet:-1","max-image-preview":"max-image-preview:large","max-video-preview":"max-video-preview:-1"},"canonical":"https:\/\/coelectrix.com\/pt-pt\/produto\/smart-solar-smart-mppt-100-20-regulador-dente-de-boi","og_locale":"pt_PT","og_type":"article","og_title":"\u25b7 Controlador MPPT 100\/20 Bluetooth Smart Solar MPPT | Coelectrix.com","og_description":"O controlador Victron SmartSolar 100\/20 \u00e9 um controlador potente com algoritmo MPPT e tecnologia Bluetooth inclu\u00edda.","og_url":"https:\/\/coelectrix.com\/pt-pt\/produto\/smart-solar-smart-mppt-100-20-regulador-dente-de-boi","og_site_name":"Coelectrix","article_modified_time":"2025-08-19T04:02:31+00:00","og_image":[{"width":600,"height":600,"url":"https:\/\/coelectrix.com\/wp-content\/uploads\/2022\/09\/regulador-smartsolar-mppt-100_20-bluetoth-2.jpg","type":"image\/jpeg"}],"twitter_card":"summary_large_image","twitter_misc":{"Tempo estimado de leitura":"3 minutos"},"schema":{"@context":"https:\/\/schema.org","@graph":[{"@type":"WebPage","@id":"https:\/\/coelectrix.com\/pt-pt\/produto\/smart-solar-smart-mppt-100-20-regulador-dente-de-boi","url":"https:\/\/coelectrix.com\/pt-pt\/produto\/smart-solar-smart-mppt-100-20-regulador-dente-de-boi","name":"\u25b7 Controlador MPPT 100\/20 Bluetooth Smart Solar MPPT | Coelectrix.com","isPartOf":{"@id":"https:\/\/coelectrix.com\/pt-pt\/#website"},"primaryImageOfPage":{"@id":"https:\/\/coelectrix.com\/pt-pt\/produto\/smart-solar-smart-mppt-100-20-regulador-dente-de-boi#primaryimage"},"image":{"@id":"https:\/\/coelectrix.com\/pt-pt\/produto\/smart-solar-smart-mppt-100-20-regulador-dente-de-boi#primaryimage"},"thumbnailUrl":"https:\/\/coelectrix.com\/wp-content\/uploads\/2022\/09\/regulador-smartsolar-mppt-100_20-bluetoth-2.jpg","datePublished":"2022-09-15T11:23:22+00:00","dateModified":"2025-08-19T04:02:31+00:00","description":"O controlador Victron SmartSolar 100\/20 \u00e9 um controlador potente com algoritmo MPPT e tecnologia Bluetooth inclu\u00edda.","breadcrumb":{"@id":"https:\/\/coelectrix.com\/pt-pt\/produto\/smart-solar-smart-mppt-100-20-regulador-dente-de-boi#breadcrumb"},"inLanguage":"pt-PT","potentialAction":[{"@type":"ReadAction","target":["https:\/\/coelectrix.com\/pt-pt\/produto\/smart-solar-smart-mppt-100-20-regulador-dente-de-boi"]}]},{"@type":"ImageObject","inLanguage":"pt-PT","@id":"https:\/\/coelectrix.com\/pt-pt\/produto\/smart-solar-smart-mppt-100-20-regulador-dente-de-boi#primaryimage","url":"https:\/\/coelectrix.com\/wp-content\/uploads\/2022\/09\/regulador-smartsolar-mppt-100_20-bluetoth-2.jpg","contentUrl":"https:\/\/coelectrix.com\/wp-content\/uploads\/2022\/09\/regulador-smartsolar-mppt-100_20-bluetoth-2.jpg","width":600,"height":600,"caption":"CONTROLADOR BLUETOTH SMARTSOLAR MPPT 100\/20"},{"@type":"BreadcrumbList","@id":"https:\/\/coelectrix.com\/pt-pt\/produto\/smart-solar-smart-mppt-100-20-regulador-dente-de-boi#breadcrumb","itemListElement":[{"@type":"ListItem","position":1,"name":"Portada","item":"https:\/\/coelectrix.com\/"},{"@type":"ListItem","position":2,"name":"Loja","item":"https:\/\/coelectrix.com\/pt-pt\/loja"},{"@type":"ListItem","position":3,"name":"Controlador MPPT 100\/20 Bluetooth Smart Solar MPPT"}]},{"@type":"WebSite","@id":"https:\/\/coelectrix.com\/pt-pt\/#website","url":"https:\/\/coelectrix.com\/pt-pt\/","name":"Coelectrix","description":"Componentes el\u00e9ctricos","publisher":{"@id":"https:\/\/coelectrix.com\/pt-pt\/#organization"},"potentialAction":[{"@type":"SearchAction","target":{"@type":"EntryPoint","urlTemplate":"https:\/\/coelectrix.com\/pt-pt\/?s={search_term_string}"},"query-input":{"@type":"PropertyValueSpecification","valueRequired":true,"valueName":"search_term_string"}}],"inLanguage":"pt-PT"},{"@type":"Organization","@id":"https:\/\/coelectrix.com\/pt-pt\/#organization","name":"coelectrix.com","url":"https:\/\/coelectrix.com\/pt-pt\/","logo":{"@type":"ImageObject","inLanguage":"pt-PT","@id":"https:\/\/coelectrix.com\/pt-pt\/#\/schema\/logo\/image\/","url":"https:\/\/coelectrix.com\/wp-content\/uploads\/2018\/05\/logo-coelectrix-400x400.jpg","contentUrl":"https:\/\/coelectrix.com\/wp-content\/uploads\/2018\/05\/logo-coelectrix-400x400.jpg","width":300,"height":300,"caption":"coelectrix.com"},"image":{"@id":"https:\/\/coelectrix.com\/pt-pt\/#\/schema\/logo\/image\/"}}]}},"_links":{"self":[{"href":"https:\/\/coelectrix.com\/pt-pt\/wp-json\/wp\/v2\/product\/76239","targetHints":{"allow":["GET"]}}],"collection":[{"href":"https:\/\/coelectrix.com\/pt-pt\/wp-json\/wp\/v2\/product"}],"about":[{"href":"https:\/\/coelectrix.com\/pt-pt\/wp-json\/wp\/v2\/types\/product"}],"version-history":[{"count":1,"href":"https:\/\/coelectrix.com\/pt-pt\/wp-json\/wp\/v2\/product\/76239\/revisions"}],"predecessor-version":[{"id":76709,"href":"https:\/\/coelectrix.com\/pt-pt\/wp-json\/wp\/v2\/product\/76239\/revisions\/76709"}],"wp:featuredmedia":[{"embeddable":true,"href":"https:\/\/coelectrix.com\/pt-pt\/wp-json\/wp\/v2\/media\/73994"}],"wp:attachment":[{"href":"https:\/\/coelectrix.com\/pt-pt\/wp-json\/wp\/v2\/media?parent=76239"}],"wp:term":[{"taxonomy":"product_brand","embeddable":true,"href":"https:\/\/coelectrix.com\/pt-pt\/wp-json\/wp\/v2\/product_brand?post=76239"},{"taxonomy":"product_cat","embeddable":true,"href":"https:\/\/coelectrix.com\/pt-pt\/wp-json\/wp\/v2\/product_cat?post=76239"},{"taxonomy":"product_tag","embeddable":true,"href":"https:\/\/coelectrix.com\/pt-pt\/wp-json\/wp\/v2\/product_tag?post=76239"}],"curies":[{"name":"wp","href":"https:\/\/api.w.org\/{rel}","templated":true}]}}