{"id":76240,"date":"2022-09-05T10:42:58","date_gmt":"2022-09-05T08:42:58","guid":{"rendered":"https:\/\/coelectrix.com\/producto\/controlador-de-carga-pwm-bluesolar-12-24v-10a"},"modified":"2025-08-19T06:02:32","modified_gmt":"2025-08-19T04:02:32","slug":"controlador-de-carga-pwm-bluesolar-12-24v-10a","status":"publish","type":"product","link":"https:\/\/coelectrix.com\/pt-pt\/produto\/controlador-carga-controlador-azul-solar-pwm-12-24v-10a","title":{"rendered":"Controlador de carga PWM BlueSolar 12\/24V 10A"},"content":{"rendered":"<h2><strong>Ecr\u00e3 de cristais l\u00edquidos<\/strong><\/h2>\n<p>Para monitoriza\u00e7\u00e3o e configura\u00e7\u00e3o<\/p>\n<h2><strong>Sa\u00edda de carga<\/strong><\/h2>\n<p>A bateria pode ser impedida de descarregar excessivamente ligando todas as cargas \u00e0 sa\u00edda de carga. Esta<br \/>\nEsta sa\u00edda desligar\u00e1 a carga quando a bateria tiver descarregado at\u00e9 uma tens\u00e3o predefinida.<br \/>\nAlgumas cargas (especialmente os inversores) s\u00e3o melhor ligadas diretamente \u00e0 bateria e o controlo remoto do inversor \u00e0 sa\u00edda da bateria.<br \/>\nO controlo remoto do inversor \u00e0 sa\u00edda da carga. Pode ser necess\u00e1rio um cabo de interface especial; consulte o manual,<br \/>\nconsulte o manual. As tens\u00f5es de liga\u00e7\u00e3o e de desligamento s\u00e3o ajust\u00e1veis.<\/p>\n<h2><strong>Programa\u00e7\u00e3o dia\/noite da sa\u00edda de carga<\/strong><\/h2>\n<p>Esta op\u00e7\u00e3o permite pr\u00e9-selecionar o tempo de funcionamento ap\u00f3s o crep\u00fasculo.<\/p>\n<h2><strong>Algoritmo de carregamento da bateria program\u00e1vel<\/strong><\/h2>\n<p>Algoritmos pr\u00e9-programados para baterias AGM, GEL, inundadas ou LiFePO4 (apenas com BMS interno)<\/p>\n<h2><strong>Duas sa\u00eddas USB de 5 volts<\/strong><\/h2>\n<p>Corrente m\u00e1xima (ambas as sa\u00eddas juntas): 2A<\/p>\n<p><a href=\"https:\/\/coelectrix.com\/wp-content\/uploads\/2022\/09\/Datasheet-BlueSolar-Charge-Controllers-12-24V-LCDUSB-ES.pdf\" target=\"_blank\" rel=\"noopener\">Folha de dados do produto<\/a><\/p>\n","protected":false},"excerpt":{"rendered":"<p>Controlador de carga BlueSolar PWM-LCD&amp;USB 12\/24V 10A.<\/p>\n","protected":false},"featured_media":73983,"template":"","meta":{"_acf_changed":false},"product_brand":[],"product_cat":[1341,1321],"product_tag":[],"class_list":{"0":"post-76240","1":"product","2":"type-product","3":"status-publish","4":"has-post-thumbnail","6":"product_cat-paineis-solares","7":"product_cat-reguladores-solares-2","9":"first","10":"instock","11":"taxable","12":"shipping-taxable","13":"purchasable","14":"product-type-simple"},"acf":[],"yoast_head":"<!-- This site is optimized with the Yoast SEO plugin v27.2 - https:\/\/yoast.com\/product\/yoast-seo-wordpress\/ -->\n<title>\u25b7 Controlador de carga PWM BlueSolar 12\/24V 10A | Coelectrix.com<\/title>\n<meta name=\"description\" content=\"Controlador de carga BlueSolar PWM-LCD&amp;USB 12\/24V 10A.\" \/>\n<meta name=\"robots\" content=\"index, follow, max-snippet:-1, max-image-preview:large, max-video-preview:-1\" \/>\n<link rel=\"canonical\" href=\"https:\/\/coelectrix.com\/pt-pt\/produto\/controlador-carga-controlador-azul-solar-pwm-12-24v-10a\" \/>\n<meta property=\"og:locale\" content=\"pt_PT\" \/>\n<meta property=\"og:type\" content=\"article\" \/>\n<meta property=\"og:title\" content=\"\u25b7 Controlador de carga PWM BlueSolar 12\/24V 10A | Coelectrix.com\" \/>\n<meta property=\"og:description\" content=\"Controlador de carga BlueSolar PWM-LCD&amp;USB 12\/24V 10A.\" \/>\n<meta property=\"og:url\" content=\"https:\/\/coelectrix.com\/pt-pt\/produto\/controlador-carga-controlador-azul-solar-pwm-12-24v-10a\" \/>\n<meta property=\"og:site_name\" content=\"Coelectrix\" \/>\n<meta property=\"article:modified_time\" content=\"2025-08-19T04:02:32+00:00\" \/>\n<meta property=\"og:image\" content=\"https:\/\/coelectrix.com\/wp-content\/uploads\/2022\/09\/BlueSolar-PWM-Charge-Controller-LCD-USB-12-24V-5A-top.jpg\" \/>\n\t<meta property=\"og:image:width\" content=\"600\" \/>\n\t<meta property=\"og:image:height\" content=\"600\" \/>\n\t<meta property=\"og:image:type\" content=\"image\/jpeg\" \/>\n<meta name=\"twitter:card\" content=\"summary_large_image\" \/>\n<meta name=\"twitter:label1\" content=\"Tempo estimado de leitura\" \/>\n\t<meta name=\"twitter:data1\" content=\"1 minuto\" \/>\n<script type=\"application\/ld+json\" class=\"yoast-schema-graph\">{\"@context\":\"https:\/\/schema.org\",\"@graph\":[{\"@type\":\"WebPage\",\"@id\":\"https:\/\/coelectrix.com\/pt-pt\/produto\/controlador-carga-controlador-azul-solar-pwm-12-24v-10a\",\"url\":\"https:\/\/coelectrix.com\/pt-pt\/produto\/controlador-carga-controlador-azul-solar-pwm-12-24v-10a\",\"name\":\"\u25b7 Controlador de carga PWM BlueSolar 12\/24V 10A | Coelectrix.com\",\"isPartOf\":{\"@id\":\"https:\/\/coelectrix.com\/pt-pt\/#website\"},\"primaryImageOfPage\":{\"@id\":\"https:\/\/coelectrix.com\/pt-pt\/produto\/controlador-carga-controlador-azul-solar-pwm-12-24v-10a#primaryimage\"},\"image\":{\"@id\":\"https:\/\/coelectrix.com\/pt-pt\/produto\/controlador-carga-controlador-azul-solar-pwm-12-24v-10a#primaryimage\"},\"thumbnailUrl\":\"https:\/\/coelectrix.com\/wp-content\/uploads\/2022\/09\/BlueSolar-PWM-Charge-Controller-LCD-USB-12-24V-5A-top.jpg\",\"datePublished\":\"2022-09-05T08:42:58+00:00\",\"dateModified\":\"2025-08-19T04:02:32+00:00\",\"description\":\"Controlador de carga BlueSolar PWM-LCD&USB 12\/24V 10A.\",\"breadcrumb\":{\"@id\":\"https:\/\/coelectrix.com\/pt-pt\/produto\/controlador-carga-controlador-azul-solar-pwm-12-24v-10a#breadcrumb\"},\"inLanguage\":\"pt-PT\",\"potentialAction\":[{\"@type\":\"ReadAction\",\"target\":[\"https:\/\/coelectrix.com\/pt-pt\/produto\/controlador-carga-controlador-azul-solar-pwm-12-24v-10a\"]}]},{\"@type\":\"ImageObject\",\"inLanguage\":\"pt-PT\",\"@id\":\"https:\/\/coelectrix.com\/pt-pt\/produto\/controlador-carga-controlador-azul-solar-pwm-12-24v-10a#primaryimage\",\"url\":\"https:\/\/coelectrix.com\/wp-content\/uploads\/2022\/09\/BlueSolar-PWM-Charge-Controller-LCD-USB-12-24V-5A-top.jpg\",\"contentUrl\":\"https:\/\/coelectrix.com\/wp-content\/uploads\/2022\/09\/BlueSolar-PWM-Charge-Controller-LCD-USB-12-24V-5A-top.jpg\",\"width\":600,\"height\":600,\"caption\":\"BlueSolar PWM 10A\"},{\"@type\":\"BreadcrumbList\",\"@id\":\"https:\/\/coelectrix.com\/pt-pt\/produto\/controlador-carga-controlador-azul-solar-pwm-12-24v-10a#breadcrumb\",\"itemListElement\":[{\"@type\":\"ListItem\",\"position\":1,\"name\":\"Portada\",\"item\":\"https:\/\/coelectrix.com\/\"},{\"@type\":\"ListItem\",\"position\":2,\"name\":\"Loja\",\"item\":\"https:\/\/coelectrix.com\/pt-pt\/loja\"},{\"@type\":\"ListItem\",\"position\":3,\"name\":\"Controlador de carga PWM BlueSolar 12\/24V 10A\"}]},{\"@type\":\"WebSite\",\"@id\":\"https:\/\/coelectrix.com\/pt-pt\/#website\",\"url\":\"https:\/\/coelectrix.com\/pt-pt\/\",\"name\":\"Coelectrix\",\"description\":\"Componentes el\u00e9ctricos\",\"publisher\":{\"@id\":\"https:\/\/coelectrix.com\/pt-pt\/#organization\"},\"potentialAction\":[{\"@type\":\"SearchAction\",\"target\":{\"@type\":\"EntryPoint\",\"urlTemplate\":\"https:\/\/coelectrix.com\/pt-pt\/?s={search_term_string}\"},\"query-input\":{\"@type\":\"PropertyValueSpecification\",\"valueRequired\":true,\"valueName\":\"search_term_string\"}}],\"inLanguage\":\"pt-PT\"},{\"@type\":\"Organization\",\"@id\":\"https:\/\/coelectrix.com\/pt-pt\/#organization\",\"name\":\"coelectrix.com\",\"url\":\"https:\/\/coelectrix.com\/pt-pt\/\",\"logo\":{\"@type\":\"ImageObject\",\"inLanguage\":\"pt-PT\",\"@id\":\"https:\/\/coelectrix.com\/pt-pt\/#\/schema\/logo\/image\/\",\"url\":\"https:\/\/coelectrix.com\/wp-content\/uploads\/2018\/05\/logo-coelectrix-400x400.jpg\",\"contentUrl\":\"https:\/\/coelectrix.com\/wp-content\/uploads\/2018\/05\/logo-coelectrix-400x400.jpg\",\"width\":300,\"height\":300,\"caption\":\"coelectrix.com\"},\"image\":{\"@id\":\"https:\/\/coelectrix.com\/pt-pt\/#\/schema\/logo\/image\/\"}}]}<\/script>\n<!-- \/ Yoast SEO plugin. -->","yoast_head_json":{"title":"\u25b7 Controlador de carga PWM BlueSolar 12\/24V 10A | Coelectrix.com","description":"Controlador de carga BlueSolar PWM-LCD&USB 12\/24V 10A.","robots":{"index":"index","follow":"follow","max-snippet":"max-snippet:-1","max-image-preview":"max-image-preview:large","max-video-preview":"max-video-preview:-1"},"canonical":"https:\/\/coelectrix.com\/pt-pt\/produto\/controlador-carga-controlador-azul-solar-pwm-12-24v-10a","og_locale":"pt_PT","og_type":"article","og_title":"\u25b7 Controlador de carga PWM BlueSolar 12\/24V 10A | Coelectrix.com","og_description":"Controlador de carga BlueSolar PWM-LCD&USB 12\/24V 10A.","og_url":"https:\/\/coelectrix.com\/pt-pt\/produto\/controlador-carga-controlador-azul-solar-pwm-12-24v-10a","og_site_name":"Coelectrix","article_modified_time":"2025-08-19T04:02:32+00:00","og_image":[{"width":600,"height":600,"url":"https:\/\/coelectrix.com\/wp-content\/uploads\/2022\/09\/BlueSolar-PWM-Charge-Controller-LCD-USB-12-24V-5A-top.jpg","type":"image\/jpeg"}],"twitter_card":"summary_large_image","twitter_misc":{"Tempo estimado de leitura":"1 minuto"},"schema":{"@context":"https:\/\/schema.org","@graph":[{"@type":"WebPage","@id":"https:\/\/coelectrix.com\/pt-pt\/produto\/controlador-carga-controlador-azul-solar-pwm-12-24v-10a","url":"https:\/\/coelectrix.com\/pt-pt\/produto\/controlador-carga-controlador-azul-solar-pwm-12-24v-10a","name":"\u25b7 Controlador de carga PWM BlueSolar 12\/24V 10A | Coelectrix.com","isPartOf":{"@id":"https:\/\/coelectrix.com\/pt-pt\/#website"},"primaryImageOfPage":{"@id":"https:\/\/coelectrix.com\/pt-pt\/produto\/controlador-carga-controlador-azul-solar-pwm-12-24v-10a#primaryimage"},"image":{"@id":"https:\/\/coelectrix.com\/pt-pt\/produto\/controlador-carga-controlador-azul-solar-pwm-12-24v-10a#primaryimage"},"thumbnailUrl":"https:\/\/coelectrix.com\/wp-content\/uploads\/2022\/09\/BlueSolar-PWM-Charge-Controller-LCD-USB-12-24V-5A-top.jpg","datePublished":"2022-09-05T08:42:58+00:00","dateModified":"2025-08-19T04:02:32+00:00","description":"Controlador de carga BlueSolar PWM-LCD&USB 12\/24V 10A.","breadcrumb":{"@id":"https:\/\/coelectrix.com\/pt-pt\/produto\/controlador-carga-controlador-azul-solar-pwm-12-24v-10a#breadcrumb"},"inLanguage":"pt-PT","potentialAction":[{"@type":"ReadAction","target":["https:\/\/coelectrix.com\/pt-pt\/produto\/controlador-carga-controlador-azul-solar-pwm-12-24v-10a"]}]},{"@type":"ImageObject","inLanguage":"pt-PT","@id":"https:\/\/coelectrix.com\/pt-pt\/produto\/controlador-carga-controlador-azul-solar-pwm-12-24v-10a#primaryimage","url":"https:\/\/coelectrix.com\/wp-content\/uploads\/2022\/09\/BlueSolar-PWM-Charge-Controller-LCD-USB-12-24V-5A-top.jpg","contentUrl":"https:\/\/coelectrix.com\/wp-content\/uploads\/2022\/09\/BlueSolar-PWM-Charge-Controller-LCD-USB-12-24V-5A-top.jpg","width":600,"height":600,"caption":"BlueSolar PWM 10A"},{"@type":"BreadcrumbList","@id":"https:\/\/coelectrix.com\/pt-pt\/produto\/controlador-carga-controlador-azul-solar-pwm-12-24v-10a#breadcrumb","itemListElement":[{"@type":"ListItem","position":1,"name":"Portada","item":"https:\/\/coelectrix.com\/"},{"@type":"ListItem","position":2,"name":"Loja","item":"https:\/\/coelectrix.com\/pt-pt\/loja"},{"@type":"ListItem","position":3,"name":"Controlador de carga PWM BlueSolar 12\/24V 10A"}]},{"@type":"WebSite","@id":"https:\/\/coelectrix.com\/pt-pt\/#website","url":"https:\/\/coelectrix.com\/pt-pt\/","name":"Coelectrix","description":"Componentes el\u00e9ctricos","publisher":{"@id":"https:\/\/coelectrix.com\/pt-pt\/#organization"},"potentialAction":[{"@type":"SearchAction","target":{"@type":"EntryPoint","urlTemplate":"https:\/\/coelectrix.com\/pt-pt\/?s={search_term_string}"},"query-input":{"@type":"PropertyValueSpecification","valueRequired":true,"valueName":"search_term_string"}}],"inLanguage":"pt-PT"},{"@type":"Organization","@id":"https:\/\/coelectrix.com\/pt-pt\/#organization","name":"coelectrix.com","url":"https:\/\/coelectrix.com\/pt-pt\/","logo":{"@type":"ImageObject","inLanguage":"pt-PT","@id":"https:\/\/coelectrix.com\/pt-pt\/#\/schema\/logo\/image\/","url":"https:\/\/coelectrix.com\/wp-content\/uploads\/2018\/05\/logo-coelectrix-400x400.jpg","contentUrl":"https:\/\/coelectrix.com\/wp-content\/uploads\/2018\/05\/logo-coelectrix-400x400.jpg","width":300,"height":300,"caption":"coelectrix.com"},"image":{"@id":"https:\/\/coelectrix.com\/pt-pt\/#\/schema\/logo\/image\/"}}]}},"_links":{"self":[{"href":"https:\/\/coelectrix.com\/pt-pt\/wp-json\/wp\/v2\/product\/76240","targetHints":{"allow":["GET"]}}],"collection":[{"href":"https:\/\/coelectrix.com\/pt-pt\/wp-json\/wp\/v2\/product"}],"about":[{"href":"https:\/\/coelectrix.com\/pt-pt\/wp-json\/wp\/v2\/types\/product"}],"version-history":[{"count":1,"href":"https:\/\/coelectrix.com\/pt-pt\/wp-json\/wp\/v2\/product\/76240\/revisions"}],"predecessor-version":[{"id":76711,"href":"https:\/\/coelectrix.com\/pt-pt\/wp-json\/wp\/v2\/product\/76240\/revisions\/76711"}],"wp:featuredmedia":[{"embeddable":true,"href":"https:\/\/coelectrix.com\/pt-pt\/wp-json\/wp\/v2\/media\/73983"}],"wp:attachment":[{"href":"https:\/\/coelectrix.com\/pt-pt\/wp-json\/wp\/v2\/media?parent=76240"}],"wp:term":[{"taxonomy":"product_brand","embeddable":true,"href":"https:\/\/coelectrix.com\/pt-pt\/wp-json\/wp\/v2\/product_brand?post=76240"},{"taxonomy":"product_cat","embeddable":true,"href":"https:\/\/coelectrix.com\/pt-pt\/wp-json\/wp\/v2\/product_cat?post=76240"},{"taxonomy":"product_tag","embeddable":true,"href":"https:\/\/coelectrix.com\/pt-pt\/wp-json\/wp\/v2\/product_tag?post=76240"}],"curies":[{"name":"wp","href":"https:\/\/api.w.org\/{rel}","templated":true}]}}