{"id":76245,"date":"2023-08-24T09:37:00","date_gmt":"2023-08-24T07:37:00","guid":{"rendered":"https:\/\/coelectrix.com\/producto\/interruptor-de-prioridade-do-audiobus"},"modified":"2025-08-19T06:01:24","modified_gmt":"2025-08-19T04:01:24","slug":"interruptor-de-prioridade-do-audiobus","status":"publish","type":"product","link":"https:\/\/coelectrix.com\/pt-pt\/produto\/audiobus-priority-switch","title":{"rendered":"Interruptor de prioridade do Audiobus"},"content":{"rendered":"<p><strong>Carater\u00edsticas<\/strong><\/p>\n<ul>\n<li>Poupan\u00e7a de bateria<\/li>\n<li>Totalmente autom\u00e1tico<\/li>\n<li>Conversores de onda sinusoidal (onda pura e modificada)<\/li>\n<li>Rede Snubber para evitar picos de corrente<\/li>\n<\/ul>\n<p><strong>Especifica\u00e7\u00f5es<\/strong><\/p>\n<ul>\n<li>Tens\u00e3o de entrada: 230 V~ 50\/60 Hz (\u00b1 10%)<\/li>\n<li>Tens\u00e3o de sa\u00edda: 230 V~<\/li>\n<li>Pot\u00eancia m\u00e1xima de sa\u00edda: 2500W<\/li>\n<li>Temperatura de funcionamento: -20 \u00b0C a + 60 \u00b0C<\/li>\n<li>Caixa: Alum\u00ednio<\/li>\n<li>Dimens\u00f5es: 120 x 75 x 53 mm (C \u00d7 L \u00d7 A)<\/li>\n<li>M\u00e9todo de montagem: Montagem \u00e0 superf\u00edcie<\/li>\n<li>Liga\u00e7\u00f5es: 2x entradas e 1x sa\u00edda conectores IEC ~<\/li>\n<li>Expectativa de vida: 10 milh\u00f5es de ciclos mec\u00e2nicos | 100.000 ciclos el\u00e9ctricos<\/li>\n<\/ul>\n<p><em>Esquema de liga\u00e7\u00e3o do interrutor a um inversor e a um carregador <\/em><\/p>\n<p><img fetchpriority=\"high\" decoding=\"async\" class=\"alignnone wp-image-53454\" src=\"https:\/\/coelectrix.com\/wp-content\/uploads\/2023\/08\/esquema-conmutador-de-prioridad-300x300.jpg\" alt=\"\" width=\"388\" height=\"388\" srcset=\"https:\/\/coelectrix.com\/wp-content\/uploads\/2023\/08\/esquema-conmutador-de-prioridad-300x300.jpg 300w, https:\/\/coelectrix.com\/wp-content\/uploads\/2023\/08\/esquema-conmutador-de-prioridad-150x150.jpg 150w, https:\/\/coelectrix.com\/wp-content\/uploads\/2023\/08\/esquema-conmutador-de-prioridad-196x196.jpg 196w, https:\/\/coelectrix.com\/wp-content\/uploads\/2023\/08\/esquema-conmutador-de-prioridad-416x416.jpg 416w, https:\/\/coelectrix.com\/wp-content\/uploads\/2023\/08\/esquema-conmutador-de-prioridad-100x100.jpg 100w, https:\/\/coelectrix.com\/wp-content\/uploads\/2023\/08\/esquema-conmutador-de-prioridad-50x50.jpg 50w, https:\/\/coelectrix.com\/wp-content\/uploads\/2023\/08\/esquema-conmutador-de-prioridad.jpg 600w\" sizes=\"(max-width: 388px) 100vw, 388px\" \/><\/p>\n","protected":false},"excerpt":{"rendered":"<p>Circuito priorit\u00e1rio da rede AudioBus concebido para alternar automaticamente entre a alimenta\u00e7\u00e3o externa e a alimenta\u00e7\u00e3o do inversor logo que o ve\u00edculo esteja ligado \u00e0 rede e dispon\u00edvel.<\/p>\n","protected":false},"featured_media":74227,"template":"","meta":{"_acf_changed":false},"product_brand":[],"product_cat":[1383],"product_tag":[],"class_list":{"0":"post-76245","1":"product","2":"type-product","3":"status-publish","4":"has-post-thumbnail","6":"product_cat-reles-pt","8":"first","9":"instock","10":"taxable","11":"shipping-taxable","12":"purchasable","13":"product-type-simple"},"acf":[],"yoast_head":"<!-- This site is optimized with the Yoast SEO plugin v27.2 - https:\/\/yoast.com\/product\/yoast-seo-wordpress\/ -->\n<title>\u25b7 Interruptor de prioridade do Audiobus | Coelectrix.com<\/title>\n<meta name=\"description\" content=\"Conce\u00e7\u00e3o do circuito AudioBus que comuta entre a rede el\u00e9ctrica e o inversor quando o ve\u00edculo \u00e9 ligado.\" \/>\n<meta name=\"robots\" content=\"index, follow, max-snippet:-1, max-image-preview:large, max-video-preview:-1\" \/>\n<link rel=\"canonical\" href=\"https:\/\/coelectrix.com\/pt-pt\/produto\/audiobus-priority-switch\" \/>\n<meta property=\"og:locale\" content=\"pt_PT\" \/>\n<meta property=\"og:type\" content=\"article\" \/>\n<meta property=\"og:title\" content=\"\u25b7 Interruptor de prioridade do Audiobus | Coelectrix.com\" \/>\n<meta property=\"og:description\" content=\"Conce\u00e7\u00e3o do circuito AudioBus que comuta entre a rede el\u00e9ctrica e o inversor quando o ve\u00edculo \u00e9 ligado.\" \/>\n<meta property=\"og:url\" content=\"https:\/\/coelectrix.com\/pt-pt\/produto\/audiobus-priority-switch\" \/>\n<meta property=\"og:site_name\" content=\"Coelectrix\" \/>\n<meta property=\"article:modified_time\" content=\"2025-08-19T04:01:24+00:00\" \/>\n<meta property=\"og:image\" content=\"https:\/\/coelectrix.com\/wp-content\/uploads\/2023\/08\/conmutador-de-prioridad.jpg\" \/>\n\t<meta property=\"og:image:width\" content=\"600\" \/>\n\t<meta property=\"og:image:height\" content=\"600\" \/>\n\t<meta property=\"og:image:type\" content=\"image\/jpeg\" \/>\n<meta name=\"twitter:card\" content=\"summary_large_image\" \/>\n<meta name=\"twitter:label1\" content=\"Tempo estimado de leitura\" \/>\n\t<meta name=\"twitter:data1\" content=\"1 minuto\" \/>\n<script type=\"application\/ld+json\" class=\"yoast-schema-graph\">{\"@context\":\"https:\/\/schema.org\",\"@graph\":[{\"@type\":\"WebPage\",\"@id\":\"https:\/\/coelectrix.com\/pt-pt\/produto\/audiobus-priority-switch\",\"url\":\"https:\/\/coelectrix.com\/pt-pt\/produto\/audiobus-priority-switch\",\"name\":\"\u25b7 Interruptor de prioridade do Audiobus | Coelectrix.com\",\"isPartOf\":{\"@id\":\"https:\/\/coelectrix.com\/pt-pt\/#website\"},\"primaryImageOfPage\":{\"@id\":\"https:\/\/coelectrix.com\/pt-pt\/produto\/audiobus-priority-switch#primaryimage\"},\"image\":{\"@id\":\"https:\/\/coelectrix.com\/pt-pt\/produto\/audiobus-priority-switch#primaryimage\"},\"thumbnailUrl\":\"https:\/\/coelectrix.com\/wp-content\/uploads\/2023\/08\/conmutador-de-prioridad.jpg\",\"datePublished\":\"2023-08-24T07:37:00+00:00\",\"dateModified\":\"2025-08-19T04:01:24+00:00\",\"description\":\"Conce\u00e7\u00e3o do circuito AudioBus que comuta entre a rede el\u00e9ctrica e o inversor quando o ve\u00edculo \u00e9 ligado.\",\"breadcrumb\":{\"@id\":\"https:\/\/coelectrix.com\/pt-pt\/produto\/audiobus-priority-switch#breadcrumb\"},\"inLanguage\":\"pt-PT\",\"potentialAction\":[{\"@type\":\"ReadAction\",\"target\":[\"https:\/\/coelectrix.com\/pt-pt\/produto\/audiobus-priority-switch\"]}]},{\"@type\":\"ImageObject\",\"inLanguage\":\"pt-PT\",\"@id\":\"https:\/\/coelectrix.com\/pt-pt\/produto\/audiobus-priority-switch#primaryimage\",\"url\":\"https:\/\/coelectrix.com\/wp-content\/uploads\/2023\/08\/conmutador-de-prioridad.jpg\",\"contentUrl\":\"https:\/\/coelectrix.com\/wp-content\/uploads\/2023\/08\/conmutador-de-prioridad.jpg\",\"width\":600,\"height\":600,\"caption\":\"Interruptor de prioridade do Audiobus\"},{\"@type\":\"BreadcrumbList\",\"@id\":\"https:\/\/coelectrix.com\/pt-pt\/produto\/audiobus-priority-switch#breadcrumb\",\"itemListElement\":[{\"@type\":\"ListItem\",\"position\":1,\"name\":\"Portada\",\"item\":\"https:\/\/coelectrix.com\/\"},{\"@type\":\"ListItem\",\"position\":2,\"name\":\"Loja\",\"item\":\"https:\/\/coelectrix.com\/pt-pt\/loja\"},{\"@type\":\"ListItem\",\"position\":3,\"name\":\"Interruptor de prioridade do Audiobus\"}]},{\"@type\":\"WebSite\",\"@id\":\"https:\/\/coelectrix.com\/pt-pt\/#website\",\"url\":\"https:\/\/coelectrix.com\/pt-pt\/\",\"name\":\"Coelectrix\",\"description\":\"Componentes el\u00e9ctricos\",\"publisher\":{\"@id\":\"https:\/\/coelectrix.com\/pt-pt\/#organization\"},\"potentialAction\":[{\"@type\":\"SearchAction\",\"target\":{\"@type\":\"EntryPoint\",\"urlTemplate\":\"https:\/\/coelectrix.com\/pt-pt\/?s={search_term_string}\"},\"query-input\":{\"@type\":\"PropertyValueSpecification\",\"valueRequired\":true,\"valueName\":\"search_term_string\"}}],\"inLanguage\":\"pt-PT\"},{\"@type\":\"Organization\",\"@id\":\"https:\/\/coelectrix.com\/pt-pt\/#organization\",\"name\":\"coelectrix.com\",\"url\":\"https:\/\/coelectrix.com\/pt-pt\/\",\"logo\":{\"@type\":\"ImageObject\",\"inLanguage\":\"pt-PT\",\"@id\":\"https:\/\/coelectrix.com\/pt-pt\/#\/schema\/logo\/image\/\",\"url\":\"https:\/\/coelectrix.com\/wp-content\/uploads\/2018\/05\/logo-coelectrix-400x400.jpg\",\"contentUrl\":\"https:\/\/coelectrix.com\/wp-content\/uploads\/2018\/05\/logo-coelectrix-400x400.jpg\",\"width\":300,\"height\":300,\"caption\":\"coelectrix.com\"},\"image\":{\"@id\":\"https:\/\/coelectrix.com\/pt-pt\/#\/schema\/logo\/image\/\"}}]}<\/script>\n<!-- \/ Yoast SEO plugin. -->","yoast_head_json":{"title":"\u25b7 Interruptor de prioridade do Audiobus | Coelectrix.com","description":"Conce\u00e7\u00e3o do circuito AudioBus que comuta entre a rede el\u00e9ctrica e o inversor quando o ve\u00edculo \u00e9 ligado.","robots":{"index":"index","follow":"follow","max-snippet":"max-snippet:-1","max-image-preview":"max-image-preview:large","max-video-preview":"max-video-preview:-1"},"canonical":"https:\/\/coelectrix.com\/pt-pt\/produto\/audiobus-priority-switch","og_locale":"pt_PT","og_type":"article","og_title":"\u25b7 Interruptor de prioridade do Audiobus | Coelectrix.com","og_description":"Conce\u00e7\u00e3o do circuito AudioBus que comuta entre a rede el\u00e9ctrica e o inversor quando o ve\u00edculo \u00e9 ligado.","og_url":"https:\/\/coelectrix.com\/pt-pt\/produto\/audiobus-priority-switch","og_site_name":"Coelectrix","article_modified_time":"2025-08-19T04:01:24+00:00","og_image":[{"width":600,"height":600,"url":"https:\/\/coelectrix.com\/wp-content\/uploads\/2023\/08\/conmutador-de-prioridad.jpg","type":"image\/jpeg"}],"twitter_card":"summary_large_image","twitter_misc":{"Tempo estimado de leitura":"1 minuto"},"schema":{"@context":"https:\/\/schema.org","@graph":[{"@type":"WebPage","@id":"https:\/\/coelectrix.com\/pt-pt\/produto\/audiobus-priority-switch","url":"https:\/\/coelectrix.com\/pt-pt\/produto\/audiobus-priority-switch","name":"\u25b7 Interruptor de prioridade do Audiobus | Coelectrix.com","isPartOf":{"@id":"https:\/\/coelectrix.com\/pt-pt\/#website"},"primaryImageOfPage":{"@id":"https:\/\/coelectrix.com\/pt-pt\/produto\/audiobus-priority-switch#primaryimage"},"image":{"@id":"https:\/\/coelectrix.com\/pt-pt\/produto\/audiobus-priority-switch#primaryimage"},"thumbnailUrl":"https:\/\/coelectrix.com\/wp-content\/uploads\/2023\/08\/conmutador-de-prioridad.jpg","datePublished":"2023-08-24T07:37:00+00:00","dateModified":"2025-08-19T04:01:24+00:00","description":"Conce\u00e7\u00e3o do circuito AudioBus que comuta entre a rede el\u00e9ctrica e o inversor quando o ve\u00edculo \u00e9 ligado.","breadcrumb":{"@id":"https:\/\/coelectrix.com\/pt-pt\/produto\/audiobus-priority-switch#breadcrumb"},"inLanguage":"pt-PT","potentialAction":[{"@type":"ReadAction","target":["https:\/\/coelectrix.com\/pt-pt\/produto\/audiobus-priority-switch"]}]},{"@type":"ImageObject","inLanguage":"pt-PT","@id":"https:\/\/coelectrix.com\/pt-pt\/produto\/audiobus-priority-switch#primaryimage","url":"https:\/\/coelectrix.com\/wp-content\/uploads\/2023\/08\/conmutador-de-prioridad.jpg","contentUrl":"https:\/\/coelectrix.com\/wp-content\/uploads\/2023\/08\/conmutador-de-prioridad.jpg","width":600,"height":600,"caption":"Interruptor de prioridade do Audiobus"},{"@type":"BreadcrumbList","@id":"https:\/\/coelectrix.com\/pt-pt\/produto\/audiobus-priority-switch#breadcrumb","itemListElement":[{"@type":"ListItem","position":1,"name":"Portada","item":"https:\/\/coelectrix.com\/"},{"@type":"ListItem","position":2,"name":"Loja","item":"https:\/\/coelectrix.com\/pt-pt\/loja"},{"@type":"ListItem","position":3,"name":"Interruptor de prioridade do Audiobus"}]},{"@type":"WebSite","@id":"https:\/\/coelectrix.com\/pt-pt\/#website","url":"https:\/\/coelectrix.com\/pt-pt\/","name":"Coelectrix","description":"Componentes el\u00e9ctricos","publisher":{"@id":"https:\/\/coelectrix.com\/pt-pt\/#organization"},"potentialAction":[{"@type":"SearchAction","target":{"@type":"EntryPoint","urlTemplate":"https:\/\/coelectrix.com\/pt-pt\/?s={search_term_string}"},"query-input":{"@type":"PropertyValueSpecification","valueRequired":true,"valueName":"search_term_string"}}],"inLanguage":"pt-PT"},{"@type":"Organization","@id":"https:\/\/coelectrix.com\/pt-pt\/#organization","name":"coelectrix.com","url":"https:\/\/coelectrix.com\/pt-pt\/","logo":{"@type":"ImageObject","inLanguage":"pt-PT","@id":"https:\/\/coelectrix.com\/pt-pt\/#\/schema\/logo\/image\/","url":"https:\/\/coelectrix.com\/wp-content\/uploads\/2018\/05\/logo-coelectrix-400x400.jpg","contentUrl":"https:\/\/coelectrix.com\/wp-content\/uploads\/2018\/05\/logo-coelectrix-400x400.jpg","width":300,"height":300,"caption":"coelectrix.com"},"image":{"@id":"https:\/\/coelectrix.com\/pt-pt\/#\/schema\/logo\/image\/"}}]}},"_links":{"self":[{"href":"https:\/\/coelectrix.com\/pt-pt\/wp-json\/wp\/v2\/product\/76245","targetHints":{"allow":["GET"]}}],"collection":[{"href":"https:\/\/coelectrix.com\/pt-pt\/wp-json\/wp\/v2\/product"}],"about":[{"href":"https:\/\/coelectrix.com\/pt-pt\/wp-json\/wp\/v2\/types\/product"}],"version-history":[{"count":1,"href":"https:\/\/coelectrix.com\/pt-pt\/wp-json\/wp\/v2\/product\/76245\/revisions"}],"predecessor-version":[{"id":76656,"href":"https:\/\/coelectrix.com\/pt-pt\/wp-json\/wp\/v2\/product\/76245\/revisions\/76656"}],"wp:featuredmedia":[{"embeddable":true,"href":"https:\/\/coelectrix.com\/pt-pt\/wp-json\/wp\/v2\/media\/74227"}],"wp:attachment":[{"href":"https:\/\/coelectrix.com\/pt-pt\/wp-json\/wp\/v2\/media?parent=76245"}],"wp:term":[{"taxonomy":"product_brand","embeddable":true,"href":"https:\/\/coelectrix.com\/pt-pt\/wp-json\/wp\/v2\/product_brand?post=76245"},{"taxonomy":"product_cat","embeddable":true,"href":"https:\/\/coelectrix.com\/pt-pt\/wp-json\/wp\/v2\/product_cat?post=76245"},{"taxonomy":"product_tag","embeddable":true,"href":"https:\/\/coelectrix.com\/pt-pt\/wp-json\/wp\/v2\/product_tag?post=76245"}],"curies":[{"name":"wp","href":"https:\/\/api.w.org\/{rel}","templated":true}]}}