{"id":76248,"date":"2022-04-03T09:31:35","date_gmt":"2022-04-03T07:31:35","guid":{"rendered":"https:\/\/coelectrix.com\/producto\/kit-de-bateria-auxiliar-com-rele-automatico-e-bateria-de-110ah-victron-energy"},"modified":"2025-08-19T06:03:02","modified_gmt":"2025-08-19T04:03:02","slug":"kit-de-bateria-auxiliar-com-rele-automatico-e-bateria-de-110ah-victron-energy","status":"publish","type":"product","link":"https:\/\/coelectrix.com\/pt-pt\/produto\/bateria-instalacao-kit-bateria-auxiliar-com-rele-automatico-e-bateria-agm","title":{"rendered":"Kit de bateria auxiliar com rel\u00e9 autom\u00e1tico e bateria de 110ah Victron Energy"},"content":{"rendered":"<h2><strong>Kit de instala\u00e7\u00e3o de bateria auxiliar com rel\u00e9 autom\u00e1tico e bateria AGM 110Ah<\/strong><\/h2>\n<p>Kit completo de componentes para a<strong> instala\u00e7\u00e3o de uma bateria auxiliar em autocaravanas<\/strong>, <strong>ve\u00edculos 4&#215;4, caravanas<\/strong>&#8230;<\/p>\n<div> Sistema totalmente testado com <strong>rel\u00e9 autom\u00e1tico Audiobus SB12200.<\/strong><\/div>\n<div><\/div>\n<div>\n<h2><strong>Bateria auxiliar Victron Energy AGM 110Ah <\/strong><\/h2>\n<p>Com este<strong> kit de instala\u00e7\u00e3o de bateria auxiliar<\/strong>, voc\u00ea mesmo instalar\u00e1 a bateria auxiliar do seu ve\u00edculo com uma instala\u00e7\u00e3o b\u00e1sica e f\u00e1cil de montar, que dar\u00e1 a m\u00e1xima autonomia ao sistema el\u00e9trico. O kit inclui um rel\u00e9 autom\u00e1tico, uma bateria AGM de 110Ah e todo o material necess\u00e1rio para a sua correta instala\u00e7\u00e3o.<\/p>\n<p>Dimens\u00f5es da bateria: 330*17*22cm.<br \/>\nPeso: 32kg.<br \/>\nGarantia: 2 anos<br \/>\nTerminais planos de cobre com parafusos M8.<br \/>\n<strong>Pode ver <a href=\"https:\/\/coelectrix.com\/pt-pt?post_type=product&#038;p=74817\" target=\"_blank\" rel=\"noopener\">mais informa\u00e7\u00f5es sobre esta bateria<\/a> aqui<\/strong><\/p>\n<\/div>\n<div><\/div>\n<h2><b>Instala\u00e7\u00e3o<\/b><strong> bateria auxiliar do ve\u00edculo<\/strong><\/h2>\n<div>Existem v\u00e1rias formas e m\u00e9todos de instalar o rel\u00e9, com a compra deste kit, enviar-lhe-emos o manual e o esquema el\u00e9trico da instala\u00e7\u00e3o que j\u00e1 t\u00eam centenas de ve\u00edculos instalados e que com o nosso kit ter\u00e1 tudo o que precisa para instalar.<\/div>\n<div><\/div>\n<div>O kit inclui:<\/div>\n<div>1 Bateria Victron Energy 110ah AGM.<\/div>\n<div>1 Rel\u00e9 Autom\u00e1tico AUDIOBUS SB12200<\/div>\n<div>2 terminais de bateria (1 positivo e 1 negativo)<\/div>\n<div>4 Metros de cabo de 16mm2 Cor vermelha<\/div>\n<div>4 Metros de cabo de 16mm2 Cor preta<\/div>\n<div>4 Metros de cabo 2,5mm2 Cor vermelha<\/div>\n<div>4 Metros de cabo 2,5mm2 Cor preta<\/div>\n<div>1 Porta-fus\u00edveis para 10 fus\u00edveis com indicador LED e 1 entrada positiva<\/div>\n<div>18 fus\u00edveis variados<\/div>\n<div>2 Porta-fus\u00edveis Midi suspensos com tampa<\/div>\n<div>2 Fus\u00edveis MIDI 80A<\/div>\n<div>5 terminais de anel GS 6-2,5 mm<\/div>\n<div>10 terminais de anel GS 6-16<\/div>\n<div>10 Terminais isolados Faston f\u00eamea Azul<\/div>\n<div>5 Terminais Faston Isolados F\u00eamea Amarelo<\/div>\n<div>2 terminais de bateria (positivo\/negativo)<\/div>\n<div>5 pe\u00e7as de tubo termorretr\u00e1ctil de 4,5 mm<\/div>\n<div>5 pe\u00e7as de tubo termorretr\u00e1ctil de 9,5 mm<\/div>\n<div><\/div>\n<div><span style=\"font-size: small;\">*O kit n\u00e3o inclui fita isoladora, ferramentas, pinos ou quaisquer outros acess\u00f3rios que possam ser necess\u00e1rios consoante o modelo do ve\u00edculo e o local de instala\u00e7\u00e3o da bateria auxiliar.<\/span><\/div>\n<div><\/div>\n<div>\n<div>\n<div><span style=\"font-family: helvetica, arial, sans-serif; color: #000000;\">A instala\u00e7\u00e3o \u00e9 bastante f\u00e1cil de fazer, com o diagrama que lhe fornecemos ser\u00e1 muito claro. Necessitar\u00e1 apenas de algumas ferramentas de engaste de terminais, uma ferramenta de corte de cabos e pouco mais.<br \/>\nSe n\u00e3o tiver as ferramentas necess\u00e1rias, pode comprar esta <a href=\"https:\/\/coelectrix.com\/pt-pt\/produto\/maquina-de-grampear-terminais-multiusos\" target=\"_blank\" rel=\"noopener\">ferramenta de engaste<\/a> simples com a qual pode engastar todos os terminais fornecidos com o kit, mesmo os terminais em anel para o cabo de 16 mm2.<\/span><\/div>\n<\/div>\n<div><\/div>\n<div><a href=\"https:\/\/coelectrix.com\/pt-pt\/produto\/maquina-de-grampear-terminais-multiusos\" target=\"_blank\" rel=\"noopener\"><img decoding=\"async\" class=\"alignnone\" src=\"https:\/\/coelectrix.com\/wp-content\/uploads\/2019\/05\/herramienta-terminales-multioso.jpg\" alt=\"herramienta terminales multiuso\" width=\"131\" height=\"131\" \/><\/a><\/div>\n<div><\/div>\n<div>Pode ver neste <a href=\"https:\/\/youtu.be\/GXQorumLcs8\" target=\"_blank\" rel=\"noopener\">v\u00eddeo<\/a> como utilizamos a ferramenta.<\/div>\n<\/div>\n<div><span style=\"font-size: small;\"> <\/span><\/div>\n<div>\n<p>Pode ler o nosso manual sobre como <a href=\"https:\/\/coelectrix.com\/pt-pt\/blogue\/instalar-bateria-auxiliar-bateria-na-van\">instalar uma bateria auxiliar numa carrinha<\/a>.<\/p>\n<p><span style=\"color: #ff0010; font-size: 16px;\">\u00c9 necess\u00e1rio um conhecimento m\u00ednimo de eletricidade para a instala\u00e7\u00e3o deste kit.<\/span><\/p>\n<\/div>\n<div><span style=\"color: #ff0010;\"> <\/span><\/div>\n<div><span style=\"color: #ff0010;\">N\u00e3o nos responsabilizamos por quaisquer danos causados por uma instala\u00e7\u00e3o incorrecta.<\/span><\/div>\n","protected":false},"excerpt":{"rendered":"<div><span style=\"font-family: helvetica, arial, sans-serif;\"><strong>Kit completo para a instala\u00e7\u00e3o de uma bateria auxiliar em autocaravanas.<\/strong><\/span><\/div>\n<div><\/div>\n<div>Com este kit tem a melhor bateria do mercado <strong>Victron Energy<\/strong> <strong>110ah AGM<\/strong> e todo o material necess\u00e1rio para a instalar juntamente com o <strong>Rel\u00e9 Autom\u00e1tico<\/strong> que assegurar\u00e1 a carga da mesma com o ve\u00edculo em funcionamento.<\/div>\n<div><\/div>\n<div><span style=\"font-family: helvetica, arial, sans-serif;\"> <\/span><span style=\"font-family: helvetica, arial, sans-serif;\">O kit inclui:<\/span><\/div>\n<div>1 Bateria Victron Energy AGM 110Ah<\/div>\n<div>\n<div>1 Rel\u00e9 Autom\u00e1tico AUDIOBUS SB12200 (se preferir outro modelo de rel\u00e9, contacte-nos e pe\u00e7a-nos uma troca)<\/div>\n<div>4 Metros de cabo 16mm2 Cor vermelha<\/div>\n<div>4 Metros de cabo 16mm2 Cor preta<\/div>\n<div>4 Metros de cabo 2,5mm2 Cor vermelha<\/div>\n<div>4 Metros de cabo 2,5mm2 Cor preta<\/div>\n<div>1 Porta-fus\u00edveis para 10 fus\u00edveis com indicador LED e 1 entrada positiva<\/div>\n<div>18 fus\u00edveis variados<\/div>\n<div>2 Porta-fus\u00edveis Midi suspensos com tampa<\/div>\n<div>2 Fus\u00edveis MIDI 80A<\/div>\n<div>5 terminais de anel GS 6-2,5 mm<\/div>\n<div>8 GS 6-16 terminais de anel<br \/>\n2 terminais de anel GS 8-16<\/div>\n<div>10 Terminais isolados Faston F\u00eamea Azul<\/div>\n<div>5 Terminais Faston isolados F\u00eamea Amarelo<\/div>\n<div>2 terminais de bateria (positivo\/negativo)<\/div>\n<div>5 pe\u00e7as de tubo termorretr\u00e1ctil de 4,5 mm<\/div>\n<div>5 pe\u00e7as de tubo termorretr\u00e1ctil de 9,5 mm<\/div>\n<\/div>\n<p><span style=\"font-family: helvetica, arial, sans-serif;\">*Diagrama de cablagem<\/span><\/p>\n<div><span style=\"font-family: helvetica, arial, sans-serif;\"> <\/span><strong style=\"font-family: helvetica, arial, sans-serif;\">Existem v\u00e1rias formas e m\u00e9todos de instalar o rel\u00e9, com a compra deste kit, enviar-lhe-emos o esquema el\u00e9trico da instala\u00e7\u00e3o que j\u00e1 t\u00eam centenas de ve\u00edculos instalados e que com o nosso kit ter\u00e1 tudo o que precisa para instalar.<\/strong><\/div>\n<div>\n<div><\/div>\n<div>\n<div><strong><span style=\"color: #800000; font-family: helvetica, arial, sans-serif;\">\u00c9 necess\u00e1rio um m\u00ednimo de conhecimentos el\u00e9ctricos para a instala\u00e7\u00e3o deste kit.<\/span><\/strong><\/div>\n<div><strong><span style=\"font-family: helvetica, arial, sans-serif;\"><span style=\"color: #800000;\">N\u00e3o nos responsabilizamos por qualquer dano causado por uma m\u00e1 instala\u00e7\u00e3o.<\/span><\/span><\/strong><\/div>\n<\/div>\n<div>Pode ler o nosso manual sobre como <a href=\"https:\/\/coelectrix.com\/pt-pt\/blogue\/instalar-bateria-auxiliar-bateria-na-van\">instalar uma bateria auxiliar numa carrinha<\/a>.<\/div>\n<div><\/div>\n<\/div>\n<div><a href=\"https:\/\/coelectrix.com\/pagos-aplazados-con-sequra\" target=\"_blank\" rel=\"noopener\"><img decoding=\"async\" class=\"alignnone\" src=\"https:\/\/www.motorraiz.com\/images\/browser\/Javier%20G\/fidelizaci%C3%B3n\/content_banner_SQ_div3_free_verde_neg_320x100_2x.png\" alt=\"SEQURA\" width=\"256\" height=\"80\" \/><\/a><\/div>\n<div><img decoding=\"async\" class=\"wp-image-38556 alignleft\" src=\"https:\/\/coelectrix.com\/wp-content\/uploads\/2017\/03\/envio-gratis-1-300x150.jpg\" alt=\"\" width=\"198\" height=\"99\" srcset=\"https:\/\/coelectrix.com\/wp-content\/uploads\/2017\/03\/envio-gratis-1-300x150.jpg 300w, https:\/\/coelectrix.com\/wp-content\/uploads\/2017\/03\/envio-gratis-1-64x32.jpg 64w, https:\/\/coelectrix.com\/wp-content\/uploads\/2017\/03\/envio-gratis-1.jpg 400w\" sizes=\"(max-width: 198px) 100vw, 198px\" \/><\/div>\n<div><\/div>\n","protected":false},"featured_media":73811,"template":"","meta":{"_acf_changed":false},"product_brand":[],"product_cat":[1303,1340,1383],"product_tag":[],"class_list":{"0":"post-76248","1":"product","2":"type-product","3":"status-publish","4":"has-post-thumbnail","6":"product_cat-kit-de-bateria-auxiliar-com-rele-automatico","7":"product_cat-kits-de-instalacao-de-bateria-auxiliar","8":"product_cat-reles-pt","10":"first","11":"instock","12":"taxable","13":"shipping-taxable","14":"purchasable","15":"product-type-simple"},"acf":[],"yoast_head":"<!-- This site is optimized with the Yoast SEO plugin v27.2 - https:\/\/yoast.com\/product\/yoast-seo-wordpress\/ -->\n<title>Kit de bateria auxiliar com rel\u00e9 autom\u00e1tico e bateria AGM de 110Ah Victron<\/title>\n<meta name=\"description\" content=\"kit de instala\u00e7\u00e3o da bateria auxiliar com os componentes necess\u00e1rios para instalar a bateria auxiliar, com o rel\u00e9 autom\u00e1tico e a bateria AGM.\" \/>\n<meta name=\"robots\" content=\"index, follow, max-snippet:-1, max-image-preview:large, max-video-preview:-1\" \/>\n<link rel=\"canonical\" href=\"https:\/\/coelectrix.com\/pt-pt\/produto\/bateria-instalacao-kit-bateria-auxiliar-com-rele-automatico-e-bateria-agm\" \/>\n<meta property=\"og:locale\" content=\"pt_PT\" \/>\n<meta property=\"og:type\" content=\"article\" \/>\n<meta property=\"og:title\" content=\"Kit de bateria auxiliar com rel\u00e9 autom\u00e1tico e bateria AGM de 110Ah Victron\" \/>\n<meta property=\"og:description\" content=\"kit de instala\u00e7\u00e3o da bateria auxiliar com os componentes necess\u00e1rios para instalar a bateria auxiliar, com o rel\u00e9 autom\u00e1tico e a bateria AGM.\" \/>\n<meta property=\"og:url\" content=\"https:\/\/coelectrix.com\/pt-pt\/produto\/bateria-instalacao-kit-bateria-auxiliar-com-rele-automatico-e-bateria-agm\" \/>\n<meta property=\"og:site_name\" content=\"Coelectrix\" \/>\n<meta property=\"article:modified_time\" content=\"2025-08-19T04:03:02+00:00\" \/>\n<meta property=\"og:image\" content=\"https:\/\/coelectrix.com\/wp-content\/uploads\/2022\/04\/kit-instalacion-bateria-auxiliar-con-rele-automatico-bateria-110ah.jpg\" \/>\n\t<meta property=\"og:image:width\" content=\"600\" \/>\n\t<meta property=\"og:image:height\" content=\"600\" \/>\n\t<meta property=\"og:image:type\" content=\"image\/jpeg\" \/>\n<meta name=\"twitter:card\" content=\"summary_large_image\" \/>\n<meta name=\"twitter:label1\" content=\"Tempo estimado de leitura\" \/>\n\t<meta name=\"twitter:data1\" content=\"2 minutos\" \/>\n<script type=\"application\/ld+json\" class=\"yoast-schema-graph\">{\"@context\":\"https:\/\/schema.org\",\"@graph\":[{\"@type\":\"WebPage\",\"@id\":\"https:\/\/coelectrix.com\/pt-pt\/produto\/bateria-instalacao-kit-bateria-auxiliar-com-rele-automatico-e-bateria-agm\",\"url\":\"https:\/\/coelectrix.com\/pt-pt\/produto\/bateria-instalacao-kit-bateria-auxiliar-com-rele-automatico-e-bateria-agm\",\"name\":\"Kit de bateria auxiliar com rel\u00e9 autom\u00e1tico e bateria AGM de 110Ah Victron\",\"isPartOf\":{\"@id\":\"https:\/\/coelectrix.com\/pt-pt\/#website\"},\"primaryImageOfPage\":{\"@id\":\"https:\/\/coelectrix.com\/pt-pt\/produto\/bateria-instalacao-kit-bateria-auxiliar-com-rele-automatico-e-bateria-agm#primaryimage\"},\"image\":{\"@id\":\"https:\/\/coelectrix.com\/pt-pt\/produto\/bateria-instalacao-kit-bateria-auxiliar-com-rele-automatico-e-bateria-agm#primaryimage\"},\"thumbnailUrl\":\"https:\/\/coelectrix.com\/wp-content\/uploads\/2022\/04\/kit-instalacion-bateria-auxiliar-con-rele-automatico-bateria-110ah.jpg\",\"datePublished\":\"2022-04-03T07:31:35+00:00\",\"dateModified\":\"2025-08-19T04:03:02+00:00\",\"description\":\"kit de instala\u00e7\u00e3o da bateria auxiliar com os componentes necess\u00e1rios para instalar a bateria auxiliar, com o rel\u00e9 autom\u00e1tico e a bateria AGM.\",\"breadcrumb\":{\"@id\":\"https:\/\/coelectrix.com\/pt-pt\/produto\/bateria-instalacao-kit-bateria-auxiliar-com-rele-automatico-e-bateria-agm#breadcrumb\"},\"inLanguage\":\"pt-PT\",\"potentialAction\":[{\"@type\":\"ReadAction\",\"target\":[\"https:\/\/coelectrix.com\/pt-pt\/produto\/bateria-instalacao-kit-bateria-auxiliar-com-rele-automatico-e-bateria-agm\"]}]},{\"@type\":\"ImageObject\",\"inLanguage\":\"pt-PT\",\"@id\":\"https:\/\/coelectrix.com\/pt-pt\/produto\/bateria-instalacao-kit-bateria-auxiliar-com-rele-automatico-e-bateria-agm#primaryimage\",\"url\":\"https:\/\/coelectrix.com\/wp-content\/uploads\/2022\/04\/kit-instalacion-bateria-auxiliar-con-rele-automatico-bateria-110ah.jpg\",\"contentUrl\":\"https:\/\/coelectrix.com\/wp-content\/uploads\/2022\/04\/kit-instalacion-bateria-auxiliar-con-rele-automatico-bateria-110ah.jpg\",\"width\":600,\"height\":600},{\"@type\":\"BreadcrumbList\",\"@id\":\"https:\/\/coelectrix.com\/pt-pt\/produto\/bateria-instalacao-kit-bateria-auxiliar-com-rele-automatico-e-bateria-agm#breadcrumb\",\"itemListElement\":[{\"@type\":\"ListItem\",\"position\":1,\"name\":\"Portada\",\"item\":\"https:\/\/coelectrix.com\/\"},{\"@type\":\"ListItem\",\"position\":2,\"name\":\"Loja\",\"item\":\"https:\/\/coelectrix.com\/pt-pt\/loja\"},{\"@type\":\"ListItem\",\"position\":3,\"name\":\"Kit de bateria auxiliar com rel\u00e9 autom\u00e1tico e bateria de 110ah Victron Energy\"}]},{\"@type\":\"WebSite\",\"@id\":\"https:\/\/coelectrix.com\/pt-pt\/#website\",\"url\":\"https:\/\/coelectrix.com\/pt-pt\/\",\"name\":\"Coelectrix\",\"description\":\"Componentes el\u00e9ctricos\",\"publisher\":{\"@id\":\"https:\/\/coelectrix.com\/pt-pt\/#organization\"},\"potentialAction\":[{\"@type\":\"SearchAction\",\"target\":{\"@type\":\"EntryPoint\",\"urlTemplate\":\"https:\/\/coelectrix.com\/pt-pt\/?s={search_term_string}\"},\"query-input\":{\"@type\":\"PropertyValueSpecification\",\"valueRequired\":true,\"valueName\":\"search_term_string\"}}],\"inLanguage\":\"pt-PT\"},{\"@type\":\"Organization\",\"@id\":\"https:\/\/coelectrix.com\/pt-pt\/#organization\",\"name\":\"coelectrix.com\",\"url\":\"https:\/\/coelectrix.com\/pt-pt\/\",\"logo\":{\"@type\":\"ImageObject\",\"inLanguage\":\"pt-PT\",\"@id\":\"https:\/\/coelectrix.com\/pt-pt\/#\/schema\/logo\/image\/\",\"url\":\"https:\/\/coelectrix.com\/wp-content\/uploads\/2018\/05\/logo-coelectrix-400x400.jpg\",\"contentUrl\":\"https:\/\/coelectrix.com\/wp-content\/uploads\/2018\/05\/logo-coelectrix-400x400.jpg\",\"width\":300,\"height\":300,\"caption\":\"coelectrix.com\"},\"image\":{\"@id\":\"https:\/\/coelectrix.com\/pt-pt\/#\/schema\/logo\/image\/\"}}]}<\/script>\n<!-- \/ Yoast SEO plugin. -->","yoast_head_json":{"title":"Kit de bateria auxiliar com rel\u00e9 autom\u00e1tico e bateria AGM de 110Ah Victron","description":"kit de instala\u00e7\u00e3o da bateria auxiliar com os componentes necess\u00e1rios para instalar a bateria auxiliar, com o rel\u00e9 autom\u00e1tico e a bateria AGM.","robots":{"index":"index","follow":"follow","max-snippet":"max-snippet:-1","max-image-preview":"max-image-preview:large","max-video-preview":"max-video-preview:-1"},"canonical":"https:\/\/coelectrix.com\/pt-pt\/produto\/bateria-instalacao-kit-bateria-auxiliar-com-rele-automatico-e-bateria-agm","og_locale":"pt_PT","og_type":"article","og_title":"Kit de bateria auxiliar com rel\u00e9 autom\u00e1tico e bateria AGM de 110Ah Victron","og_description":"kit de instala\u00e7\u00e3o da bateria auxiliar com os componentes necess\u00e1rios para instalar a bateria auxiliar, com o rel\u00e9 autom\u00e1tico e a bateria AGM.","og_url":"https:\/\/coelectrix.com\/pt-pt\/produto\/bateria-instalacao-kit-bateria-auxiliar-com-rele-automatico-e-bateria-agm","og_site_name":"Coelectrix","article_modified_time":"2025-08-19T04:03:02+00:00","og_image":[{"width":600,"height":600,"url":"https:\/\/coelectrix.com\/wp-content\/uploads\/2022\/04\/kit-instalacion-bateria-auxiliar-con-rele-automatico-bateria-110ah.jpg","type":"image\/jpeg"}],"twitter_card":"summary_large_image","twitter_misc":{"Tempo estimado de leitura":"2 minutos"},"schema":{"@context":"https:\/\/schema.org","@graph":[{"@type":"WebPage","@id":"https:\/\/coelectrix.com\/pt-pt\/produto\/bateria-instalacao-kit-bateria-auxiliar-com-rele-automatico-e-bateria-agm","url":"https:\/\/coelectrix.com\/pt-pt\/produto\/bateria-instalacao-kit-bateria-auxiliar-com-rele-automatico-e-bateria-agm","name":"Kit de bateria auxiliar com rel\u00e9 autom\u00e1tico e bateria AGM de 110Ah Victron","isPartOf":{"@id":"https:\/\/coelectrix.com\/pt-pt\/#website"},"primaryImageOfPage":{"@id":"https:\/\/coelectrix.com\/pt-pt\/produto\/bateria-instalacao-kit-bateria-auxiliar-com-rele-automatico-e-bateria-agm#primaryimage"},"image":{"@id":"https:\/\/coelectrix.com\/pt-pt\/produto\/bateria-instalacao-kit-bateria-auxiliar-com-rele-automatico-e-bateria-agm#primaryimage"},"thumbnailUrl":"https:\/\/coelectrix.com\/wp-content\/uploads\/2022\/04\/kit-instalacion-bateria-auxiliar-con-rele-automatico-bateria-110ah.jpg","datePublished":"2022-04-03T07:31:35+00:00","dateModified":"2025-08-19T04:03:02+00:00","description":"kit de instala\u00e7\u00e3o da bateria auxiliar com os componentes necess\u00e1rios para instalar a bateria auxiliar, com o rel\u00e9 autom\u00e1tico e a bateria AGM.","breadcrumb":{"@id":"https:\/\/coelectrix.com\/pt-pt\/produto\/bateria-instalacao-kit-bateria-auxiliar-com-rele-automatico-e-bateria-agm#breadcrumb"},"inLanguage":"pt-PT","potentialAction":[{"@type":"ReadAction","target":["https:\/\/coelectrix.com\/pt-pt\/produto\/bateria-instalacao-kit-bateria-auxiliar-com-rele-automatico-e-bateria-agm"]}]},{"@type":"ImageObject","inLanguage":"pt-PT","@id":"https:\/\/coelectrix.com\/pt-pt\/produto\/bateria-instalacao-kit-bateria-auxiliar-com-rele-automatico-e-bateria-agm#primaryimage","url":"https:\/\/coelectrix.com\/wp-content\/uploads\/2022\/04\/kit-instalacion-bateria-auxiliar-con-rele-automatico-bateria-110ah.jpg","contentUrl":"https:\/\/coelectrix.com\/wp-content\/uploads\/2022\/04\/kit-instalacion-bateria-auxiliar-con-rele-automatico-bateria-110ah.jpg","width":600,"height":600},{"@type":"BreadcrumbList","@id":"https:\/\/coelectrix.com\/pt-pt\/produto\/bateria-instalacao-kit-bateria-auxiliar-com-rele-automatico-e-bateria-agm#breadcrumb","itemListElement":[{"@type":"ListItem","position":1,"name":"Portada","item":"https:\/\/coelectrix.com\/"},{"@type":"ListItem","position":2,"name":"Loja","item":"https:\/\/coelectrix.com\/pt-pt\/loja"},{"@type":"ListItem","position":3,"name":"Kit de bateria auxiliar com rel\u00e9 autom\u00e1tico e bateria de 110ah Victron Energy"}]},{"@type":"WebSite","@id":"https:\/\/coelectrix.com\/pt-pt\/#website","url":"https:\/\/coelectrix.com\/pt-pt\/","name":"Coelectrix","description":"Componentes el\u00e9ctricos","publisher":{"@id":"https:\/\/coelectrix.com\/pt-pt\/#organization"},"potentialAction":[{"@type":"SearchAction","target":{"@type":"EntryPoint","urlTemplate":"https:\/\/coelectrix.com\/pt-pt\/?s={search_term_string}"},"query-input":{"@type":"PropertyValueSpecification","valueRequired":true,"valueName":"search_term_string"}}],"inLanguage":"pt-PT"},{"@type":"Organization","@id":"https:\/\/coelectrix.com\/pt-pt\/#organization","name":"coelectrix.com","url":"https:\/\/coelectrix.com\/pt-pt\/","logo":{"@type":"ImageObject","inLanguage":"pt-PT","@id":"https:\/\/coelectrix.com\/pt-pt\/#\/schema\/logo\/image\/","url":"https:\/\/coelectrix.com\/wp-content\/uploads\/2018\/05\/logo-coelectrix-400x400.jpg","contentUrl":"https:\/\/coelectrix.com\/wp-content\/uploads\/2018\/05\/logo-coelectrix-400x400.jpg","width":300,"height":300,"caption":"coelectrix.com"},"image":{"@id":"https:\/\/coelectrix.com\/pt-pt\/#\/schema\/logo\/image\/"}}]}},"_links":{"self":[{"href":"https:\/\/coelectrix.com\/pt-pt\/wp-json\/wp\/v2\/product\/76248","targetHints":{"allow":["GET"]}}],"collection":[{"href":"https:\/\/coelectrix.com\/pt-pt\/wp-json\/wp\/v2\/product"}],"about":[{"href":"https:\/\/coelectrix.com\/pt-pt\/wp-json\/wp\/v2\/types\/product"}],"version-history":[{"count":1,"href":"https:\/\/coelectrix.com\/pt-pt\/wp-json\/wp\/v2\/product\/76248\/revisions"}],"predecessor-version":[{"id":76731,"href":"https:\/\/coelectrix.com\/pt-pt\/wp-json\/wp\/v2\/product\/76248\/revisions\/76731"}],"wp:featuredmedia":[{"embeddable":true,"href":"https:\/\/coelectrix.com\/pt-pt\/wp-json\/wp\/v2\/media\/73811"}],"wp:attachment":[{"href":"https:\/\/coelectrix.com\/pt-pt\/wp-json\/wp\/v2\/media?parent=76248"}],"wp:term":[{"taxonomy":"product_brand","embeddable":true,"href":"https:\/\/coelectrix.com\/pt-pt\/wp-json\/wp\/v2\/product_brand?post=76248"},{"taxonomy":"product_cat","embeddable":true,"href":"https:\/\/coelectrix.com\/pt-pt\/wp-json\/wp\/v2\/product_cat?post=76248"},{"taxonomy":"product_tag","embeddable":true,"href":"https:\/\/coelectrix.com\/pt-pt\/wp-json\/wp\/v2\/product_tag?post=76248"}],"curies":[{"name":"wp","href":"https:\/\/api.w.org\/{rel}","templated":true}]}}