{"id":76249,"date":"2022-03-21T08:20:10","date_gmt":"2022-03-21T07:20:10","guid":{"rendered":"https:\/\/coelectrix.com\/producto\/mahle-mr-60-40a-antigo-nagares-rlp-5-12"},"modified":"2025-08-19T06:03:03","modified_gmt":"2025-08-19T04:03:03","slug":"mahle-mr-60-40a-antigo-nagares-rlp-5-12","status":"publish","type":"product","link":"https:\/\/coelectrix.com\/pt-pt\/producto\/mahle-mr-60-40a-antiguo-nagares-rlp-5-12-copia","title":{"rendered":"MAHLE MR-60 40A antigo Nagares RLP 5-12"},"content":{"rendered":"<ul>\n<li><span class=\"title-def\">Intensidade de corrente [A]:<\/span>40 A<\/li>\n<li><span class=\"title-def\">Tens\u00e3o:<\/span>12 V<\/li>\n<li><span class=\"title-def\">N\u00famero de p\u00f3los:<\/span>5<\/li>\n<li><span class=\"title-def\">Fun\u00e7\u00e3o do rel\u00e9:<\/span>Limpa para-brisas, Limpa-vidros traseiro, Luz de cruzamento, Buzina, Vidros el\u00e9ctricos, Ventoinha, Aquecimento\/ar condicionado, Vidro traseiro aquecido<\/li>\n<\/ul>\n<p><img fetchpriority=\"high\" decoding=\"async\" class=\"\" src=\"https:\/\/oscaro.media\/catalog\/images\/jpg\/zoom\/4606\/0102031_e.jpg\" width=\"327\" height=\"218\" \/><\/p>\n","protected":false},"excerpt":{"rendered":"<p style=\"text-align: left;\">Rel\u00e9 MAHLE MR-60 40A<\/p>\n<p style=\"text-align: left;\"><strong>Antigo Nagares RLP 5-12<\/strong><\/p>\n<ul>\n<li style=\"text-align: left;\"><span class=\"title-def\">Corrente nominal [A]:<\/span>40 A<\/li>\n<li style=\"text-align: left;\"><span class=\"title-def\">Tens\u00e3o:<\/span>12 V<\/li>\n<li style=\"text-align: left;\"><span class=\"title-def\">N\u00famero de p\u00f3los: <\/span>5<\/li>\n<li>Suporte: SIM<\/li>\n<li style=\"text-align: left;\"><span class=\"title-def\">Fun\u00e7\u00e3o do rel\u00e9:<\/span>Limpa para-brisas, Limpa-vidros traseiro, Luz de cruzamento, Buzina, Vidros el\u00e9ctricos, Ventoinha, Aquecimento\/ar condicionado, Vidro traseiro aquecido<\/li>\n<\/ul>\n","protected":false},"featured_media":73776,"template":"","meta":{"_acf_changed":false},"product_brand":[],"product_cat":[1326,1383],"product_tag":[],"class_list":{"0":"post-76249","1":"product","2":"type-product","3":"status-publish","4":"has-post-thumbnail","6":"product_cat-interruptor-reles","7":"product_cat-reles-pt","9":"first","10":"instock","11":"taxable","12":"shipping-taxable","13":"purchasable","14":"product-type-simple"},"acf":[],"yoast_head":"<!-- This site is optimized with the Yoast SEO plugin v27.2 - https:\/\/yoast.com\/product\/yoast-seo-wordpress\/ -->\n<title>\u25b7 MAHLE MR-60 40A antigo Nagares RLP 5-12 | Coelectrix.com<\/title>\n<meta name=\"robots\" content=\"index, follow, max-snippet:-1, max-image-preview:large, max-video-preview:-1\" \/>\n<link rel=\"canonical\" href=\"https:\/\/coelectrix.com\/pt-pt\/producto\/mahle-mr-60-40a-antiguo-nagares-rlp-5-12-copia\" \/>\n<meta property=\"og:locale\" content=\"pt_PT\" \/>\n<meta property=\"og:type\" content=\"article\" \/>\n<meta property=\"og:title\" content=\"\u25b7 MAHLE MR-60 40A antigo Nagares RLP 5-12 | Coelectrix.com\" \/>\n<meta property=\"og:description\" content=\"Rel\u00e9 MAHLE MR-60 40A Antigo Nagares RLP 5-12   Corrente nominal [A]:40 A  Tens\u00e3o:12 V  N\u00famero de p\u00f3los: 5  Suporte: SIM  Fun\u00e7\u00e3o do rel\u00e9:Limpa para-brisas, Limpa-vidros traseiro, Luz de cruzamento, Buzina, Vidros el\u00e9ctricos, Ventoinha, Aquecimento\/ar condicionado, Vidro traseiro aquecido\" \/>\n<meta property=\"og:url\" content=\"https:\/\/coelectrix.com\/pt-pt\/producto\/mahle-mr-60-40a-antiguo-nagares-rlp-5-12-copia\" \/>\n<meta property=\"og:site_name\" content=\"Coelectrix\" \/>\n<meta property=\"article:modified_time\" content=\"2025-08-19T04:03:03+00:00\" \/>\n<meta property=\"og:image\" content=\"https:\/\/coelectrix.com\/wp-content\/uploads\/2022\/03\/MAHLE-MR_60.jpg\" \/>\n\t<meta property=\"og:image:width\" content=\"600\" \/>\n\t<meta property=\"og:image:height\" content=\"600\" \/>\n\t<meta property=\"og:image:type\" content=\"image\/jpeg\" \/>\n<meta name=\"twitter:card\" content=\"summary_large_image\" \/>\n<script type=\"application\/ld+json\" class=\"yoast-schema-graph\">{\"@context\":\"https:\/\/schema.org\",\"@graph\":[{\"@type\":\"WebPage\",\"@id\":\"https:\/\/coelectrix.com\/pt-pt\/producto\/mahle-mr-60-40a-antiguo-nagares-rlp-5-12-copia\",\"url\":\"https:\/\/coelectrix.com\/pt-pt\/producto\/mahle-mr-60-40a-antiguo-nagares-rlp-5-12-copia\",\"name\":\"\u25b7 MAHLE MR-60 40A antigo Nagares RLP 5-12 | Coelectrix.com\",\"isPartOf\":{\"@id\":\"https:\/\/coelectrix.com\/pt-pt\/#website\"},\"primaryImageOfPage\":{\"@id\":\"https:\/\/coelectrix.com\/pt-pt\/producto\/mahle-mr-60-40a-antiguo-nagares-rlp-5-12-copia#primaryimage\"},\"image\":{\"@id\":\"https:\/\/coelectrix.com\/pt-pt\/producto\/mahle-mr-60-40a-antiguo-nagares-rlp-5-12-copia#primaryimage\"},\"thumbnailUrl\":\"https:\/\/coelectrix.com\/wp-content\/uploads\/2022\/03\/MAHLE-MR_60.jpg\",\"datePublished\":\"2022-03-21T07:20:10+00:00\",\"dateModified\":\"2025-08-19T04:03:03+00:00\",\"breadcrumb\":{\"@id\":\"https:\/\/coelectrix.com\/pt-pt\/producto\/mahle-mr-60-40a-antiguo-nagares-rlp-5-12-copia#breadcrumb\"},\"inLanguage\":\"pt-PT\",\"potentialAction\":[{\"@type\":\"ReadAction\",\"target\":[\"https:\/\/coelectrix.com\/pt-pt\/producto\/mahle-mr-60-40a-antiguo-nagares-rlp-5-12-copia\"]}]},{\"@type\":\"ImageObject\",\"inLanguage\":\"pt-PT\",\"@id\":\"https:\/\/coelectrix.com\/pt-pt\/producto\/mahle-mr-60-40a-antiguo-nagares-rlp-5-12-copia#primaryimage\",\"url\":\"https:\/\/coelectrix.com\/wp-content\/uploads\/2022\/03\/MAHLE-MR_60.jpg\",\"contentUrl\":\"https:\/\/coelectrix.com\/wp-content\/uploads\/2022\/03\/MAHLE-MR_60.jpg\",\"width\":600,\"height\":600},{\"@type\":\"BreadcrumbList\",\"@id\":\"https:\/\/coelectrix.com\/pt-pt\/producto\/mahle-mr-60-40a-antiguo-nagares-rlp-5-12-copia#breadcrumb\",\"itemListElement\":[{\"@type\":\"ListItem\",\"position\":1,\"name\":\"Portada\",\"item\":\"https:\/\/coelectrix.com\/\"},{\"@type\":\"ListItem\",\"position\":2,\"name\":\"Loja\",\"item\":\"https:\/\/coelectrix.com\/pt-pt\/loja\"},{\"@type\":\"ListItem\",\"position\":3,\"name\":\"MAHLE MR-60 40A antigo Nagares RLP 5-12\"}]},{\"@type\":\"WebSite\",\"@id\":\"https:\/\/coelectrix.com\/pt-pt\/#website\",\"url\":\"https:\/\/coelectrix.com\/pt-pt\/\",\"name\":\"Coelectrix\",\"description\":\"Componentes el\u00e9ctricos\",\"publisher\":{\"@id\":\"https:\/\/coelectrix.com\/pt-pt\/#organization\"},\"potentialAction\":[{\"@type\":\"SearchAction\",\"target\":{\"@type\":\"EntryPoint\",\"urlTemplate\":\"https:\/\/coelectrix.com\/pt-pt\/?s={search_term_string}\"},\"query-input\":{\"@type\":\"PropertyValueSpecification\",\"valueRequired\":true,\"valueName\":\"search_term_string\"}}],\"inLanguage\":\"pt-PT\"},{\"@type\":\"Organization\",\"@id\":\"https:\/\/coelectrix.com\/pt-pt\/#organization\",\"name\":\"coelectrix.com\",\"url\":\"https:\/\/coelectrix.com\/pt-pt\/\",\"logo\":{\"@type\":\"ImageObject\",\"inLanguage\":\"pt-PT\",\"@id\":\"https:\/\/coelectrix.com\/pt-pt\/#\/schema\/logo\/image\/\",\"url\":\"https:\/\/coelectrix.com\/wp-content\/uploads\/2018\/05\/logo-coelectrix-400x400.jpg\",\"contentUrl\":\"https:\/\/coelectrix.com\/wp-content\/uploads\/2018\/05\/logo-coelectrix-400x400.jpg\",\"width\":300,\"height\":300,\"caption\":\"coelectrix.com\"},\"image\":{\"@id\":\"https:\/\/coelectrix.com\/pt-pt\/#\/schema\/logo\/image\/\"}}]}<\/script>\n<!-- \/ Yoast SEO plugin. -->","yoast_head_json":{"title":"\u25b7 MAHLE MR-60 40A antigo Nagares RLP 5-12 | Coelectrix.com","robots":{"index":"index","follow":"follow","max-snippet":"max-snippet:-1","max-image-preview":"max-image-preview:large","max-video-preview":"max-video-preview:-1"},"canonical":"https:\/\/coelectrix.com\/pt-pt\/producto\/mahle-mr-60-40a-antiguo-nagares-rlp-5-12-copia","og_locale":"pt_PT","og_type":"article","og_title":"\u25b7 MAHLE MR-60 40A antigo Nagares RLP 5-12 | Coelectrix.com","og_description":"Rel\u00e9 MAHLE MR-60 40A Antigo Nagares RLP 5-12   Corrente nominal [A]:40 A  Tens\u00e3o:12 V  N\u00famero de p\u00f3los: 5  Suporte: SIM  Fun\u00e7\u00e3o do rel\u00e9:Limpa para-brisas, Limpa-vidros traseiro, Luz de cruzamento, Buzina, Vidros el\u00e9ctricos, Ventoinha, Aquecimento\/ar condicionado, Vidro traseiro aquecido","og_url":"https:\/\/coelectrix.com\/pt-pt\/producto\/mahle-mr-60-40a-antiguo-nagares-rlp-5-12-copia","og_site_name":"Coelectrix","article_modified_time":"2025-08-19T04:03:03+00:00","og_image":[{"width":600,"height":600,"url":"https:\/\/coelectrix.com\/wp-content\/uploads\/2022\/03\/MAHLE-MR_60.jpg","type":"image\/jpeg"}],"twitter_card":"summary_large_image","schema":{"@context":"https:\/\/schema.org","@graph":[{"@type":"WebPage","@id":"https:\/\/coelectrix.com\/pt-pt\/producto\/mahle-mr-60-40a-antiguo-nagares-rlp-5-12-copia","url":"https:\/\/coelectrix.com\/pt-pt\/producto\/mahle-mr-60-40a-antiguo-nagares-rlp-5-12-copia","name":"\u25b7 MAHLE MR-60 40A antigo Nagares RLP 5-12 | Coelectrix.com","isPartOf":{"@id":"https:\/\/coelectrix.com\/pt-pt\/#website"},"primaryImageOfPage":{"@id":"https:\/\/coelectrix.com\/pt-pt\/producto\/mahle-mr-60-40a-antiguo-nagares-rlp-5-12-copia#primaryimage"},"image":{"@id":"https:\/\/coelectrix.com\/pt-pt\/producto\/mahle-mr-60-40a-antiguo-nagares-rlp-5-12-copia#primaryimage"},"thumbnailUrl":"https:\/\/coelectrix.com\/wp-content\/uploads\/2022\/03\/MAHLE-MR_60.jpg","datePublished":"2022-03-21T07:20:10+00:00","dateModified":"2025-08-19T04:03:03+00:00","breadcrumb":{"@id":"https:\/\/coelectrix.com\/pt-pt\/producto\/mahle-mr-60-40a-antiguo-nagares-rlp-5-12-copia#breadcrumb"},"inLanguage":"pt-PT","potentialAction":[{"@type":"ReadAction","target":["https:\/\/coelectrix.com\/pt-pt\/producto\/mahle-mr-60-40a-antiguo-nagares-rlp-5-12-copia"]}]},{"@type":"ImageObject","inLanguage":"pt-PT","@id":"https:\/\/coelectrix.com\/pt-pt\/producto\/mahle-mr-60-40a-antiguo-nagares-rlp-5-12-copia#primaryimage","url":"https:\/\/coelectrix.com\/wp-content\/uploads\/2022\/03\/MAHLE-MR_60.jpg","contentUrl":"https:\/\/coelectrix.com\/wp-content\/uploads\/2022\/03\/MAHLE-MR_60.jpg","width":600,"height":600},{"@type":"BreadcrumbList","@id":"https:\/\/coelectrix.com\/pt-pt\/producto\/mahle-mr-60-40a-antiguo-nagares-rlp-5-12-copia#breadcrumb","itemListElement":[{"@type":"ListItem","position":1,"name":"Portada","item":"https:\/\/coelectrix.com\/"},{"@type":"ListItem","position":2,"name":"Loja","item":"https:\/\/coelectrix.com\/pt-pt\/loja"},{"@type":"ListItem","position":3,"name":"MAHLE MR-60 40A antigo Nagares RLP 5-12"}]},{"@type":"WebSite","@id":"https:\/\/coelectrix.com\/pt-pt\/#website","url":"https:\/\/coelectrix.com\/pt-pt\/","name":"Coelectrix","description":"Componentes el\u00e9ctricos","publisher":{"@id":"https:\/\/coelectrix.com\/pt-pt\/#organization"},"potentialAction":[{"@type":"SearchAction","target":{"@type":"EntryPoint","urlTemplate":"https:\/\/coelectrix.com\/pt-pt\/?s={search_term_string}"},"query-input":{"@type":"PropertyValueSpecification","valueRequired":true,"valueName":"search_term_string"}}],"inLanguage":"pt-PT"},{"@type":"Organization","@id":"https:\/\/coelectrix.com\/pt-pt\/#organization","name":"coelectrix.com","url":"https:\/\/coelectrix.com\/pt-pt\/","logo":{"@type":"ImageObject","inLanguage":"pt-PT","@id":"https:\/\/coelectrix.com\/pt-pt\/#\/schema\/logo\/image\/","url":"https:\/\/coelectrix.com\/wp-content\/uploads\/2018\/05\/logo-coelectrix-400x400.jpg","contentUrl":"https:\/\/coelectrix.com\/wp-content\/uploads\/2018\/05\/logo-coelectrix-400x400.jpg","width":300,"height":300,"caption":"coelectrix.com"},"image":{"@id":"https:\/\/coelectrix.com\/pt-pt\/#\/schema\/logo\/image\/"}}]}},"_links":{"self":[{"href":"https:\/\/coelectrix.com\/pt-pt\/wp-json\/wp\/v2\/product\/76249","targetHints":{"allow":["GET"]}}],"collection":[{"href":"https:\/\/coelectrix.com\/pt-pt\/wp-json\/wp\/v2\/product"}],"about":[{"href":"https:\/\/coelectrix.com\/pt-pt\/wp-json\/wp\/v2\/types\/product"}],"version-history":[{"count":1,"href":"https:\/\/coelectrix.com\/pt-pt\/wp-json\/wp\/v2\/product\/76249\/revisions"}],"predecessor-version":[{"id":76734,"href":"https:\/\/coelectrix.com\/pt-pt\/wp-json\/wp\/v2\/product\/76249\/revisions\/76734"}],"wp:featuredmedia":[{"embeddable":true,"href":"https:\/\/coelectrix.com\/pt-pt\/wp-json\/wp\/v2\/media\/73776"}],"wp:attachment":[{"href":"https:\/\/coelectrix.com\/pt-pt\/wp-json\/wp\/v2\/media?parent=76249"}],"wp:term":[{"taxonomy":"product_brand","embeddable":true,"href":"https:\/\/coelectrix.com\/pt-pt\/wp-json\/wp\/v2\/product_brand?post=76249"},{"taxonomy":"product_cat","embeddable":true,"href":"https:\/\/coelectrix.com\/pt-pt\/wp-json\/wp\/v2\/product_cat?post=76249"},{"taxonomy":"product_tag","embeddable":true,"href":"https:\/\/coelectrix.com\/pt-pt\/wp-json\/wp\/v2\/product_tag?post=76249"}],"curies":[{"name":"wp","href":"https:\/\/api.w.org\/{rel}","templated":true}]}}