{"id":76253,"date":"2021-09-09T12:35:05","date_gmt":"2021-09-09T10:35:05","guid":{"rendered":"https:\/\/coelectrix.com\/producto\/suporte-de-rele-mta-para-4-reles-kit-completo-com-tampa-e-terminais"},"modified":"2025-08-19T06:03:35","modified_gmt":"2025-08-19T04:03:35","slug":"suporte-de-rele-mta-para-4-reles-kit-completo-com-tampa-e-terminais","status":"publish","type":"product","link":"https:\/\/coelectrix.com\/pt-pt\/produto\/transportadora-mta-para-4-reles-kit-completo-com-capa-e-terminais","title":{"rendered":"Suporte de rel\u00e9 MTA para 4 rel\u00e9s Kit completo com tampa e terminais"},"content":{"rendered":"<h2><strong>Suporte de rel\u00e9 MTA para 4 rel\u00e9s<\/strong><\/h2>\n<p>Kit completo de suporte de rel\u00e9 para 4 rel\u00e9s de tamanho padr\u00e3o ou mini rel\u00e9, 4 ou 5 pinos.<\/p>\n<p>O kit \u00e9 fornecido completo com tampa transparente e os terminais necess\u00e1rios para as liga\u00e7\u00f5es.<\/p>\n<p>Fabricante: MTA<br \/>\nMaterial: Pl\u00e1stico PA66<\/p>\n<p><span style=\"color: #ff0000;\">REL\u00c9S N\u00c3O INCLU\u00cdDOS<\/span><\/p>\n<p><img fetchpriority=\"high\" decoding=\"async\" class=\"alignnone wp-image-33997\" src=\"https:\/\/coelectrix.com\/wp-content\/uploads\/2021\/09\/portareles-para-4-rele-MTA.jpg\" alt=\"Porta Rele MTA para 4 Rel\u00e9s\" width=\"392\" height=\"294\" srcset=\"https:\/\/coelectrix.com\/wp-content\/uploads\/2021\/09\/portareles-para-4-rele-MTA.jpg 800w, https:\/\/coelectrix.com\/wp-content\/uploads\/2021\/09\/portareles-para-4-rele-MTA-416x312.jpg 416w, https:\/\/coelectrix.com\/wp-content\/uploads\/2021\/09\/portareles-para-4-rele-MTA-64x48.jpg 64w, https:\/\/coelectrix.com\/wp-content\/uploads\/2021\/09\/portareles-para-4-rele-MTA-300x225.jpg 300w, https:\/\/coelectrix.com\/wp-content\/uploads\/2021\/09\/portareles-para-4-rele-MTA-768x576.jpg 768w\" sizes=\"(max-width: 392px) 100vw, 392px\" \/><\/p>\n<h3><strong>Suporte de rel\u00e9 para 4 rel\u00e9s<\/strong><\/h3>\n","protected":false},"excerpt":{"rendered":"<p>Kit completo de suporte de rel\u00e9 para 4 rel\u00e9s de tamanho padr\u00e3o ou mini rel\u00e9, 4 ou 5 pinos.<br \/>\nInclui: Base porta-rel\u00e9, tampa transparente e terminais para liga\u00e7\u00e3o.<\/p>\n","protected":false},"featured_media":73593,"template":"","meta":{"_acf_changed":false},"product_brand":[],"product_cat":[1383],"product_tag":[],"class_list":{"0":"post-76253","1":"product","2":"type-product","3":"status-publish","4":"has-post-thumbnail","6":"product_cat-reles-pt","8":"first","9":"instock","10":"taxable","11":"shipping-taxable","12":"purchasable","13":"product-type-simple"},"acf":[],"yoast_head":"<!-- This site is optimized with the Yoast SEO plugin v27.2 - https:\/\/yoast.com\/product\/yoast-seo-wordpress\/ -->\n<title>Suporte de rel\u00e9 MTA para 4 rel\u00e9s Kit completo com tampa e terminais |% |%<\/title>\n<meta name=\"description\" content=\"Suporte de rel\u00e9 MTA para 4 rel\u00e9s Kit completo de suporte de rel\u00e9 para 4 rel\u00e9s de tamanho padr\u00e3o ou mini rel\u00e9, 4 ou 5 pinos.\" \/>\n<meta name=\"robots\" content=\"index, follow, max-snippet:-1, max-image-preview:large, max-video-preview:-1\" \/>\n<link rel=\"canonical\" href=\"https:\/\/coelectrix.com\/pt-pt\/produto\/transportadora-mta-para-4-reles-kit-completo-com-capa-e-terminais\" \/>\n<meta property=\"og:locale\" content=\"pt_PT\" \/>\n<meta property=\"og:type\" content=\"article\" \/>\n<meta property=\"og:title\" content=\"Suporte de rel\u00e9 MTA para 4 rel\u00e9s Kit completo com tampa e terminais |% |%\" \/>\n<meta property=\"og:description\" content=\"Suporte de rel\u00e9 MTA para 4 rel\u00e9s Kit completo de suporte de rel\u00e9 para 4 rel\u00e9s de tamanho padr\u00e3o ou mini rel\u00e9, 4 ou 5 pinos.\" \/>\n<meta property=\"og:url\" content=\"https:\/\/coelectrix.com\/pt-pt\/produto\/transportadora-mta-para-4-reles-kit-completo-com-capa-e-terminais\" \/>\n<meta property=\"og:site_name\" content=\"Coelectrix\" \/>\n<meta property=\"article:modified_time\" content=\"2025-08-19T04:03:35+00:00\" \/>\n<meta property=\"og:image\" content=\"https:\/\/coelectrix.com\/wp-content\/uploads\/2021\/09\/Porta-reles-MTA-para-4-rele.jpg\" \/>\n\t<meta property=\"og:image:width\" content=\"800\" \/>\n\t<meta property=\"og:image:height\" content=\"600\" \/>\n\t<meta property=\"og:image:type\" content=\"image\/jpeg\" \/>\n<meta name=\"twitter:card\" content=\"summary_large_image\" \/>\n<script type=\"application\/ld+json\" class=\"yoast-schema-graph\">{\"@context\":\"https:\/\/schema.org\",\"@graph\":[{\"@type\":\"WebPage\",\"@id\":\"https:\/\/coelectrix.com\/pt-pt\/produto\/transportadora-mta-para-4-reles-kit-completo-com-capa-e-terminais\",\"url\":\"https:\/\/coelectrix.com\/pt-pt\/produto\/transportadora-mta-para-4-reles-kit-completo-com-capa-e-terminais\",\"name\":\"Suporte de rel\u00e9 MTA para 4 rel\u00e9s Kit completo com tampa e terminais |% |%\",\"isPartOf\":{\"@id\":\"https:\/\/coelectrix.com\/pt-pt\/#website\"},\"primaryImageOfPage\":{\"@id\":\"https:\/\/coelectrix.com\/pt-pt\/produto\/transportadora-mta-para-4-reles-kit-completo-com-capa-e-terminais#primaryimage\"},\"image\":{\"@id\":\"https:\/\/coelectrix.com\/pt-pt\/produto\/transportadora-mta-para-4-reles-kit-completo-com-capa-e-terminais#primaryimage\"},\"thumbnailUrl\":\"https:\/\/coelectrix.com\/wp-content\/uploads\/2021\/09\/Porta-reles-MTA-para-4-rele.jpg\",\"datePublished\":\"2021-09-09T10:35:05+00:00\",\"dateModified\":\"2025-08-19T04:03:35+00:00\",\"description\":\"Suporte de rel\u00e9 MTA para 4 rel\u00e9s Kit completo de suporte de rel\u00e9 para 4 rel\u00e9s de tamanho padr\u00e3o ou mini rel\u00e9, 4 ou 5 pinos.\",\"breadcrumb\":{\"@id\":\"https:\/\/coelectrix.com\/pt-pt\/produto\/transportadora-mta-para-4-reles-kit-completo-com-capa-e-terminais#breadcrumb\"},\"inLanguage\":\"pt-PT\",\"potentialAction\":[{\"@type\":\"ReadAction\",\"target\":[\"https:\/\/coelectrix.com\/pt-pt\/produto\/transportadora-mta-para-4-reles-kit-completo-com-capa-e-terminais\"]}]},{\"@type\":\"ImageObject\",\"inLanguage\":\"pt-PT\",\"@id\":\"https:\/\/coelectrix.com\/pt-pt\/produto\/transportadora-mta-para-4-reles-kit-completo-com-capa-e-terminais#primaryimage\",\"url\":\"https:\/\/coelectrix.com\/wp-content\/uploads\/2021\/09\/Porta-reles-MTA-para-4-rele.jpg\",\"contentUrl\":\"https:\/\/coelectrix.com\/wp-content\/uploads\/2021\/09\/Porta-reles-MTA-para-4-rele.jpg\",\"width\":800,\"height\":600,\"caption\":\"Suporte de rel\u00e9 para 4 rel\u00e9s MTA\"},{\"@type\":\"BreadcrumbList\",\"@id\":\"https:\/\/coelectrix.com\/pt-pt\/produto\/transportadora-mta-para-4-reles-kit-completo-com-capa-e-terminais#breadcrumb\",\"itemListElement\":[{\"@type\":\"ListItem\",\"position\":1,\"name\":\"Portada\",\"item\":\"https:\/\/coelectrix.com\/\"},{\"@type\":\"ListItem\",\"position\":2,\"name\":\"Loja\",\"item\":\"https:\/\/coelectrix.com\/pt-pt\/loja\"},{\"@type\":\"ListItem\",\"position\":3,\"name\":\"Suporte de rel\u00e9 MTA para 4 rel\u00e9s Kit completo com tampa e terminais\"}]},{\"@type\":\"WebSite\",\"@id\":\"https:\/\/coelectrix.com\/pt-pt\/#website\",\"url\":\"https:\/\/coelectrix.com\/pt-pt\/\",\"name\":\"Coelectrix\",\"description\":\"Componentes el\u00e9ctricos\",\"publisher\":{\"@id\":\"https:\/\/coelectrix.com\/pt-pt\/#organization\"},\"potentialAction\":[{\"@type\":\"SearchAction\",\"target\":{\"@type\":\"EntryPoint\",\"urlTemplate\":\"https:\/\/coelectrix.com\/pt-pt\/?s={search_term_string}\"},\"query-input\":{\"@type\":\"PropertyValueSpecification\",\"valueRequired\":true,\"valueName\":\"search_term_string\"}}],\"inLanguage\":\"pt-PT\"},{\"@type\":\"Organization\",\"@id\":\"https:\/\/coelectrix.com\/pt-pt\/#organization\",\"name\":\"coelectrix.com\",\"url\":\"https:\/\/coelectrix.com\/pt-pt\/\",\"logo\":{\"@type\":\"ImageObject\",\"inLanguage\":\"pt-PT\",\"@id\":\"https:\/\/coelectrix.com\/pt-pt\/#\/schema\/logo\/image\/\",\"url\":\"https:\/\/coelectrix.com\/wp-content\/uploads\/2018\/05\/logo-coelectrix-400x400.jpg\",\"contentUrl\":\"https:\/\/coelectrix.com\/wp-content\/uploads\/2018\/05\/logo-coelectrix-400x400.jpg\",\"width\":300,\"height\":300,\"caption\":\"coelectrix.com\"},\"image\":{\"@id\":\"https:\/\/coelectrix.com\/pt-pt\/#\/schema\/logo\/image\/\"}}]}<\/script>\n<!-- \/ Yoast SEO plugin. -->","yoast_head_json":{"title":"Suporte de rel\u00e9 MTA para 4 rel\u00e9s Kit completo com tampa e terminais |% |%","description":"Suporte de rel\u00e9 MTA para 4 rel\u00e9s Kit completo de suporte de rel\u00e9 para 4 rel\u00e9s de tamanho padr\u00e3o ou mini rel\u00e9, 4 ou 5 pinos.","robots":{"index":"index","follow":"follow","max-snippet":"max-snippet:-1","max-image-preview":"max-image-preview:large","max-video-preview":"max-video-preview:-1"},"canonical":"https:\/\/coelectrix.com\/pt-pt\/produto\/transportadora-mta-para-4-reles-kit-completo-com-capa-e-terminais","og_locale":"pt_PT","og_type":"article","og_title":"Suporte de rel\u00e9 MTA para 4 rel\u00e9s Kit completo com tampa e terminais |% |%","og_description":"Suporte de rel\u00e9 MTA para 4 rel\u00e9s Kit completo de suporte de rel\u00e9 para 4 rel\u00e9s de tamanho padr\u00e3o ou mini rel\u00e9, 4 ou 5 pinos.","og_url":"https:\/\/coelectrix.com\/pt-pt\/produto\/transportadora-mta-para-4-reles-kit-completo-com-capa-e-terminais","og_site_name":"Coelectrix","article_modified_time":"2025-08-19T04:03:35+00:00","og_image":[{"width":800,"height":600,"url":"https:\/\/coelectrix.com\/wp-content\/uploads\/2021\/09\/Porta-reles-MTA-para-4-rele.jpg","type":"image\/jpeg"}],"twitter_card":"summary_large_image","schema":{"@context":"https:\/\/schema.org","@graph":[{"@type":"WebPage","@id":"https:\/\/coelectrix.com\/pt-pt\/produto\/transportadora-mta-para-4-reles-kit-completo-com-capa-e-terminais","url":"https:\/\/coelectrix.com\/pt-pt\/produto\/transportadora-mta-para-4-reles-kit-completo-com-capa-e-terminais","name":"Suporte de rel\u00e9 MTA para 4 rel\u00e9s Kit completo com tampa e terminais |% |%","isPartOf":{"@id":"https:\/\/coelectrix.com\/pt-pt\/#website"},"primaryImageOfPage":{"@id":"https:\/\/coelectrix.com\/pt-pt\/produto\/transportadora-mta-para-4-reles-kit-completo-com-capa-e-terminais#primaryimage"},"image":{"@id":"https:\/\/coelectrix.com\/pt-pt\/produto\/transportadora-mta-para-4-reles-kit-completo-com-capa-e-terminais#primaryimage"},"thumbnailUrl":"https:\/\/coelectrix.com\/wp-content\/uploads\/2021\/09\/Porta-reles-MTA-para-4-rele.jpg","datePublished":"2021-09-09T10:35:05+00:00","dateModified":"2025-08-19T04:03:35+00:00","description":"Suporte de rel\u00e9 MTA para 4 rel\u00e9s Kit completo de suporte de rel\u00e9 para 4 rel\u00e9s de tamanho padr\u00e3o ou mini rel\u00e9, 4 ou 5 pinos.","breadcrumb":{"@id":"https:\/\/coelectrix.com\/pt-pt\/produto\/transportadora-mta-para-4-reles-kit-completo-com-capa-e-terminais#breadcrumb"},"inLanguage":"pt-PT","potentialAction":[{"@type":"ReadAction","target":["https:\/\/coelectrix.com\/pt-pt\/produto\/transportadora-mta-para-4-reles-kit-completo-com-capa-e-terminais"]}]},{"@type":"ImageObject","inLanguage":"pt-PT","@id":"https:\/\/coelectrix.com\/pt-pt\/produto\/transportadora-mta-para-4-reles-kit-completo-com-capa-e-terminais#primaryimage","url":"https:\/\/coelectrix.com\/wp-content\/uploads\/2021\/09\/Porta-reles-MTA-para-4-rele.jpg","contentUrl":"https:\/\/coelectrix.com\/wp-content\/uploads\/2021\/09\/Porta-reles-MTA-para-4-rele.jpg","width":800,"height":600,"caption":"Suporte de rel\u00e9 para 4 rel\u00e9s MTA"},{"@type":"BreadcrumbList","@id":"https:\/\/coelectrix.com\/pt-pt\/produto\/transportadora-mta-para-4-reles-kit-completo-com-capa-e-terminais#breadcrumb","itemListElement":[{"@type":"ListItem","position":1,"name":"Portada","item":"https:\/\/coelectrix.com\/"},{"@type":"ListItem","position":2,"name":"Loja","item":"https:\/\/coelectrix.com\/pt-pt\/loja"},{"@type":"ListItem","position":3,"name":"Suporte de rel\u00e9 MTA para 4 rel\u00e9s Kit completo com tampa e terminais"}]},{"@type":"WebSite","@id":"https:\/\/coelectrix.com\/pt-pt\/#website","url":"https:\/\/coelectrix.com\/pt-pt\/","name":"Coelectrix","description":"Componentes el\u00e9ctricos","publisher":{"@id":"https:\/\/coelectrix.com\/pt-pt\/#organization"},"potentialAction":[{"@type":"SearchAction","target":{"@type":"EntryPoint","urlTemplate":"https:\/\/coelectrix.com\/pt-pt\/?s={search_term_string}"},"query-input":{"@type":"PropertyValueSpecification","valueRequired":true,"valueName":"search_term_string"}}],"inLanguage":"pt-PT"},{"@type":"Organization","@id":"https:\/\/coelectrix.com\/pt-pt\/#organization","name":"coelectrix.com","url":"https:\/\/coelectrix.com\/pt-pt\/","logo":{"@type":"ImageObject","inLanguage":"pt-PT","@id":"https:\/\/coelectrix.com\/pt-pt\/#\/schema\/logo\/image\/","url":"https:\/\/coelectrix.com\/wp-content\/uploads\/2018\/05\/logo-coelectrix-400x400.jpg","contentUrl":"https:\/\/coelectrix.com\/wp-content\/uploads\/2018\/05\/logo-coelectrix-400x400.jpg","width":300,"height":300,"caption":"coelectrix.com"},"image":{"@id":"https:\/\/coelectrix.com\/pt-pt\/#\/schema\/logo\/image\/"}}]}},"_links":{"self":[{"href":"https:\/\/coelectrix.com\/pt-pt\/wp-json\/wp\/v2\/product\/76253","targetHints":{"allow":["GET"]}}],"collection":[{"href":"https:\/\/coelectrix.com\/pt-pt\/wp-json\/wp\/v2\/product"}],"about":[{"href":"https:\/\/coelectrix.com\/pt-pt\/wp-json\/wp\/v2\/types\/product"}],"version-history":[{"count":1,"href":"https:\/\/coelectrix.com\/pt-pt\/wp-json\/wp\/v2\/product\/76253\/revisions"}],"predecessor-version":[{"id":76764,"href":"https:\/\/coelectrix.com\/pt-pt\/wp-json\/wp\/v2\/product\/76253\/revisions\/76764"}],"wp:featuredmedia":[{"embeddable":true,"href":"https:\/\/coelectrix.com\/pt-pt\/wp-json\/wp\/v2\/media\/73593"}],"wp:attachment":[{"href":"https:\/\/coelectrix.com\/pt-pt\/wp-json\/wp\/v2\/media?parent=76253"}],"wp:term":[{"taxonomy":"product_brand","embeddable":true,"href":"https:\/\/coelectrix.com\/pt-pt\/wp-json\/wp\/v2\/product_brand?post=76253"},{"taxonomy":"product_cat","embeddable":true,"href":"https:\/\/coelectrix.com\/pt-pt\/wp-json\/wp\/v2\/product_cat?post=76253"},{"taxonomy":"product_tag","embeddable":true,"href":"https:\/\/coelectrix.com\/pt-pt\/wp-json\/wp\/v2\/product_tag?post=76253"}],"curies":[{"name":"wp","href":"https:\/\/api.w.org\/{rel}","templated":true}]}}