{"id":76259,"date":"2020-06-24T17:20:30","date_gmt":"2020-06-24T15:20:30","guid":{"rendered":"https:\/\/coelectrix.com\/producto\/kit-de-instalacao-da-bateria-auxiliar-rele-automatico-audiobus-euro6-start-stop"},"modified":"2025-08-19T06:04:09","modified_gmt":"2025-08-19T04:04:09","slug":"kit-de-instalacao-da-bateria-auxiliar-rele-automatico-audiobus-euro6-start-stop","status":"publish","type":"product","link":"https:\/\/coelectrix.com\/pt-pt\/produto\/bateria-instalacao-kit-bateria-aux-rele-automatico-audiobus-euro6-start-stop","title":{"rendered":"Kit de instala\u00e7\u00e3o da bateria auxiliar Rel\u00e9 autom\u00e1tico AudioBus Euro6 (start-stop)"},"content":{"rendered":"<h2><strong>Kit de instala\u00e7\u00e3o de bateria auxiliar para ve\u00edculos Euro 6<\/strong><\/h2>\n<p>Kit completo de componentes para a<strong> instala\u00e7\u00e3o de uma bateria auxiliar em autocaravanas<\/strong>, <strong>ve\u00edculos 4&#215;4 e caravanas com o moderno sistema Euro 6. <\/strong><\/p>\n<div> Sistema totalmente testado com <a href=\"https:\/\/coelectrix.com\/pt-pt\/produto\/relay-automatic-special-euro6-start-stop-audiobus\"><strong>rel\u00e9 autom\u00e1tico AudioBus SB12200E6<\/strong><\/a><\/div>\n<div>\n<h2><strong>Bateria auxiliar para autocaravanas<\/strong><\/h2>\n<p>Com este<strong> kit de instala\u00e7\u00e3o de bateria auxiliar<\/strong>, voc\u00ea mesmo instalar\u00e1 a bateria auxiliar do seu ve\u00edculo com uma instala\u00e7\u00e3o b\u00e1sica e f\u00e1cil de montar, que dar\u00e1 a m\u00e1xima autonomia ao sistema el\u00e9trico.<\/p>\n<\/div>\n<div><\/div>\n<h2><strong>Bateria auxiliar para ve\u00edculos euro6 com start-stop<\/strong><\/h2>\n<div>Existem v\u00e1rias formas e m\u00e9todos de instalar o rel\u00e9, com a compra deste kit, enviar-lhe-emos o manual e o esquema el\u00e9trico da instala\u00e7\u00e3o que j\u00e1 t\u00eam centenas de ve\u00edculos instalados e que com o nosso kit ter\u00e1 tudo o que precisa para instalar.<\/div>\n<div><\/div>\n<div>O kit inclui:<\/div>\n<div><\/div>\n<div><\/div>\n<div>1 Rel\u00e9 Autom\u00e1tico AudioBus <a href=\"https:\/\/coelectrix.com\/pt-pt\/produto\/relay-automatic-special-euro6-start-stop-audiobus\"><strong>SB12200E6<\/strong><\/a> (para ve\u00edculos com start-stop).<\/div>\n<div>\n<div>\n<div>4 Metros de cabo 16mm2 Cor vermelha<\/div>\n<div>4 Metros de cabo 16mm2 Cor preta<\/div>\n<div>4 Metros de cabo 2,5mm2, cor vermelha<\/div>\n<div>4 Metros de cabo 2,5mm2, cor preta<\/div>\n<div>1 Porta-fus\u00edveis para 10 fus\u00edveis com indicador LED e 1 entrada positiva<\/div>\n<div>18 fus\u00edveis variados<\/div>\n<div>2 Porta-fus\u00edveis Midi suspensos com tampa<\/div>\n<div>2 Fus\u00edveis MIDI 80A<\/div>\n<div>5 terminais de anel GS 6-2,5 mm<\/div>\n<div>10 terminais de anel GS 6-16<\/div>\n<div>10 Terminais isolados Faston f\u00eamea Azul<\/div>\n<div>5 Terminais Faston Isolados F\u00eamea Amarelo<\/div>\n<div>2 terminais de bateria (positivo\/negativo)<\/div>\n<div>5 pe\u00e7as de tubo termorretr\u00e1ctil de 4,5 mm<\/div>\n<div>5 pe\u00e7as de tubo termorretr\u00e1ctil de 9,5 mm<\/div>\n<\/div>\n<p>*Diagrama de cablagem<\/p>\n<div>\n<div><span style=\"font-family: helvetica, arial, sans-serif; color: #000000;\">A instala\u00e7\u00e3o \u00e9 bastante f\u00e1cil de fazer, com o diagrama de cablagem que fornecemos ser\u00e1 muito claro. S\u00f3 precisa de algumas ferramentas de cravar, uma ferramenta de corte de cabos e pouco mais.<br \/>\nSe n\u00e3o tiver as ferramentas necess\u00e1rias, pode comprar esta <a href=\"https:\/\/coelectrix.com\/pt-pt\/produto\/maquina-de-grampear-terminais-multiusos\" target=\"_blank\" rel=\"noopener\">ferramenta de<\/a> cravar simples com a qual pode cravar todos os terminais fornecidos com o kit, incluindo os terminais em anel para o cabo de 16 mm2.<\/span><\/div>\n<\/div>\n<div><\/div>\n<div><a href=\"https:\/\/coelectrix.com\/pt-pt\/produto\/maquina-de-grampear-terminais-multiusos\" target=\"_blank\" rel=\"noopener\"><img decoding=\"async\" class=\"alignnone\" src=\"https:\/\/coelectrix.com\/wp-content\/uploads\/2019\/05\/herramienta-terminales-multioso.jpg\" alt=\"herramienta terminales multiuso\" width=\"131\" height=\"131\" \/><\/a><\/div>\n<div><\/div>\n<div>Pode ver neste <a href=\"https:\/\/youtu.be\/GXQorumLcs8\" target=\"_blank\" rel=\"noopener\">v\u00eddeo<\/a> como utilizamos a ferramenta.<\/div>\n<\/div>\n<div><\/div>\n<div><span style=\"font-size: small;\">*O kit n\u00e3o inclui fita isoladora, ferramentas, pinos ou quaisquer outros acess\u00f3rios que possam ser necess\u00e1rios consoante o modelo do ve\u00edculo e o local de instala\u00e7\u00e3o da bateria auxiliar.<\/span><\/div>\n<div><\/div>\n<h2><strong>Carater\u00edsticas do Rel\u00e9 Autom\u00e1tico AudioBus Euro6<\/strong><\/h2>\n<div>\n<ul>\n<li><strong>Dete\u00e7\u00e3o de movimento.<\/strong> Utiliza um sensor de movimento para detetar que o ve\u00edculo est\u00e1 em movimento, atrav\u00e9s de um micro controlador descarta as vibra\u00e7\u00f5es pontuais e apenas d\u00e1 como v\u00e1lidos os padr\u00f5es de vibra\u00e7\u00e3o que correspondem ao ve\u00edculo em movimento.<\/li>\n<li><strong>Fun\u00e7\u00e3o de d\u00edodo ideal<\/strong>. Disp\u00f5e de um sensor para o microcontrolador ler o sentido da corrente, para evitar que o motor de arranque consuma a segunda bateria e a bateria auxiliar descarregue para a bateria principal.<\/li>\n<li><strong>Fun\u00e7\u00e3o de prote\u00e7\u00e3o da bateria principal<\/strong>. O rel\u00e9 separa a segunda bateria se a bateria principal estiver abaixo de 12V.<\/li>\n<li>Permite uma corrente de pico de 180A e uma corrente n\u00e3o pico de 120A.<\/li>\n<\/ul>\n<\/div>\n<div>\n<p>Pode ler o nosso manual sobre como <a href=\"https:\/\/coelectrix.com\/pt-pt\/blogue\/instalar-bateria-auxiliar-bateria-na-van\">instalar uma bateria auxiliar numa carrinha<\/a>.<\/p>\n<h2 class=\"alpha entry-title\"><\/h2>\n<\/div>\n<div><span style=\"color: #ff0010;\">\u00c9 necess\u00e1rio um m\u00ednimo de conhecimentos el\u00e9ctricos para a instala\u00e7\u00e3o deste kit.<\/span><\/div>\n<div><span style=\"color: #ff0010;\"> <\/span><\/div>\n<div><span style=\"color: #ff0010;\">N\u00e3o nos responsabilizamos por quaisquer danos causados por uma instala\u00e7\u00e3o incorrecta.<\/span><\/div>\n","protected":false},"excerpt":{"rendered":"<div><span style=\"font-family: helvetica, arial, sans-serif;\"><strong>Kit completo de componentes para a instala\u00e7\u00e3o de uma bateria auxiliar em ve\u00edculos modernos com regulamenta\u00e7\u00e3o start-stop Euro6.<\/strong><\/span><\/div>\n<div><\/div>\n<div><span style=\"font-family: helvetica, arial, sans-serif;\">Se o seu ve\u00edculo for moderno com um alternador inteligente Euro6 ou Euro5, os rel\u00e9s habituais n\u00e3o funcionar\u00e3o corretamente e ter\u00e1 de instalar este rel\u00e9 especial Euro6 ou um carregador de refor\u00e7o como o Orion da Victron que tamb\u00e9m temos.<\/span><\/div>\n<div><\/div>\n<div><span style=\"font-family: helvetica, arial, sans-serif;\">O kit inclui:<\/span><\/div>\n<div><\/div>\n<div><span style=\"font-family: helvetica, arial, sans-serif;\"><span style=\"font-family: helvetica, arial, sans-serif;\">1 Rel\u00e9 Autom\u00e1tico <\/span><\/span>AudioBus SB12200E6<\/div>\n<div>\n<div>\n<div>4 Metros de cabo 16mm2 Cor vermelha<\/div>\n<div>4 metros de cabo 16mm2 Cor preta<\/div>\n<div>4 Metros de cabo 2,5mm2 Cor vermelha<\/div>\n<div>4 Metros de cabo 2,5mm2 Cor preta<\/div>\n<div>1 Porta-fus\u00edveis para 10 fus\u00edveis com indicador LED e 1 entrada positiva<\/div>\n<div>18 fus\u00edveis variados<\/div>\n<div>2 Porta-fus\u00edveis Midi suspensos com tampa<\/div>\n<div>2 Fus\u00edveis MIDI 80A<\/div>\n<div>5 terminais de anel GS 6-2,5 mm<\/div>\n<div>10 terminais de anel GS 6-16<\/div>\n<div>10 Terminais isolados Faston f\u00eamea Azul<\/div>\n<div>5 Terminais Faston Isolados F\u00eamea Amarelo<\/div>\n<div>2 terminais de bateria (positivo\/negativo)<\/div>\n<div>5 pe\u00e7as de tubo termorretr\u00e1ctil de 4,5 mm<\/div>\n<div>5 pe\u00e7as de tubo termorretr\u00e1ctil de 9,5 mm<\/div>\n<\/div>\n<p>*Diagrama de cablagem<\/p>\n<p><strong>Os rel\u00e9s AudioBus cumprem a norma R10 relativa \u00e0 compatibilidade electromagn\u00e9tica. <\/strong><\/p>\n<\/div>\n<div><span style=\"font-family: helvetica, arial, sans-serif;\"> <\/span><\/div>\n<div>\n<div><\/div>\n<div>\n<div><span style=\"color: #800000; font-family: helvetica, arial, sans-serif;\">\u00c9 necess\u00e1rio um m\u00ednimo de conhecimentos el\u00e9ctricos para a instala\u00e7\u00e3o deste kit.<\/span><\/div>\n<div><span style=\"font-family: helvetica, arial, sans-serif;\"><span style=\"color: #800000;\">N\u00e3o podemos ser responsabilizados por quaisquer danos causados por uma instala\u00e7\u00e3o incorrecta.<\/span><\/span><\/div>\n<\/div>\n<div><span style=\"font-family: helvetica, arial, sans-serif;\"> <\/span><\/div>\n<div>Pode ler o nosso manual sobre como <a href=\"https:\/\/coelectrix.com\/pt-pt\/blogue\/instalar-bateria-auxiliar-bateria-na-van\">instalar uma bateria auxiliar numa carrinha<\/a>.<\/div>\n<div><\/div>\n<div><img decoding=\"async\" class=\"alignnone wp-image-38556\" src=\"https:\/\/coelectrix.com\/wp-content\/uploads\/2017\/03\/envio-gratis-1-300x150.jpg\" alt=\"\" width=\"220\" height=\"110\" srcset=\"https:\/\/coelectrix.com\/wp-content\/uploads\/2017\/03\/envio-gratis-1-300x150.jpg 300w, https:\/\/coelectrix.com\/wp-content\/uploads\/2017\/03\/envio-gratis-1-64x32.jpg 64w, https:\/\/coelectrix.com\/wp-content\/uploads\/2017\/03\/envio-gratis-1.jpg 400w\" sizes=\"(max-width: 220px) 100vw, 220px\" \/><\/div>\n<\/div>\n<div><\/div>\n","protected":false},"featured_media":74055,"template":"","meta":{"_acf_changed":false},"product_brand":[],"product_cat":[1303,1305,1340,1383],"product_tag":[],"class_list":{"0":"post-76259","1":"product","2":"type-product","3":"status-publish","4":"has-post-thumbnail","6":"product_cat-kit-de-bateria-auxiliar-com-rele-automatico","7":"product_cat-kits-com-libertacao-automatica-euro6","8":"product_cat-kits-de-instalacao-de-bateria-auxiliar","9":"product_cat-reles-pt","11":"first","12":"instock","13":"taxable","14":"shipping-taxable","15":"purchasable","16":"product-type-simple"},"acf":[],"yoast_head":"<!-- This site is optimized with the Yoast SEO plugin v27.2 - https:\/\/yoast.com\/product\/yoast-seo-wordpress\/ -->\n<title>Kit de instala\u00e7\u00e3o de bateria auxiliar para ve\u00edculos Euro 6<\/title>\n<meta name=\"description\" content=\"kit de instala\u00e7\u00e3o da bateria auxiliar com os componentes necess\u00e1rios para instalar a bateria auxiliar, com o Rel\u00e9 Autom\u00e1tico.\" \/>\n<meta name=\"robots\" content=\"index, follow, max-snippet:-1, max-image-preview:large, max-video-preview:-1\" \/>\n<link rel=\"canonical\" href=\"https:\/\/coelectrix.com\/pt-pt\/produto\/bateria-instalacao-kit-bateria-aux-rele-automatico-audiobus-euro6-start-stop\" \/>\n<meta property=\"og:locale\" content=\"pt_PT\" \/>\n<meta property=\"og:type\" content=\"article\" \/>\n<meta property=\"og:title\" content=\"Kit de instala\u00e7\u00e3o de bateria auxiliar para ve\u00edculos Euro 6\" \/>\n<meta property=\"og:description\" content=\"kit de instala\u00e7\u00e3o da bateria auxiliar com os componentes necess\u00e1rios para instalar a bateria auxiliar, com o Rel\u00e9 Autom\u00e1tico.\" \/>\n<meta property=\"og:url\" content=\"https:\/\/coelectrix.com\/pt-pt\/produto\/bateria-instalacao-kit-bateria-aux-rele-automatico-audiobus-euro6-start-stop\" \/>\n<meta property=\"og:site_name\" content=\"Coelectrix\" \/>\n<meta property=\"article:modified_time\" content=\"2025-08-19T04:04:09+00:00\" \/>\n<meta property=\"og:image\" content=\"https:\/\/coelectrix.com\/wp-content\/uploads\/2020\/06\/kit-instalacion-bateria-auxiliar-con-rele-automatico-especial-euro6-1.jpg\" \/>\n\t<meta property=\"og:image:width\" content=\"600\" \/>\n\t<meta property=\"og:image:height\" content=\"600\" \/>\n\t<meta property=\"og:image:type\" content=\"image\/jpeg\" \/>\n<meta name=\"twitter:card\" content=\"summary_large_image\" \/>\n<meta name=\"twitter:label1\" content=\"Tempo estimado de leitura\" \/>\n\t<meta name=\"twitter:data1\" content=\"3 minutos\" \/>\n<script type=\"application\/ld+json\" class=\"yoast-schema-graph\">{\"@context\":\"https:\/\/schema.org\",\"@graph\":[{\"@type\":\"WebPage\",\"@id\":\"https:\/\/coelectrix.com\/pt-pt\/produto\/bateria-instalacao-kit-bateria-aux-rele-automatico-audiobus-euro6-start-stop\",\"url\":\"https:\/\/coelectrix.com\/pt-pt\/produto\/bateria-instalacao-kit-bateria-aux-rele-automatico-audiobus-euro6-start-stop\",\"name\":\"Kit de instala\u00e7\u00e3o de bateria auxiliar para ve\u00edculos Euro 6\",\"isPartOf\":{\"@id\":\"https:\/\/coelectrix.com\/pt-pt\/#website\"},\"primaryImageOfPage\":{\"@id\":\"https:\/\/coelectrix.com\/pt-pt\/produto\/bateria-instalacao-kit-bateria-aux-rele-automatico-audiobus-euro6-start-stop#primaryimage\"},\"image\":{\"@id\":\"https:\/\/coelectrix.com\/pt-pt\/produto\/bateria-instalacao-kit-bateria-aux-rele-automatico-audiobus-euro6-start-stop#primaryimage\"},\"thumbnailUrl\":\"https:\/\/coelectrix.com\/wp-content\/uploads\/2020\/06\/kit-instalacion-bateria-auxiliar-con-rele-automatico-especial-euro6-1.jpg\",\"datePublished\":\"2020-06-24T15:20:30+00:00\",\"dateModified\":\"2025-08-19T04:04:09+00:00\",\"description\":\"kit de instala\u00e7\u00e3o da bateria auxiliar com os componentes necess\u00e1rios para instalar a bateria auxiliar, com o Rel\u00e9 Autom\u00e1tico.\",\"breadcrumb\":{\"@id\":\"https:\/\/coelectrix.com\/pt-pt\/produto\/bateria-instalacao-kit-bateria-aux-rele-automatico-audiobus-euro6-start-stop#breadcrumb\"},\"inLanguage\":\"pt-PT\",\"potentialAction\":[{\"@type\":\"ReadAction\",\"target\":[\"https:\/\/coelectrix.com\/pt-pt\/produto\/bateria-instalacao-kit-bateria-aux-rele-automatico-audiobus-euro6-start-stop\"]}]},{\"@type\":\"ImageObject\",\"inLanguage\":\"pt-PT\",\"@id\":\"https:\/\/coelectrix.com\/pt-pt\/produto\/bateria-instalacao-kit-bateria-aux-rele-automatico-audiobus-euro6-start-stop#primaryimage\",\"url\":\"https:\/\/coelectrix.com\/wp-content\/uploads\/2020\/06\/kit-instalacion-bateria-auxiliar-con-rele-automatico-especial-euro6-1.jpg\",\"contentUrl\":\"https:\/\/coelectrix.com\/wp-content\/uploads\/2020\/06\/kit-instalacion-bateria-auxiliar-con-rele-automatico-especial-euro6-1.jpg\",\"width\":600,\"height\":600},{\"@type\":\"BreadcrumbList\",\"@id\":\"https:\/\/coelectrix.com\/pt-pt\/produto\/bateria-instalacao-kit-bateria-aux-rele-automatico-audiobus-euro6-start-stop#breadcrumb\",\"itemListElement\":[{\"@type\":\"ListItem\",\"position\":1,\"name\":\"Portada\",\"item\":\"https:\/\/coelectrix.com\/\"},{\"@type\":\"ListItem\",\"position\":2,\"name\":\"Loja\",\"item\":\"https:\/\/coelectrix.com\/pt-pt\/loja\"},{\"@type\":\"ListItem\",\"position\":3,\"name\":\"Kit de instala\u00e7\u00e3o da bateria auxiliar Rel\u00e9 autom\u00e1tico AudioBus Euro6 (start-stop)\"}]},{\"@type\":\"WebSite\",\"@id\":\"https:\/\/coelectrix.com\/pt-pt\/#website\",\"url\":\"https:\/\/coelectrix.com\/pt-pt\/\",\"name\":\"Coelectrix\",\"description\":\"Componentes el\u00e9ctricos\",\"publisher\":{\"@id\":\"https:\/\/coelectrix.com\/pt-pt\/#organization\"},\"potentialAction\":[{\"@type\":\"SearchAction\",\"target\":{\"@type\":\"EntryPoint\",\"urlTemplate\":\"https:\/\/coelectrix.com\/pt-pt\/?s={search_term_string}\"},\"query-input\":{\"@type\":\"PropertyValueSpecification\",\"valueRequired\":true,\"valueName\":\"search_term_string\"}}],\"inLanguage\":\"pt-PT\"},{\"@type\":\"Organization\",\"@id\":\"https:\/\/coelectrix.com\/pt-pt\/#organization\",\"name\":\"coelectrix.com\",\"url\":\"https:\/\/coelectrix.com\/pt-pt\/\",\"logo\":{\"@type\":\"ImageObject\",\"inLanguage\":\"pt-PT\",\"@id\":\"https:\/\/coelectrix.com\/pt-pt\/#\/schema\/logo\/image\/\",\"url\":\"https:\/\/coelectrix.com\/wp-content\/uploads\/2018\/05\/logo-coelectrix-400x400.jpg\",\"contentUrl\":\"https:\/\/coelectrix.com\/wp-content\/uploads\/2018\/05\/logo-coelectrix-400x400.jpg\",\"width\":300,\"height\":300,\"caption\":\"coelectrix.com\"},\"image\":{\"@id\":\"https:\/\/coelectrix.com\/pt-pt\/#\/schema\/logo\/image\/\"}}]}<\/script>\n<!-- \/ Yoast SEO plugin. -->","yoast_head_json":{"title":"Kit de instala\u00e7\u00e3o de bateria auxiliar para ve\u00edculos Euro 6","description":"kit de instala\u00e7\u00e3o da bateria auxiliar com os componentes necess\u00e1rios para instalar a bateria auxiliar, com o Rel\u00e9 Autom\u00e1tico.","robots":{"index":"index","follow":"follow","max-snippet":"max-snippet:-1","max-image-preview":"max-image-preview:large","max-video-preview":"max-video-preview:-1"},"canonical":"https:\/\/coelectrix.com\/pt-pt\/produto\/bateria-instalacao-kit-bateria-aux-rele-automatico-audiobus-euro6-start-stop","og_locale":"pt_PT","og_type":"article","og_title":"Kit de instala\u00e7\u00e3o de bateria auxiliar para ve\u00edculos Euro 6","og_description":"kit de instala\u00e7\u00e3o da bateria auxiliar com os componentes necess\u00e1rios para instalar a bateria auxiliar, com o Rel\u00e9 Autom\u00e1tico.","og_url":"https:\/\/coelectrix.com\/pt-pt\/produto\/bateria-instalacao-kit-bateria-aux-rele-automatico-audiobus-euro6-start-stop","og_site_name":"Coelectrix","article_modified_time":"2025-08-19T04:04:09+00:00","og_image":[{"width":600,"height":600,"url":"https:\/\/coelectrix.com\/wp-content\/uploads\/2020\/06\/kit-instalacion-bateria-auxiliar-con-rele-automatico-especial-euro6-1.jpg","type":"image\/jpeg"}],"twitter_card":"summary_large_image","twitter_misc":{"Tempo estimado de leitura":"3 minutos"},"schema":{"@context":"https:\/\/schema.org","@graph":[{"@type":"WebPage","@id":"https:\/\/coelectrix.com\/pt-pt\/produto\/bateria-instalacao-kit-bateria-aux-rele-automatico-audiobus-euro6-start-stop","url":"https:\/\/coelectrix.com\/pt-pt\/produto\/bateria-instalacao-kit-bateria-aux-rele-automatico-audiobus-euro6-start-stop","name":"Kit de instala\u00e7\u00e3o de bateria auxiliar para ve\u00edculos Euro 6","isPartOf":{"@id":"https:\/\/coelectrix.com\/pt-pt\/#website"},"primaryImageOfPage":{"@id":"https:\/\/coelectrix.com\/pt-pt\/produto\/bateria-instalacao-kit-bateria-aux-rele-automatico-audiobus-euro6-start-stop#primaryimage"},"image":{"@id":"https:\/\/coelectrix.com\/pt-pt\/produto\/bateria-instalacao-kit-bateria-aux-rele-automatico-audiobus-euro6-start-stop#primaryimage"},"thumbnailUrl":"https:\/\/coelectrix.com\/wp-content\/uploads\/2020\/06\/kit-instalacion-bateria-auxiliar-con-rele-automatico-especial-euro6-1.jpg","datePublished":"2020-06-24T15:20:30+00:00","dateModified":"2025-08-19T04:04:09+00:00","description":"kit de instala\u00e7\u00e3o da bateria auxiliar com os componentes necess\u00e1rios para instalar a bateria auxiliar, com o Rel\u00e9 Autom\u00e1tico.","breadcrumb":{"@id":"https:\/\/coelectrix.com\/pt-pt\/produto\/bateria-instalacao-kit-bateria-aux-rele-automatico-audiobus-euro6-start-stop#breadcrumb"},"inLanguage":"pt-PT","potentialAction":[{"@type":"ReadAction","target":["https:\/\/coelectrix.com\/pt-pt\/produto\/bateria-instalacao-kit-bateria-aux-rele-automatico-audiobus-euro6-start-stop"]}]},{"@type":"ImageObject","inLanguage":"pt-PT","@id":"https:\/\/coelectrix.com\/pt-pt\/produto\/bateria-instalacao-kit-bateria-aux-rele-automatico-audiobus-euro6-start-stop#primaryimage","url":"https:\/\/coelectrix.com\/wp-content\/uploads\/2020\/06\/kit-instalacion-bateria-auxiliar-con-rele-automatico-especial-euro6-1.jpg","contentUrl":"https:\/\/coelectrix.com\/wp-content\/uploads\/2020\/06\/kit-instalacion-bateria-auxiliar-con-rele-automatico-especial-euro6-1.jpg","width":600,"height":600},{"@type":"BreadcrumbList","@id":"https:\/\/coelectrix.com\/pt-pt\/produto\/bateria-instalacao-kit-bateria-aux-rele-automatico-audiobus-euro6-start-stop#breadcrumb","itemListElement":[{"@type":"ListItem","position":1,"name":"Portada","item":"https:\/\/coelectrix.com\/"},{"@type":"ListItem","position":2,"name":"Loja","item":"https:\/\/coelectrix.com\/pt-pt\/loja"},{"@type":"ListItem","position":3,"name":"Kit de instala\u00e7\u00e3o da bateria auxiliar Rel\u00e9 autom\u00e1tico AudioBus Euro6 (start-stop)"}]},{"@type":"WebSite","@id":"https:\/\/coelectrix.com\/pt-pt\/#website","url":"https:\/\/coelectrix.com\/pt-pt\/","name":"Coelectrix","description":"Componentes el\u00e9ctricos","publisher":{"@id":"https:\/\/coelectrix.com\/pt-pt\/#organization"},"potentialAction":[{"@type":"SearchAction","target":{"@type":"EntryPoint","urlTemplate":"https:\/\/coelectrix.com\/pt-pt\/?s={search_term_string}"},"query-input":{"@type":"PropertyValueSpecification","valueRequired":true,"valueName":"search_term_string"}}],"inLanguage":"pt-PT"},{"@type":"Organization","@id":"https:\/\/coelectrix.com\/pt-pt\/#organization","name":"coelectrix.com","url":"https:\/\/coelectrix.com\/pt-pt\/","logo":{"@type":"ImageObject","inLanguage":"pt-PT","@id":"https:\/\/coelectrix.com\/pt-pt\/#\/schema\/logo\/image\/","url":"https:\/\/coelectrix.com\/wp-content\/uploads\/2018\/05\/logo-coelectrix-400x400.jpg","contentUrl":"https:\/\/coelectrix.com\/wp-content\/uploads\/2018\/05\/logo-coelectrix-400x400.jpg","width":300,"height":300,"caption":"coelectrix.com"},"image":{"@id":"https:\/\/coelectrix.com\/pt-pt\/#\/schema\/logo\/image\/"}}]}},"_links":{"self":[{"href":"https:\/\/coelectrix.com\/pt-pt\/wp-json\/wp\/v2\/product\/76259","targetHints":{"allow":["GET"]}}],"collection":[{"href":"https:\/\/coelectrix.com\/pt-pt\/wp-json\/wp\/v2\/product"}],"about":[{"href":"https:\/\/coelectrix.com\/pt-pt\/wp-json\/wp\/v2\/types\/product"}],"version-history":[{"count":1,"href":"https:\/\/coelectrix.com\/pt-pt\/wp-json\/wp\/v2\/product\/76259\/revisions"}],"predecessor-version":[{"id":76794,"href":"https:\/\/coelectrix.com\/pt-pt\/wp-json\/wp\/v2\/product\/76259\/revisions\/76794"}],"wp:featuredmedia":[{"embeddable":true,"href":"https:\/\/coelectrix.com\/pt-pt\/wp-json\/wp\/v2\/media\/74055"}],"wp:attachment":[{"href":"https:\/\/coelectrix.com\/pt-pt\/wp-json\/wp\/v2\/media?parent=76259"}],"wp:term":[{"taxonomy":"product_brand","embeddable":true,"href":"https:\/\/coelectrix.com\/pt-pt\/wp-json\/wp\/v2\/product_brand?post=76259"},{"taxonomy":"product_cat","embeddable":true,"href":"https:\/\/coelectrix.com\/pt-pt\/wp-json\/wp\/v2\/product_cat?post=76259"},{"taxonomy":"product_tag","embeddable":true,"href":"https:\/\/coelectrix.com\/pt-pt\/wp-json\/wp\/v2\/product_tag?post=76259"}],"curies":[{"name":"wp","href":"https:\/\/api.w.org\/{rel}","templated":true}]}}