{"id":76260,"date":"2020-06-24T12:39:26","date_gmt":"2020-06-24T10:39:26","guid":{"rendered":"https:\/\/coelectrix.com\/producto\/kit-de-instalacao-basica-segunda-bateria-com-rele-automatico-audiobus-sb12200"},"modified":"2025-08-19T06:04:09","modified_gmt":"2025-08-19T04:04:09","slug":"kit-de-instalacao-basica-segunda-bateria-com-rele-automatico-audiobus-sb12200","status":"publish","type":"product","link":"https:\/\/coelectrix.com\/pt-pt\/product\/basic-kit-installation-second-battery-with-automatic-relays","title":{"rendered":"Kit de instala\u00e7\u00e3o b\u00e1sica segunda bateria com rel\u00e9 autom\u00e1tico Audiobus SB12200"},"content":{"rendered":"<h2><strong>Comprar kit de instala\u00e7\u00e3o b\u00e1sica para bateria auxiliar com rel\u00e9 autom\u00e1tico Audiobus SB12200<\/strong><\/h2>\n<p>Kit b\u00e1sico de componentes para a<strong> instala\u00e7\u00e3o de uma bateria auxiliar em autocaravanas<\/strong>, <strong>ve\u00edculos 4&#215;4, caravanas, caravanas,<\/strong>&#8230;<\/p>\n<div> Sistema totalmente testado com <strong>rel\u00e9 autom\u00e1tico <\/strong><\/div>\n<div>\n<h2><strong>Bateria auxiliar para autocaravanas<\/strong><\/h2>\n<p>Com este<strong> kit de instala\u00e7\u00e3o de bateria auxiliar<\/strong>, voc\u00ea mesmo instalar\u00e1 a bateria auxiliar do seu ve\u00edculo com uma instala\u00e7\u00e3o b\u00e1sica e simples de montar, que dar\u00e1 a m\u00e1xima autonomia ao sistema el\u00e9trico.<\/p>\n<\/div>\n<h2><strong>kit de instala\u00e7\u00e3o b\u00e1sica bateria auxiliar com rel\u00e9 autom\u00e1tico<\/strong><\/h2>\n<div>Existem v\u00e1rias formas e m\u00e9todos de instalar o rel\u00e9, com a compra deste kit, enviar-lhe-emos um esquema el\u00e9trico da instala\u00e7\u00e3o que centenas de ve\u00edculos j\u00e1 t\u00eam instalado e que com o nosso kit ter\u00e1 tudo o que precisa para instalar.<\/div>\n<div><\/div>\n<h3>O kit inclui:<\/h3>\n<div><\/div>\n<ul>\n<li>1 Rel\u00e9 Autom\u00e1tico AUDIOBUS SB12200 (pode pedir-nos outro modelo de rel\u00e9 se preferir).<\/li>\n<li>2 terminais de bateria (1 positivo e 1 negativo)<\/li>\n<li>4 Metros de cabo 16mm2 Cor vermelha<\/li>\n<li>1 metro de cabo 16mm2 Cor preta<\/li>\n<li>1 metro de cabo de 2,5mm2 Cor preta<\/li>\n<li>2 Porta-fus\u00edveis de antena midi com tampa<\/li>\n<li>2 Fus\u00edveis 80A<\/li>\n<li>5 Terminais em anel GS 6-2,5<\/li>\n<li>10 Terminais em anel GS 6-16<\/li>\n<li>1 Terminal Faston para liga\u00e7\u00e3o do rel\u00e9 \u00e0 terra<\/li>\n<\/ul>\n<div><\/div>\n<div><span style=\"font-size: small;\">*O kit n\u00e3o inclui fita isoladora, ferramentas, pinos ou quaisquer outros acess\u00f3rios que possam ser necess\u00e1rios consoante o modelo do ve\u00edculo e o local de instala\u00e7\u00e3o da bateria auxiliar.<\/span><\/div>\n<div><\/div>\n<div>\n<div><span style=\"font-family: helvetica, arial, sans-serif; color: #000000;\">A instala\u00e7\u00e3o \u00e9 bastante f\u00e1cil de fazer, com o diagrama que lhe fornecemos ser\u00e1 muito claro. Necessitar\u00e1 apenas de algumas ferramentas de engaste de terminais, uma ferramenta de corte de cabos e pouco mais.<br \/>\nSe n\u00e3o tiver as ferramentas necess\u00e1rias, pode comprar esta <a href=\"https:\/\/coelectrix.com\/pt-pt\/produto\/maquina-de-grampear-terminais-multiusos\" target=\"_blank\" rel=\"noopener\">ferramenta de engaste<\/a> simples com a qual pode engastar todos os terminais fornecidos com o kit, incluindo os terminais em anel para o cabo de 16 mm2.<\/span><\/div>\n<\/div>\n<div><\/div>\n<div><a href=\"https:\/\/coelectrix.com\/pt-pt\/produto\/maquina-de-grampear-terminais-multiusos\" target=\"_blank\" rel=\"noopener\"><img decoding=\"async\" class=\"alignnone\" src=\"https:\/\/coelectrix.com\/wp-content\/uploads\/2019\/05\/herramienta-terminales-multioso.jpg\" alt=\"herramienta terminales multiuso\" width=\"131\" height=\"131\" \/><\/a><\/div>\n<div><\/div>\n<div>Pode ver neste <a href=\"https:\/\/youtu.be\/GXQorumLcs8\" target=\"_blank\" rel=\"noopener\">v\u00eddeo<\/a> como utilizamos a ferramenta.<\/div>\n<div><span style=\"font-size: small;\"> <\/span>Pode ler o nosso manual sobre como <a href=\"https:\/\/coelectrix.com\/pt-pt\/blogue\/instalar-bateria-auxiliar-bateria-na-van\">instalar uma bateria auxiliar numa carrinha<\/a>.<\/div>\n<div>\n<h2 class=\"alpha entry-title\"><span style=\"color: #ff0010; font-size: 16px;\">\u00c9 necess\u00e1rio um conhecimento m\u00ednimo de eletricidade para a instala\u00e7\u00e3o deste kit.<\/span><\/h2>\n<\/div>\n<div><span style=\"color: #ff0010;\"> <\/span><span style=\"color: #ff0010;\">N\u00e3o nos responsabilizamos por quaisquer danos causados por uma instala\u00e7\u00e3o incorrecta.<\/span><\/div>\n","protected":false},"excerpt":{"rendered":"<div><span style=\"font-family: helvetica, arial, sans-serif;\"><strong>Kit b\u00e1sico para a instala\u00e7\u00e3o de uma bateria auxiliar em autocaravanas.<\/strong><\/span><\/div>\n<div>(Com rel\u00e9 autom\u00e1tico)<\/div>\n<div><span style=\"font-family: helvetica, arial, sans-serif;\"> <\/span><\/div>\n<p>Este kit inclui tudo o que \u00e9 necess\u00e1rio para instalar o rel\u00e9 autom\u00e1tico Audiobus.<\/p>\n<div>Existem v\u00e1rias formas e m\u00e9todos de instalar o rel\u00e9, com a compra deste kit, enviar-lhe-emos o esquema el\u00e9trico da instala\u00e7\u00e3o que centenas de ve\u00edculos j\u00e1 t\u00eam instalado e que com o nosso kit ter\u00e1 tudo o que precisa para instalar.<\/div>\n<div>\n<div><\/div>\n<div>\n<div><span style=\"color: #800000; font-family: helvetica, arial, sans-serif;\">\u00c9 necess\u00e1rio um m\u00ednimo de conhecimentos el\u00e9ctricos para a instala\u00e7\u00e3o deste kit.<\/span><\/div>\n<div><span style=\"font-family: helvetica, arial, sans-serif;\"><span style=\"color: #800000;\">N\u00e3o nos responsabilizamos por qualquer dano causado por uma m\u00e1 instala\u00e7\u00e3o.<\/span><\/span><\/div>\n<\/div>\n<div>Pode ler o nosso manual sobre como <a href=\"https:\/\/coelectrix.com\/pt-pt\/blogue\/instalar-bateria-auxiliar-bateria-na-van\" target=\"_blank\" rel=\"noopener\">instalar uma bateria auxiliar numa carrinha<\/a>.<\/div>\n<div><\/div>\n<\/div>\n<div><strong>Os rel\u00e9s AudioBus est\u00e3o em conformidade com os regulamentos de compatibilidade electromagn\u00e9tica R10. <\/strong><\/div>\n<div><\/div>\n","protected":false},"featured_media":73461,"template":"","meta":{"_acf_changed":false},"product_brand":[],"product_cat":[1303,1340,1383],"product_tag":[],"class_list":{"0":"post-76260","1":"product","2":"type-product","3":"status-publish","4":"has-post-thumbnail","6":"product_cat-kit-de-bateria-auxiliar-com-rele-automatico","7":"product_cat-kits-de-instalacao-de-bateria-auxiliar","8":"product_cat-reles-pt","10":"first","11":"instock","12":"taxable","13":"shipping-taxable","14":"purchasable","15":"product-type-simple"},"acf":[],"yoast_head":"<!-- This site is optimized with the Yoast SEO plugin v27.2 - https:\/\/yoast.com\/product\/yoast-seo-wordpress\/ -->\n<title>\u25b7 Bateria auxiliar com kit de instala\u00e7\u00e3o b\u00e1sica de rel\u00e9 autom\u00e1tico<\/title>\n<meta name=\"description\" content=\"Kit b\u00e1sico de instala\u00e7\u00e3o da bateria auxiliar: Componentes necess\u00e1rios para instalar a bateria auxiliar: Com rel\u00e9 autom\u00e1tico \u27a4 Melhor pre\u00e7o online.\" \/>\n<meta name=\"robots\" content=\"index, follow, max-snippet:-1, max-image-preview:large, max-video-preview:-1\" \/>\n<link rel=\"canonical\" href=\"https:\/\/coelectrix.com\/pt-pt\/product\/basic-kit-installation-second-battery-with-automatic-relays\" \/>\n<meta property=\"og:locale\" content=\"pt_PT\" \/>\n<meta property=\"og:type\" content=\"article\" \/>\n<meta property=\"og:title\" content=\"\u25b7 Bateria auxiliar com kit de instala\u00e7\u00e3o b\u00e1sica de rel\u00e9 autom\u00e1tico\" \/>\n<meta property=\"og:description\" content=\"Kit b\u00e1sico de instala\u00e7\u00e3o da bateria auxiliar: Componentes necess\u00e1rios para instalar a bateria auxiliar: Com rel\u00e9 autom\u00e1tico \u27a4 Melhor pre\u00e7o online.\" \/>\n<meta property=\"og:url\" content=\"https:\/\/coelectrix.com\/pt-pt\/product\/basic-kit-installation-second-battery-with-automatic-relays\" \/>\n<meta property=\"og:site_name\" content=\"Coelectrix\" \/>\n<meta property=\"article:modified_time\" content=\"2025-08-19T04:04:09+00:00\" \/>\n<meta property=\"og:image\" content=\"https:\/\/coelectrix.com\/wp-content\/uploads\/2020\/06\/kit-basico-instalacion-bateria-auxiliar-rele-automatico-audiobus.jpg\" \/>\n\t<meta property=\"og:image:width\" content=\"800\" \/>\n\t<meta property=\"og:image:height\" content=\"800\" \/>\n\t<meta property=\"og:image:type\" content=\"image\/jpeg\" \/>\n<meta name=\"twitter:card\" content=\"summary_large_image\" \/>\n<meta name=\"twitter:label1\" content=\"Tempo estimado de leitura\" \/>\n\t<meta name=\"twitter:data1\" content=\"2 minutos\" \/>\n<script type=\"application\/ld+json\" class=\"yoast-schema-graph\">{\"@context\":\"https:\/\/schema.org\",\"@graph\":[{\"@type\":\"WebPage\",\"@id\":\"https:\/\/coelectrix.com\/pt-pt\/product\/basic-kit-installation-second-battery-with-automatic-relays\",\"url\":\"https:\/\/coelectrix.com\/pt-pt\/product\/basic-kit-installation-second-battery-with-automatic-relays\",\"name\":\"\u25b7 Bateria auxiliar com kit de instala\u00e7\u00e3o b\u00e1sica de rel\u00e9 autom\u00e1tico\",\"isPartOf\":{\"@id\":\"https:\/\/coelectrix.com\/pt-pt\/#website\"},\"primaryImageOfPage\":{\"@id\":\"https:\/\/coelectrix.com\/pt-pt\/product\/basic-kit-installation-second-battery-with-automatic-relays#primaryimage\"},\"image\":{\"@id\":\"https:\/\/coelectrix.com\/pt-pt\/product\/basic-kit-installation-second-battery-with-automatic-relays#primaryimage\"},\"thumbnailUrl\":\"https:\/\/coelectrix.com\/wp-content\/uploads\/2020\/06\/kit-basico-instalacion-bateria-auxiliar-rele-automatico-audiobus.jpg\",\"datePublished\":\"2020-06-24T10:39:26+00:00\",\"dateModified\":\"2025-08-19T04:04:09+00:00\",\"description\":\"Kit b\u00e1sico de instala\u00e7\u00e3o da bateria auxiliar: Componentes necess\u00e1rios para instalar a bateria auxiliar: Com rel\u00e9 autom\u00e1tico \u27a4 Melhor pre\u00e7o online.\",\"breadcrumb\":{\"@id\":\"https:\/\/coelectrix.com\/pt-pt\/product\/basic-kit-installation-second-battery-with-automatic-relays#breadcrumb\"},\"inLanguage\":\"pt-PT\",\"potentialAction\":[{\"@type\":\"ReadAction\",\"target\":[\"https:\/\/coelectrix.com\/pt-pt\/product\/basic-kit-installation-second-battery-with-automatic-relays\"]}]},{\"@type\":\"ImageObject\",\"inLanguage\":\"pt-PT\",\"@id\":\"https:\/\/coelectrix.com\/pt-pt\/product\/basic-kit-installation-second-battery-with-automatic-relays#primaryimage\",\"url\":\"https:\/\/coelectrix.com\/wp-content\/uploads\/2020\/06\/kit-basico-instalacion-bateria-auxiliar-rele-automatico-audiobus.jpg\",\"contentUrl\":\"https:\/\/coelectrix.com\/wp-content\/uploads\/2020\/06\/kit-basico-instalacion-bateria-auxiliar-rele-automatico-audiobus.jpg\",\"width\":800,\"height\":800,\"caption\":\"comprar kit b\u00e1sico para instala\u00e7\u00e3o de bateria auxiliar com rel\u00e9 autom\u00e1tico\"},{\"@type\":\"BreadcrumbList\",\"@id\":\"https:\/\/coelectrix.com\/pt-pt\/product\/basic-kit-installation-second-battery-with-automatic-relays#breadcrumb\",\"itemListElement\":[{\"@type\":\"ListItem\",\"position\":1,\"name\":\"Portada\",\"item\":\"https:\/\/coelectrix.com\/\"},{\"@type\":\"ListItem\",\"position\":2,\"name\":\"Loja\",\"item\":\"https:\/\/coelectrix.com\/pt-pt\/loja\"},{\"@type\":\"ListItem\",\"position\":3,\"name\":\"Kit de instala\u00e7\u00e3o b\u00e1sica segunda bateria com rel\u00e9 autom\u00e1tico Audiobus SB12200\"}]},{\"@type\":\"WebSite\",\"@id\":\"https:\/\/coelectrix.com\/pt-pt\/#website\",\"url\":\"https:\/\/coelectrix.com\/pt-pt\/\",\"name\":\"Coelectrix\",\"description\":\"Componentes el\u00e9ctricos\",\"publisher\":{\"@id\":\"https:\/\/coelectrix.com\/pt-pt\/#organization\"},\"potentialAction\":[{\"@type\":\"SearchAction\",\"target\":{\"@type\":\"EntryPoint\",\"urlTemplate\":\"https:\/\/coelectrix.com\/pt-pt\/?s={search_term_string}\"},\"query-input\":{\"@type\":\"PropertyValueSpecification\",\"valueRequired\":true,\"valueName\":\"search_term_string\"}}],\"inLanguage\":\"pt-PT\"},{\"@type\":\"Organization\",\"@id\":\"https:\/\/coelectrix.com\/pt-pt\/#organization\",\"name\":\"coelectrix.com\",\"url\":\"https:\/\/coelectrix.com\/pt-pt\/\",\"logo\":{\"@type\":\"ImageObject\",\"inLanguage\":\"pt-PT\",\"@id\":\"https:\/\/coelectrix.com\/pt-pt\/#\/schema\/logo\/image\/\",\"url\":\"https:\/\/coelectrix.com\/wp-content\/uploads\/2018\/05\/logo-coelectrix-400x400.jpg\",\"contentUrl\":\"https:\/\/coelectrix.com\/wp-content\/uploads\/2018\/05\/logo-coelectrix-400x400.jpg\",\"width\":300,\"height\":300,\"caption\":\"coelectrix.com\"},\"image\":{\"@id\":\"https:\/\/coelectrix.com\/pt-pt\/#\/schema\/logo\/image\/\"}}]}<\/script>\n<!-- \/ Yoast SEO plugin. -->","yoast_head_json":{"title":"\u25b7 Bateria auxiliar com kit de instala\u00e7\u00e3o b\u00e1sica de rel\u00e9 autom\u00e1tico","description":"Kit b\u00e1sico de instala\u00e7\u00e3o da bateria auxiliar: Componentes necess\u00e1rios para instalar a bateria auxiliar: Com rel\u00e9 autom\u00e1tico \u27a4 Melhor pre\u00e7o online.","robots":{"index":"index","follow":"follow","max-snippet":"max-snippet:-1","max-image-preview":"max-image-preview:large","max-video-preview":"max-video-preview:-1"},"canonical":"https:\/\/coelectrix.com\/pt-pt\/product\/basic-kit-installation-second-battery-with-automatic-relays","og_locale":"pt_PT","og_type":"article","og_title":"\u25b7 Bateria auxiliar com kit de instala\u00e7\u00e3o b\u00e1sica de rel\u00e9 autom\u00e1tico","og_description":"Kit b\u00e1sico de instala\u00e7\u00e3o da bateria auxiliar: Componentes necess\u00e1rios para instalar a bateria auxiliar: Com rel\u00e9 autom\u00e1tico \u27a4 Melhor pre\u00e7o online.","og_url":"https:\/\/coelectrix.com\/pt-pt\/product\/basic-kit-installation-second-battery-with-automatic-relays","og_site_name":"Coelectrix","article_modified_time":"2025-08-19T04:04:09+00:00","og_image":[{"width":800,"height":800,"url":"https:\/\/coelectrix.com\/wp-content\/uploads\/2020\/06\/kit-basico-instalacion-bateria-auxiliar-rele-automatico-audiobus.jpg","type":"image\/jpeg"}],"twitter_card":"summary_large_image","twitter_misc":{"Tempo estimado de leitura":"2 minutos"},"schema":{"@context":"https:\/\/schema.org","@graph":[{"@type":"WebPage","@id":"https:\/\/coelectrix.com\/pt-pt\/product\/basic-kit-installation-second-battery-with-automatic-relays","url":"https:\/\/coelectrix.com\/pt-pt\/product\/basic-kit-installation-second-battery-with-automatic-relays","name":"\u25b7 Bateria auxiliar com kit de instala\u00e7\u00e3o b\u00e1sica de rel\u00e9 autom\u00e1tico","isPartOf":{"@id":"https:\/\/coelectrix.com\/pt-pt\/#website"},"primaryImageOfPage":{"@id":"https:\/\/coelectrix.com\/pt-pt\/product\/basic-kit-installation-second-battery-with-automatic-relays#primaryimage"},"image":{"@id":"https:\/\/coelectrix.com\/pt-pt\/product\/basic-kit-installation-second-battery-with-automatic-relays#primaryimage"},"thumbnailUrl":"https:\/\/coelectrix.com\/wp-content\/uploads\/2020\/06\/kit-basico-instalacion-bateria-auxiliar-rele-automatico-audiobus.jpg","datePublished":"2020-06-24T10:39:26+00:00","dateModified":"2025-08-19T04:04:09+00:00","description":"Kit b\u00e1sico de instala\u00e7\u00e3o da bateria auxiliar: Componentes necess\u00e1rios para instalar a bateria auxiliar: Com rel\u00e9 autom\u00e1tico \u27a4 Melhor pre\u00e7o online.","breadcrumb":{"@id":"https:\/\/coelectrix.com\/pt-pt\/product\/basic-kit-installation-second-battery-with-automatic-relays#breadcrumb"},"inLanguage":"pt-PT","potentialAction":[{"@type":"ReadAction","target":["https:\/\/coelectrix.com\/pt-pt\/product\/basic-kit-installation-second-battery-with-automatic-relays"]}]},{"@type":"ImageObject","inLanguage":"pt-PT","@id":"https:\/\/coelectrix.com\/pt-pt\/product\/basic-kit-installation-second-battery-with-automatic-relays#primaryimage","url":"https:\/\/coelectrix.com\/wp-content\/uploads\/2020\/06\/kit-basico-instalacion-bateria-auxiliar-rele-automatico-audiobus.jpg","contentUrl":"https:\/\/coelectrix.com\/wp-content\/uploads\/2020\/06\/kit-basico-instalacion-bateria-auxiliar-rele-automatico-audiobus.jpg","width":800,"height":800,"caption":"comprar kit b\u00e1sico para instala\u00e7\u00e3o de bateria auxiliar com rel\u00e9 autom\u00e1tico"},{"@type":"BreadcrumbList","@id":"https:\/\/coelectrix.com\/pt-pt\/product\/basic-kit-installation-second-battery-with-automatic-relays#breadcrumb","itemListElement":[{"@type":"ListItem","position":1,"name":"Portada","item":"https:\/\/coelectrix.com\/"},{"@type":"ListItem","position":2,"name":"Loja","item":"https:\/\/coelectrix.com\/pt-pt\/loja"},{"@type":"ListItem","position":3,"name":"Kit de instala\u00e7\u00e3o b\u00e1sica segunda bateria com rel\u00e9 autom\u00e1tico Audiobus SB12200"}]},{"@type":"WebSite","@id":"https:\/\/coelectrix.com\/pt-pt\/#website","url":"https:\/\/coelectrix.com\/pt-pt\/","name":"Coelectrix","description":"Componentes el\u00e9ctricos","publisher":{"@id":"https:\/\/coelectrix.com\/pt-pt\/#organization"},"potentialAction":[{"@type":"SearchAction","target":{"@type":"EntryPoint","urlTemplate":"https:\/\/coelectrix.com\/pt-pt\/?s={search_term_string}"},"query-input":{"@type":"PropertyValueSpecification","valueRequired":true,"valueName":"search_term_string"}}],"inLanguage":"pt-PT"},{"@type":"Organization","@id":"https:\/\/coelectrix.com\/pt-pt\/#organization","name":"coelectrix.com","url":"https:\/\/coelectrix.com\/pt-pt\/","logo":{"@type":"ImageObject","inLanguage":"pt-PT","@id":"https:\/\/coelectrix.com\/pt-pt\/#\/schema\/logo\/image\/","url":"https:\/\/coelectrix.com\/wp-content\/uploads\/2018\/05\/logo-coelectrix-400x400.jpg","contentUrl":"https:\/\/coelectrix.com\/wp-content\/uploads\/2018\/05\/logo-coelectrix-400x400.jpg","width":300,"height":300,"caption":"coelectrix.com"},"image":{"@id":"https:\/\/coelectrix.com\/pt-pt\/#\/schema\/logo\/image\/"}}]}},"_links":{"self":[{"href":"https:\/\/coelectrix.com\/pt-pt\/wp-json\/wp\/v2\/product\/76260","targetHints":{"allow":["GET"]}}],"collection":[{"href":"https:\/\/coelectrix.com\/pt-pt\/wp-json\/wp\/v2\/product"}],"about":[{"href":"https:\/\/coelectrix.com\/pt-pt\/wp-json\/wp\/v2\/types\/product"}],"version-history":[{"count":1,"href":"https:\/\/coelectrix.com\/pt-pt\/wp-json\/wp\/v2\/product\/76260\/revisions"}],"predecessor-version":[{"id":76795,"href":"https:\/\/coelectrix.com\/pt-pt\/wp-json\/wp\/v2\/product\/76260\/revisions\/76795"}],"wp:featuredmedia":[{"embeddable":true,"href":"https:\/\/coelectrix.com\/pt-pt\/wp-json\/wp\/v2\/media\/73461"}],"wp:attachment":[{"href":"https:\/\/coelectrix.com\/pt-pt\/wp-json\/wp\/v2\/media?parent=76260"}],"wp:term":[{"taxonomy":"product_brand","embeddable":true,"href":"https:\/\/coelectrix.com\/pt-pt\/wp-json\/wp\/v2\/product_brand?post=76260"},{"taxonomy":"product_cat","embeddable":true,"href":"https:\/\/coelectrix.com\/pt-pt\/wp-json\/wp\/v2\/product_cat?post=76260"},{"taxonomy":"product_tag","embeddable":true,"href":"https:\/\/coelectrix.com\/pt-pt\/wp-json\/wp\/v2\/product_tag?post=76260"}],"curies":[{"name":"wp","href":"https:\/\/api.w.org\/{rel}","templated":true}]}}