{"id":76266,"date":"2018-02-18T09:26:51","date_gmt":"2018-02-18T08:26:51","guid":{"rendered":"https:\/\/coelectrix.com\/producto\/kit-de-instalacao-de-bateria-auxiliar-com-rele-comum-de-200a"},"modified":"2025-08-19T06:05:20","modified_gmt":"2025-08-19T04:05:20","slug":"kit-de-instalacao-de-bateria-auxiliar-com-rele-comum-de-200a","status":"publish","type":"product","link":"https:\/\/coelectrix.com\/pt-pt\/produto\/kit-install-battery-auxiliary-battery-rele-commun-100a","title":{"rendered":"Kit de instala\u00e7\u00e3o de bateria auxiliar com rel\u00e9 comum de 200A"},"content":{"rendered":"<h2><strong>Kit de instala\u00e7\u00e3o de bateria auxiliar<\/strong><\/h2>\n<div><span style=\"font-family: helvetica, arial, sans-serif; color: #000000;\">O kit inclui:<\/span><\/div>\n<div><span style=\"font-family: helvetica, arial, sans-serif; color: #000000;\"> <\/span><\/div>\n<div>\n<div><span style=\"font-family: helvetica, arial, sans-serif; color: #000000;\">1 Rel\u00e9 Comum AudioBus 200A (n\u00e3o autom\u00e1tico)<\/span><\/div>\n<div>\n<div>\n<div>4 Metros de cabo 16mm2 Cor vermelha<\/div>\n<div>4 metros de cabo 16mm2 Cor preta<\/div>\n<div>4 Metros de cabo 2,5mm2 Cor vermelha<\/div>\n<div>4 Metros de cabo 2,5mm2 Cor preta<\/div>\n<div>1 Porta-fus\u00edveis para 10 fus\u00edveis com indicador LED e 1 entrada positiva<\/div>\n<div>18 fus\u00edveis variados<\/div>\n<div>2 Porta-fus\u00edveis Midi suspensos com tampa<\/div>\n<div>2 Fus\u00edveis MIDI 80A<\/div>\n<div>5 terminais de anel GS 6-2,5 mm<\/div>\n<div>10 terminais de anel GS 6-16<\/div>\n<div>10 Terminais isolados Faston f\u00eamea Azul<\/div>\n<div>5 Terminais Faston Isolados F\u00eamea Amarelo<\/div>\n<div>2 terminais de bateria (positivo\/negativo)<\/div>\n<div>5 pe\u00e7as de tubo termorretr\u00e1ctil de 4,5 mm<\/div>\n<div>5 pe\u00e7as de tubo termorretr\u00e1ctil de 9,5 mm<\/div>\n<\/div>\n<p>*Diagrama de cablagem<\/p>\n<\/div>\n<\/div>\n<div><span style=\"font-family: helvetica, arial, sans-serif; color: #000000;\"> <\/span><\/div>\n<div>\n<div><span style=\"font-family: helvetica, arial, sans-serif; color: #000000;\">A instala\u00e7\u00e3o \u00e9 bastante f\u00e1cil de fazer, com o diagrama de cablagem que fornecemos ser\u00e1 muito claro. Apenas necessitar\u00e1 de algumas ferramentas de engaste, uma ferramenta de corte de cabos e pouco mais.<br \/>\nSe n\u00e3o tiver as ferramentas necess\u00e1rias, pode comprar esta <a href=\"https:\/\/coelectrix.com\/pt-pt\/produto\/maquina-de-grampear-terminais-multiusos\" target=\"_blank\" rel=\"noopener\">ferramenta de engaste<\/a> simples com a qual pode engastar todos os terminais fornecidos com o kit, mesmo os terminais em anel para o cabo de 16 mm2.<\/span><\/div>\n<\/div>\n<div><\/div>\n<div><a href=\"https:\/\/coelectrix.com\/pt-pt\/produto\/maquina-de-grampear-terminais-multiusos\" target=\"_blank\" rel=\"noopener\"><img decoding=\"async\" class=\"alignnone\" src=\"https:\/\/coelectrix.com\/wp-content\/uploads\/2019\/05\/herramienta-terminales-multioso.jpg\" alt=\"herramienta terminales multiuso\" width=\"131\" height=\"131\" \/><\/a><\/div>\n<div><\/div>\n<div>Pode ver neste <a href=\"https:\/\/youtu.be\/GXQorumLcs8\" target=\"_blank\" rel=\"noopener\">v\u00eddeo<\/a> como utilizamos a ferramenta.<\/div>\n<div><\/div>\n<div>\n<div>\n<div><span style=\"font-family: helvetica, arial, sans-serif; color: #000000;\">\u00c9 necess\u00e1rio um conhecimento m\u00ednimo de eletricidade para a instala\u00e7\u00e3o deste kit.<\/span><\/div>\n<div><span style=\"font-family: helvetica, arial, sans-serif; color: #000000;\">N\u00e3o nos responsabilizamos por quaisquer danos causados por uma instala\u00e7\u00e3o incorrecta.<\/span><\/div>\n<\/div>\n<div><span style=\"font-family: helvetica, arial, sans-serif; color: #000000;\">Pode ler o nosso manual sobre como <a style=\"color: #000000;\" href=\"https:\/\/coelectrix.com\/pt-pt\/blogue\/instalar-bateria-auxiliar-bateria-na-van\">instalar uma bateria auxiliar numa carrinha<\/a>.<\/span><\/div>\n<div><\/div>\n<\/div>\n","protected":false},"excerpt":{"rendered":"<div class=\"woocommerce-product-details__short-description\">\n<div><span style=\"font-family: helvetica, arial, sans-serif; color: #000000;\"><strong>Kit completo de componentes para a instala\u00e7\u00e3o de uma bateria auxiliar em autocaravanas.<\/strong><\/span><\/div>\n<div><span style=\"font-family: helvetica, arial, sans-serif; color: #000000;\">(Com rel\u00e9 comum AudioBus 200A)<\/span><\/div>\n<div><span style=\"font-family: helvetica, arial, sans-serif; color: #000000;\"> <\/span><\/div>\n<div>\n<div>**Com este rel\u00e9 ser\u00e1 necess\u00e1rio ligar ao D+ do alternador.<\/div>\n<div>Fornecemos um esquema de instala\u00e7\u00e3o f\u00e1cil de interpretar.<\/div>\n<\/div>\n<div>\n<div><\/div>\n<div><img decoding=\"async\" class=\"alignnone size-full wp-image-304\" src=\"https:\/\/coelectrix.com\/wp-content\/uploads\/2016\/03\/formas-de-pago.png\" alt=\"\" width=\"245\" height=\"62\" srcset=\"https:\/\/coelectrix.com\/wp-content\/uploads\/2016\/03\/formas-de-pago.png 245w, https:\/\/coelectrix.com\/wp-content\/uploads\/2016\/03\/formas-de-pago-64x16.png 64w\" sizes=\"(max-width: 245px) 100vw, 245px\" \/><\/div>\n<\/div>\n<\/div>\n","protected":false},"featured_media":73807,"template":"","meta":{"_acf_changed":false},"product_brand":[],"product_cat":[1306,1340,1383],"product_tag":[],"class_list":{"0":"post-76266","1":"product","2":"type-product","3":"status-publish","4":"has-post-thumbnail","6":"product_cat-kits-com-rele-comum","7":"product_cat-kits-de-instalacao-de-bateria-auxiliar","8":"product_cat-reles-pt","10":"first","11":"instock","12":"taxable","13":"shipping-taxable","14":"purchasable","15":"product-type-variable"},"acf":[],"yoast_head":"<!-- This site is optimized with the Yoast SEO plugin v27.2 - https:\/\/yoast.com\/product\/yoast-seo-wordpress\/ -->\n<title>\u25b7 Kit de instala\u00e7\u00e3o de bateria auxiliar com rel\u00e9 comum de 200A | Coelectrix.com<\/title>\n<meta name=\"description\" content=\"Kit para instalar bateria auxiliar com rel\u00e9 comum de 200A, todo o material necess\u00e1rio para a instala\u00e7\u00e3o, cabos, rel\u00e9s, fus\u00edveis, caixa de fus\u00edveis, terminais...\" \/>\n<meta name=\"robots\" content=\"index, follow, max-snippet:-1, max-image-preview:large, max-video-preview:-1\" \/>\n<link rel=\"canonical\" href=\"https:\/\/coelectrix.com\/pt-pt\/produto\/kit-install-battery-auxiliary-battery-rele-commun-100a\" \/>\n<meta property=\"og:locale\" content=\"pt_PT\" \/>\n<meta property=\"og:type\" content=\"article\" \/>\n<meta property=\"og:title\" content=\"\u25b7 Kit de instala\u00e7\u00e3o de bateria auxiliar com rel\u00e9 comum de 200A | Coelectrix.com\" \/>\n<meta property=\"og:description\" content=\"Kit para instalar bateria auxiliar com rel\u00e9 comum de 200A, todo o material necess\u00e1rio para a instala\u00e7\u00e3o, cabos, rel\u00e9s, fus\u00edveis, caixa de fus\u00edveis, terminais...\" \/>\n<meta property=\"og:url\" content=\"https:\/\/coelectrix.com\/pt-pt\/produto\/kit-install-battery-auxiliary-battery-rele-commun-100a\" \/>\n<meta property=\"og:site_name\" content=\"Coelectrix\" \/>\n<meta property=\"article:modified_time\" content=\"2025-08-19T04:05:20+00:00\" \/>\n<meta property=\"og:image\" content=\"https:\/\/coelectrix.com\/wp-content\/uploads\/2018\/02\/kit-instalacion-bateria-auxiliar-con-rele-comun.jpg\" \/>\n\t<meta property=\"og:image:width\" content=\"600\" \/>\n\t<meta property=\"og:image:height\" content=\"600\" \/>\n\t<meta property=\"og:image:type\" content=\"image\/jpeg\" \/>\n<meta name=\"twitter:card\" content=\"summary_large_image\" \/>\n<meta name=\"twitter:label1\" content=\"Tempo estimado de leitura\" \/>\n\t<meta name=\"twitter:data1\" content=\"1 minuto\" \/>\n<script type=\"application\/ld+json\" class=\"yoast-schema-graph\">{\"@context\":\"https:\/\/schema.org\",\"@graph\":[{\"@type\":\"WebPage\",\"@id\":\"https:\/\/coelectrix.com\/pt-pt\/produto\/kit-install-battery-auxiliary-battery-rele-commun-100a\",\"url\":\"https:\/\/coelectrix.com\/pt-pt\/produto\/kit-install-battery-auxiliary-battery-rele-commun-100a\",\"name\":\"\u25b7 Kit de instala\u00e7\u00e3o de bateria auxiliar com rel\u00e9 comum de 200A | Coelectrix.com\",\"isPartOf\":{\"@id\":\"https:\/\/coelectrix.com\/pt-pt\/#website\"},\"primaryImageOfPage\":{\"@id\":\"https:\/\/coelectrix.com\/pt-pt\/produto\/kit-install-battery-auxiliary-battery-rele-commun-100a#primaryimage\"},\"image\":{\"@id\":\"https:\/\/coelectrix.com\/pt-pt\/produto\/kit-install-battery-auxiliary-battery-rele-commun-100a#primaryimage\"},\"thumbnailUrl\":\"https:\/\/coelectrix.com\/wp-content\/uploads\/2018\/02\/kit-instalacion-bateria-auxiliar-con-rele-comun.jpg\",\"datePublished\":\"2018-02-18T08:26:51+00:00\",\"dateModified\":\"2025-08-19T04:05:20+00:00\",\"description\":\"Kit para instalar bateria auxiliar com rel\u00e9 comum de 200A, todo o material necess\u00e1rio para a instala\u00e7\u00e3o, cabos, rel\u00e9s, fus\u00edveis, caixa de fus\u00edveis, terminais...\",\"breadcrumb\":{\"@id\":\"https:\/\/coelectrix.com\/pt-pt\/produto\/kit-install-battery-auxiliary-battery-rele-commun-100a#breadcrumb\"},\"inLanguage\":\"pt-PT\",\"potentialAction\":[{\"@type\":\"ReadAction\",\"target\":[\"https:\/\/coelectrix.com\/pt-pt\/produto\/kit-install-battery-auxiliary-battery-rele-commun-100a\"]}]},{\"@type\":\"ImageObject\",\"inLanguage\":\"pt-PT\",\"@id\":\"https:\/\/coelectrix.com\/pt-pt\/produto\/kit-install-battery-auxiliary-battery-rele-commun-100a#primaryimage\",\"url\":\"https:\/\/coelectrix.com\/wp-content\/uploads\/2018\/02\/kit-instalacion-bateria-auxiliar-con-rele-comun.jpg\",\"contentUrl\":\"https:\/\/coelectrix.com\/wp-content\/uploads\/2018\/02\/kit-instalacion-bateria-auxiliar-con-rele-comun.jpg\",\"width\":600,\"height\":600},{\"@type\":\"BreadcrumbList\",\"@id\":\"https:\/\/coelectrix.com\/pt-pt\/produto\/kit-install-battery-auxiliary-battery-rele-commun-100a#breadcrumb\",\"itemListElement\":[{\"@type\":\"ListItem\",\"position\":1,\"name\":\"Portada\",\"item\":\"https:\/\/coelectrix.com\/\"},{\"@type\":\"ListItem\",\"position\":2,\"name\":\"Loja\",\"item\":\"https:\/\/coelectrix.com\/pt-pt\/loja\"},{\"@type\":\"ListItem\",\"position\":3,\"name\":\"Kit de instala\u00e7\u00e3o de bateria auxiliar com rel\u00e9 comum de 200A\"}]},{\"@type\":\"WebSite\",\"@id\":\"https:\/\/coelectrix.com\/pt-pt\/#website\",\"url\":\"https:\/\/coelectrix.com\/pt-pt\/\",\"name\":\"Coelectrix\",\"description\":\"Componentes el\u00e9ctricos\",\"publisher\":{\"@id\":\"https:\/\/coelectrix.com\/pt-pt\/#organization\"},\"potentialAction\":[{\"@type\":\"SearchAction\",\"target\":{\"@type\":\"EntryPoint\",\"urlTemplate\":\"https:\/\/coelectrix.com\/pt-pt\/?s={search_term_string}\"},\"query-input\":{\"@type\":\"PropertyValueSpecification\",\"valueRequired\":true,\"valueName\":\"search_term_string\"}}],\"inLanguage\":\"pt-PT\"},{\"@type\":\"Organization\",\"@id\":\"https:\/\/coelectrix.com\/pt-pt\/#organization\",\"name\":\"coelectrix.com\",\"url\":\"https:\/\/coelectrix.com\/pt-pt\/\",\"logo\":{\"@type\":\"ImageObject\",\"inLanguage\":\"pt-PT\",\"@id\":\"https:\/\/coelectrix.com\/pt-pt\/#\/schema\/logo\/image\/\",\"url\":\"https:\/\/coelectrix.com\/wp-content\/uploads\/2018\/05\/logo-coelectrix-400x400.jpg\",\"contentUrl\":\"https:\/\/coelectrix.com\/wp-content\/uploads\/2018\/05\/logo-coelectrix-400x400.jpg\",\"width\":300,\"height\":300,\"caption\":\"coelectrix.com\"},\"image\":{\"@id\":\"https:\/\/coelectrix.com\/pt-pt\/#\/schema\/logo\/image\/\"}}]}<\/script>\n<!-- \/ Yoast SEO plugin. -->","yoast_head_json":{"title":"\u25b7 Kit de instala\u00e7\u00e3o de bateria auxiliar com rel\u00e9 comum de 200A | Coelectrix.com","description":"Kit para instalar bateria auxiliar com rel\u00e9 comum de 200A, todo o material necess\u00e1rio para a instala\u00e7\u00e3o, cabos, rel\u00e9s, fus\u00edveis, caixa de fus\u00edveis, terminais...","robots":{"index":"index","follow":"follow","max-snippet":"max-snippet:-1","max-image-preview":"max-image-preview:large","max-video-preview":"max-video-preview:-1"},"canonical":"https:\/\/coelectrix.com\/pt-pt\/produto\/kit-install-battery-auxiliary-battery-rele-commun-100a","og_locale":"pt_PT","og_type":"article","og_title":"\u25b7 Kit de instala\u00e7\u00e3o de bateria auxiliar com rel\u00e9 comum de 200A | Coelectrix.com","og_description":"Kit para instalar bateria auxiliar com rel\u00e9 comum de 200A, todo o material necess\u00e1rio para a instala\u00e7\u00e3o, cabos, rel\u00e9s, fus\u00edveis, caixa de fus\u00edveis, terminais...","og_url":"https:\/\/coelectrix.com\/pt-pt\/produto\/kit-install-battery-auxiliary-battery-rele-commun-100a","og_site_name":"Coelectrix","article_modified_time":"2025-08-19T04:05:20+00:00","og_image":[{"width":600,"height":600,"url":"https:\/\/coelectrix.com\/wp-content\/uploads\/2018\/02\/kit-instalacion-bateria-auxiliar-con-rele-comun.jpg","type":"image\/jpeg"}],"twitter_card":"summary_large_image","twitter_misc":{"Tempo estimado de leitura":"1 minuto"},"schema":{"@context":"https:\/\/schema.org","@graph":[{"@type":"WebPage","@id":"https:\/\/coelectrix.com\/pt-pt\/produto\/kit-install-battery-auxiliary-battery-rele-commun-100a","url":"https:\/\/coelectrix.com\/pt-pt\/produto\/kit-install-battery-auxiliary-battery-rele-commun-100a","name":"\u25b7 Kit de instala\u00e7\u00e3o de bateria auxiliar com rel\u00e9 comum de 200A | Coelectrix.com","isPartOf":{"@id":"https:\/\/coelectrix.com\/pt-pt\/#website"},"primaryImageOfPage":{"@id":"https:\/\/coelectrix.com\/pt-pt\/produto\/kit-install-battery-auxiliary-battery-rele-commun-100a#primaryimage"},"image":{"@id":"https:\/\/coelectrix.com\/pt-pt\/produto\/kit-install-battery-auxiliary-battery-rele-commun-100a#primaryimage"},"thumbnailUrl":"https:\/\/coelectrix.com\/wp-content\/uploads\/2018\/02\/kit-instalacion-bateria-auxiliar-con-rele-comun.jpg","datePublished":"2018-02-18T08:26:51+00:00","dateModified":"2025-08-19T04:05:20+00:00","description":"Kit para instalar bateria auxiliar com rel\u00e9 comum de 200A, todo o material necess\u00e1rio para a instala\u00e7\u00e3o, cabos, rel\u00e9s, fus\u00edveis, caixa de fus\u00edveis, terminais...","breadcrumb":{"@id":"https:\/\/coelectrix.com\/pt-pt\/produto\/kit-install-battery-auxiliary-battery-rele-commun-100a#breadcrumb"},"inLanguage":"pt-PT","potentialAction":[{"@type":"ReadAction","target":["https:\/\/coelectrix.com\/pt-pt\/produto\/kit-install-battery-auxiliary-battery-rele-commun-100a"]}]},{"@type":"ImageObject","inLanguage":"pt-PT","@id":"https:\/\/coelectrix.com\/pt-pt\/produto\/kit-install-battery-auxiliary-battery-rele-commun-100a#primaryimage","url":"https:\/\/coelectrix.com\/wp-content\/uploads\/2018\/02\/kit-instalacion-bateria-auxiliar-con-rele-comun.jpg","contentUrl":"https:\/\/coelectrix.com\/wp-content\/uploads\/2018\/02\/kit-instalacion-bateria-auxiliar-con-rele-comun.jpg","width":600,"height":600},{"@type":"BreadcrumbList","@id":"https:\/\/coelectrix.com\/pt-pt\/produto\/kit-install-battery-auxiliary-battery-rele-commun-100a#breadcrumb","itemListElement":[{"@type":"ListItem","position":1,"name":"Portada","item":"https:\/\/coelectrix.com\/"},{"@type":"ListItem","position":2,"name":"Loja","item":"https:\/\/coelectrix.com\/pt-pt\/loja"},{"@type":"ListItem","position":3,"name":"Kit de instala\u00e7\u00e3o de bateria auxiliar com rel\u00e9 comum de 200A"}]},{"@type":"WebSite","@id":"https:\/\/coelectrix.com\/pt-pt\/#website","url":"https:\/\/coelectrix.com\/pt-pt\/","name":"Coelectrix","description":"Componentes el\u00e9ctricos","publisher":{"@id":"https:\/\/coelectrix.com\/pt-pt\/#organization"},"potentialAction":[{"@type":"SearchAction","target":{"@type":"EntryPoint","urlTemplate":"https:\/\/coelectrix.com\/pt-pt\/?s={search_term_string}"},"query-input":{"@type":"PropertyValueSpecification","valueRequired":true,"valueName":"search_term_string"}}],"inLanguage":"pt-PT"},{"@type":"Organization","@id":"https:\/\/coelectrix.com\/pt-pt\/#organization","name":"coelectrix.com","url":"https:\/\/coelectrix.com\/pt-pt\/","logo":{"@type":"ImageObject","inLanguage":"pt-PT","@id":"https:\/\/coelectrix.com\/pt-pt\/#\/schema\/logo\/image\/","url":"https:\/\/coelectrix.com\/wp-content\/uploads\/2018\/05\/logo-coelectrix-400x400.jpg","contentUrl":"https:\/\/coelectrix.com\/wp-content\/uploads\/2018\/05\/logo-coelectrix-400x400.jpg","width":300,"height":300,"caption":"coelectrix.com"},"image":{"@id":"https:\/\/coelectrix.com\/pt-pt\/#\/schema\/logo\/image\/"}}]}},"_links":{"self":[{"href":"https:\/\/coelectrix.com\/pt-pt\/wp-json\/wp\/v2\/product\/76266","targetHints":{"allow":["GET"]}}],"collection":[{"href":"https:\/\/coelectrix.com\/pt-pt\/wp-json\/wp\/v2\/product"}],"about":[{"href":"https:\/\/coelectrix.com\/pt-pt\/wp-json\/wp\/v2\/types\/product"}],"version-history":[{"count":1,"href":"https:\/\/coelectrix.com\/pt-pt\/wp-json\/wp\/v2\/product\/76266\/revisions"}],"predecessor-version":[{"id":76859,"href":"https:\/\/coelectrix.com\/pt-pt\/wp-json\/wp\/v2\/product\/76266\/revisions\/76859"}],"wp:featuredmedia":[{"embeddable":true,"href":"https:\/\/coelectrix.com\/pt-pt\/wp-json\/wp\/v2\/media\/73807"}],"wp:attachment":[{"href":"https:\/\/coelectrix.com\/pt-pt\/wp-json\/wp\/v2\/media?parent=76266"}],"wp:term":[{"taxonomy":"product_brand","embeddable":true,"href":"https:\/\/coelectrix.com\/pt-pt\/wp-json\/wp\/v2\/product_brand?post=76266"},{"taxonomy":"product_cat","embeddable":true,"href":"https:\/\/coelectrix.com\/pt-pt\/wp-json\/wp\/v2\/product_cat?post=76266"},{"taxonomy":"product_tag","embeddable":true,"href":"https:\/\/coelectrix.com\/pt-pt\/wp-json\/wp\/v2\/product_tag?post=76266"}],"curies":[{"name":"wp","href":"https:\/\/api.w.org\/{rel}","templated":true}]}}