{"id":76269,"date":"2018-02-11T08:20:59","date_gmt":"2018-02-11T07:20:59","guid":{"rendered":"https:\/\/coelectrix.com\/producto\/rele-mahle-mr-54-antigo-nagares-rlp-4-12"},"modified":"2025-08-19T06:05:21","modified_gmt":"2025-08-19T04:05:21","slug":"rele-mahle-mr-54-antigo-nagares-rlp-4-12","status":"publish","type":"product","link":"https:\/\/coelectrix.com\/pt-pt\/produto\/nagares-rlp-4-12","title":{"rendered":"Rel\u00e9 Mahle MR-54 antigo Nagares RLP 4-12"},"content":{"rendered":"<h2><span style=\"font-family: helvetica, arial, sans-serif;\">Mahle MR-54 antigo Nagares RLP 4-12<\/span><\/h2>\n<p><span style=\"font-family: helvetica, arial, sans-serif;\">O interrutor de rel\u00e9 Nagares RLP 4-12 \u00e9 um interrutor b\u00e1sico de 40A da Nagares.<\/span><\/p>\n<p><span style=\"font-family: helvetica, arial, sans-serif;\">O rel\u00e9 Mahle MR-54 antigo Nagares RLP 4-12 \u00e9 a solu\u00e7\u00e3o perfeita para melhorar a funcionalidade do seu ve\u00edculo. Com uma grande variedade de fun\u00e7\u00f5es, este rel\u00e9 <strong>suporta<\/strong> o limpa para-brisas, limpa para-brisas traseiro, farol baixo, buzina, elevador de janela, ventoinha, aquecimento\/ar condicionado e para-brisas traseiro aquecido.<\/span><\/p>\n<p><span style=\"font-family: helvetica, arial, sans-serif;\">Constru\u00eddo com <strong>materiais de alta qualidade e fabricado em Espanha<\/strong>, este rel\u00e9 \u00e9 resistente \u00e0 corros\u00e3o e garante uma liga\u00e7\u00e3o segura e fi\u00e1vel a todos os sistemas do seu ve\u00edculo, assegurando sempre um funcionamento \u00f3timo. Al\u00e9m disso, o seu design compacto e resistente ao calor facilita a instala\u00e7\u00e3o e a manuten\u00e7\u00e3o. N\u00e3o se contente com um sistema de rel\u00e9s med\u00edocre, o rel\u00e9 Mahle MR-54 ex-Nagares RLP 4-12 \u00e9 a escolha ideal para garantir o funcionamento perfeito do seu ve\u00edculo.<\/span><\/p>\n<p><span style=\"font-family: helvetica, arial, sans-serif;\">Tipo: <b>Rel\u00e9s multifun\u00e7\u00f5es 12V 40A Interruptor Rel\u00e9<\/b><\/span><br \/>\n<span style=\"font-family: helvetica, arial, sans-serif;\">Carater\u00edsticas: <b>Interruptor de rel\u00e9<\/b><\/span><\/p>\n<p><span style=\"font-family: helvetica, arial, sans-serif;\"> Tens\u00e3o: <b>12V<\/b><\/span><br \/>\n<span style=\"font-family: helvetica, arial, sans-serif;\"> Pot\u00eancia: <b>40A<\/b><\/span><br \/>\n<span style=\"font-family: helvetica, arial, sans-serif;\"> Suporte: <b>Pl\u00e1stico<\/b><\/span><br \/>\n<span style=\"font-family: helvetica, arial, sans-serif;\"> Padr\u00e3o: <b>ISO8092<\/b><\/span><br \/>\n<span style=\"font-family: helvetica, arial, sans-serif;\"> Tempo: <b>&#8211;<\/b><\/span><br \/>\n<span style=\"font-family: helvetica, arial, sans-serif;\"> Prote\u00e7\u00e3o: <b>&#8211;<\/b><\/span><\/p>\n<p><span class=\"title-def\">Fun\u00e7\u00e3o do rel\u00e9: <\/span>Limpador de para-brisas, Limpador de para-brisas traseiro, Luz de cruzamento, Buzina, Vidros el\u00e9ctricos, Ventoinha, Aquecimento\/ar condicionado, Para-brisas traseiro aquecido.<\/p>\n<h3>Esquema do rel\u00e9 Mahle MR-54<\/h3>\n<p><img fetchpriority=\"high\" decoding=\"async\" class=\"alignleft\" src=\"https:\/\/oscaro.media\/catalog\/images\/jpg\/zoom\/4606\/0102152_e.jpg\" width=\"426\" height=\"284\" \/><\/p>\n","protected":false},"excerpt":{"rendered":"<p style=\"text-align: left;\"><span style=\"font-family: helvetica, arial, sans-serif; color: #000000;\"><strong>Nagares antigo RLP 4-12<\/strong><\/span><\/p>\n<p style=\"text-align: left;\"><span style=\"font-family: helvetica, arial, sans-serif; color: #000000;\"><a style=\"color: #000000;\">Tipo: <b>Interruptor de Rel\u00e9 Multiusos 12V 40A<\/b><\/a><\/span><br \/>\n<span style=\"font-family: helvetica, arial, sans-serif; color: #000000;\"> <a style=\"color: #000000;\">Carater\u00edsticas: <b>Interruptor de Rel\u00e9<\/b><\/a><\/span><\/p>\n<p style=\"text-align: left;\"><span style=\"font-family: helvetica, arial, sans-serif; color: #000000;\"> <a style=\"color: #000000;\">Tens\u00e3o: <b>12V<\/b><\/a><\/span><br \/>\n<span style=\"font-family: helvetica, arial, sans-serif; color: #000000;\"> <a style=\"color: #000000;\">Pot\u00eancia: <b>40A<\/b><\/a><\/span><br \/>\n<span style=\"font-family: helvetica, arial, sans-serif; color: #000000;\"> <a style=\"color: #000000;\">Suporte: <b>Pl\u00e1stico<\/b><\/a><\/span><br \/>\n<span style=\"font-family: helvetica, arial, sans-serif; color: #000000;\"> <a style=\"color: #000000;\">Norma: <b>ISO8092<\/b><\/a><\/span><br \/>\n<span style=\"font-family: helvetica, arial, sans-serif; color: #000000;\"> <a style=\"color: #000000;\">Tempo: <b>&#8211;<\/b><\/a><\/span><br \/>\n<span style=\"font-family: helvetica, arial, sans-serif; color: #000000;\"> <a style=\"color: #000000;\">Prote\u00e7\u00e3o: <b>&#8211;<\/b><\/a><\/span><\/p>\n<p><a href=\"https:\/\/coelectrix.com\/?attachment_id=715\" rel=\"attachment wp-att-715\"><img decoding=\"async\" class=\"alignleft size-full wp-image-715\" src=\"https:\/\/coelectrix.com\/wp-content\/uploads\/2016\/09\/payment-logo-1.png\" alt=\"\" width=\"245\" height=\"62\" srcset=\"https:\/\/coelectrix.com\/wp-content\/uploads\/2016\/09\/payment-logo-1.png 245w, https:\/\/coelectrix.com\/wp-content\/uploads\/2016\/09\/payment-logo-1-64x16.png 64w\" sizes=\"(max-width: 245px) 100vw, 245px\" \/><\/a><\/p>\n","protected":false},"featured_media":72748,"template":"","meta":{"_acf_changed":false},"product_brand":[],"product_cat":[1326,1383],"product_tag":[],"class_list":{"0":"post-76269","1":"product","2":"type-product","3":"status-publish","4":"has-post-thumbnail","6":"product_cat-interruptor-reles","7":"product_cat-reles-pt","9":"first","10":"instock","11":"taxable","12":"shipping-taxable","13":"purchasable","14":"product-type-simple"},"acf":[],"yoast_head":"<!-- This site is optimized with the Yoast SEO plugin v27.2 - https:\/\/yoast.com\/product\/yoast-seo-wordpress\/ -->\n<title>\u25b7 Nagares RLP 4-12 Rel\u00e9 de interrutor 40A 12V | Coelectrix.com<\/title>\n<meta name=\"description\" content=\"Nagares RLP 4-12 rel\u00e9 interrutor 40A a 12V ao melhor pre\u00e7o | Envio 24\/48 horas | L\u00edder em lojas de eletr\u00f3nica autom\u00f3vel \u27a4 Melhor pre\u00e7o online.\" \/>\n<meta name=\"robots\" content=\"index, follow, max-snippet:-1, max-image-preview:large, max-video-preview:-1\" \/>\n<link rel=\"canonical\" href=\"https:\/\/coelectrix.com\/pt-pt\/produto\/nagares-rlp-4-12\" \/>\n<meta property=\"og:locale\" content=\"pt_PT\" \/>\n<meta property=\"og:type\" content=\"article\" \/>\n<meta property=\"og:title\" content=\"\u25b7 Nagares RLP 4-12 Rel\u00e9 de interrutor 40A 12V | Coelectrix.com\" \/>\n<meta property=\"og:description\" content=\"Nagares RLP 4-12 rel\u00e9 interrutor 40A a 12V ao melhor pre\u00e7o | Envio 24\/48 horas | L\u00edder em lojas de eletr\u00f3nica autom\u00f3vel \u27a4 Melhor pre\u00e7o online.\" \/>\n<meta property=\"og:url\" content=\"https:\/\/coelectrix.com\/pt-pt\/produto\/nagares-rlp-4-12\" \/>\n<meta property=\"og:site_name\" content=\"Coelectrix\" \/>\n<meta property=\"article:modified_time\" content=\"2025-08-19T04:05:21+00:00\" \/>\n<meta property=\"og:image\" content=\"https:\/\/coelectrix.com\/wp-content\/uploads\/2018\/02\/rlp-4-12.jpg\" \/>\n\t<meta property=\"og:image:width\" content=\"300\" \/>\n\t<meta property=\"og:image:height\" content=\"300\" \/>\n\t<meta property=\"og:image:type\" content=\"image\/jpeg\" \/>\n<meta name=\"twitter:card\" content=\"summary_large_image\" \/>\n<meta name=\"twitter:label1\" content=\"Tempo estimado de leitura\" \/>\n\t<meta name=\"twitter:data1\" content=\"1 minuto\" \/>\n<script type=\"application\/ld+json\" class=\"yoast-schema-graph\">{\"@context\":\"https:\/\/schema.org\",\"@graph\":[{\"@type\":\"WebPage\",\"@id\":\"https:\/\/coelectrix.com\/pt-pt\/produto\/nagares-rlp-4-12\",\"url\":\"https:\/\/coelectrix.com\/pt-pt\/produto\/nagares-rlp-4-12\",\"name\":\"\u25b7 Nagares RLP 4-12 Rel\u00e9 de interrutor 40A 12V | Coelectrix.com\",\"isPartOf\":{\"@id\":\"https:\/\/coelectrix.com\/pt-pt\/#website\"},\"primaryImageOfPage\":{\"@id\":\"https:\/\/coelectrix.com\/pt-pt\/produto\/nagares-rlp-4-12#primaryimage\"},\"image\":{\"@id\":\"https:\/\/coelectrix.com\/pt-pt\/produto\/nagares-rlp-4-12#primaryimage\"},\"thumbnailUrl\":\"https:\/\/coelectrix.com\/wp-content\/uploads\/2018\/02\/rlp-4-12.jpg\",\"datePublished\":\"2018-02-11T07:20:59+00:00\",\"dateModified\":\"2025-08-19T04:05:21+00:00\",\"description\":\"Nagares RLP 4-12 rel\u00e9 interrutor 40A a 12V ao melhor pre\u00e7o | Envio 24\/48 horas | L\u00edder em lojas de eletr\u00f3nica autom\u00f3vel \u27a4 Melhor pre\u00e7o online.\",\"breadcrumb\":{\"@id\":\"https:\/\/coelectrix.com\/pt-pt\/produto\/nagares-rlp-4-12#breadcrumb\"},\"inLanguage\":\"pt-PT\",\"potentialAction\":[{\"@type\":\"ReadAction\",\"target\":[\"https:\/\/coelectrix.com\/pt-pt\/produto\/nagares-rlp-4-12\"]}]},{\"@type\":\"ImageObject\",\"inLanguage\":\"pt-PT\",\"@id\":\"https:\/\/coelectrix.com\/pt-pt\/produto\/nagares-rlp-4-12#primaryimage\",\"url\":\"https:\/\/coelectrix.com\/wp-content\/uploads\/2018\/02\/rlp-4-12.jpg\",\"contentUrl\":\"https:\/\/coelectrix.com\/wp-content\/uploads\/2018\/02\/rlp-4-12.jpg\",\"width\":300,\"height\":300,\"caption\":\"comprar nagares rlp 3-12\"},{\"@type\":\"BreadcrumbList\",\"@id\":\"https:\/\/coelectrix.com\/pt-pt\/produto\/nagares-rlp-4-12#breadcrumb\",\"itemListElement\":[{\"@type\":\"ListItem\",\"position\":1,\"name\":\"Portada\",\"item\":\"https:\/\/coelectrix.com\/\"},{\"@type\":\"ListItem\",\"position\":2,\"name\":\"Loja\",\"item\":\"https:\/\/coelectrix.com\/pt-pt\/loja\"},{\"@type\":\"ListItem\",\"position\":3,\"name\":\"Rel\u00e9 Mahle MR-54 antigo Nagares RLP 4-12\"}]},{\"@type\":\"WebSite\",\"@id\":\"https:\/\/coelectrix.com\/pt-pt\/#website\",\"url\":\"https:\/\/coelectrix.com\/pt-pt\/\",\"name\":\"Coelectrix\",\"description\":\"Componentes el\u00e9ctricos\",\"publisher\":{\"@id\":\"https:\/\/coelectrix.com\/pt-pt\/#organization\"},\"potentialAction\":[{\"@type\":\"SearchAction\",\"target\":{\"@type\":\"EntryPoint\",\"urlTemplate\":\"https:\/\/coelectrix.com\/pt-pt\/?s={search_term_string}\"},\"query-input\":{\"@type\":\"PropertyValueSpecification\",\"valueRequired\":true,\"valueName\":\"search_term_string\"}}],\"inLanguage\":\"pt-PT\"},{\"@type\":\"Organization\",\"@id\":\"https:\/\/coelectrix.com\/pt-pt\/#organization\",\"name\":\"coelectrix.com\",\"url\":\"https:\/\/coelectrix.com\/pt-pt\/\",\"logo\":{\"@type\":\"ImageObject\",\"inLanguage\":\"pt-PT\",\"@id\":\"https:\/\/coelectrix.com\/pt-pt\/#\/schema\/logo\/image\/\",\"url\":\"https:\/\/coelectrix.com\/wp-content\/uploads\/2018\/05\/logo-coelectrix-400x400.jpg\",\"contentUrl\":\"https:\/\/coelectrix.com\/wp-content\/uploads\/2018\/05\/logo-coelectrix-400x400.jpg\",\"width\":300,\"height\":300,\"caption\":\"coelectrix.com\"},\"image\":{\"@id\":\"https:\/\/coelectrix.com\/pt-pt\/#\/schema\/logo\/image\/\"}}]}<\/script>\n<!-- \/ Yoast SEO plugin. -->","yoast_head_json":{"title":"\u25b7 Nagares RLP 4-12 Rel\u00e9 de interrutor 40A 12V | Coelectrix.com","description":"Nagares RLP 4-12 rel\u00e9 interrutor 40A a 12V ao melhor pre\u00e7o | Envio 24\/48 horas | L\u00edder em lojas de eletr\u00f3nica autom\u00f3vel \u27a4 Melhor pre\u00e7o online.","robots":{"index":"index","follow":"follow","max-snippet":"max-snippet:-1","max-image-preview":"max-image-preview:large","max-video-preview":"max-video-preview:-1"},"canonical":"https:\/\/coelectrix.com\/pt-pt\/produto\/nagares-rlp-4-12","og_locale":"pt_PT","og_type":"article","og_title":"\u25b7 Nagares RLP 4-12 Rel\u00e9 de interrutor 40A 12V | Coelectrix.com","og_description":"Nagares RLP 4-12 rel\u00e9 interrutor 40A a 12V ao melhor pre\u00e7o | Envio 24\/48 horas | L\u00edder em lojas de eletr\u00f3nica autom\u00f3vel \u27a4 Melhor pre\u00e7o online.","og_url":"https:\/\/coelectrix.com\/pt-pt\/produto\/nagares-rlp-4-12","og_site_name":"Coelectrix","article_modified_time":"2025-08-19T04:05:21+00:00","og_image":[{"width":300,"height":300,"url":"https:\/\/coelectrix.com\/wp-content\/uploads\/2018\/02\/rlp-4-12.jpg","type":"image\/jpeg"}],"twitter_card":"summary_large_image","twitter_misc":{"Tempo estimado de leitura":"1 minuto"},"schema":{"@context":"https:\/\/schema.org","@graph":[{"@type":"WebPage","@id":"https:\/\/coelectrix.com\/pt-pt\/produto\/nagares-rlp-4-12","url":"https:\/\/coelectrix.com\/pt-pt\/produto\/nagares-rlp-4-12","name":"\u25b7 Nagares RLP 4-12 Rel\u00e9 de interrutor 40A 12V | Coelectrix.com","isPartOf":{"@id":"https:\/\/coelectrix.com\/pt-pt\/#website"},"primaryImageOfPage":{"@id":"https:\/\/coelectrix.com\/pt-pt\/produto\/nagares-rlp-4-12#primaryimage"},"image":{"@id":"https:\/\/coelectrix.com\/pt-pt\/produto\/nagares-rlp-4-12#primaryimage"},"thumbnailUrl":"https:\/\/coelectrix.com\/wp-content\/uploads\/2018\/02\/rlp-4-12.jpg","datePublished":"2018-02-11T07:20:59+00:00","dateModified":"2025-08-19T04:05:21+00:00","description":"Nagares RLP 4-12 rel\u00e9 interrutor 40A a 12V ao melhor pre\u00e7o | Envio 24\/48 horas | L\u00edder em lojas de eletr\u00f3nica autom\u00f3vel \u27a4 Melhor pre\u00e7o online.","breadcrumb":{"@id":"https:\/\/coelectrix.com\/pt-pt\/produto\/nagares-rlp-4-12#breadcrumb"},"inLanguage":"pt-PT","potentialAction":[{"@type":"ReadAction","target":["https:\/\/coelectrix.com\/pt-pt\/produto\/nagares-rlp-4-12"]}]},{"@type":"ImageObject","inLanguage":"pt-PT","@id":"https:\/\/coelectrix.com\/pt-pt\/produto\/nagares-rlp-4-12#primaryimage","url":"https:\/\/coelectrix.com\/wp-content\/uploads\/2018\/02\/rlp-4-12.jpg","contentUrl":"https:\/\/coelectrix.com\/wp-content\/uploads\/2018\/02\/rlp-4-12.jpg","width":300,"height":300,"caption":"comprar nagares rlp 3-12"},{"@type":"BreadcrumbList","@id":"https:\/\/coelectrix.com\/pt-pt\/produto\/nagares-rlp-4-12#breadcrumb","itemListElement":[{"@type":"ListItem","position":1,"name":"Portada","item":"https:\/\/coelectrix.com\/"},{"@type":"ListItem","position":2,"name":"Loja","item":"https:\/\/coelectrix.com\/pt-pt\/loja"},{"@type":"ListItem","position":3,"name":"Rel\u00e9 Mahle MR-54 antigo Nagares RLP 4-12"}]},{"@type":"WebSite","@id":"https:\/\/coelectrix.com\/pt-pt\/#website","url":"https:\/\/coelectrix.com\/pt-pt\/","name":"Coelectrix","description":"Componentes el\u00e9ctricos","publisher":{"@id":"https:\/\/coelectrix.com\/pt-pt\/#organization"},"potentialAction":[{"@type":"SearchAction","target":{"@type":"EntryPoint","urlTemplate":"https:\/\/coelectrix.com\/pt-pt\/?s={search_term_string}"},"query-input":{"@type":"PropertyValueSpecification","valueRequired":true,"valueName":"search_term_string"}}],"inLanguage":"pt-PT"},{"@type":"Organization","@id":"https:\/\/coelectrix.com\/pt-pt\/#organization","name":"coelectrix.com","url":"https:\/\/coelectrix.com\/pt-pt\/","logo":{"@type":"ImageObject","inLanguage":"pt-PT","@id":"https:\/\/coelectrix.com\/pt-pt\/#\/schema\/logo\/image\/","url":"https:\/\/coelectrix.com\/wp-content\/uploads\/2018\/05\/logo-coelectrix-400x400.jpg","contentUrl":"https:\/\/coelectrix.com\/wp-content\/uploads\/2018\/05\/logo-coelectrix-400x400.jpg","width":300,"height":300,"caption":"coelectrix.com"},"image":{"@id":"https:\/\/coelectrix.com\/pt-pt\/#\/schema\/logo\/image\/"}}]}},"_links":{"self":[{"href":"https:\/\/coelectrix.com\/pt-pt\/wp-json\/wp\/v2\/product\/76269","targetHints":{"allow":["GET"]}}],"collection":[{"href":"https:\/\/coelectrix.com\/pt-pt\/wp-json\/wp\/v2\/product"}],"about":[{"href":"https:\/\/coelectrix.com\/pt-pt\/wp-json\/wp\/v2\/types\/product"}],"version-history":[{"count":1,"href":"https:\/\/coelectrix.com\/pt-pt\/wp-json\/wp\/v2\/product\/76269\/revisions"}],"predecessor-version":[{"id":76865,"href":"https:\/\/coelectrix.com\/pt-pt\/wp-json\/wp\/v2\/product\/76269\/revisions\/76865"}],"wp:featuredmedia":[{"embeddable":true,"href":"https:\/\/coelectrix.com\/pt-pt\/wp-json\/wp\/v2\/media\/72748"}],"wp:attachment":[{"href":"https:\/\/coelectrix.com\/pt-pt\/wp-json\/wp\/v2\/media?parent=76269"}],"wp:term":[{"taxonomy":"product_brand","embeddable":true,"href":"https:\/\/coelectrix.com\/pt-pt\/wp-json\/wp\/v2\/product_brand?post=76269"},{"taxonomy":"product_cat","embeddable":true,"href":"https:\/\/coelectrix.com\/pt-pt\/wp-json\/wp\/v2\/product_cat?post=76269"},{"taxonomy":"product_tag","embeddable":true,"href":"https:\/\/coelectrix.com\/pt-pt\/wp-json\/wp\/v2\/product_tag?post=76269"}],"curies":[{"name":"wp","href":"https:\/\/api.w.org\/{rel}","templated":true}]}}