{"id":76274,"date":"2016-04-15T10:56:15","date_gmt":"2016-04-15T08:56:15","guid":{"rendered":"https:\/\/coelectrix.com\/producto\/mahle-mr-26-antigo-nagares-rlac-4-12-70a"},"modified":"2025-08-19T06:06:24","modified_gmt":"2025-08-19T04:06:24","slug":"mahle-mr-26-antigo-nagares-rlac-4-12-70a","status":"publish","type":"product","link":"https:\/\/coelectrix.com\/pt-pt\/producto\/rele-rlac-4-12-nagares-1270a-12v","title":{"rendered":"Mahle MR-26 antigo Nagares RLAC\/4-12 70A"},"content":{"rendered":"<table align=\"center\">\n<tbody>\n<tr>\n<td>\n<div id=\"ds_div\">\n<table align=\"center\">\n<tbody>\n<tr>\n<td>\n<h1 id=\"ds_div\"><strong>Antigo NAGARES RLAC 4-12<\/strong><\/h1>\n<\/td>\n<\/tr>\n<\/tbody>\n<\/table>\n<p><strong>Carater\u00edsticas<\/strong><\/p>\n<p>* 70A nominal, pico at\u00e9 100A, adequado para alternadores modernos<br \/>\n* Para instala\u00e7\u00f5es de 12V<br \/>\n* Dimens\u00f5es 25x25x25mm<\/p>\n<p>Utilizado como separador de bateria<br \/>\n* Quando o ve\u00edculo est\u00e1 a funcionar, permite a passagem da corrente proveniente do alternador, carregando a bateria secund\u00e1ria.<br \/>\n* Quando o ve\u00edculo est\u00e1 parado, desliga a bateria secund\u00e1ria da bateria principal, evitando a descarga desta \u00faltima.<\/p>\n<p>A instala\u00e7\u00e3o \u00e9 relativamente simples, \u00e9 intercalada entre as duas baterias, protegendo tamb\u00e9m com um fus\u00edvel do tipo Maxi ou Midi de 60-90A. Deve tamb\u00e9m ser ligado ao negativo (terra do ve\u00edculo) e ao D+, o sinal proveniente do alternador, ou \u00e0 igni\u00e7\u00e3o do ve\u00edculo.<\/p>\n<\/div>\n<\/td>\n<\/tr>\n<\/tbody>\n<\/table>\n<p><img fetchpriority=\"high\" decoding=\"async\" class=\"\" src=\"https:\/\/oscaro.media\/catalog\/images\/jpg\/zoom\/4606\/0102687_e.jpg\" width=\"407\" height=\"271\" \/><\/p>\n","protected":false},"excerpt":{"rendered":"<p style=\"text-align: left;\"><strong>Antigo Nagares <\/strong> RLAC\/4-12<\/p>\n<ul style=\"text-align: left;\">\n<li><span class=\"title-def\">Intensidade de corrente [A]:<\/span>70 A<\/li>\n<li><span class=\"title-def\">Tens\u00e3o:<\/span>12 V<\/li>\n<li><span class=\"title-def\">N\u00famero de p\u00f3los:<\/span>4<\/li>\n<li><span class=\"title-def\">Fun\u00e7\u00e3o do rel\u00e9:<\/span>Limpa para-brisas, Limpa-vidros traseiro, Luz de cruzamento, Buzina, Elevador de vidros, Ventoinha, Aquecimento\/ar condicionado, Vidro traseiro aquecido<\/li>\n<\/ul>\n<p><img decoding=\"async\" class=\"alignnone size-full wp-image-304\" src=\"https:\/\/coelectrix.com\/wp-content\/uploads\/2016\/03\/formas-de-pago.png\" alt=\"formas de pago\" width=\"245\" height=\"62\" srcset=\"https:\/\/coelectrix.com\/wp-content\/uploads\/2016\/03\/formas-de-pago.png 245w, https:\/\/coelectrix.com\/wp-content\/uploads\/2016\/03\/formas-de-pago-64x16.png 64w\" sizes=\"(max-width: 245px) 100vw, 245px\" \/><\/p>\n","protected":false},"featured_media":72455,"template":"","meta":{"_acf_changed":false},"product_brand":[],"product_cat":[1326,1383],"product_tag":[1434],"class_list":{"0":"post-76274","1":"product","2":"type-product","3":"status-publish","4":"has-post-thumbnail","6":"product_cat-interruptor-reles","7":"product_cat-reles-pt","8":"product_tag-rlac-4-12-pt","10":"first","11":"instock","12":"taxable","13":"shipping-taxable","14":"purchasable","15":"product-type-simple"},"acf":[],"yoast_head":"<!-- This site is optimized with the Yoast SEO plugin v27.2 - https:\/\/yoast.com\/product\/yoast-seo-wordpress\/ -->\n<title>Rel\u00e9 RLAC 4-12 Nagares-Coelectrix.com<\/title>\n<meta name=\"description\" content=\"Rel\u00e9 RLAC 4-12 separador Nagares, para separa\u00e7\u00e3o de baterias em carrinhas, autocaravanas ou barcos, em instala\u00e7\u00f5es de baixa amperagem.\" \/>\n<meta name=\"robots\" content=\"index, follow, max-snippet:-1, max-image-preview:large, max-video-preview:-1\" \/>\n<link rel=\"canonical\" href=\"https:\/\/coelectrix.com\/pt-pt\/producto\/rele-rlac-4-12-nagares-1270a-12v\" \/>\n<meta property=\"og:locale\" content=\"pt_PT\" \/>\n<meta property=\"og:type\" content=\"article\" \/>\n<meta property=\"og:title\" content=\"Rel\u00e9 RLAC 4-12 Nagares-Coelectrix.com\" \/>\n<meta property=\"og:description\" content=\"Rel\u00e9 RLAC 4-12 separador Nagares, para separa\u00e7\u00e3o de baterias em carrinhas, autocaravanas ou barcos, em instala\u00e7\u00f5es de baixa amperagem.\" \/>\n<meta property=\"og:url\" content=\"https:\/\/coelectrix.com\/pt-pt\/producto\/rele-rlac-4-12-nagares-1270a-12v\" \/>\n<meta property=\"og:site_name\" content=\"Coelectrix\" \/>\n<meta property=\"article:modified_time\" content=\"2025-08-19T04:06:24+00:00\" \/>\n<meta property=\"og:image\" content=\"https:\/\/coelectrix.com\/wp-content\/uploads\/2016\/04\/rele-rlac-4-12.jpg\" \/>\n\t<meta property=\"og:image:width\" content=\"300\" \/>\n\t<meta property=\"og:image:height\" content=\"300\" \/>\n\t<meta property=\"og:image:type\" content=\"image\/jpeg\" \/>\n<meta name=\"twitter:card\" content=\"summary_large_image\" \/>\n<meta name=\"twitter:label1\" content=\"Tempo estimado de leitura\" \/>\n\t<meta name=\"twitter:data1\" content=\"1 minuto\" \/>\n<script type=\"application\/ld+json\" class=\"yoast-schema-graph\">{\"@context\":\"https:\/\/schema.org\",\"@graph\":[{\"@type\":\"WebPage\",\"@id\":\"https:\/\/coelectrix.com\/pt-pt\/producto\/rele-rlac-4-12-nagares-1270a-12v\",\"url\":\"https:\/\/coelectrix.com\/pt-pt\/producto\/rele-rlac-4-12-nagares-1270a-12v\",\"name\":\"Rel\u00e9 RLAC 4-12 Nagares-Coelectrix.com\",\"isPartOf\":{\"@id\":\"https:\/\/coelectrix.com\/pt-pt\/#website\"},\"primaryImageOfPage\":{\"@id\":\"https:\/\/coelectrix.com\/pt-pt\/producto\/rele-rlac-4-12-nagares-1270a-12v#primaryimage\"},\"image\":{\"@id\":\"https:\/\/coelectrix.com\/pt-pt\/producto\/rele-rlac-4-12-nagares-1270a-12v#primaryimage\"},\"thumbnailUrl\":\"https:\/\/coelectrix.com\/wp-content\/uploads\/2016\/04\/rele-rlac-4-12.jpg\",\"datePublished\":\"2016-04-15T08:56:15+00:00\",\"dateModified\":\"2025-08-19T04:06:24+00:00\",\"description\":\"Rel\u00e9 RLAC 4-12 separador Nagares, para separa\u00e7\u00e3o de baterias em carrinhas, autocaravanas ou barcos, em instala\u00e7\u00f5es de baixa amperagem.\",\"breadcrumb\":{\"@id\":\"https:\/\/coelectrix.com\/pt-pt\/producto\/rele-rlac-4-12-nagares-1270a-12v#breadcrumb\"},\"inLanguage\":\"pt-PT\",\"potentialAction\":[{\"@type\":\"ReadAction\",\"target\":[\"https:\/\/coelectrix.com\/pt-pt\/producto\/rele-rlac-4-12-nagares-1270a-12v\"]}]},{\"@type\":\"ImageObject\",\"inLanguage\":\"pt-PT\",\"@id\":\"https:\/\/coelectrix.com\/pt-pt\/producto\/rele-rlac-4-12-nagares-1270a-12v#primaryimage\",\"url\":\"https:\/\/coelectrix.com\/wp-content\/uploads\/2016\/04\/rele-rlac-4-12.jpg\",\"contentUrl\":\"https:\/\/coelectrix.com\/wp-content\/uploads\/2016\/04\/rele-rlac-4-12.jpg\",\"width\":300,\"height\":300},{\"@type\":\"BreadcrumbList\",\"@id\":\"https:\/\/coelectrix.com\/pt-pt\/producto\/rele-rlac-4-12-nagares-1270a-12v#breadcrumb\",\"itemListElement\":[{\"@type\":\"ListItem\",\"position\":1,\"name\":\"Portada\",\"item\":\"https:\/\/coelectrix.com\/\"},{\"@type\":\"ListItem\",\"position\":2,\"name\":\"Loja\",\"item\":\"https:\/\/coelectrix.com\/pt-pt\/loja\"},{\"@type\":\"ListItem\",\"position\":3,\"name\":\"Mahle MR-26 antigo Nagares RLAC\/4-12 70A\"}]},{\"@type\":\"WebSite\",\"@id\":\"https:\/\/coelectrix.com\/pt-pt\/#website\",\"url\":\"https:\/\/coelectrix.com\/pt-pt\/\",\"name\":\"Coelectrix\",\"description\":\"Componentes el\u00e9ctricos\",\"publisher\":{\"@id\":\"https:\/\/coelectrix.com\/pt-pt\/#organization\"},\"potentialAction\":[{\"@type\":\"SearchAction\",\"target\":{\"@type\":\"EntryPoint\",\"urlTemplate\":\"https:\/\/coelectrix.com\/pt-pt\/?s={search_term_string}\"},\"query-input\":{\"@type\":\"PropertyValueSpecification\",\"valueRequired\":true,\"valueName\":\"search_term_string\"}}],\"inLanguage\":\"pt-PT\"},{\"@type\":\"Organization\",\"@id\":\"https:\/\/coelectrix.com\/pt-pt\/#organization\",\"name\":\"coelectrix.com\",\"url\":\"https:\/\/coelectrix.com\/pt-pt\/\",\"logo\":{\"@type\":\"ImageObject\",\"inLanguage\":\"pt-PT\",\"@id\":\"https:\/\/coelectrix.com\/pt-pt\/#\/schema\/logo\/image\/\",\"url\":\"https:\/\/coelectrix.com\/wp-content\/uploads\/2018\/05\/logo-coelectrix-400x400.jpg\",\"contentUrl\":\"https:\/\/coelectrix.com\/wp-content\/uploads\/2018\/05\/logo-coelectrix-400x400.jpg\",\"width\":300,\"height\":300,\"caption\":\"coelectrix.com\"},\"image\":{\"@id\":\"https:\/\/coelectrix.com\/pt-pt\/#\/schema\/logo\/image\/\"}}]}<\/script>\n<!-- \/ Yoast SEO plugin. -->","yoast_head_json":{"title":"Rel\u00e9 RLAC 4-12 Nagares-Coelectrix.com","description":"Rel\u00e9 RLAC 4-12 separador Nagares, para separa\u00e7\u00e3o de baterias em carrinhas, autocaravanas ou barcos, em instala\u00e7\u00f5es de baixa amperagem.","robots":{"index":"index","follow":"follow","max-snippet":"max-snippet:-1","max-image-preview":"max-image-preview:large","max-video-preview":"max-video-preview:-1"},"canonical":"https:\/\/coelectrix.com\/pt-pt\/producto\/rele-rlac-4-12-nagares-1270a-12v","og_locale":"pt_PT","og_type":"article","og_title":"Rel\u00e9 RLAC 4-12 Nagares-Coelectrix.com","og_description":"Rel\u00e9 RLAC 4-12 separador Nagares, para separa\u00e7\u00e3o de baterias em carrinhas, autocaravanas ou barcos, em instala\u00e7\u00f5es de baixa amperagem.","og_url":"https:\/\/coelectrix.com\/pt-pt\/producto\/rele-rlac-4-12-nagares-1270a-12v","og_site_name":"Coelectrix","article_modified_time":"2025-08-19T04:06:24+00:00","og_image":[{"width":300,"height":300,"url":"https:\/\/coelectrix.com\/wp-content\/uploads\/2016\/04\/rele-rlac-4-12.jpg","type":"image\/jpeg"}],"twitter_card":"summary_large_image","twitter_misc":{"Tempo estimado de leitura":"1 minuto"},"schema":{"@context":"https:\/\/schema.org","@graph":[{"@type":"WebPage","@id":"https:\/\/coelectrix.com\/pt-pt\/producto\/rele-rlac-4-12-nagares-1270a-12v","url":"https:\/\/coelectrix.com\/pt-pt\/producto\/rele-rlac-4-12-nagares-1270a-12v","name":"Rel\u00e9 RLAC 4-12 Nagares-Coelectrix.com","isPartOf":{"@id":"https:\/\/coelectrix.com\/pt-pt\/#website"},"primaryImageOfPage":{"@id":"https:\/\/coelectrix.com\/pt-pt\/producto\/rele-rlac-4-12-nagares-1270a-12v#primaryimage"},"image":{"@id":"https:\/\/coelectrix.com\/pt-pt\/producto\/rele-rlac-4-12-nagares-1270a-12v#primaryimage"},"thumbnailUrl":"https:\/\/coelectrix.com\/wp-content\/uploads\/2016\/04\/rele-rlac-4-12.jpg","datePublished":"2016-04-15T08:56:15+00:00","dateModified":"2025-08-19T04:06:24+00:00","description":"Rel\u00e9 RLAC 4-12 separador Nagares, para separa\u00e7\u00e3o de baterias em carrinhas, autocaravanas ou barcos, em instala\u00e7\u00f5es de baixa amperagem.","breadcrumb":{"@id":"https:\/\/coelectrix.com\/pt-pt\/producto\/rele-rlac-4-12-nagares-1270a-12v#breadcrumb"},"inLanguage":"pt-PT","potentialAction":[{"@type":"ReadAction","target":["https:\/\/coelectrix.com\/pt-pt\/producto\/rele-rlac-4-12-nagares-1270a-12v"]}]},{"@type":"ImageObject","inLanguage":"pt-PT","@id":"https:\/\/coelectrix.com\/pt-pt\/producto\/rele-rlac-4-12-nagares-1270a-12v#primaryimage","url":"https:\/\/coelectrix.com\/wp-content\/uploads\/2016\/04\/rele-rlac-4-12.jpg","contentUrl":"https:\/\/coelectrix.com\/wp-content\/uploads\/2016\/04\/rele-rlac-4-12.jpg","width":300,"height":300},{"@type":"BreadcrumbList","@id":"https:\/\/coelectrix.com\/pt-pt\/producto\/rele-rlac-4-12-nagares-1270a-12v#breadcrumb","itemListElement":[{"@type":"ListItem","position":1,"name":"Portada","item":"https:\/\/coelectrix.com\/"},{"@type":"ListItem","position":2,"name":"Loja","item":"https:\/\/coelectrix.com\/pt-pt\/loja"},{"@type":"ListItem","position":3,"name":"Mahle MR-26 antigo Nagares RLAC\/4-12 70A"}]},{"@type":"WebSite","@id":"https:\/\/coelectrix.com\/pt-pt\/#website","url":"https:\/\/coelectrix.com\/pt-pt\/","name":"Coelectrix","description":"Componentes el\u00e9ctricos","publisher":{"@id":"https:\/\/coelectrix.com\/pt-pt\/#organization"},"potentialAction":[{"@type":"SearchAction","target":{"@type":"EntryPoint","urlTemplate":"https:\/\/coelectrix.com\/pt-pt\/?s={search_term_string}"},"query-input":{"@type":"PropertyValueSpecification","valueRequired":true,"valueName":"search_term_string"}}],"inLanguage":"pt-PT"},{"@type":"Organization","@id":"https:\/\/coelectrix.com\/pt-pt\/#organization","name":"coelectrix.com","url":"https:\/\/coelectrix.com\/pt-pt\/","logo":{"@type":"ImageObject","inLanguage":"pt-PT","@id":"https:\/\/coelectrix.com\/pt-pt\/#\/schema\/logo\/image\/","url":"https:\/\/coelectrix.com\/wp-content\/uploads\/2018\/05\/logo-coelectrix-400x400.jpg","contentUrl":"https:\/\/coelectrix.com\/wp-content\/uploads\/2018\/05\/logo-coelectrix-400x400.jpg","width":300,"height":300,"caption":"coelectrix.com"},"image":{"@id":"https:\/\/coelectrix.com\/pt-pt\/#\/schema\/logo\/image\/"}}]}},"_links":{"self":[{"href":"https:\/\/coelectrix.com\/pt-pt\/wp-json\/wp\/v2\/product\/76274","targetHints":{"allow":["GET"]}}],"collection":[{"href":"https:\/\/coelectrix.com\/pt-pt\/wp-json\/wp\/v2\/product"}],"about":[{"href":"https:\/\/coelectrix.com\/pt-pt\/wp-json\/wp\/v2\/types\/product"}],"version-history":[{"count":1,"href":"https:\/\/coelectrix.com\/pt-pt\/wp-json\/wp\/v2\/product\/76274\/revisions"}],"predecessor-version":[{"id":76919,"href":"https:\/\/coelectrix.com\/pt-pt\/wp-json\/wp\/v2\/product\/76274\/revisions\/76919"}],"wp:featuredmedia":[{"embeddable":true,"href":"https:\/\/coelectrix.com\/pt-pt\/wp-json\/wp\/v2\/media\/72455"}],"wp:attachment":[{"href":"https:\/\/coelectrix.com\/pt-pt\/wp-json\/wp\/v2\/media?parent=76274"}],"wp:term":[{"taxonomy":"product_brand","embeddable":true,"href":"https:\/\/coelectrix.com\/pt-pt\/wp-json\/wp\/v2\/product_brand?post=76274"},{"taxonomy":"product_cat","embeddable":true,"href":"https:\/\/coelectrix.com\/pt-pt\/wp-json\/wp\/v2\/product_cat?post=76274"},{"taxonomy":"product_tag","embeddable":true,"href":"https:\/\/coelectrix.com\/pt-pt\/wp-json\/wp\/v2\/product_tag?post=76274"}],"curies":[{"name":"wp","href":"https:\/\/api.w.org\/{rel}","templated":true}]}}