{"id":76289,"date":"2024-06-20T11:33:57","date_gmt":"2024-06-20T09:33:57","guid":{"rendered":"https:\/\/coelectrix.com\/producto\/terminal-faston-isolado-de-extremidade-plana"},"modified":"2025-08-19T06:00:44","modified_gmt":"2025-08-19T04:00:44","slug":"terminal-faston-isolado-de-extremidade-plana","status":"publish","type":"product","link":"https:\/\/coelectrix.com\/pt-pt\/produto\/terminal-faston-isolado-terminal-de-ponta-plana","title":{"rendered":"Terminal Faston isolado de extremidade plana"},"content":{"rendered":"<h2><strong>Comprar terminal faston isolado de ponta plana<\/strong><\/h2>\n<p>Terminais Faston isolados de ponta plana totalmente revestidos a PVC para proteger e isolar o terminal de poss\u00edveis contactos indesejados.<\/p>\n<h2><strong>O que \u00e9 um terminal faston de ponta plana?<\/strong><\/h2>\n<p>O terminal proporciona liga\u00e7\u00f5es seguras e fi\u00e1veis, com um revestimento isolante que protege contra curto-circuitos. A ponta plana permite uma f\u00e1cil inser\u00e7\u00e3o e remo\u00e7\u00e3o nos conectores correspondentes, ideal para aplica\u00e7\u00f5es autom\u00f3veis, equipamento eletr\u00f3nico&#8230;<\/p>\n","protected":false},"excerpt":{"rendered":"<p><strong><span style=\"font-family: helvetica, arial, sans-serif;\">Terminal plano isolado Faston Flat End revestido a PVC<\/span><\/strong><\/p>\n<p><span style=\"font-family: helvetica, arial, sans-serif;\">Pode escolher entre os 3 tamanhos dispon\u00edveis:<\/span><\/p>\n<ul>\n<li><span style=\"font-family: helvetica, arial, sans-serif;\"><strong>Vermelho<\/strong>: Para cabos de 0,5 a 1,5 mm2 de sec\u00e7\u00e3o transversal<\/span><\/li>\n<li><span style=\"font-family: helvetica, arial, sans-serif;\"><strong>Azul<\/strong>: Para cabos de 1 a 2,5 mm2 de sec\u00e7\u00e3o transversal<\/span><\/li>\n<li><span style=\"font-family: helvetica, arial, sans-serif;\"><strong>Amarelo<\/strong>: Para cabos de 2,5 a 6 mm2 de sec\u00e7\u00e3o transversal<\/span><\/li>\n<\/ul>\n<p>Medi\u00e7\u00e3o da extremidade plana do terminal:<\/p>\n<ul>\n<li><span style=\"font-family: helvetica, arial, sans-serif;\"><strong>Vermelho<\/strong>: 9mm de comprimento e 2,7mm de largura<\/span><\/li>\n<li><span style=\"font-family: helvetica, arial, sans-serif;\"><strong>Azul<\/strong>: 9 mm e 2,7 mm de largura<\/span><\/li>\n<li><span style=\"font-family: helvetica, arial, sans-serif;\"><strong>Amarelo<\/strong>: 10 mm e 2,8 mm de largura<\/span><\/li>\n<\/ul>\n<p><span style=\"font-family: helvetica, arial, sans-serif;\">Pre\u00e7os para 10, 25 ou 100 unidades.<\/span><\/p>\n","protected":false},"featured_media":74448,"template":"","meta":{"_acf_changed":false},"product_brand":[],"product_cat":[1393,1396],"product_tag":[1418,1421],"class_list":{"0":"post-76289","1":"product","2":"type-product","3":"status-publish","4":"has-post-thumbnail","6":"product_cat-terminais","7":"product_cat-terminais-isolados","8":"product_tag-faston-pt","9":"product_tag-feminino","11":"first","12":"instock","13":"taxable","14":"shipping-taxable","15":"purchasable","16":"product-type-variable"},"acf":[],"yoast_head":"<!-- This site is optimized with the Yoast SEO plugin v27.2 - https:\/\/yoast.com\/product\/yoast-seo-wordpress\/ -->\n<title>Terminal Faston Isolado de Extremidade Plana | Coelectrix.com<\/title>\n<meta name=\"description\" content=\"Compre os seus terminais isolados de ponta plana Faston para cabos de 0,5 a 6 mm. Loja online de terminais isolados, conectores, cabos.\" \/>\n<meta name=\"robots\" content=\"index, follow, max-snippet:-1, max-image-preview:large, max-video-preview:-1\" \/>\n<link rel=\"canonical\" href=\"https:\/\/coelectrix.com\/pt-pt\/produto\/terminal-faston-isolado-terminal-de-ponta-plana\" \/>\n<meta property=\"og:locale\" content=\"pt_PT\" \/>\n<meta property=\"og:type\" content=\"article\" \/>\n<meta property=\"og:title\" content=\"Terminal Faston Isolado de Extremidade Plana | Coelectrix.com\" \/>\n<meta property=\"og:description\" content=\"Compre os seus terminais isolados de ponta plana Faston para cabos de 0,5 a 6 mm. Loja online de terminais isolados, conectores, cabos.\" \/>\n<meta property=\"og:url\" content=\"https:\/\/coelectrix.com\/pt-pt\/produto\/terminal-faston-isolado-terminal-de-ponta-plana\" \/>\n<meta property=\"og:site_name\" content=\"Coelectrix\" \/>\n<meta property=\"article:modified_time\" content=\"2025-08-19T04:00:44+00:00\" \/>\n<meta property=\"og:image\" content=\"https:\/\/coelectrix.com\/wp-content\/uploads\/2024\/06\/Terminal-Faston-Aislado-Punta-Plana.png\" \/>\n\t<meta property=\"og:image:width\" content=\"600\" \/>\n\t<meta property=\"og:image:height\" content=\"600\" \/>\n\t<meta property=\"og:image:type\" content=\"image\/png\" \/>\n<meta name=\"twitter:card\" content=\"summary_large_image\" \/>\n<script type=\"application\/ld+json\" class=\"yoast-schema-graph\">{\"@context\":\"https:\/\/schema.org\",\"@graph\":[{\"@type\":\"WebPage\",\"@id\":\"https:\/\/coelectrix.com\/pt-pt\/produto\/terminal-faston-isolado-terminal-de-ponta-plana\",\"url\":\"https:\/\/coelectrix.com\/pt-pt\/produto\/terminal-faston-isolado-terminal-de-ponta-plana\",\"name\":\"Terminal Faston Isolado de Extremidade Plana | Coelectrix.com\",\"isPartOf\":{\"@id\":\"https:\/\/coelectrix.com\/pt-pt\/#website\"},\"primaryImageOfPage\":{\"@id\":\"https:\/\/coelectrix.com\/pt-pt\/produto\/terminal-faston-isolado-terminal-de-ponta-plana#primaryimage\"},\"image\":{\"@id\":\"https:\/\/coelectrix.com\/pt-pt\/produto\/terminal-faston-isolado-terminal-de-ponta-plana#primaryimage\"},\"thumbnailUrl\":\"https:\/\/coelectrix.com\/wp-content\/uploads\/2024\/06\/Terminal-Faston-Aislado-Punta-Plana.png\",\"datePublished\":\"2024-06-20T09:33:57+00:00\",\"dateModified\":\"2025-08-19T04:00:44+00:00\",\"description\":\"Compre os seus terminais isolados de ponta plana Faston para cabos de 0,5 a 6 mm. Loja online de terminais isolados, conectores, cabos.\",\"breadcrumb\":{\"@id\":\"https:\/\/coelectrix.com\/pt-pt\/produto\/terminal-faston-isolado-terminal-de-ponta-plana#breadcrumb\"},\"inLanguage\":\"pt-PT\",\"potentialAction\":[{\"@type\":\"ReadAction\",\"target\":[\"https:\/\/coelectrix.com\/pt-pt\/produto\/terminal-faston-isolado-terminal-de-ponta-plana\"]}]},{\"@type\":\"ImageObject\",\"inLanguage\":\"pt-PT\",\"@id\":\"https:\/\/coelectrix.com\/pt-pt\/produto\/terminal-faston-isolado-terminal-de-ponta-plana#primaryimage\",\"url\":\"https:\/\/coelectrix.com\/wp-content\/uploads\/2024\/06\/Terminal-Faston-Aislado-Punta-Plana.png\",\"contentUrl\":\"https:\/\/coelectrix.com\/wp-content\/uploads\/2024\/06\/Terminal-Faston-Aislado-Punta-Plana.png\",\"width\":600,\"height\":600,\"caption\":\"Terminal Faston isolado de extremidade plana\"},{\"@type\":\"BreadcrumbList\",\"@id\":\"https:\/\/coelectrix.com\/pt-pt\/produto\/terminal-faston-isolado-terminal-de-ponta-plana#breadcrumb\",\"itemListElement\":[{\"@type\":\"ListItem\",\"position\":1,\"name\":\"Portada\",\"item\":\"https:\/\/coelectrix.com\/\"},{\"@type\":\"ListItem\",\"position\":2,\"name\":\"Loja\",\"item\":\"https:\/\/coelectrix.com\/pt-pt\/loja\"},{\"@type\":\"ListItem\",\"position\":3,\"name\":\"Terminal Faston isolado de extremidade plana\"}]},{\"@type\":\"WebSite\",\"@id\":\"https:\/\/coelectrix.com\/pt-pt\/#website\",\"url\":\"https:\/\/coelectrix.com\/pt-pt\/\",\"name\":\"Coelectrix\",\"description\":\"Componentes el\u00e9ctricos\",\"publisher\":{\"@id\":\"https:\/\/coelectrix.com\/pt-pt\/#organization\"},\"potentialAction\":[{\"@type\":\"SearchAction\",\"target\":{\"@type\":\"EntryPoint\",\"urlTemplate\":\"https:\/\/coelectrix.com\/pt-pt\/?s={search_term_string}\"},\"query-input\":{\"@type\":\"PropertyValueSpecification\",\"valueRequired\":true,\"valueName\":\"search_term_string\"}}],\"inLanguage\":\"pt-PT\"},{\"@type\":\"Organization\",\"@id\":\"https:\/\/coelectrix.com\/pt-pt\/#organization\",\"name\":\"coelectrix.com\",\"url\":\"https:\/\/coelectrix.com\/pt-pt\/\",\"logo\":{\"@type\":\"ImageObject\",\"inLanguage\":\"pt-PT\",\"@id\":\"https:\/\/coelectrix.com\/pt-pt\/#\/schema\/logo\/image\/\",\"url\":\"https:\/\/coelectrix.com\/wp-content\/uploads\/2018\/05\/logo-coelectrix-400x400.jpg\",\"contentUrl\":\"https:\/\/coelectrix.com\/wp-content\/uploads\/2018\/05\/logo-coelectrix-400x400.jpg\",\"width\":300,\"height\":300,\"caption\":\"coelectrix.com\"},\"image\":{\"@id\":\"https:\/\/coelectrix.com\/pt-pt\/#\/schema\/logo\/image\/\"}}]}<\/script>\n<!-- \/ Yoast SEO plugin. -->","yoast_head_json":{"title":"Terminal Faston Isolado de Extremidade Plana | Coelectrix.com","description":"Compre os seus terminais isolados de ponta plana Faston para cabos de 0,5 a 6 mm. Loja online de terminais isolados, conectores, cabos.","robots":{"index":"index","follow":"follow","max-snippet":"max-snippet:-1","max-image-preview":"max-image-preview:large","max-video-preview":"max-video-preview:-1"},"canonical":"https:\/\/coelectrix.com\/pt-pt\/produto\/terminal-faston-isolado-terminal-de-ponta-plana","og_locale":"pt_PT","og_type":"article","og_title":"Terminal Faston Isolado de Extremidade Plana | Coelectrix.com","og_description":"Compre os seus terminais isolados de ponta plana Faston para cabos de 0,5 a 6 mm. Loja online de terminais isolados, conectores, cabos.","og_url":"https:\/\/coelectrix.com\/pt-pt\/produto\/terminal-faston-isolado-terminal-de-ponta-plana","og_site_name":"Coelectrix","article_modified_time":"2025-08-19T04:00:44+00:00","og_image":[{"width":600,"height":600,"url":"https:\/\/coelectrix.com\/wp-content\/uploads\/2024\/06\/Terminal-Faston-Aislado-Punta-Plana.png","type":"image\/png"}],"twitter_card":"summary_large_image","schema":{"@context":"https:\/\/schema.org","@graph":[{"@type":"WebPage","@id":"https:\/\/coelectrix.com\/pt-pt\/produto\/terminal-faston-isolado-terminal-de-ponta-plana","url":"https:\/\/coelectrix.com\/pt-pt\/produto\/terminal-faston-isolado-terminal-de-ponta-plana","name":"Terminal Faston Isolado de Extremidade Plana | Coelectrix.com","isPartOf":{"@id":"https:\/\/coelectrix.com\/pt-pt\/#website"},"primaryImageOfPage":{"@id":"https:\/\/coelectrix.com\/pt-pt\/produto\/terminal-faston-isolado-terminal-de-ponta-plana#primaryimage"},"image":{"@id":"https:\/\/coelectrix.com\/pt-pt\/produto\/terminal-faston-isolado-terminal-de-ponta-plana#primaryimage"},"thumbnailUrl":"https:\/\/coelectrix.com\/wp-content\/uploads\/2024\/06\/Terminal-Faston-Aislado-Punta-Plana.png","datePublished":"2024-06-20T09:33:57+00:00","dateModified":"2025-08-19T04:00:44+00:00","description":"Compre os seus terminais isolados de ponta plana Faston para cabos de 0,5 a 6 mm. Loja online de terminais isolados, conectores, cabos.","breadcrumb":{"@id":"https:\/\/coelectrix.com\/pt-pt\/produto\/terminal-faston-isolado-terminal-de-ponta-plana#breadcrumb"},"inLanguage":"pt-PT","potentialAction":[{"@type":"ReadAction","target":["https:\/\/coelectrix.com\/pt-pt\/produto\/terminal-faston-isolado-terminal-de-ponta-plana"]}]},{"@type":"ImageObject","inLanguage":"pt-PT","@id":"https:\/\/coelectrix.com\/pt-pt\/produto\/terminal-faston-isolado-terminal-de-ponta-plana#primaryimage","url":"https:\/\/coelectrix.com\/wp-content\/uploads\/2024\/06\/Terminal-Faston-Aislado-Punta-Plana.png","contentUrl":"https:\/\/coelectrix.com\/wp-content\/uploads\/2024\/06\/Terminal-Faston-Aislado-Punta-Plana.png","width":600,"height":600,"caption":"Terminal Faston isolado de extremidade plana"},{"@type":"BreadcrumbList","@id":"https:\/\/coelectrix.com\/pt-pt\/produto\/terminal-faston-isolado-terminal-de-ponta-plana#breadcrumb","itemListElement":[{"@type":"ListItem","position":1,"name":"Portada","item":"https:\/\/coelectrix.com\/"},{"@type":"ListItem","position":2,"name":"Loja","item":"https:\/\/coelectrix.com\/pt-pt\/loja"},{"@type":"ListItem","position":3,"name":"Terminal Faston isolado de extremidade plana"}]},{"@type":"WebSite","@id":"https:\/\/coelectrix.com\/pt-pt\/#website","url":"https:\/\/coelectrix.com\/pt-pt\/","name":"Coelectrix","description":"Componentes el\u00e9ctricos","publisher":{"@id":"https:\/\/coelectrix.com\/pt-pt\/#organization"},"potentialAction":[{"@type":"SearchAction","target":{"@type":"EntryPoint","urlTemplate":"https:\/\/coelectrix.com\/pt-pt\/?s={search_term_string}"},"query-input":{"@type":"PropertyValueSpecification","valueRequired":true,"valueName":"search_term_string"}}],"inLanguage":"pt-PT"},{"@type":"Organization","@id":"https:\/\/coelectrix.com\/pt-pt\/#organization","name":"coelectrix.com","url":"https:\/\/coelectrix.com\/pt-pt\/","logo":{"@type":"ImageObject","inLanguage":"pt-PT","@id":"https:\/\/coelectrix.com\/pt-pt\/#\/schema\/logo\/image\/","url":"https:\/\/coelectrix.com\/wp-content\/uploads\/2018\/05\/logo-coelectrix-400x400.jpg","contentUrl":"https:\/\/coelectrix.com\/wp-content\/uploads\/2018\/05\/logo-coelectrix-400x400.jpg","width":300,"height":300,"caption":"coelectrix.com"},"image":{"@id":"https:\/\/coelectrix.com\/pt-pt\/#\/schema\/logo\/image\/"}}]}},"_links":{"self":[{"href":"https:\/\/coelectrix.com\/pt-pt\/wp-json\/wp\/v2\/product\/76289","targetHints":{"allow":["GET"]}}],"collection":[{"href":"https:\/\/coelectrix.com\/pt-pt\/wp-json\/wp\/v2\/product"}],"about":[{"href":"https:\/\/coelectrix.com\/pt-pt\/wp-json\/wp\/v2\/types\/product"}],"version-history":[{"count":1,"href":"https:\/\/coelectrix.com\/pt-pt\/wp-json\/wp\/v2\/product\/76289\/revisions"}],"predecessor-version":[{"id":76608,"href":"https:\/\/coelectrix.com\/pt-pt\/wp-json\/wp\/v2\/product\/76289\/revisions\/76608"}],"wp:featuredmedia":[{"embeddable":true,"href":"https:\/\/coelectrix.com\/pt-pt\/wp-json\/wp\/v2\/media\/74448"}],"wp:attachment":[{"href":"https:\/\/coelectrix.com\/pt-pt\/wp-json\/wp\/v2\/media?parent=76289"}],"wp:term":[{"taxonomy":"product_brand","embeddable":true,"href":"https:\/\/coelectrix.com\/pt-pt\/wp-json\/wp\/v2\/product_brand?post=76289"},{"taxonomy":"product_cat","embeddable":true,"href":"https:\/\/coelectrix.com\/pt-pt\/wp-json\/wp\/v2\/product_cat?post=76289"},{"taxonomy":"product_tag","embeddable":true,"href":"https:\/\/coelectrix.com\/pt-pt\/wp-json\/wp\/v2\/product_tag?post=76289"}],"curies":[{"name":"wp","href":"https:\/\/api.w.org\/{rel}","templated":true}]}}