{"id":76309,"date":"2023-10-07T08:37:44","date_gmt":"2023-10-07T06:37:44","guid":{"rendered":"https:\/\/coelectrix.com\/producto\/terminal-plano-de-ponta-de-cobre-estanhado"},"modified":"2025-08-19T06:01:21","modified_gmt":"2025-08-19T04:01:21","slug":"terminal-plano-de-ponta-de-cobre-estanhado","status":"publish","type":"product","link":"https:\/\/coelectrix.com\/pt-pt\/produto\/terminal-plano-tipo-terminal-de-estagnacao-com-ponta-de-cobre","title":{"rendered":"Terminal plano de ponta de cobre estanhado"},"content":{"rendered":"<h2><strong>Terminal plano de ponta de cobre estanhado<\/strong><\/h2>\n<p>Tubo de cobre eletrol\u00edtico refinado (&gt;99,9% Cu).<br \/>\nOs tubos de cobre s\u00e3o submetidos a um processo de recozimento para melhorar as propriedades mec\u00e2nicas.<br \/>\nEstanhados para evitar a oxida\u00e7\u00e3o, para uma prote\u00e7\u00e3o m\u00e1xima contra a corros\u00e3o.<br \/>\nAs dimens\u00f5es dos terminais s\u00e3o concebidas para se adaptarem \u00e0 sec\u00e7\u00e3o transversal do cabo, de modo a proporcionar uma condutividade el\u00e9ctrica total e resist\u00eancia mec\u00e2nica para suportar vibra\u00e7\u00f5es e desmontagem.<\/p>\n<p>Dimens\u00f5es em mm. dos modelos dispon\u00edveis:<\/p>\n<p><img fetchpriority=\"high\" decoding=\"async\" class=\"alignnone wp-image-54589\" src=\"https:\/\/coelectrix.com\/wp-content\/uploads\/2023\/10\/puntera-para-cables-medidas-300x120.jpg\" alt=\"\" width=\"523\" height=\"209\" srcset=\"https:\/\/coelectrix.com\/wp-content\/uploads\/2023\/10\/puntera-para-cables-medidas-300x120.jpg 300w, https:\/\/coelectrix.com\/wp-content\/uploads\/2023\/10\/puntera-para-cables-medidas-768x308.jpg 768w, https:\/\/coelectrix.com\/wp-content\/uploads\/2023\/10\/puntera-para-cables-medidas-416x167.jpg 416w, https:\/\/coelectrix.com\/wp-content\/uploads\/2023\/10\/puntera-para-cables-medidas.jpg 878w\" sizes=\"(max-width: 523px) 100vw, 523px\" \/><\/p>\n","protected":false},"excerpt":{"rendered":"<p>Terminais planos de cobre estanhado para a liga\u00e7\u00e3o de cabos a tomadas el\u00e9ctricas ou equipamentos que o exijam.<\/p>\n<p>Dispon\u00edveis para sec\u00e7\u00f5es transversais de cabos de 10mm2 a 95mm2.<\/p>\n<p>O pre\u00e7o indicado \u00e9 por unidade<\/p>\n","protected":false},"featured_media":74273,"template":"","meta":{"_acf_changed":false},"product_brand":[],"product_cat":[1393],"product_tag":[],"class_list":{"0":"post-76309","1":"product","2":"type-product","3":"status-publish","4":"has-post-thumbnail","6":"product_cat-terminais","8":"first","9":"instock","10":"taxable","11":"shipping-taxable","12":"purchasable","13":"product-type-variable"},"acf":[],"yoast_head":"<!-- This site is optimized with the Yoast SEO plugin v27.2 - https:\/\/yoast.com\/product\/yoast-seo-wordpress\/ -->\n<title>\u25b7 Terminal plano de ponta de cobre estanhado | Coelectrix.com<\/title>\n<meta name=\"robots\" content=\"index, follow, max-snippet:-1, max-image-preview:large, max-video-preview:-1\" \/>\n<link rel=\"canonical\" href=\"https:\/\/coelectrix.com\/pt-pt\/produto\/terminal-plano-tipo-terminal-de-estagnacao-com-ponta-de-cobre\" \/>\n<meta property=\"og:locale\" content=\"pt_PT\" \/>\n<meta property=\"og:type\" content=\"article\" \/>\n<meta property=\"og:title\" content=\"\u25b7 Terminal plano de ponta de cobre estanhado | Coelectrix.com\" \/>\n<meta property=\"og:description\" content=\"Terminais planos de cobre estanhado para a liga\u00e7\u00e3o de cabos a tomadas el\u00e9ctricas ou equipamentos que o exijam. Dispon\u00edveis para sec\u00e7\u00f5es transversais de cabos de 10mm2 a 95mm2. O pre\u00e7o indicado \u00e9 por unidade\" \/>\n<meta property=\"og:url\" content=\"https:\/\/coelectrix.com\/pt-pt\/produto\/terminal-plano-tipo-terminal-de-estagnacao-com-ponta-de-cobre\" \/>\n<meta property=\"og:site_name\" content=\"Coelectrix\" \/>\n<meta property=\"article:modified_time\" content=\"2025-08-19T04:01:21+00:00\" \/>\n<meta property=\"og:image\" content=\"https:\/\/coelectrix.com\/wp-content\/uploads\/2023\/10\/terminal-plano-tipo-punta-de-cobre-estanado.jpg\" \/>\n\t<meta property=\"og:image:width\" content=\"600\" \/>\n\t<meta property=\"og:image:height\" content=\"600\" \/>\n\t<meta property=\"og:image:type\" content=\"image\/jpeg\" \/>\n<meta name=\"twitter:card\" content=\"summary_large_image\" \/>\n<script type=\"application\/ld+json\" class=\"yoast-schema-graph\">{\"@context\":\"https:\/\/schema.org\",\"@graph\":[{\"@type\":\"WebPage\",\"@id\":\"https:\/\/coelectrix.com\/pt-pt\/produto\/terminal-plano-tipo-terminal-de-estagnacao-com-ponta-de-cobre\",\"url\":\"https:\/\/coelectrix.com\/pt-pt\/produto\/terminal-plano-tipo-terminal-de-estagnacao-com-ponta-de-cobre\",\"name\":\"\u25b7 Terminal plano de ponta de cobre estanhado | Coelectrix.com\",\"isPartOf\":{\"@id\":\"https:\/\/coelectrix.com\/pt-pt\/#website\"},\"primaryImageOfPage\":{\"@id\":\"https:\/\/coelectrix.com\/pt-pt\/produto\/terminal-plano-tipo-terminal-de-estagnacao-com-ponta-de-cobre#primaryimage\"},\"image\":{\"@id\":\"https:\/\/coelectrix.com\/pt-pt\/produto\/terminal-plano-tipo-terminal-de-estagnacao-com-ponta-de-cobre#primaryimage\"},\"thumbnailUrl\":\"https:\/\/coelectrix.com\/wp-content\/uploads\/2023\/10\/terminal-plano-tipo-punta-de-cobre-estanado.jpg\",\"datePublished\":\"2023-10-07T06:37:44+00:00\",\"dateModified\":\"2025-08-19T04:01:21+00:00\",\"breadcrumb\":{\"@id\":\"https:\/\/coelectrix.com\/pt-pt\/produto\/terminal-plano-tipo-terminal-de-estagnacao-com-ponta-de-cobre#breadcrumb\"},\"inLanguage\":\"pt-PT\",\"potentialAction\":[{\"@type\":\"ReadAction\",\"target\":[\"https:\/\/coelectrix.com\/pt-pt\/produto\/terminal-plano-tipo-terminal-de-estagnacao-com-ponta-de-cobre\"]}]},{\"@type\":\"ImageObject\",\"inLanguage\":\"pt-PT\",\"@id\":\"https:\/\/coelectrix.com\/pt-pt\/produto\/terminal-plano-tipo-terminal-de-estagnacao-com-ponta-de-cobre#primaryimage\",\"url\":\"https:\/\/coelectrix.com\/wp-content\/uploads\/2023\/10\/terminal-plano-tipo-punta-de-cobre-estanado.jpg\",\"contentUrl\":\"https:\/\/coelectrix.com\/wp-content\/uploads\/2023\/10\/terminal-plano-tipo-punta-de-cobre-estanado.jpg\",\"width\":600,\"height\":600},{\"@type\":\"BreadcrumbList\",\"@id\":\"https:\/\/coelectrix.com\/pt-pt\/produto\/terminal-plano-tipo-terminal-de-estagnacao-com-ponta-de-cobre#breadcrumb\",\"itemListElement\":[{\"@type\":\"ListItem\",\"position\":1,\"name\":\"Portada\",\"item\":\"https:\/\/coelectrix.com\/\"},{\"@type\":\"ListItem\",\"position\":2,\"name\":\"Loja\",\"item\":\"https:\/\/coelectrix.com\/pt-pt\/loja\"},{\"@type\":\"ListItem\",\"position\":3,\"name\":\"Terminal plano de ponta de cobre estanhado\"}]},{\"@type\":\"WebSite\",\"@id\":\"https:\/\/coelectrix.com\/pt-pt\/#website\",\"url\":\"https:\/\/coelectrix.com\/pt-pt\/\",\"name\":\"Coelectrix\",\"description\":\"Componentes el\u00e9ctricos\",\"publisher\":{\"@id\":\"https:\/\/coelectrix.com\/pt-pt\/#organization\"},\"potentialAction\":[{\"@type\":\"SearchAction\",\"target\":{\"@type\":\"EntryPoint\",\"urlTemplate\":\"https:\/\/coelectrix.com\/pt-pt\/?s={search_term_string}\"},\"query-input\":{\"@type\":\"PropertyValueSpecification\",\"valueRequired\":true,\"valueName\":\"search_term_string\"}}],\"inLanguage\":\"pt-PT\"},{\"@type\":\"Organization\",\"@id\":\"https:\/\/coelectrix.com\/pt-pt\/#organization\",\"name\":\"coelectrix.com\",\"url\":\"https:\/\/coelectrix.com\/pt-pt\/\",\"logo\":{\"@type\":\"ImageObject\",\"inLanguage\":\"pt-PT\",\"@id\":\"https:\/\/coelectrix.com\/pt-pt\/#\/schema\/logo\/image\/\",\"url\":\"https:\/\/coelectrix.com\/wp-content\/uploads\/2018\/05\/logo-coelectrix-400x400.jpg\",\"contentUrl\":\"https:\/\/coelectrix.com\/wp-content\/uploads\/2018\/05\/logo-coelectrix-400x400.jpg\",\"width\":300,\"height\":300,\"caption\":\"coelectrix.com\"},\"image\":{\"@id\":\"https:\/\/coelectrix.com\/pt-pt\/#\/schema\/logo\/image\/\"}}]}<\/script>\n<!-- \/ Yoast SEO plugin. -->","yoast_head_json":{"title":"\u25b7 Terminal plano de ponta de cobre estanhado | Coelectrix.com","robots":{"index":"index","follow":"follow","max-snippet":"max-snippet:-1","max-image-preview":"max-image-preview:large","max-video-preview":"max-video-preview:-1"},"canonical":"https:\/\/coelectrix.com\/pt-pt\/produto\/terminal-plano-tipo-terminal-de-estagnacao-com-ponta-de-cobre","og_locale":"pt_PT","og_type":"article","og_title":"\u25b7 Terminal plano de ponta de cobre estanhado | Coelectrix.com","og_description":"Terminais planos de cobre estanhado para a liga\u00e7\u00e3o de cabos a tomadas el\u00e9ctricas ou equipamentos que o exijam. Dispon\u00edveis para sec\u00e7\u00f5es transversais de cabos de 10mm2 a 95mm2. O pre\u00e7o indicado \u00e9 por unidade","og_url":"https:\/\/coelectrix.com\/pt-pt\/produto\/terminal-plano-tipo-terminal-de-estagnacao-com-ponta-de-cobre","og_site_name":"Coelectrix","article_modified_time":"2025-08-19T04:01:21+00:00","og_image":[{"width":600,"height":600,"url":"https:\/\/coelectrix.com\/wp-content\/uploads\/2023\/10\/terminal-plano-tipo-punta-de-cobre-estanado.jpg","type":"image\/jpeg"}],"twitter_card":"summary_large_image","schema":{"@context":"https:\/\/schema.org","@graph":[{"@type":"WebPage","@id":"https:\/\/coelectrix.com\/pt-pt\/produto\/terminal-plano-tipo-terminal-de-estagnacao-com-ponta-de-cobre","url":"https:\/\/coelectrix.com\/pt-pt\/produto\/terminal-plano-tipo-terminal-de-estagnacao-com-ponta-de-cobre","name":"\u25b7 Terminal plano de ponta de cobre estanhado | Coelectrix.com","isPartOf":{"@id":"https:\/\/coelectrix.com\/pt-pt\/#website"},"primaryImageOfPage":{"@id":"https:\/\/coelectrix.com\/pt-pt\/produto\/terminal-plano-tipo-terminal-de-estagnacao-com-ponta-de-cobre#primaryimage"},"image":{"@id":"https:\/\/coelectrix.com\/pt-pt\/produto\/terminal-plano-tipo-terminal-de-estagnacao-com-ponta-de-cobre#primaryimage"},"thumbnailUrl":"https:\/\/coelectrix.com\/wp-content\/uploads\/2023\/10\/terminal-plano-tipo-punta-de-cobre-estanado.jpg","datePublished":"2023-10-07T06:37:44+00:00","dateModified":"2025-08-19T04:01:21+00:00","breadcrumb":{"@id":"https:\/\/coelectrix.com\/pt-pt\/produto\/terminal-plano-tipo-terminal-de-estagnacao-com-ponta-de-cobre#breadcrumb"},"inLanguage":"pt-PT","potentialAction":[{"@type":"ReadAction","target":["https:\/\/coelectrix.com\/pt-pt\/produto\/terminal-plano-tipo-terminal-de-estagnacao-com-ponta-de-cobre"]}]},{"@type":"ImageObject","inLanguage":"pt-PT","@id":"https:\/\/coelectrix.com\/pt-pt\/produto\/terminal-plano-tipo-terminal-de-estagnacao-com-ponta-de-cobre#primaryimage","url":"https:\/\/coelectrix.com\/wp-content\/uploads\/2023\/10\/terminal-plano-tipo-punta-de-cobre-estanado.jpg","contentUrl":"https:\/\/coelectrix.com\/wp-content\/uploads\/2023\/10\/terminal-plano-tipo-punta-de-cobre-estanado.jpg","width":600,"height":600},{"@type":"BreadcrumbList","@id":"https:\/\/coelectrix.com\/pt-pt\/produto\/terminal-plano-tipo-terminal-de-estagnacao-com-ponta-de-cobre#breadcrumb","itemListElement":[{"@type":"ListItem","position":1,"name":"Portada","item":"https:\/\/coelectrix.com\/"},{"@type":"ListItem","position":2,"name":"Loja","item":"https:\/\/coelectrix.com\/pt-pt\/loja"},{"@type":"ListItem","position":3,"name":"Terminal plano de ponta de cobre estanhado"}]},{"@type":"WebSite","@id":"https:\/\/coelectrix.com\/pt-pt\/#website","url":"https:\/\/coelectrix.com\/pt-pt\/","name":"Coelectrix","description":"Componentes el\u00e9ctricos","publisher":{"@id":"https:\/\/coelectrix.com\/pt-pt\/#organization"},"potentialAction":[{"@type":"SearchAction","target":{"@type":"EntryPoint","urlTemplate":"https:\/\/coelectrix.com\/pt-pt\/?s={search_term_string}"},"query-input":{"@type":"PropertyValueSpecification","valueRequired":true,"valueName":"search_term_string"}}],"inLanguage":"pt-PT"},{"@type":"Organization","@id":"https:\/\/coelectrix.com\/pt-pt\/#organization","name":"coelectrix.com","url":"https:\/\/coelectrix.com\/pt-pt\/","logo":{"@type":"ImageObject","inLanguage":"pt-PT","@id":"https:\/\/coelectrix.com\/pt-pt\/#\/schema\/logo\/image\/","url":"https:\/\/coelectrix.com\/wp-content\/uploads\/2018\/05\/logo-coelectrix-400x400.jpg","contentUrl":"https:\/\/coelectrix.com\/wp-content\/uploads\/2018\/05\/logo-coelectrix-400x400.jpg","width":300,"height":300,"caption":"coelectrix.com"},"image":{"@id":"https:\/\/coelectrix.com\/pt-pt\/#\/schema\/logo\/image\/"}}]}},"_links":{"self":[{"href":"https:\/\/coelectrix.com\/pt-pt\/wp-json\/wp\/v2\/product\/76309","targetHints":{"allow":["GET"]}}],"collection":[{"href":"https:\/\/coelectrix.com\/pt-pt\/wp-json\/wp\/v2\/product"}],"about":[{"href":"https:\/\/coelectrix.com\/pt-pt\/wp-json\/wp\/v2\/types\/product"}],"version-history":[{"count":1,"href":"https:\/\/coelectrix.com\/pt-pt\/wp-json\/wp\/v2\/product\/76309\/revisions"}],"predecessor-version":[{"id":76647,"href":"https:\/\/coelectrix.com\/pt-pt\/wp-json\/wp\/v2\/product\/76309\/revisions\/76647"}],"wp:featuredmedia":[{"embeddable":true,"href":"https:\/\/coelectrix.com\/pt-pt\/wp-json\/wp\/v2\/media\/74273"}],"wp:attachment":[{"href":"https:\/\/coelectrix.com\/pt-pt\/wp-json\/wp\/v2\/media?parent=76309"}],"wp:term":[{"taxonomy":"product_brand","embeddable":true,"href":"https:\/\/coelectrix.com\/pt-pt\/wp-json\/wp\/v2\/product_brand?post=76309"},{"taxonomy":"product_cat","embeddable":true,"href":"https:\/\/coelectrix.com\/pt-pt\/wp-json\/wp\/v2\/product_cat?post=76309"},{"taxonomy":"product_tag","embeddable":true,"href":"https:\/\/coelectrix.com\/pt-pt\/wp-json\/wp\/v2\/product_tag?post=76309"}],"curies":[{"name":"wp","href":"https:\/\/api.w.org\/{rel}","templated":true}]}}