{"id":76327,"date":"2023-09-27T10:46:36","date_gmt":"2023-09-27T08:46:36","guid":{"rendered":"https:\/\/coelectrix.com\/producto\/terminal-cilindrico-isolado-tipo-bala"},"modified":"2025-08-19T06:01:22","modified_gmt":"2025-08-19T04:01:22","slug":"terminal-cilindrico-isolado-tipo-bala","status":"publish","type":"product","link":"https:\/\/coelectrix.com\/pt-pt\/produto\/tipo-de-bala-com-isolamento-cilindrico-terminal","title":{"rendered":"Terminal cil\u00edndrico isolado tipo bala"},"content":{"rendered":"<h2><strong>Terminal de bala isolado<\/strong><\/h2>\n<p>Terminais de bala cil\u00edndricos para liga\u00e7\u00e3o de cabo a cabo.<br \/>\nDispon\u00edvel em macho ou f\u00eamea<\/p>\n","protected":false},"excerpt":{"rendered":"<p>Terminal de bala isolado para liga\u00e7\u00e3o r\u00e1pida de cabo a cabo<\/p>\n<p><strong>Di\u00e2metro do terminal: 4mm<\/strong><\/p>\n<p>Dispon\u00edvel em 3 cores que correspondem \u00e0 sec\u00e7\u00e3o transversal do cabo suportado:<\/p>\n<ul>\n<li><strong>Vermelho<\/strong>: Para cabos de 0,5 a 1,5 mm2 de sec\u00e7\u00e3o transversal<\/li>\n<li><strong>Azul<\/strong>: Para cabos de 1 a 2,5 mm2 de sec\u00e7\u00e3o transversal<\/li>\n<li><strong>Amarelo<\/strong>: Para cabos de 2,5 a 6 mm2 de sec\u00e7\u00e3o transversal<\/li>\n<\/ul>\n<p><strong>Selecione Macho ou F\u00eamea no formato de 10 ou 100 unidades e a cor pretendida para ver o pre\u00e7o.<\/strong><\/p>\n","protected":false},"featured_media":74265,"template":"","meta":{"_acf_changed":false},"product_brand":[],"product_cat":[1393],"product_tag":[],"class_list":{"0":"post-76327","1":"product","2":"type-product","3":"status-publish","4":"has-post-thumbnail","6":"product_cat-terminais","8":"first","9":"instock","10":"taxable","11":"shipping-taxable","12":"purchasable","13":"product-type-variable"},"acf":[],"yoast_head":"<!-- This site is optimized with the Yoast SEO plugin v27.2 - https:\/\/yoast.com\/product\/yoast-seo-wordpress\/ -->\n<title>\u25b7 Terminal cil\u00edndrico isolado tipo bala | Coelectrix.com<\/title>\n<meta name=\"robots\" content=\"index, follow, max-snippet:-1, max-image-preview:large, max-video-preview:-1\" \/>\n<link rel=\"canonical\" href=\"https:\/\/coelectrix.com\/pt-pt\/produto\/tipo-de-bala-com-isolamento-cilindrico-terminal\" \/>\n<meta property=\"og:locale\" content=\"pt_PT\" \/>\n<meta property=\"og:type\" content=\"article\" \/>\n<meta property=\"og:title\" content=\"\u25b7 Terminal cil\u00edndrico isolado tipo bala | Coelectrix.com\" \/>\n<meta property=\"og:description\" content=\"Terminal de bala isolado para liga\u00e7\u00e3o r\u00e1pida de cabo a cabo Di\u00e2metro do terminal: 4mm Dispon\u00edvel em 3 cores que correspondem \u00e0 sec\u00e7\u00e3o transversal do cabo suportado:  Vermelho: Para cabos de 0,5 a 1,5 mm2 de sec\u00e7\u00e3o transversal  Azul: Para cabos de 1 a 2,5 mm2 de sec\u00e7\u00e3o transversal  Amarelo: Para cabos de 2,5 a 6 mm2 de sec\u00e7\u00e3o transversal Selecione Macho ou F\u00eamea no formato de 10 ou 100 unidades e a cor pretendida para ver o pre\u00e7o.\" \/>\n<meta property=\"og:url\" content=\"https:\/\/coelectrix.com\/pt-pt\/produto\/tipo-de-bala-com-isolamento-cilindrico-terminal\" \/>\n<meta property=\"og:site_name\" content=\"Coelectrix\" \/>\n<meta property=\"article:modified_time\" content=\"2025-08-19T04:01:22+00:00\" \/>\n<meta property=\"og:image\" content=\"https:\/\/coelectrix.com\/wp-content\/uploads\/2023\/09\/terminal-cilindrico-aislado-tipo-bala.jpg\" \/>\n\t<meta property=\"og:image:width\" content=\"600\" \/>\n\t<meta property=\"og:image:height\" content=\"600\" \/>\n\t<meta property=\"og:image:type\" content=\"image\/jpeg\" \/>\n<meta name=\"twitter:card\" content=\"summary_large_image\" \/>\n<script type=\"application\/ld+json\" class=\"yoast-schema-graph\">{\"@context\":\"https:\/\/schema.org\",\"@graph\":[{\"@type\":\"WebPage\",\"@id\":\"https:\/\/coelectrix.com\/pt-pt\/produto\/tipo-de-bala-com-isolamento-cilindrico-terminal\",\"url\":\"https:\/\/coelectrix.com\/pt-pt\/produto\/tipo-de-bala-com-isolamento-cilindrico-terminal\",\"name\":\"\u25b7 Terminal cil\u00edndrico isolado tipo bala | Coelectrix.com\",\"isPartOf\":{\"@id\":\"https:\/\/coelectrix.com\/pt-pt\/#website\"},\"primaryImageOfPage\":{\"@id\":\"https:\/\/coelectrix.com\/pt-pt\/produto\/tipo-de-bala-com-isolamento-cilindrico-terminal#primaryimage\"},\"image\":{\"@id\":\"https:\/\/coelectrix.com\/pt-pt\/produto\/tipo-de-bala-com-isolamento-cilindrico-terminal#primaryimage\"},\"thumbnailUrl\":\"https:\/\/coelectrix.com\/wp-content\/uploads\/2023\/09\/terminal-cilindrico-aislado-tipo-bala.jpg\",\"datePublished\":\"2023-09-27T08:46:36+00:00\",\"dateModified\":\"2025-08-19T04:01:22+00:00\",\"breadcrumb\":{\"@id\":\"https:\/\/coelectrix.com\/pt-pt\/produto\/tipo-de-bala-com-isolamento-cilindrico-terminal#breadcrumb\"},\"inLanguage\":\"pt-PT\",\"potentialAction\":[{\"@type\":\"ReadAction\",\"target\":[\"https:\/\/coelectrix.com\/pt-pt\/produto\/tipo-de-bala-com-isolamento-cilindrico-terminal\"]}]},{\"@type\":\"ImageObject\",\"inLanguage\":\"pt-PT\",\"@id\":\"https:\/\/coelectrix.com\/pt-pt\/produto\/tipo-de-bala-com-isolamento-cilindrico-terminal#primaryimage\",\"url\":\"https:\/\/coelectrix.com\/wp-content\/uploads\/2023\/09\/terminal-cilindrico-aislado-tipo-bala.jpg\",\"contentUrl\":\"https:\/\/coelectrix.com\/wp-content\/uploads\/2023\/09\/terminal-cilindrico-aislado-tipo-bala.jpg\",\"width\":600,\"height\":600,\"caption\":\"Terminal cil\u00edndrico isolado tipo bala\"},{\"@type\":\"BreadcrumbList\",\"@id\":\"https:\/\/coelectrix.com\/pt-pt\/produto\/tipo-de-bala-com-isolamento-cilindrico-terminal#breadcrumb\",\"itemListElement\":[{\"@type\":\"ListItem\",\"position\":1,\"name\":\"Portada\",\"item\":\"https:\/\/coelectrix.com\/\"},{\"@type\":\"ListItem\",\"position\":2,\"name\":\"Loja\",\"item\":\"https:\/\/coelectrix.com\/pt-pt\/loja\"},{\"@type\":\"ListItem\",\"position\":3,\"name\":\"Terminal cil\u00edndrico isolado tipo bala\"}]},{\"@type\":\"WebSite\",\"@id\":\"https:\/\/coelectrix.com\/pt-pt\/#website\",\"url\":\"https:\/\/coelectrix.com\/pt-pt\/\",\"name\":\"Coelectrix\",\"description\":\"Componentes el\u00e9ctricos\",\"publisher\":{\"@id\":\"https:\/\/coelectrix.com\/pt-pt\/#organization\"},\"potentialAction\":[{\"@type\":\"SearchAction\",\"target\":{\"@type\":\"EntryPoint\",\"urlTemplate\":\"https:\/\/coelectrix.com\/pt-pt\/?s={search_term_string}\"},\"query-input\":{\"@type\":\"PropertyValueSpecification\",\"valueRequired\":true,\"valueName\":\"search_term_string\"}}],\"inLanguage\":\"pt-PT\"},{\"@type\":\"Organization\",\"@id\":\"https:\/\/coelectrix.com\/pt-pt\/#organization\",\"name\":\"coelectrix.com\",\"url\":\"https:\/\/coelectrix.com\/pt-pt\/\",\"logo\":{\"@type\":\"ImageObject\",\"inLanguage\":\"pt-PT\",\"@id\":\"https:\/\/coelectrix.com\/pt-pt\/#\/schema\/logo\/image\/\",\"url\":\"https:\/\/coelectrix.com\/wp-content\/uploads\/2018\/05\/logo-coelectrix-400x400.jpg\",\"contentUrl\":\"https:\/\/coelectrix.com\/wp-content\/uploads\/2018\/05\/logo-coelectrix-400x400.jpg\",\"width\":300,\"height\":300,\"caption\":\"coelectrix.com\"},\"image\":{\"@id\":\"https:\/\/coelectrix.com\/pt-pt\/#\/schema\/logo\/image\/\"}}]}<\/script>\n<!-- \/ Yoast SEO plugin. -->","yoast_head_json":{"title":"\u25b7 Terminal cil\u00edndrico isolado tipo bala | Coelectrix.com","robots":{"index":"index","follow":"follow","max-snippet":"max-snippet:-1","max-image-preview":"max-image-preview:large","max-video-preview":"max-video-preview:-1"},"canonical":"https:\/\/coelectrix.com\/pt-pt\/produto\/tipo-de-bala-com-isolamento-cilindrico-terminal","og_locale":"pt_PT","og_type":"article","og_title":"\u25b7 Terminal cil\u00edndrico isolado tipo bala | Coelectrix.com","og_description":"Terminal de bala isolado para liga\u00e7\u00e3o r\u00e1pida de cabo a cabo Di\u00e2metro do terminal: 4mm Dispon\u00edvel em 3 cores que correspondem \u00e0 sec\u00e7\u00e3o transversal do cabo suportado:  Vermelho: Para cabos de 0,5 a 1,5 mm2 de sec\u00e7\u00e3o transversal  Azul: Para cabos de 1 a 2,5 mm2 de sec\u00e7\u00e3o transversal  Amarelo: Para cabos de 2,5 a 6 mm2 de sec\u00e7\u00e3o transversal Selecione Macho ou F\u00eamea no formato de 10 ou 100 unidades e a cor pretendida para ver o pre\u00e7o.","og_url":"https:\/\/coelectrix.com\/pt-pt\/produto\/tipo-de-bala-com-isolamento-cilindrico-terminal","og_site_name":"Coelectrix","article_modified_time":"2025-08-19T04:01:22+00:00","og_image":[{"width":600,"height":600,"url":"https:\/\/coelectrix.com\/wp-content\/uploads\/2023\/09\/terminal-cilindrico-aislado-tipo-bala.jpg","type":"image\/jpeg"}],"twitter_card":"summary_large_image","schema":{"@context":"https:\/\/schema.org","@graph":[{"@type":"WebPage","@id":"https:\/\/coelectrix.com\/pt-pt\/produto\/tipo-de-bala-com-isolamento-cilindrico-terminal","url":"https:\/\/coelectrix.com\/pt-pt\/produto\/tipo-de-bala-com-isolamento-cilindrico-terminal","name":"\u25b7 Terminal cil\u00edndrico isolado tipo bala | Coelectrix.com","isPartOf":{"@id":"https:\/\/coelectrix.com\/pt-pt\/#website"},"primaryImageOfPage":{"@id":"https:\/\/coelectrix.com\/pt-pt\/produto\/tipo-de-bala-com-isolamento-cilindrico-terminal#primaryimage"},"image":{"@id":"https:\/\/coelectrix.com\/pt-pt\/produto\/tipo-de-bala-com-isolamento-cilindrico-terminal#primaryimage"},"thumbnailUrl":"https:\/\/coelectrix.com\/wp-content\/uploads\/2023\/09\/terminal-cilindrico-aislado-tipo-bala.jpg","datePublished":"2023-09-27T08:46:36+00:00","dateModified":"2025-08-19T04:01:22+00:00","breadcrumb":{"@id":"https:\/\/coelectrix.com\/pt-pt\/produto\/tipo-de-bala-com-isolamento-cilindrico-terminal#breadcrumb"},"inLanguage":"pt-PT","potentialAction":[{"@type":"ReadAction","target":["https:\/\/coelectrix.com\/pt-pt\/produto\/tipo-de-bala-com-isolamento-cilindrico-terminal"]}]},{"@type":"ImageObject","inLanguage":"pt-PT","@id":"https:\/\/coelectrix.com\/pt-pt\/produto\/tipo-de-bala-com-isolamento-cilindrico-terminal#primaryimage","url":"https:\/\/coelectrix.com\/wp-content\/uploads\/2023\/09\/terminal-cilindrico-aislado-tipo-bala.jpg","contentUrl":"https:\/\/coelectrix.com\/wp-content\/uploads\/2023\/09\/terminal-cilindrico-aislado-tipo-bala.jpg","width":600,"height":600,"caption":"Terminal cil\u00edndrico isolado tipo bala"},{"@type":"BreadcrumbList","@id":"https:\/\/coelectrix.com\/pt-pt\/produto\/tipo-de-bala-com-isolamento-cilindrico-terminal#breadcrumb","itemListElement":[{"@type":"ListItem","position":1,"name":"Portada","item":"https:\/\/coelectrix.com\/"},{"@type":"ListItem","position":2,"name":"Loja","item":"https:\/\/coelectrix.com\/pt-pt\/loja"},{"@type":"ListItem","position":3,"name":"Terminal cil\u00edndrico isolado tipo bala"}]},{"@type":"WebSite","@id":"https:\/\/coelectrix.com\/pt-pt\/#website","url":"https:\/\/coelectrix.com\/pt-pt\/","name":"Coelectrix","description":"Componentes el\u00e9ctricos","publisher":{"@id":"https:\/\/coelectrix.com\/pt-pt\/#organization"},"potentialAction":[{"@type":"SearchAction","target":{"@type":"EntryPoint","urlTemplate":"https:\/\/coelectrix.com\/pt-pt\/?s={search_term_string}"},"query-input":{"@type":"PropertyValueSpecification","valueRequired":true,"valueName":"search_term_string"}}],"inLanguage":"pt-PT"},{"@type":"Organization","@id":"https:\/\/coelectrix.com\/pt-pt\/#organization","name":"coelectrix.com","url":"https:\/\/coelectrix.com\/pt-pt\/","logo":{"@type":"ImageObject","inLanguage":"pt-PT","@id":"https:\/\/coelectrix.com\/pt-pt\/#\/schema\/logo\/image\/","url":"https:\/\/coelectrix.com\/wp-content\/uploads\/2018\/05\/logo-coelectrix-400x400.jpg","contentUrl":"https:\/\/coelectrix.com\/wp-content\/uploads\/2018\/05\/logo-coelectrix-400x400.jpg","width":300,"height":300,"caption":"coelectrix.com"},"image":{"@id":"https:\/\/coelectrix.com\/pt-pt\/#\/schema\/logo\/image\/"}}]}},"_links":{"self":[{"href":"https:\/\/coelectrix.com\/pt-pt\/wp-json\/wp\/v2\/product\/76327","targetHints":{"allow":["GET"]}}],"collection":[{"href":"https:\/\/coelectrix.com\/pt-pt\/wp-json\/wp\/v2\/product"}],"about":[{"href":"https:\/\/coelectrix.com\/pt-pt\/wp-json\/wp\/v2\/types\/product"}],"version-history":[{"count":1,"href":"https:\/\/coelectrix.com\/pt-pt\/wp-json\/wp\/v2\/product\/76327\/revisions"}],"predecessor-version":[{"id":76649,"href":"https:\/\/coelectrix.com\/pt-pt\/wp-json\/wp\/v2\/product\/76327\/revisions\/76649"}],"wp:featuredmedia":[{"embeddable":true,"href":"https:\/\/coelectrix.com\/pt-pt\/wp-json\/wp\/v2\/media\/74265"}],"wp:attachment":[{"href":"https:\/\/coelectrix.com\/pt-pt\/wp-json\/wp\/v2\/media?parent=76327"}],"wp:term":[{"taxonomy":"product_brand","embeddable":true,"href":"https:\/\/coelectrix.com\/pt-pt\/wp-json\/wp\/v2\/product_brand?post=76327"},{"taxonomy":"product_cat","embeddable":true,"href":"https:\/\/coelectrix.com\/pt-pt\/wp-json\/wp\/v2\/product_cat?post=76327"},{"taxonomy":"product_tag","embeddable":true,"href":"https:\/\/coelectrix.com\/pt-pt\/wp-json\/wp\/v2\/product_tag?post=76327"}],"curies":[{"name":"wp","href":"https:\/\/api.w.org\/{rel}","templated":true}]}}