{"id":76426,"date":"2019-11-10T16:26:46","date_gmt":"2019-11-10T15:26:46","guid":{"rendered":"https:\/\/coelectrix.com\/producto\/terminal-para-terminal-de-bateria-m10-reforcado"},"modified":"2025-08-19T06:04:14","modified_gmt":"2025-08-19T04:04:14","slug":"terminal-para-terminal-de-bateria-m10-reforcado","status":"publish","type":"product","link":"https:\/\/coelectrix.com\/pt-pt\/produto\/terminal-para-bateria-reforcada","title":{"rendered":"Terminal para terminal de bateria M10 refor\u00e7ado"},"content":{"rendered":"<h2>Comprar terminal para Bateria Terminal M10 Refor\u00e7ado<\/h2>\n<p>Terminal refor\u00e7ado feito de cobre estanhado refor\u00e7ado para liga\u00e7\u00e3o de cabos de bateria de alta amperagem.<\/p>\n<p>Liga\u00e7\u00e3o do cabo por meio de terminais de anel de 10 mm.<\/p>\n<p><img fetchpriority=\"high\" decoding=\"async\" class=\"size-medium wp-image-18473 aligncenter\" src=\"https:\/\/coelectrix.com\/wp-content\/uploads\/2019\/11\/terminal-borne-bateria-reforzado-2-300x273.jpg\" alt=\"\" width=\"300\" height=\"273\" srcset=\"https:\/\/coelectrix.com\/wp-content\/uploads\/2019\/11\/terminal-borne-bateria-reforzado-2-300x273.jpg 300w, https:\/\/coelectrix.com\/wp-content\/uploads\/2019\/11\/terminal-borne-bateria-reforzado-2-416x379.jpg 416w, https:\/\/coelectrix.com\/wp-content\/uploads\/2019\/11\/terminal-borne-bateria-reforzado-2-64x58.jpg 64w, https:\/\/coelectrix.com\/wp-content\/uploads\/2019\/11\/terminal-borne-bateria-reforzado-2-768x699.jpg 768w, https:\/\/coelectrix.com\/wp-content\/uploads\/2019\/11\/terminal-borne-bateria-reforzado-2.jpg 800w\" sizes=\"(max-width: 300px) 100vw, 300px\" \/><\/p>\n","protected":false},"excerpt":{"rendered":"<p>Terminais <strong>de bateria refor\u00e7ados<\/strong> para baterias grandes.<\/p>\n<p>Com liga\u00e7\u00e3o de cabos atrav\u00e9s de parafuso M10, ao qual podem ser adicionados v\u00e1rios cabos atrav\u00e9s de terminais de anel.<\/p>\n<ul>\n<li>Material: Cobre estanhado<\/li>\n<li>Tamanho do parafuso: 10mm<\/li>\n<\/ul>\n<p>Escolha entre (+) positivo ou (-) negativo no menu pendente.<\/p>\n","protected":false},"featured_media":73167,"template":"","meta":{"_acf_changed":false},"product_brand":[],"product_cat":[1393,1398],"product_tag":[],"class_list":{"0":"post-76426","1":"product","2":"type-product","3":"status-publish","4":"has-post-thumbnail","6":"product_cat-terminais","7":"product_cat-terminal-da-bateria","9":"first","10":"instock","11":"taxable","12":"shipping-taxable","13":"purchasable","14":"product-type-variable"},"acf":[],"yoast_head":"<!-- This site is optimized with the Yoast SEO plugin v27.2 - https:\/\/yoast.com\/product\/yoast-seo-wordpress\/ -->\n<title>\u25b7 Terminal para terminal de bateria M10 refor\u00e7ado | Coelectrix.com<\/title>\n<meta name=\"description\" content=\"Comprar terminais para bateria terminal M10 refor\u00e7ado | Envio 24\/48 horas | Loja l\u00edder em eletr\u00f3nica autom\u00f3vel \u27a4 Melhor pre\u00e7o online.\" \/>\n<meta name=\"robots\" content=\"index, follow, max-snippet:-1, max-image-preview:large, max-video-preview:-1\" \/>\n<link rel=\"canonical\" href=\"https:\/\/coelectrix.com\/pt-pt\/produto\/terminal-para-bateria-reforcada\" \/>\n<meta property=\"og:locale\" content=\"pt_PT\" \/>\n<meta property=\"og:type\" content=\"article\" \/>\n<meta property=\"og:title\" content=\"\u25b7 Terminal para terminal de bateria M10 refor\u00e7ado | Coelectrix.com\" \/>\n<meta property=\"og:description\" content=\"Comprar terminais para bateria terminal M10 refor\u00e7ado | Envio 24\/48 horas | Loja l\u00edder em eletr\u00f3nica autom\u00f3vel \u27a4 Melhor pre\u00e7o online.\" \/>\n<meta property=\"og:url\" content=\"https:\/\/coelectrix.com\/pt-pt\/produto\/terminal-para-bateria-reforcada\" \/>\n<meta property=\"og:site_name\" content=\"Coelectrix\" \/>\n<meta property=\"article:modified_time\" content=\"2025-08-19T04:04:14+00:00\" \/>\n<meta property=\"og:image\" content=\"https:\/\/coelectrix.com\/wp-content\/uploads\/2019\/11\/terminal-borne-bateria-reforzado.jpg\" \/>\n\t<meta property=\"og:image:width\" content=\"800\" \/>\n\t<meta property=\"og:image:height\" content=\"800\" \/>\n\t<meta property=\"og:image:type\" content=\"image\/jpeg\" \/>\n<meta name=\"twitter:card\" content=\"summary_large_image\" \/>\n<script type=\"application\/ld+json\" class=\"yoast-schema-graph\">{\"@context\":\"https:\/\/schema.org\",\"@graph\":[{\"@type\":\"WebPage\",\"@id\":\"https:\/\/coelectrix.com\/pt-pt\/produto\/terminal-para-bateria-reforcada\",\"url\":\"https:\/\/coelectrix.com\/pt-pt\/produto\/terminal-para-bateria-reforcada\",\"name\":\"\u25b7 Terminal para terminal de bateria M10 refor\u00e7ado | Coelectrix.com\",\"isPartOf\":{\"@id\":\"https:\/\/coelectrix.com\/pt-pt\/#website\"},\"primaryImageOfPage\":{\"@id\":\"https:\/\/coelectrix.com\/pt-pt\/produto\/terminal-para-bateria-reforcada#primaryimage\"},\"image\":{\"@id\":\"https:\/\/coelectrix.com\/pt-pt\/produto\/terminal-para-bateria-reforcada#primaryimage\"},\"thumbnailUrl\":\"https:\/\/coelectrix.com\/wp-content\/uploads\/2019\/11\/terminal-borne-bateria-reforzado.jpg\",\"datePublished\":\"2019-11-10T15:26:46+00:00\",\"dateModified\":\"2025-08-19T04:04:14+00:00\",\"description\":\"Comprar terminais para bateria terminal M10 refor\u00e7ado | Envio 24\/48 horas | Loja l\u00edder em eletr\u00f3nica autom\u00f3vel \u27a4 Melhor pre\u00e7o online.\",\"breadcrumb\":{\"@id\":\"https:\/\/coelectrix.com\/pt-pt\/produto\/terminal-para-bateria-reforcada#breadcrumb\"},\"inLanguage\":\"pt-PT\",\"potentialAction\":[{\"@type\":\"ReadAction\",\"target\":[\"https:\/\/coelectrix.com\/pt-pt\/produto\/terminal-para-bateria-reforcada\"]}]},{\"@type\":\"ImageObject\",\"inLanguage\":\"pt-PT\",\"@id\":\"https:\/\/coelectrix.com\/pt-pt\/produto\/terminal-para-bateria-reforcada#primaryimage\",\"url\":\"https:\/\/coelectrix.com\/wp-content\/uploads\/2019\/11\/terminal-borne-bateria-reforzado.jpg\",\"contentUrl\":\"https:\/\/coelectrix.com\/wp-content\/uploads\/2019\/11\/terminal-borne-bateria-reforzado.jpg\",\"width\":800,\"height\":800,\"caption\":\"terminal de bateria refor\u00e7ado\"},{\"@type\":\"BreadcrumbList\",\"@id\":\"https:\/\/coelectrix.com\/pt-pt\/produto\/terminal-para-bateria-reforcada#breadcrumb\",\"itemListElement\":[{\"@type\":\"ListItem\",\"position\":1,\"name\":\"Portada\",\"item\":\"https:\/\/coelectrix.com\/\"},{\"@type\":\"ListItem\",\"position\":2,\"name\":\"Loja\",\"item\":\"https:\/\/coelectrix.com\/pt-pt\/loja\"},{\"@type\":\"ListItem\",\"position\":3,\"name\":\"Terminal para terminal de bateria M10 refor\u00e7ado\"}]},{\"@type\":\"WebSite\",\"@id\":\"https:\/\/coelectrix.com\/pt-pt\/#website\",\"url\":\"https:\/\/coelectrix.com\/pt-pt\/\",\"name\":\"Coelectrix\",\"description\":\"Componentes el\u00e9ctricos\",\"publisher\":{\"@id\":\"https:\/\/coelectrix.com\/pt-pt\/#organization\"},\"potentialAction\":[{\"@type\":\"SearchAction\",\"target\":{\"@type\":\"EntryPoint\",\"urlTemplate\":\"https:\/\/coelectrix.com\/pt-pt\/?s={search_term_string}\"},\"query-input\":{\"@type\":\"PropertyValueSpecification\",\"valueRequired\":true,\"valueName\":\"search_term_string\"}}],\"inLanguage\":\"pt-PT\"},{\"@type\":\"Organization\",\"@id\":\"https:\/\/coelectrix.com\/pt-pt\/#organization\",\"name\":\"coelectrix.com\",\"url\":\"https:\/\/coelectrix.com\/pt-pt\/\",\"logo\":{\"@type\":\"ImageObject\",\"inLanguage\":\"pt-PT\",\"@id\":\"https:\/\/coelectrix.com\/pt-pt\/#\/schema\/logo\/image\/\",\"url\":\"https:\/\/coelectrix.com\/wp-content\/uploads\/2018\/05\/logo-coelectrix-400x400.jpg\",\"contentUrl\":\"https:\/\/coelectrix.com\/wp-content\/uploads\/2018\/05\/logo-coelectrix-400x400.jpg\",\"width\":300,\"height\":300,\"caption\":\"coelectrix.com\"},\"image\":{\"@id\":\"https:\/\/coelectrix.com\/pt-pt\/#\/schema\/logo\/image\/\"}}]}<\/script>\n<!-- \/ Yoast SEO plugin. -->","yoast_head_json":{"title":"\u25b7 Terminal para terminal de bateria M10 refor\u00e7ado | Coelectrix.com","description":"Comprar terminais para bateria terminal M10 refor\u00e7ado | Envio 24\/48 horas | Loja l\u00edder em eletr\u00f3nica autom\u00f3vel \u27a4 Melhor pre\u00e7o online.","robots":{"index":"index","follow":"follow","max-snippet":"max-snippet:-1","max-image-preview":"max-image-preview:large","max-video-preview":"max-video-preview:-1"},"canonical":"https:\/\/coelectrix.com\/pt-pt\/produto\/terminal-para-bateria-reforcada","og_locale":"pt_PT","og_type":"article","og_title":"\u25b7 Terminal para terminal de bateria M10 refor\u00e7ado | Coelectrix.com","og_description":"Comprar terminais para bateria terminal M10 refor\u00e7ado | Envio 24\/48 horas | Loja l\u00edder em eletr\u00f3nica autom\u00f3vel \u27a4 Melhor pre\u00e7o online.","og_url":"https:\/\/coelectrix.com\/pt-pt\/produto\/terminal-para-bateria-reforcada","og_site_name":"Coelectrix","article_modified_time":"2025-08-19T04:04:14+00:00","og_image":[{"width":800,"height":800,"url":"https:\/\/coelectrix.com\/wp-content\/uploads\/2019\/11\/terminal-borne-bateria-reforzado.jpg","type":"image\/jpeg"}],"twitter_card":"summary_large_image","schema":{"@context":"https:\/\/schema.org","@graph":[{"@type":"WebPage","@id":"https:\/\/coelectrix.com\/pt-pt\/produto\/terminal-para-bateria-reforcada","url":"https:\/\/coelectrix.com\/pt-pt\/produto\/terminal-para-bateria-reforcada","name":"\u25b7 Terminal para terminal de bateria M10 refor\u00e7ado | Coelectrix.com","isPartOf":{"@id":"https:\/\/coelectrix.com\/pt-pt\/#website"},"primaryImageOfPage":{"@id":"https:\/\/coelectrix.com\/pt-pt\/produto\/terminal-para-bateria-reforcada#primaryimage"},"image":{"@id":"https:\/\/coelectrix.com\/pt-pt\/produto\/terminal-para-bateria-reforcada#primaryimage"},"thumbnailUrl":"https:\/\/coelectrix.com\/wp-content\/uploads\/2019\/11\/terminal-borne-bateria-reforzado.jpg","datePublished":"2019-11-10T15:26:46+00:00","dateModified":"2025-08-19T04:04:14+00:00","description":"Comprar terminais para bateria terminal M10 refor\u00e7ado | Envio 24\/48 horas | Loja l\u00edder em eletr\u00f3nica autom\u00f3vel \u27a4 Melhor pre\u00e7o online.","breadcrumb":{"@id":"https:\/\/coelectrix.com\/pt-pt\/produto\/terminal-para-bateria-reforcada#breadcrumb"},"inLanguage":"pt-PT","potentialAction":[{"@type":"ReadAction","target":["https:\/\/coelectrix.com\/pt-pt\/produto\/terminal-para-bateria-reforcada"]}]},{"@type":"ImageObject","inLanguage":"pt-PT","@id":"https:\/\/coelectrix.com\/pt-pt\/produto\/terminal-para-bateria-reforcada#primaryimage","url":"https:\/\/coelectrix.com\/wp-content\/uploads\/2019\/11\/terminal-borne-bateria-reforzado.jpg","contentUrl":"https:\/\/coelectrix.com\/wp-content\/uploads\/2019\/11\/terminal-borne-bateria-reforzado.jpg","width":800,"height":800,"caption":"terminal de bateria refor\u00e7ado"},{"@type":"BreadcrumbList","@id":"https:\/\/coelectrix.com\/pt-pt\/produto\/terminal-para-bateria-reforcada#breadcrumb","itemListElement":[{"@type":"ListItem","position":1,"name":"Portada","item":"https:\/\/coelectrix.com\/"},{"@type":"ListItem","position":2,"name":"Loja","item":"https:\/\/coelectrix.com\/pt-pt\/loja"},{"@type":"ListItem","position":3,"name":"Terminal para terminal de bateria M10 refor\u00e7ado"}]},{"@type":"WebSite","@id":"https:\/\/coelectrix.com\/pt-pt\/#website","url":"https:\/\/coelectrix.com\/pt-pt\/","name":"Coelectrix","description":"Componentes el\u00e9ctricos","publisher":{"@id":"https:\/\/coelectrix.com\/pt-pt\/#organization"},"potentialAction":[{"@type":"SearchAction","target":{"@type":"EntryPoint","urlTemplate":"https:\/\/coelectrix.com\/pt-pt\/?s={search_term_string}"},"query-input":{"@type":"PropertyValueSpecification","valueRequired":true,"valueName":"search_term_string"}}],"inLanguage":"pt-PT"},{"@type":"Organization","@id":"https:\/\/coelectrix.com\/pt-pt\/#organization","name":"coelectrix.com","url":"https:\/\/coelectrix.com\/pt-pt\/","logo":{"@type":"ImageObject","inLanguage":"pt-PT","@id":"https:\/\/coelectrix.com\/pt-pt\/#\/schema\/logo\/image\/","url":"https:\/\/coelectrix.com\/wp-content\/uploads\/2018\/05\/logo-coelectrix-400x400.jpg","contentUrl":"https:\/\/coelectrix.com\/wp-content\/uploads\/2018\/05\/logo-coelectrix-400x400.jpg","width":300,"height":300,"caption":"coelectrix.com"},"image":{"@id":"https:\/\/coelectrix.com\/pt-pt\/#\/schema\/logo\/image\/"}}]}},"_links":{"self":[{"href":"https:\/\/coelectrix.com\/pt-pt\/wp-json\/wp\/v2\/product\/76426","targetHints":{"allow":["GET"]}}],"collection":[{"href":"https:\/\/coelectrix.com\/pt-pt\/wp-json\/wp\/v2\/product"}],"about":[{"href":"https:\/\/coelectrix.com\/pt-pt\/wp-json\/wp\/v2\/types\/product"}],"version-history":[{"count":1,"href":"https:\/\/coelectrix.com\/pt-pt\/wp-json\/wp\/v2\/product\/76426\/revisions"}],"predecessor-version":[{"id":76817,"href":"https:\/\/coelectrix.com\/pt-pt\/wp-json\/wp\/v2\/product\/76426\/revisions\/76817"}],"wp:featuredmedia":[{"embeddable":true,"href":"https:\/\/coelectrix.com\/pt-pt\/wp-json\/wp\/v2\/media\/73167"}],"wp:attachment":[{"href":"https:\/\/coelectrix.com\/pt-pt\/wp-json\/wp\/v2\/media?parent=76426"}],"wp:term":[{"taxonomy":"product_brand","embeddable":true,"href":"https:\/\/coelectrix.com\/pt-pt\/wp-json\/wp\/v2\/product_brand?post=76426"},{"taxonomy":"product_cat","embeddable":true,"href":"https:\/\/coelectrix.com\/pt-pt\/wp-json\/wp\/v2\/product_cat?post=76426"},{"taxonomy":"product_tag","embeddable":true,"href":"https:\/\/coelectrix.com\/pt-pt\/wp-json\/wp\/v2\/product_tag?post=76426"}],"curies":[{"name":"wp","href":"https:\/\/api.w.org\/{rel}","templated":true}]}}