{"id":76450,"date":"2017-10-12T08:58:45","date_gmt":"2017-10-12T06:58:45","guid":{"rendered":"https:\/\/coelectrix.com\/producto\/emenda-isolada-3-tamanhos"},"modified":"2025-08-19T06:05:22","modified_gmt":"2025-08-19T04:05:22","slug":"emenda-isolada-3-tamanhos","status":"publish","type":"product","link":"https:\/\/coelectrix.com\/pt-pt\/produto\/emenda-isolada-3-medidas","title":{"rendered":"Emenda isolada 3 tamanhos"},"content":{"rendered":"<h2><strong>Comprar terminais de emenda isolados ou mangas de emenda el\u00e9ctrica<\/strong><\/h2>\n<p>Terminais de emenda isolados ou mangas <strong>de emenda el\u00e9ctrica<\/strong> em cobre com material isolante NYLON. Fabricadas com entrada de cabo f\u00e1cil. Perfeito para cabos el\u00e9ctricos de cobre flex\u00edveis.<\/p>\n","protected":false},"excerpt":{"rendered":"<p><span style=\"font-family: helvetica, arial, sans-serif;\">Emenda isolada para unir cabos por crava\u00e7\u00e3o sob press\u00e3o.<\/span><\/p>\n<p><span style=\"font-family: helvetica, arial, sans-serif;\">Dispon\u00edvel em 3 tamanhos diferenciados por cor.<\/span><\/p>\n<ul>\n<li><span style=\"font-family: helvetica, arial, sans-serif;\">Cor amarela para cabos de 2,5 a 6mm2.<\/span><\/li>\n<li><span style=\"font-family: helvetica, arial, sans-serif;\">Cor azul para cabos de 1 a 2,5mm2.<\/span><\/li>\n<li><span style=\"font-family: helvetica, arial, sans-serif;\">Cor vermelha para cabos de 0,5 a 1,5mm2.<\/span><\/li>\n<li><span style=\"font-family: helvetica, arial, sans-serif;\">Pre\u00e7o para 10, 25 ou 100 unidades.<\/span><\/li>\n<\/ul>\n","protected":false},"featured_media":72669,"template":"","meta":{"_acf_changed":false},"product_brand":[],"product_cat":[1393,1328,1396],"product_tag":[],"class_list":{"0":"post-76450","1":"product","2":"type-product","3":"status-publish","4":"has-post-thumbnail","6":"product_cat-terminais","7":"product_cat-terminais-de-emenda","8":"product_cat-terminais-isolados","10":"first","11":"instock","12":"taxable","13":"shipping-taxable","14":"purchasable","15":"product-type-variable"},"acf":[],"yoast_head":"<!-- This site is optimized with the Yoast SEO plugin v27.2 - https:\/\/yoast.com\/product\/yoast-seo-wordpress\/ -->\n<title>\u25b7 Emenda Isolada 3 Tamanhos |% Coelectrix.com<\/title>\n<meta name=\"description\" content=\"Comprar manga de emenda el\u00e9ctrica | Envio em 24\/48 horas | A principal loja online de eletr\u00f3nica autom\u00f3vel \u27a4 Melhor pre\u00e7o online.\" \/>\n<meta name=\"robots\" content=\"index, follow, max-snippet:-1, max-image-preview:large, max-video-preview:-1\" \/>\n<link rel=\"canonical\" href=\"https:\/\/coelectrix.com\/pt-pt\/produto\/emenda-isolada-3-medidas\" \/>\n<meta property=\"og:locale\" content=\"pt_PT\" \/>\n<meta property=\"og:type\" content=\"article\" \/>\n<meta property=\"og:title\" content=\"\u25b7 Emenda Isolada 3 Tamanhos |% Coelectrix.com\" \/>\n<meta property=\"og:description\" content=\"Comprar manga de emenda el\u00e9ctrica | Envio em 24\/48 horas | A principal loja online de eletr\u00f3nica autom\u00f3vel \u27a4 Melhor pre\u00e7o online.\" \/>\n<meta property=\"og:url\" content=\"https:\/\/coelectrix.com\/pt-pt\/produto\/emenda-isolada-3-medidas\" \/>\n<meta property=\"og:site_name\" content=\"Coelectrix\" \/>\n<meta property=\"article:modified_time\" content=\"2025-08-19T04:05:22+00:00\" \/>\n<meta property=\"og:image\" content=\"https:\/\/coelectrix.com\/wp-content\/uploads\/2017\/10\/terminal-empalme-aislado.jpg\" \/>\n\t<meta property=\"og:image:width\" content=\"300\" \/>\n\t<meta property=\"og:image:height\" content=\"300\" \/>\n\t<meta property=\"og:image:type\" content=\"image\/jpeg\" \/>\n<meta name=\"twitter:card\" content=\"summary_large_image\" \/>\n<script type=\"application\/ld+json\" class=\"yoast-schema-graph\">{\"@context\":\"https:\/\/schema.org\",\"@graph\":[{\"@type\":\"WebPage\",\"@id\":\"https:\/\/coelectrix.com\/pt-pt\/produto\/emenda-isolada-3-medidas\",\"url\":\"https:\/\/coelectrix.com\/pt-pt\/produto\/emenda-isolada-3-medidas\",\"name\":\"\u25b7 Emenda Isolada 3 Tamanhos |% Coelectrix.com\",\"isPartOf\":{\"@id\":\"https:\/\/coelectrix.com\/pt-pt\/#website\"},\"primaryImageOfPage\":{\"@id\":\"https:\/\/coelectrix.com\/pt-pt\/produto\/emenda-isolada-3-medidas#primaryimage\"},\"image\":{\"@id\":\"https:\/\/coelectrix.com\/pt-pt\/produto\/emenda-isolada-3-medidas#primaryimage\"},\"thumbnailUrl\":\"https:\/\/coelectrix.com\/wp-content\/uploads\/2017\/10\/terminal-empalme-aislado.jpg\",\"datePublished\":\"2017-10-12T06:58:45+00:00\",\"dateModified\":\"2025-08-19T04:05:22+00:00\",\"description\":\"Comprar manga de emenda el\u00e9ctrica | Envio em 24\/48 horas | A principal loja online de eletr\u00f3nica autom\u00f3vel \u27a4 Melhor pre\u00e7o online.\",\"breadcrumb\":{\"@id\":\"https:\/\/coelectrix.com\/pt-pt\/produto\/emenda-isolada-3-medidas#breadcrumb\"},\"inLanguage\":\"pt-PT\",\"potentialAction\":[{\"@type\":\"ReadAction\",\"target\":[\"https:\/\/coelectrix.com\/pt-pt\/produto\/emenda-isolada-3-medidas\"]}]},{\"@type\":\"ImageObject\",\"inLanguage\":\"pt-PT\",\"@id\":\"https:\/\/coelectrix.com\/pt-pt\/produto\/emenda-isolada-3-medidas#primaryimage\",\"url\":\"https:\/\/coelectrix.com\/wp-content\/uploads\/2017\/10\/terminal-empalme-aislado.jpg\",\"contentUrl\":\"https:\/\/coelectrix.com\/wp-content\/uploads\/2017\/10\/terminal-empalme-aislado.jpg\",\"width\":300,\"height\":300,\"caption\":\"junta isolada\"},{\"@type\":\"BreadcrumbList\",\"@id\":\"https:\/\/coelectrix.com\/pt-pt\/produto\/emenda-isolada-3-medidas#breadcrumb\",\"itemListElement\":[{\"@type\":\"ListItem\",\"position\":1,\"name\":\"Portada\",\"item\":\"https:\/\/coelectrix.com\/\"},{\"@type\":\"ListItem\",\"position\":2,\"name\":\"Loja\",\"item\":\"https:\/\/coelectrix.com\/pt-pt\/loja\"},{\"@type\":\"ListItem\",\"position\":3,\"name\":\"Emenda isolada 3 tamanhos\"}]},{\"@type\":\"WebSite\",\"@id\":\"https:\/\/coelectrix.com\/pt-pt\/#website\",\"url\":\"https:\/\/coelectrix.com\/pt-pt\/\",\"name\":\"Coelectrix\",\"description\":\"Componentes el\u00e9ctricos\",\"publisher\":{\"@id\":\"https:\/\/coelectrix.com\/pt-pt\/#organization\"},\"potentialAction\":[{\"@type\":\"SearchAction\",\"target\":{\"@type\":\"EntryPoint\",\"urlTemplate\":\"https:\/\/coelectrix.com\/pt-pt\/?s={search_term_string}\"},\"query-input\":{\"@type\":\"PropertyValueSpecification\",\"valueRequired\":true,\"valueName\":\"search_term_string\"}}],\"inLanguage\":\"pt-PT\"},{\"@type\":\"Organization\",\"@id\":\"https:\/\/coelectrix.com\/pt-pt\/#organization\",\"name\":\"coelectrix.com\",\"url\":\"https:\/\/coelectrix.com\/pt-pt\/\",\"logo\":{\"@type\":\"ImageObject\",\"inLanguage\":\"pt-PT\",\"@id\":\"https:\/\/coelectrix.com\/pt-pt\/#\/schema\/logo\/image\/\",\"url\":\"https:\/\/coelectrix.com\/wp-content\/uploads\/2018\/05\/logo-coelectrix-400x400.jpg\",\"contentUrl\":\"https:\/\/coelectrix.com\/wp-content\/uploads\/2018\/05\/logo-coelectrix-400x400.jpg\",\"width\":300,\"height\":300,\"caption\":\"coelectrix.com\"},\"image\":{\"@id\":\"https:\/\/coelectrix.com\/pt-pt\/#\/schema\/logo\/image\/\"}}]}<\/script>\n<!-- \/ Yoast SEO plugin. -->","yoast_head_json":{"title":"\u25b7 Emenda Isolada 3 Tamanhos |% Coelectrix.com","description":"Comprar manga de emenda el\u00e9ctrica | Envio em 24\/48 horas | A principal loja online de eletr\u00f3nica autom\u00f3vel \u27a4 Melhor pre\u00e7o online.","robots":{"index":"index","follow":"follow","max-snippet":"max-snippet:-1","max-image-preview":"max-image-preview:large","max-video-preview":"max-video-preview:-1"},"canonical":"https:\/\/coelectrix.com\/pt-pt\/produto\/emenda-isolada-3-medidas","og_locale":"pt_PT","og_type":"article","og_title":"\u25b7 Emenda Isolada 3 Tamanhos |% Coelectrix.com","og_description":"Comprar manga de emenda el\u00e9ctrica | Envio em 24\/48 horas | A principal loja online de eletr\u00f3nica autom\u00f3vel \u27a4 Melhor pre\u00e7o online.","og_url":"https:\/\/coelectrix.com\/pt-pt\/produto\/emenda-isolada-3-medidas","og_site_name":"Coelectrix","article_modified_time":"2025-08-19T04:05:22+00:00","og_image":[{"width":300,"height":300,"url":"https:\/\/coelectrix.com\/wp-content\/uploads\/2017\/10\/terminal-empalme-aislado.jpg","type":"image\/jpeg"}],"twitter_card":"summary_large_image","schema":{"@context":"https:\/\/schema.org","@graph":[{"@type":"WebPage","@id":"https:\/\/coelectrix.com\/pt-pt\/produto\/emenda-isolada-3-medidas","url":"https:\/\/coelectrix.com\/pt-pt\/produto\/emenda-isolada-3-medidas","name":"\u25b7 Emenda Isolada 3 Tamanhos |% Coelectrix.com","isPartOf":{"@id":"https:\/\/coelectrix.com\/pt-pt\/#website"},"primaryImageOfPage":{"@id":"https:\/\/coelectrix.com\/pt-pt\/produto\/emenda-isolada-3-medidas#primaryimage"},"image":{"@id":"https:\/\/coelectrix.com\/pt-pt\/produto\/emenda-isolada-3-medidas#primaryimage"},"thumbnailUrl":"https:\/\/coelectrix.com\/wp-content\/uploads\/2017\/10\/terminal-empalme-aislado.jpg","datePublished":"2017-10-12T06:58:45+00:00","dateModified":"2025-08-19T04:05:22+00:00","description":"Comprar manga de emenda el\u00e9ctrica | Envio em 24\/48 horas | A principal loja online de eletr\u00f3nica autom\u00f3vel \u27a4 Melhor pre\u00e7o online.","breadcrumb":{"@id":"https:\/\/coelectrix.com\/pt-pt\/produto\/emenda-isolada-3-medidas#breadcrumb"},"inLanguage":"pt-PT","potentialAction":[{"@type":"ReadAction","target":["https:\/\/coelectrix.com\/pt-pt\/produto\/emenda-isolada-3-medidas"]}]},{"@type":"ImageObject","inLanguage":"pt-PT","@id":"https:\/\/coelectrix.com\/pt-pt\/produto\/emenda-isolada-3-medidas#primaryimage","url":"https:\/\/coelectrix.com\/wp-content\/uploads\/2017\/10\/terminal-empalme-aislado.jpg","contentUrl":"https:\/\/coelectrix.com\/wp-content\/uploads\/2017\/10\/terminal-empalme-aislado.jpg","width":300,"height":300,"caption":"junta isolada"},{"@type":"BreadcrumbList","@id":"https:\/\/coelectrix.com\/pt-pt\/produto\/emenda-isolada-3-medidas#breadcrumb","itemListElement":[{"@type":"ListItem","position":1,"name":"Portada","item":"https:\/\/coelectrix.com\/"},{"@type":"ListItem","position":2,"name":"Loja","item":"https:\/\/coelectrix.com\/pt-pt\/loja"},{"@type":"ListItem","position":3,"name":"Emenda isolada 3 tamanhos"}]},{"@type":"WebSite","@id":"https:\/\/coelectrix.com\/pt-pt\/#website","url":"https:\/\/coelectrix.com\/pt-pt\/","name":"Coelectrix","description":"Componentes el\u00e9ctricos","publisher":{"@id":"https:\/\/coelectrix.com\/pt-pt\/#organization"},"potentialAction":[{"@type":"SearchAction","target":{"@type":"EntryPoint","urlTemplate":"https:\/\/coelectrix.com\/pt-pt\/?s={search_term_string}"},"query-input":{"@type":"PropertyValueSpecification","valueRequired":true,"valueName":"search_term_string"}}],"inLanguage":"pt-PT"},{"@type":"Organization","@id":"https:\/\/coelectrix.com\/pt-pt\/#organization","name":"coelectrix.com","url":"https:\/\/coelectrix.com\/pt-pt\/","logo":{"@type":"ImageObject","inLanguage":"pt-PT","@id":"https:\/\/coelectrix.com\/pt-pt\/#\/schema\/logo\/image\/","url":"https:\/\/coelectrix.com\/wp-content\/uploads\/2018\/05\/logo-coelectrix-400x400.jpg","contentUrl":"https:\/\/coelectrix.com\/wp-content\/uploads\/2018\/05\/logo-coelectrix-400x400.jpg","width":300,"height":300,"caption":"coelectrix.com"},"image":{"@id":"https:\/\/coelectrix.com\/pt-pt\/#\/schema\/logo\/image\/"}}]}},"_links":{"self":[{"href":"https:\/\/coelectrix.com\/pt-pt\/wp-json\/wp\/v2\/product\/76450","targetHints":{"allow":["GET"]}}],"collection":[{"href":"https:\/\/coelectrix.com\/pt-pt\/wp-json\/wp\/v2\/product"}],"about":[{"href":"https:\/\/coelectrix.com\/pt-pt\/wp-json\/wp\/v2\/types\/product"}],"version-history":[{"count":1,"href":"https:\/\/coelectrix.com\/pt-pt\/wp-json\/wp\/v2\/product\/76450\/revisions"}],"predecessor-version":[{"id":76869,"href":"https:\/\/coelectrix.com\/pt-pt\/wp-json\/wp\/v2\/product\/76450\/revisions\/76869"}],"wp:featuredmedia":[{"embeddable":true,"href":"https:\/\/coelectrix.com\/pt-pt\/wp-json\/wp\/v2\/media\/72669"}],"wp:attachment":[{"href":"https:\/\/coelectrix.com\/pt-pt\/wp-json\/wp\/v2\/media?parent=76450"}],"wp:term":[{"taxonomy":"product_brand","embeddable":true,"href":"https:\/\/coelectrix.com\/pt-pt\/wp-json\/wp\/v2\/product_brand?post=76450"},{"taxonomy":"product_cat","embeddable":true,"href":"https:\/\/coelectrix.com\/pt-pt\/wp-json\/wp\/v2\/product_cat?post=76450"},{"taxonomy":"product_tag","embeddable":true,"href":"https:\/\/coelectrix.com\/pt-pt\/wp-json\/wp\/v2\/product_tag?post=76450"}],"curies":[{"name":"wp","href":"https:\/\/api.w.org\/{rel}","templated":true}]}}