{"id":76460,"date":"2017-09-26T18:57:38","date_gmt":"2017-09-26T16:57:38","guid":{"rendered":"https:\/\/coelectrix.com\/producto\/terminal-faston-macho-isolado-de-63-mm"},"modified":"2025-08-19T06:05:22","modified_gmt":"2025-08-19T04:05:22","slug":"terminal-faston-macho-isolado-de-63-mm","status":"publish","type":"product","link":"https:\/\/coelectrix.com\/pt-pt\/produto\/terminal-faston-male-insulated-terminal","title":{"rendered":"Terminal Faston macho isolado de 6,3 mm"},"content":{"rendered":"<h2>Comprar Terminal Faston Macho Isolado<\/h2>\n<p><span data-offset-key=\"fptbb-48-0\">Os terminais<\/span><span data-offset-key=\"fptbb-50-0\">Faston<\/span><span data-offset-key=\"fptbb-53-0\">isolados<\/span><span data-offset-key=\"fptbb-55-0\">s\u00e3o<\/span><span data-offset-key=\"fptbb-58-0\">concebidos<\/span><span data-offset-key=\"fptbb-62-0\">para<\/span><strong> total seguran\u00e7a e prote\u00e7\u00e3o<\/strong><span data-offset-key=\"fptbb-71-0\">.<\/span><strong>S\u00e3o revestidos a PVC<\/strong><span data-offset-key=\"fptbb-80-0\"> para<\/span><span data-offset-key=\"fptbb-83-0\">isolar<\/span><span data-offset-key=\"fptbb-84-0\"> o<\/span><span data-offset-key=\"fptbb-85-0\"> terminal<\/span><span data-offset-key=\"fptbb-86-0\"> de<\/span><span data-offset-key=\"fptbb-88-0\">potenciais<\/span><span data-offset-key=\"fptbb-90-0\">contactos<\/span><span data-offset-key=\"fptbb-91-0\"> e<\/span><span data-offset-key=\"fptbb-97-0\">garantir uma<\/span><span data-offset-key=\"fptbb-101-0\">liga\u00e7\u00e3o<\/span><span data-offset-key=\"fptbb-104-0\">segura<\/span><span data-offset-key=\"fptbb-105-0\">.<\/span><span data-offset-key=\"fptbb-107-0\">Estes<\/span><span data-offset-key=\"fptbb-109-0\">terminais<\/span><span data-offset-key=\"fptbb-114-0\">oferecem<\/span><span data-offset-key=\"fptbb-116-0\">uma excelente<\/span><span data-offset-key=\"fptbb-118-0\">resist\u00eancia<\/span><span data-offset-key=\"fptbb-122-0\">el\u00e9ctrica<\/span><span data-offset-key=\"fptbb-123-0\"> e<\/span><span data-offset-key=\"fptbb-131-0\"> mant\u00eam<\/span><span data-offset-key=\"fptbb-130-0\">a seguran\u00e7a<\/span><span data-offset-key=\"fptbb-134-0\">do circuito<\/span><span data-offset-key=\"fptbb-135-0\">.<\/span><\/p>\n<p><span data-offset-key=\"7uhih-97-0\">Com<\/span><span data-offset-key=\"7uhih-98-0\"> um<\/span><strong> design<\/strong><span data-offset-key=\"7uhih-103-0\"> resistente \u00e0s<\/span><span data-offset-key=\"7uhih-106-0\">intemp\u00e9ries<\/span><span data-offset-key=\"7uhih-107-0\">,<\/span><span data-offset-key=\"7uhih-109-0\">estes<\/span><span data-offset-key=\"7uhih-111-0\">terminais<\/span><span data-offset-key=\"7uhih-112-0\"> s\u00e3o<\/span><span data-offset-key=\"7uhih-114-0\">capazes<\/span><span data-offset-key=\"7uhih-115-0\"> de<\/span><span data-offset-key=\"7uhih-117-0\">suportar<\/span><span data-offset-key=\"7uhih-122-0\">temperaturas<\/span><span data-offset-key=\"7uhih-119-0\">elevadas<\/span><span data-offset-key=\"7uhih-123-0\">,<\/span><span data-offset-key=\"7uhih-126-0\">humidade<\/span><span data-offset-key=\"7uhih-127-0\"> e<\/span><span data-offset-key=\"7uhih-130-0\">vibra\u00e7\u00e3o<\/span><span data-offset-key=\"7uhih-131-0\">, o que<\/span><span data-offset-key=\"7uhih-136-0\">os torna<\/span><span data-offset-key=\"7uhih-138-0\">perfeitos<\/span><span data-offset-key=\"7uhih-139-0\"> para<\/span><span data-offset-key=\"7uhih-142-0\">situa\u00e7\u00f5es<\/span><span data-offset-key=\"7uhih-144-0\">em que<\/span><span data-offset-key=\"7uhih-153-0\"> n\u00e3o podem<\/span><span data-offset-key=\"7uhih-157-0\"> ser<\/span><span data-offset-key=\"7uhih-159-0\">utilizados<\/span><span data-offset-key=\"7uhih-146-0\">outros<\/span><span data-offset-key=\"7uhih-148-0\">tipos<\/span><span data-offset-key=\"7uhih-146-0\"><\/span><span data-offset-key=\"7uhih-149-0\"> de<\/span><span data-offset-key=\"7uhih-152-0\">conectores<\/span><span data-offset-key=\"7uhih-160-0\">. Estes terminais tamb\u00e9m oferecem uma liga\u00e7\u00e3o segura que pode ser utilizada em muitas aplica\u00e7\u00f5es, tais como sistemas de controlo de motores, controlo de sinais de \u00e1udio e v\u00eddeo, controlo de sistemas de ilumina\u00e7\u00e3o, liga\u00e7\u00e3o de sistemas de alarme e muito mais.<\/span><\/p>\n","protected":false},"excerpt":{"rendered":"<p><span style=\"font-family: helvetica, arial, sans-serif;\">Terminais isolados Faston revestidos a PVC<\/span><\/p>\n<p><span style=\"font-family: helvetica, arial, sans-serif;\">Pode escolher entre os 3 tamanhos dispon\u00edveis:<\/span><\/p>\n<ul>\n<li><span style=\"font-family: helvetica, arial, sans-serif;\"><strong>Vermelho<\/strong>: Para cabos de 0,5 a 1,5 mm2 de sec\u00e7\u00e3o transversal<\/span><\/li>\n<li><span style=\"font-family: helvetica, arial, sans-serif;\"><strong>Azul<\/strong>: Para cabos de 1 a 2,5mm2 de sec\u00e7\u00e3o transversal<\/span><\/li>\n<li><span style=\"font-family: helvetica, arial, sans-serif;\"><strong>Amarelo<\/strong>: Para cabos de 2,5 a 6mm2 de sec\u00e7\u00e3o transversal<\/span><\/li>\n<\/ul>\n<p><span style=\"font-family: helvetica, arial, sans-serif;\">Pre\u00e7os para 10, 50 e 100 unidades.<\/span><\/p>\n<p><img decoding=\"async\" class=\"alignnone size-full wp-image-715\" src=\"https:\/\/www.coelectrix.com\/wp-content\/uploads\/2016\/09\/payment-logo-1.png\" alt=\"\" width=\"245\" height=\"62\" srcset=\"https:\/\/coelectrix.com\/wp-content\/uploads\/2016\/09\/payment-logo-1.png 245w, https:\/\/coelectrix.com\/wp-content\/uploads\/2016\/09\/payment-logo-1-64x16.png 64w\" sizes=\"(max-width: 245px) 100vw, 245px\" \/><\/p>\n","protected":false},"featured_media":73605,"template":"","meta":{"_acf_changed":false},"product_brand":[],"product_cat":[1393,1396],"product_tag":[],"class_list":{"0":"post-76460","1":"product","2":"type-product","3":"status-publish","4":"has-post-thumbnail","6":"product_cat-terminais","7":"product_cat-terminais-isolados","9":"first","10":"instock","11":"taxable","12":"shipping-taxable","13":"purchasable","14":"product-type-variable"},"acf":[],"yoast_head":"<!-- This site is optimized with the Yoast SEO plugin v27.2 - https:\/\/yoast.com\/product\/yoast-seo-wordpress\/ -->\n<title>\u25b7 Terminal Faston Macho Isolado - 3 tamanhos | Coelectrix.com<\/title>\n<meta name=\"description\" content=\"Terminal faston macho isolado para cabos de 0,5 a 6 mm ao melhor pre\u00e7o online | Dispon\u00edvel em 3 tamanhos \u27a4 Envio 24\/48.\" \/>\n<meta name=\"robots\" content=\"index, follow, max-snippet:-1, max-image-preview:large, max-video-preview:-1\" \/>\n<link rel=\"canonical\" href=\"https:\/\/coelectrix.com\/pt-pt\/produto\/terminal-faston-male-insulated-terminal\" \/>\n<meta property=\"og:locale\" content=\"pt_PT\" \/>\n<meta property=\"og:type\" content=\"article\" \/>\n<meta property=\"og:title\" content=\"\u25b7 Terminal Faston Macho Isolado - 3 tamanhos | Coelectrix.com\" \/>\n<meta property=\"og:description\" content=\"Terminal faston macho isolado para cabos de 0,5 a 6 mm ao melhor pre\u00e7o online | Dispon\u00edvel em 3 tamanhos \u27a4 Envio 24\/48.\" \/>\n<meta property=\"og:url\" content=\"https:\/\/coelectrix.com\/pt-pt\/produto\/terminal-faston-male-insulated-terminal\" \/>\n<meta property=\"og:site_name\" content=\"Coelectrix\" \/>\n<meta property=\"article:modified_time\" content=\"2025-08-19T04:05:22+00:00\" \/>\n<meta property=\"og:image\" content=\"https:\/\/coelectrix.com\/wp-content\/uploads\/2017\/09\/terminal-faston-macho-aislado-63.jpg\" \/>\n\t<meta property=\"og:image:width\" content=\"800\" \/>\n\t<meta property=\"og:image:height\" content=\"600\" \/>\n\t<meta property=\"og:image:type\" content=\"image\/jpeg\" \/>\n<meta name=\"twitter:card\" content=\"summary_large_image\" \/>\n<meta name=\"twitter:label1\" content=\"Tempo estimado de leitura\" \/>\n\t<meta name=\"twitter:data1\" content=\"1 minuto\" \/>\n<script type=\"application\/ld+json\" class=\"yoast-schema-graph\">{\"@context\":\"https:\/\/schema.org\",\"@graph\":[{\"@type\":\"WebPage\",\"@id\":\"https:\/\/coelectrix.com\/pt-pt\/produto\/terminal-faston-male-insulated-terminal\",\"url\":\"https:\/\/coelectrix.com\/pt-pt\/produto\/terminal-faston-male-insulated-terminal\",\"name\":\"\u25b7 Terminal Faston Macho Isolado - 3 tamanhos | Coelectrix.com\",\"isPartOf\":{\"@id\":\"https:\/\/coelectrix.com\/pt-pt\/#website\"},\"primaryImageOfPage\":{\"@id\":\"https:\/\/coelectrix.com\/pt-pt\/produto\/terminal-faston-male-insulated-terminal#primaryimage\"},\"image\":{\"@id\":\"https:\/\/coelectrix.com\/pt-pt\/produto\/terminal-faston-male-insulated-terminal#primaryimage\"},\"thumbnailUrl\":\"https:\/\/coelectrix.com\/wp-content\/uploads\/2017\/09\/terminal-faston-macho-aislado-63.jpg\",\"datePublished\":\"2017-09-26T16:57:38+00:00\",\"dateModified\":\"2025-08-19T04:05:22+00:00\",\"description\":\"Terminal faston macho isolado para cabos de 0,5 a 6 mm ao melhor pre\u00e7o online | Dispon\u00edvel em 3 tamanhos \u27a4 Envio 24\/48.\",\"breadcrumb\":{\"@id\":\"https:\/\/coelectrix.com\/pt-pt\/produto\/terminal-faston-male-insulated-terminal#breadcrumb\"},\"inLanguage\":\"pt-PT\",\"potentialAction\":[{\"@type\":\"ReadAction\",\"target\":[\"https:\/\/coelectrix.com\/pt-pt\/produto\/terminal-faston-male-insulated-terminal\"]}]},{\"@type\":\"ImageObject\",\"inLanguage\":\"pt-PT\",\"@id\":\"https:\/\/coelectrix.com\/pt-pt\/produto\/terminal-faston-male-insulated-terminal#primaryimage\",\"url\":\"https:\/\/coelectrix.com\/wp-content\/uploads\/2017\/09\/terminal-faston-macho-aislado-63.jpg\",\"contentUrl\":\"https:\/\/coelectrix.com\/wp-content\/uploads\/2017\/09\/terminal-faston-macho-aislado-63.jpg\",\"width\":800,\"height\":600,\"caption\":\"comprar terminal faston macho isolado\"},{\"@type\":\"BreadcrumbList\",\"@id\":\"https:\/\/coelectrix.com\/pt-pt\/produto\/terminal-faston-male-insulated-terminal#breadcrumb\",\"itemListElement\":[{\"@type\":\"ListItem\",\"position\":1,\"name\":\"Portada\",\"item\":\"https:\/\/coelectrix.com\/\"},{\"@type\":\"ListItem\",\"position\":2,\"name\":\"Loja\",\"item\":\"https:\/\/coelectrix.com\/pt-pt\/loja\"},{\"@type\":\"ListItem\",\"position\":3,\"name\":\"Terminal Faston macho isolado de 6,3 mm\"}]},{\"@type\":\"WebSite\",\"@id\":\"https:\/\/coelectrix.com\/pt-pt\/#website\",\"url\":\"https:\/\/coelectrix.com\/pt-pt\/\",\"name\":\"Coelectrix\",\"description\":\"Componentes el\u00e9ctricos\",\"publisher\":{\"@id\":\"https:\/\/coelectrix.com\/pt-pt\/#organization\"},\"potentialAction\":[{\"@type\":\"SearchAction\",\"target\":{\"@type\":\"EntryPoint\",\"urlTemplate\":\"https:\/\/coelectrix.com\/pt-pt\/?s={search_term_string}\"},\"query-input\":{\"@type\":\"PropertyValueSpecification\",\"valueRequired\":true,\"valueName\":\"search_term_string\"}}],\"inLanguage\":\"pt-PT\"},{\"@type\":\"Organization\",\"@id\":\"https:\/\/coelectrix.com\/pt-pt\/#organization\",\"name\":\"coelectrix.com\",\"url\":\"https:\/\/coelectrix.com\/pt-pt\/\",\"logo\":{\"@type\":\"ImageObject\",\"inLanguage\":\"pt-PT\",\"@id\":\"https:\/\/coelectrix.com\/pt-pt\/#\/schema\/logo\/image\/\",\"url\":\"https:\/\/coelectrix.com\/wp-content\/uploads\/2018\/05\/logo-coelectrix-400x400.jpg\",\"contentUrl\":\"https:\/\/coelectrix.com\/wp-content\/uploads\/2018\/05\/logo-coelectrix-400x400.jpg\",\"width\":300,\"height\":300,\"caption\":\"coelectrix.com\"},\"image\":{\"@id\":\"https:\/\/coelectrix.com\/pt-pt\/#\/schema\/logo\/image\/\"}}]}<\/script>\n<!-- \/ Yoast SEO plugin. -->","yoast_head_json":{"title":"\u25b7 Terminal Faston Macho Isolado - 3 tamanhos | Coelectrix.com","description":"Terminal faston macho isolado para cabos de 0,5 a 6 mm ao melhor pre\u00e7o online | Dispon\u00edvel em 3 tamanhos \u27a4 Envio 24\/48.","robots":{"index":"index","follow":"follow","max-snippet":"max-snippet:-1","max-image-preview":"max-image-preview:large","max-video-preview":"max-video-preview:-1"},"canonical":"https:\/\/coelectrix.com\/pt-pt\/produto\/terminal-faston-male-insulated-terminal","og_locale":"pt_PT","og_type":"article","og_title":"\u25b7 Terminal Faston Macho Isolado - 3 tamanhos | Coelectrix.com","og_description":"Terminal faston macho isolado para cabos de 0,5 a 6 mm ao melhor pre\u00e7o online | Dispon\u00edvel em 3 tamanhos \u27a4 Envio 24\/48.","og_url":"https:\/\/coelectrix.com\/pt-pt\/produto\/terminal-faston-male-insulated-terminal","og_site_name":"Coelectrix","article_modified_time":"2025-08-19T04:05:22+00:00","og_image":[{"width":800,"height":600,"url":"https:\/\/coelectrix.com\/wp-content\/uploads\/2017\/09\/terminal-faston-macho-aislado-63.jpg","type":"image\/jpeg"}],"twitter_card":"summary_large_image","twitter_misc":{"Tempo estimado de leitura":"1 minuto"},"schema":{"@context":"https:\/\/schema.org","@graph":[{"@type":"WebPage","@id":"https:\/\/coelectrix.com\/pt-pt\/produto\/terminal-faston-male-insulated-terminal","url":"https:\/\/coelectrix.com\/pt-pt\/produto\/terminal-faston-male-insulated-terminal","name":"\u25b7 Terminal Faston Macho Isolado - 3 tamanhos | Coelectrix.com","isPartOf":{"@id":"https:\/\/coelectrix.com\/pt-pt\/#website"},"primaryImageOfPage":{"@id":"https:\/\/coelectrix.com\/pt-pt\/produto\/terminal-faston-male-insulated-terminal#primaryimage"},"image":{"@id":"https:\/\/coelectrix.com\/pt-pt\/produto\/terminal-faston-male-insulated-terminal#primaryimage"},"thumbnailUrl":"https:\/\/coelectrix.com\/wp-content\/uploads\/2017\/09\/terminal-faston-macho-aislado-63.jpg","datePublished":"2017-09-26T16:57:38+00:00","dateModified":"2025-08-19T04:05:22+00:00","description":"Terminal faston macho isolado para cabos de 0,5 a 6 mm ao melhor pre\u00e7o online | Dispon\u00edvel em 3 tamanhos \u27a4 Envio 24\/48.","breadcrumb":{"@id":"https:\/\/coelectrix.com\/pt-pt\/produto\/terminal-faston-male-insulated-terminal#breadcrumb"},"inLanguage":"pt-PT","potentialAction":[{"@type":"ReadAction","target":["https:\/\/coelectrix.com\/pt-pt\/produto\/terminal-faston-male-insulated-terminal"]}]},{"@type":"ImageObject","inLanguage":"pt-PT","@id":"https:\/\/coelectrix.com\/pt-pt\/produto\/terminal-faston-male-insulated-terminal#primaryimage","url":"https:\/\/coelectrix.com\/wp-content\/uploads\/2017\/09\/terminal-faston-macho-aislado-63.jpg","contentUrl":"https:\/\/coelectrix.com\/wp-content\/uploads\/2017\/09\/terminal-faston-macho-aislado-63.jpg","width":800,"height":600,"caption":"comprar terminal faston macho isolado"},{"@type":"BreadcrumbList","@id":"https:\/\/coelectrix.com\/pt-pt\/produto\/terminal-faston-male-insulated-terminal#breadcrumb","itemListElement":[{"@type":"ListItem","position":1,"name":"Portada","item":"https:\/\/coelectrix.com\/"},{"@type":"ListItem","position":2,"name":"Loja","item":"https:\/\/coelectrix.com\/pt-pt\/loja"},{"@type":"ListItem","position":3,"name":"Terminal Faston macho isolado de 6,3 mm"}]},{"@type":"WebSite","@id":"https:\/\/coelectrix.com\/pt-pt\/#website","url":"https:\/\/coelectrix.com\/pt-pt\/","name":"Coelectrix","description":"Componentes el\u00e9ctricos","publisher":{"@id":"https:\/\/coelectrix.com\/pt-pt\/#organization"},"potentialAction":[{"@type":"SearchAction","target":{"@type":"EntryPoint","urlTemplate":"https:\/\/coelectrix.com\/pt-pt\/?s={search_term_string}"},"query-input":{"@type":"PropertyValueSpecification","valueRequired":true,"valueName":"search_term_string"}}],"inLanguage":"pt-PT"},{"@type":"Organization","@id":"https:\/\/coelectrix.com\/pt-pt\/#organization","name":"coelectrix.com","url":"https:\/\/coelectrix.com\/pt-pt\/","logo":{"@type":"ImageObject","inLanguage":"pt-PT","@id":"https:\/\/coelectrix.com\/pt-pt\/#\/schema\/logo\/image\/","url":"https:\/\/coelectrix.com\/wp-content\/uploads\/2018\/05\/logo-coelectrix-400x400.jpg","contentUrl":"https:\/\/coelectrix.com\/wp-content\/uploads\/2018\/05\/logo-coelectrix-400x400.jpg","width":300,"height":300,"caption":"coelectrix.com"},"image":{"@id":"https:\/\/coelectrix.com\/pt-pt\/#\/schema\/logo\/image\/"}}]}},"_links":{"self":[{"href":"https:\/\/coelectrix.com\/pt-pt\/wp-json\/wp\/v2\/product\/76460","targetHints":{"allow":["GET"]}}],"collection":[{"href":"https:\/\/coelectrix.com\/pt-pt\/wp-json\/wp\/v2\/product"}],"about":[{"href":"https:\/\/coelectrix.com\/pt-pt\/wp-json\/wp\/v2\/types\/product"}],"version-history":[{"count":1,"href":"https:\/\/coelectrix.com\/pt-pt\/wp-json\/wp\/v2\/product\/76460\/revisions"}],"predecessor-version":[{"id":76870,"href":"https:\/\/coelectrix.com\/pt-pt\/wp-json\/wp\/v2\/product\/76460\/revisions\/76870"}],"wp:featuredmedia":[{"embeddable":true,"href":"https:\/\/coelectrix.com\/pt-pt\/wp-json\/wp\/v2\/media\/73605"}],"wp:attachment":[{"href":"https:\/\/coelectrix.com\/pt-pt\/wp-json\/wp\/v2\/media?parent=76460"}],"wp:term":[{"taxonomy":"product_brand","embeddable":true,"href":"https:\/\/coelectrix.com\/pt-pt\/wp-json\/wp\/v2\/product_brand?post=76460"},{"taxonomy":"product_cat","embeddable":true,"href":"https:\/\/coelectrix.com\/pt-pt\/wp-json\/wp\/v2\/product_cat?post=76460"},{"taxonomy":"product_tag","embeddable":true,"href":"https:\/\/coelectrix.com\/pt-pt\/wp-json\/wp\/v2\/product_tag?post=76460"}],"curies":[{"name":"wp","href":"https:\/\/api.w.org\/{rel}","templated":true}]}}